{"id":56303,"date":"2026-04-15T10:13:22","date_gmt":"2026-04-15T08:13:22","guid":{"rendered":"https:\/\/ironsky.pl\/sklep\/produkt\/latarka-czolowa-superfire-hl23-220lm-usb-c-2\/"},"modified":"2026-04-15T10:13:33","modified_gmt":"2026-04-15T08:13:33","slug":"latarka-czolowa-superfire-hl23-220lm-usb-c-2","status":"publish","type":"product","link":"https:\/\/ironsky.pl\/sklep\/produkt\/latarka-czolowa-superfire-hl23-220lm-usb-c-2\/","title":{"rendered":"Latarka czo\u0142owa SUPERFIRE HL23 220lm USB-C"},"content":{"rendered":"<h3>Latarka czo\u0142owa Superfire HL23, 220 lm, USB-C, powerbank<\/h3>\n<p>Lubisz wieczorn\u0105 jazd\u0119 na rowerze? A mo\u017ce cz\u0119sto w\u0119dkujesz po zmroku? Wyposa\u017c si\u0119 w solidn\u0105 latark\u0119 czo\u0142ow\u0105 Superfire HL23, kt\u00f3ra zapewnia stabilne \u017ar\u00f3d\u0142o \u015bwiat\u0142a i wysoki komfort u\u017cytkowania. Wyr\u00f3\u017cnia si\u0119 jasno\u015bci\u0105 do 220 lm i zasi\u0119giem do 120 m. Oferuje te\u017c a\u017c 9 tryb\u00f3w o\u015bwietlenia, ma czujnik ruchu i regulowan\u0105 konstrukcj\u0119. Zapewnia 180 minut pracy i wygodne odnawianie energii, a ponadto jest wodoodporna na poziomie IP44 (Ingress Protection 44, stopie\u0144 ochrony przed cia\u0142ami sta\u0142ymi wi\u0119kszymi ni\u017c 1 mm i bryzgami wody z dowolnego kierunku). Niestraszny jej tak\u017ce upadek z wysoko\u015bci do 1 m.<\/p>\n<p>\n<img decoding=\"async\" src=\"https:\/\/assets.innpro.pl\/14095\/17585\/10.jpg\" border=\"0\" alt=\"latarka czo\u0142owa z pomara\u0144czow\u0105 opask\u0105 na g\u0142ow\u0119 na czarnym tle\" \/>\n<\/p>\n<h3>Skutecznie o\u015bwietli drog\u0119<\/h3>\n<p>Latarka czo\u0142owa Superfire HL23 zosta\u0142a wyposa\u017cona w wysokiej jako\u015bci diod\u0119 LED (Light Emitting Diode, dioda emituj\u0105ca \u015bwiat\u0142o), dzi\u0119ki kt\u00f3rej zapewnia r\u00f3wnomierne, stabilne o\u015bwietlenie o jasno\u015bci 220 lm i zasi\u0119gu do 120 m. Ma r\u00f3wnie\u017c dodatkow\u0105 lamp\u0119, kt\u00f3ra zwi\u0119ksza mo\u017cliwo\u015bci zastosowania produktu. HL23 sprawdzi si\u0119 podczas naprawy samochodu, wieczornego biegania czy pod namiotem.<\/p>\n<p>\n<img decoding=\"async\" src=\"https:\/\/assets.innpro.pl\/14095\/17585\/11.jpg\" border=\"0\" alt=\"cztery zdj\u0119cia przedstawiaj\u0105ce korzystanie z latarki czo\u0142owej w r\u00f3\u017cnych scenariuszach\" \/>\n<\/p>\n<h3>9 tryb\u00f3w pracy<\/h3>\n<p>Latarka oferuje a\u017c 9 tryb\u00f3w pracy, dzi\u0119ki czemu mo\u017cesz korzysta\u0107 z niej w wielu r\u00f3\u017cnych sytuacjach. Do Twojej dyspozycji s\u0105 tryby Strong, Medium i Low, a tak\u017ce Strobe, podczas kt\u00f3rego jasne \u015bwiat\u0142o miga z wysok\u0105 cz\u0119stotliwo\u015bci\u0105. Mo\u017cesz tak\u017ce skorzysta\u0107 z tryb\u00f3w Auxiliary i Auxiliary+Main, Red i Red Strobe, a tak\u017ce SOS, kt\u00f3ry pozwoli wezwa\u0107 pomoc w sytuacji zagro\u017cenia.<\/p>\n<p>\n<img decoding=\"async\" src=\"https:\/\/assets.innpro.pl\/14095\/17585\/1.jpg\" border=\"0\" alt=\"m\u0119\u017cczyzna biegn\u0105cy noc\u0105 z latark\u0105 czo\u0142ow\u0105 na g\u0142owie\" \/>\n<\/p>\n<h3>Dopasowana do potrzeb u\u017cytkownika<\/h3>\n<p>Dzi\u0119ki regulowanej konstrukcji latarka spe\u0142ni Twoje indywidualne potrzeby. Mo\u017cesz dostosowa\u0107 jej pozycj\u0119 w zakresie 45\u00b0, aby skierowa\u0107 strumie\u0144 \u015bwiat\u0142a dok\u0142adnie tam, gdzie potrzebujesz. Atutem jest te\u017c czujnik ruchu, kt\u00f3ry pozwala uruchomi\u0107 latark\u0119 za pomoc\u0105 prostego gestu r\u0119k\u0105.<\/p>\n<p>\n<img decoding=\"async\" src=\"https:\/\/assets.innpro.pl\/14095\/17585\/3.jpg\" border=\"0\" alt=\"m\u0119\u017cczyzna stoj\u0105cy na skale z latark\u0105 czo\u0142ow\u0105 na g\u0142owie\" \/>\n<\/p>\n<h3>Solidne wykonanie<\/h3>\n<p>Latarka czo\u0142owa Superfire HL23 zosta\u0142a wykonana z wysokiej jako\u015bci tworzywa ABS i niestraszne jej trudne warunki pogodowe. Jest wodoodporna na poziomie IP44, wi\u0119c mo\u017cesz bez obaw korzysta\u0107 z niej w czasie deszczu czy \u015bniegu. Zalet\u0105 jest r\u00f3wnie\u017c odporno\u015b\u0107 na upadek z wysoko\u015bci 1 m. Wytrzyma\u0142a konstrukcja idzie w parze z ergonomi\u0105 \u2014 latarka wa\u017cy 53 g, a regulowana, mi\u0119kka i \u0142atwa w czyszeniu opaska pozwala dopasowa\u0107 produkt do u\u017cytkownika.<\/p>\n<p>\n<img decoding=\"async\" src=\"https:\/\/assets.innpro.pl\/14095\/17585\/5.jpg\" border=\"0\" alt=\"czarna latarka czo\u0142owa z pomara\u0144czow\u0105 opask\u0105 zanurzona w wodzie\" \/>\n<\/p>\n<h3>Wydajne \u017ar\u00f3d\u0142o zasilania<\/h3>\n<p>Urz\u0105dzenie jest zasilane akumulatorem litowo-jonowym typu 14500 o pojemno\u015bci 800 mAh. Dzi\u0119ki temu mo\u017cesz cieszy\u0107 si\u0119 3-godzinnym czasem pracy latarki, a nast\u0119pnie wygodnie odnowi\u0107 jej energi\u0119 za pomoc\u0105 do\u0142\u0105czonego do zestawu kabla USB-C (Universal Serial Bus typu C, uniwersalne z\u0142\u0105cze do przesy\u0142ania danych i zasilania). Zapomnij o ci\u0105g\u0142ym kupowaniu nowych baterii! Co wi\u0119cej, o statusie \u0142adowania powiadomi Ci\u0119 wbudowany wska\u017anik \u015bwietlny.<\/p>\n<p>\n<img decoding=\"async\" src=\"https:\/\/assets.innpro.pl\/14095\/17585\/8.jpg\" border=\"0\" alt=\"latarka czo\u0142owa a w tle dw\u00f3jka robotnik\u00f3w\" \/>\n<\/p>\n<h3>W zestawie<\/h3>\n<ul class=\"list-disc pl-5\">\n<li>Latarka czo\u0142owa Superfire HL23 x1<\/li>\n<li>Opaska na g\u0142ow\u0119 x1<\/li>\n<li>Kabel \u0142adowania x1<\/li>\n<li>Instrukcja obs\u0142ugi x1<\/li>\n<\/ul>\n<div class=\"table-wrapper\">\n<p>\u00a0<\/p>\n<h3><\/h3>\n<table>\n<tbody>\n<tr>\n<th>Producent <\/th>\n<td>Superfire<\/td>\n<\/tr>\n<tr>\n<th>Model <\/th>\n<td>HL23<\/td>\n<\/tr>\n<tr>\n<th>Jasno\u015b\u0107 <\/th>\n<td>Do 220 lm<\/td>\n<\/tr>\n<tr>\n<th>Zasi\u0119g <\/th>\n<td>Do 120 m<\/td>\n<\/tr>\n<tr>\n<th>Rodzaj diody <\/th>\n<td>LED<\/td>\n<\/tr>\n<tr>\n<th>Czas pracy <\/th>\n<td>Ok. 3 h<\/td>\n<\/tr>\n<tr>\n<th>Czas \u0142adowania <\/th>\n<td>Ok. 1,5 h<\/td>\n<\/tr>\n<tr>\n<th>Zasilanie <\/th>\n<td>Akumulator litowo-jonowy typu 14500<\/td>\n<\/tr>\n<tr>\n<th>Pojemno\u015b\u0107 akumulatora <\/th>\n<td>800 mAh<\/td>\n<\/tr>\n<tr>\n<th>Moc <\/th>\n<td>2 W (maks.)<\/td>\n<\/tr>\n<tr>\n<th>Wodoodporno\u015b\u0107 <\/th>\n<td>IP44<\/td>\n<\/tr>\n<tr>\n<th>Odporno\u015b\u0107 na upadek <\/th>\n<td>1 m<\/td>\n<\/tr>\n<tr>\n<th>Wymiary <\/th>\n<td>62 x 40 x 38 mm<\/td>\n<\/tr>\n<tr>\n<th>Waga <\/th>\n<td>53 g<\/td>\n<\/tr>\n<tr>\n<th>Tryby o\u015bwietlenie <\/th>\n<td>Strong, Medium, Low, Strobe, SOS, Auxiliary, Auxiliary+Main, Red, Red Strobe<\/td>\n<\/tr>\n<tr>\n<th>Dodatkowe funkcje <\/th>\n<td>Czujnik ruchu<\/td>\n<\/tr>\n<\/tbody>\n<\/table>\n<\/div>\n","protected":false},"excerpt":{"rendered":"<p>Latarka czo\u0142owa Superfire HL23, 220 lm, USB-C, powerbank Lubisz wieczorn\u0105 jazd\u0119 na rowerze? A mo\u017ce cz\u0119sto w\u0119dkujesz po zmroku? Wyposa\u017c<\/p>\n","protected":false},"featured_media":42041,"comment_status":"closed","ping_status":"open","template":"","meta":{"_acf_changed":false},"product_brand":[],"product_cat":[5938,5940,5937],"product_tag":[],"class_list":{"0":"post-56303","1":"product","2":"type-product","3":"status-publish","4":"has-post-thumbnail","6":"product_cat-latarki","7":"product_cat-czolowe","8":"product_cat-outdoor","9":"pa_okres-gwarancji-5754","10":"pa_producent-superfire","12":"first","13":"outofstock","14":"taxable","15":"shipping-taxable","16":"purchasable","17":"product-type-simple"},"acf":[],"yoast_head":"<!-- This site is optimized with the Yoast SEO plugin v27.2 - https:\/\/yoast.com\/product\/yoast-seo-wordpress\/ -->\n<title>Latarka czo\u0142owa SUPERFIRE HL23 220lm USB-C - IRONSKY.PL Sklep z Dronami<\/title>\n<meta name=\"description\" content=\"Latarka czo\u0142owa SUPERFIRE HL23 220lm USB-C - \u2705 sklep z dronami i fachowym doradztwem. \u2705 Tutaj kupisz produkty DJI, Yuneec, Parrot, Syma i wiele innych, a tak\u017ce kursy i licencje na operatora drona.\" \/>\n<meta name=\"robots\" content=\"index, follow, max-snippet:-1, max-image-preview:large, max-video-preview:-1\" \/>\n<link rel=\"canonical\" href=\"https:\/\/ironsky.pl\/sklep\/produkt\/latarka-czolowa-superfire-hl23-220lm-usb-c-2\/\" \/>\n<meta property=\"og:locale\" content=\"pl_PL\" \/>\n<meta property=\"og:type\" content=\"article\" \/>\n<meta property=\"og:title\" content=\"Latarka czo\u0142owa SUPERFIRE HL23 220lm USB-C - IRONSKY.PL Sklep z Dronami\" \/>\n<meta property=\"og:description\" content=\"Latarka czo\u0142owa SUPERFIRE HL23 220lm USB-C - \u2705 sklep z dronami i fachowym doradztwem. \u2705 Tutaj kupisz produkty DJI, Yuneec, Parrot, Syma i wiele innych, a tak\u017ce kursy i licencje na operatora drona.\" \/>\n<meta property=\"og:url\" content=\"https:\/\/ironsky.pl\/sklep\/produkt\/latarka-czolowa-superfire-hl23-220lm-usb-c-2\/\" \/>\n<meta property=\"og:site_name\" content=\"IRONSKY.PL Sklep z Dronami\" \/>\n<meta property=\"article:modified_time\" content=\"2026-04-15T08:13:33+00:00\" \/>\n<meta property=\"og:image\" content=\"https:\/\/ironsky.pl\/sklep\/wp-content\/uploads\/2025\/06\/25604_1.jpg\" \/>\n\t<meta property=\"og:image:width\" content=\"800\" \/>\n\t<meta property=\"og:image:height\" content=\"800\" \/>\n\t<meta property=\"og:image:type\" content=\"image\/jpeg\" \/>\n<meta name=\"twitter:card\" content=\"summary_large_image\" \/>\n<meta name=\"twitter:label1\" content=\"Szacowany czas czytania\" \/>\n\t<meta name=\"twitter:data1\" content=\"3 minuty\" \/>\n<script type=\"application\/ld+json\" class=\"yoast-schema-graph\">{\"@context\":\"https:\/\/schema.org\",\"@graph\":[{\"@type\":\"WebPage\",\"@id\":\"https:\/\/ironsky.pl\/sklep\/produkt\/latarka-czolowa-superfire-hl23-220lm-usb-c-2\/\",\"url\":\"https:\/\/ironsky.pl\/sklep\/produkt\/latarka-czolowa-superfire-hl23-220lm-usb-c-2\/\",\"name\":\"Latarka czo\u0142owa SUPERFIRE HL23 220lm USB-C - IRONSKY.PL Sklep z Dronami\",\"isPartOf\":{\"@id\":\"https:\/\/ironsky.pl\/sklep\/#website\"},\"primaryImageOfPage\":{\"@id\":\"https:\/\/ironsky.pl\/sklep\/produkt\/latarka-czolowa-superfire-hl23-220lm-usb-c-2\/#primaryimage\"},\"image\":{\"@id\":\"https:\/\/ironsky.pl\/sklep\/produkt\/latarka-czolowa-superfire-hl23-220lm-usb-c-2\/#primaryimage\"},\"thumbnailUrl\":\"https:\/\/ironsky.pl\/sklep\/wp-content\/uploads\/2025\/06\/25604_1.jpg\",\"datePublished\":\"2026-04-15T08:13:22+00:00\",\"dateModified\":\"2026-04-15T08:13:33+00:00\",\"description\":\"Latarka czo\u0142owa SUPERFIRE HL23 220lm USB-C - \u2705 sklep z dronami i fachowym doradztwem. \u2705 Tutaj kupisz produkty DJI, Yuneec, Parrot, Syma i wiele innych, a tak\u017ce kursy i licencje na operatora drona.\",\"breadcrumb\":{\"@id\":\"https:\/\/ironsky.pl\/sklep\/produkt\/latarka-czolowa-superfire-hl23-220lm-usb-c-2\/#breadcrumb\"},\"inLanguage\":\"pl-PL\",\"potentialAction\":[{\"@type\":\"ReadAction\",\"target\":[\"https:\/\/ironsky.pl\/sklep\/produkt\/latarka-czolowa-superfire-hl23-220lm-usb-c-2\/\"]}]},{\"@type\":\"ImageObject\",\"inLanguage\":\"pl-PL\",\"@id\":\"https:\/\/ironsky.pl\/sklep\/produkt\/latarka-czolowa-superfire-hl23-220lm-usb-c-2\/#primaryimage\",\"url\":\"https:\/\/ironsky.pl\/sklep\/wp-content\/uploads\/2025\/06\/25604_1.jpg\",\"contentUrl\":\"https:\/\/ironsky.pl\/sklep\/wp-content\/uploads\/2025\/06\/25604_1.jpg\",\"width\":800,\"height\":800},{\"@type\":\"BreadcrumbList\",\"@id\":\"https:\/\/ironsky.pl\/sklep\/produkt\/latarka-czolowa-superfire-hl23-220lm-usb-c-2\/#breadcrumb\",\"itemListElement\":[{\"@type\":\"ListItem\",\"position\":1,\"name\":\"Strona g\u0142\u00f3wna\",\"item\":\"https:\/\/ironsky.pl\/sklep\/\"},{\"@type\":\"ListItem\",\"position\":2,\"name\":\"Wszystkie produkty\",\"item\":\"https:\/\/ironsky.pl\/sklep\/produkty\/\"},{\"@type\":\"ListItem\",\"position\":3,\"name\":\"Latarka czo\u0142owa SUPERFIRE HL23 220lm USB-C\"}]},{\"@type\":\"WebSite\",\"@id\":\"https:\/\/ironsky.pl\/sklep\/#website\",\"url\":\"https:\/\/ironsky.pl\/sklep\/\",\"name\":\"IRONSKY.PL Sklep z Dronami\",\"description\":\"IRONSKY.PL Sklep z Dronami\",\"potentialAction\":[{\"@type\":\"SearchAction\",\"target\":{\"@type\":\"EntryPoint\",\"urlTemplate\":\"https:\/\/ironsky.pl\/sklep\/?s={search_term_string}\"},\"query-input\":{\"@type\":\"PropertyValueSpecification\",\"valueRequired\":true,\"valueName\":\"search_term_string\"}}],\"inLanguage\":\"pl-PL\"}]}<\/script>\n<!-- \/ Yoast SEO plugin. -->","yoast_head_json":{"title":"Latarka czo\u0142owa SUPERFIRE HL23 220lm USB-C - IRONSKY.PL Sklep z Dronami","description":"Latarka czo\u0142owa SUPERFIRE HL23 220lm USB-C - \u2705 sklep z dronami i fachowym doradztwem. \u2705 Tutaj kupisz produkty DJI, Yuneec, Parrot, Syma i wiele innych, a tak\u017ce kursy i licencje na operatora drona.","robots":{"index":"index","follow":"follow","max-snippet":"max-snippet:-1","max-image-preview":"max-image-preview:large","max-video-preview":"max-video-preview:-1"},"canonical":"https:\/\/ironsky.pl\/sklep\/produkt\/latarka-czolowa-superfire-hl23-220lm-usb-c-2\/","og_locale":"pl_PL","og_type":"article","og_title":"Latarka czo\u0142owa SUPERFIRE HL23 220lm USB-C - IRONSKY.PL Sklep z Dronami","og_description":"Latarka czo\u0142owa SUPERFIRE HL23 220lm USB-C - \u2705 sklep z dronami i fachowym doradztwem. \u2705 Tutaj kupisz produkty DJI, Yuneec, Parrot, Syma i wiele innych, a tak\u017ce kursy i licencje na operatora drona.","og_url":"https:\/\/ironsky.pl\/sklep\/produkt\/latarka-czolowa-superfire-hl23-220lm-usb-c-2\/","og_site_name":"IRONSKY.PL Sklep z Dronami","article_modified_time":"2026-04-15T08:13:33+00:00","og_image":[{"width":800,"height":800,"url":"https:\/\/ironsky.pl\/sklep\/wp-content\/uploads\/2025\/06\/25604_1.jpg","type":"image\/jpeg"}],"twitter_card":"summary_large_image","twitter_misc":{"Szacowany czas czytania":"3 minuty"},"schema":{"@context":"https:\/\/schema.org","@graph":[{"@type":"WebPage","@id":"https:\/\/ironsky.pl\/sklep\/produkt\/latarka-czolowa-superfire-hl23-220lm-usb-c-2\/","url":"https:\/\/ironsky.pl\/sklep\/produkt\/latarka-czolowa-superfire-hl23-220lm-usb-c-2\/","name":"Latarka czo\u0142owa SUPERFIRE HL23 220lm USB-C - IRONSKY.PL Sklep z Dronami","isPartOf":{"@id":"https:\/\/ironsky.pl\/sklep\/#website"},"primaryImageOfPage":{"@id":"https:\/\/ironsky.pl\/sklep\/produkt\/latarka-czolowa-superfire-hl23-220lm-usb-c-2\/#primaryimage"},"image":{"@id":"https:\/\/ironsky.pl\/sklep\/produkt\/latarka-czolowa-superfire-hl23-220lm-usb-c-2\/#primaryimage"},"thumbnailUrl":"https:\/\/ironsky.pl\/sklep\/wp-content\/uploads\/2025\/06\/25604_1.jpg","datePublished":"2026-04-15T08:13:22+00:00","dateModified":"2026-04-15T08:13:33+00:00","description":"Latarka czo\u0142owa SUPERFIRE HL23 220lm USB-C - \u2705 sklep z dronami i fachowym doradztwem. \u2705 Tutaj kupisz produkty DJI, Yuneec, Parrot, Syma i wiele innych, a tak\u017ce kursy i licencje na operatora drona.","breadcrumb":{"@id":"https:\/\/ironsky.pl\/sklep\/produkt\/latarka-czolowa-superfire-hl23-220lm-usb-c-2\/#breadcrumb"},"inLanguage":"pl-PL","potentialAction":[{"@type":"ReadAction","target":["https:\/\/ironsky.pl\/sklep\/produkt\/latarka-czolowa-superfire-hl23-220lm-usb-c-2\/"]}]},{"@type":"ImageObject","inLanguage":"pl-PL","@id":"https:\/\/ironsky.pl\/sklep\/produkt\/latarka-czolowa-superfire-hl23-220lm-usb-c-2\/#primaryimage","url":"https:\/\/ironsky.pl\/sklep\/wp-content\/uploads\/2025\/06\/25604_1.jpg","contentUrl":"https:\/\/ironsky.pl\/sklep\/wp-content\/uploads\/2025\/06\/25604_1.jpg","width":800,"height":800},{"@type":"BreadcrumbList","@id":"https:\/\/ironsky.pl\/sklep\/produkt\/latarka-czolowa-superfire-hl23-220lm-usb-c-2\/#breadcrumb","itemListElement":[{"@type":"ListItem","position":1,"name":"Strona g\u0142\u00f3wna","item":"https:\/\/ironsky.pl\/sklep\/"},{"@type":"ListItem","position":2,"name":"Wszystkie produkty","item":"https:\/\/ironsky.pl\/sklep\/produkty\/"},{"@type":"ListItem","position":3,"name":"Latarka czo\u0142owa SUPERFIRE HL23 220lm USB-C"}]},{"@type":"WebSite","@id":"https:\/\/ironsky.pl\/sklep\/#website","url":"https:\/\/ironsky.pl\/sklep\/","name":"IRONSKY.PL Sklep z Dronami","description":"IRONSKY.PL Sklep z Dronami","potentialAction":[{"@type":"SearchAction","target":{"@type":"EntryPoint","urlTemplate":"https:\/\/ironsky.pl\/sklep\/?s={search_term_string}"},"query-input":{"@type":"PropertyValueSpecification","valueRequired":true,"valueName":"search_term_string"}}],"inLanguage":"pl-PL"}]}},"_links":{"self":[{"href":"https:\/\/ironsky.pl\/sklep\/wp-json\/wp\/v2\/product\/56303","targetHints":{"allow":["GET"]}}],"collection":[{"href":"https:\/\/ironsky.pl\/sklep\/wp-json\/wp\/v2\/product"}],"about":[{"href":"https:\/\/ironsky.pl\/sklep\/wp-json\/wp\/v2\/types\/product"}],"replies":[{"embeddable":true,"href":"https:\/\/ironsky.pl\/sklep\/wp-json\/wp\/v2\/comments?post=56303"}],"wp:featuredmedia":[{"embeddable":true,"href":"https:\/\/ironsky.pl\/sklep\/wp-json\/wp\/v2\/media\/42041"}],"wp:attachment":[{"href":"https:\/\/ironsky.pl\/sklep\/wp-json\/wp\/v2\/media?parent=56303"}],"wp:term":[{"taxonomy":"product_brand","embeddable":true,"href":"https:\/\/ironsky.pl\/sklep\/wp-json\/wp\/v2\/product_brand?post=56303"},{"taxonomy":"product_cat","embeddable":true,"href":"https:\/\/ironsky.pl\/sklep\/wp-json\/wp\/v2\/product_cat?post=56303"},{"taxonomy":"product_tag","embeddable":true,"href":"https:\/\/ironsky.pl\/sklep\/wp-json\/wp\/v2\/product_tag?post=56303"}],"curies":[{"name":"wp","href":"https:\/\/api.w.org\/{rel}","templated":true}]}}