{"id":56301,"date":"2026-04-15T10:13:22","date_gmt":"2026-04-15T08:13:22","guid":{"rendered":"https:\/\/ironsky.pl\/sklep\/produkt\/latarka-uv-superfire-z01-365nm-usb-2\/"},"modified":"2026-04-15T10:13:31","modified_gmt":"2026-04-15T08:13:31","slug":"latarka-uv-superfire-z01-365nm-usb-2","status":"publish","type":"product","link":"https:\/\/ironsky.pl\/sklep\/produkt\/latarka-uv-superfire-z01-365nm-usb-2\/","title":{"rendered":"Latarka UV SUPERFIRE Z01 365nm USB"},"content":{"rendered":"<h3>Latarka UV Superfire Z01<\/h3>\n<p>Por\u0119czna latarka UV Superfire Z01 pozwala weryfikowa\u0107 autentyczno\u015b\u0107 dokument\u00f3w i wykrywa\u0107 plamy, kt\u00f3re s\u0105 niewidoczne dla ludzkiego oka. Latarka wykorzystuje fal\u0119 lasera o d\u0142ugo\u015bci 365 nm, a akumulator o pojemno\u015bci 1400 mAh zapewnia 3 h pracy. Atutem jest te\u017c wodoodporno\u015b\u0107 na poziomie IP44 i solidna konstrukcja.<\/p>\n<p><img decoding=\"async\" src=\"https:\/\/b2b.innpro.pl\/data\/include\/cms\/\/01Superfire\/Z01\/5.jpg\"><\/p>\n<h3>Wiele zastosowa\u0144<\/h3>\n<p>Latarka UV Superfire Z01 sprawdzi si\u0119 w wielu r\u00f3\u017cnych sytuacjach. Mo\u017ce by\u0107 wykorzystywana w domu, aby wykrywa\u0107 m.in. niewidoczne dla oka \u015blady po zwierz\u0119tach, ponadto pozwala weryfikowa\u0107 autentyczno\u015b\u0107 dokument\u00f3w, a tak\u017ce pomaga podczas poszukiwa\u0144 substancji organicznych w ciemno\u015bci (np. bursztyn\u00f3w).<\/p>\n<p><img decoding=\"async\" src=\"https:\/\/b2b.innpro.pl\/data\/include\/cms\/\/01Superfire\/Z01\/4.jpg\"><\/p>\n<h3>Niezawodna<\/h3>\n<p>Latarka zosta\u0142a wyposa\u017cona w wysokiej jako\u015bci diod\u0119 UV-365 i emituje fal\u0119 o d\u0142ugo\u015bci 365 nm. Wyr\u00f3\u017cnia si\u0119 szerokim zakresem \u015bwiecenia i wysok\u0105 skuteczno\u015bci\u0105 wykrywania. Atutem jest r\u00f3wnie\u017c akumulator litowo-jonowy o pojemno\u015bci 1400 mAh, kt\u00f3ry zapewnia ok. 3 h pracy na jednym \u0142adowaniu.<\/p>\n<p><img decoding=\"async\" src=\"https:\/\/b2b.innpro.pl\/data\/include\/cms\/\/01Superfire\/Z01\/1.jpg\"><\/p>\n<h3>Lekka, por\u0119czna, wytrzyma\u0142a<\/h3>\n<p>Superfire Z01 zosta\u0142a wykonana ze stopu aluminium, jest wodoodporna na poziomie IP44 i niestraszny jej upadek z wysoko\u015bci 1 metra. Mo\u017cesz wi\u0119c korzysta\u0107 z niej w plenerze, nie martwi\u0105c si\u0119 o nag\u0142y deszcz czy uszkodzenia mechaniczne spowodowane upadkiem z wysoko\u015bci.<\/p>\n<p><img decoding=\"async\" src=\"https:\/\/b2b.innpro.pl\/data\/include\/cms\/\/01Superfire\/Z01\/7.jpg\"><\/p>\n<h3>W zestawie<\/h3>\n<ul>\n<li>Latarka UV Superfire Z01 x1<\/li>\n<li>Akumulator x1<\/li>\n<li>\u0141adowarka x1<\/li>\n<li>Smycz x1<\/li>\n<li>Instrukcja obs\u0142ugi x1<\/li>\n<\/ul>\n<div class=\"table-wrapper\">\n<table>\n<tbody>\n<tr>\n<th>Producent<\/th>\n<td>Superfire<\/td>\n<\/tr>\n<tr>\n<th>Model<\/th>\n<td>Z01<\/td>\n<\/tr>\n<tr>\n<th>Zasi\u0119g<\/th>\n<td>8 m<\/td>\n<\/tr>\n<tr>\n<th>Rodzaj diody<\/th>\n<td>UV-365<\/td>\n<\/tr>\n<tr>\n<th>D\u0142ugo\u015b\u0107 fali UV<\/th>\n<td>365 nm<\/td>\n<\/tr>\n<tr>\n<th>Czas pracy<\/th>\n<td>Ok. 3 h<\/td>\n<\/tr>\n<tr>\n<th>Czas \u0142adowania<\/th>\n<td>2,5 h<\/td>\n<\/tr>\n<tr>\n<th>Zasilanie<\/th>\n<td>Akumulator litowo-jonowy 18650<\/td>\n<\/tr>\n<tr>\n<th>Pojemno\u015b\u0107 akumulatora<\/th>\n<td>1400 mAh<\/td>\n<\/tr>\n<tr>\n<th>Napi\u0119cie<\/th>\n<td>3,7 V<\/td>\n<\/tr>\n<tr>\n<th>Moc<\/th>\n<td>3 W<\/td>\n<\/tr>\n<tr>\n<th>Wodoodporno\u015b\u0107<\/th>\n<td>IP44<\/td>\n<\/tr>\n<tr>\n<th>Odporno\u015b\u0107 na upadek<\/th>\n<td>1 m<\/td>\n<\/tr>\n<tr>\n<th>Wymiary<\/th>\n<td>24 x 24 x 124 mm<\/td>\n<\/tr>\n<tr>\n<th>Waga<\/th>\n<td>56 g<\/td>\n<\/tr>\n<\/tbody>\n<\/table>\n<\/div>\n","protected":false},"excerpt":{"rendered":"<p>Latarka UV Superfire Z01 Por\u0119czna latarka UV Superfire Z01 pozwala weryfikowa\u0107 autentyczno\u015b\u0107 dokument\u00f3w i wykrywa\u0107 plamy, kt\u00f3re s\u0105 niewidoczne dla<\/p>\n","protected":false},"featured_media":42026,"comment_status":"closed","ping_status":"open","template":"","meta":{"_acf_changed":false},"product_brand":[],"product_cat":[5938,5948,5937],"product_tag":[],"class_list":{"0":"post-56301","1":"product","2":"type-product","3":"status-publish","4":"has-post-thumbnail","6":"product_cat-latarki","7":"product_cat-uv","8":"product_cat-outdoor","9":"pa_okres-gwarancji-5754","10":"pa_producent-superfire","12":"first","13":"outofstock","14":"taxable","15":"shipping-taxable","16":"purchasable","17":"product-type-simple"},"acf":[],"yoast_head":"<!-- This site is optimized with the Yoast SEO plugin v27.2 - https:\/\/yoast.com\/product\/yoast-seo-wordpress\/ -->\n<title>Latarka UV SUPERFIRE Z01 365nm USB - IRONSKY.PL Sklep z Dronami<\/title>\n<meta name=\"description\" content=\"Latarka UV SUPERFIRE Z01 365nm USB - \u2705 sklep z dronami i fachowym doradztwem. \u2705 Tutaj kupisz produkty DJI, Yuneec, Parrot, Syma i wiele innych, a tak\u017ce kursy i licencje na operatora drona.\" \/>\n<meta name=\"robots\" content=\"index, follow, max-snippet:-1, max-image-preview:large, max-video-preview:-1\" \/>\n<link rel=\"canonical\" href=\"https:\/\/ironsky.pl\/sklep\/produkt\/latarka-uv-superfire-z01-365nm-usb-2\/\" \/>\n<meta property=\"og:locale\" content=\"pl_PL\" \/>\n<meta property=\"og:type\" content=\"article\" \/>\n<meta property=\"og:title\" content=\"Latarka UV SUPERFIRE Z01 365nm USB - IRONSKY.PL Sklep z Dronami\" \/>\n<meta property=\"og:description\" content=\"Latarka UV SUPERFIRE Z01 365nm USB - \u2705 sklep z dronami i fachowym doradztwem. \u2705 Tutaj kupisz produkty DJI, Yuneec, Parrot, Syma i wiele innych, a tak\u017ce kursy i licencje na operatora drona.\" \/>\n<meta property=\"og:url\" content=\"https:\/\/ironsky.pl\/sklep\/produkt\/latarka-uv-superfire-z01-365nm-usb-2\/\" \/>\n<meta property=\"og:site_name\" content=\"IRONSKY.PL Sklep z Dronami\" \/>\n<meta property=\"article:modified_time\" content=\"2026-04-15T08:13:31+00:00\" \/>\n<meta property=\"og:image\" content=\"https:\/\/ironsky.pl\/sklep\/wp-content\/uploads\/2025\/06\/25585_1.jpg\" \/>\n\t<meta property=\"og:image:width\" content=\"800\" \/>\n\t<meta property=\"og:image:height\" content=\"800\" \/>\n\t<meta property=\"og:image:type\" content=\"image\/jpeg\" \/>\n<meta name=\"twitter:card\" content=\"summary_large_image\" \/>\n<meta name=\"twitter:label1\" content=\"Szacowany czas czytania\" \/>\n\t<meta name=\"twitter:data1\" content=\"1 minuta\" \/>\n<script type=\"application\/ld+json\" class=\"yoast-schema-graph\">{\"@context\":\"https:\/\/schema.org\",\"@graph\":[{\"@type\":\"WebPage\",\"@id\":\"https:\/\/ironsky.pl\/sklep\/produkt\/latarka-uv-superfire-z01-365nm-usb-2\/\",\"url\":\"https:\/\/ironsky.pl\/sklep\/produkt\/latarka-uv-superfire-z01-365nm-usb-2\/\",\"name\":\"Latarka UV SUPERFIRE Z01 365nm USB - IRONSKY.PL Sklep z Dronami\",\"isPartOf\":{\"@id\":\"https:\/\/ironsky.pl\/sklep\/#website\"},\"primaryImageOfPage\":{\"@id\":\"https:\/\/ironsky.pl\/sklep\/produkt\/latarka-uv-superfire-z01-365nm-usb-2\/#primaryimage\"},\"image\":{\"@id\":\"https:\/\/ironsky.pl\/sklep\/produkt\/latarka-uv-superfire-z01-365nm-usb-2\/#primaryimage\"},\"thumbnailUrl\":\"https:\/\/ironsky.pl\/sklep\/wp-content\/uploads\/2025\/06\/25585_1.jpg\",\"datePublished\":\"2026-04-15T08:13:22+00:00\",\"dateModified\":\"2026-04-15T08:13:31+00:00\",\"description\":\"Latarka UV SUPERFIRE Z01 365nm USB - \u2705 sklep z dronami i fachowym doradztwem. \u2705 Tutaj kupisz produkty DJI, Yuneec, Parrot, Syma i wiele innych, a tak\u017ce kursy i licencje na operatora drona.\",\"breadcrumb\":{\"@id\":\"https:\/\/ironsky.pl\/sklep\/produkt\/latarka-uv-superfire-z01-365nm-usb-2\/#breadcrumb\"},\"inLanguage\":\"pl-PL\",\"potentialAction\":[{\"@type\":\"ReadAction\",\"target\":[\"https:\/\/ironsky.pl\/sklep\/produkt\/latarka-uv-superfire-z01-365nm-usb-2\/\"]}]},{\"@type\":\"ImageObject\",\"inLanguage\":\"pl-PL\",\"@id\":\"https:\/\/ironsky.pl\/sklep\/produkt\/latarka-uv-superfire-z01-365nm-usb-2\/#primaryimage\",\"url\":\"https:\/\/ironsky.pl\/sklep\/wp-content\/uploads\/2025\/06\/25585_1.jpg\",\"contentUrl\":\"https:\/\/ironsky.pl\/sklep\/wp-content\/uploads\/2025\/06\/25585_1.jpg\",\"width\":800,\"height\":800},{\"@type\":\"BreadcrumbList\",\"@id\":\"https:\/\/ironsky.pl\/sklep\/produkt\/latarka-uv-superfire-z01-365nm-usb-2\/#breadcrumb\",\"itemListElement\":[{\"@type\":\"ListItem\",\"position\":1,\"name\":\"Strona g\u0142\u00f3wna\",\"item\":\"https:\/\/ironsky.pl\/sklep\/\"},{\"@type\":\"ListItem\",\"position\":2,\"name\":\"Wszystkie produkty\",\"item\":\"https:\/\/ironsky.pl\/sklep\/produkty\/\"},{\"@type\":\"ListItem\",\"position\":3,\"name\":\"Latarka UV SUPERFIRE Z01 365nm USB\"}]},{\"@type\":\"WebSite\",\"@id\":\"https:\/\/ironsky.pl\/sklep\/#website\",\"url\":\"https:\/\/ironsky.pl\/sklep\/\",\"name\":\"IRONSKY.PL Sklep z Dronami\",\"description\":\"IRONSKY.PL Sklep z Dronami\",\"potentialAction\":[{\"@type\":\"SearchAction\",\"target\":{\"@type\":\"EntryPoint\",\"urlTemplate\":\"https:\/\/ironsky.pl\/sklep\/?s={search_term_string}\"},\"query-input\":{\"@type\":\"PropertyValueSpecification\",\"valueRequired\":true,\"valueName\":\"search_term_string\"}}],\"inLanguage\":\"pl-PL\"}]}<\/script>\n<!-- \/ Yoast SEO plugin. -->","yoast_head_json":{"title":"Latarka UV SUPERFIRE Z01 365nm USB - IRONSKY.PL Sklep z Dronami","description":"Latarka UV SUPERFIRE Z01 365nm USB - \u2705 sklep z dronami i fachowym doradztwem. \u2705 Tutaj kupisz produkty DJI, Yuneec, Parrot, Syma i wiele innych, a tak\u017ce kursy i licencje na operatora drona.","robots":{"index":"index","follow":"follow","max-snippet":"max-snippet:-1","max-image-preview":"max-image-preview:large","max-video-preview":"max-video-preview:-1"},"canonical":"https:\/\/ironsky.pl\/sklep\/produkt\/latarka-uv-superfire-z01-365nm-usb-2\/","og_locale":"pl_PL","og_type":"article","og_title":"Latarka UV SUPERFIRE Z01 365nm USB - IRONSKY.PL Sklep z Dronami","og_description":"Latarka UV SUPERFIRE Z01 365nm USB - \u2705 sklep z dronami i fachowym doradztwem. \u2705 Tutaj kupisz produkty DJI, Yuneec, Parrot, Syma i wiele innych, a tak\u017ce kursy i licencje na operatora drona.","og_url":"https:\/\/ironsky.pl\/sklep\/produkt\/latarka-uv-superfire-z01-365nm-usb-2\/","og_site_name":"IRONSKY.PL Sklep z Dronami","article_modified_time":"2026-04-15T08:13:31+00:00","og_image":[{"width":800,"height":800,"url":"https:\/\/ironsky.pl\/sklep\/wp-content\/uploads\/2025\/06\/25585_1.jpg","type":"image\/jpeg"}],"twitter_card":"summary_large_image","twitter_misc":{"Szacowany czas czytania":"1 minuta"},"schema":{"@context":"https:\/\/schema.org","@graph":[{"@type":"WebPage","@id":"https:\/\/ironsky.pl\/sklep\/produkt\/latarka-uv-superfire-z01-365nm-usb-2\/","url":"https:\/\/ironsky.pl\/sklep\/produkt\/latarka-uv-superfire-z01-365nm-usb-2\/","name":"Latarka UV SUPERFIRE Z01 365nm USB - IRONSKY.PL Sklep z Dronami","isPartOf":{"@id":"https:\/\/ironsky.pl\/sklep\/#website"},"primaryImageOfPage":{"@id":"https:\/\/ironsky.pl\/sklep\/produkt\/latarka-uv-superfire-z01-365nm-usb-2\/#primaryimage"},"image":{"@id":"https:\/\/ironsky.pl\/sklep\/produkt\/latarka-uv-superfire-z01-365nm-usb-2\/#primaryimage"},"thumbnailUrl":"https:\/\/ironsky.pl\/sklep\/wp-content\/uploads\/2025\/06\/25585_1.jpg","datePublished":"2026-04-15T08:13:22+00:00","dateModified":"2026-04-15T08:13:31+00:00","description":"Latarka UV SUPERFIRE Z01 365nm USB - \u2705 sklep z dronami i fachowym doradztwem. \u2705 Tutaj kupisz produkty DJI, Yuneec, Parrot, Syma i wiele innych, a tak\u017ce kursy i licencje na operatora drona.","breadcrumb":{"@id":"https:\/\/ironsky.pl\/sklep\/produkt\/latarka-uv-superfire-z01-365nm-usb-2\/#breadcrumb"},"inLanguage":"pl-PL","potentialAction":[{"@type":"ReadAction","target":["https:\/\/ironsky.pl\/sklep\/produkt\/latarka-uv-superfire-z01-365nm-usb-2\/"]}]},{"@type":"ImageObject","inLanguage":"pl-PL","@id":"https:\/\/ironsky.pl\/sklep\/produkt\/latarka-uv-superfire-z01-365nm-usb-2\/#primaryimage","url":"https:\/\/ironsky.pl\/sklep\/wp-content\/uploads\/2025\/06\/25585_1.jpg","contentUrl":"https:\/\/ironsky.pl\/sklep\/wp-content\/uploads\/2025\/06\/25585_1.jpg","width":800,"height":800},{"@type":"BreadcrumbList","@id":"https:\/\/ironsky.pl\/sklep\/produkt\/latarka-uv-superfire-z01-365nm-usb-2\/#breadcrumb","itemListElement":[{"@type":"ListItem","position":1,"name":"Strona g\u0142\u00f3wna","item":"https:\/\/ironsky.pl\/sklep\/"},{"@type":"ListItem","position":2,"name":"Wszystkie produkty","item":"https:\/\/ironsky.pl\/sklep\/produkty\/"},{"@type":"ListItem","position":3,"name":"Latarka UV SUPERFIRE Z01 365nm USB"}]},{"@type":"WebSite","@id":"https:\/\/ironsky.pl\/sklep\/#website","url":"https:\/\/ironsky.pl\/sklep\/","name":"IRONSKY.PL Sklep z Dronami","description":"IRONSKY.PL Sklep z Dronami","potentialAction":[{"@type":"SearchAction","target":{"@type":"EntryPoint","urlTemplate":"https:\/\/ironsky.pl\/sklep\/?s={search_term_string}"},"query-input":{"@type":"PropertyValueSpecification","valueRequired":true,"valueName":"search_term_string"}}],"inLanguage":"pl-PL"}]}},"_links":{"self":[{"href":"https:\/\/ironsky.pl\/sklep\/wp-json\/wp\/v2\/product\/56301","targetHints":{"allow":["GET"]}}],"collection":[{"href":"https:\/\/ironsky.pl\/sklep\/wp-json\/wp\/v2\/product"}],"about":[{"href":"https:\/\/ironsky.pl\/sklep\/wp-json\/wp\/v2\/types\/product"}],"replies":[{"embeddable":true,"href":"https:\/\/ironsky.pl\/sklep\/wp-json\/wp\/v2\/comments?post=56301"}],"wp:featuredmedia":[{"embeddable":true,"href":"https:\/\/ironsky.pl\/sklep\/wp-json\/wp\/v2\/media\/42026"}],"wp:attachment":[{"href":"https:\/\/ironsky.pl\/sklep\/wp-json\/wp\/v2\/media?parent=56301"}],"wp:term":[{"taxonomy":"product_brand","embeddable":true,"href":"https:\/\/ironsky.pl\/sklep\/wp-json\/wp\/v2\/product_brand?post=56301"},{"taxonomy":"product_cat","embeddable":true,"href":"https:\/\/ironsky.pl\/sklep\/wp-json\/wp\/v2\/product_cat?post=56301"},{"taxonomy":"product_tag","embeddable":true,"href":"https:\/\/ironsky.pl\/sklep\/wp-json\/wp\/v2\/product_tag?post=56301"}],"curies":[{"name":"wp","href":"https:\/\/api.w.org\/{rel}","templated":true}]}}