{"id":56295,"date":"2026-04-15T10:13:22","date_gmt":"2026-04-15T08:13:22","guid":{"rendered":"https:\/\/ironsky.pl\/sklep\/produkt\/zestaw-filtrow-dji-nd8-16-32-do-avata\/"},"modified":"2026-04-15T10:13:27","modified_gmt":"2026-04-15T08:13:27","slug":"zestaw-filtrow-dji-nd8-16-32-do-avata","status":"publish","type":"product","link":"https:\/\/ironsky.pl\/sklep\/produkt\/zestaw-filtrow-dji-nd8-16-32-do-avata\/","title":{"rendered":"Zestaw filtr\u00f3w DJI ND8\/16\/32 do Avata"},"content":{"rendered":"<div id=\"Opisproduktu\" class=\"long-description\">\n<div class=\"long-description__description-wrapper\">\n<div class=\"description-item\">\n<div class=\"description-item__wrapper\">\n<div class=\"description-item__body\">\n<div class=\"description-item__body-wrapper\">\n<div class=\"description-item__title\">Filtry ND (8\/16\/32) DJI Avata<\/div>\n<div class=\"description-item__content\">\n<p>Filtry s\u0105 wykonane z wysokiej jako\u015bci materia\u0142\u00f3w redukuj\u0105cych \u015bwiat\u0142o i mog\u0105 pom\u00f3c w uchwyceniu prawdziwych kolor\u00f3w z osza\u0142amiaj\u0105cymi szczeg\u00f3\u0142ami \u015bwiate\u0142 i cieni. Wybieraj\u0105c odpowiedni filtr, mo\u017cesz mie\u0107 wi\u0119ksz\u0105 swobod\u0119 w sterowaniu przys\u0142on\u0105 lub migawk\u0105, co zapewnia wi\u0119cej opcji ekspozycji twojej kreacji.<\/p>\n<\/div>\n<\/div>\n<\/div>\n<div class=\"description-item__img\"><img decoding=\"async\" src=\"https:\/\/assets.innpro.pl\/370\/400\/Filtry-ND-8-16-32-DJI-Avata_12.png\" alt=\"\" \/><\/div>\n<\/div>\n<\/div>\n<\/div>\n<div class=\"long-description__description-wrapper\" data-anchor-menu-name=\"W zestawie\">\n<div id=\"Wzestawie\" class=\"long-description__title\">W zestawie<\/div>\n<div class=\"included-items\">\n<div class=\"included-items__item\">\n<div class=\"included-items__img\"><img decoding=\"async\" src=\"https:\/\/assets.innpro.pl\/370\/400\/Filtry-ND-8-DJI-Avata_3.png\" alt=\"\"><\/div>\n<div class=\"included-items__name\">Filtr ND8<\/div>\n<div class=\"included-items__count\">x1<\/div>\n<\/div>\n<div class=\"included-items__item\">\n<div class=\"included-items__img\"><img decoding=\"async\" src=\"https:\/\/assets.innpro.pl\/370\/400\/Filtry-ND-16-DJI-Avata_3.png\" alt=\"\"><\/div>\n<div class=\"included-items__name\">Filtr ND16<\/div>\n<div class=\"included-items__count\">x1<\/div>\n<\/div>\n<div class=\"included-items__item\">\n<div class=\"included-items__img\"><img decoding=\"async\" src=\"https:\/\/assets.innpro.pl\/370\/400\/Filtry-ND-32-DJI-Avata_3.png\" alt=\"\"><\/div>\n<div class=\"included-items__name\">FIltr ND32<\/div>\n<div class=\"included-items__count\">x1<\/div>\n<\/div>\n<\/div>\n<\/div>\n<div class=\"long-description__specification-wrapper\">\n<div id=\"Specyfikacja\" class=\"big_label --ops\" data-anchor-menu-name=\"Specyfikacja\">Specyfikacja<\/div>\n<div class=\"long-description__specification-menu\"><\/div>\n<div class=\"specification-boxes\" data-spec-name=\"Filtry\">\n<div class=\"specification-box\">\n<div class=\"table_container\">\n<div class=\"table1\">\n<table>\n<tbody>\n<tr>\n<th>Producent<\/th>\n<td>DJI<\/td>\n<\/tr>\n<tr>\n<th>Waga<\/th>\n<td>0,5 grama<\/td>\n<\/tr>\n<\/tbody>\n<\/table>\n<\/div>\n<div class=\"table2\">\n<table>\n<tbody>\n<tr>\n<th>Wymiary<\/th>\n<td>22\u00d718 mm<\/td>\n<\/tr>\n<tr>\n<th>Kompatybilno\u015b\u0107<\/th>\n<td>DJI Avata<\/td>\n<\/tr>\n<\/tbody>\n<\/table>\n<\/div>\n<\/div>\n<\/div>\n<\/div>\n<\/div>\n<\/div>\n","protected":false},"excerpt":{"rendered":"<p>Filtry ND (8\/16\/32) DJI Avata Filtry s\u0105 wykonane z wysokiej jako\u015bci materia\u0142\u00f3w redukuj\u0105cych \u015bwiat\u0142o i mog\u0105 pom\u00f3c w uchwyceniu prawdziwych<\/p>\n","protected":false},"featured_media":56296,"comment_status":"closed","ping_status":"open","template":"","meta":{"_acf_changed":false},"product_brand":[],"product_cat":[6167,6170,1088],"product_tag":[],"class_list":{"0":"post-56295","1":"product","2":"type-product","3":"status-publish","4":"has-post-thumbnail","6":"product_cat-akcesoria-do-dronow","7":"product_cat-dji-akcesoria-do-dronow","8":"product_cat-drony","9":"pa_okres-gwarancji-5757","10":"pa_producent-dji","12":"first","13":"outofstock","14":"taxable","15":"shipping-taxable","16":"purchasable","17":"product-type-simple"},"acf":[],"yoast_head":"<!-- This site is optimized with the Yoast SEO plugin v27.2 - https:\/\/yoast.com\/product\/yoast-seo-wordpress\/ -->\n<title>Zestaw filtr\u00f3w DJI ND8\/16\/32 do Avata - IRONSKY.PL Sklep z Dronami<\/title>\n<meta name=\"description\" content=\"Zestaw filtr\u00f3w DJI ND8\/16\/32 do Avata - \u2705 sklep z dronami i fachowym doradztwem. \u2705 Tutaj kupisz produkty DJI, Yuneec, Parrot, Syma i wiele innych, a tak\u017ce kursy i licencje na operatora drona.\" \/>\n<meta name=\"robots\" content=\"index, follow, max-snippet:-1, max-image-preview:large, max-video-preview:-1\" \/>\n<link rel=\"canonical\" href=\"https:\/\/ironsky.pl\/sklep\/produkt\/zestaw-filtrow-dji-nd8-16-32-do-avata\/\" \/>\n<meta property=\"og:locale\" content=\"pl_PL\" \/>\n<meta property=\"og:type\" content=\"article\" \/>\n<meta property=\"og:title\" content=\"Zestaw filtr\u00f3w DJI ND8\/16\/32 do Avata - IRONSKY.PL Sklep z Dronami\" \/>\n<meta property=\"og:description\" content=\"Zestaw filtr\u00f3w DJI ND8\/16\/32 do Avata - \u2705 sklep z dronami i fachowym doradztwem. \u2705 Tutaj kupisz produkty DJI, Yuneec, Parrot, Syma i wiele innych, a tak\u017ce kursy i licencje na operatora drona.\" \/>\n<meta property=\"og:url\" content=\"https:\/\/ironsky.pl\/sklep\/produkt\/zestaw-filtrow-dji-nd8-16-32-do-avata\/\" \/>\n<meta property=\"og:site_name\" content=\"IRONSKY.PL Sklep z Dronami\" \/>\n<meta property=\"article:modified_time\" content=\"2026-04-15T08:13:27+00:00\" \/>\n<meta property=\"og:image\" content=\"https:\/\/ironsky.pl\/sklep\/wp-content\/uploads\/2026\/04\/25567_3.jpg\" \/>\n\t<meta property=\"og:image:width\" content=\"800\" \/>\n\t<meta property=\"og:image:height\" content=\"800\" \/>\n\t<meta property=\"og:image:type\" content=\"image\/jpeg\" \/>\n<meta name=\"twitter:card\" content=\"summary_large_image\" \/>\n<script type=\"application\/ld+json\" class=\"yoast-schema-graph\">{\"@context\":\"https:\/\/schema.org\",\"@graph\":[{\"@type\":\"WebPage\",\"@id\":\"https:\/\/ironsky.pl\/sklep\/produkt\/zestaw-filtrow-dji-nd8-16-32-do-avata\/\",\"url\":\"https:\/\/ironsky.pl\/sklep\/produkt\/zestaw-filtrow-dji-nd8-16-32-do-avata\/\",\"name\":\"Zestaw filtr\u00f3w DJI ND8\/16\/32 do Avata - IRONSKY.PL Sklep z Dronami\",\"isPartOf\":{\"@id\":\"https:\/\/ironsky.pl\/sklep\/#website\"},\"primaryImageOfPage\":{\"@id\":\"https:\/\/ironsky.pl\/sklep\/produkt\/zestaw-filtrow-dji-nd8-16-32-do-avata\/#primaryimage\"},\"image\":{\"@id\":\"https:\/\/ironsky.pl\/sklep\/produkt\/zestaw-filtrow-dji-nd8-16-32-do-avata\/#primaryimage\"},\"thumbnailUrl\":\"https:\/\/ironsky.pl\/sklep\/wp-content\/uploads\/2026\/04\/25567_3.jpg\",\"datePublished\":\"2026-04-15T08:13:22+00:00\",\"dateModified\":\"2026-04-15T08:13:27+00:00\",\"description\":\"Zestaw filtr\u00f3w DJI ND8\/16\/32 do Avata - \u2705 sklep z dronami i fachowym doradztwem. \u2705 Tutaj kupisz produkty DJI, Yuneec, Parrot, Syma i wiele innych, a tak\u017ce kursy i licencje na operatora drona.\",\"breadcrumb\":{\"@id\":\"https:\/\/ironsky.pl\/sklep\/produkt\/zestaw-filtrow-dji-nd8-16-32-do-avata\/#breadcrumb\"},\"inLanguage\":\"pl-PL\",\"potentialAction\":[{\"@type\":\"ReadAction\",\"target\":[\"https:\/\/ironsky.pl\/sklep\/produkt\/zestaw-filtrow-dji-nd8-16-32-do-avata\/\"]}]},{\"@type\":\"ImageObject\",\"inLanguage\":\"pl-PL\",\"@id\":\"https:\/\/ironsky.pl\/sklep\/produkt\/zestaw-filtrow-dji-nd8-16-32-do-avata\/#primaryimage\",\"url\":\"https:\/\/ironsky.pl\/sklep\/wp-content\/uploads\/2026\/04\/25567_3.jpg\",\"contentUrl\":\"https:\/\/ironsky.pl\/sklep\/wp-content\/uploads\/2026\/04\/25567_3.jpg\",\"width\":800,\"height\":800},{\"@type\":\"BreadcrumbList\",\"@id\":\"https:\/\/ironsky.pl\/sklep\/produkt\/zestaw-filtrow-dji-nd8-16-32-do-avata\/#breadcrumb\",\"itemListElement\":[{\"@type\":\"ListItem\",\"position\":1,\"name\":\"Strona g\u0142\u00f3wna\",\"item\":\"https:\/\/ironsky.pl\/sklep\/\"},{\"@type\":\"ListItem\",\"position\":2,\"name\":\"Wszystkie produkty\",\"item\":\"https:\/\/ironsky.pl\/sklep\/produkty\/\"},{\"@type\":\"ListItem\",\"position\":3,\"name\":\"Zestaw filtr\u00f3w DJI ND8\/16\/32 do Avata\"}]},{\"@type\":\"WebSite\",\"@id\":\"https:\/\/ironsky.pl\/sklep\/#website\",\"url\":\"https:\/\/ironsky.pl\/sklep\/\",\"name\":\"IRONSKY.PL Sklep z Dronami\",\"description\":\"IRONSKY.PL Sklep z Dronami\",\"potentialAction\":[{\"@type\":\"SearchAction\",\"target\":{\"@type\":\"EntryPoint\",\"urlTemplate\":\"https:\/\/ironsky.pl\/sklep\/?s={search_term_string}\"},\"query-input\":{\"@type\":\"PropertyValueSpecification\",\"valueRequired\":true,\"valueName\":\"search_term_string\"}}],\"inLanguage\":\"pl-PL\"}]}<\/script>\n<!-- \/ Yoast SEO plugin. -->","yoast_head_json":{"title":"Zestaw filtr\u00f3w DJI ND8\/16\/32 do Avata - IRONSKY.PL Sklep z Dronami","description":"Zestaw filtr\u00f3w DJI ND8\/16\/32 do Avata - \u2705 sklep z dronami i fachowym doradztwem. \u2705 Tutaj kupisz produkty DJI, Yuneec, Parrot, Syma i wiele innych, a tak\u017ce kursy i licencje na operatora drona.","robots":{"index":"index","follow":"follow","max-snippet":"max-snippet:-1","max-image-preview":"max-image-preview:large","max-video-preview":"max-video-preview:-1"},"canonical":"https:\/\/ironsky.pl\/sklep\/produkt\/zestaw-filtrow-dji-nd8-16-32-do-avata\/","og_locale":"pl_PL","og_type":"article","og_title":"Zestaw filtr\u00f3w DJI ND8\/16\/32 do Avata - IRONSKY.PL Sklep z Dronami","og_description":"Zestaw filtr\u00f3w DJI ND8\/16\/32 do Avata - \u2705 sklep z dronami i fachowym doradztwem. \u2705 Tutaj kupisz produkty DJI, Yuneec, Parrot, Syma i wiele innych, a tak\u017ce kursy i licencje na operatora drona.","og_url":"https:\/\/ironsky.pl\/sklep\/produkt\/zestaw-filtrow-dji-nd8-16-32-do-avata\/","og_site_name":"IRONSKY.PL Sklep z Dronami","article_modified_time":"2026-04-15T08:13:27+00:00","og_image":[{"width":800,"height":800,"url":"https:\/\/ironsky.pl\/sklep\/wp-content\/uploads\/2026\/04\/25567_3.jpg","type":"image\/jpeg"}],"twitter_card":"summary_large_image","schema":{"@context":"https:\/\/schema.org","@graph":[{"@type":"WebPage","@id":"https:\/\/ironsky.pl\/sklep\/produkt\/zestaw-filtrow-dji-nd8-16-32-do-avata\/","url":"https:\/\/ironsky.pl\/sklep\/produkt\/zestaw-filtrow-dji-nd8-16-32-do-avata\/","name":"Zestaw filtr\u00f3w DJI ND8\/16\/32 do Avata - IRONSKY.PL Sklep z Dronami","isPartOf":{"@id":"https:\/\/ironsky.pl\/sklep\/#website"},"primaryImageOfPage":{"@id":"https:\/\/ironsky.pl\/sklep\/produkt\/zestaw-filtrow-dji-nd8-16-32-do-avata\/#primaryimage"},"image":{"@id":"https:\/\/ironsky.pl\/sklep\/produkt\/zestaw-filtrow-dji-nd8-16-32-do-avata\/#primaryimage"},"thumbnailUrl":"https:\/\/ironsky.pl\/sklep\/wp-content\/uploads\/2026\/04\/25567_3.jpg","datePublished":"2026-04-15T08:13:22+00:00","dateModified":"2026-04-15T08:13:27+00:00","description":"Zestaw filtr\u00f3w DJI ND8\/16\/32 do Avata - \u2705 sklep z dronami i fachowym doradztwem. \u2705 Tutaj kupisz produkty DJI, Yuneec, Parrot, Syma i wiele innych, a tak\u017ce kursy i licencje na operatora drona.","breadcrumb":{"@id":"https:\/\/ironsky.pl\/sklep\/produkt\/zestaw-filtrow-dji-nd8-16-32-do-avata\/#breadcrumb"},"inLanguage":"pl-PL","potentialAction":[{"@type":"ReadAction","target":["https:\/\/ironsky.pl\/sklep\/produkt\/zestaw-filtrow-dji-nd8-16-32-do-avata\/"]}]},{"@type":"ImageObject","inLanguage":"pl-PL","@id":"https:\/\/ironsky.pl\/sklep\/produkt\/zestaw-filtrow-dji-nd8-16-32-do-avata\/#primaryimage","url":"https:\/\/ironsky.pl\/sklep\/wp-content\/uploads\/2026\/04\/25567_3.jpg","contentUrl":"https:\/\/ironsky.pl\/sklep\/wp-content\/uploads\/2026\/04\/25567_3.jpg","width":800,"height":800},{"@type":"BreadcrumbList","@id":"https:\/\/ironsky.pl\/sklep\/produkt\/zestaw-filtrow-dji-nd8-16-32-do-avata\/#breadcrumb","itemListElement":[{"@type":"ListItem","position":1,"name":"Strona g\u0142\u00f3wna","item":"https:\/\/ironsky.pl\/sklep\/"},{"@type":"ListItem","position":2,"name":"Wszystkie produkty","item":"https:\/\/ironsky.pl\/sklep\/produkty\/"},{"@type":"ListItem","position":3,"name":"Zestaw filtr\u00f3w DJI ND8\/16\/32 do Avata"}]},{"@type":"WebSite","@id":"https:\/\/ironsky.pl\/sklep\/#website","url":"https:\/\/ironsky.pl\/sklep\/","name":"IRONSKY.PL Sklep z Dronami","description":"IRONSKY.PL Sklep z Dronami","potentialAction":[{"@type":"SearchAction","target":{"@type":"EntryPoint","urlTemplate":"https:\/\/ironsky.pl\/sklep\/?s={search_term_string}"},"query-input":{"@type":"PropertyValueSpecification","valueRequired":true,"valueName":"search_term_string"}}],"inLanguage":"pl-PL"}]}},"_links":{"self":[{"href":"https:\/\/ironsky.pl\/sklep\/wp-json\/wp\/v2\/product\/56295","targetHints":{"allow":["GET"]}}],"collection":[{"href":"https:\/\/ironsky.pl\/sklep\/wp-json\/wp\/v2\/product"}],"about":[{"href":"https:\/\/ironsky.pl\/sklep\/wp-json\/wp\/v2\/types\/product"}],"replies":[{"embeddable":true,"href":"https:\/\/ironsky.pl\/sklep\/wp-json\/wp\/v2\/comments?post=56295"}],"wp:featuredmedia":[{"embeddable":true,"href":"https:\/\/ironsky.pl\/sklep\/wp-json\/wp\/v2\/media\/56296"}],"wp:attachment":[{"href":"https:\/\/ironsky.pl\/sklep\/wp-json\/wp\/v2\/media?parent=56295"}],"wp:term":[{"taxonomy":"product_brand","embeddable":true,"href":"https:\/\/ironsky.pl\/sklep\/wp-json\/wp\/v2\/product_brand?post=56295"},{"taxonomy":"product_cat","embeddable":true,"href":"https:\/\/ironsky.pl\/sklep\/wp-json\/wp\/v2\/product_cat?post=56295"},{"taxonomy":"product_tag","embeddable":true,"href":"https:\/\/ironsky.pl\/sklep\/wp-json\/wp\/v2\/product_tag?post=56295"}],"curies":[{"name":"wp","href":"https:\/\/api.w.org\/{rel}","templated":true}]}}