{"id":56283,"date":"2026-04-15T10:12:37","date_gmt":"2026-04-15T08:12:37","guid":{"rendered":"https:\/\/ironsky.pl\/sklep\/produkt\/panel-fotowoltaiczny-ecoflow-100w-elastyczny\/"},"modified":"2026-04-15T10:48:36","modified_gmt":"2026-04-15T08:48:36","slug":"panel-fotowoltaiczny-ecoflow-100w-elastyczny","status":"publish","type":"product","link":"https:\/\/ironsky.pl\/sklep\/produkt\/panel-fotowoltaiczny-ecoflow-100w-elastyczny\/","title":{"rendered":"Panel fotowoltaiczny ECOFLOW 100W elastyczny"},"content":{"rendered":"<h3>Panel fotowoltaiczny EcoFlow 100W (elastyczny)<\/h3>\n<p>Wyposa\u017c si\u0119 w panel fotowoltaiczny EcoFlow 100W i stw\u00f3rz optymalny system zasilania w swoim kamperze. Panel wyr\u00f3\u017cnia si\u0119 nisk\u0105 wag\u0105 i \u0142atw\u0105 instalacj\u0105. Dzi\u0119ki elastycznej konstrukcji bez trudu dopasujesz go do zakrzywionych powierzchni, a wodoodporno\u015b\u0107 na poziomie IP68 i zastosowanie solidnych materia\u0142\u00f3w sprawia, \u017ce produkt przetrwa ka\u017cde warunki.<\/p>\n<p><img decoding=\"async\" src=\"https:\/\/b2b.innpro.pl\/data\/include\/cms\/12EcoFlow\/Panel-fotowoltaiczny-EcoFlow-100W\/2.jpg\"><\/p>\n<h3>Wydajne dzia\u0142anie<\/h3>\n<p>Panel fotowoltaiczny EcoFlow wykorzystuje najwy\u017cszej jako\u015bci ogniwa monokrystaliczne, a jego sprawno\u015b\u0107 konwersji si\u0119ga 23%, co zapewnia wysok\u0105 wydajno\u015b\u0107 w s\u0142oneczny dzie\u0144. Dzi\u0119ki temu zasilisz niezb\u0119dne sprz\u0119ty przy u\u017cyciu darmowej, og\u00f3lnodost\u0119pnej i ekologicznej energii s\u0142onecznej bez wzgl\u0119du na miejsce, w kt\u00f3rym przebywasz.<\/p>\n<p><img decoding=\"async\" src=\"https:\/\/b2b.innpro.pl\/data\/include\/cms\/12EcoFlow\/Panel-fotowoltaiczny-EcoFlow-100W\/9.jpg\"><\/p>\n<h3>Lekki i przeno\u015bny<\/h3>\n<p>Produkt wa\u017cy zaledwie 2,3 kg, a wi\u0119c nie sprawia trudno\u015bci w transporcie i podczas instalacji. Doskonale sprawdzi si\u0119 np. na kamperze, bowiem dzi\u0119ki elastycznej konstrukcji bez problemu dopasujesz go do zaokr\u0105glonej powierzchni. Atutem jest r\u00f3wnie\u017c uniwersalne z\u0142\u0105cze MC4, kt\u00f3re zapewnia szerok\u0105 kompatybilno\u015b\u0107.<\/p>\n<p><img decoding=\"async\" src=\"https:\/\/b2b.innpro.pl\/data\/include\/cms\/12EcoFlow\/Panel-fotowoltaiczny-EcoFlow-100W\/8.jpg\"><\/p>\n<div class=\"table-wrapper\">\n<table>\n<tbody>\n<tr>\n<th>Producent<\/th>\n<td>EcoFlow<\/td>\n<\/tr>\n<tr>\n<th>Nazwa<\/th>\n<td>Panel fotowoltaiczny EcoFlow 100W (elastyczny)<\/td>\n<\/tr>\n<tr>\n<th>Moc znamionowa<\/th>\n<td>100 W\u00a0<\/td>\n<\/tr>\n<tr>\n<th>Napi\u0119cie obwodu otwartego<\/th>\n<td>20,3 V<\/td>\n<\/tr>\n<tr>\n<th>Pr\u0105d zwarciowy<\/th>\n<td>6,3 A<\/td>\n<\/tr>\n<tr>\n<th>Maksymalne napi\u0119cie robocze<\/th>\n<td>17,1 V<\/td>\n<\/tr>\n<tr>\n<th>Maksymalne nat\u0119\u017cenie robocze<\/th>\n<td>5,9 A<\/td>\n<\/tr>\n<tr>\n<th>Maksymalne napi\u0119cie systemowe<\/th>\n<td>600 V DC (UL)<\/td>\n<\/tr>\n<tr>\n<th>Maksymalne nat\u0119\u017cenie\u00a0bezpiecznika<\/th>\n<td>15 A<\/td>\n<\/tr>\n<tr>\n<th>Z\u0142\u0105cze<\/th>\n<td>MC4<\/td>\n<\/tr>\n<tr>\n<th>Sprawno\u015b\u0107 konwersji<\/th>\n<td>23%<\/td>\n<\/tr>\n<tr>\n<th>Wymiary<\/th>\n<td>1055 x 612 x 25 mm<\/td>\n<\/tr>\n<tr>\n<th>Waga<\/th>\n<td>Ok. 2,3 kg<\/td>\n<\/tr>\n<\/tbody>\n<\/table>\n<\/div>\n","protected":false},"excerpt":{"rendered":"<p>Panel fotowoltaiczny EcoFlow 100W (elastyczny) Wyposa\u017c si\u0119 w panel fotowoltaiczny EcoFlow 100W i stw\u00f3rz optymalny system zasilania w swoim kamperze.<\/p>\n","protected":false},"featured_media":56284,"comment_status":"closed","ping_status":"open","template":"","meta":{"_acf_changed":false},"product_brand":[],"product_cat":[1108,1110,6193],"product_tag":[],"class_list":{"0":"post-56283","1":"product","2":"type-product","3":"status-publish","4":"has-post-thumbnail","6":"product_cat-energia","7":"product_cat-panele-fotowoltaiczne","8":"product_cat-panele-fotowoltaiczne-panele-fotowoltaiczne","9":"pa_okres-gwarancji-5775","10":"pa_producent-ecoflow","12":"first","13":"outofstock","14":"taxable","15":"shipping-taxable","16":"purchasable","17":"product-type-simple"},"acf":[],"yoast_head":"<!-- This site is optimized with the Yoast SEO plugin v27.2 - https:\/\/yoast.com\/product\/yoast-seo-wordpress\/ -->\n<title>Panel fotowoltaiczny ECOFLOW 100W elastyczny - IRONSKY.PL Sklep z Dronami<\/title>\n<meta name=\"description\" content=\"Panel fotowoltaiczny ECOFLOW 100W elastyczny - \u2705 sklep z dronami i fachowym doradztwem. \u2705 Tutaj kupisz produkty DJI, Yuneec, Parrot, Syma i wiele innych, a tak\u017ce kursy i licencje na operatora drona.\" \/>\n<meta name=\"robots\" content=\"index, follow, max-snippet:-1, max-image-preview:large, max-video-preview:-1\" \/>\n<link rel=\"canonical\" href=\"https:\/\/ironsky.pl\/sklep\/produkt\/panel-fotowoltaiczny-ecoflow-100w-elastyczny\/\" \/>\n<meta property=\"og:locale\" content=\"pl_PL\" \/>\n<meta property=\"og:type\" content=\"article\" \/>\n<meta property=\"og:title\" content=\"Panel fotowoltaiczny ECOFLOW 100W elastyczny - IRONSKY.PL Sklep z Dronami\" \/>\n<meta property=\"og:description\" content=\"Panel fotowoltaiczny ECOFLOW 100W elastyczny - \u2705 sklep z dronami i fachowym doradztwem. \u2705 Tutaj kupisz produkty DJI, Yuneec, Parrot, Syma i wiele innych, a tak\u017ce kursy i licencje na operatora drona.\" \/>\n<meta property=\"og:url\" content=\"https:\/\/ironsky.pl\/sklep\/produkt\/panel-fotowoltaiczny-ecoflow-100w-elastyczny\/\" \/>\n<meta property=\"og:site_name\" content=\"IRONSKY.PL Sklep z Dronami\" \/>\n<meta property=\"article:modified_time\" content=\"2026-04-15T08:48:36+00:00\" \/>\n<meta property=\"og:image\" content=\"https:\/\/ironsky.pl\/sklep\/wp-content\/uploads\/2026\/04\/25339_1.jpg\" \/>\n\t<meta property=\"og:image:width\" content=\"800\" \/>\n\t<meta property=\"og:image:height\" content=\"800\" \/>\n\t<meta property=\"og:image:type\" content=\"image\/jpeg\" \/>\n<meta name=\"twitter:card\" content=\"summary_large_image\" \/>\n<meta name=\"twitter:label1\" content=\"Szacowany czas czytania\" \/>\n\t<meta name=\"twitter:data1\" content=\"1 minuta\" \/>\n<script type=\"application\/ld+json\" class=\"yoast-schema-graph\">{\"@context\":\"https:\/\/schema.org\",\"@graph\":[{\"@type\":\"WebPage\",\"@id\":\"https:\/\/ironsky.pl\/sklep\/produkt\/panel-fotowoltaiczny-ecoflow-100w-elastyczny\/\",\"url\":\"https:\/\/ironsky.pl\/sklep\/produkt\/panel-fotowoltaiczny-ecoflow-100w-elastyczny\/\",\"name\":\"Panel fotowoltaiczny ECOFLOW 100W elastyczny - IRONSKY.PL Sklep z Dronami\",\"isPartOf\":{\"@id\":\"https:\/\/ironsky.pl\/sklep\/#website\"},\"primaryImageOfPage\":{\"@id\":\"https:\/\/ironsky.pl\/sklep\/produkt\/panel-fotowoltaiczny-ecoflow-100w-elastyczny\/#primaryimage\"},\"image\":{\"@id\":\"https:\/\/ironsky.pl\/sklep\/produkt\/panel-fotowoltaiczny-ecoflow-100w-elastyczny\/#primaryimage\"},\"thumbnailUrl\":\"https:\/\/ironsky.pl\/sklep\/wp-content\/uploads\/2026\/04\/25339_1.jpg\",\"datePublished\":\"2026-04-15T08:12:37+00:00\",\"dateModified\":\"2026-04-15T08:48:36+00:00\",\"description\":\"Panel fotowoltaiczny ECOFLOW 100W elastyczny - \u2705 sklep z dronami i fachowym doradztwem. \u2705 Tutaj kupisz produkty DJI, Yuneec, Parrot, Syma i wiele innych, a tak\u017ce kursy i licencje na operatora drona.\",\"breadcrumb\":{\"@id\":\"https:\/\/ironsky.pl\/sklep\/produkt\/panel-fotowoltaiczny-ecoflow-100w-elastyczny\/#breadcrumb\"},\"inLanguage\":\"pl-PL\",\"potentialAction\":[{\"@type\":\"ReadAction\",\"target\":[\"https:\/\/ironsky.pl\/sklep\/produkt\/panel-fotowoltaiczny-ecoflow-100w-elastyczny\/\"]}]},{\"@type\":\"ImageObject\",\"inLanguage\":\"pl-PL\",\"@id\":\"https:\/\/ironsky.pl\/sklep\/produkt\/panel-fotowoltaiczny-ecoflow-100w-elastyczny\/#primaryimage\",\"url\":\"https:\/\/ironsky.pl\/sklep\/wp-content\/uploads\/2026\/04\/25339_1.jpg\",\"contentUrl\":\"https:\/\/ironsky.pl\/sklep\/wp-content\/uploads\/2026\/04\/25339_1.jpg\",\"width\":800,\"height\":800},{\"@type\":\"BreadcrumbList\",\"@id\":\"https:\/\/ironsky.pl\/sklep\/produkt\/panel-fotowoltaiczny-ecoflow-100w-elastyczny\/#breadcrumb\",\"itemListElement\":[{\"@type\":\"ListItem\",\"position\":1,\"name\":\"Strona g\u0142\u00f3wna\",\"item\":\"https:\/\/ironsky.pl\/sklep\/\"},{\"@type\":\"ListItem\",\"position\":2,\"name\":\"Wszystkie produkty\",\"item\":\"https:\/\/ironsky.pl\/sklep\/produkty\/\"},{\"@type\":\"ListItem\",\"position\":3,\"name\":\"Panel fotowoltaiczny ECOFLOW 100W elastyczny\"}]},{\"@type\":\"WebSite\",\"@id\":\"https:\/\/ironsky.pl\/sklep\/#website\",\"url\":\"https:\/\/ironsky.pl\/sklep\/\",\"name\":\"IRONSKY.PL Sklep z Dronami\",\"description\":\"IRONSKY.PL Sklep z Dronami\",\"potentialAction\":[{\"@type\":\"SearchAction\",\"target\":{\"@type\":\"EntryPoint\",\"urlTemplate\":\"https:\/\/ironsky.pl\/sklep\/?s={search_term_string}\"},\"query-input\":{\"@type\":\"PropertyValueSpecification\",\"valueRequired\":true,\"valueName\":\"search_term_string\"}}],\"inLanguage\":\"pl-PL\"}]}<\/script>\n<!-- \/ Yoast SEO plugin. -->","yoast_head_json":{"title":"Panel fotowoltaiczny ECOFLOW 100W elastyczny - IRONSKY.PL Sklep z Dronami","description":"Panel fotowoltaiczny ECOFLOW 100W elastyczny - \u2705 sklep z dronami i fachowym doradztwem. \u2705 Tutaj kupisz produkty DJI, Yuneec, Parrot, Syma i wiele innych, a tak\u017ce kursy i licencje na operatora drona.","robots":{"index":"index","follow":"follow","max-snippet":"max-snippet:-1","max-image-preview":"max-image-preview:large","max-video-preview":"max-video-preview:-1"},"canonical":"https:\/\/ironsky.pl\/sklep\/produkt\/panel-fotowoltaiczny-ecoflow-100w-elastyczny\/","og_locale":"pl_PL","og_type":"article","og_title":"Panel fotowoltaiczny ECOFLOW 100W elastyczny - IRONSKY.PL Sklep z Dronami","og_description":"Panel fotowoltaiczny ECOFLOW 100W elastyczny - \u2705 sklep z dronami i fachowym doradztwem. \u2705 Tutaj kupisz produkty DJI, Yuneec, Parrot, Syma i wiele innych, a tak\u017ce kursy i licencje na operatora drona.","og_url":"https:\/\/ironsky.pl\/sklep\/produkt\/panel-fotowoltaiczny-ecoflow-100w-elastyczny\/","og_site_name":"IRONSKY.PL Sklep z Dronami","article_modified_time":"2026-04-15T08:48:36+00:00","og_image":[{"width":800,"height":800,"url":"https:\/\/ironsky.pl\/sklep\/wp-content\/uploads\/2026\/04\/25339_1.jpg","type":"image\/jpeg"}],"twitter_card":"summary_large_image","twitter_misc":{"Szacowany czas czytania":"1 minuta"},"schema":{"@context":"https:\/\/schema.org","@graph":[{"@type":"WebPage","@id":"https:\/\/ironsky.pl\/sklep\/produkt\/panel-fotowoltaiczny-ecoflow-100w-elastyczny\/","url":"https:\/\/ironsky.pl\/sklep\/produkt\/panel-fotowoltaiczny-ecoflow-100w-elastyczny\/","name":"Panel fotowoltaiczny ECOFLOW 100W elastyczny - IRONSKY.PL Sklep z Dronami","isPartOf":{"@id":"https:\/\/ironsky.pl\/sklep\/#website"},"primaryImageOfPage":{"@id":"https:\/\/ironsky.pl\/sklep\/produkt\/panel-fotowoltaiczny-ecoflow-100w-elastyczny\/#primaryimage"},"image":{"@id":"https:\/\/ironsky.pl\/sklep\/produkt\/panel-fotowoltaiczny-ecoflow-100w-elastyczny\/#primaryimage"},"thumbnailUrl":"https:\/\/ironsky.pl\/sklep\/wp-content\/uploads\/2026\/04\/25339_1.jpg","datePublished":"2026-04-15T08:12:37+00:00","dateModified":"2026-04-15T08:48:36+00:00","description":"Panel fotowoltaiczny ECOFLOW 100W elastyczny - \u2705 sklep z dronami i fachowym doradztwem. \u2705 Tutaj kupisz produkty DJI, Yuneec, Parrot, Syma i wiele innych, a tak\u017ce kursy i licencje na operatora drona.","breadcrumb":{"@id":"https:\/\/ironsky.pl\/sklep\/produkt\/panel-fotowoltaiczny-ecoflow-100w-elastyczny\/#breadcrumb"},"inLanguage":"pl-PL","potentialAction":[{"@type":"ReadAction","target":["https:\/\/ironsky.pl\/sklep\/produkt\/panel-fotowoltaiczny-ecoflow-100w-elastyczny\/"]}]},{"@type":"ImageObject","inLanguage":"pl-PL","@id":"https:\/\/ironsky.pl\/sklep\/produkt\/panel-fotowoltaiczny-ecoflow-100w-elastyczny\/#primaryimage","url":"https:\/\/ironsky.pl\/sklep\/wp-content\/uploads\/2026\/04\/25339_1.jpg","contentUrl":"https:\/\/ironsky.pl\/sklep\/wp-content\/uploads\/2026\/04\/25339_1.jpg","width":800,"height":800},{"@type":"BreadcrumbList","@id":"https:\/\/ironsky.pl\/sklep\/produkt\/panel-fotowoltaiczny-ecoflow-100w-elastyczny\/#breadcrumb","itemListElement":[{"@type":"ListItem","position":1,"name":"Strona g\u0142\u00f3wna","item":"https:\/\/ironsky.pl\/sklep\/"},{"@type":"ListItem","position":2,"name":"Wszystkie produkty","item":"https:\/\/ironsky.pl\/sklep\/produkty\/"},{"@type":"ListItem","position":3,"name":"Panel fotowoltaiczny ECOFLOW 100W elastyczny"}]},{"@type":"WebSite","@id":"https:\/\/ironsky.pl\/sklep\/#website","url":"https:\/\/ironsky.pl\/sklep\/","name":"IRONSKY.PL Sklep z Dronami","description":"IRONSKY.PL Sklep z Dronami","potentialAction":[{"@type":"SearchAction","target":{"@type":"EntryPoint","urlTemplate":"https:\/\/ironsky.pl\/sklep\/?s={search_term_string}"},"query-input":{"@type":"PropertyValueSpecification","valueRequired":true,"valueName":"search_term_string"}}],"inLanguage":"pl-PL"}]}},"_links":{"self":[{"href":"https:\/\/ironsky.pl\/sklep\/wp-json\/wp\/v2\/product\/56283","targetHints":{"allow":["GET"]}}],"collection":[{"href":"https:\/\/ironsky.pl\/sklep\/wp-json\/wp\/v2\/product"}],"about":[{"href":"https:\/\/ironsky.pl\/sklep\/wp-json\/wp\/v2\/types\/product"}],"replies":[{"embeddable":true,"href":"https:\/\/ironsky.pl\/sklep\/wp-json\/wp\/v2\/comments?post=56283"}],"wp:featuredmedia":[{"embeddable":true,"href":"https:\/\/ironsky.pl\/sklep\/wp-json\/wp\/v2\/media\/56284"}],"wp:attachment":[{"href":"https:\/\/ironsky.pl\/sklep\/wp-json\/wp\/v2\/media?parent=56283"}],"wp:term":[{"taxonomy":"product_brand","embeddable":true,"href":"https:\/\/ironsky.pl\/sklep\/wp-json\/wp\/v2\/product_brand?post=56283"},{"taxonomy":"product_cat","embeddable":true,"href":"https:\/\/ironsky.pl\/sklep\/wp-json\/wp\/v2\/product_cat?post=56283"},{"taxonomy":"product_tag","embeddable":true,"href":"https:\/\/ironsky.pl\/sklep\/wp-json\/wp\/v2\/product_tag?post=56283"}],"curies":[{"name":"wp","href":"https:\/\/api.w.org\/{rel}","templated":true}]}}