{"id":56281,"date":"2026-04-15T10:12:37","date_gmt":"2026-04-15T08:12:37","guid":{"rendered":"https:\/\/ironsky.pl\/sklep\/produkt\/hub-baseus-metal-gleam-series-4-portowy-usb-c\/"},"modified":"2026-04-15T10:48:34","modified_gmt":"2026-04-15T08:48:34","slug":"hub-baseus-metal-gleam-series-4-portowy-usb-c","status":"publish","type":"product","link":"https:\/\/ironsky.pl\/sklep\/produkt\/hub-baseus-metal-gleam-series-4-portowy-usb-c\/","title":{"rendered":"Hub BASEUS Metal Gleam Series 4-portowy USB-C"},"content":{"rendered":"<h3>Hub 4w1 Baseus Metal Gleam Series<\/h3>\n<p>Szukasz niezawodnego narz\u0119dzia, kt\u00f3re pozwoli Ci pracowa\u0107 bardziej efektywnie? Hub 4w1 Baseus Metal Gleam Series to idealna odpowied\u017a na Twoje potrzeby! A\u017c 4 dost\u0119pne porty i b\u0142yskawiczna transmisja danych z pr\u0119dko\u015bci\u0105 do 5 Gbps &#8211; sprawd\u017a, co jeszcze zyskujesz! Produkt jest przy tym niezwykle wytrzyma\u0142y, a dzi\u0119ki kompaktowym rozmiarom mo\u017cesz mie\u0107 go zawsze przy sobie.<\/p>\n<p><img decoding=\"async\" src=\"https:\/\/b2b.innpro.pl\/data\/include\/cms\/-Baseus\/WKWG070013\/6.jpg\"><\/p>\n<h3>Zwi\u0119ksz mo\u017cliwo\u015bci swojego laptopa<\/h3>\n<p>Wykorzystaj zaledwie jedno wej\u015bcie USB-C swojego laptopa, aby zyska\u0107 mo\u017cliwo\u015b\u0107 pod\u0142\u0105czenia do niego kilku r\u00f3\u017cnych urz\u0105dze\u0144. Hub marki Baseus zosta\u0142 wyposa\u017cony w 4 porty 3 USB 3.0. Teraz z \u0142atwo\u015bci\u0105 zwi\u0119kszysz funkcjonalno\u015b\u0107 swojego komputera i u\u0142atwisz sobie prac\u0119. Koniec z problemem zbyt ma\u0142ej liczby port\u00f3w!<\/p>\n<p><img decoding=\"async\" src=\"https:\/\/b2b.innpro.pl\/data\/include\/cms\/-Baseus\/WKWG070013\/9.jpg\"><\/p>\n<h3>B\u0142yskawicznie przesy\u0142aj pliki<\/h3>\n<p>Hub umo\u017cliwia tak\u017ce szybki transfer plik\u00f3w. Porty USB 3.0 pozwalaj\u0105 przesy\u0142a\u0107 dane z pr\u0119dko\u015bci\u0105 si\u0119gaj\u0105c\u0105 5 Gbps (500 MB\/s). To oznacza, \u017ce mo\u017cesz w kr\u00f3tkim czasie skopiowa\u0107 nawet bardzo du\u017co zdj\u0119\u0107, film\u00f3w, utwor\u00f3w muzycznych lub dokument\u00f3w. Ju\u017c nie musisz czeka\u0107 w niesko\u0144czono\u015b\u0107, a\u017c Twoje pliki zostan\u0105 przes\u0142ane!<\/p>\n<p><img decoding=\"async\" src=\"https:\/\/b2b.innpro.pl\/data\/include\/cms\/-Baseus\/WKWG070013\/2.jpg\"><\/p>\n<h3>Dodatkowy port zasilania USB-C<\/h3>\n<p>Zamierzasz korzysta\u0107 z bardziej zaawansowanych urz\u0105dze\u0144? \u017baden problem! Hub zosta\u0142 wyposa\u017cony w dodatkowy port zasilania USB-C, kt\u00f3ry wspiera pr\u0105d wej\u015bciowy na poziomie nawet 5 V \/ 3 A. Dzi\u0119ki temu mo\u017cesz bez problemu u\u017cywa\u0107 r\u00f3wnie\u017c dysk\u00f3w twardych o du\u017cej pojemno\u015bci do 4 TB. Z Baseus nie musisz si\u0119 ogranicza\u0107!<\/p>\n<p><img decoding=\"async\" src=\"https:\/\/b2b.innpro.pl\/data\/include\/cms\/-Baseus\/WKWG070013\/12.jpg\"><\/p>\n<h3>Szeroka kompatybilno\u015b\u0107<\/h3>\n<p>Nie obawiaj si\u0119 problem\u00f3w z kompatybilno\u015bci\u0105 hubu. Dzia\u0142a on z wieloma wersjami system\u00f3w Windows, Mac OS czy Linux. Obs\u0142uguje te\u017c tablety i smartfony r\u00f3\u017cnych producent\u00f3w &#8211; od Apple przez Samsung po Huawei. Niewa\u017cne, z jakich urz\u0105dze\u0144 korzystasz &#8211; hub marki Baseus najprawdopodobniej b\u0119dzie fantastycznie z nimi wsp\u00f3\u0142pracowa\u0142. Co wi\u0119cej, dzi\u0119ki systemowi Plug&#038;Play z \u0142atwo\u015bci\u0105 go pod\u0142\u0105czysz.<\/p>\n<p><img decoding=\"async\" src=\"https:\/\/b2b.innpro.pl\/data\/include\/cms\/-Baseus\/WKWG070013\/7.jpg\"><\/p>\n<h3>Doskonale przemy\u015blana konstrukcja<\/h3>\n<p>Hub Baseus Metal Gleam Series jest niewielki i przeno\u015bny. Mo\u017cesz mie\u0107 go zawsze pod r\u0119k\u0105 i u\u017cywa\u0107, kiedy tylko b\u0119dzie Ci potrzebny. Produkt charakteryzuje si\u0119 te\u017c du\u017c\u0105 wytrzyma\u0142o\u015bci\u0105. Wykonany ze stopu aluminium &#8211; jest odporny na zu\u017cycie, blakni\u0119cie koloru, uszkodzenia i dzia\u0142anie wysokiej temperatury. Przyjemna w dotyku faktura i elegancki, nowoczesny design to jego dodatkowe zalety. Ponadto niebieski, \u015bwiec\u0105cy wska\u017anik w czasie rzeczywistym sygnalizuje status urz\u0105dzenia.<\/p>\n<p><img decoding=\"async\" src=\"https:\/\/b2b.innpro.pl\/data\/include\/cms\/-Baseus\/WKWG070013\/1.jpg\"><\/p>\n<h3>Wiele zastosowa\u0144<\/h3>\n<p>To praktyczne urz\u0105dzenie znajdzie wiele zastosowa\u0144 w domu, w pracy i podczas podr\u00f3\u017cy. Je\u015bli Tw\u00f3j smartfon obs\u0142uguje OTG, za pomoc\u0105 hubu mo\u017cesz pod\u0142\u0105czy\u0107 do niego dysk przeno\u015bny i wygodnie skopiowa\u0107 potrzebne pliki. Chcesz u\u0142atwi\u0107 sobie prac\u0119 na tablecie? Po\u0142\u0105cz z nim mysz i klawiatur\u0119, aby korzysta\u0107 z niego tak, jak z laptopa! Teraz mo\u017cesz wygodnie pisa\u0107 maile lub edytowa\u0107 zdj\u0119cia.<\/p>\n<p><img decoding=\"async\" src=\"https:\/\/b2b.innpro.pl\/data\/include\/cms\/-Baseus\/WKWG070013\/8.jpg\"><\/p>\n<div class=\"table-wrapper\">\n<table>\n<tbody>\n<tr>\n<th>Producent<\/th>\n<td>Baseus<\/td>\n<\/tr>\n<tr>\n<th>Nazwa<\/th>\n<td>Metal Gleam Series 4-in-1 Multifunctional Type-C HUB Docking Station<\/td>\n<\/tr>\n<tr>\n<th>Model<\/th>\n<td>WKWG070013<\/td>\n<\/tr>\n<tr>\n<th>Kolor<\/th>\n<td>Szary<\/td>\n<\/tr>\n<tr>\n<th>Interfejs<\/th>\n<td>USB-C<\/td>\n<\/tr>\n<tr>\n<th>Porty<\/th>\n<td>4x USB 3.0<\/td>\n<\/tr>\n<tr>\n<th>Pr\u0119dko\u015b\u0107 transmisji (USB 3.0)<\/th>\n<td>Do 5 Gbps<\/td>\n<\/tr>\n<tr>\n<th>Wej\u015bcie<\/th>\n<td>5 V \/ 3 A<\/td>\n<\/tr>\n<tr>\n<th>Wyj\u015bcie<\/th>\n<td>5 V \/ 0,9 A<\/td>\n<\/tr>\n<tr>\n<th>Obs\u0142ugiwane systemy operacyjne<\/th>\n<td>Windows, Mac OS, Linux<\/td>\n<\/tr>\n<tr>\n<th>Materia\u0142<\/th>\n<td>Stop aluminium<\/td>\n<\/tr>\n<tr>\n<th>D\u0142ugo\u015b\u0107 kabla<\/th>\n<td>170 mm<\/td>\n<\/tr>\n<tr>\n<th>Wymiary<\/th>\n<td>44,5 x 115 x 16 mm<\/td>\n<\/tr>\n<tr>\n<th>Waga<\/th>\n<td>Ok. 82 g<\/td>\n<\/tr>\n<\/tbody>\n<\/table>\n<\/div>\n","protected":false},"excerpt":{"rendered":"<p>Hub 4w1 Baseus Metal Gleam Series Szukasz niezawodnego narz\u0119dzia, kt\u00f3re pozwoli Ci pracowa\u0107 bardziej efektywnie? Hub 4w1 Baseus Metal Gleam<\/p>\n","protected":false},"featured_media":41968,"comment_status":"closed","ping_status":"open","template":"","meta":{"_acf_changed":false},"product_brand":[],"product_cat":[5929,5934],"product_tag":[],"class_list":{"0":"post-56281","1":"product","2":"type-product","3":"status-publish","4":"has-post-thumbnail","6":"product_cat-akcesoria-it","7":"product_cat-huby","8":"pa_okres-gwarancji-5754","9":"pa_producent-baseus","11":"first","12":"outofstock","13":"taxable","14":"shipping-taxable","15":"purchasable","16":"product-type-simple"},"acf":[],"yoast_head":"<!-- This site is optimized with the Yoast SEO plugin v27.2 - https:\/\/yoast.com\/product\/yoast-seo-wordpress\/ -->\n<title>Hub BASEUS Metal Gleam Series 4-portowy USB-C - IRONSKY.PL Sklep z Dronami<\/title>\n<meta name=\"description\" content=\"Hub BASEUS Metal Gleam Series 4-portowy USB-C - \u2705 sklep z dronami i fachowym doradztwem. \u2705 Tutaj kupisz produkty DJI, Yuneec, Parrot, Syma i wiele innych, a tak\u017ce kursy i licencje na operatora drona.\" \/>\n<meta name=\"robots\" content=\"index, follow, max-snippet:-1, max-image-preview:large, max-video-preview:-1\" \/>\n<link rel=\"canonical\" href=\"https:\/\/ironsky.pl\/sklep\/produkt\/hub-baseus-metal-gleam-series-4-portowy-usb-c\/\" \/>\n<meta property=\"og:locale\" content=\"pl_PL\" \/>\n<meta property=\"og:type\" content=\"article\" \/>\n<meta property=\"og:title\" content=\"Hub BASEUS Metal Gleam Series 4-portowy USB-C - IRONSKY.PL Sklep z Dronami\" \/>\n<meta property=\"og:description\" content=\"Hub BASEUS Metal Gleam Series 4-portowy USB-C - \u2705 sklep z dronami i fachowym doradztwem. \u2705 Tutaj kupisz produkty DJI, Yuneec, Parrot, Syma i wiele innych, a tak\u017ce kursy i licencje na operatora drona.\" \/>\n<meta property=\"og:url\" content=\"https:\/\/ironsky.pl\/sklep\/produkt\/hub-baseus-metal-gleam-series-4-portowy-usb-c\/\" \/>\n<meta property=\"og:site_name\" content=\"IRONSKY.PL Sklep z Dronami\" \/>\n<meta property=\"article:modified_time\" content=\"2026-04-15T08:48:34+00:00\" \/>\n<meta property=\"og:image\" content=\"https:\/\/ironsky.pl\/sklep\/wp-content\/uploads\/2025\/06\/25196_4.webp\" \/>\n\t<meta property=\"og:image:width\" content=\"800\" \/>\n\t<meta property=\"og:image:height\" content=\"800\" \/>\n\t<meta property=\"og:image:type\" content=\"image\/webp\" \/>\n<meta name=\"twitter:card\" content=\"summary_large_image\" \/>\n<meta name=\"twitter:label1\" content=\"Szacowany czas czytania\" \/>\n\t<meta name=\"twitter:data1\" content=\"3 minuty\" \/>\n<script type=\"application\/ld+json\" class=\"yoast-schema-graph\">{\"@context\":\"https:\/\/schema.org\",\"@graph\":[{\"@type\":\"WebPage\",\"@id\":\"https:\/\/ironsky.pl\/sklep\/produkt\/hub-baseus-metal-gleam-series-4-portowy-usb-c\/\",\"url\":\"https:\/\/ironsky.pl\/sklep\/produkt\/hub-baseus-metal-gleam-series-4-portowy-usb-c\/\",\"name\":\"Hub BASEUS Metal Gleam Series 4-portowy USB-C - IRONSKY.PL Sklep z Dronami\",\"isPartOf\":{\"@id\":\"https:\/\/ironsky.pl\/sklep\/#website\"},\"primaryImageOfPage\":{\"@id\":\"https:\/\/ironsky.pl\/sklep\/produkt\/hub-baseus-metal-gleam-series-4-portowy-usb-c\/#primaryimage\"},\"image\":{\"@id\":\"https:\/\/ironsky.pl\/sklep\/produkt\/hub-baseus-metal-gleam-series-4-portowy-usb-c\/#primaryimage\"},\"thumbnailUrl\":\"https:\/\/ironsky.pl\/sklep\/wp-content\/uploads\/2025\/06\/25196_4.webp\",\"datePublished\":\"2026-04-15T08:12:37+00:00\",\"dateModified\":\"2026-04-15T08:48:34+00:00\",\"description\":\"Hub BASEUS Metal Gleam Series 4-portowy USB-C - \u2705 sklep z dronami i fachowym doradztwem. \u2705 Tutaj kupisz produkty DJI, Yuneec, Parrot, Syma i wiele innych, a tak\u017ce kursy i licencje na operatora drona.\",\"breadcrumb\":{\"@id\":\"https:\/\/ironsky.pl\/sklep\/produkt\/hub-baseus-metal-gleam-series-4-portowy-usb-c\/#breadcrumb\"},\"inLanguage\":\"pl-PL\",\"potentialAction\":[{\"@type\":\"ReadAction\",\"target\":[\"https:\/\/ironsky.pl\/sklep\/produkt\/hub-baseus-metal-gleam-series-4-portowy-usb-c\/\"]}]},{\"@type\":\"ImageObject\",\"inLanguage\":\"pl-PL\",\"@id\":\"https:\/\/ironsky.pl\/sklep\/produkt\/hub-baseus-metal-gleam-series-4-portowy-usb-c\/#primaryimage\",\"url\":\"https:\/\/ironsky.pl\/sklep\/wp-content\/uploads\/2025\/06\/25196_4.webp\",\"contentUrl\":\"https:\/\/ironsky.pl\/sklep\/wp-content\/uploads\/2025\/06\/25196_4.webp\",\"width\":800,\"height\":800},{\"@type\":\"BreadcrumbList\",\"@id\":\"https:\/\/ironsky.pl\/sklep\/produkt\/hub-baseus-metal-gleam-series-4-portowy-usb-c\/#breadcrumb\",\"itemListElement\":[{\"@type\":\"ListItem\",\"position\":1,\"name\":\"Strona g\u0142\u00f3wna\",\"item\":\"https:\/\/ironsky.pl\/sklep\/\"},{\"@type\":\"ListItem\",\"position\":2,\"name\":\"Wszystkie produkty\",\"item\":\"https:\/\/ironsky.pl\/sklep\/produkty\/\"},{\"@type\":\"ListItem\",\"position\":3,\"name\":\"Hub BASEUS Metal Gleam Series 4-portowy USB-C\"}]},{\"@type\":\"WebSite\",\"@id\":\"https:\/\/ironsky.pl\/sklep\/#website\",\"url\":\"https:\/\/ironsky.pl\/sklep\/\",\"name\":\"IRONSKY.PL Sklep z Dronami\",\"description\":\"IRONSKY.PL Sklep z Dronami\",\"potentialAction\":[{\"@type\":\"SearchAction\",\"target\":{\"@type\":\"EntryPoint\",\"urlTemplate\":\"https:\/\/ironsky.pl\/sklep\/?s={search_term_string}\"},\"query-input\":{\"@type\":\"PropertyValueSpecification\",\"valueRequired\":true,\"valueName\":\"search_term_string\"}}],\"inLanguage\":\"pl-PL\"}]}<\/script>\n<!-- \/ Yoast SEO plugin. -->","yoast_head_json":{"title":"Hub BASEUS Metal Gleam Series 4-portowy USB-C - IRONSKY.PL Sklep z Dronami","description":"Hub BASEUS Metal Gleam Series 4-portowy USB-C - \u2705 sklep z dronami i fachowym doradztwem. \u2705 Tutaj kupisz produkty DJI, Yuneec, Parrot, Syma i wiele innych, a tak\u017ce kursy i licencje na operatora drona.","robots":{"index":"index","follow":"follow","max-snippet":"max-snippet:-1","max-image-preview":"max-image-preview:large","max-video-preview":"max-video-preview:-1"},"canonical":"https:\/\/ironsky.pl\/sklep\/produkt\/hub-baseus-metal-gleam-series-4-portowy-usb-c\/","og_locale":"pl_PL","og_type":"article","og_title":"Hub BASEUS Metal Gleam Series 4-portowy USB-C - IRONSKY.PL Sklep z Dronami","og_description":"Hub BASEUS Metal Gleam Series 4-portowy USB-C - \u2705 sklep z dronami i fachowym doradztwem. \u2705 Tutaj kupisz produkty DJI, Yuneec, Parrot, Syma i wiele innych, a tak\u017ce kursy i licencje na operatora drona.","og_url":"https:\/\/ironsky.pl\/sklep\/produkt\/hub-baseus-metal-gleam-series-4-portowy-usb-c\/","og_site_name":"IRONSKY.PL Sklep z Dronami","article_modified_time":"2026-04-15T08:48:34+00:00","og_image":[{"width":800,"height":800,"url":"https:\/\/ironsky.pl\/sklep\/wp-content\/uploads\/2025\/06\/25196_4.webp","type":"image\/webp"}],"twitter_card":"summary_large_image","twitter_misc":{"Szacowany czas czytania":"3 minuty"},"schema":{"@context":"https:\/\/schema.org","@graph":[{"@type":"WebPage","@id":"https:\/\/ironsky.pl\/sklep\/produkt\/hub-baseus-metal-gleam-series-4-portowy-usb-c\/","url":"https:\/\/ironsky.pl\/sklep\/produkt\/hub-baseus-metal-gleam-series-4-portowy-usb-c\/","name":"Hub BASEUS Metal Gleam Series 4-portowy USB-C - IRONSKY.PL Sklep z Dronami","isPartOf":{"@id":"https:\/\/ironsky.pl\/sklep\/#website"},"primaryImageOfPage":{"@id":"https:\/\/ironsky.pl\/sklep\/produkt\/hub-baseus-metal-gleam-series-4-portowy-usb-c\/#primaryimage"},"image":{"@id":"https:\/\/ironsky.pl\/sklep\/produkt\/hub-baseus-metal-gleam-series-4-portowy-usb-c\/#primaryimage"},"thumbnailUrl":"https:\/\/ironsky.pl\/sklep\/wp-content\/uploads\/2025\/06\/25196_4.webp","datePublished":"2026-04-15T08:12:37+00:00","dateModified":"2026-04-15T08:48:34+00:00","description":"Hub BASEUS Metal Gleam Series 4-portowy USB-C - \u2705 sklep z dronami i fachowym doradztwem. \u2705 Tutaj kupisz produkty DJI, Yuneec, Parrot, Syma i wiele innych, a tak\u017ce kursy i licencje na operatora drona.","breadcrumb":{"@id":"https:\/\/ironsky.pl\/sklep\/produkt\/hub-baseus-metal-gleam-series-4-portowy-usb-c\/#breadcrumb"},"inLanguage":"pl-PL","potentialAction":[{"@type":"ReadAction","target":["https:\/\/ironsky.pl\/sklep\/produkt\/hub-baseus-metal-gleam-series-4-portowy-usb-c\/"]}]},{"@type":"ImageObject","inLanguage":"pl-PL","@id":"https:\/\/ironsky.pl\/sklep\/produkt\/hub-baseus-metal-gleam-series-4-portowy-usb-c\/#primaryimage","url":"https:\/\/ironsky.pl\/sklep\/wp-content\/uploads\/2025\/06\/25196_4.webp","contentUrl":"https:\/\/ironsky.pl\/sklep\/wp-content\/uploads\/2025\/06\/25196_4.webp","width":800,"height":800},{"@type":"BreadcrumbList","@id":"https:\/\/ironsky.pl\/sklep\/produkt\/hub-baseus-metal-gleam-series-4-portowy-usb-c\/#breadcrumb","itemListElement":[{"@type":"ListItem","position":1,"name":"Strona g\u0142\u00f3wna","item":"https:\/\/ironsky.pl\/sklep\/"},{"@type":"ListItem","position":2,"name":"Wszystkie produkty","item":"https:\/\/ironsky.pl\/sklep\/produkty\/"},{"@type":"ListItem","position":3,"name":"Hub BASEUS Metal Gleam Series 4-portowy USB-C"}]},{"@type":"WebSite","@id":"https:\/\/ironsky.pl\/sklep\/#website","url":"https:\/\/ironsky.pl\/sklep\/","name":"IRONSKY.PL Sklep z Dronami","description":"IRONSKY.PL Sklep z Dronami","potentialAction":[{"@type":"SearchAction","target":{"@type":"EntryPoint","urlTemplate":"https:\/\/ironsky.pl\/sklep\/?s={search_term_string}"},"query-input":{"@type":"PropertyValueSpecification","valueRequired":true,"valueName":"search_term_string"}}],"inLanguage":"pl-PL"}]}},"_links":{"self":[{"href":"https:\/\/ironsky.pl\/sklep\/wp-json\/wp\/v2\/product\/56281","targetHints":{"allow":["GET"]}}],"collection":[{"href":"https:\/\/ironsky.pl\/sklep\/wp-json\/wp\/v2\/product"}],"about":[{"href":"https:\/\/ironsky.pl\/sklep\/wp-json\/wp\/v2\/types\/product"}],"replies":[{"embeddable":true,"href":"https:\/\/ironsky.pl\/sklep\/wp-json\/wp\/v2\/comments?post=56281"}],"wp:featuredmedia":[{"embeddable":true,"href":"https:\/\/ironsky.pl\/sklep\/wp-json\/wp\/v2\/media\/41968"}],"wp:attachment":[{"href":"https:\/\/ironsky.pl\/sklep\/wp-json\/wp\/v2\/media?parent=56281"}],"wp:term":[{"taxonomy":"product_brand","embeddable":true,"href":"https:\/\/ironsky.pl\/sklep\/wp-json\/wp\/v2\/product_brand?post=56281"},{"taxonomy":"product_cat","embeddable":true,"href":"https:\/\/ironsky.pl\/sklep\/wp-json\/wp\/v2\/product_cat?post=56281"},{"taxonomy":"product_tag","embeddable":true,"href":"https:\/\/ironsky.pl\/sklep\/wp-json\/wp\/v2\/product_tag?post=56281"}],"curies":[{"name":"wp","href":"https:\/\/api.w.org\/{rel}","templated":true}]}}