{"id":56280,"date":"2026-04-15T10:12:37","date_gmt":"2026-04-15T08:12:37","guid":{"rendered":"https:\/\/ironsky.pl\/sklep\/produkt\/hub-usb-ugreen-cm416-4-portowy-0-25m-czarny\/"},"modified":"2026-04-15T10:48:32","modified_gmt":"2026-04-15T08:48:32","slug":"hub-usb-ugreen-cm416-4-portowy-0-25m-czarny","status":"publish","type":"product","link":"https:\/\/ironsky.pl\/sklep\/produkt\/hub-usb-ugreen-cm416-4-portowy-0-25m-czarny\/","title":{"rendered":"Hub USB UGREEN CM416 4-portowy 0.25m (czarny)"},"content":{"rendered":"<h3>Adapter 4w1 UGREEN CM416 Hub USB do 4x USB <\/h3>\n<p>Ma\u0142y i por\u0119czny adapter marki UGREEN pozwoli Ci zwi\u0119kszy\u0107 mo\u017cliwo\u015bci Twojego komputera. Posiada 4 porty USB 3.0, dzi\u0119ki kt\u00f3rym szybko i wygodnie pod\u0142\u0105czysz mysz, drukark\u0119, dysk twardy i wiele innych sprz\u0119t\u00f3w. Adapter CM416 wyr\u00f3\u017cnia si\u0119 szerok\u0105 kompatybilno\u015bci\u0105 i pr\u0119dko\u015bci\u0105 transferu 5 Gbps. Inteligentny chip zabezpiecza przed zwarciem i pr\u0105dem przet\u0119\u017ceniowym.<\/p>\n<p><img decoding=\"async\" src=\"https:\/\/b2b.innpro.pl\/data\/include\/cms\/012UGREEN\/CM164\/8.jpg\"><\/p>\n<h3>Zyskaj dodatkowe mo\u017cliwo\u015bci<\/h3>\n<p>Dzi\u0119ki temu produktowi zyskasz 4 dodatkowe porty USB 3.0, kt\u00f3re pozwol\u0105 Ci bez trudu pod\u0142\u0105czy\u0107 kamer\u0119, konsol\u0119 PS4, drukark\u0119, mysz, dysk twardy, klawiatur\u0119 i wiele innych urz\u0105dze\u0144. Hub jest kompatybilny z systemami Mac OS, Windows oraz Linux, dodatkowo system plug&#038;play zapewnia szybk\u0105 i bezproblemow\u0105 instalacj\u0119.<\/p>\n<p><img decoding=\"async\" src=\"https:\/\/b2b.innpro.pl\/data\/include\/cms\/012UGREEN\/CM164\/11.jpg\"><\/p>\n<h3>Szybki transfer danych<\/h3>\n<p>Adapter UGREEN CM416 pos\u0142u\u017cy Ci r\u00f3wnie\u017c do wygodnego transferu danych. Z jego pomoc\u0105 w kr\u00f3tkim czasie prze\u015blesz zdj\u0119cia z wakacji, wa\u017cne dokumenty czy muzyk\u0119. Pr\u0119dko\u015b\u0107 transmisji wynosi 5 Gbps \u2014 mo\u017cesz wi\u0119c zapomnie\u0107 o d\u0142ugim oczekiwaniu na przeniesienie plik\u00f3w.<\/p>\n<p><img decoding=\"async\" src=\"https:\/\/b2b.innpro.pl\/data\/include\/cms\/012UGREEN\/CM164\/21.jpg\"><\/p>\n<h3>Por\u0119czny i solidny<\/h3>\n<p>Hub USB zosta\u0142 wykonany z wysokiej jako\u015bci materia\u0142\u00f3w, dzi\u0119ki czemu prezentuje si\u0119 niezwykle elegancko, ale jest te\u017c trwa\u0142y i odporny na uszkodzenia mechaniczne. Ma\u0142y rozmiar sprawia, \u017ce bez trudu spakujesz go do plecaka czy torebki i zabierzesz na uczelni\u0119 lub do pracy.<\/p>\n<p><img decoding=\"async\" src=\"https:\/\/b2b.innpro.pl\/data\/include\/cms\/012UGREEN\/CM164\/19.jpg\"><\/p>\n<div class=\"table-wrapper\">\n<table>\n<tbody>\n<tr>\n<th>Producent <\/th>\n<td>UGREEN<\/td>\n<\/tr>\n<tr>\n<th>Model <\/th>\n<td>CM164<\/td>\n<\/tr>\n<tr>\n<th>Wtyczka <\/th>\n<td>USB<\/td>\n<\/tr>\n<tr>\n<th>Porty <\/th>\n<td>4x USB 3.0 <\/td>\n<\/tr>\n<tr>\n<th>D\u0142ugo\u015b\u0107 przewodu <\/th>\n<td>0.25 m<\/td>\n<\/tr>\n<tr>\n<th>Pr\u0119dko\u015b\u0107 transferu <\/th>\n<td>5 Gbps<\/td>\n<\/tr>\n<tr>\n<th>Wymiary <\/th>\n<td>1,8 x 2,7 x 10 cm<\/td>\n<\/tr>\n<tr>\n<th>Kolor <\/th>\n<td>Czarny<\/td>\n<\/tr>\n<\/tbody>\n<\/table>\n<\/div>\n","protected":false},"excerpt":{"rendered":"<p>Adapter 4w1 UGREEN CM416 Hub USB do 4x USB Ma\u0142y i por\u0119czny adapter marki UGREEN pozwoli Ci zwi\u0119kszy\u0107 mo\u017cliwo\u015bci Twojego<\/p>\n","protected":false},"featured_media":41943,"comment_status":"closed","ping_status":"open","template":"","meta":{"_acf_changed":false},"product_brand":[],"product_cat":[5929,5934],"product_tag":[],"class_list":{"0":"post-56280","1":"product","2":"type-product","3":"status-publish","4":"has-post-thumbnail","6":"product_cat-akcesoria-it","7":"product_cat-huby","8":"pa_okres-gwarancji-5757","9":"pa_producent-ugreen","11":"first","12":"outofstock","13":"taxable","14":"shipping-taxable","15":"purchasable","16":"product-type-simple"},"acf":[],"yoast_head":"<!-- This site is optimized with the Yoast SEO plugin v27.2 - https:\/\/yoast.com\/product\/yoast-seo-wordpress\/ -->\n<title>Hub USB UGREEN CM416 4-portowy 0.25m (czarny) - IRONSKY.PL Sklep z Dronami<\/title>\n<meta name=\"description\" content=\"Hub USB UGREEN CM416 4-portowy 0.25m (czarny) - \u2705 sklep z dronami i fachowym doradztwem. \u2705 Tutaj kupisz produkty DJI, Yuneec, Parrot, Syma i wiele innych, a tak\u017ce kursy i licencje na operatora drona.\" \/>\n<meta name=\"robots\" content=\"index, follow, max-snippet:-1, max-image-preview:large, max-video-preview:-1\" \/>\n<link rel=\"canonical\" href=\"https:\/\/ironsky.pl\/sklep\/produkt\/hub-usb-ugreen-cm416-4-portowy-0-25m-czarny\/\" \/>\n<meta property=\"og:locale\" content=\"pl_PL\" \/>\n<meta property=\"og:type\" content=\"article\" \/>\n<meta property=\"og:title\" content=\"Hub USB UGREEN CM416 4-portowy 0.25m (czarny) - IRONSKY.PL Sklep z Dronami\" \/>\n<meta property=\"og:description\" content=\"Hub USB UGREEN CM416 4-portowy 0.25m (czarny) - \u2705 sklep z dronami i fachowym doradztwem. \u2705 Tutaj kupisz produkty DJI, Yuneec, Parrot, Syma i wiele innych, a tak\u017ce kursy i licencje na operatora drona.\" \/>\n<meta property=\"og:url\" content=\"https:\/\/ironsky.pl\/sklep\/produkt\/hub-usb-ugreen-cm416-4-portowy-0-25m-czarny\/\" \/>\n<meta property=\"og:site_name\" content=\"IRONSKY.PL Sklep z Dronami\" \/>\n<meta property=\"article:modified_time\" content=\"2026-04-15T08:48:32+00:00\" \/>\n<meta property=\"og:image\" content=\"https:\/\/ironsky.pl\/sklep\/wp-content\/uploads\/2025\/06\/25036_2.jpg\" \/>\n\t<meta property=\"og:image:width\" content=\"800\" \/>\n\t<meta property=\"og:image:height\" content=\"800\" \/>\n\t<meta property=\"og:image:type\" content=\"image\/jpeg\" \/>\n<meta name=\"twitter:card\" content=\"summary_large_image\" \/>\n<meta name=\"twitter:label1\" content=\"Szacowany czas czytania\" \/>\n\t<meta name=\"twitter:data1\" content=\"1 minuta\" \/>\n<script type=\"application\/ld+json\" class=\"yoast-schema-graph\">{\"@context\":\"https:\/\/schema.org\",\"@graph\":[{\"@type\":\"WebPage\",\"@id\":\"https:\/\/ironsky.pl\/sklep\/produkt\/hub-usb-ugreen-cm416-4-portowy-0-25m-czarny\/\",\"url\":\"https:\/\/ironsky.pl\/sklep\/produkt\/hub-usb-ugreen-cm416-4-portowy-0-25m-czarny\/\",\"name\":\"Hub USB UGREEN CM416 4-portowy 0.25m (czarny) - IRONSKY.PL Sklep z Dronami\",\"isPartOf\":{\"@id\":\"https:\/\/ironsky.pl\/sklep\/#website\"},\"primaryImageOfPage\":{\"@id\":\"https:\/\/ironsky.pl\/sklep\/produkt\/hub-usb-ugreen-cm416-4-portowy-0-25m-czarny\/#primaryimage\"},\"image\":{\"@id\":\"https:\/\/ironsky.pl\/sklep\/produkt\/hub-usb-ugreen-cm416-4-portowy-0-25m-czarny\/#primaryimage\"},\"thumbnailUrl\":\"https:\/\/ironsky.pl\/sklep\/wp-content\/uploads\/2025\/06\/25036_2.jpg\",\"datePublished\":\"2026-04-15T08:12:37+00:00\",\"dateModified\":\"2026-04-15T08:48:32+00:00\",\"description\":\"Hub USB UGREEN CM416 4-portowy 0.25m (czarny) - \u2705 sklep z dronami i fachowym doradztwem. \u2705 Tutaj kupisz produkty DJI, Yuneec, Parrot, Syma i wiele innych, a tak\u017ce kursy i licencje na operatora drona.\",\"breadcrumb\":{\"@id\":\"https:\/\/ironsky.pl\/sklep\/produkt\/hub-usb-ugreen-cm416-4-portowy-0-25m-czarny\/#breadcrumb\"},\"inLanguage\":\"pl-PL\",\"potentialAction\":[{\"@type\":\"ReadAction\",\"target\":[\"https:\/\/ironsky.pl\/sklep\/produkt\/hub-usb-ugreen-cm416-4-portowy-0-25m-czarny\/\"]}]},{\"@type\":\"ImageObject\",\"inLanguage\":\"pl-PL\",\"@id\":\"https:\/\/ironsky.pl\/sklep\/produkt\/hub-usb-ugreen-cm416-4-portowy-0-25m-czarny\/#primaryimage\",\"url\":\"https:\/\/ironsky.pl\/sklep\/wp-content\/uploads\/2025\/06\/25036_2.jpg\",\"contentUrl\":\"https:\/\/ironsky.pl\/sklep\/wp-content\/uploads\/2025\/06\/25036_2.jpg\",\"width\":800,\"height\":800},{\"@type\":\"BreadcrumbList\",\"@id\":\"https:\/\/ironsky.pl\/sklep\/produkt\/hub-usb-ugreen-cm416-4-portowy-0-25m-czarny\/#breadcrumb\",\"itemListElement\":[{\"@type\":\"ListItem\",\"position\":1,\"name\":\"Strona g\u0142\u00f3wna\",\"item\":\"https:\/\/ironsky.pl\/sklep\/\"},{\"@type\":\"ListItem\",\"position\":2,\"name\":\"Wszystkie produkty\",\"item\":\"https:\/\/ironsky.pl\/sklep\/produkty\/\"},{\"@type\":\"ListItem\",\"position\":3,\"name\":\"Hub USB UGREEN CM416 4-portowy 0.25m (czarny)\"}]},{\"@type\":\"WebSite\",\"@id\":\"https:\/\/ironsky.pl\/sklep\/#website\",\"url\":\"https:\/\/ironsky.pl\/sklep\/\",\"name\":\"IRONSKY.PL Sklep z Dronami\",\"description\":\"IRONSKY.PL Sklep z Dronami\",\"potentialAction\":[{\"@type\":\"SearchAction\",\"target\":{\"@type\":\"EntryPoint\",\"urlTemplate\":\"https:\/\/ironsky.pl\/sklep\/?s={search_term_string}\"},\"query-input\":{\"@type\":\"PropertyValueSpecification\",\"valueRequired\":true,\"valueName\":\"search_term_string\"}}],\"inLanguage\":\"pl-PL\"}]}<\/script>\n<!-- \/ Yoast SEO plugin. -->","yoast_head_json":{"title":"Hub USB UGREEN CM416 4-portowy 0.25m (czarny) - IRONSKY.PL Sklep z Dronami","description":"Hub USB UGREEN CM416 4-portowy 0.25m (czarny) - \u2705 sklep z dronami i fachowym doradztwem. \u2705 Tutaj kupisz produkty DJI, Yuneec, Parrot, Syma i wiele innych, a tak\u017ce kursy i licencje na operatora drona.","robots":{"index":"index","follow":"follow","max-snippet":"max-snippet:-1","max-image-preview":"max-image-preview:large","max-video-preview":"max-video-preview:-1"},"canonical":"https:\/\/ironsky.pl\/sklep\/produkt\/hub-usb-ugreen-cm416-4-portowy-0-25m-czarny\/","og_locale":"pl_PL","og_type":"article","og_title":"Hub USB UGREEN CM416 4-portowy 0.25m (czarny) - IRONSKY.PL Sklep z Dronami","og_description":"Hub USB UGREEN CM416 4-portowy 0.25m (czarny) - \u2705 sklep z dronami i fachowym doradztwem. \u2705 Tutaj kupisz produkty DJI, Yuneec, Parrot, Syma i wiele innych, a tak\u017ce kursy i licencje na operatora drona.","og_url":"https:\/\/ironsky.pl\/sklep\/produkt\/hub-usb-ugreen-cm416-4-portowy-0-25m-czarny\/","og_site_name":"IRONSKY.PL Sklep z Dronami","article_modified_time":"2026-04-15T08:48:32+00:00","og_image":[{"width":800,"height":800,"url":"https:\/\/ironsky.pl\/sklep\/wp-content\/uploads\/2025\/06\/25036_2.jpg","type":"image\/jpeg"}],"twitter_card":"summary_large_image","twitter_misc":{"Szacowany czas czytania":"1 minuta"},"schema":{"@context":"https:\/\/schema.org","@graph":[{"@type":"WebPage","@id":"https:\/\/ironsky.pl\/sklep\/produkt\/hub-usb-ugreen-cm416-4-portowy-0-25m-czarny\/","url":"https:\/\/ironsky.pl\/sklep\/produkt\/hub-usb-ugreen-cm416-4-portowy-0-25m-czarny\/","name":"Hub USB UGREEN CM416 4-portowy 0.25m (czarny) - IRONSKY.PL Sklep z Dronami","isPartOf":{"@id":"https:\/\/ironsky.pl\/sklep\/#website"},"primaryImageOfPage":{"@id":"https:\/\/ironsky.pl\/sklep\/produkt\/hub-usb-ugreen-cm416-4-portowy-0-25m-czarny\/#primaryimage"},"image":{"@id":"https:\/\/ironsky.pl\/sklep\/produkt\/hub-usb-ugreen-cm416-4-portowy-0-25m-czarny\/#primaryimage"},"thumbnailUrl":"https:\/\/ironsky.pl\/sklep\/wp-content\/uploads\/2025\/06\/25036_2.jpg","datePublished":"2026-04-15T08:12:37+00:00","dateModified":"2026-04-15T08:48:32+00:00","description":"Hub USB UGREEN CM416 4-portowy 0.25m (czarny) - \u2705 sklep z dronami i fachowym doradztwem. \u2705 Tutaj kupisz produkty DJI, Yuneec, Parrot, Syma i wiele innych, a tak\u017ce kursy i licencje na operatora drona.","breadcrumb":{"@id":"https:\/\/ironsky.pl\/sklep\/produkt\/hub-usb-ugreen-cm416-4-portowy-0-25m-czarny\/#breadcrumb"},"inLanguage":"pl-PL","potentialAction":[{"@type":"ReadAction","target":["https:\/\/ironsky.pl\/sklep\/produkt\/hub-usb-ugreen-cm416-4-portowy-0-25m-czarny\/"]}]},{"@type":"ImageObject","inLanguage":"pl-PL","@id":"https:\/\/ironsky.pl\/sklep\/produkt\/hub-usb-ugreen-cm416-4-portowy-0-25m-czarny\/#primaryimage","url":"https:\/\/ironsky.pl\/sklep\/wp-content\/uploads\/2025\/06\/25036_2.jpg","contentUrl":"https:\/\/ironsky.pl\/sklep\/wp-content\/uploads\/2025\/06\/25036_2.jpg","width":800,"height":800},{"@type":"BreadcrumbList","@id":"https:\/\/ironsky.pl\/sklep\/produkt\/hub-usb-ugreen-cm416-4-portowy-0-25m-czarny\/#breadcrumb","itemListElement":[{"@type":"ListItem","position":1,"name":"Strona g\u0142\u00f3wna","item":"https:\/\/ironsky.pl\/sklep\/"},{"@type":"ListItem","position":2,"name":"Wszystkie produkty","item":"https:\/\/ironsky.pl\/sklep\/produkty\/"},{"@type":"ListItem","position":3,"name":"Hub USB UGREEN CM416 4-portowy 0.25m (czarny)"}]},{"@type":"WebSite","@id":"https:\/\/ironsky.pl\/sklep\/#website","url":"https:\/\/ironsky.pl\/sklep\/","name":"IRONSKY.PL Sklep z Dronami","description":"IRONSKY.PL Sklep z Dronami","potentialAction":[{"@type":"SearchAction","target":{"@type":"EntryPoint","urlTemplate":"https:\/\/ironsky.pl\/sklep\/?s={search_term_string}"},"query-input":{"@type":"PropertyValueSpecification","valueRequired":true,"valueName":"search_term_string"}}],"inLanguage":"pl-PL"}]}},"_links":{"self":[{"href":"https:\/\/ironsky.pl\/sklep\/wp-json\/wp\/v2\/product\/56280","targetHints":{"allow":["GET"]}}],"collection":[{"href":"https:\/\/ironsky.pl\/sklep\/wp-json\/wp\/v2\/product"}],"about":[{"href":"https:\/\/ironsky.pl\/sklep\/wp-json\/wp\/v2\/types\/product"}],"replies":[{"embeddable":true,"href":"https:\/\/ironsky.pl\/sklep\/wp-json\/wp\/v2\/comments?post=56280"}],"wp:featuredmedia":[{"embeddable":true,"href":"https:\/\/ironsky.pl\/sklep\/wp-json\/wp\/v2\/media\/41943"}],"wp:attachment":[{"href":"https:\/\/ironsky.pl\/sklep\/wp-json\/wp\/v2\/media?parent=56280"}],"wp:term":[{"taxonomy":"product_brand","embeddable":true,"href":"https:\/\/ironsky.pl\/sklep\/wp-json\/wp\/v2\/product_brand?post=56280"},{"taxonomy":"product_cat","embeddable":true,"href":"https:\/\/ironsky.pl\/sklep\/wp-json\/wp\/v2\/product_cat?post=56280"},{"taxonomy":"product_tag","embeddable":true,"href":"https:\/\/ironsky.pl\/sklep\/wp-json\/wp\/v2\/product_tag?post=56280"}],"curies":[{"name":"wp","href":"https:\/\/api.w.org\/{rel}","templated":true}]}}