{"id":56261,"date":"2026-04-15T10:12:37","date_gmt":"2026-04-15T08:12:37","guid":{"rendered":"https:\/\/ironsky.pl\/sklep\/produkt\/system-transmisji-wideo-dji-transmission-combo\/"},"modified":"2026-04-15T10:48:30","modified_gmt":"2026-04-15T08:48:30","slug":"system-transmisji-wideo-dji-transmission-combo","status":"publish","type":"product","link":"https:\/\/ironsky.pl\/sklep\/produkt\/system-transmisji-wideo-dji-transmission-combo\/","title":{"rendered":"System transmisji wideo DJI Transmission Combo"},"content":{"rendered":"<div id=\"Opisproduktu\" class=\"long-description\">\n<div id=\"longDescriptionMenu\" class=\"long-description__menu\"><\/div>\n<div\n  class=\"long-description__description-wrapper\"\n  data-anchor-menu-name=\"Opis\"><\/p>\n<div class=\"description-item\">\n   <picture><source \nsrcset=\"\n     https:\/\/b2b.innpro.pl\/data\/include\/cms\/12DJI\/01-opisy-strona-ars\/Ronin\/DJI-Transmission-Combo\/1.jpg\n     \"\n     media=\"(min-width: 979px)\" \/><br \/>\n    <img decoding=\"async\"\n     src=\"https:\/\/b2b.innpro.pl\/data\/include\/cms\/12DJI\/01-opisy-strona-ars\/Ronin\/DJI-Transmission-Combo\/1-mobile.jpg\"\n     alt=\"DJI Transmission Combo\" \/>\n   <\/picture>\n  <\/div>\n<div class=\"description-item\">\n<div class=\"description-item__wrapper-center\">\n<div class=\"description-item__body-center\">\n<div class=\"description-item__body-wrapper-center\">\n<div class=\"description-item__title\" style=\"text-align: center\">Wi\u0119cej mo\u017cliwo\u015bci ze zdalnym monitorem podgl\u0105dowym<\/div>\n<div class=\"description-item__content\" style=\"text-align: center\">\n<p>\n        <B>Zdalny monitor podgl\u0105dowy DJI High-Bright Remote Monitor<\/B> obs\u0142uguje <B>transmisj\u0119 na \u017cywo 1080p\/60FPS.<\/B> Umo\u017cliwia korzystanie z jednego nadajnika i wielu odbiornik\u00f3w, mo\u017cesz te\u017c u\u017cywa\u0107 go razem z <b>Ronin 4D Hand Grips, DJI Master Wheels i DJI Force Pro.<\/b> Zosta\u0142 r\u00f3wnie\u017c wyposa\u017cony w czujnik \u017cyroskopowy, dzi\u0119ki kt\u00f3remu da si\u0119 zmieni\u0107 go w samodzielny kontroler ruchu do sterowania gimbalem.\n       <\/p>\n<\/p><\/div><\/div><\/div>\n<div class=\"description-item\">\n     <picture><source \nsrcset=\"\n       https:\/\/b2b.innpro.pl\/data\/include\/cms\/12DJI\/01-opisy-strona-ars\/Ronin\/DJI-Transmission-Combo\/2.jpg\n       \"\n       media=\"(min-width: 979px)\" \/><br \/>\n      <img decoding=\"async\"\n       src=\"https:\/\/b2b.innpro.pl\/data\/include\/cms\/12DJI\/01-opisy-strona-ars\/Ronin\/DJI-Transmission-Combo\/2-mobile.jp\"\n       alt=\"DJI Transmission Combo\" \/>\n     <\/picture>\n    <\/div><\/div><\/div>\n<div class=\"description-item\">\n<div class=\"description-item__wrapper-center\">\n<div class=\"description-item__body-center\">\n<div class=\"description-item__body-wrapper-center\">\n<div class=\"description-item__title\" style=\"text-align: center\">Wsparcie w ka\u017cdym momencie<\/div>\n<div class=\"description-item__content\" style=\"text-align: center\">\n<p>\n        Co wi\u0119cej, gdy DJI RS 3 Pro jest przymocowany do uchwyt\u00f3w takich jak wysi\u0119gnik lub cable cam, da si\u0119 kontrolowa\u0107 go bezprzewodowo za pomoc\u0105 <b>trybu Mirror Control.<\/b> W tym trybie mo\u017cesz te\u017c bezpo\u015brednio korzysta\u0107 z podstawowego <b>menu bezlusterkowych kamer Sony<\/b> z poziomu zdalnego monitora, a wszystko to bez konieczno\u015bci demonta\u017cu urz\u0105dzenia.\n       <\/p>\n<\/p><\/div><\/div><\/div>\n<div class=\"description-item\">\n     <picture><source \nsrcset=\"\n       https:\/\/b2b.innpro.pl\/data\/include\/cms\/12DJI\/01-opisy-strona-ars\/Ronin\/DJI-Transmission-Combo\/3.jpg\n       \"\n       media=\"(min-width: 979px)\" \/><br \/>\n      <img decoding=\"async\"\n       src=\"https:\/\/b2b.innpro.pl\/data\/include\/cms\/12DJI\/01-opisy-strona-ars\/Ronin\/DJI-Transmission-Combo\/3-mobile.jpg\"\n       alt=\"DJI Transmission Combo\" \/>\n     <\/picture>\n    <\/div><\/div><\/div>\n<div class=\"description-item\">\n<div class=\"description-item__wrapper-center\">\n<div class=\"description-item__body-center\">\n<div class=\"description-item__body-wrapper-center\">\n<div class=\"description-item__title\" style=\"text-align: center\">Zintegrowany odbiornik bezprzewodowy<\/div>\n<div class=\"description-item__content\" style=\"text-align: center\">\n<p>\n        Pozwala na integracj\u0119 monitora i odbiornika z wieloma funkcjami rozszerzaj\u0105cymi.\n       <\/p>\n<\/p><\/div><\/div><\/div>\n<div class=\"description-item\">\n     <picture><source \nsrcset=\"\n       https:\/\/b2b.innpro.pl\/data\/include\/cms\/12DJI\/01-opisy-strona-ars\/Ronin\/DJI-Transmission-Combo\/4.jpg\n       \"\n       media=\"(min-width: 979px)\" \/><br \/>\n      <img decoding=\"async\"\n       src=\"https:\/\/b2b.innpro.pl\/data\/include\/cms\/12DJI\/01-opisy-strona-ars\/Ronin\/DJI-Transmission-Combo\/4-mobile.jpg\"\n       alt=\"DJI Transmission Combo\" \/>\n     <\/picture>\n    <\/div><\/div><\/div><\/div>\n<\/div>\n<p><!--CSS --><\/p>\n<style>\n @media (min-width: 979px) {\n  .description-item__wrapper-center {\n   display: flex;\n   flex-direction: column;\n   align-items: center;\n   justify-content: center;\n  }\n  .description-item__body-center {\n   margin-bottom: 50px;\n  }\n }\n .description-item__body-wrapper-center {\n  max-width: 985px;\n }<\/p>\n<\/style>\n","protected":false},"excerpt":{"rendered":"<p>Wi\u0119cej mo\u017cliwo\u015bci ze zdalnym monitorem podgl\u0105dowym Zdalny monitor podgl\u0105dowy DJI High-Bright Remote Monitor obs\u0142uguje transmisj\u0119 na \u017cywo 1080p\/60FPS. Umo\u017cliwia korzystanie<\/p>\n","protected":false},"featured_media":56262,"comment_status":"closed","ping_status":"open","template":"","meta":{"_acf_changed":false},"product_brand":[],"product_cat":[6206,1128],"product_tag":[],"class_list":{"0":"post-56261","1":"product","2":"type-product","3":"status-publish","4":"has-post-thumbnail","6":"product_cat-dji-pro","7":"product_cat-foto-wideo","8":"pa_okres-gwarancji-5757","9":"pa_producent-dji","11":"first","12":"outofstock","13":"taxable","14":"shipping-taxable","15":"purchasable","16":"product-type-simple"},"acf":[],"yoast_head":"<!-- This site is optimized with the Yoast SEO plugin v27.2 - https:\/\/yoast.com\/product\/yoast-seo-wordpress\/ -->\n<title>System transmisji wideo DJI Transmission Combo - IRONSKY.PL Sklep z Dronami<\/title>\n<meta name=\"description\" content=\"System transmisji wideo DJI Transmission Combo - \u2705 sklep z dronami i fachowym doradztwem. \u2705 Tutaj kupisz produkty DJI, Yuneec, Parrot, Syma i wiele innych, a tak\u017ce kursy i licencje na operatora drona.\" \/>\n<meta name=\"robots\" content=\"index, follow, max-snippet:-1, max-image-preview:large, max-video-preview:-1\" \/>\n<link rel=\"canonical\" href=\"https:\/\/ironsky.pl\/sklep\/produkt\/system-transmisji-wideo-dji-transmission-combo\/\" \/>\n<meta property=\"og:locale\" content=\"pl_PL\" \/>\n<meta property=\"og:type\" content=\"article\" \/>\n<meta property=\"og:title\" content=\"System transmisji wideo DJI Transmission Combo - IRONSKY.PL Sklep z Dronami\" \/>\n<meta property=\"og:description\" content=\"System transmisji wideo DJI Transmission Combo - \u2705 sklep z dronami i fachowym doradztwem. \u2705 Tutaj kupisz produkty DJI, Yuneec, Parrot, Syma i wiele innych, a tak\u017ce kursy i licencje na operatora drona.\" \/>\n<meta property=\"og:url\" content=\"https:\/\/ironsky.pl\/sklep\/produkt\/system-transmisji-wideo-dji-transmission-combo\/\" \/>\n<meta property=\"og:site_name\" content=\"IRONSKY.PL Sklep z Dronami\" \/>\n<meta property=\"article:modified_time\" content=\"2026-04-15T08:48:30+00:00\" \/>\n<meta property=\"og:image\" content=\"https:\/\/ironsky.pl\/sklep\/wp-content\/uploads\/2026\/04\/24964_8.webp\" \/>\n\t<meta property=\"og:image:width\" content=\"800\" \/>\n\t<meta property=\"og:image:height\" content=\"800\" \/>\n\t<meta property=\"og:image:type\" content=\"image\/webp\" \/>\n<meta name=\"twitter:card\" content=\"summary_large_image\" \/>\n<meta name=\"twitter:label1\" content=\"Szacowany czas czytania\" \/>\n\t<meta name=\"twitter:data1\" content=\"1 minuta\" \/>\n<script type=\"application\/ld+json\" class=\"yoast-schema-graph\">{\"@context\":\"https:\/\/schema.org\",\"@graph\":[{\"@type\":\"WebPage\",\"@id\":\"https:\/\/ironsky.pl\/sklep\/produkt\/system-transmisji-wideo-dji-transmission-combo\/\",\"url\":\"https:\/\/ironsky.pl\/sklep\/produkt\/system-transmisji-wideo-dji-transmission-combo\/\",\"name\":\"System transmisji wideo DJI Transmission Combo - IRONSKY.PL Sklep z Dronami\",\"isPartOf\":{\"@id\":\"https:\/\/ironsky.pl\/sklep\/#website\"},\"primaryImageOfPage\":{\"@id\":\"https:\/\/ironsky.pl\/sklep\/produkt\/system-transmisji-wideo-dji-transmission-combo\/#primaryimage\"},\"image\":{\"@id\":\"https:\/\/ironsky.pl\/sklep\/produkt\/system-transmisji-wideo-dji-transmission-combo\/#primaryimage\"},\"thumbnailUrl\":\"https:\/\/ironsky.pl\/sklep\/wp-content\/uploads\/2026\/04\/24964_8.webp\",\"datePublished\":\"2026-04-15T08:12:37+00:00\",\"dateModified\":\"2026-04-15T08:48:30+00:00\",\"description\":\"System transmisji wideo DJI Transmission Combo - \u2705 sklep z dronami i fachowym doradztwem. \u2705 Tutaj kupisz produkty DJI, Yuneec, Parrot, Syma i wiele innych, a tak\u017ce kursy i licencje na operatora drona.\",\"breadcrumb\":{\"@id\":\"https:\/\/ironsky.pl\/sklep\/produkt\/system-transmisji-wideo-dji-transmission-combo\/#breadcrumb\"},\"inLanguage\":\"pl-PL\",\"potentialAction\":[{\"@type\":\"ReadAction\",\"target\":[\"https:\/\/ironsky.pl\/sklep\/produkt\/system-transmisji-wideo-dji-transmission-combo\/\"]}]},{\"@type\":\"ImageObject\",\"inLanguage\":\"pl-PL\",\"@id\":\"https:\/\/ironsky.pl\/sklep\/produkt\/system-transmisji-wideo-dji-transmission-combo\/#primaryimage\",\"url\":\"https:\/\/ironsky.pl\/sklep\/wp-content\/uploads\/2026\/04\/24964_8.webp\",\"contentUrl\":\"https:\/\/ironsky.pl\/sklep\/wp-content\/uploads\/2026\/04\/24964_8.webp\",\"width\":800,\"height\":800},{\"@type\":\"BreadcrumbList\",\"@id\":\"https:\/\/ironsky.pl\/sklep\/produkt\/system-transmisji-wideo-dji-transmission-combo\/#breadcrumb\",\"itemListElement\":[{\"@type\":\"ListItem\",\"position\":1,\"name\":\"Strona g\u0142\u00f3wna\",\"item\":\"https:\/\/ironsky.pl\/sklep\/\"},{\"@type\":\"ListItem\",\"position\":2,\"name\":\"Wszystkie produkty\",\"item\":\"https:\/\/ironsky.pl\/sklep\/produkty\/\"},{\"@type\":\"ListItem\",\"position\":3,\"name\":\"System transmisji wideo DJI Transmission Combo\"}]},{\"@type\":\"WebSite\",\"@id\":\"https:\/\/ironsky.pl\/sklep\/#website\",\"url\":\"https:\/\/ironsky.pl\/sklep\/\",\"name\":\"IRONSKY.PL Sklep z Dronami\",\"description\":\"IRONSKY.PL Sklep z Dronami\",\"potentialAction\":[{\"@type\":\"SearchAction\",\"target\":{\"@type\":\"EntryPoint\",\"urlTemplate\":\"https:\/\/ironsky.pl\/sklep\/?s={search_term_string}\"},\"query-input\":{\"@type\":\"PropertyValueSpecification\",\"valueRequired\":true,\"valueName\":\"search_term_string\"}}],\"inLanguage\":\"pl-PL\"}]}<\/script>\n<!-- \/ Yoast SEO plugin. -->","yoast_head_json":{"title":"System transmisji wideo DJI Transmission Combo - IRONSKY.PL Sklep z Dronami","description":"System transmisji wideo DJI Transmission Combo - \u2705 sklep z dronami i fachowym doradztwem. \u2705 Tutaj kupisz produkty DJI, Yuneec, Parrot, Syma i wiele innych, a tak\u017ce kursy i licencje na operatora drona.","robots":{"index":"index","follow":"follow","max-snippet":"max-snippet:-1","max-image-preview":"max-image-preview:large","max-video-preview":"max-video-preview:-1"},"canonical":"https:\/\/ironsky.pl\/sklep\/produkt\/system-transmisji-wideo-dji-transmission-combo\/","og_locale":"pl_PL","og_type":"article","og_title":"System transmisji wideo DJI Transmission Combo - IRONSKY.PL Sklep z Dronami","og_description":"System transmisji wideo DJI Transmission Combo - \u2705 sklep z dronami i fachowym doradztwem. \u2705 Tutaj kupisz produkty DJI, Yuneec, Parrot, Syma i wiele innych, a tak\u017ce kursy i licencje na operatora drona.","og_url":"https:\/\/ironsky.pl\/sklep\/produkt\/system-transmisji-wideo-dji-transmission-combo\/","og_site_name":"IRONSKY.PL Sklep z Dronami","article_modified_time":"2026-04-15T08:48:30+00:00","og_image":[{"width":800,"height":800,"url":"https:\/\/ironsky.pl\/sklep\/wp-content\/uploads\/2026\/04\/24964_8.webp","type":"image\/webp"}],"twitter_card":"summary_large_image","twitter_misc":{"Szacowany czas czytania":"1 minuta"},"schema":{"@context":"https:\/\/schema.org","@graph":[{"@type":"WebPage","@id":"https:\/\/ironsky.pl\/sklep\/produkt\/system-transmisji-wideo-dji-transmission-combo\/","url":"https:\/\/ironsky.pl\/sklep\/produkt\/system-transmisji-wideo-dji-transmission-combo\/","name":"System transmisji wideo DJI Transmission Combo - IRONSKY.PL Sklep z Dronami","isPartOf":{"@id":"https:\/\/ironsky.pl\/sklep\/#website"},"primaryImageOfPage":{"@id":"https:\/\/ironsky.pl\/sklep\/produkt\/system-transmisji-wideo-dji-transmission-combo\/#primaryimage"},"image":{"@id":"https:\/\/ironsky.pl\/sklep\/produkt\/system-transmisji-wideo-dji-transmission-combo\/#primaryimage"},"thumbnailUrl":"https:\/\/ironsky.pl\/sklep\/wp-content\/uploads\/2026\/04\/24964_8.webp","datePublished":"2026-04-15T08:12:37+00:00","dateModified":"2026-04-15T08:48:30+00:00","description":"System transmisji wideo DJI Transmission Combo - \u2705 sklep z dronami i fachowym doradztwem. \u2705 Tutaj kupisz produkty DJI, Yuneec, Parrot, Syma i wiele innych, a tak\u017ce kursy i licencje na operatora drona.","breadcrumb":{"@id":"https:\/\/ironsky.pl\/sklep\/produkt\/system-transmisji-wideo-dji-transmission-combo\/#breadcrumb"},"inLanguage":"pl-PL","potentialAction":[{"@type":"ReadAction","target":["https:\/\/ironsky.pl\/sklep\/produkt\/system-transmisji-wideo-dji-transmission-combo\/"]}]},{"@type":"ImageObject","inLanguage":"pl-PL","@id":"https:\/\/ironsky.pl\/sklep\/produkt\/system-transmisji-wideo-dji-transmission-combo\/#primaryimage","url":"https:\/\/ironsky.pl\/sklep\/wp-content\/uploads\/2026\/04\/24964_8.webp","contentUrl":"https:\/\/ironsky.pl\/sklep\/wp-content\/uploads\/2026\/04\/24964_8.webp","width":800,"height":800},{"@type":"BreadcrumbList","@id":"https:\/\/ironsky.pl\/sklep\/produkt\/system-transmisji-wideo-dji-transmission-combo\/#breadcrumb","itemListElement":[{"@type":"ListItem","position":1,"name":"Strona g\u0142\u00f3wna","item":"https:\/\/ironsky.pl\/sklep\/"},{"@type":"ListItem","position":2,"name":"Wszystkie produkty","item":"https:\/\/ironsky.pl\/sklep\/produkty\/"},{"@type":"ListItem","position":3,"name":"System transmisji wideo DJI Transmission Combo"}]},{"@type":"WebSite","@id":"https:\/\/ironsky.pl\/sklep\/#website","url":"https:\/\/ironsky.pl\/sklep\/","name":"IRONSKY.PL Sklep z Dronami","description":"IRONSKY.PL Sklep z Dronami","potentialAction":[{"@type":"SearchAction","target":{"@type":"EntryPoint","urlTemplate":"https:\/\/ironsky.pl\/sklep\/?s={search_term_string}"},"query-input":{"@type":"PropertyValueSpecification","valueRequired":true,"valueName":"search_term_string"}}],"inLanguage":"pl-PL"}]}},"_links":{"self":[{"href":"https:\/\/ironsky.pl\/sklep\/wp-json\/wp\/v2\/product\/56261","targetHints":{"allow":["GET"]}}],"collection":[{"href":"https:\/\/ironsky.pl\/sklep\/wp-json\/wp\/v2\/product"}],"about":[{"href":"https:\/\/ironsky.pl\/sklep\/wp-json\/wp\/v2\/types\/product"}],"replies":[{"embeddable":true,"href":"https:\/\/ironsky.pl\/sklep\/wp-json\/wp\/v2\/comments?post=56261"}],"wp:featuredmedia":[{"embeddable":true,"href":"https:\/\/ironsky.pl\/sklep\/wp-json\/wp\/v2\/media\/56262"}],"wp:attachment":[{"href":"https:\/\/ironsky.pl\/sklep\/wp-json\/wp\/v2\/media?parent=56261"}],"wp:term":[{"taxonomy":"product_brand","embeddable":true,"href":"https:\/\/ironsky.pl\/sklep\/wp-json\/wp\/v2\/product_brand?post=56261"},{"taxonomy":"product_cat","embeddable":true,"href":"https:\/\/ironsky.pl\/sklep\/wp-json\/wp\/v2\/product_cat?post=56261"},{"taxonomy":"product_tag","embeddable":true,"href":"https:\/\/ironsky.pl\/sklep\/wp-json\/wp\/v2\/product_tag?post=56261"}],"curies":[{"name":"wp","href":"https:\/\/api.w.org\/{rel}","templated":true}]}}