{"id":56255,"date":"2026-04-15T10:12:37","date_gmt":"2026-04-15T08:12:37","guid":{"rendered":"https:\/\/ironsky.pl\/sklep\/produkt\/akumulator-tattu-300mah-38v-1s1p-bt2-0-5-5szt\/"},"modified":"2026-04-15T10:48:30","modified_gmt":"2026-04-15T08:48:30","slug":"akumulator-tattu-300mah-38v-1s1p-bt2-0-5-5szt","status":"publish","type":"product","link":"https:\/\/ironsky.pl\/sklep\/produkt\/akumulator-tattu-300mah-38v-1s1p-bt2-0-5-5szt\/","title":{"rendered":"Akumulator TATTU 300mAh 3,8V 1S1P BT2.0.5 (5szt.)"},"content":{"rendered":"<h3>Akumulator Tattu LiPo 300mAh 3.8V 75C 1S1P HV BT2.0.5 (5szt)<\/h3>\n<p>Nie roz\u0142adowywa\u0107 poni\u017cej 3,0V na cel\u0119. \u0141adowa\u0107 tylko przy u\u017cyciu \u0142adowarki mikroprocesorowej w trybie \u0142adowania pakiet\u00f3w litowo-polimerowych. Nie zwiera\u0107 biegun\u00f3w, nie przebija\u0107, nie wystawia\u0107 na bezpo\u015brednie dzia\u0142anie promieni s\u0142onecznych, przechowywa\u0107 z dala od przedmiot\u00f3w \u0142atwopalnych, utylizowa\u0107 w specjalnie przygotowanych pojemnikach. W zestawie znajduje si\u0119 5 sztuk.<\/p>\n<p>\n<img decoding=\"async\" src=\"https:\/\/assets.innpro.pl\/7538\/8759\/1.jpg\" border=\"0\" \/>\n<\/p>\n<div class=\"table-wrapper\">\n<p>\u00a0<\/p>\n<h3><\/h3>\n<table>\n<tbody>\n<tr>\n<th>Producent <\/th>\n<td>Tattu<\/td>\n<\/tr>\n<tr>\n<th>Kod producenta <\/th>\n<td>TAA3001S75BT2<\/td>\n<\/tr>\n<tr>\n<th>Poprzedni kod producenta <\/th>\n<td>TA-75C-300-1S1P-HV-BT2.0-5<\/td>\n<\/tr>\n<tr>\n<th>Napi\u0119cie <\/th>\n<td>3.8 V<\/td>\n<\/tr>\n<tr>\n<th>Pojemno\u015b\u0107 <\/th>\n<td>300 mAh<\/td>\n<\/tr>\n<tr>\n<th>Ilo\u015b\u0107 cell <\/th>\n<td>1<\/td>\n<\/tr>\n<tr>\n<th>Pr\u0105d roz\u0142adowania <\/th>\n<td>75C<\/td>\n<\/tr>\n<tr>\n<th>Wymiary<\/th>\n<td>69 x 13 x 7 mm<\/td>\n<\/tr>\n<tr>\n<th>Waga <\/th>\n<td>57 g<\/td>\n<\/tr>\n<tr>\n<th>Ilo\u015b\u0107 sztuk w zestawie <\/th>\n<td>5<\/td>\n<\/tr>\n<\/tbody>\n<\/table>\n<\/div>\n","protected":false},"excerpt":{"rendered":"<p>Akumulator Tattu LiPo 300mAh 3.8V 75C 1S1P HV BT2.0.5 (5szt) Nie roz\u0142adowywa\u0107 poni\u017cej 3,0V na cel\u0119. \u0141adowa\u0107 tylko przy u\u017cyciu<\/p>\n","protected":false},"featured_media":56256,"comment_status":"closed","ping_status":"open","template":"","meta":{"_acf_changed":false},"product_brand":[],"product_cat":[1183,1182,1169],"product_tag":[],"class_list":{"0":"post-56255","1":"product","2":"type-product","3":"status-publish","4":"has-post-thumbnail","6":"product_cat-litowe-i-nimh","7":"product_cat-akumulatory","8":"product_cat-modele-rc","9":"pa_okres-gwarancji-5754","10":"pa_producent-tattu","12":"first","13":"outofstock","14":"taxable","15":"shipping-taxable","16":"purchasable","17":"product-type-simple"},"acf":[],"yoast_head":"<!-- This site is optimized with the Yoast SEO plugin v27.2 - https:\/\/yoast.com\/product\/yoast-seo-wordpress\/ -->\n<title>Akumulator TATTU 300mAh 3,8V 1S1P BT2.0.5 (5szt.) - IRONSKY.PL Sklep z Dronami<\/title>\n<meta name=\"description\" content=\"Akumulator TATTU 300mAh 3,8V 1S1P BT2.0.5 (5szt.) - \u2705 sklep z dronami i fachowym doradztwem. \u2705 Tutaj kupisz produkty DJI, Yuneec, Parrot, Syma i wiele innych, a tak\u017ce kursy i licencje na operatora drona.\" \/>\n<meta name=\"robots\" content=\"index, follow, max-snippet:-1, max-image-preview:large, max-video-preview:-1\" \/>\n<link rel=\"canonical\" href=\"https:\/\/ironsky.pl\/sklep\/produkt\/akumulator-tattu-300mah-38v-1s1p-bt2-0-5-5szt\/\" \/>\n<meta property=\"og:locale\" content=\"pl_PL\" \/>\n<meta property=\"og:type\" content=\"article\" \/>\n<meta property=\"og:title\" content=\"Akumulator TATTU 300mAh 3,8V 1S1P BT2.0.5 (5szt.) - IRONSKY.PL Sklep z Dronami\" \/>\n<meta property=\"og:description\" content=\"Akumulator TATTU 300mAh 3,8V 1S1P BT2.0.5 (5szt.) - \u2705 sklep z dronami i fachowym doradztwem. \u2705 Tutaj kupisz produkty DJI, Yuneec, Parrot, Syma i wiele innych, a tak\u017ce kursy i licencje na operatora drona.\" \/>\n<meta property=\"og:url\" content=\"https:\/\/ironsky.pl\/sklep\/produkt\/akumulator-tattu-300mah-38v-1s1p-bt2-0-5-5szt\/\" \/>\n<meta property=\"og:site_name\" content=\"IRONSKY.PL Sklep z Dronami\" \/>\n<meta property=\"article:modified_time\" content=\"2026-04-15T08:48:30+00:00\" \/>\n<meta property=\"og:image\" content=\"https:\/\/ironsky.pl\/sklep\/wp-content\/uploads\/2026\/04\/24956_1.jpg\" \/>\n\t<meta property=\"og:image:width\" content=\"800\" \/>\n\t<meta property=\"og:image:height\" content=\"800\" \/>\n\t<meta property=\"og:image:type\" content=\"image\/jpeg\" \/>\n<meta name=\"twitter:card\" content=\"summary_large_image\" \/>\n<script type=\"application\/ld+json\" class=\"yoast-schema-graph\">{\"@context\":\"https:\/\/schema.org\",\"@graph\":[{\"@type\":\"WebPage\",\"@id\":\"https:\/\/ironsky.pl\/sklep\/produkt\/akumulator-tattu-300mah-38v-1s1p-bt2-0-5-5szt\/\",\"url\":\"https:\/\/ironsky.pl\/sklep\/produkt\/akumulator-tattu-300mah-38v-1s1p-bt2-0-5-5szt\/\",\"name\":\"Akumulator TATTU 300mAh 3,8V 1S1P BT2.0.5 (5szt.) - IRONSKY.PL Sklep z Dronami\",\"isPartOf\":{\"@id\":\"https:\/\/ironsky.pl\/sklep\/#website\"},\"primaryImageOfPage\":{\"@id\":\"https:\/\/ironsky.pl\/sklep\/produkt\/akumulator-tattu-300mah-38v-1s1p-bt2-0-5-5szt\/#primaryimage\"},\"image\":{\"@id\":\"https:\/\/ironsky.pl\/sklep\/produkt\/akumulator-tattu-300mah-38v-1s1p-bt2-0-5-5szt\/#primaryimage\"},\"thumbnailUrl\":\"https:\/\/ironsky.pl\/sklep\/wp-content\/uploads\/2026\/04\/24956_1.jpg\",\"datePublished\":\"2026-04-15T08:12:37+00:00\",\"dateModified\":\"2026-04-15T08:48:30+00:00\",\"description\":\"Akumulator TATTU 300mAh 3,8V 1S1P BT2.0.5 (5szt.) - \u2705 sklep z dronami i fachowym doradztwem. \u2705 Tutaj kupisz produkty DJI, Yuneec, Parrot, Syma i wiele innych, a tak\u017ce kursy i licencje na operatora drona.\",\"breadcrumb\":{\"@id\":\"https:\/\/ironsky.pl\/sklep\/produkt\/akumulator-tattu-300mah-38v-1s1p-bt2-0-5-5szt\/#breadcrumb\"},\"inLanguage\":\"pl-PL\",\"potentialAction\":[{\"@type\":\"ReadAction\",\"target\":[\"https:\/\/ironsky.pl\/sklep\/produkt\/akumulator-tattu-300mah-38v-1s1p-bt2-0-5-5szt\/\"]}]},{\"@type\":\"ImageObject\",\"inLanguage\":\"pl-PL\",\"@id\":\"https:\/\/ironsky.pl\/sklep\/produkt\/akumulator-tattu-300mah-38v-1s1p-bt2-0-5-5szt\/#primaryimage\",\"url\":\"https:\/\/ironsky.pl\/sklep\/wp-content\/uploads\/2026\/04\/24956_1.jpg\",\"contentUrl\":\"https:\/\/ironsky.pl\/sklep\/wp-content\/uploads\/2026\/04\/24956_1.jpg\",\"width\":800,\"height\":800},{\"@type\":\"BreadcrumbList\",\"@id\":\"https:\/\/ironsky.pl\/sklep\/produkt\/akumulator-tattu-300mah-38v-1s1p-bt2-0-5-5szt\/#breadcrumb\",\"itemListElement\":[{\"@type\":\"ListItem\",\"position\":1,\"name\":\"Strona g\u0142\u00f3wna\",\"item\":\"https:\/\/ironsky.pl\/sklep\/\"},{\"@type\":\"ListItem\",\"position\":2,\"name\":\"Wszystkie produkty\",\"item\":\"https:\/\/ironsky.pl\/sklep\/produkty\/\"},{\"@type\":\"ListItem\",\"position\":3,\"name\":\"Akumulator TATTU 300mAh 3,8V 1S1P BT2.0.5 (5szt.)\"}]},{\"@type\":\"WebSite\",\"@id\":\"https:\/\/ironsky.pl\/sklep\/#website\",\"url\":\"https:\/\/ironsky.pl\/sklep\/\",\"name\":\"IRONSKY.PL Sklep z Dronami\",\"description\":\"IRONSKY.PL Sklep z Dronami\",\"potentialAction\":[{\"@type\":\"SearchAction\",\"target\":{\"@type\":\"EntryPoint\",\"urlTemplate\":\"https:\/\/ironsky.pl\/sklep\/?s={search_term_string}\"},\"query-input\":{\"@type\":\"PropertyValueSpecification\",\"valueRequired\":true,\"valueName\":\"search_term_string\"}}],\"inLanguage\":\"pl-PL\"}]}<\/script>\n<!-- \/ Yoast SEO plugin. -->","yoast_head_json":{"title":"Akumulator TATTU 300mAh 3,8V 1S1P BT2.0.5 (5szt.) - IRONSKY.PL Sklep z Dronami","description":"Akumulator TATTU 300mAh 3,8V 1S1P BT2.0.5 (5szt.) - \u2705 sklep z dronami i fachowym doradztwem. \u2705 Tutaj kupisz produkty DJI, Yuneec, Parrot, Syma i wiele innych, a tak\u017ce kursy i licencje na operatora drona.","robots":{"index":"index","follow":"follow","max-snippet":"max-snippet:-1","max-image-preview":"max-image-preview:large","max-video-preview":"max-video-preview:-1"},"canonical":"https:\/\/ironsky.pl\/sklep\/produkt\/akumulator-tattu-300mah-38v-1s1p-bt2-0-5-5szt\/","og_locale":"pl_PL","og_type":"article","og_title":"Akumulator TATTU 300mAh 3,8V 1S1P BT2.0.5 (5szt.) - IRONSKY.PL Sklep z Dronami","og_description":"Akumulator TATTU 300mAh 3,8V 1S1P BT2.0.5 (5szt.) - \u2705 sklep z dronami i fachowym doradztwem. \u2705 Tutaj kupisz produkty DJI, Yuneec, Parrot, Syma i wiele innych, a tak\u017ce kursy i licencje na operatora drona.","og_url":"https:\/\/ironsky.pl\/sklep\/produkt\/akumulator-tattu-300mah-38v-1s1p-bt2-0-5-5szt\/","og_site_name":"IRONSKY.PL Sklep z Dronami","article_modified_time":"2026-04-15T08:48:30+00:00","og_image":[{"width":800,"height":800,"url":"https:\/\/ironsky.pl\/sklep\/wp-content\/uploads\/2026\/04\/24956_1.jpg","type":"image\/jpeg"}],"twitter_card":"summary_large_image","schema":{"@context":"https:\/\/schema.org","@graph":[{"@type":"WebPage","@id":"https:\/\/ironsky.pl\/sklep\/produkt\/akumulator-tattu-300mah-38v-1s1p-bt2-0-5-5szt\/","url":"https:\/\/ironsky.pl\/sklep\/produkt\/akumulator-tattu-300mah-38v-1s1p-bt2-0-5-5szt\/","name":"Akumulator TATTU 300mAh 3,8V 1S1P BT2.0.5 (5szt.) - IRONSKY.PL Sklep z Dronami","isPartOf":{"@id":"https:\/\/ironsky.pl\/sklep\/#website"},"primaryImageOfPage":{"@id":"https:\/\/ironsky.pl\/sklep\/produkt\/akumulator-tattu-300mah-38v-1s1p-bt2-0-5-5szt\/#primaryimage"},"image":{"@id":"https:\/\/ironsky.pl\/sklep\/produkt\/akumulator-tattu-300mah-38v-1s1p-bt2-0-5-5szt\/#primaryimage"},"thumbnailUrl":"https:\/\/ironsky.pl\/sklep\/wp-content\/uploads\/2026\/04\/24956_1.jpg","datePublished":"2026-04-15T08:12:37+00:00","dateModified":"2026-04-15T08:48:30+00:00","description":"Akumulator TATTU 300mAh 3,8V 1S1P BT2.0.5 (5szt.) - \u2705 sklep z dronami i fachowym doradztwem. \u2705 Tutaj kupisz produkty DJI, Yuneec, Parrot, Syma i wiele innych, a tak\u017ce kursy i licencje na operatora drona.","breadcrumb":{"@id":"https:\/\/ironsky.pl\/sklep\/produkt\/akumulator-tattu-300mah-38v-1s1p-bt2-0-5-5szt\/#breadcrumb"},"inLanguage":"pl-PL","potentialAction":[{"@type":"ReadAction","target":["https:\/\/ironsky.pl\/sklep\/produkt\/akumulator-tattu-300mah-38v-1s1p-bt2-0-5-5szt\/"]}]},{"@type":"ImageObject","inLanguage":"pl-PL","@id":"https:\/\/ironsky.pl\/sklep\/produkt\/akumulator-tattu-300mah-38v-1s1p-bt2-0-5-5szt\/#primaryimage","url":"https:\/\/ironsky.pl\/sklep\/wp-content\/uploads\/2026\/04\/24956_1.jpg","contentUrl":"https:\/\/ironsky.pl\/sklep\/wp-content\/uploads\/2026\/04\/24956_1.jpg","width":800,"height":800},{"@type":"BreadcrumbList","@id":"https:\/\/ironsky.pl\/sklep\/produkt\/akumulator-tattu-300mah-38v-1s1p-bt2-0-5-5szt\/#breadcrumb","itemListElement":[{"@type":"ListItem","position":1,"name":"Strona g\u0142\u00f3wna","item":"https:\/\/ironsky.pl\/sklep\/"},{"@type":"ListItem","position":2,"name":"Wszystkie produkty","item":"https:\/\/ironsky.pl\/sklep\/produkty\/"},{"@type":"ListItem","position":3,"name":"Akumulator TATTU 300mAh 3,8V 1S1P BT2.0.5 (5szt.)"}]},{"@type":"WebSite","@id":"https:\/\/ironsky.pl\/sklep\/#website","url":"https:\/\/ironsky.pl\/sklep\/","name":"IRONSKY.PL Sklep z Dronami","description":"IRONSKY.PL Sklep z Dronami","potentialAction":[{"@type":"SearchAction","target":{"@type":"EntryPoint","urlTemplate":"https:\/\/ironsky.pl\/sklep\/?s={search_term_string}"},"query-input":{"@type":"PropertyValueSpecification","valueRequired":true,"valueName":"search_term_string"}}],"inLanguage":"pl-PL"}]}},"_links":{"self":[{"href":"https:\/\/ironsky.pl\/sklep\/wp-json\/wp\/v2\/product\/56255","targetHints":{"allow":["GET"]}}],"collection":[{"href":"https:\/\/ironsky.pl\/sklep\/wp-json\/wp\/v2\/product"}],"about":[{"href":"https:\/\/ironsky.pl\/sklep\/wp-json\/wp\/v2\/types\/product"}],"replies":[{"embeddable":true,"href":"https:\/\/ironsky.pl\/sklep\/wp-json\/wp\/v2\/comments?post=56255"}],"wp:featuredmedia":[{"embeddable":true,"href":"https:\/\/ironsky.pl\/sklep\/wp-json\/wp\/v2\/media\/56256"}],"wp:attachment":[{"href":"https:\/\/ironsky.pl\/sklep\/wp-json\/wp\/v2\/media?parent=56255"}],"wp:term":[{"taxonomy":"product_brand","embeddable":true,"href":"https:\/\/ironsky.pl\/sklep\/wp-json\/wp\/v2\/product_brand?post=56255"},{"taxonomy":"product_cat","embeddable":true,"href":"https:\/\/ironsky.pl\/sklep\/wp-json\/wp\/v2\/product_cat?post=56255"},{"taxonomy":"product_tag","embeddable":true,"href":"https:\/\/ironsky.pl\/sklep\/wp-json\/wp\/v2\/product_tag?post=56255"}],"curies":[{"name":"wp","href":"https:\/\/api.w.org\/{rel}","templated":true}]}}