{"id":56250,"date":"2026-04-15T10:12:37","date_gmt":"2026-04-15T08:12:37","guid":{"rendered":"https:\/\/ironsky.pl\/sklep\/produkt\/torba-fotograficzna-puluz-na-ramie-czarna\/"},"modified":"2026-04-15T10:12:56","modified_gmt":"2026-04-15T08:12:56","slug":"torba-fotograficzna-puluz-na-ramie-czarna","status":"publish","type":"product","link":"https:\/\/ironsky.pl\/sklep\/produkt\/torba-fotograficzna-puluz-na-ramie-czarna\/","title":{"rendered":"Torba fotograficzna PULUZ na rami\u0119 (czarna)"},"content":{"rendered":"<h3>Puluz torba fotograficzna na rami\u0119 (czarna)<\/h3>\n<p>Szukasz solidnej torby, kt\u00f3ra zapewni bezpiecze\u0144stwo Twoim sprz\u0119tom? Wykonana z wodoodpornego\u00a0i\u00a0odpornego na zu\u017cycie\u00a0materia\u0142u tekstylnego torba Puluz z pewno\u015bci\u0105 spe\u0142ni Twoje oczekiwania! Produkt zosta\u0142 zaprojektowany w taki spos\u00f3b, aby zapewni\u0107 maksymalne bezpiecze\u0144stwo Twoim urz\u0105dzeniom.<\/p>\n<p><img decoding=\"async\" src=\"https:\/\/b2b.innpro.pl\/data\/include\/cms\/02Puluz\/PU5016B\/4.jpg\"><\/p>\n<h3>Solidne wykonanie<\/h3>\n<p>Torba zosta\u0142a wykonana z odpornych na zu\u017cycie i wodoodpornych materia\u0142\u00f3w. Zapewnia pe\u0142ne bezpiecze\u0144stwo dla Twojego sprz\u0119tu za spraw\u0105\u00a0grubych przegr\u00f3d\u00a0znajduj\u0105cych si\u0119 w \u015brodku, kt\u00f3re maj\u0105 za zadanie minimalizowanie uszkodze\u0144 spowodowanych wibracjami.<\/p>\n<p><img decoding=\"async\" src=\"https:\/\/b2b.innpro.pl\/data\/include\/cms\/02Puluz\/PU5016B\/6.jpg\"><\/p>\n<h3>Doskona\u0142y do codziennego u\u017cytkowania<\/h3>\n<p>Produkt jest lekki i sk\u0142adany, zawiera wy\u015bcie\u0142ane przegr\u00f3dki wewn\u0105trz, pozwalaj\u0105ce na bezpieczne przechowywanie sprz\u0119tu \u2014 schowasz tam telefon kom\u00f3rkowy, kabel i inne ma\u0142e przedmioty. Jego hierarchiczny uk\u0142ad o du\u017cej pojemno\u015bci, doskonale sprawdzi si\u0119 do codziennego u\u017cytku. To jeszcze nie wszystko! Dodatkowe bezpiecze\u0144stwo zapewni\u0105 podw\u00f3jne zamki b\u0142yskawiczne, a o komfort noszenia zadbaj\u0105 mi\u0119kkie i wygodne paski na ramiona, kt\u00f3re mo\u017cna dowolnie regulowa\u0107.<\/p>\n<p><img decoding=\"async\" src=\"https:\/\/b2b.innpro.pl\/data\/include\/cms\/02Puluz\/PU5016B\/2.jpg\"><\/p>\n<h3>W zestawie:<\/h3>\n<ul>\n<li>Torba fotograficzna<\/li>\n<li>Pasek na rami\u0119<\/li>\n<li>Torba do przechowywania<\/li>\n<\/ul>\n<div class=\"table-wrapper\">\n<table>\n<tbody>\n<tr>\n<th>Producet<\/th>\n<td>Puluz<\/td>\n<\/tr>\n<tr>\n<th>Kolor<\/th>\n<td>Czarny<\/td>\n<\/tr>\n<tr>\n<th>Materia\u0142<\/th>\n<td>Wodoodporny materia\u0142 tekstylny<\/td>\n<\/tr>\n<tr>\n<th>Wymiary<\/th>\n<td>37 \u00d7 13 \u00d7 20 cm<\/td>\n<\/tr>\n<tr>\n<th>Sk\u0142adany<\/th>\n<td>Tak<\/td>\n<\/tr>\n<\/tbody>\n<\/table>\n<\/div>\n","protected":false},"excerpt":{"rendered":"<p>Puluz torba fotograficzna na rami\u0119 (czarna) Szukasz solidnej torby, kt\u00f3ra zapewni bezpiecze\u0144stwo Twoim sprz\u0119tom? Wykonana z wodoodpornego\u00a0i\u00a0odpornego na zu\u017cycie\u00a0materia\u0142u tekstylnego<\/p>\n","protected":false},"featured_media":56251,"comment_status":"closed","ping_status":"open","template":"","meta":{"_acf_changed":false},"product_brand":[],"product_cat":[1128,6172,6205],"product_tag":[],"class_list":{"0":"post-56250","1":"product","2":"type-product","3":"status-publish","4":"has-post-thumbnail","6":"product_cat-foto-wideo","7":"product_cat-przechowywanie-i-transport","8":"product_cat-torby","9":"pa_okres-gwarancji-5754","10":"pa_producent-puluz","12":"first","13":"outofstock","14":"taxable","15":"shipping-taxable","16":"purchasable","17":"product-type-simple"},"acf":[],"yoast_head":"<!-- This site is optimized with the Yoast SEO plugin v27.2 - https:\/\/yoast.com\/product\/yoast-seo-wordpress\/ -->\n<title>Torba fotograficzna PULUZ na rami\u0119 (czarna) - IRONSKY.PL Sklep z Dronami<\/title>\n<meta name=\"description\" content=\"Torba fotograficzna PULUZ na rami\u0119 (czarna) - \u2705 sklep z dronami i fachowym doradztwem. \u2705 Tutaj kupisz produkty DJI, Yuneec, Parrot, Syma i wiele innych, a tak\u017ce kursy i licencje na operatora drona.\" \/>\n<meta name=\"robots\" content=\"index, follow, max-snippet:-1, max-image-preview:large, max-video-preview:-1\" \/>\n<link rel=\"canonical\" href=\"https:\/\/ironsky.pl\/sklep\/produkt\/torba-fotograficzna-puluz-na-ramie-czarna\/\" \/>\n<meta property=\"og:locale\" content=\"pl_PL\" \/>\n<meta property=\"og:type\" content=\"article\" \/>\n<meta property=\"og:title\" content=\"Torba fotograficzna PULUZ na rami\u0119 (czarna) - IRONSKY.PL Sklep z Dronami\" \/>\n<meta property=\"og:description\" content=\"Torba fotograficzna PULUZ na rami\u0119 (czarna) - \u2705 sklep z dronami i fachowym doradztwem. \u2705 Tutaj kupisz produkty DJI, Yuneec, Parrot, Syma i wiele innych, a tak\u017ce kursy i licencje na operatora drona.\" \/>\n<meta property=\"og:url\" content=\"https:\/\/ironsky.pl\/sklep\/produkt\/torba-fotograficzna-puluz-na-ramie-czarna\/\" \/>\n<meta property=\"og:site_name\" content=\"IRONSKY.PL Sklep z Dronami\" \/>\n<meta property=\"article:modified_time\" content=\"2026-04-15T08:12:56+00:00\" \/>\n<meta property=\"og:image\" content=\"https:\/\/ironsky.pl\/sklep\/wp-content\/uploads\/2026\/04\/24927_1.jpg\" \/>\n\t<meta property=\"og:image:width\" content=\"800\" \/>\n\t<meta property=\"og:image:height\" content=\"800\" \/>\n\t<meta property=\"og:image:type\" content=\"image\/jpeg\" \/>\n<meta name=\"twitter:card\" content=\"summary_large_image\" \/>\n<meta name=\"twitter:label1\" content=\"Szacowany czas czytania\" \/>\n\t<meta name=\"twitter:data1\" content=\"1 minuta\" \/>\n<script type=\"application\/ld+json\" class=\"yoast-schema-graph\">{\"@context\":\"https:\/\/schema.org\",\"@graph\":[{\"@type\":\"WebPage\",\"@id\":\"https:\/\/ironsky.pl\/sklep\/produkt\/torba-fotograficzna-puluz-na-ramie-czarna\/\",\"url\":\"https:\/\/ironsky.pl\/sklep\/produkt\/torba-fotograficzna-puluz-na-ramie-czarna\/\",\"name\":\"Torba fotograficzna PULUZ na rami\u0119 (czarna) - IRONSKY.PL Sklep z Dronami\",\"isPartOf\":{\"@id\":\"https:\/\/ironsky.pl\/sklep\/#website\"},\"primaryImageOfPage\":{\"@id\":\"https:\/\/ironsky.pl\/sklep\/produkt\/torba-fotograficzna-puluz-na-ramie-czarna\/#primaryimage\"},\"image\":{\"@id\":\"https:\/\/ironsky.pl\/sklep\/produkt\/torba-fotograficzna-puluz-na-ramie-czarna\/#primaryimage\"},\"thumbnailUrl\":\"https:\/\/ironsky.pl\/sklep\/wp-content\/uploads\/2026\/04\/24927_1.jpg\",\"datePublished\":\"2026-04-15T08:12:37+00:00\",\"dateModified\":\"2026-04-15T08:12:56+00:00\",\"description\":\"Torba fotograficzna PULUZ na rami\u0119 (czarna) - \u2705 sklep z dronami i fachowym doradztwem. \u2705 Tutaj kupisz produkty DJI, Yuneec, Parrot, Syma i wiele innych, a tak\u017ce kursy i licencje na operatora drona.\",\"breadcrumb\":{\"@id\":\"https:\/\/ironsky.pl\/sklep\/produkt\/torba-fotograficzna-puluz-na-ramie-czarna\/#breadcrumb\"},\"inLanguage\":\"pl-PL\",\"potentialAction\":[{\"@type\":\"ReadAction\",\"target\":[\"https:\/\/ironsky.pl\/sklep\/produkt\/torba-fotograficzna-puluz-na-ramie-czarna\/\"]}]},{\"@type\":\"ImageObject\",\"inLanguage\":\"pl-PL\",\"@id\":\"https:\/\/ironsky.pl\/sklep\/produkt\/torba-fotograficzna-puluz-na-ramie-czarna\/#primaryimage\",\"url\":\"https:\/\/ironsky.pl\/sklep\/wp-content\/uploads\/2026\/04\/24927_1.jpg\",\"contentUrl\":\"https:\/\/ironsky.pl\/sklep\/wp-content\/uploads\/2026\/04\/24927_1.jpg\",\"width\":800,\"height\":800},{\"@type\":\"BreadcrumbList\",\"@id\":\"https:\/\/ironsky.pl\/sklep\/produkt\/torba-fotograficzna-puluz-na-ramie-czarna\/#breadcrumb\",\"itemListElement\":[{\"@type\":\"ListItem\",\"position\":1,\"name\":\"Strona g\u0142\u00f3wna\",\"item\":\"https:\/\/ironsky.pl\/sklep\/\"},{\"@type\":\"ListItem\",\"position\":2,\"name\":\"Wszystkie produkty\",\"item\":\"https:\/\/ironsky.pl\/sklep\/produkty\/\"},{\"@type\":\"ListItem\",\"position\":3,\"name\":\"Torba fotograficzna PULUZ na rami\u0119 (czarna)\"}]},{\"@type\":\"WebSite\",\"@id\":\"https:\/\/ironsky.pl\/sklep\/#website\",\"url\":\"https:\/\/ironsky.pl\/sklep\/\",\"name\":\"IRONSKY.PL Sklep z Dronami\",\"description\":\"IRONSKY.PL Sklep z Dronami\",\"potentialAction\":[{\"@type\":\"SearchAction\",\"target\":{\"@type\":\"EntryPoint\",\"urlTemplate\":\"https:\/\/ironsky.pl\/sklep\/?s={search_term_string}\"},\"query-input\":{\"@type\":\"PropertyValueSpecification\",\"valueRequired\":true,\"valueName\":\"search_term_string\"}}],\"inLanguage\":\"pl-PL\"}]}<\/script>\n<!-- \/ Yoast SEO plugin. -->","yoast_head_json":{"title":"Torba fotograficzna PULUZ na rami\u0119 (czarna) - IRONSKY.PL Sklep z Dronami","description":"Torba fotograficzna PULUZ na rami\u0119 (czarna) - \u2705 sklep z dronami i fachowym doradztwem. \u2705 Tutaj kupisz produkty DJI, Yuneec, Parrot, Syma i wiele innych, a tak\u017ce kursy i licencje na operatora drona.","robots":{"index":"index","follow":"follow","max-snippet":"max-snippet:-1","max-image-preview":"max-image-preview:large","max-video-preview":"max-video-preview:-1"},"canonical":"https:\/\/ironsky.pl\/sklep\/produkt\/torba-fotograficzna-puluz-na-ramie-czarna\/","og_locale":"pl_PL","og_type":"article","og_title":"Torba fotograficzna PULUZ na rami\u0119 (czarna) - IRONSKY.PL Sklep z Dronami","og_description":"Torba fotograficzna PULUZ na rami\u0119 (czarna) - \u2705 sklep z dronami i fachowym doradztwem. \u2705 Tutaj kupisz produkty DJI, Yuneec, Parrot, Syma i wiele innych, a tak\u017ce kursy i licencje na operatora drona.","og_url":"https:\/\/ironsky.pl\/sklep\/produkt\/torba-fotograficzna-puluz-na-ramie-czarna\/","og_site_name":"IRONSKY.PL Sklep z Dronami","article_modified_time":"2026-04-15T08:12:56+00:00","og_image":[{"width":800,"height":800,"url":"https:\/\/ironsky.pl\/sklep\/wp-content\/uploads\/2026\/04\/24927_1.jpg","type":"image\/jpeg"}],"twitter_card":"summary_large_image","twitter_misc":{"Szacowany czas czytania":"1 minuta"},"schema":{"@context":"https:\/\/schema.org","@graph":[{"@type":"WebPage","@id":"https:\/\/ironsky.pl\/sklep\/produkt\/torba-fotograficzna-puluz-na-ramie-czarna\/","url":"https:\/\/ironsky.pl\/sklep\/produkt\/torba-fotograficzna-puluz-na-ramie-czarna\/","name":"Torba fotograficzna PULUZ na rami\u0119 (czarna) - IRONSKY.PL Sklep z Dronami","isPartOf":{"@id":"https:\/\/ironsky.pl\/sklep\/#website"},"primaryImageOfPage":{"@id":"https:\/\/ironsky.pl\/sklep\/produkt\/torba-fotograficzna-puluz-na-ramie-czarna\/#primaryimage"},"image":{"@id":"https:\/\/ironsky.pl\/sklep\/produkt\/torba-fotograficzna-puluz-na-ramie-czarna\/#primaryimage"},"thumbnailUrl":"https:\/\/ironsky.pl\/sklep\/wp-content\/uploads\/2026\/04\/24927_1.jpg","datePublished":"2026-04-15T08:12:37+00:00","dateModified":"2026-04-15T08:12:56+00:00","description":"Torba fotograficzna PULUZ na rami\u0119 (czarna) - \u2705 sklep z dronami i fachowym doradztwem. \u2705 Tutaj kupisz produkty DJI, Yuneec, Parrot, Syma i wiele innych, a tak\u017ce kursy i licencje na operatora drona.","breadcrumb":{"@id":"https:\/\/ironsky.pl\/sklep\/produkt\/torba-fotograficzna-puluz-na-ramie-czarna\/#breadcrumb"},"inLanguage":"pl-PL","potentialAction":[{"@type":"ReadAction","target":["https:\/\/ironsky.pl\/sklep\/produkt\/torba-fotograficzna-puluz-na-ramie-czarna\/"]}]},{"@type":"ImageObject","inLanguage":"pl-PL","@id":"https:\/\/ironsky.pl\/sklep\/produkt\/torba-fotograficzna-puluz-na-ramie-czarna\/#primaryimage","url":"https:\/\/ironsky.pl\/sklep\/wp-content\/uploads\/2026\/04\/24927_1.jpg","contentUrl":"https:\/\/ironsky.pl\/sklep\/wp-content\/uploads\/2026\/04\/24927_1.jpg","width":800,"height":800},{"@type":"BreadcrumbList","@id":"https:\/\/ironsky.pl\/sklep\/produkt\/torba-fotograficzna-puluz-na-ramie-czarna\/#breadcrumb","itemListElement":[{"@type":"ListItem","position":1,"name":"Strona g\u0142\u00f3wna","item":"https:\/\/ironsky.pl\/sklep\/"},{"@type":"ListItem","position":2,"name":"Wszystkie produkty","item":"https:\/\/ironsky.pl\/sklep\/produkty\/"},{"@type":"ListItem","position":3,"name":"Torba fotograficzna PULUZ na rami\u0119 (czarna)"}]},{"@type":"WebSite","@id":"https:\/\/ironsky.pl\/sklep\/#website","url":"https:\/\/ironsky.pl\/sklep\/","name":"IRONSKY.PL Sklep z Dronami","description":"IRONSKY.PL Sklep z Dronami","potentialAction":[{"@type":"SearchAction","target":{"@type":"EntryPoint","urlTemplate":"https:\/\/ironsky.pl\/sklep\/?s={search_term_string}"},"query-input":{"@type":"PropertyValueSpecification","valueRequired":true,"valueName":"search_term_string"}}],"inLanguage":"pl-PL"}]}},"_links":{"self":[{"href":"https:\/\/ironsky.pl\/sklep\/wp-json\/wp\/v2\/product\/56250","targetHints":{"allow":["GET"]}}],"collection":[{"href":"https:\/\/ironsky.pl\/sklep\/wp-json\/wp\/v2\/product"}],"about":[{"href":"https:\/\/ironsky.pl\/sklep\/wp-json\/wp\/v2\/types\/product"}],"replies":[{"embeddable":true,"href":"https:\/\/ironsky.pl\/sklep\/wp-json\/wp\/v2\/comments?post=56250"}],"wp:featuredmedia":[{"embeddable":true,"href":"https:\/\/ironsky.pl\/sklep\/wp-json\/wp\/v2\/media\/56251"}],"wp:attachment":[{"href":"https:\/\/ironsky.pl\/sklep\/wp-json\/wp\/v2\/media?parent=56250"}],"wp:term":[{"taxonomy":"product_brand","embeddable":true,"href":"https:\/\/ironsky.pl\/sklep\/wp-json\/wp\/v2\/product_brand?post=56250"},{"taxonomy":"product_cat","embeddable":true,"href":"https:\/\/ironsky.pl\/sklep\/wp-json\/wp\/v2\/product_cat?post=56250"},{"taxonomy":"product_tag","embeddable":true,"href":"https:\/\/ironsky.pl\/sklep\/wp-json\/wp\/v2\/product_tag?post=56250"}],"curies":[{"name":"wp","href":"https:\/\/api.w.org\/{rel}","templated":true}]}}