{"id":56235,"date":"2026-04-15T10:12:37","date_gmt":"2026-04-15T08:12:37","guid":{"rendered":"https:\/\/ironsky.pl\/sklep\/produkt\/opaska-na-szyje-telesin-z-mocowaniem-do-kamery-telefonu\/"},"modified":"2026-04-15T10:12:49","modified_gmt":"2026-04-15T08:12:49","slug":"opaska-na-szyje-telesin-z-mocowaniem-do-kamery-telefonu","status":"publish","type":"product","link":"https:\/\/ironsky.pl\/sklep\/produkt\/opaska-na-szyje-telesin-z-mocowaniem-do-kamery-telefonu\/","title":{"rendered":"Opaska na szyj\u0119 TELESIN z mocowaniem do kamery\/telefonu"},"content":{"rendered":"<h3>Opaska na szyj\u0119 Telesin z mocowaniem do kamer sportowych \/ telefon\u00f3w (TE-HNB-001)    <\/h3>\n<p>Stw\u00f3rz unikalne uj\u0119cie z perspektywy pierwszej osoby. Opaska na szyj\u0119 marki Telesin jest kompatybilna z wieloma modelami kamer sportowych i smartfon\u00f3w. Pozwala wygodnie dostosowa\u0107 k\u0105t nagrywania dzi\u0119ki specjalnemu adapterowi. Przygotuj zapieraj\u0105cy dech w piersiach materia\u0142, p\u0119dz\u0105c na rowerze, p\u0142yn\u0105c kajakiem lub zdobywaj\u0105c g\u00f3rskie szczyty \u2014 ogranicza Ci\u0119 tylko wyobra\u017ania!<\/p>\n<p>\n<img decoding=\"async\" src=\"https:\/\/assets.innpro.pl\/15416\/19368\/3.jpg\" border=\"0\" alt=\"\" \/>\n<\/p>\n<h3>Szeroka kompatybilno\u015b\u0107<\/h3>\n<p>Niewa\u017cne, jakiego sprz\u0119tu u\u017cywasz \u2014 teraz z \u0142atwo\u015bci\u0105 nagrasz oryginalny materia\u0142 z perspektywy pierwszej osoby! Opaska jest kompatybilna z wi\u0119kszo\u015bci\u0105 modeli popularnych smartfon\u00f3w oraz kamer sportowych takich jak na przyk\u0142ad GoPro, Insta360 czy DJI.<\/p>\n<p>\n<img decoding=\"async\" src=\"https:\/\/assets.innpro.pl\/15416\/19368\/6.jpg\" border=\"0\" alt=\"\" \/>\n<\/p>\n<h3>Dostosuj k\u0105t nagrywania<\/h3>\n<p>Nagrywaj pod dowolnym k\u0105tem \u2014 pozwala na to specjalnie zaprojektowany adapter. Teraz bez trudu wykonasz zachwycaj\u0105ce uj\u0119cie w pionie lub w poziomie \u2014 mo\u017cliwo\u015bci s\u0105 naprawd\u0119 du\u017ce. Kamera mo\u017ce by\u0107 z Tob\u0105 podczas wycieczki motorem, wspinaczki g\u00f3rskiej, a nawet zabaw z pupilem<\/p>\n<p>\n<img decoding=\"async\" src=\"https:\/\/assets.innpro.pl\/15416\/19368\/8.jpg\" border=\"0\" alt=\"\" \/>\n<\/p>\n<h3>Wygodna obs\u0142uga<\/h3>\n<p>Urz\u0105dzenie posiada inteligentny przycisk, kt\u00f3ry usprawni jego obs\u0142ug\u0119. Jeden przycisk wystarczy, aby otworzy\u0107 sprz\u0119t i go obs\u0142ugiwa\u0107. Produkt jest wykonany ze stali nierdzewnej z elastycznym gumowym materia\u0142em, dzi\u0119ki kt\u00f3remu jest bardzo wygodny w noszeniu.<\/p>\n<p>\n<img decoding=\"async\" src=\"https:\/\/assets.innpro.pl\/15416\/19368\/9.jpg\" border=\"0\" alt=\"\" \/>\n<\/p>\n<div class=\"table-wrapper\">\n<p>\u00a0<\/p>\n<h3><\/h3>\n<table>\n<tbody>\n<tr>\n<th>Marka<\/th>\n<td>Telesin<\/td>\n<\/tr>\n<tr>\n<th>Model<\/th>\n<td>TE-HNB-001<\/td>\n<\/tr>\n<tr>\n<th>Rozmiar produktu<\/th>\n<td>250*170*20 cm<\/td>\n<\/tr>\n<tr>\n<th>Materia\u0142<\/th>\n<td>Stal nierdzewna + guma<\/td>\n<\/tr>\n<tr>\n<th>Waga<\/th>\n<td>180 g<\/td>\n<\/tr>\n<tr>\n<th>Kompatybilno\u015b\u0107<\/th>\n<td>GoPro, DJI i Insta360, telefony kom\u00f3rkowe<\/td>\n<\/tr>\n<\/tbody>\n<\/table>\n<\/div>\n","protected":false},"excerpt":{"rendered":"<p>Opaska na szyj\u0119 Telesin z mocowaniem do kamer sportowych \/ telefon\u00f3w (TE-HNB-001) Stw\u00f3rz unikalne uj\u0119cie z perspektywy pierwszej osoby. Opaska<\/p>\n","protected":false},"featured_media":56236,"comment_status":"closed","ping_status":"open","template":"","meta":{"_acf_changed":false},"product_brand":[],"product_cat":[1128,6178,6176,6177,6181,1138],"product_tag":[],"class_list":{"0":"post-56235","1":"product","2":"type-product","3":"status-publish","4":"has-post-thumbnail","6":"product_cat-foto-wideo","7":"product_cat-mocowania","8":"product_cat-selfie-stiki","9":"product_cat-statywy-selfie-stiki","10":"product_cat-szelki-mocowania-i-uchwyty","11":"product_cat-wysiegniki","12":"pa_okres-gwarancji-5754","13":"pa_producent-telesin","15":"first","16":"outofstock","17":"taxable","18":"shipping-taxable","19":"purchasable","20":"product-type-simple"},"acf":[],"yoast_head":"<!-- This site is optimized with the Yoast SEO plugin v27.2 - https:\/\/yoast.com\/product\/yoast-seo-wordpress\/ -->\n<title>Opaska na szyj\u0119 TELESIN z mocowaniem do kamery\/telefonu - IRONSKY.PL Sklep z Dronami<\/title>\n<meta name=\"description\" content=\"Opaska na szyj\u0119 TELESIN z mocowaniem do kamery\/telefonu - \u2705 sklep z dronami i fachowym doradztwem. \u2705 Tutaj kupisz produkty DJI, Yuneec, Parrot, Syma i wiele innych, a tak\u017ce kursy i licencje na operatora drona.\" \/>\n<meta name=\"robots\" content=\"index, follow, max-snippet:-1, max-image-preview:large, max-video-preview:-1\" \/>\n<link rel=\"canonical\" href=\"https:\/\/ironsky.pl\/sklep\/produkt\/opaska-na-szyje-telesin-z-mocowaniem-do-kamery-telefonu\/\" \/>\n<meta property=\"og:locale\" content=\"pl_PL\" \/>\n<meta property=\"og:type\" content=\"article\" \/>\n<meta property=\"og:title\" content=\"Opaska na szyj\u0119 TELESIN z mocowaniem do kamery\/telefonu - IRONSKY.PL Sklep z Dronami\" \/>\n<meta property=\"og:description\" content=\"Opaska na szyj\u0119 TELESIN z mocowaniem do kamery\/telefonu - \u2705 sklep z dronami i fachowym doradztwem. \u2705 Tutaj kupisz produkty DJI, Yuneec, Parrot, Syma i wiele innych, a tak\u017ce kursy i licencje na operatora drona.\" \/>\n<meta property=\"og:url\" content=\"https:\/\/ironsky.pl\/sklep\/produkt\/opaska-na-szyje-telesin-z-mocowaniem-do-kamery-telefonu\/\" \/>\n<meta property=\"og:site_name\" content=\"IRONSKY.PL Sklep z Dronami\" \/>\n<meta property=\"article:modified_time\" content=\"2026-04-15T08:12:49+00:00\" \/>\n<meta property=\"og:image\" content=\"https:\/\/ironsky.pl\/sklep\/wp-content\/uploads\/2026\/04\/24917_1.jpg\" \/>\n\t<meta property=\"og:image:width\" content=\"800\" \/>\n\t<meta property=\"og:image:height\" content=\"800\" \/>\n\t<meta property=\"og:image:type\" content=\"image\/jpeg\" \/>\n<meta name=\"twitter:card\" content=\"summary_large_image\" \/>\n<meta name=\"twitter:label1\" content=\"Szacowany czas czytania\" \/>\n\t<meta name=\"twitter:data1\" content=\"1 minuta\" \/>\n<script type=\"application\/ld+json\" class=\"yoast-schema-graph\">{\"@context\":\"https:\/\/schema.org\",\"@graph\":[{\"@type\":\"WebPage\",\"@id\":\"https:\/\/ironsky.pl\/sklep\/produkt\/opaska-na-szyje-telesin-z-mocowaniem-do-kamery-telefonu\/\",\"url\":\"https:\/\/ironsky.pl\/sklep\/produkt\/opaska-na-szyje-telesin-z-mocowaniem-do-kamery-telefonu\/\",\"name\":\"Opaska na szyj\u0119 TELESIN z mocowaniem do kamery\/telefonu - IRONSKY.PL Sklep z Dronami\",\"isPartOf\":{\"@id\":\"https:\/\/ironsky.pl\/sklep\/#website\"},\"primaryImageOfPage\":{\"@id\":\"https:\/\/ironsky.pl\/sklep\/produkt\/opaska-na-szyje-telesin-z-mocowaniem-do-kamery-telefonu\/#primaryimage\"},\"image\":{\"@id\":\"https:\/\/ironsky.pl\/sklep\/produkt\/opaska-na-szyje-telesin-z-mocowaniem-do-kamery-telefonu\/#primaryimage\"},\"thumbnailUrl\":\"https:\/\/ironsky.pl\/sklep\/wp-content\/uploads\/2026\/04\/24917_1.jpg\",\"datePublished\":\"2026-04-15T08:12:37+00:00\",\"dateModified\":\"2026-04-15T08:12:49+00:00\",\"description\":\"Opaska na szyj\u0119 TELESIN z mocowaniem do kamery\/telefonu - \u2705 sklep z dronami i fachowym doradztwem. \u2705 Tutaj kupisz produkty DJI, Yuneec, Parrot, Syma i wiele innych, a tak\u017ce kursy i licencje na operatora drona.\",\"breadcrumb\":{\"@id\":\"https:\/\/ironsky.pl\/sklep\/produkt\/opaska-na-szyje-telesin-z-mocowaniem-do-kamery-telefonu\/#breadcrumb\"},\"inLanguage\":\"pl-PL\",\"potentialAction\":[{\"@type\":\"ReadAction\",\"target\":[\"https:\/\/ironsky.pl\/sklep\/produkt\/opaska-na-szyje-telesin-z-mocowaniem-do-kamery-telefonu\/\"]}]},{\"@type\":\"ImageObject\",\"inLanguage\":\"pl-PL\",\"@id\":\"https:\/\/ironsky.pl\/sklep\/produkt\/opaska-na-szyje-telesin-z-mocowaniem-do-kamery-telefonu\/#primaryimage\",\"url\":\"https:\/\/ironsky.pl\/sklep\/wp-content\/uploads\/2026\/04\/24917_1.jpg\",\"contentUrl\":\"https:\/\/ironsky.pl\/sklep\/wp-content\/uploads\/2026\/04\/24917_1.jpg\",\"width\":800,\"height\":800},{\"@type\":\"BreadcrumbList\",\"@id\":\"https:\/\/ironsky.pl\/sklep\/produkt\/opaska-na-szyje-telesin-z-mocowaniem-do-kamery-telefonu\/#breadcrumb\",\"itemListElement\":[{\"@type\":\"ListItem\",\"position\":1,\"name\":\"Strona g\u0142\u00f3wna\",\"item\":\"https:\/\/ironsky.pl\/sklep\/\"},{\"@type\":\"ListItem\",\"position\":2,\"name\":\"Wszystkie produkty\",\"item\":\"https:\/\/ironsky.pl\/sklep\/produkty\/\"},{\"@type\":\"ListItem\",\"position\":3,\"name\":\"Opaska na szyj\u0119 TELESIN z mocowaniem do kamery\/telefonu\"}]},{\"@type\":\"WebSite\",\"@id\":\"https:\/\/ironsky.pl\/sklep\/#website\",\"url\":\"https:\/\/ironsky.pl\/sklep\/\",\"name\":\"IRONSKY.PL Sklep z Dronami\",\"description\":\"IRONSKY.PL Sklep z Dronami\",\"potentialAction\":[{\"@type\":\"SearchAction\",\"target\":{\"@type\":\"EntryPoint\",\"urlTemplate\":\"https:\/\/ironsky.pl\/sklep\/?s={search_term_string}\"},\"query-input\":{\"@type\":\"PropertyValueSpecification\",\"valueRequired\":true,\"valueName\":\"search_term_string\"}}],\"inLanguage\":\"pl-PL\"}]}<\/script>\n<!-- \/ Yoast SEO plugin. -->","yoast_head_json":{"title":"Opaska na szyj\u0119 TELESIN z mocowaniem do kamery\/telefonu - IRONSKY.PL Sklep z Dronami","description":"Opaska na szyj\u0119 TELESIN z mocowaniem do kamery\/telefonu - \u2705 sklep z dronami i fachowym doradztwem. \u2705 Tutaj kupisz produkty DJI, Yuneec, Parrot, Syma i wiele innych, a tak\u017ce kursy i licencje na operatora drona.","robots":{"index":"index","follow":"follow","max-snippet":"max-snippet:-1","max-image-preview":"max-image-preview:large","max-video-preview":"max-video-preview:-1"},"canonical":"https:\/\/ironsky.pl\/sklep\/produkt\/opaska-na-szyje-telesin-z-mocowaniem-do-kamery-telefonu\/","og_locale":"pl_PL","og_type":"article","og_title":"Opaska na szyj\u0119 TELESIN z mocowaniem do kamery\/telefonu - IRONSKY.PL Sklep z Dronami","og_description":"Opaska na szyj\u0119 TELESIN z mocowaniem do kamery\/telefonu - \u2705 sklep z dronami i fachowym doradztwem. \u2705 Tutaj kupisz produkty DJI, Yuneec, Parrot, Syma i wiele innych, a tak\u017ce kursy i licencje na operatora drona.","og_url":"https:\/\/ironsky.pl\/sklep\/produkt\/opaska-na-szyje-telesin-z-mocowaniem-do-kamery-telefonu\/","og_site_name":"IRONSKY.PL Sklep z Dronami","article_modified_time":"2026-04-15T08:12:49+00:00","og_image":[{"width":800,"height":800,"url":"https:\/\/ironsky.pl\/sklep\/wp-content\/uploads\/2026\/04\/24917_1.jpg","type":"image\/jpeg"}],"twitter_card":"summary_large_image","twitter_misc":{"Szacowany czas czytania":"1 minuta"},"schema":{"@context":"https:\/\/schema.org","@graph":[{"@type":"WebPage","@id":"https:\/\/ironsky.pl\/sklep\/produkt\/opaska-na-szyje-telesin-z-mocowaniem-do-kamery-telefonu\/","url":"https:\/\/ironsky.pl\/sklep\/produkt\/opaska-na-szyje-telesin-z-mocowaniem-do-kamery-telefonu\/","name":"Opaska na szyj\u0119 TELESIN z mocowaniem do kamery\/telefonu - IRONSKY.PL Sklep z Dronami","isPartOf":{"@id":"https:\/\/ironsky.pl\/sklep\/#website"},"primaryImageOfPage":{"@id":"https:\/\/ironsky.pl\/sklep\/produkt\/opaska-na-szyje-telesin-z-mocowaniem-do-kamery-telefonu\/#primaryimage"},"image":{"@id":"https:\/\/ironsky.pl\/sklep\/produkt\/opaska-na-szyje-telesin-z-mocowaniem-do-kamery-telefonu\/#primaryimage"},"thumbnailUrl":"https:\/\/ironsky.pl\/sklep\/wp-content\/uploads\/2026\/04\/24917_1.jpg","datePublished":"2026-04-15T08:12:37+00:00","dateModified":"2026-04-15T08:12:49+00:00","description":"Opaska na szyj\u0119 TELESIN z mocowaniem do kamery\/telefonu - \u2705 sklep z dronami i fachowym doradztwem. \u2705 Tutaj kupisz produkty DJI, Yuneec, Parrot, Syma i wiele innych, a tak\u017ce kursy i licencje na operatora drona.","breadcrumb":{"@id":"https:\/\/ironsky.pl\/sklep\/produkt\/opaska-na-szyje-telesin-z-mocowaniem-do-kamery-telefonu\/#breadcrumb"},"inLanguage":"pl-PL","potentialAction":[{"@type":"ReadAction","target":["https:\/\/ironsky.pl\/sklep\/produkt\/opaska-na-szyje-telesin-z-mocowaniem-do-kamery-telefonu\/"]}]},{"@type":"ImageObject","inLanguage":"pl-PL","@id":"https:\/\/ironsky.pl\/sklep\/produkt\/opaska-na-szyje-telesin-z-mocowaniem-do-kamery-telefonu\/#primaryimage","url":"https:\/\/ironsky.pl\/sklep\/wp-content\/uploads\/2026\/04\/24917_1.jpg","contentUrl":"https:\/\/ironsky.pl\/sklep\/wp-content\/uploads\/2026\/04\/24917_1.jpg","width":800,"height":800},{"@type":"BreadcrumbList","@id":"https:\/\/ironsky.pl\/sklep\/produkt\/opaska-na-szyje-telesin-z-mocowaniem-do-kamery-telefonu\/#breadcrumb","itemListElement":[{"@type":"ListItem","position":1,"name":"Strona g\u0142\u00f3wna","item":"https:\/\/ironsky.pl\/sklep\/"},{"@type":"ListItem","position":2,"name":"Wszystkie produkty","item":"https:\/\/ironsky.pl\/sklep\/produkty\/"},{"@type":"ListItem","position":3,"name":"Opaska na szyj\u0119 TELESIN z mocowaniem do kamery\/telefonu"}]},{"@type":"WebSite","@id":"https:\/\/ironsky.pl\/sklep\/#website","url":"https:\/\/ironsky.pl\/sklep\/","name":"IRONSKY.PL Sklep z Dronami","description":"IRONSKY.PL Sklep z Dronami","potentialAction":[{"@type":"SearchAction","target":{"@type":"EntryPoint","urlTemplate":"https:\/\/ironsky.pl\/sklep\/?s={search_term_string}"},"query-input":{"@type":"PropertyValueSpecification","valueRequired":true,"valueName":"search_term_string"}}],"inLanguage":"pl-PL"}]}},"_links":{"self":[{"href":"https:\/\/ironsky.pl\/sklep\/wp-json\/wp\/v2\/product\/56235","targetHints":{"allow":["GET"]}}],"collection":[{"href":"https:\/\/ironsky.pl\/sklep\/wp-json\/wp\/v2\/product"}],"about":[{"href":"https:\/\/ironsky.pl\/sklep\/wp-json\/wp\/v2\/types\/product"}],"replies":[{"embeddable":true,"href":"https:\/\/ironsky.pl\/sklep\/wp-json\/wp\/v2\/comments?post=56235"}],"wp:featuredmedia":[{"embeddable":true,"href":"https:\/\/ironsky.pl\/sklep\/wp-json\/wp\/v2\/media\/56236"}],"wp:attachment":[{"href":"https:\/\/ironsky.pl\/sklep\/wp-json\/wp\/v2\/media?parent=56235"}],"wp:term":[{"taxonomy":"product_brand","embeddable":true,"href":"https:\/\/ironsky.pl\/sklep\/wp-json\/wp\/v2\/product_brand?post=56235"},{"taxonomy":"product_cat","embeddable":true,"href":"https:\/\/ironsky.pl\/sklep\/wp-json\/wp\/v2\/product_cat?post=56235"},{"taxonomy":"product_tag","embeddable":true,"href":"https:\/\/ironsky.pl\/sklep\/wp-json\/wp\/v2\/product_tag?post=56235"}],"curies":[{"name":"wp","href":"https:\/\/api.w.org\/{rel}","templated":true}]}}