{"id":56230,"date":"2026-04-15T10:12:37","date_gmt":"2026-04-15T08:12:37","guid":{"rendered":"https:\/\/ironsky.pl\/sklep\/produkt\/nadajnik-wideo-dji-video-transmitter\/"},"modified":"2026-04-15T10:48:28","modified_gmt":"2026-04-15T08:48:28","slug":"nadajnik-wideo-dji-video-transmitter","status":"publish","type":"product","link":"https:\/\/ironsky.pl\/sklep\/produkt\/nadajnik-wideo-dji-video-transmitter\/","title":{"rendered":"Nadajnik wideo DJI Video Transmitter"},"content":{"rendered":"<h3>DJI Video Transmitter<\/h3>\n<p>Teraz mo\u017cesz jeszcze bardziej u\u0142atwi\u0107 sobie prac\u0119 na planie filmowym. DJI Video Transmitter wykorzystuje najnowsz\u0105 technologi\u0119 DJI O3 Pro, aby zapewni\u0107 Ci niezawodn\u0105 transmisj\u0119 naziemn\u0105 o dalekim zasi\u0119gu. U\u017cywa nie tylko pasm 2,4 GHz i 5,8 GHz, ale te\u017c DFS. Oferuje algorytm szyfrowania AES 256-bit, zapewniaj\u0105c Twoim materia\u0142om bezpiecze\u0144stwo i chroni\u0105c je przed nieautoryzowanym dost\u0119pem. Pozwala przesy\u0142a\u0107 obraz 1080\/60FPS FHD nawet do kilku zdalnych monitor\u00f3w jednocze\u015bnie, gwarantuj\u0105c przy tym stabilno\u015b\u0107 transmisji i odporno\u015b\u0107 na zak\u0142\u00f3cenia. Uwaga: DJI Video Transmitter wymaga zdalnego monitora DJI High-Bright Remote Monitor, kt\u00f3ry jest dost\u0119pny w sprzeda\u017cy oddzielnie.<\/p>\n<p><img decoding=\"async\" src=\"https:\/\/b2b.innpro.pl\/data\/include\/cms\/12DJI\/DJI-Video-Transmission\/7.jpg\"><\/p>\n<h3>W zestawie<\/h3>\n<ul>\n<li>Nadajnik DJI Video Transmitter x1<\/li>\n<li>Antena Ronin Video Transmission Antenna x2<\/li>\n<li>Adapter do akumulator\u00f3w WB37 (TX) x1<\/li>\n<li>Adapter do akumulator\u00f3w NP-F (TX) x1<\/li>\n<li>Kabel USB-C x1<\/li>\n<li>Kabel SDI x1<\/li>\n<li>Kabel zasilania DJI DC x1<\/li>\n<li>Kabel zasilania DC do P-TAP x1<\/li>\n<li>Kabel zasilania USB-C do LEMO x1<\/li>\n<li>P\u0142ytka monta\u017cowa do gimbala RS x1<\/li>\n<li>Zestaw narz\u0119dzi monta\u017cowych x1<\/li>\n<\/ul>\n<div class=\"table-wrapper\">\n<table>\n<tbody>\n<tr>\n<th>Producent<\/th>\n<td>DJI<\/td>\n<\/tr>\n<tr>\n<th>Nazwa<\/th>\n<td>DJI Video Transmitter<\/td>\n<\/tr>\n<tr>\n<th>Maks. zasi\u0119g transmisji<\/th>\n<td>Ok. 6 km (FCC), ok. 4 km (CE \/ SRRC \/ MIC)<\/td>\n<\/tr>\n<tr>\n<th>Maks rozdzielczo\u015b\u0107 i liczba klatek na sekund\u0119<\/th>\n<td>1920&#215;1080 przy 60FPS<\/td>\n<\/tr>\n<tr>\n<th>Cz\u0119stotliwo\u015b\u0107 robocza<\/th>\n<td>Pasma przenoszenia inne ni\u017c DFS: 2,400-2,484 GHz, 5,150-5,250 GHz, 5,725-5,850 GHz;<br \/>Pasma przenoszenia DFS: 5,250-5,350 GHz, 5,470-5,600 GHz, 5,650-5,725 GHz;<\/td>\n<\/tr>\n<tr>\n<th>Maks. pasmo przenoszenia<\/th>\n<td>40 MHz<\/td>\n<\/tr>\n<tr>\n<th>Kompatybilno\u015b\u0107<\/th>\n<td>Zdalny monitor podgl\u0105dowy DJI High-Bright Remote Monitor, DJI Ronin 2, DJI RS 3 Pro<\/td>\n<\/tr>\n<\/tbody>\n<\/table>\n<\/div>\n","protected":false},"excerpt":{"rendered":"<p>DJI Video Transmitter Teraz mo\u017cesz jeszcze bardziej u\u0142atwi\u0107 sobie prac\u0119 na planie filmowym. DJI Video Transmitter wykorzystuje najnowsz\u0105 technologi\u0119 DJI<\/p>\n","protected":false},"featured_media":56231,"comment_status":"closed","ping_status":"open","template":"","meta":{"_acf_changed":false},"product_brand":[],"product_cat":[1130,6174,1128],"product_tag":[],"class_list":{"0":"post-56230","1":"product","2":"type-product","3":"status-publish","4":"has-post-thumbnail","6":"product_cat-akcesoria-foto","7":"product_cat-do-aparatow-i-kamer","8":"product_cat-foto-wideo","9":"pa_okres-gwarancji-5757","10":"pa_producent-dji","12":"first","13":"outofstock","14":"taxable","15":"shipping-taxable","16":"purchasable","17":"product-type-simple"},"acf":[],"yoast_head":"<!-- This site is optimized with the Yoast SEO plugin v27.2 - https:\/\/yoast.com\/product\/yoast-seo-wordpress\/ -->\n<title>Nadajnik wideo DJI Video Transmitter - IRONSKY.PL Sklep z Dronami<\/title>\n<meta name=\"description\" content=\"Nadajnik wideo DJI Video Transmitter - \u2705 sklep z dronami i fachowym doradztwem. \u2705 Tutaj kupisz produkty DJI, Yuneec, Parrot, Syma i wiele innych, a tak\u017ce kursy i licencje na operatora drona.\" \/>\n<meta name=\"robots\" content=\"index, follow, max-snippet:-1, max-image-preview:large, max-video-preview:-1\" \/>\n<link rel=\"canonical\" href=\"https:\/\/ironsky.pl\/sklep\/produkt\/nadajnik-wideo-dji-video-transmitter\/\" \/>\n<meta property=\"og:locale\" content=\"pl_PL\" \/>\n<meta property=\"og:type\" content=\"article\" \/>\n<meta property=\"og:title\" content=\"Nadajnik wideo DJI Video Transmitter - IRONSKY.PL Sklep z Dronami\" \/>\n<meta property=\"og:description\" content=\"Nadajnik wideo DJI Video Transmitter - \u2705 sklep z dronami i fachowym doradztwem. \u2705 Tutaj kupisz produkty DJI, Yuneec, Parrot, Syma i wiele innych, a tak\u017ce kursy i licencje na operatora drona.\" \/>\n<meta property=\"og:url\" content=\"https:\/\/ironsky.pl\/sklep\/produkt\/nadajnik-wideo-dji-video-transmitter\/\" \/>\n<meta property=\"og:site_name\" content=\"IRONSKY.PL Sklep z Dronami\" \/>\n<meta property=\"article:modified_time\" content=\"2026-04-15T08:48:28+00:00\" \/>\n<meta property=\"og:image\" content=\"https:\/\/ironsky.pl\/sklep\/wp-content\/uploads\/2026\/04\/24915_3.jpg\" \/>\n\t<meta property=\"og:image:width\" content=\"800\" \/>\n\t<meta property=\"og:image:height\" content=\"799\" \/>\n\t<meta property=\"og:image:type\" content=\"image\/jpeg\" \/>\n<meta name=\"twitter:card\" content=\"summary_large_image\" \/>\n<meta name=\"twitter:label1\" content=\"Szacowany czas czytania\" \/>\n\t<meta name=\"twitter:data1\" content=\"1 minuta\" \/>\n<script type=\"application\/ld+json\" class=\"yoast-schema-graph\">{\"@context\":\"https:\/\/schema.org\",\"@graph\":[{\"@type\":\"WebPage\",\"@id\":\"https:\/\/ironsky.pl\/sklep\/produkt\/nadajnik-wideo-dji-video-transmitter\/\",\"url\":\"https:\/\/ironsky.pl\/sklep\/produkt\/nadajnik-wideo-dji-video-transmitter\/\",\"name\":\"Nadajnik wideo DJI Video Transmitter - IRONSKY.PL Sklep z Dronami\",\"isPartOf\":{\"@id\":\"https:\/\/ironsky.pl\/sklep\/#website\"},\"primaryImageOfPage\":{\"@id\":\"https:\/\/ironsky.pl\/sklep\/produkt\/nadajnik-wideo-dji-video-transmitter\/#primaryimage\"},\"image\":{\"@id\":\"https:\/\/ironsky.pl\/sklep\/produkt\/nadajnik-wideo-dji-video-transmitter\/#primaryimage\"},\"thumbnailUrl\":\"https:\/\/ironsky.pl\/sklep\/wp-content\/uploads\/2026\/04\/24915_3.jpg\",\"datePublished\":\"2026-04-15T08:12:37+00:00\",\"dateModified\":\"2026-04-15T08:48:28+00:00\",\"description\":\"Nadajnik wideo DJI Video Transmitter - \u2705 sklep z dronami i fachowym doradztwem. \u2705 Tutaj kupisz produkty DJI, Yuneec, Parrot, Syma i wiele innych, a tak\u017ce kursy i licencje na operatora drona.\",\"breadcrumb\":{\"@id\":\"https:\/\/ironsky.pl\/sklep\/produkt\/nadajnik-wideo-dji-video-transmitter\/#breadcrumb\"},\"inLanguage\":\"pl-PL\",\"potentialAction\":[{\"@type\":\"ReadAction\",\"target\":[\"https:\/\/ironsky.pl\/sklep\/produkt\/nadajnik-wideo-dji-video-transmitter\/\"]}]},{\"@type\":\"ImageObject\",\"inLanguage\":\"pl-PL\",\"@id\":\"https:\/\/ironsky.pl\/sklep\/produkt\/nadajnik-wideo-dji-video-transmitter\/#primaryimage\",\"url\":\"https:\/\/ironsky.pl\/sklep\/wp-content\/uploads\/2026\/04\/24915_3.jpg\",\"contentUrl\":\"https:\/\/ironsky.pl\/sklep\/wp-content\/uploads\/2026\/04\/24915_3.jpg\",\"width\":800,\"height\":799},{\"@type\":\"BreadcrumbList\",\"@id\":\"https:\/\/ironsky.pl\/sklep\/produkt\/nadajnik-wideo-dji-video-transmitter\/#breadcrumb\",\"itemListElement\":[{\"@type\":\"ListItem\",\"position\":1,\"name\":\"Strona g\u0142\u00f3wna\",\"item\":\"https:\/\/ironsky.pl\/sklep\/\"},{\"@type\":\"ListItem\",\"position\":2,\"name\":\"Wszystkie produkty\",\"item\":\"https:\/\/ironsky.pl\/sklep\/produkty\/\"},{\"@type\":\"ListItem\",\"position\":3,\"name\":\"Nadajnik wideo DJI Video Transmitter\"}]},{\"@type\":\"WebSite\",\"@id\":\"https:\/\/ironsky.pl\/sklep\/#website\",\"url\":\"https:\/\/ironsky.pl\/sklep\/\",\"name\":\"IRONSKY.PL Sklep z Dronami\",\"description\":\"IRONSKY.PL Sklep z Dronami\",\"potentialAction\":[{\"@type\":\"SearchAction\",\"target\":{\"@type\":\"EntryPoint\",\"urlTemplate\":\"https:\/\/ironsky.pl\/sklep\/?s={search_term_string}\"},\"query-input\":{\"@type\":\"PropertyValueSpecification\",\"valueRequired\":true,\"valueName\":\"search_term_string\"}}],\"inLanguage\":\"pl-PL\"}]}<\/script>\n<!-- \/ Yoast SEO plugin. -->","yoast_head_json":{"title":"Nadajnik wideo DJI Video Transmitter - IRONSKY.PL Sklep z Dronami","description":"Nadajnik wideo DJI Video Transmitter - \u2705 sklep z dronami i fachowym doradztwem. \u2705 Tutaj kupisz produkty DJI, Yuneec, Parrot, Syma i wiele innych, a tak\u017ce kursy i licencje na operatora drona.","robots":{"index":"index","follow":"follow","max-snippet":"max-snippet:-1","max-image-preview":"max-image-preview:large","max-video-preview":"max-video-preview:-1"},"canonical":"https:\/\/ironsky.pl\/sklep\/produkt\/nadajnik-wideo-dji-video-transmitter\/","og_locale":"pl_PL","og_type":"article","og_title":"Nadajnik wideo DJI Video Transmitter - IRONSKY.PL Sklep z Dronami","og_description":"Nadajnik wideo DJI Video Transmitter - \u2705 sklep z dronami i fachowym doradztwem. \u2705 Tutaj kupisz produkty DJI, Yuneec, Parrot, Syma i wiele innych, a tak\u017ce kursy i licencje na operatora drona.","og_url":"https:\/\/ironsky.pl\/sklep\/produkt\/nadajnik-wideo-dji-video-transmitter\/","og_site_name":"IRONSKY.PL Sklep z Dronami","article_modified_time":"2026-04-15T08:48:28+00:00","og_image":[{"width":800,"height":799,"url":"https:\/\/ironsky.pl\/sklep\/wp-content\/uploads\/2026\/04\/24915_3.jpg","type":"image\/jpeg"}],"twitter_card":"summary_large_image","twitter_misc":{"Szacowany czas czytania":"1 minuta"},"schema":{"@context":"https:\/\/schema.org","@graph":[{"@type":"WebPage","@id":"https:\/\/ironsky.pl\/sklep\/produkt\/nadajnik-wideo-dji-video-transmitter\/","url":"https:\/\/ironsky.pl\/sklep\/produkt\/nadajnik-wideo-dji-video-transmitter\/","name":"Nadajnik wideo DJI Video Transmitter - IRONSKY.PL Sklep z Dronami","isPartOf":{"@id":"https:\/\/ironsky.pl\/sklep\/#website"},"primaryImageOfPage":{"@id":"https:\/\/ironsky.pl\/sklep\/produkt\/nadajnik-wideo-dji-video-transmitter\/#primaryimage"},"image":{"@id":"https:\/\/ironsky.pl\/sklep\/produkt\/nadajnik-wideo-dji-video-transmitter\/#primaryimage"},"thumbnailUrl":"https:\/\/ironsky.pl\/sklep\/wp-content\/uploads\/2026\/04\/24915_3.jpg","datePublished":"2026-04-15T08:12:37+00:00","dateModified":"2026-04-15T08:48:28+00:00","description":"Nadajnik wideo DJI Video Transmitter - \u2705 sklep z dronami i fachowym doradztwem. \u2705 Tutaj kupisz produkty DJI, Yuneec, Parrot, Syma i wiele innych, a tak\u017ce kursy i licencje na operatora drona.","breadcrumb":{"@id":"https:\/\/ironsky.pl\/sklep\/produkt\/nadajnik-wideo-dji-video-transmitter\/#breadcrumb"},"inLanguage":"pl-PL","potentialAction":[{"@type":"ReadAction","target":["https:\/\/ironsky.pl\/sklep\/produkt\/nadajnik-wideo-dji-video-transmitter\/"]}]},{"@type":"ImageObject","inLanguage":"pl-PL","@id":"https:\/\/ironsky.pl\/sklep\/produkt\/nadajnik-wideo-dji-video-transmitter\/#primaryimage","url":"https:\/\/ironsky.pl\/sklep\/wp-content\/uploads\/2026\/04\/24915_3.jpg","contentUrl":"https:\/\/ironsky.pl\/sklep\/wp-content\/uploads\/2026\/04\/24915_3.jpg","width":800,"height":799},{"@type":"BreadcrumbList","@id":"https:\/\/ironsky.pl\/sklep\/produkt\/nadajnik-wideo-dji-video-transmitter\/#breadcrumb","itemListElement":[{"@type":"ListItem","position":1,"name":"Strona g\u0142\u00f3wna","item":"https:\/\/ironsky.pl\/sklep\/"},{"@type":"ListItem","position":2,"name":"Wszystkie produkty","item":"https:\/\/ironsky.pl\/sklep\/produkty\/"},{"@type":"ListItem","position":3,"name":"Nadajnik wideo DJI Video Transmitter"}]},{"@type":"WebSite","@id":"https:\/\/ironsky.pl\/sklep\/#website","url":"https:\/\/ironsky.pl\/sklep\/","name":"IRONSKY.PL Sklep z Dronami","description":"IRONSKY.PL Sklep z Dronami","potentialAction":[{"@type":"SearchAction","target":{"@type":"EntryPoint","urlTemplate":"https:\/\/ironsky.pl\/sklep\/?s={search_term_string}"},"query-input":{"@type":"PropertyValueSpecification","valueRequired":true,"valueName":"search_term_string"}}],"inLanguage":"pl-PL"}]}},"_links":{"self":[{"href":"https:\/\/ironsky.pl\/sklep\/wp-json\/wp\/v2\/product\/56230","targetHints":{"allow":["GET"]}}],"collection":[{"href":"https:\/\/ironsky.pl\/sklep\/wp-json\/wp\/v2\/product"}],"about":[{"href":"https:\/\/ironsky.pl\/sklep\/wp-json\/wp\/v2\/types\/product"}],"replies":[{"embeddable":true,"href":"https:\/\/ironsky.pl\/sklep\/wp-json\/wp\/v2\/comments?post=56230"}],"wp:featuredmedia":[{"embeddable":true,"href":"https:\/\/ironsky.pl\/sklep\/wp-json\/wp\/v2\/media\/56231"}],"wp:attachment":[{"href":"https:\/\/ironsky.pl\/sklep\/wp-json\/wp\/v2\/media?parent=56230"}],"wp:term":[{"taxonomy":"product_brand","embeddable":true,"href":"https:\/\/ironsky.pl\/sklep\/wp-json\/wp\/v2\/product_brand?post=56230"},{"taxonomy":"product_cat","embeddable":true,"href":"https:\/\/ironsky.pl\/sklep\/wp-json\/wp\/v2\/product_cat?post=56230"},{"taxonomy":"product_tag","embeddable":true,"href":"https:\/\/ironsky.pl\/sklep\/wp-json\/wp\/v2\/product_tag?post=56230"}],"curies":[{"name":"wp","href":"https:\/\/api.w.org\/{rel}","templated":true}]}}