{"id":56224,"date":"2026-04-15T10:12:37","date_gmt":"2026-04-15T08:12:37","guid":{"rendered":"https:\/\/ironsky.pl\/sklep\/produkt\/dalmierz-lidar-dji-lidar-range-finder-do-rs-3-pro\/"},"modified":"2026-04-15T10:48:28","modified_gmt":"2026-04-15T08:48:28","slug":"dalmierz-lidar-dji-lidar-range-finder-do-rs-3-pro","status":"publish","type":"product","link":"https:\/\/ironsky.pl\/sklep\/produkt\/dalmierz-lidar-dji-lidar-range-finder-do-rs-3-pro\/","title":{"rendered":"Dalmierz LiDAR DJI LiDAR Range Finder do RS 3 Pro"},"content":{"rendered":"<h3>DJI LiDAR Range Finder do DJI RS 3 Pro<\/h3>\n<p>U\u0142atw sobie regulacj\u0119 ostro\u015bci r\u00f3wnie\u017c w s\u0142abych warunkach o\u015bwietleniowych. LiDAR Range Finder potrafi bada\u0107 otoczenie i dzi\u0119ki temu mo\u017ce wy\u015bwietli\u0107 do 43 200 punkt\u00f3w odleg\u0142o\u015bci oraz wyr\u00f3\u017cnia si\u0119 zasi\u0119giem wykrywania do 14 m. Co wi\u0119cej, jego dzia\u0142anie nie jest zale\u017cne od tekstury powierzchni obiektu. Ma r\u00f3wnie\u017c wbudowan\u0105 kamer\u0119 z ekwiwalentem ogniskowej 30 mm, kt\u00f3rej pole widzenia (FOV) si\u0119ga 70\u00b0. To oznacza, \u017ce doskonale sprawdzi si\u0119 w r\u00f3\u017cnych scenariuszach. Gdy po\u0142\u0105czysz go z nowym DJI RS Focus Motor (2022), zyskasz mo\u017cliwo\u015b\u0107 korzystania z autofocusa na obiektywach r\u0119cznych. Ponadto z dalmierzem LiDAR DJI RS 3 Pro obs\u0142uguje tryb ActiveTrack Pro, kt\u00f3ry oferuje wi\u0119ksz\u0105 wydajno\u015b\u0107 identyfikacji i \u015bledzenia wybranych obiekt\u00f3w.<\/p>\n<p><img decoding=\"async\" src=\"https:\/\/b2b.innpro.pl\/data\/include\/cms\/12DJI\/DJI-LiDAR-Range-Finder-RS\/7.jpg\"><\/p>\n<h3>W zestawie<\/h3>\n<ul>\n<li>DJI LiDAR Range Finder x1<\/li>\n<li>Kabel MCC (USB-C, 30 cm) x1<\/li>\n<li>Kabel LiDAR Control Cable (USB-C, 30 cm) x1<\/li>\n<\/ul>\n<div class=\"table-wrapper\">\n<table>\n<tbody>\n<tr>\n<th>Producent<\/th>\n<td>DJI<\/td>\n<\/tr>\n<tr>\n<th>Nazwa<\/th>\n<td>DJI LiDAR Range Finder<\/td>\n<\/tr>\n<tr>\n<th>Dost\u0119pne porty<\/th>\n<td>Zimna stopka, otw\u00f3r monta\u017cowy 1\/4&#8243;-20, USB-C, USB-C Power\/CVBS\/CAN Data<\/td>\n<\/tr>\n<tr>\n<th>Rozdzielczo\u015b\u0107 (sensor obrazu)<\/th>\n<td>448 x 298 na ekranie dotykowym<\/td>\n<\/tr>\n<tr>\n<th>Pole widzenia (FOV)<\/th>\n<td>57,4\u00b0 (w poziomie), 44,6\u00b0 (w pionie), 70,1\u00b0 (po przek\u0105tnej)<\/td>\n<\/tr>\n<tr>\n<th>Ekwiwalent ogniskowej<\/th>\n<td>30 mm<\/td>\n<\/tr>\n<tr>\n<th>Rozdzielczo\u015b\u0107 (czujnik ToF)<\/th>\n<td>240 x 180<\/td>\n<\/tr>\n<tr>\n<th>Zakres wykrywania czujnika ToF<\/th>\n<td>0,5-14 m<\/td>\n<\/tr>\n<tr>\n<th>B\u0142\u0105d odleg\u0142o\u015bci (czujnik ToF)<\/th>\n<td>1%<\/td>\n<\/tr>\n<tr>\n<th>Uczenie maszynowe<\/th>\n<td>Mo\u017ce rozpozna\u0107 do 5 obiekt\u00f3w jednocze\u015bnie i wybra\u0107 jeden z nich, aby go \u015bledzi\u0107.<\/td>\n<\/tr>\n<tr>\n<th>Zasi\u0119g identyfikacji<\/th>\n<td>Do 9 m<\/td>\n<\/tr>\n<tr>\n<th>Pob\u00f3r mocy<\/th>\n<td>6,8 W<\/td>\n<\/tr>\n<tr>\n<th>Napi\u0119cie wej\u015bciowe<\/th>\n<td>7-16 V<\/td>\n<\/tr>\n<tr>\n<th>Temperatura pracy<\/th>\n<td>-20-45\u00b0C<\/td>\n<\/tr>\n<tr>\n<th>Wymiary<\/th>\n<td>66 x 57 x 24 mm (D x S x W)<\/td>\n<\/tr>\n<tr>\n<th>Waga<\/th>\n<td>Ok. 130 g<\/td>\n<\/tr>\n<tr>\n<th>Wysoko\u015b\u0107 p\u0142ytki monta\u017cowej<\/th>\n<td>30 mm<\/td>\n<\/tr>\n<tr>\n<th>Obiektywy niewymagaj\u0105ce kalibracji<\/th>\n<td>DZOFILM Vespid Cyber 35 \/ 50 \/ 75 mm<\/td>\n<\/tr>\n<tr>\n<th>Kompatybilno\u015b\u0107<\/th>\n<td>DJI RS 3 Pro<\/td>\n<\/tr>\n<\/tbody>\n<\/table>\n<\/div>\n","protected":false},"excerpt":{"rendered":"<p>DJI LiDAR Range Finder do DJI RS 3 Pro U\u0142atw sobie regulacj\u0119 ostro\u015bci r\u00f3wnie\u017c w s\u0142abych warunkach o\u015bwietleniowych. LiDAR Range<\/p>\n","protected":false},"featured_media":56225,"comment_status":"closed","ping_status":"open","template":"","meta":{"_acf_changed":false},"product_brand":[],"product_cat":[1130,6174,1128],"product_tag":[],"class_list":{"0":"post-56224","1":"product","2":"type-product","3":"status-publish","4":"has-post-thumbnail","6":"product_cat-akcesoria-foto","7":"product_cat-do-aparatow-i-kamer","8":"product_cat-foto-wideo","9":"pa_okres-gwarancji-5757","10":"pa_producent-dji","12":"first","13":"outofstock","14":"taxable","15":"shipping-taxable","16":"purchasable","17":"product-type-simple"},"acf":[],"yoast_head":"<!-- This site is optimized with the Yoast SEO plugin v27.2 - https:\/\/yoast.com\/product\/yoast-seo-wordpress\/ -->\n<title>Dalmierz LiDAR DJI LiDAR Range Finder do RS 3 Pro - IRONSKY.PL Sklep z Dronami<\/title>\n<meta name=\"description\" content=\"Dalmierz LiDAR DJI LiDAR Range Finder do RS 3 Pro - \u2705 sklep z dronami i fachowym doradztwem. \u2705 Tutaj kupisz produkty DJI, Yuneec, Parrot, Syma i wiele innych, a tak\u017ce kursy i licencje na operatora drona.\" \/>\n<meta name=\"robots\" content=\"index, follow, max-snippet:-1, max-image-preview:large, max-video-preview:-1\" \/>\n<link rel=\"canonical\" href=\"https:\/\/ironsky.pl\/sklep\/produkt\/dalmierz-lidar-dji-lidar-range-finder-do-rs-3-pro\/\" \/>\n<meta property=\"og:locale\" content=\"pl_PL\" \/>\n<meta property=\"og:type\" content=\"article\" \/>\n<meta property=\"og:title\" content=\"Dalmierz LiDAR DJI LiDAR Range Finder do RS 3 Pro - IRONSKY.PL Sklep z Dronami\" \/>\n<meta property=\"og:description\" content=\"Dalmierz LiDAR DJI LiDAR Range Finder do RS 3 Pro - \u2705 sklep z dronami i fachowym doradztwem. \u2705 Tutaj kupisz produkty DJI, Yuneec, Parrot, Syma i wiele innych, a tak\u017ce kursy i licencje na operatora drona.\" \/>\n<meta property=\"og:url\" content=\"https:\/\/ironsky.pl\/sklep\/produkt\/dalmierz-lidar-dji-lidar-range-finder-do-rs-3-pro\/\" \/>\n<meta property=\"og:site_name\" content=\"IRONSKY.PL Sklep z Dronami\" \/>\n<meta property=\"article:modified_time\" content=\"2026-04-15T08:48:28+00:00\" \/>\n<meta property=\"og:image\" content=\"https:\/\/ironsky.pl\/sklep\/wp-content\/uploads\/2026\/04\/24914_5.jpg\" \/>\n\t<meta property=\"og:image:width\" content=\"800\" \/>\n\t<meta property=\"og:image:height\" content=\"800\" \/>\n\t<meta property=\"og:image:type\" content=\"image\/jpeg\" \/>\n<meta name=\"twitter:card\" content=\"summary_large_image\" \/>\n<meta name=\"twitter:label1\" content=\"Szacowany czas czytania\" \/>\n\t<meta name=\"twitter:data1\" content=\"1 minuta\" \/>\n<script type=\"application\/ld+json\" class=\"yoast-schema-graph\">{\"@context\":\"https:\/\/schema.org\",\"@graph\":[{\"@type\":\"WebPage\",\"@id\":\"https:\/\/ironsky.pl\/sklep\/produkt\/dalmierz-lidar-dji-lidar-range-finder-do-rs-3-pro\/\",\"url\":\"https:\/\/ironsky.pl\/sklep\/produkt\/dalmierz-lidar-dji-lidar-range-finder-do-rs-3-pro\/\",\"name\":\"Dalmierz LiDAR DJI LiDAR Range Finder do RS 3 Pro - IRONSKY.PL Sklep z Dronami\",\"isPartOf\":{\"@id\":\"https:\/\/ironsky.pl\/sklep\/#website\"},\"primaryImageOfPage\":{\"@id\":\"https:\/\/ironsky.pl\/sklep\/produkt\/dalmierz-lidar-dji-lidar-range-finder-do-rs-3-pro\/#primaryimage\"},\"image\":{\"@id\":\"https:\/\/ironsky.pl\/sklep\/produkt\/dalmierz-lidar-dji-lidar-range-finder-do-rs-3-pro\/#primaryimage\"},\"thumbnailUrl\":\"https:\/\/ironsky.pl\/sklep\/wp-content\/uploads\/2026\/04\/24914_5.jpg\",\"datePublished\":\"2026-04-15T08:12:37+00:00\",\"dateModified\":\"2026-04-15T08:48:28+00:00\",\"description\":\"Dalmierz LiDAR DJI LiDAR Range Finder do RS 3 Pro - \u2705 sklep z dronami i fachowym doradztwem. \u2705 Tutaj kupisz produkty DJI, Yuneec, Parrot, Syma i wiele innych, a tak\u017ce kursy i licencje na operatora drona.\",\"breadcrumb\":{\"@id\":\"https:\/\/ironsky.pl\/sklep\/produkt\/dalmierz-lidar-dji-lidar-range-finder-do-rs-3-pro\/#breadcrumb\"},\"inLanguage\":\"pl-PL\",\"potentialAction\":[{\"@type\":\"ReadAction\",\"target\":[\"https:\/\/ironsky.pl\/sklep\/produkt\/dalmierz-lidar-dji-lidar-range-finder-do-rs-3-pro\/\"]}]},{\"@type\":\"ImageObject\",\"inLanguage\":\"pl-PL\",\"@id\":\"https:\/\/ironsky.pl\/sklep\/produkt\/dalmierz-lidar-dji-lidar-range-finder-do-rs-3-pro\/#primaryimage\",\"url\":\"https:\/\/ironsky.pl\/sklep\/wp-content\/uploads\/2026\/04\/24914_5.jpg\",\"contentUrl\":\"https:\/\/ironsky.pl\/sklep\/wp-content\/uploads\/2026\/04\/24914_5.jpg\",\"width\":800,\"height\":800},{\"@type\":\"BreadcrumbList\",\"@id\":\"https:\/\/ironsky.pl\/sklep\/produkt\/dalmierz-lidar-dji-lidar-range-finder-do-rs-3-pro\/#breadcrumb\",\"itemListElement\":[{\"@type\":\"ListItem\",\"position\":1,\"name\":\"Strona g\u0142\u00f3wna\",\"item\":\"https:\/\/ironsky.pl\/sklep\/\"},{\"@type\":\"ListItem\",\"position\":2,\"name\":\"Wszystkie produkty\",\"item\":\"https:\/\/ironsky.pl\/sklep\/produkty\/\"},{\"@type\":\"ListItem\",\"position\":3,\"name\":\"Dalmierz LiDAR DJI LiDAR Range Finder do RS 3 Pro\"}]},{\"@type\":\"WebSite\",\"@id\":\"https:\/\/ironsky.pl\/sklep\/#website\",\"url\":\"https:\/\/ironsky.pl\/sklep\/\",\"name\":\"IRONSKY.PL Sklep z Dronami\",\"description\":\"IRONSKY.PL Sklep z Dronami\",\"potentialAction\":[{\"@type\":\"SearchAction\",\"target\":{\"@type\":\"EntryPoint\",\"urlTemplate\":\"https:\/\/ironsky.pl\/sklep\/?s={search_term_string}\"},\"query-input\":{\"@type\":\"PropertyValueSpecification\",\"valueRequired\":true,\"valueName\":\"search_term_string\"}}],\"inLanguage\":\"pl-PL\"}]}<\/script>\n<!-- \/ Yoast SEO plugin. -->","yoast_head_json":{"title":"Dalmierz LiDAR DJI LiDAR Range Finder do RS 3 Pro - IRONSKY.PL Sklep z Dronami","description":"Dalmierz LiDAR DJI LiDAR Range Finder do RS 3 Pro - \u2705 sklep z dronami i fachowym doradztwem. \u2705 Tutaj kupisz produkty DJI, Yuneec, Parrot, Syma i wiele innych, a tak\u017ce kursy i licencje na operatora drona.","robots":{"index":"index","follow":"follow","max-snippet":"max-snippet:-1","max-image-preview":"max-image-preview:large","max-video-preview":"max-video-preview:-1"},"canonical":"https:\/\/ironsky.pl\/sklep\/produkt\/dalmierz-lidar-dji-lidar-range-finder-do-rs-3-pro\/","og_locale":"pl_PL","og_type":"article","og_title":"Dalmierz LiDAR DJI LiDAR Range Finder do RS 3 Pro - IRONSKY.PL Sklep z Dronami","og_description":"Dalmierz LiDAR DJI LiDAR Range Finder do RS 3 Pro - \u2705 sklep z dronami i fachowym doradztwem. \u2705 Tutaj kupisz produkty DJI, Yuneec, Parrot, Syma i wiele innych, a tak\u017ce kursy i licencje na operatora drona.","og_url":"https:\/\/ironsky.pl\/sklep\/produkt\/dalmierz-lidar-dji-lidar-range-finder-do-rs-3-pro\/","og_site_name":"IRONSKY.PL Sklep z Dronami","article_modified_time":"2026-04-15T08:48:28+00:00","og_image":[{"width":800,"height":800,"url":"https:\/\/ironsky.pl\/sklep\/wp-content\/uploads\/2026\/04\/24914_5.jpg","type":"image\/jpeg"}],"twitter_card":"summary_large_image","twitter_misc":{"Szacowany czas czytania":"1 minuta"},"schema":{"@context":"https:\/\/schema.org","@graph":[{"@type":"WebPage","@id":"https:\/\/ironsky.pl\/sklep\/produkt\/dalmierz-lidar-dji-lidar-range-finder-do-rs-3-pro\/","url":"https:\/\/ironsky.pl\/sklep\/produkt\/dalmierz-lidar-dji-lidar-range-finder-do-rs-3-pro\/","name":"Dalmierz LiDAR DJI LiDAR Range Finder do RS 3 Pro - IRONSKY.PL Sklep z Dronami","isPartOf":{"@id":"https:\/\/ironsky.pl\/sklep\/#website"},"primaryImageOfPage":{"@id":"https:\/\/ironsky.pl\/sklep\/produkt\/dalmierz-lidar-dji-lidar-range-finder-do-rs-3-pro\/#primaryimage"},"image":{"@id":"https:\/\/ironsky.pl\/sklep\/produkt\/dalmierz-lidar-dji-lidar-range-finder-do-rs-3-pro\/#primaryimage"},"thumbnailUrl":"https:\/\/ironsky.pl\/sklep\/wp-content\/uploads\/2026\/04\/24914_5.jpg","datePublished":"2026-04-15T08:12:37+00:00","dateModified":"2026-04-15T08:48:28+00:00","description":"Dalmierz LiDAR DJI LiDAR Range Finder do RS 3 Pro - \u2705 sklep z dronami i fachowym doradztwem. \u2705 Tutaj kupisz produkty DJI, Yuneec, Parrot, Syma i wiele innych, a tak\u017ce kursy i licencje na operatora drona.","breadcrumb":{"@id":"https:\/\/ironsky.pl\/sklep\/produkt\/dalmierz-lidar-dji-lidar-range-finder-do-rs-3-pro\/#breadcrumb"},"inLanguage":"pl-PL","potentialAction":[{"@type":"ReadAction","target":["https:\/\/ironsky.pl\/sklep\/produkt\/dalmierz-lidar-dji-lidar-range-finder-do-rs-3-pro\/"]}]},{"@type":"ImageObject","inLanguage":"pl-PL","@id":"https:\/\/ironsky.pl\/sklep\/produkt\/dalmierz-lidar-dji-lidar-range-finder-do-rs-3-pro\/#primaryimage","url":"https:\/\/ironsky.pl\/sklep\/wp-content\/uploads\/2026\/04\/24914_5.jpg","contentUrl":"https:\/\/ironsky.pl\/sklep\/wp-content\/uploads\/2026\/04\/24914_5.jpg","width":800,"height":800},{"@type":"BreadcrumbList","@id":"https:\/\/ironsky.pl\/sklep\/produkt\/dalmierz-lidar-dji-lidar-range-finder-do-rs-3-pro\/#breadcrumb","itemListElement":[{"@type":"ListItem","position":1,"name":"Strona g\u0142\u00f3wna","item":"https:\/\/ironsky.pl\/sklep\/"},{"@type":"ListItem","position":2,"name":"Wszystkie produkty","item":"https:\/\/ironsky.pl\/sklep\/produkty\/"},{"@type":"ListItem","position":3,"name":"Dalmierz LiDAR DJI LiDAR Range Finder do RS 3 Pro"}]},{"@type":"WebSite","@id":"https:\/\/ironsky.pl\/sklep\/#website","url":"https:\/\/ironsky.pl\/sklep\/","name":"IRONSKY.PL Sklep z Dronami","description":"IRONSKY.PL Sklep z Dronami","potentialAction":[{"@type":"SearchAction","target":{"@type":"EntryPoint","urlTemplate":"https:\/\/ironsky.pl\/sklep\/?s={search_term_string}"},"query-input":{"@type":"PropertyValueSpecification","valueRequired":true,"valueName":"search_term_string"}}],"inLanguage":"pl-PL"}]}},"_links":{"self":[{"href":"https:\/\/ironsky.pl\/sklep\/wp-json\/wp\/v2\/product\/56224","targetHints":{"allow":["GET"]}}],"collection":[{"href":"https:\/\/ironsky.pl\/sklep\/wp-json\/wp\/v2\/product"}],"about":[{"href":"https:\/\/ironsky.pl\/sklep\/wp-json\/wp\/v2\/types\/product"}],"replies":[{"embeddable":true,"href":"https:\/\/ironsky.pl\/sklep\/wp-json\/wp\/v2\/comments?post=56224"}],"wp:featuredmedia":[{"embeddable":true,"href":"https:\/\/ironsky.pl\/sklep\/wp-json\/wp\/v2\/media\/56225"}],"wp:attachment":[{"href":"https:\/\/ironsky.pl\/sklep\/wp-json\/wp\/v2\/media?parent=56224"}],"wp:term":[{"taxonomy":"product_brand","embeddable":true,"href":"https:\/\/ironsky.pl\/sklep\/wp-json\/wp\/v2\/product_brand?post=56224"},{"taxonomy":"product_cat","embeddable":true,"href":"https:\/\/ironsky.pl\/sklep\/wp-json\/wp\/v2\/product_cat?post=56224"},{"taxonomy":"product_tag","embeddable":true,"href":"https:\/\/ironsky.pl\/sklep\/wp-json\/wp\/v2\/product_tag?post=56224"}],"curies":[{"name":"wp","href":"https:\/\/api.w.org\/{rel}","templated":true}]}}