{"id":56212,"date":"2026-04-15T10:12:09","date_gmt":"2026-04-15T08:12:09","guid":{"rendered":"https:\/\/ironsky.pl\/sklep\/produkt\/plan-ochrony-dji-care-pro-ronin-4d-6k-plan-dwuletni\/"},"modified":"2026-04-15T10:48:26","modified_gmt":"2026-04-15T08:48:26","slug":"plan-ochrony-dji-care-pro-ronin-4d-6k-plan-dwuletni","status":"publish","type":"product","link":"https:\/\/ironsky.pl\/sklep\/produkt\/plan-ochrony-dji-care-pro-ronin-4d-6k-plan-dwuletni\/","title":{"rendered":"Plan ochrony DJI Care Pro Ronin 4D-6K (plan dwuletni)"},"content":{"rendered":"<h3><strong>DJI Care Pro Ronin 4D-6K (plan 2-letni)<\/strong><\/h3>\n<p><span style=\"font-weight: 400;\">DJI Care Pro to ekskluzywna ochrona serwisowa, kt\u00f3ra pozwoli Ci ze spokojem ducha korzysta\u0107 z Twoich profesjonalnych urz\u0105dze\u0144 DJI. Obejmuje mi\u0119dzy innymi pomoc techniczn\u0105, konserwacj\u0119 oraz naprawy. Dzi\u0119ki temu mo\u017cesz bez obaw skupi\u0107 si\u0119 na szukaniu inspiracji i tworzeniu coraz lepszych materia\u0142\u00f3w. Istnieje r\u00f3wnie\u017c mo\u017cliwo\u015b\u0107 przed\u0142u\u017cenia ochrony do nawet 4 lat \u2013 wystarczy wykupi\u0107 dodatkowy plan 2-letni. Co wi\u0119cej, w okresie wa\u017cno\u015bci us\u0142ugi obowi\u0105zuje oficjalna gwarancja producenta.<\/span><\/p>\n<p><img decoding=\"async\" src=\"https:\/\/b2b.innpro.pl\/data\/include\/cms\/12DJI\/DJI-Care-Pro-DJI-Ronin-4D-6K\/5.jpg\" border=\"0\" \/><\/p>\n<h3>Nielimitowana liczba napraw<\/h3>\n<p><span style=\"font-weight: 400;\">DJI Care Pro zapewnia 2-letni\u0105 ochron\u0119 Twojego sprz\u0119tu i oferuje nielimitowan\u0105 liczb\u0119 napraw do kwoty 34 995PLN (ceny w PLN s\u0105 uzale\u017cnione od kursu walut danego dnia). Us\u0142uga obejmuje mi\u0119dzy innymi uszkodzenia powsta\u0142e na skutek kontaktu z wod\u0105 oraz upadku. Mo\u017cesz wi\u0119c ze spokojem ducha tworzy\u0107 kolejne materia\u0142y &#8211; je\u015bli zdarzy si\u0119 wypadek, dzi\u0119ki DJI Care Pro Tw\u00f3j sprz\u0119t znajdzie si\u0119 w dobrych r\u0119kach.<\/span><\/p>\n<p><img decoding=\"async\" src=\"https:\/\/b2b.innpro.pl\/data\/include\/cms\/12DJI\/DJI-Care-Pro-DJI-Ronin-4D-6K\/9.jpg\" border=\"0\" \/><\/p>\n<h3>Konserwacja fabryczna<\/h3>\n<p><span style=\"font-weight: 400;\">Us\u0142uga obejmuje r\u00f3wnie\u017c jedn\u0105 konserwacj\u0119 fabryczn\u0105 na rok, w ramach kt\u00f3rej sprawdzone zostan\u0105 cz\u0119\u015bci urz\u0105dzenia, przeprowadzone zostan\u0105 aktualizacje sprz\u0119towe, a delikatne elementy zostan\u0105 wymienione. Otrzymasz te\u017c oficjalny raport z konserwacji. Dzi\u0119ki temu mo\u017cesz mie\u0107 pewno\u015b\u0107, \u017ce Tw\u00f3j sprz\u0119t jest w dobrym stanie i b\u0119dzie \u015bwietnie Ci s\u0142u\u017cy\u0107 przez d\u0142ugi czas.<\/span><img decoding=\"async\" src=\"https:\/\/b2b.innpro.pl\/data\/include\/cms\/12DJI\/DJI-Care-Pro-DJI-Ronin-4D-6K\/3.jpg\" border=\"0\" \/><\/p>\n<h3><strong>Darmowa dostawa<\/strong><\/h3>\n<p><span style=\"font-weight: 400;\">DJI Care Pro pozwala cieszy\u0107 si\u0119 darmow\u0105 dostaw\u0105 &#8211; DJI pokryje koszty przesy\u0142ki sprz\u0119tu do centrum serwisowego i z powrotem.\u00a0<\/span><\/p>\n<p><img decoding=\"async\" src=\"https:\/\/b2b.innpro.pl\/data\/include\/cms\/12DJI\/DJI-Care-Pro-DJI-Ronin-4D-6K\/6.jpg\" border=\"0\" \/><\/p>\n<h3><strong>Wa\u017cne informacje<\/strong><\/h3>\n<p><span style=\"font-weight: 400;\">Istnieje mo\u017cliwo\u015b\u0107 powi\u0105zania wcze\u015bniej zakupionego produktu DJI z us\u0142ug\u0105 DJI Care Pro, je\u017celi spe\u0142niony zostanie jeden z nast\u0119puj\u0105cych warunk\u00f3w:<\/span><\/p>\n<ul>\n<li><span style=\"font-weight: 400;\">Produkt jest nowy i nie zosta\u0142 jeszcze aktywowany.<\/span><\/li>\n<li><span style=\"font-weight: 400;\">Produkt zosta\u0142 aktywowany w ci\u0105gu ostatnich 48 godzin.<\/span><\/li>\n<li><span style=\"font-weight: 400;\">Produkt to urz\u0105dzenie r\u0119czne, kt\u00f3re zosta\u0142o aktywowane w ci\u0105gu ostatnich 30 dni.<\/span><\/li>\n<li><span style=\"font-weight: 400;\">Aby zapewni\u0107 sobie mo\u017cliwo\u015b\u0107 normalnego korzystania z DJI Care Pro, us\u0142uga oraz powi\u0105zany z ni\u0105 produkt musz\u0105 by\u0107 zakupione w tym samym kraju lub regionie.<\/span><\/li>\n<\/ul>\n<p><img decoding=\"async\" src=\"https:\/\/b2b.innpro.pl\/data\/include\/cms\/12DJI\/DJI-Care-Pro-DJI-Ronin-4D-6K\/4.jpg\" border=\"0\" \/><\/p>\n<h3>Mo\u017cliwo\u015b\u0107 przed\u0142u\u017cenia ochrony<\/h3>\n<\/p>\n<p><img decoding=\"async\" src=\"https:\/\/b2b.innpro.pl\/data\/include\/cms\/U\u017cytkownicy maj\u0105 tak\u017ce mo\u017cliwo\u015b\u0107 przed\u0142u\u017cenia ochrony do maksymalnie 4 lat. Aby to zrobi\u0107, wystarczy wykupi\u0107 dodatkowy roczny plan (w wypadku DJI Inspire 3) lub dodatkowy plan 2-letni (w wypadku DJI Ronin 4D)..jpg\" alt=\"U\u017cytkownicy maj\u0105 tak\u017ce mo\u017cliwo\u015b\u0107 przed\u0142u\u017cenia ochrony do maksymalnie 4 lat. Aby to zrobi\u0107, wystarczy wykupi\u0107 dodatkowy roczny plan (w wypadku DJI Inspire 3) lub dodatkowy plan 2-letni (w wypadku DJI Ronin 4D).\"><\/p>\n<h3><\/h3>\n<li>Je\u015bli masz plan roczny DJI Care Refresh Pro dla DJI Inspire 3, mo\u017cesz przed\u0142u\u017cy\u0107 ochron\u0119 3 razy, dokupuj\u0105c 3 kolejne plany roczne: plan roczny + plan roczny + plan roczny + plan roczny.<\/li>\n<li>Je\u015bli masz plan 2-letni DJI Care Refresh Pro dla DJI Inspire 3, mo\u017cesz przed\u0142u\u017cy\u0107 ochron\u0119 2 razy, dokupuj\u0105c 2 kolejne plany roczne: plan 2-letni + plan roczny + plan roczny.<\/li>\n<li>Je\u015bli masz plan 2-letni DJI Care Refresh Pro dla DJI Ronin 4D, mo\u017cesz przed\u0142u\u017cy\u0107 ochron\u0119 tylko raz, dokupuj\u0105c jeden plan 2-letni: plan 2-letni + plan 2-letni.>\n<p>Aby przed\u0142u\u017cenie ochrony by\u0142o mo\u017cliwe, spe\u0142nione musz\u0105 by\u0107 okre\u015blone warunki.<\/p>\n<p><\/p>\n<p> W wypadku DJI Inspire 3:<\/p>\n<li>Zakup us\u0142ugi DJI Care Refresh Pro (plan roczny lub 2-letni).<\/li>\n<li>Okres wa\u017cno\u015bci zakupionej us\u0142ugi DJI Care Refresh jeszcze nie up\u0142yn\u0105\u0142 lub up\u0142yn\u0105\u0142 w ci\u0105gu 15 dni.<\/li>\n<p><\/br><br \/>\n<\/p>\n<p>W wypadku DJI Ronin 4D:<\/p>\n<li>Zakup us\u0142ugi DJI Care Refresh Pro (plan 2-letni).<\/li>\n<li>Okres wa\u017cno\u015bci zakupionej us\u0142ugi DJI Care Refresh jeszcze nie up\u0142yn\u0105\u0142 lub up\u0142yn\u0105\u0142 w ci\u0105gu 15 dni.<\/li>\n<p><\/br><br \/>\n<img decoding=\"async\" src=\"https:\/\/b2b.innpro.pl\/data\/include\/cms\/.jpg\" alt=\"\"><\/p>\n<p>*Wi\u0119cej na temat DJI Care Refresh znajdziesz w <a href=\"https:\/\/s3.eu-central-1.amazonaws.com\/files.innpro.pl\/DJI\/DJI-CARE.pdf\" target=\"_blank\">tym<\/a> dokumencie.<\/p>\n","protected":false},"excerpt":{"rendered":"<p>DJI Care Pro Ronin 4D-6K (plan 2-letni) DJI Care Pro to ekskluzywna ochrona serwisowa, kt\u00f3ra pozwoli Ci ze spokojem ducha<\/p>\n","protected":false},"featured_media":0,"comment_status":"closed","ping_status":"open","template":"","meta":{"_acf_changed":false},"product_brand":[],"product_cat":[1130,6174,1128],"product_tag":[],"class_list":{"0":"post-56212","1":"product","2":"type-product","3":"status-publish","5":"product_cat-akcesoria-foto","6":"product_cat-do-aparatow-i-kamer","7":"product_cat-foto-wideo","8":"pa_producent-dji","10":"first","11":"outofstock","12":"taxable","13":"shipping-taxable","14":"purchasable","15":"product-type-simple"},"acf":[],"yoast_head":"<!-- This site is optimized with the Yoast SEO plugin v27.2 - https:\/\/yoast.com\/product\/yoast-seo-wordpress\/ -->\n<title>Plan ochrony DJI Care Pro Ronin 4D-6K (plan dwuletni) - IRONSKY.PL Sklep z Dronami<\/title>\n<meta name=\"description\" content=\"Plan ochrony DJI Care Pro Ronin 4D-6K (plan dwuletni) - \u2705 sklep z dronami i fachowym doradztwem. \u2705 Tutaj kupisz produkty DJI, Yuneec, Parrot, Syma i wiele innych, a tak\u017ce kursy i licencje na operatora drona.\" \/>\n<meta name=\"robots\" content=\"index, follow, max-snippet:-1, max-image-preview:large, max-video-preview:-1\" \/>\n<link rel=\"canonical\" href=\"https:\/\/ironsky.pl\/sklep\/produkt\/plan-ochrony-dji-care-pro-ronin-4d-6k-plan-dwuletni\/\" \/>\n<meta property=\"og:locale\" content=\"pl_PL\" \/>\n<meta property=\"og:type\" content=\"article\" \/>\n<meta property=\"og:title\" content=\"Plan ochrony DJI Care Pro Ronin 4D-6K (plan dwuletni) - IRONSKY.PL Sklep z Dronami\" \/>\n<meta property=\"og:description\" content=\"Plan ochrony DJI Care Pro Ronin 4D-6K (plan dwuletni) - \u2705 sklep z dronami i fachowym doradztwem. \u2705 Tutaj kupisz produkty DJI, Yuneec, Parrot, Syma i wiele innych, a tak\u017ce kursy i licencje na operatora drona.\" \/>\n<meta property=\"og:url\" content=\"https:\/\/ironsky.pl\/sklep\/produkt\/plan-ochrony-dji-care-pro-ronin-4d-6k-plan-dwuletni\/\" \/>\n<meta property=\"og:site_name\" content=\"IRONSKY.PL Sklep z Dronami\" \/>\n<meta property=\"article:modified_time\" content=\"2026-04-15T08:48:26+00:00\" \/>\n<meta property=\"og:image\" content=\"https:\/\/b2b.innpro.pl\/data\/include\/cms\/12DJI\/DJI-Care-Pro-DJI-Ronin-4D-6K\/5.jpg\" \/>\n<meta name=\"twitter:card\" content=\"summary_large_image\" \/>\n<meta name=\"twitter:label1\" content=\"Szacowany czas czytania\" \/>\n\t<meta name=\"twitter:data1\" content=\"3 minuty\" \/>\n<script type=\"application\/ld+json\" class=\"yoast-schema-graph\">{\"@context\":\"https:\/\/schema.org\",\"@graph\":[{\"@type\":\"WebPage\",\"@id\":\"https:\/\/ironsky.pl\/sklep\/produkt\/plan-ochrony-dji-care-pro-ronin-4d-6k-plan-dwuletni\/\",\"url\":\"https:\/\/ironsky.pl\/sklep\/produkt\/plan-ochrony-dji-care-pro-ronin-4d-6k-plan-dwuletni\/\",\"name\":\"Plan ochrony DJI Care Pro Ronin 4D-6K (plan dwuletni) - IRONSKY.PL Sklep z Dronami\",\"isPartOf\":{\"@id\":\"https:\/\/ironsky.pl\/sklep\/#website\"},\"primaryImageOfPage\":{\"@id\":\"https:\/\/ironsky.pl\/sklep\/produkt\/plan-ochrony-dji-care-pro-ronin-4d-6k-plan-dwuletni\/#primaryimage\"},\"image\":{\"@id\":\"https:\/\/ironsky.pl\/sklep\/produkt\/plan-ochrony-dji-care-pro-ronin-4d-6k-plan-dwuletni\/#primaryimage\"},\"thumbnailUrl\":\"https:\/\/b2b.innpro.pl\/data\/include\/cms\/12DJI\/DJI-Care-Pro-DJI-Ronin-4D-6K\/5.jpg\",\"datePublished\":\"2026-04-15T08:12:09+00:00\",\"dateModified\":\"2026-04-15T08:48:26+00:00\",\"description\":\"Plan ochrony DJI Care Pro Ronin 4D-6K (plan dwuletni) - \u2705 sklep z dronami i fachowym doradztwem. \u2705 Tutaj kupisz produkty DJI, Yuneec, Parrot, Syma i wiele innych, a tak\u017ce kursy i licencje na operatora drona.\",\"breadcrumb\":{\"@id\":\"https:\/\/ironsky.pl\/sklep\/produkt\/plan-ochrony-dji-care-pro-ronin-4d-6k-plan-dwuletni\/#breadcrumb\"},\"inLanguage\":\"pl-PL\",\"potentialAction\":[{\"@type\":\"ReadAction\",\"target\":[\"https:\/\/ironsky.pl\/sklep\/produkt\/plan-ochrony-dji-care-pro-ronin-4d-6k-plan-dwuletni\/\"]}]},{\"@type\":\"ImageObject\",\"inLanguage\":\"pl-PL\",\"@id\":\"https:\/\/ironsky.pl\/sklep\/produkt\/plan-ochrony-dji-care-pro-ronin-4d-6k-plan-dwuletni\/#primaryimage\",\"url\":\"https:\/\/b2b.innpro.pl\/data\/include\/cms\/12DJI\/DJI-Care-Pro-DJI-Ronin-4D-6K\/5.jpg\",\"contentUrl\":\"https:\/\/b2b.innpro.pl\/data\/include\/cms\/12DJI\/DJI-Care-Pro-DJI-Ronin-4D-6K\/5.jpg\"},{\"@type\":\"BreadcrumbList\",\"@id\":\"https:\/\/ironsky.pl\/sklep\/produkt\/plan-ochrony-dji-care-pro-ronin-4d-6k-plan-dwuletni\/#breadcrumb\",\"itemListElement\":[{\"@type\":\"ListItem\",\"position\":1,\"name\":\"Strona g\u0142\u00f3wna\",\"item\":\"https:\/\/ironsky.pl\/sklep\/\"},{\"@type\":\"ListItem\",\"position\":2,\"name\":\"Wszystkie produkty\",\"item\":\"https:\/\/ironsky.pl\/sklep\/produkty\/\"},{\"@type\":\"ListItem\",\"position\":3,\"name\":\"Plan ochrony DJI Care Pro Ronin 4D-6K (plan dwuletni)\"}]},{\"@type\":\"WebSite\",\"@id\":\"https:\/\/ironsky.pl\/sklep\/#website\",\"url\":\"https:\/\/ironsky.pl\/sklep\/\",\"name\":\"IRONSKY.PL Sklep z Dronami\",\"description\":\"IRONSKY.PL Sklep z Dronami\",\"potentialAction\":[{\"@type\":\"SearchAction\",\"target\":{\"@type\":\"EntryPoint\",\"urlTemplate\":\"https:\/\/ironsky.pl\/sklep\/?s={search_term_string}\"},\"query-input\":{\"@type\":\"PropertyValueSpecification\",\"valueRequired\":true,\"valueName\":\"search_term_string\"}}],\"inLanguage\":\"pl-PL\"}]}<\/script>\n<!-- \/ Yoast SEO plugin. -->","yoast_head_json":{"title":"Plan ochrony DJI Care Pro Ronin 4D-6K (plan dwuletni) - IRONSKY.PL Sklep z Dronami","description":"Plan ochrony DJI Care Pro Ronin 4D-6K (plan dwuletni) - \u2705 sklep z dronami i fachowym doradztwem. \u2705 Tutaj kupisz produkty DJI, Yuneec, Parrot, Syma i wiele innych, a tak\u017ce kursy i licencje na operatora drona.","robots":{"index":"index","follow":"follow","max-snippet":"max-snippet:-1","max-image-preview":"max-image-preview:large","max-video-preview":"max-video-preview:-1"},"canonical":"https:\/\/ironsky.pl\/sklep\/produkt\/plan-ochrony-dji-care-pro-ronin-4d-6k-plan-dwuletni\/","og_locale":"pl_PL","og_type":"article","og_title":"Plan ochrony DJI Care Pro Ronin 4D-6K (plan dwuletni) - IRONSKY.PL Sklep z Dronami","og_description":"Plan ochrony DJI Care Pro Ronin 4D-6K (plan dwuletni) - \u2705 sklep z dronami i fachowym doradztwem. \u2705 Tutaj kupisz produkty DJI, Yuneec, Parrot, Syma i wiele innych, a tak\u017ce kursy i licencje na operatora drona.","og_url":"https:\/\/ironsky.pl\/sklep\/produkt\/plan-ochrony-dji-care-pro-ronin-4d-6k-plan-dwuletni\/","og_site_name":"IRONSKY.PL Sklep z Dronami","article_modified_time":"2026-04-15T08:48:26+00:00","og_image":[{"url":"https:\/\/b2b.innpro.pl\/data\/include\/cms\/12DJI\/DJI-Care-Pro-DJI-Ronin-4D-6K\/5.jpg","type":"","width":"","height":""}],"twitter_card":"summary_large_image","twitter_misc":{"Szacowany czas czytania":"3 minuty"},"schema":{"@context":"https:\/\/schema.org","@graph":[{"@type":"WebPage","@id":"https:\/\/ironsky.pl\/sklep\/produkt\/plan-ochrony-dji-care-pro-ronin-4d-6k-plan-dwuletni\/","url":"https:\/\/ironsky.pl\/sklep\/produkt\/plan-ochrony-dji-care-pro-ronin-4d-6k-plan-dwuletni\/","name":"Plan ochrony DJI Care Pro Ronin 4D-6K (plan dwuletni) - IRONSKY.PL Sklep z Dronami","isPartOf":{"@id":"https:\/\/ironsky.pl\/sklep\/#website"},"primaryImageOfPage":{"@id":"https:\/\/ironsky.pl\/sklep\/produkt\/plan-ochrony-dji-care-pro-ronin-4d-6k-plan-dwuletni\/#primaryimage"},"image":{"@id":"https:\/\/ironsky.pl\/sklep\/produkt\/plan-ochrony-dji-care-pro-ronin-4d-6k-plan-dwuletni\/#primaryimage"},"thumbnailUrl":"https:\/\/b2b.innpro.pl\/data\/include\/cms\/12DJI\/DJI-Care-Pro-DJI-Ronin-4D-6K\/5.jpg","datePublished":"2026-04-15T08:12:09+00:00","dateModified":"2026-04-15T08:48:26+00:00","description":"Plan ochrony DJI Care Pro Ronin 4D-6K (plan dwuletni) - \u2705 sklep z dronami i fachowym doradztwem. \u2705 Tutaj kupisz produkty DJI, Yuneec, Parrot, Syma i wiele innych, a tak\u017ce kursy i licencje na operatora drona.","breadcrumb":{"@id":"https:\/\/ironsky.pl\/sklep\/produkt\/plan-ochrony-dji-care-pro-ronin-4d-6k-plan-dwuletni\/#breadcrumb"},"inLanguage":"pl-PL","potentialAction":[{"@type":"ReadAction","target":["https:\/\/ironsky.pl\/sklep\/produkt\/plan-ochrony-dji-care-pro-ronin-4d-6k-plan-dwuletni\/"]}]},{"@type":"ImageObject","inLanguage":"pl-PL","@id":"https:\/\/ironsky.pl\/sklep\/produkt\/plan-ochrony-dji-care-pro-ronin-4d-6k-plan-dwuletni\/#primaryimage","url":"https:\/\/b2b.innpro.pl\/data\/include\/cms\/12DJI\/DJI-Care-Pro-DJI-Ronin-4D-6K\/5.jpg","contentUrl":"https:\/\/b2b.innpro.pl\/data\/include\/cms\/12DJI\/DJI-Care-Pro-DJI-Ronin-4D-6K\/5.jpg"},{"@type":"BreadcrumbList","@id":"https:\/\/ironsky.pl\/sklep\/produkt\/plan-ochrony-dji-care-pro-ronin-4d-6k-plan-dwuletni\/#breadcrumb","itemListElement":[{"@type":"ListItem","position":1,"name":"Strona g\u0142\u00f3wna","item":"https:\/\/ironsky.pl\/sklep\/"},{"@type":"ListItem","position":2,"name":"Wszystkie produkty","item":"https:\/\/ironsky.pl\/sklep\/produkty\/"},{"@type":"ListItem","position":3,"name":"Plan ochrony DJI Care Pro Ronin 4D-6K (plan dwuletni)"}]},{"@type":"WebSite","@id":"https:\/\/ironsky.pl\/sklep\/#website","url":"https:\/\/ironsky.pl\/sklep\/","name":"IRONSKY.PL Sklep z Dronami","description":"IRONSKY.PL Sklep z Dronami","potentialAction":[{"@type":"SearchAction","target":{"@type":"EntryPoint","urlTemplate":"https:\/\/ironsky.pl\/sklep\/?s={search_term_string}"},"query-input":{"@type":"PropertyValueSpecification","valueRequired":true,"valueName":"search_term_string"}}],"inLanguage":"pl-PL"}]}},"_links":{"self":[{"href":"https:\/\/ironsky.pl\/sklep\/wp-json\/wp\/v2\/product\/56212","targetHints":{"allow":["GET"]}}],"collection":[{"href":"https:\/\/ironsky.pl\/sklep\/wp-json\/wp\/v2\/product"}],"about":[{"href":"https:\/\/ironsky.pl\/sklep\/wp-json\/wp\/v2\/types\/product"}],"replies":[{"embeddable":true,"href":"https:\/\/ironsky.pl\/sklep\/wp-json\/wp\/v2\/comments?post=56212"}],"wp:attachment":[{"href":"https:\/\/ironsky.pl\/sklep\/wp-json\/wp\/v2\/media?parent=56212"}],"wp:term":[{"taxonomy":"product_brand","embeddable":true,"href":"https:\/\/ironsky.pl\/sklep\/wp-json\/wp\/v2\/product_brand?post=56212"},{"taxonomy":"product_cat","embeddable":true,"href":"https:\/\/ironsky.pl\/sklep\/wp-json\/wp\/v2\/product_cat?post=56212"},{"taxonomy":"product_tag","embeddable":true,"href":"https:\/\/ironsky.pl\/sklep\/wp-json\/wp\/v2\/product_tag?post=56212"}],"curies":[{"name":"wp","href":"https:\/\/api.w.org\/{rel}","templated":true}]}}