{"id":56207,"date":"2026-04-15T10:12:09","date_gmt":"2026-04-15T08:12:09","guid":{"rendered":"https:\/\/ironsky.pl\/sklep\/produkt\/tlo-fotograficzne-puluz-pu5321w-156x80cm-biale\/"},"modified":"2026-04-15T10:48:24","modified_gmt":"2026-04-15T08:48:24","slug":"tlo-fotograficzne-puluz-pu5321w-156x80cm-biale","status":"publish","type":"product","link":"https:\/\/ironsky.pl\/sklep\/produkt\/tlo-fotograficzne-puluz-pu5321w-156x80cm-biale\/","title":{"rendered":"T\u0142o fotograficzne PULUZ PU5321W 156x80cm (bia\u0142e)"},"content":{"rendered":"<h3>Bia\u0142e t\u0142o fotograficzne Puluz PU5321W<\/h3>\n<p>Szukasz profesjonalnego t\u0142a fotograficznego do swojego studia lub domowego atelier? Puluz PU5321W spe\u0142ni Twoje oczekiwania. Bia\u0142e t\u0142o o wymiarach 156 x 80 cm pozwoli wykona\u0107 zachwycaj\u0105ce zdj\u0119cia produktowe czy portretowe. Zosta\u0142o wykonane z wysokiej jako\u015bci PVC \u2014 jest wodoodporne, trwa\u0142e i odporne na gniecenie. Matowa powierzchnia z jednej i b\u0142yszcz\u0105ca powierzchnia z drugiej strony zwi\u0119kszaj\u0105 mo\u017cliwo\u015bci podczas sesji fotograficznej.<\/p>\n<p><img decoding=\"async\" src=\"https:\/\/b2b.innpro.pl\/data\/include\/cms\/02Puluz\/PU5321W\/6.jpg\"><\/p>\n<h3>Solidne wykonanie<\/h3>\n<p>Do produkcji t\u0142a fotograficznego PU5321W u\u017cyto wysokiej klasy materia\u0142u PVC, dzi\u0119ki czemu produkt jest wodoodporny, py\u0142oszczelny i odporny na gniecenie. Mo\u017cesz wi\u0119c bez obaw u\u017cywa\u0107 go podczas sesji z dzie\u0107mi, a w razie potrzeby \u0142atwo wyczy\u015bci\u0107. Dodatkowo t\u0142o wyr\u00f3\u017cnia si\u0119 jednolitym kolorem i nieodblaskow\u0105 powierzchni\u0105. Jedna strona t\u0142a jest matowa, a druga b\u0142yszcz\u0105ca \u2014 mo\u017cesz u\u017cywa\u0107 ich przemiennie i cieszy\u0107 si\u0119 r\u00f3\u017cnorodnymi efektami. <\/p>\n<p><img decoding=\"async\" src=\"https:\/\/b2b.innpro.pl\/data\/include\/cms\/02Puluz\/PU5321W\/5.jpg\"><\/p>\n<h3>Wiele zastosowa\u0144<\/h3>\n<p>Bia\u0142e t\u0142o fotograficzne Puluz PU5321W b\u0119dzie \u015bwietnym wyposa\u017ceniem studia fotograficznego lub domowego atelier. Pos\u0142u\u017cy do wykonania zdj\u0119\u0107 portretowych lub sesji produktowej. Pozwoli tak\u017ce stworzy\u0107 profesjonalne t\u0142o na czas wideokonferencji i przyda si\u0119 podczas kr\u0119cenia vlog\u00f3w. Uniwersalny rozmiar 156 x 80 cm sprawdzi si\u0119 w ka\u017cdej z tych sytuacji.<\/p>\n<p><img decoding=\"async\" src=\"https:\/\/b2b.innpro.pl\/data\/include\/cms\/02Puluz\/PU5321W\/9.jpg\"><\/p>\n<div class=\"table-wrapper\">\n<table>\n<tbody>\n<tr>\n<th>Producent<\/th>\n<td>Puluz<\/td>\n<\/tr>\n<tr>\n<th>Nazwa<\/th>\n<td>Bia\u0142e t\u0142o fotograficzne Puluz PU5321W<\/td>\n<\/tr>\n<tr>\n<th>Model<\/th>\n<td>PU5321W<\/td>\n<\/tr>\n<tr>\n<th>Wymiary<\/th>\n<td>156 x 80 cm <\/td>\n<\/tr>\n<tr>\n<th>Materia\u0142<\/th>\n<td>PVC<\/td>\n<\/tr>\n<tr>\n<th>Powierzchnia<\/th>\n<td>Matowa, b\u0142yszcz\u0105ca<\/td>\n<\/tr>\n<\/tbody>\n<\/table>\n<\/div>\n","protected":false},"excerpt":{"rendered":"<p>Bia\u0142e t\u0142o fotograficzne Puluz PU5321W Szukasz profesjonalnego t\u0142a fotograficznego do swojego studia lub domowego atelier? Puluz PU5321W spe\u0142ni Twoje oczekiwania.<\/p>\n","protected":false},"featured_media":56208,"comment_status":"closed","ping_status":"open","template":"","meta":{"_acf_changed":false},"product_brand":[],"product_cat":[1128,6182,6197],"product_tag":[],"class_list":{"0":"post-56207","1":"product","2":"type-product","3":"status-publish","4":"has-post-thumbnail","6":"product_cat-foto-wideo","7":"product_cat-studio-fotograficzne","8":"product_cat-tla-fotograficzne-studio-fotograficzne","9":"pa_okres-gwarancji-5754","10":"pa_producent-puluz","12":"first","13":"outofstock","14":"taxable","15":"shipping-taxable","16":"purchasable","17":"product-type-simple"},"acf":[],"yoast_head":"<!-- This site is optimized with the Yoast SEO plugin v27.2 - https:\/\/yoast.com\/product\/yoast-seo-wordpress\/ -->\n<title>T\u0142o fotograficzne PULUZ PU5321W 156x80cm (bia\u0142e) - IRONSKY.PL Sklep z Dronami<\/title>\n<meta name=\"description\" content=\"T\u0142o fotograficzne PULUZ PU5321W 156x80cm (bia\u0142e) - \u2705 sklep z dronami i fachowym doradztwem. \u2705 Tutaj kupisz produkty DJI, Yuneec, Parrot, Syma i wiele innych, a tak\u017ce kursy i licencje na operatora drona.\" \/>\n<meta name=\"robots\" content=\"index, follow, max-snippet:-1, max-image-preview:large, max-video-preview:-1\" \/>\n<link rel=\"canonical\" href=\"https:\/\/ironsky.pl\/sklep\/produkt\/tlo-fotograficzne-puluz-pu5321w-156x80cm-biale\/\" \/>\n<meta property=\"og:locale\" content=\"pl_PL\" \/>\n<meta property=\"og:type\" content=\"article\" \/>\n<meta property=\"og:title\" content=\"T\u0142o fotograficzne PULUZ PU5321W 156x80cm (bia\u0142e) - IRONSKY.PL Sklep z Dronami\" \/>\n<meta property=\"og:description\" content=\"T\u0142o fotograficzne PULUZ PU5321W 156x80cm (bia\u0142e) - \u2705 sklep z dronami i fachowym doradztwem. \u2705 Tutaj kupisz produkty DJI, Yuneec, Parrot, Syma i wiele innych, a tak\u017ce kursy i licencje na operatora drona.\" \/>\n<meta property=\"og:url\" content=\"https:\/\/ironsky.pl\/sklep\/produkt\/tlo-fotograficzne-puluz-pu5321w-156x80cm-biale\/\" \/>\n<meta property=\"og:site_name\" content=\"IRONSKY.PL Sklep z Dronami\" \/>\n<meta property=\"article:modified_time\" content=\"2026-04-15T08:48:24+00:00\" \/>\n<meta property=\"og:image\" content=\"https:\/\/ironsky.pl\/sklep\/wp-content\/uploads\/2026\/04\/24584_1.jpg\" \/>\n\t<meta property=\"og:image:width\" content=\"800\" \/>\n\t<meta property=\"og:image:height\" content=\"800\" \/>\n\t<meta property=\"og:image:type\" content=\"image\/jpeg\" \/>\n<meta name=\"twitter:card\" content=\"summary_large_image\" \/>\n<meta name=\"twitter:label1\" content=\"Szacowany czas czytania\" \/>\n\t<meta name=\"twitter:data1\" content=\"1 minuta\" \/>\n<script type=\"application\/ld+json\" class=\"yoast-schema-graph\">{\"@context\":\"https:\/\/schema.org\",\"@graph\":[{\"@type\":\"WebPage\",\"@id\":\"https:\/\/ironsky.pl\/sklep\/produkt\/tlo-fotograficzne-puluz-pu5321w-156x80cm-biale\/\",\"url\":\"https:\/\/ironsky.pl\/sklep\/produkt\/tlo-fotograficzne-puluz-pu5321w-156x80cm-biale\/\",\"name\":\"T\u0142o fotograficzne PULUZ PU5321W 156x80cm (bia\u0142e) - IRONSKY.PL Sklep z Dronami\",\"isPartOf\":{\"@id\":\"https:\/\/ironsky.pl\/sklep\/#website\"},\"primaryImageOfPage\":{\"@id\":\"https:\/\/ironsky.pl\/sklep\/produkt\/tlo-fotograficzne-puluz-pu5321w-156x80cm-biale\/#primaryimage\"},\"image\":{\"@id\":\"https:\/\/ironsky.pl\/sklep\/produkt\/tlo-fotograficzne-puluz-pu5321w-156x80cm-biale\/#primaryimage\"},\"thumbnailUrl\":\"https:\/\/ironsky.pl\/sklep\/wp-content\/uploads\/2026\/04\/24584_1.jpg\",\"datePublished\":\"2026-04-15T08:12:09+00:00\",\"dateModified\":\"2026-04-15T08:48:24+00:00\",\"description\":\"T\u0142o fotograficzne PULUZ PU5321W 156x80cm (bia\u0142e) - \u2705 sklep z dronami i fachowym doradztwem. \u2705 Tutaj kupisz produkty DJI, Yuneec, Parrot, Syma i wiele innych, a tak\u017ce kursy i licencje na operatora drona.\",\"breadcrumb\":{\"@id\":\"https:\/\/ironsky.pl\/sklep\/produkt\/tlo-fotograficzne-puluz-pu5321w-156x80cm-biale\/#breadcrumb\"},\"inLanguage\":\"pl-PL\",\"potentialAction\":[{\"@type\":\"ReadAction\",\"target\":[\"https:\/\/ironsky.pl\/sklep\/produkt\/tlo-fotograficzne-puluz-pu5321w-156x80cm-biale\/\"]}]},{\"@type\":\"ImageObject\",\"inLanguage\":\"pl-PL\",\"@id\":\"https:\/\/ironsky.pl\/sklep\/produkt\/tlo-fotograficzne-puluz-pu5321w-156x80cm-biale\/#primaryimage\",\"url\":\"https:\/\/ironsky.pl\/sklep\/wp-content\/uploads\/2026\/04\/24584_1.jpg\",\"contentUrl\":\"https:\/\/ironsky.pl\/sklep\/wp-content\/uploads\/2026\/04\/24584_1.jpg\",\"width\":800,\"height\":800},{\"@type\":\"BreadcrumbList\",\"@id\":\"https:\/\/ironsky.pl\/sklep\/produkt\/tlo-fotograficzne-puluz-pu5321w-156x80cm-biale\/#breadcrumb\",\"itemListElement\":[{\"@type\":\"ListItem\",\"position\":1,\"name\":\"Strona g\u0142\u00f3wna\",\"item\":\"https:\/\/ironsky.pl\/sklep\/\"},{\"@type\":\"ListItem\",\"position\":2,\"name\":\"Wszystkie produkty\",\"item\":\"https:\/\/ironsky.pl\/sklep\/produkty\/\"},{\"@type\":\"ListItem\",\"position\":3,\"name\":\"T\u0142o fotograficzne PULUZ PU5321W 156x80cm (bia\u0142e)\"}]},{\"@type\":\"WebSite\",\"@id\":\"https:\/\/ironsky.pl\/sklep\/#website\",\"url\":\"https:\/\/ironsky.pl\/sklep\/\",\"name\":\"IRONSKY.PL Sklep z Dronami\",\"description\":\"IRONSKY.PL Sklep z Dronami\",\"potentialAction\":[{\"@type\":\"SearchAction\",\"target\":{\"@type\":\"EntryPoint\",\"urlTemplate\":\"https:\/\/ironsky.pl\/sklep\/?s={search_term_string}\"},\"query-input\":{\"@type\":\"PropertyValueSpecification\",\"valueRequired\":true,\"valueName\":\"search_term_string\"}}],\"inLanguage\":\"pl-PL\"}]}<\/script>\n<!-- \/ Yoast SEO plugin. -->","yoast_head_json":{"title":"T\u0142o fotograficzne PULUZ PU5321W 156x80cm (bia\u0142e) - IRONSKY.PL Sklep z Dronami","description":"T\u0142o fotograficzne PULUZ PU5321W 156x80cm (bia\u0142e) - \u2705 sklep z dronami i fachowym doradztwem. \u2705 Tutaj kupisz produkty DJI, Yuneec, Parrot, Syma i wiele innych, a tak\u017ce kursy i licencje na operatora drona.","robots":{"index":"index","follow":"follow","max-snippet":"max-snippet:-1","max-image-preview":"max-image-preview:large","max-video-preview":"max-video-preview:-1"},"canonical":"https:\/\/ironsky.pl\/sklep\/produkt\/tlo-fotograficzne-puluz-pu5321w-156x80cm-biale\/","og_locale":"pl_PL","og_type":"article","og_title":"T\u0142o fotograficzne PULUZ PU5321W 156x80cm (bia\u0142e) - IRONSKY.PL Sklep z Dronami","og_description":"T\u0142o fotograficzne PULUZ PU5321W 156x80cm (bia\u0142e) - \u2705 sklep z dronami i fachowym doradztwem. \u2705 Tutaj kupisz produkty DJI, Yuneec, Parrot, Syma i wiele innych, a tak\u017ce kursy i licencje na operatora drona.","og_url":"https:\/\/ironsky.pl\/sklep\/produkt\/tlo-fotograficzne-puluz-pu5321w-156x80cm-biale\/","og_site_name":"IRONSKY.PL Sklep z Dronami","article_modified_time":"2026-04-15T08:48:24+00:00","og_image":[{"width":800,"height":800,"url":"https:\/\/ironsky.pl\/sklep\/wp-content\/uploads\/2026\/04\/24584_1.jpg","type":"image\/jpeg"}],"twitter_card":"summary_large_image","twitter_misc":{"Szacowany czas czytania":"1 minuta"},"schema":{"@context":"https:\/\/schema.org","@graph":[{"@type":"WebPage","@id":"https:\/\/ironsky.pl\/sklep\/produkt\/tlo-fotograficzne-puluz-pu5321w-156x80cm-biale\/","url":"https:\/\/ironsky.pl\/sklep\/produkt\/tlo-fotograficzne-puluz-pu5321w-156x80cm-biale\/","name":"T\u0142o fotograficzne PULUZ PU5321W 156x80cm (bia\u0142e) - IRONSKY.PL Sklep z Dronami","isPartOf":{"@id":"https:\/\/ironsky.pl\/sklep\/#website"},"primaryImageOfPage":{"@id":"https:\/\/ironsky.pl\/sklep\/produkt\/tlo-fotograficzne-puluz-pu5321w-156x80cm-biale\/#primaryimage"},"image":{"@id":"https:\/\/ironsky.pl\/sklep\/produkt\/tlo-fotograficzne-puluz-pu5321w-156x80cm-biale\/#primaryimage"},"thumbnailUrl":"https:\/\/ironsky.pl\/sklep\/wp-content\/uploads\/2026\/04\/24584_1.jpg","datePublished":"2026-04-15T08:12:09+00:00","dateModified":"2026-04-15T08:48:24+00:00","description":"T\u0142o fotograficzne PULUZ PU5321W 156x80cm (bia\u0142e) - \u2705 sklep z dronami i fachowym doradztwem. \u2705 Tutaj kupisz produkty DJI, Yuneec, Parrot, Syma i wiele innych, a tak\u017ce kursy i licencje na operatora drona.","breadcrumb":{"@id":"https:\/\/ironsky.pl\/sklep\/produkt\/tlo-fotograficzne-puluz-pu5321w-156x80cm-biale\/#breadcrumb"},"inLanguage":"pl-PL","potentialAction":[{"@type":"ReadAction","target":["https:\/\/ironsky.pl\/sklep\/produkt\/tlo-fotograficzne-puluz-pu5321w-156x80cm-biale\/"]}]},{"@type":"ImageObject","inLanguage":"pl-PL","@id":"https:\/\/ironsky.pl\/sklep\/produkt\/tlo-fotograficzne-puluz-pu5321w-156x80cm-biale\/#primaryimage","url":"https:\/\/ironsky.pl\/sklep\/wp-content\/uploads\/2026\/04\/24584_1.jpg","contentUrl":"https:\/\/ironsky.pl\/sklep\/wp-content\/uploads\/2026\/04\/24584_1.jpg","width":800,"height":800},{"@type":"BreadcrumbList","@id":"https:\/\/ironsky.pl\/sklep\/produkt\/tlo-fotograficzne-puluz-pu5321w-156x80cm-biale\/#breadcrumb","itemListElement":[{"@type":"ListItem","position":1,"name":"Strona g\u0142\u00f3wna","item":"https:\/\/ironsky.pl\/sklep\/"},{"@type":"ListItem","position":2,"name":"Wszystkie produkty","item":"https:\/\/ironsky.pl\/sklep\/produkty\/"},{"@type":"ListItem","position":3,"name":"T\u0142o fotograficzne PULUZ PU5321W 156x80cm (bia\u0142e)"}]},{"@type":"WebSite","@id":"https:\/\/ironsky.pl\/sklep\/#website","url":"https:\/\/ironsky.pl\/sklep\/","name":"IRONSKY.PL Sklep z Dronami","description":"IRONSKY.PL Sklep z Dronami","potentialAction":[{"@type":"SearchAction","target":{"@type":"EntryPoint","urlTemplate":"https:\/\/ironsky.pl\/sklep\/?s={search_term_string}"},"query-input":{"@type":"PropertyValueSpecification","valueRequired":true,"valueName":"search_term_string"}}],"inLanguage":"pl-PL"}]}},"_links":{"self":[{"href":"https:\/\/ironsky.pl\/sklep\/wp-json\/wp\/v2\/product\/56207","targetHints":{"allow":["GET"]}}],"collection":[{"href":"https:\/\/ironsky.pl\/sklep\/wp-json\/wp\/v2\/product"}],"about":[{"href":"https:\/\/ironsky.pl\/sklep\/wp-json\/wp\/v2\/types\/product"}],"replies":[{"embeddable":true,"href":"https:\/\/ironsky.pl\/sklep\/wp-json\/wp\/v2\/comments?post=56207"}],"wp:featuredmedia":[{"embeddable":true,"href":"https:\/\/ironsky.pl\/sklep\/wp-json\/wp\/v2\/media\/56208"}],"wp:attachment":[{"href":"https:\/\/ironsky.pl\/sklep\/wp-json\/wp\/v2\/media?parent=56207"}],"wp:term":[{"taxonomy":"product_brand","embeddable":true,"href":"https:\/\/ironsky.pl\/sklep\/wp-json\/wp\/v2\/product_brand?post=56207"},{"taxonomy":"product_cat","embeddable":true,"href":"https:\/\/ironsky.pl\/sklep\/wp-json\/wp\/v2\/product_cat?post=56207"},{"taxonomy":"product_tag","embeddable":true,"href":"https:\/\/ironsky.pl\/sklep\/wp-json\/wp\/v2\/product_tag?post=56207"}],"curies":[{"name":"wp","href":"https:\/\/api.w.org\/{rel}","templated":true}]}}