{"id":56197,"date":"2026-04-15T10:12:09","date_gmt":"2026-04-15T08:12:09","guid":{"rendered":"https:\/\/ironsky.pl\/sklep\/produkt\/akumulator-gens-ace-5000mah-111v-3s1p-xt90\/"},"modified":"2026-04-15T10:48:23","modified_gmt":"2026-04-15T08:48:23","slug":"akumulator-gens-ace-5000mah-111v-3s1p-xt90","status":"publish","type":"product","link":"https:\/\/ironsky.pl\/sklep\/produkt\/akumulator-gens-ace-5000mah-111v-3s1p-xt90\/","title":{"rendered":"Akumulator GENS ACE 5000mAh 11,1V 3S1P XT90"},"content":{"rendered":"<h3>Akumulator GensAce 5kmAh 11.1V 60C 3S1P z wtyczk\u0105 XT90<\/h3>\n<p>Akumulator GensAce \u015bwietnie sprawdzi si\u0119 do zasilania modeli samochod\u00f3w RC, \u0142odzi RC czy samolot\u00f3w RC, zapewniaj\u0105c im d\u0142u\u017cszy czas pracy i lepsz\u0105 wydajno\u015b\u0107. Dzi\u0119ki wysokiemu pr\u0105dowi roz\u0142adowania wynosz\u0105cemu 60C gwarantuje on mocne przyspieszenie i wy\u017csz\u0105 pr\u0119dko\u015b\u0107. Wtyk balansera JST-XHR-4P pomaga utrzyma\u0107 kom\u00f3rki na odpowiednim poziomie na\u0142adowania, co przek\u0142ada si\u0119 na wyd\u0142u\u017con\u0105 \u017cywotno\u015b\u0107 akumulatora. Wtyczka XT90 zapewnia stabilne po\u0142\u0105czenie mi\u0119dzy akumulatorem a modelem RC, eliminuj\u0105c ryzyko przerw w zasilaniu podczas intensywnego u\u017cytkowania.<\/p>\n<p>\n<img decoding=\"async\" src=\"https:\/\/assets.innpro.pl\/5690\/6695\/1.jpg\" border=\"0\" \/>\n<\/p>\n<div class=\"table-wrapper\">\n<p>\u00a0<\/p>\n<h3><\/h3>\n<table>\n<tbody>\n<tr>\n<th>Producent<\/th>\n<td>GensAce<\/td>\n<\/tr>\n<tr>\n<th>Model<\/th>\n<td>GEA503S60X9GT<\/td>\n<\/tr>\n<tr>\n<th>Typ produktu<\/th>\n<td>Akumulator LiPo \u2013 seria Bashing<\/td>\n<\/tr>\n<tr>\n<th>Pojemno\u015b\u0107<\/th>\n<td>5000 mAh<\/td>\n<\/tr>\n<tr>\n<th>Napi\u0119cie<\/th>\n<td>11,1 V<\/td>\n<\/tr>\n<tr>\n<th>Pr\u0105d roz\u0142adowania<\/th>\n<td>60C<\/td>\n<\/tr>\n<tr>\n<th>Ilo\u015b\u0107 cell<\/th>\n<td>3<\/td>\n<\/tr>\n<tr>\n<th>Typ wtyku balansera<\/th>\n<td>JST-XHR-4P<\/td>\n<\/tr>\n<tr>\n<th>Typ wtyczki<\/th>\n<td>XT90<\/td>\n<\/tr>\n<tr>\n<th>Szybko\u015b\u0107 \u0142adowania<\/th>\n<td>Zalecane 1-3C<\/td>\n<\/tr>\n<tr>\n<th>Waga<\/th>\n<td>343 g<\/td>\n<\/tr>\n<tr>\n<th>Wymiary<\/th>\n<td>135 x 43 x 26 mm<\/td>\n<\/tr>\n<\/tbody>\n<\/table>\n<\/div>\n","protected":false},"excerpt":{"rendered":"<p>Akumulator GensAce 5kmAh 11.1V 60C 3S1P z wtyczk\u0105 XT90 Akumulator GensAce \u015bwietnie sprawdzi si\u0119 do zasilania modeli samochod\u00f3w RC, \u0142odzi<\/p>\n","protected":false},"featured_media":56198,"comment_status":"closed","ping_status":"open","template":"","meta":{"_acf_changed":false},"product_brand":[],"product_cat":[1183,1182,1169],"product_tag":[],"class_list":{"0":"post-56197","1":"product","2":"type-product","3":"status-publish","4":"has-post-thumbnail","6":"product_cat-litowe-i-nimh","7":"product_cat-akumulatory","8":"product_cat-modele-rc","9":"pa_okres-gwarancji-5754","10":"pa_producent-gens-ace","12":"first","13":"outofstock","14":"taxable","15":"shipping-taxable","16":"purchasable","17":"product-type-simple"},"acf":[],"yoast_head":"<!-- This site is optimized with the Yoast SEO plugin v27.2 - https:\/\/yoast.com\/product\/yoast-seo-wordpress\/ -->\n<title>Akumulator GENS ACE 5000mAh 11,1V 3S1P XT90 - IRONSKY.PL Sklep z Dronami<\/title>\n<meta name=\"description\" content=\"Akumulator GENS ACE 5000mAh 11,1V 3S1P XT90 - \u2705 sklep z dronami i fachowym doradztwem. \u2705 Tutaj kupisz produkty DJI, Yuneec, Parrot, Syma i wiele innych, a tak\u017ce kursy i licencje na operatora drona.\" \/>\n<meta name=\"robots\" content=\"index, follow, max-snippet:-1, max-image-preview:large, max-video-preview:-1\" \/>\n<link rel=\"canonical\" href=\"https:\/\/ironsky.pl\/sklep\/produkt\/akumulator-gens-ace-5000mah-111v-3s1p-xt90\/\" \/>\n<meta property=\"og:locale\" content=\"pl_PL\" \/>\n<meta property=\"og:type\" content=\"article\" \/>\n<meta property=\"og:title\" content=\"Akumulator GENS ACE 5000mAh 11,1V 3S1P XT90 - IRONSKY.PL Sklep z Dronami\" \/>\n<meta property=\"og:description\" content=\"Akumulator GENS ACE 5000mAh 11,1V 3S1P XT90 - \u2705 sklep z dronami i fachowym doradztwem. \u2705 Tutaj kupisz produkty DJI, Yuneec, Parrot, Syma i wiele innych, a tak\u017ce kursy i licencje na operatora drona.\" \/>\n<meta property=\"og:url\" content=\"https:\/\/ironsky.pl\/sklep\/produkt\/akumulator-gens-ace-5000mah-111v-3s1p-xt90\/\" \/>\n<meta property=\"og:site_name\" content=\"IRONSKY.PL Sklep z Dronami\" \/>\n<meta property=\"article:modified_time\" content=\"2026-04-15T08:48:23+00:00\" \/>\n<meta property=\"og:image\" content=\"https:\/\/ironsky.pl\/sklep\/wp-content\/uploads\/2026\/04\/24557_1.jpg\" \/>\n\t<meta property=\"og:image:width\" content=\"801\" \/>\n\t<meta property=\"og:image:height\" content=\"801\" \/>\n\t<meta property=\"og:image:type\" content=\"image\/jpeg\" \/>\n<meta name=\"twitter:card\" content=\"summary_large_image\" \/>\n<meta name=\"twitter:label1\" content=\"Szacowany czas czytania\" \/>\n\t<meta name=\"twitter:data1\" content=\"1 minuta\" \/>\n<script type=\"application\/ld+json\" class=\"yoast-schema-graph\">{\"@context\":\"https:\/\/schema.org\",\"@graph\":[{\"@type\":\"WebPage\",\"@id\":\"https:\/\/ironsky.pl\/sklep\/produkt\/akumulator-gens-ace-5000mah-111v-3s1p-xt90\/\",\"url\":\"https:\/\/ironsky.pl\/sklep\/produkt\/akumulator-gens-ace-5000mah-111v-3s1p-xt90\/\",\"name\":\"Akumulator GENS ACE 5000mAh 11,1V 3S1P XT90 - IRONSKY.PL Sklep z Dronami\",\"isPartOf\":{\"@id\":\"https:\/\/ironsky.pl\/sklep\/#website\"},\"primaryImageOfPage\":{\"@id\":\"https:\/\/ironsky.pl\/sklep\/produkt\/akumulator-gens-ace-5000mah-111v-3s1p-xt90\/#primaryimage\"},\"image\":{\"@id\":\"https:\/\/ironsky.pl\/sklep\/produkt\/akumulator-gens-ace-5000mah-111v-3s1p-xt90\/#primaryimage\"},\"thumbnailUrl\":\"https:\/\/ironsky.pl\/sklep\/wp-content\/uploads\/2026\/04\/24557_1.jpg\",\"datePublished\":\"2026-04-15T08:12:09+00:00\",\"dateModified\":\"2026-04-15T08:48:23+00:00\",\"description\":\"Akumulator GENS ACE 5000mAh 11,1V 3S1P XT90 - \u2705 sklep z dronami i fachowym doradztwem. \u2705 Tutaj kupisz produkty DJI, Yuneec, Parrot, Syma i wiele innych, a tak\u017ce kursy i licencje na operatora drona.\",\"breadcrumb\":{\"@id\":\"https:\/\/ironsky.pl\/sklep\/produkt\/akumulator-gens-ace-5000mah-111v-3s1p-xt90\/#breadcrumb\"},\"inLanguage\":\"pl-PL\",\"potentialAction\":[{\"@type\":\"ReadAction\",\"target\":[\"https:\/\/ironsky.pl\/sklep\/produkt\/akumulator-gens-ace-5000mah-111v-3s1p-xt90\/\"]}]},{\"@type\":\"ImageObject\",\"inLanguage\":\"pl-PL\",\"@id\":\"https:\/\/ironsky.pl\/sklep\/produkt\/akumulator-gens-ace-5000mah-111v-3s1p-xt90\/#primaryimage\",\"url\":\"https:\/\/ironsky.pl\/sklep\/wp-content\/uploads\/2026\/04\/24557_1.jpg\",\"contentUrl\":\"https:\/\/ironsky.pl\/sklep\/wp-content\/uploads\/2026\/04\/24557_1.jpg\",\"width\":801,\"height\":801},{\"@type\":\"BreadcrumbList\",\"@id\":\"https:\/\/ironsky.pl\/sklep\/produkt\/akumulator-gens-ace-5000mah-111v-3s1p-xt90\/#breadcrumb\",\"itemListElement\":[{\"@type\":\"ListItem\",\"position\":1,\"name\":\"Strona g\u0142\u00f3wna\",\"item\":\"https:\/\/ironsky.pl\/sklep\/\"},{\"@type\":\"ListItem\",\"position\":2,\"name\":\"Wszystkie produkty\",\"item\":\"https:\/\/ironsky.pl\/sklep\/produkty\/\"},{\"@type\":\"ListItem\",\"position\":3,\"name\":\"Akumulator GENS ACE 5000mAh 11,1V 3S1P XT90\"}]},{\"@type\":\"WebSite\",\"@id\":\"https:\/\/ironsky.pl\/sklep\/#website\",\"url\":\"https:\/\/ironsky.pl\/sklep\/\",\"name\":\"IRONSKY.PL Sklep z Dronami\",\"description\":\"IRONSKY.PL Sklep z Dronami\",\"potentialAction\":[{\"@type\":\"SearchAction\",\"target\":{\"@type\":\"EntryPoint\",\"urlTemplate\":\"https:\/\/ironsky.pl\/sklep\/?s={search_term_string}\"},\"query-input\":{\"@type\":\"PropertyValueSpecification\",\"valueRequired\":true,\"valueName\":\"search_term_string\"}}],\"inLanguage\":\"pl-PL\"}]}<\/script>\n<!-- \/ Yoast SEO plugin. -->","yoast_head_json":{"title":"Akumulator GENS ACE 5000mAh 11,1V 3S1P XT90 - IRONSKY.PL Sklep z Dronami","description":"Akumulator GENS ACE 5000mAh 11,1V 3S1P XT90 - \u2705 sklep z dronami i fachowym doradztwem. \u2705 Tutaj kupisz produkty DJI, Yuneec, Parrot, Syma i wiele innych, a tak\u017ce kursy i licencje na operatora drona.","robots":{"index":"index","follow":"follow","max-snippet":"max-snippet:-1","max-image-preview":"max-image-preview:large","max-video-preview":"max-video-preview:-1"},"canonical":"https:\/\/ironsky.pl\/sklep\/produkt\/akumulator-gens-ace-5000mah-111v-3s1p-xt90\/","og_locale":"pl_PL","og_type":"article","og_title":"Akumulator GENS ACE 5000mAh 11,1V 3S1P XT90 - IRONSKY.PL Sklep z Dronami","og_description":"Akumulator GENS ACE 5000mAh 11,1V 3S1P XT90 - \u2705 sklep z dronami i fachowym doradztwem. \u2705 Tutaj kupisz produkty DJI, Yuneec, Parrot, Syma i wiele innych, a tak\u017ce kursy i licencje na operatora drona.","og_url":"https:\/\/ironsky.pl\/sklep\/produkt\/akumulator-gens-ace-5000mah-111v-3s1p-xt90\/","og_site_name":"IRONSKY.PL Sklep z Dronami","article_modified_time":"2026-04-15T08:48:23+00:00","og_image":[{"width":801,"height":801,"url":"https:\/\/ironsky.pl\/sklep\/wp-content\/uploads\/2026\/04\/24557_1.jpg","type":"image\/jpeg"}],"twitter_card":"summary_large_image","twitter_misc":{"Szacowany czas czytania":"1 minuta"},"schema":{"@context":"https:\/\/schema.org","@graph":[{"@type":"WebPage","@id":"https:\/\/ironsky.pl\/sklep\/produkt\/akumulator-gens-ace-5000mah-111v-3s1p-xt90\/","url":"https:\/\/ironsky.pl\/sklep\/produkt\/akumulator-gens-ace-5000mah-111v-3s1p-xt90\/","name":"Akumulator GENS ACE 5000mAh 11,1V 3S1P XT90 - IRONSKY.PL Sklep z Dronami","isPartOf":{"@id":"https:\/\/ironsky.pl\/sklep\/#website"},"primaryImageOfPage":{"@id":"https:\/\/ironsky.pl\/sklep\/produkt\/akumulator-gens-ace-5000mah-111v-3s1p-xt90\/#primaryimage"},"image":{"@id":"https:\/\/ironsky.pl\/sklep\/produkt\/akumulator-gens-ace-5000mah-111v-3s1p-xt90\/#primaryimage"},"thumbnailUrl":"https:\/\/ironsky.pl\/sklep\/wp-content\/uploads\/2026\/04\/24557_1.jpg","datePublished":"2026-04-15T08:12:09+00:00","dateModified":"2026-04-15T08:48:23+00:00","description":"Akumulator GENS ACE 5000mAh 11,1V 3S1P XT90 - \u2705 sklep z dronami i fachowym doradztwem. \u2705 Tutaj kupisz produkty DJI, Yuneec, Parrot, Syma i wiele innych, a tak\u017ce kursy i licencje na operatora drona.","breadcrumb":{"@id":"https:\/\/ironsky.pl\/sklep\/produkt\/akumulator-gens-ace-5000mah-111v-3s1p-xt90\/#breadcrumb"},"inLanguage":"pl-PL","potentialAction":[{"@type":"ReadAction","target":["https:\/\/ironsky.pl\/sklep\/produkt\/akumulator-gens-ace-5000mah-111v-3s1p-xt90\/"]}]},{"@type":"ImageObject","inLanguage":"pl-PL","@id":"https:\/\/ironsky.pl\/sklep\/produkt\/akumulator-gens-ace-5000mah-111v-3s1p-xt90\/#primaryimage","url":"https:\/\/ironsky.pl\/sklep\/wp-content\/uploads\/2026\/04\/24557_1.jpg","contentUrl":"https:\/\/ironsky.pl\/sklep\/wp-content\/uploads\/2026\/04\/24557_1.jpg","width":801,"height":801},{"@type":"BreadcrumbList","@id":"https:\/\/ironsky.pl\/sklep\/produkt\/akumulator-gens-ace-5000mah-111v-3s1p-xt90\/#breadcrumb","itemListElement":[{"@type":"ListItem","position":1,"name":"Strona g\u0142\u00f3wna","item":"https:\/\/ironsky.pl\/sklep\/"},{"@type":"ListItem","position":2,"name":"Wszystkie produkty","item":"https:\/\/ironsky.pl\/sklep\/produkty\/"},{"@type":"ListItem","position":3,"name":"Akumulator GENS ACE 5000mAh 11,1V 3S1P XT90"}]},{"@type":"WebSite","@id":"https:\/\/ironsky.pl\/sklep\/#website","url":"https:\/\/ironsky.pl\/sklep\/","name":"IRONSKY.PL Sklep z Dronami","description":"IRONSKY.PL Sklep z Dronami","potentialAction":[{"@type":"SearchAction","target":{"@type":"EntryPoint","urlTemplate":"https:\/\/ironsky.pl\/sklep\/?s={search_term_string}"},"query-input":{"@type":"PropertyValueSpecification","valueRequired":true,"valueName":"search_term_string"}}],"inLanguage":"pl-PL"}]}},"_links":{"self":[{"href":"https:\/\/ironsky.pl\/sklep\/wp-json\/wp\/v2\/product\/56197","targetHints":{"allow":["GET"]}}],"collection":[{"href":"https:\/\/ironsky.pl\/sklep\/wp-json\/wp\/v2\/product"}],"about":[{"href":"https:\/\/ironsky.pl\/sklep\/wp-json\/wp\/v2\/types\/product"}],"replies":[{"embeddable":true,"href":"https:\/\/ironsky.pl\/sklep\/wp-json\/wp\/v2\/comments?post=56197"}],"wp:featuredmedia":[{"embeddable":true,"href":"https:\/\/ironsky.pl\/sklep\/wp-json\/wp\/v2\/media\/56198"}],"wp:attachment":[{"href":"https:\/\/ironsky.pl\/sklep\/wp-json\/wp\/v2\/media?parent=56197"}],"wp:term":[{"taxonomy":"product_brand","embeddable":true,"href":"https:\/\/ironsky.pl\/sklep\/wp-json\/wp\/v2\/product_brand?post=56197"},{"taxonomy":"product_cat","embeddable":true,"href":"https:\/\/ironsky.pl\/sklep\/wp-json\/wp\/v2\/product_cat?post=56197"},{"taxonomy":"product_tag","embeddable":true,"href":"https:\/\/ironsky.pl\/sklep\/wp-json\/wp\/v2\/product_tag?post=56197"}],"curies":[{"name":"wp","href":"https:\/\/api.w.org\/{rel}","templated":true}]}}