{"id":56193,"date":"2026-04-15T10:12:09","date_gmt":"2026-04-15T08:12:09","guid":{"rendered":"https:\/\/ironsky.pl\/sklep\/produkt\/uchwyt-montazowy-psdk-dji-matrice-30-2\/"},"modified":"2026-04-15T10:48:22","modified_gmt":"2026-04-15T08:48:22","slug":"uchwyt-montazowy-psdk-dji-matrice-30-2","status":"publish","type":"product","link":"https:\/\/ironsky.pl\/sklep\/produkt\/uchwyt-montazowy-psdk-dji-matrice-30-2\/","title":{"rendered":"Uchwyt monta\u017cowy PSDK DJI Matrice 30"},"content":{"rendered":"<h3>Uchwyt monta\u017cowy PSDK DJI Matrice 30 <\/h3>\n<p>Uchwyt monta\u017cowy PSDK umo\u017cliwia mocowanie \u0142adunk\u00f3w u\u017cytkowych na dronie Matrice 30 i 30T, pozwalaj\u0105c na ich szybk\u0105 i wygodn\u0105 wymian\u0119. Uchwyt monta\u017cowy PSDK sk\u0142ada si\u0119 z dw\u00f3ch cz\u0119\u015bci: uchwytu sta\u0142ego (mocowanego na dronie) i uchwytu \u0142adunku u\u017cytkowego (montowanego do \u0142adunku u\u017cytkowego PSDK). Uchwyt jest wyposa\u017cony w podw\u00f3jne prowadnice, kt\u00f3re mo\u017cna zablokowa\u0107, przesuwaj\u0105c \u0142adunek u\u017cytkowy PSDK do odpowiedniej pozycji, i odblokowa\u0107, naciskaj\u0105c przycisk. Uchwyt zosta\u0142 wykonany ze stopu aluminium, dzi\u0119ki czemu konstrukcja jest nie tylko wystarczaj\u0105co lekka, ale tak\u017ce zapewnia bezpiecze\u0144stwo podczas lotu z \u0142adunkiem u\u017cytkowym. <\/p>\n<h3>Zawarto\u015b\u0107 zestawu<\/h3>\n<ul>\n<li>1x uchwyt monta\u017cowy sta\u0142y (mocowany do drona)<\/li>\n<li>1x uchwyt \u0142adunku u\u017cytkowego (mocowany do \u0142adunku PSDK)<\/li>\n<li>6x \u015bruba A (M 1.6)<\/li>\n<li>4x \u015bruba B (M 2.0)<\/li>\n<li>4x \u015bruba C (M 3.0)<\/li>\n<\/ul>\n<div class=\"table-wrapper\">\n<table>\n<tbody>\n<tr>\n<th>Producent<\/th>\n<td>DJI<\/td>\n<\/tr>\n<tr>\n<th>Model<\/th>\n<td>CP.EN.00000378.01<\/td>\n<\/tr>\n<tr>\n<th>Waga <\/th>\n<td>16.5 g (ze \u015brubami monta\u017cowymi) <\/td>\n<\/tr>\n<tr>\n<th>Wymiary <\/th>\n<td>79.6 x 79.3 x 7.9 mm<\/td>\n<\/tr>\n<tr>\n<th>Kompatybilno\u015b\u0107 <\/th>\n<td>Matrice 30, Matrice 30T<\/td>\n<\/tr>\n<\/tbody>\n<\/table>\n<\/div>\n","protected":false},"excerpt":{"rendered":"<p>Uchwyt monta\u017cowy PSDK DJI Matrice 30 Uchwyt monta\u017cowy PSDK umo\u017cliwia mocowanie \u0142adunk\u00f3w u\u017cytkowych na dronie Matrice 30 i 30T, pozwalaj\u0105c<\/p>\n","protected":false},"featured_media":56194,"comment_status":"closed","ping_status":"open","template":"","meta":{"_acf_changed":false},"product_brand":[],"product_cat":[6169,1088,1105],"product_tag":[],"class_list":{"0":"post-56193","1":"product","2":"type-product","3":"status-publish","4":"has-post-thumbnail","6":"product_cat-akcesoria-i-czesci","7":"product_cat-drony","8":"product_cat-przemyslowe","9":"pa_okres-gwarancji-5754","10":"pa_producent-dji-enterprise","12":"first","13":"outofstock","14":"taxable","15":"shipping-taxable","16":"purchasable","17":"product-type-simple"},"acf":[],"yoast_head":"<!-- This site is optimized with the Yoast SEO plugin v27.2 - https:\/\/yoast.com\/product\/yoast-seo-wordpress\/ -->\n<title>Uchwyt monta\u017cowy PSDK DJI Matrice 30 - IRONSKY.PL Sklep z Dronami<\/title>\n<meta name=\"description\" content=\"Uchwyt monta\u017cowy PSDK DJI Matrice 30 - \u2705 sklep z dronami i fachowym doradztwem. \u2705 Tutaj kupisz produkty DJI, Yuneec, Parrot, Syma i wiele innych, a tak\u017ce kursy i licencje na operatora drona.\" \/>\n<meta name=\"robots\" content=\"index, follow, max-snippet:-1, max-image-preview:large, max-video-preview:-1\" \/>\n<link rel=\"canonical\" href=\"https:\/\/ironsky.pl\/sklep\/produkt\/uchwyt-montazowy-psdk-dji-matrice-30-2\/\" \/>\n<meta property=\"og:locale\" content=\"pl_PL\" \/>\n<meta property=\"og:type\" content=\"article\" \/>\n<meta property=\"og:title\" content=\"Uchwyt monta\u017cowy PSDK DJI Matrice 30 - IRONSKY.PL Sklep z Dronami\" \/>\n<meta property=\"og:description\" content=\"Uchwyt monta\u017cowy PSDK DJI Matrice 30 - \u2705 sklep z dronami i fachowym doradztwem. \u2705 Tutaj kupisz produkty DJI, Yuneec, Parrot, Syma i wiele innych, a tak\u017ce kursy i licencje na operatora drona.\" \/>\n<meta property=\"og:url\" content=\"https:\/\/ironsky.pl\/sklep\/produkt\/uchwyt-montazowy-psdk-dji-matrice-30-2\/\" \/>\n<meta property=\"og:site_name\" content=\"IRONSKY.PL Sklep z Dronami\" \/>\n<meta property=\"article:modified_time\" content=\"2026-04-15T08:48:22+00:00\" \/>\n<meta property=\"og:image\" content=\"https:\/\/ironsky.pl\/sklep\/wp-content\/uploads\/2026\/04\/24519_3.jpg\" \/>\n\t<meta property=\"og:image:width\" content=\"800\" \/>\n\t<meta property=\"og:image:height\" content=\"800\" \/>\n\t<meta property=\"og:image:type\" content=\"image\/jpeg\" \/>\n<meta name=\"twitter:card\" content=\"summary_large_image\" \/>\n<meta name=\"twitter:label1\" content=\"Szacowany czas czytania\" \/>\n\t<meta name=\"twitter:data1\" content=\"1 minuta\" \/>\n<script type=\"application\/ld+json\" class=\"yoast-schema-graph\">{\"@context\":\"https:\/\/schema.org\",\"@graph\":[{\"@type\":\"WebPage\",\"@id\":\"https:\/\/ironsky.pl\/sklep\/produkt\/uchwyt-montazowy-psdk-dji-matrice-30-2\/\",\"url\":\"https:\/\/ironsky.pl\/sklep\/produkt\/uchwyt-montazowy-psdk-dji-matrice-30-2\/\",\"name\":\"Uchwyt monta\u017cowy PSDK DJI Matrice 30 - IRONSKY.PL Sklep z Dronami\",\"isPartOf\":{\"@id\":\"https:\/\/ironsky.pl\/sklep\/#website\"},\"primaryImageOfPage\":{\"@id\":\"https:\/\/ironsky.pl\/sklep\/produkt\/uchwyt-montazowy-psdk-dji-matrice-30-2\/#primaryimage\"},\"image\":{\"@id\":\"https:\/\/ironsky.pl\/sklep\/produkt\/uchwyt-montazowy-psdk-dji-matrice-30-2\/#primaryimage\"},\"thumbnailUrl\":\"https:\/\/ironsky.pl\/sklep\/wp-content\/uploads\/2026\/04\/24519_3.jpg\",\"datePublished\":\"2026-04-15T08:12:09+00:00\",\"dateModified\":\"2026-04-15T08:48:22+00:00\",\"description\":\"Uchwyt monta\u017cowy PSDK DJI Matrice 30 - \u2705 sklep z dronami i fachowym doradztwem. \u2705 Tutaj kupisz produkty DJI, Yuneec, Parrot, Syma i wiele innych, a tak\u017ce kursy i licencje na operatora drona.\",\"breadcrumb\":{\"@id\":\"https:\/\/ironsky.pl\/sklep\/produkt\/uchwyt-montazowy-psdk-dji-matrice-30-2\/#breadcrumb\"},\"inLanguage\":\"pl-PL\",\"potentialAction\":[{\"@type\":\"ReadAction\",\"target\":[\"https:\/\/ironsky.pl\/sklep\/produkt\/uchwyt-montazowy-psdk-dji-matrice-30-2\/\"]}]},{\"@type\":\"ImageObject\",\"inLanguage\":\"pl-PL\",\"@id\":\"https:\/\/ironsky.pl\/sklep\/produkt\/uchwyt-montazowy-psdk-dji-matrice-30-2\/#primaryimage\",\"url\":\"https:\/\/ironsky.pl\/sklep\/wp-content\/uploads\/2026\/04\/24519_3.jpg\",\"contentUrl\":\"https:\/\/ironsky.pl\/sklep\/wp-content\/uploads\/2026\/04\/24519_3.jpg\",\"width\":800,\"height\":800},{\"@type\":\"BreadcrumbList\",\"@id\":\"https:\/\/ironsky.pl\/sklep\/produkt\/uchwyt-montazowy-psdk-dji-matrice-30-2\/#breadcrumb\",\"itemListElement\":[{\"@type\":\"ListItem\",\"position\":1,\"name\":\"Strona g\u0142\u00f3wna\",\"item\":\"https:\/\/ironsky.pl\/sklep\/\"},{\"@type\":\"ListItem\",\"position\":2,\"name\":\"Wszystkie produkty\",\"item\":\"https:\/\/ironsky.pl\/sklep\/produkty\/\"},{\"@type\":\"ListItem\",\"position\":3,\"name\":\"Uchwyt monta\u017cowy PSDK DJI Matrice 30\"}]},{\"@type\":\"WebSite\",\"@id\":\"https:\/\/ironsky.pl\/sklep\/#website\",\"url\":\"https:\/\/ironsky.pl\/sklep\/\",\"name\":\"IRONSKY.PL Sklep z Dronami\",\"description\":\"IRONSKY.PL Sklep z Dronami\",\"potentialAction\":[{\"@type\":\"SearchAction\",\"target\":{\"@type\":\"EntryPoint\",\"urlTemplate\":\"https:\/\/ironsky.pl\/sklep\/?s={search_term_string}\"},\"query-input\":{\"@type\":\"PropertyValueSpecification\",\"valueRequired\":true,\"valueName\":\"search_term_string\"}}],\"inLanguage\":\"pl-PL\"}]}<\/script>\n<!-- \/ Yoast SEO plugin. -->","yoast_head_json":{"title":"Uchwyt monta\u017cowy PSDK DJI Matrice 30 - IRONSKY.PL Sklep z Dronami","description":"Uchwyt monta\u017cowy PSDK DJI Matrice 30 - \u2705 sklep z dronami i fachowym doradztwem. \u2705 Tutaj kupisz produkty DJI, Yuneec, Parrot, Syma i wiele innych, a tak\u017ce kursy i licencje na operatora drona.","robots":{"index":"index","follow":"follow","max-snippet":"max-snippet:-1","max-image-preview":"max-image-preview:large","max-video-preview":"max-video-preview:-1"},"canonical":"https:\/\/ironsky.pl\/sklep\/produkt\/uchwyt-montazowy-psdk-dji-matrice-30-2\/","og_locale":"pl_PL","og_type":"article","og_title":"Uchwyt monta\u017cowy PSDK DJI Matrice 30 - IRONSKY.PL Sklep z Dronami","og_description":"Uchwyt monta\u017cowy PSDK DJI Matrice 30 - \u2705 sklep z dronami i fachowym doradztwem. \u2705 Tutaj kupisz produkty DJI, Yuneec, Parrot, Syma i wiele innych, a tak\u017ce kursy i licencje na operatora drona.","og_url":"https:\/\/ironsky.pl\/sklep\/produkt\/uchwyt-montazowy-psdk-dji-matrice-30-2\/","og_site_name":"IRONSKY.PL Sklep z Dronami","article_modified_time":"2026-04-15T08:48:22+00:00","og_image":[{"width":800,"height":800,"url":"https:\/\/ironsky.pl\/sklep\/wp-content\/uploads\/2026\/04\/24519_3.jpg","type":"image\/jpeg"}],"twitter_card":"summary_large_image","twitter_misc":{"Szacowany czas czytania":"1 minuta"},"schema":{"@context":"https:\/\/schema.org","@graph":[{"@type":"WebPage","@id":"https:\/\/ironsky.pl\/sklep\/produkt\/uchwyt-montazowy-psdk-dji-matrice-30-2\/","url":"https:\/\/ironsky.pl\/sklep\/produkt\/uchwyt-montazowy-psdk-dji-matrice-30-2\/","name":"Uchwyt monta\u017cowy PSDK DJI Matrice 30 - IRONSKY.PL Sklep z Dronami","isPartOf":{"@id":"https:\/\/ironsky.pl\/sklep\/#website"},"primaryImageOfPage":{"@id":"https:\/\/ironsky.pl\/sklep\/produkt\/uchwyt-montazowy-psdk-dji-matrice-30-2\/#primaryimage"},"image":{"@id":"https:\/\/ironsky.pl\/sklep\/produkt\/uchwyt-montazowy-psdk-dji-matrice-30-2\/#primaryimage"},"thumbnailUrl":"https:\/\/ironsky.pl\/sklep\/wp-content\/uploads\/2026\/04\/24519_3.jpg","datePublished":"2026-04-15T08:12:09+00:00","dateModified":"2026-04-15T08:48:22+00:00","description":"Uchwyt monta\u017cowy PSDK DJI Matrice 30 - \u2705 sklep z dronami i fachowym doradztwem. \u2705 Tutaj kupisz produkty DJI, Yuneec, Parrot, Syma i wiele innych, a tak\u017ce kursy i licencje na operatora drona.","breadcrumb":{"@id":"https:\/\/ironsky.pl\/sklep\/produkt\/uchwyt-montazowy-psdk-dji-matrice-30-2\/#breadcrumb"},"inLanguage":"pl-PL","potentialAction":[{"@type":"ReadAction","target":["https:\/\/ironsky.pl\/sklep\/produkt\/uchwyt-montazowy-psdk-dji-matrice-30-2\/"]}]},{"@type":"ImageObject","inLanguage":"pl-PL","@id":"https:\/\/ironsky.pl\/sklep\/produkt\/uchwyt-montazowy-psdk-dji-matrice-30-2\/#primaryimage","url":"https:\/\/ironsky.pl\/sklep\/wp-content\/uploads\/2026\/04\/24519_3.jpg","contentUrl":"https:\/\/ironsky.pl\/sklep\/wp-content\/uploads\/2026\/04\/24519_3.jpg","width":800,"height":800},{"@type":"BreadcrumbList","@id":"https:\/\/ironsky.pl\/sklep\/produkt\/uchwyt-montazowy-psdk-dji-matrice-30-2\/#breadcrumb","itemListElement":[{"@type":"ListItem","position":1,"name":"Strona g\u0142\u00f3wna","item":"https:\/\/ironsky.pl\/sklep\/"},{"@type":"ListItem","position":2,"name":"Wszystkie produkty","item":"https:\/\/ironsky.pl\/sklep\/produkty\/"},{"@type":"ListItem","position":3,"name":"Uchwyt monta\u017cowy PSDK DJI Matrice 30"}]},{"@type":"WebSite","@id":"https:\/\/ironsky.pl\/sklep\/#website","url":"https:\/\/ironsky.pl\/sklep\/","name":"IRONSKY.PL Sklep z Dronami","description":"IRONSKY.PL Sklep z Dronami","potentialAction":[{"@type":"SearchAction","target":{"@type":"EntryPoint","urlTemplate":"https:\/\/ironsky.pl\/sklep\/?s={search_term_string}"},"query-input":{"@type":"PropertyValueSpecification","valueRequired":true,"valueName":"search_term_string"}}],"inLanguage":"pl-PL"}]}},"_links":{"self":[{"href":"https:\/\/ironsky.pl\/sklep\/wp-json\/wp\/v2\/product\/56193","targetHints":{"allow":["GET"]}}],"collection":[{"href":"https:\/\/ironsky.pl\/sklep\/wp-json\/wp\/v2\/product"}],"about":[{"href":"https:\/\/ironsky.pl\/sklep\/wp-json\/wp\/v2\/types\/product"}],"replies":[{"embeddable":true,"href":"https:\/\/ironsky.pl\/sklep\/wp-json\/wp\/v2\/comments?post=56193"}],"wp:featuredmedia":[{"embeddable":true,"href":"https:\/\/ironsky.pl\/sklep\/wp-json\/wp\/v2\/media\/56194"}],"wp:attachment":[{"href":"https:\/\/ironsky.pl\/sklep\/wp-json\/wp\/v2\/media?parent=56193"}],"wp:term":[{"taxonomy":"product_brand","embeddable":true,"href":"https:\/\/ironsky.pl\/sklep\/wp-json\/wp\/v2\/product_brand?post=56193"},{"taxonomy":"product_cat","embeddable":true,"href":"https:\/\/ironsky.pl\/sklep\/wp-json\/wp\/v2\/product_cat?post=56193"},{"taxonomy":"product_tag","embeddable":true,"href":"https:\/\/ironsky.pl\/sklep\/wp-json\/wp\/v2\/product_tag?post=56193"}],"curies":[{"name":"wp","href":"https:\/\/api.w.org\/{rel}","templated":true}]}}