{"id":56186,"date":"2026-04-15T10:12:09","date_gmt":"2026-04-15T08:12:09","guid":{"rendered":"https:\/\/ironsky.pl\/sklep\/produkt\/tracker-solarny-ecoflow-2-osiowy\/"},"modified":"2026-04-15T10:12:22","modified_gmt":"2026-04-15T08:12:22","slug":"tracker-solarny-ecoflow-2-osiowy","status":"publish","type":"product","link":"https:\/\/ironsky.pl\/sklep\/produkt\/tracker-solarny-ecoflow-2-osiowy\/","title":{"rendered":"Tracker solarny ECOFLOW 2-osiowy"},"content":{"rendered":"<h3>Tracker s\u0142oneczny EcoFlow<\/h3>\n<p>Czerp jeszcze wi\u0119cej energii s\u0142onecznej. Dwuosiowy tracker EcoFlow automatycznie pod\u0105\u017ca za s\u0142o\u0144cem, aby panele fotowoltaiczne mog\u0142y by\u0107 zawsze ustawione pod optymalnym k\u0105tem. Solidny i odporny na uszkodzenia &#8211; ma a\u017c 4 n\u00f3\u017cki, kt\u00f3re zapewniaj\u0105 mu stabilno\u015b\u0107. Produkt jest kompatybilny z wi\u0119kszo\u015bci\u0105 paneli s\u0142onecznych wyposa\u017conych w z\u0142\u0105cza MC4.<\/p>\n<p><img decoding=\"async\" src=\"https:\/\/b2b.innpro.pl\/data\/include\/cms\/12EcoFlow\/solar-tracker\/1.jpg\"><\/p>\n<h3>Automatycznie \u015bledzi po\u0142o\u017cenie s\u0142o\u0144ca<\/h3>\n<p>Tracker s\u0142oneczny EcoFlow obraca si\u0119 na 2 osiach, aby na bie\u017c\u0105co ustawia\u0107 umieszczony na nim panel fotowoltaiczny idealnie w kierunku s\u0142o\u0144ca i pod optymalnym k\u0105tem. Dzi\u0119ki temu mo\u017cesz czerpa\u0107 jeszcze wi\u0119cej energii. Ju\u017c nie musisz samodzielnie dostosowywa\u0107 po\u0142o\u017cenia swoich paneli &#8211; tracker EcoFlow zrobi to za Ciebie! Zostaw go na zewn\u0105trz na noc, a od samego rana zacznie automatycznie pod\u0105\u017ca\u0107 za s\u0142o\u0144cem.<\/p>\n<p><img decoding=\"async\" src=\"https:\/\/b2b.innpro.pl\/data\/include\/cms\/12EcoFlow\/solar-tracker\/3.jpg\"><\/p>\n<h3>Przemy\u015blana konstrukcja<\/h3>\n<p>Tracker s\u0142oneczny EcoFlow b\u0119dzie \u015bwietnie Ci s\u0142u\u017cy\u0107 przez d\u0142ugi czas. Jest wyj\u0105tkowo trwa\u0142y i solidny. Zosta\u0142 wyposa\u017cony w 4 rozk\u0142adane n\u00f3\u017cki, kt\u00f3re umo\u017cliwiaj\u0105 stabilne ustawienie go na wybranej powierzchni. Nie musisz si\u0119 obawia\u0107, \u017ce si\u0119 przewr\u00f3ci! Co wi\u0119cej, g\u00f3rny wspornik trackera mo\u017cna regulowa\u0107, dzi\u0119ki czemu bez trudu dostosujesz go do swojego panelu s\u0142onecznego.<\/p>\n<p><img decoding=\"async\" src=\"https:\/\/b2b.innpro.pl\/data\/include\/cms\/12EcoFlow\/solar-tracker\/6.jpg\"><\/p>\n<h3>Jeszcze wi\u0119cej energii s\u0142onecznej dla Ciebie<\/h3>\n<p>Zoptymalizuj dzia\u0142anie swoich paneli. Jak to mo\u017cliwe? U\u017cywaj\u0105c trackera EcoFlow, mo\u017cesz czerpa\u0107 nawet o 30% wi\u0119cej wat\u00f3w energii s\u0142onecznej ni\u017c w wypadku paneli u\u0142o\u017conych p\u0142asko. To ekologiczne, a zarazem ekonomiczne rozwi\u0105zanie, kt\u00f3re pozwoli Ci zyska\u0107 wi\u0119ksz\u0105 ilo\u015b\u0107 pr\u0105du ze s\u0142o\u0144ca i mo\u017ce nawet uniezale\u017cni\u0107 si\u0119 od sieci energetycznej. Po\u017cegnaj wysokie rachunki!<\/p>\n<p><img decoding=\"async\" src=\"https:\/\/b2b.innpro.pl\/data\/include\/cms\/12EcoFlow\/solar-tracker\/2.jpg\"><\/p>\n<h3>Szeroka kompatybilno\u015b\u0107<\/h3>\n<p>Zapomnij o problemach z kompatybilno\u015bci\u0105. Na trackerze s\u0142onecznym EcoFlow mo\u017cesz bez problemu zamontowa\u0107 dowolny panel fotowoltaiczny &#8211; nie tylko marki EcoFlow, ale te\u017c innych producent\u00f3w. Wystarczy, \u017ce b\u0119dzie wyposa\u017cony w z\u0142\u0105cze MC4 i nie b\u0119dzie zbyt du\u017cy lub za ci\u0119\u017cki. Maksymalna dopuszczalna waga panelu to 25 kg, a wymiary to 2,4 x 1,1 m. Postaw na nowoczesne rozwi\u0105zania i korzystaj z zalet energii s\u0142onecznej!<\/p>\n<p><img decoding=\"async\" src=\"https:\/\/b2b.innpro.pl\/data\/include\/cms\/12EcoFlow\/solar-tracker\/5.jpg\"><\/p>\n<div class=\"table-wrapper\">\n<table>\n<tbody>\n<tr>\n<th>Producent<\/th>\n<td>EcoFlow<\/td>\n<\/tr>\n<tr>\n<th>Nazwa<\/th>\n<td>Solar Tracker<\/td>\n<\/tr>\n<tr>\n<th>Waga<\/th>\n<td>25 kg<\/td>\n<\/tr>\n<tr>\n<th>Wymiary<\/th>\n<td>2,5 x 1,5 x 1,5 m (min. 2,5 x 1,1 x 1,1 m)<\/td>\n<\/tr>\n<tr>\n<th>Maks. ud\u017awig<\/th>\n<td>25 kg<\/td>\n<\/tr>\n<tr>\n<th>Maks. wymiary panelu s\u0142onecznego<\/th>\n<td>2,4 x 1,1 m<\/td>\n<\/tr>\n<tr>\n<th>Zakres osi pitch<\/th>\n<td>0-85\u00b0<\/td>\n<\/tr>\n<tr>\n<th>Zakres osi yaw<\/th>\n<td>0-345\u00b0<\/td>\n<\/tr>\n<tr>\n<th>Aplikacja<\/th>\n<td>Obs\u0142ugiwana<\/td>\n<\/tr>\n<tr>\n<th>Obs\u0142ugiwane systemy<\/th>\n<td>iOS, Android<\/td>\n<\/tr>\n<tr>\n<th>Pojemno\u015b\u0107 akumulatora<\/th>\n<td>5000 mAh<\/td>\n<\/tr>\n<tr>\n<th>Typ ogniwa<\/th>\n<td>NCM<\/td>\n<\/tr>\n<tr>\n<th>Okres przechowywania<\/th>\n<td>Do 1 roku (po pe\u0142nym na\u0142adowaniu)<\/td>\n<\/tr>\n<tr>\n<th>\u017bywotno\u015b\u0107 akumulatora<\/th>\n<td>Do 500 cykli (do 80% pojemno\u015bci)<\/td>\n<\/tr>\n<tr>\n<th>Temperatura pracy<\/th>\n<td>-10\u00b0C &#8211; 40\u00b0C (temperatura optymalna: 25\u00b0C)<\/td>\n<\/tr>\n<tr>\n<th>Wodoodporno\u015b\u0107<\/th>\n<td>IP54<\/td>\n<\/tr>\n<tr>\n<th>Odporno\u015b\u0107 na wiatr<\/th>\n<td>Do 50 km\/h (silny wiatr)<\/td>\n<\/tr>\n<\/tbody>\n<\/table>\n<\/div>\n","protected":false},"excerpt":{"rendered":"<p>Tracker s\u0142oneczny EcoFlow Czerp jeszcze wi\u0119cej energii s\u0142onecznej. Dwuosiowy tracker EcoFlow automatycznie pod\u0105\u017ca za s\u0142o\u0144cem, aby panele fotowoltaiczne mog\u0142y by\u0107<\/p>\n","protected":false},"featured_media":48671,"comment_status":"closed","ping_status":"open","template":"","meta":{"_acf_changed":false},"product_brand":[],"product_cat":[6196,1108,1111],"product_tag":[],"class_list":{"0":"post-56186","1":"product","2":"type-product","3":"status-publish","4":"has-post-thumbnail","6":"product_cat-akcesoria-stacje-zasilania","7":"product_cat-energia","8":"product_cat-stacje-zasilania","9":"pa_okres-gwarancji-5757","10":"pa_producent-ecoflow","12":"first","13":"outofstock","14":"taxable","15":"shipping-taxable","16":"purchasable","17":"product-type-simple"},"acf":[],"yoast_head":"<!-- This site is optimized with the Yoast SEO plugin v27.2 - https:\/\/yoast.com\/product\/yoast-seo-wordpress\/ -->\n<title>Tracker solarny ECOFLOW 2-osiowy - IRONSKY.PL Sklep z Dronami<\/title>\n<meta name=\"description\" content=\"Tracker solarny ECOFLOW 2-osiowy - \u2705 sklep z dronami i fachowym doradztwem. \u2705 Tutaj kupisz produkty DJI, Yuneec, Parrot, Syma i wiele innych, a tak\u017ce kursy i licencje na operatora drona.\" \/>\n<meta name=\"robots\" content=\"index, follow, max-snippet:-1, max-image-preview:large, max-video-preview:-1\" \/>\n<link rel=\"canonical\" href=\"https:\/\/ironsky.pl\/sklep\/produkt\/tracker-solarny-ecoflow-2-osiowy\/\" \/>\n<meta property=\"og:locale\" content=\"pl_PL\" \/>\n<meta property=\"og:type\" content=\"article\" \/>\n<meta property=\"og:title\" content=\"Tracker solarny ECOFLOW 2-osiowy - IRONSKY.PL Sklep z Dronami\" \/>\n<meta property=\"og:description\" content=\"Tracker solarny ECOFLOW 2-osiowy - \u2705 sklep z dronami i fachowym doradztwem. \u2705 Tutaj kupisz produkty DJI, Yuneec, Parrot, Syma i wiele innych, a tak\u017ce kursy i licencje na operatora drona.\" \/>\n<meta property=\"og:url\" content=\"https:\/\/ironsky.pl\/sklep\/produkt\/tracker-solarny-ecoflow-2-osiowy\/\" \/>\n<meta property=\"og:site_name\" content=\"IRONSKY.PL Sklep z Dronami\" \/>\n<meta property=\"article:modified_time\" content=\"2026-04-15T08:12:22+00:00\" \/>\n<meta property=\"og:image\" content=\"https:\/\/ironsky.pl\/sklep\/wp-content\/uploads\/2025\/10\/24481_12.jpg\" \/>\n\t<meta property=\"og:image:width\" content=\"800\" \/>\n\t<meta property=\"og:image:height\" content=\"800\" \/>\n\t<meta property=\"og:image:type\" content=\"image\/jpeg\" \/>\n<meta name=\"twitter:card\" content=\"summary_large_image\" \/>\n<meta name=\"twitter:label1\" content=\"Szacowany czas czytania\" \/>\n\t<meta name=\"twitter:data1\" content=\"2 minuty\" \/>\n<script type=\"application\/ld+json\" class=\"yoast-schema-graph\">{\"@context\":\"https:\/\/schema.org\",\"@graph\":[{\"@type\":\"WebPage\",\"@id\":\"https:\/\/ironsky.pl\/sklep\/produkt\/tracker-solarny-ecoflow-2-osiowy\/\",\"url\":\"https:\/\/ironsky.pl\/sklep\/produkt\/tracker-solarny-ecoflow-2-osiowy\/\",\"name\":\"Tracker solarny ECOFLOW 2-osiowy - IRONSKY.PL Sklep z Dronami\",\"isPartOf\":{\"@id\":\"https:\/\/ironsky.pl\/sklep\/#website\"},\"primaryImageOfPage\":{\"@id\":\"https:\/\/ironsky.pl\/sklep\/produkt\/tracker-solarny-ecoflow-2-osiowy\/#primaryimage\"},\"image\":{\"@id\":\"https:\/\/ironsky.pl\/sklep\/produkt\/tracker-solarny-ecoflow-2-osiowy\/#primaryimage\"},\"thumbnailUrl\":\"https:\/\/ironsky.pl\/sklep\/wp-content\/uploads\/2025\/10\/24481_12.jpg\",\"datePublished\":\"2026-04-15T08:12:09+00:00\",\"dateModified\":\"2026-04-15T08:12:22+00:00\",\"description\":\"Tracker solarny ECOFLOW 2-osiowy - \u2705 sklep z dronami i fachowym doradztwem. \u2705 Tutaj kupisz produkty DJI, Yuneec, Parrot, Syma i wiele innych, a tak\u017ce kursy i licencje na operatora drona.\",\"breadcrumb\":{\"@id\":\"https:\/\/ironsky.pl\/sklep\/produkt\/tracker-solarny-ecoflow-2-osiowy\/#breadcrumb\"},\"inLanguage\":\"pl-PL\",\"potentialAction\":[{\"@type\":\"ReadAction\",\"target\":[\"https:\/\/ironsky.pl\/sklep\/produkt\/tracker-solarny-ecoflow-2-osiowy\/\"]}]},{\"@type\":\"ImageObject\",\"inLanguage\":\"pl-PL\",\"@id\":\"https:\/\/ironsky.pl\/sklep\/produkt\/tracker-solarny-ecoflow-2-osiowy\/#primaryimage\",\"url\":\"https:\/\/ironsky.pl\/sklep\/wp-content\/uploads\/2025\/10\/24481_12.jpg\",\"contentUrl\":\"https:\/\/ironsky.pl\/sklep\/wp-content\/uploads\/2025\/10\/24481_12.jpg\",\"width\":800,\"height\":800},{\"@type\":\"BreadcrumbList\",\"@id\":\"https:\/\/ironsky.pl\/sklep\/produkt\/tracker-solarny-ecoflow-2-osiowy\/#breadcrumb\",\"itemListElement\":[{\"@type\":\"ListItem\",\"position\":1,\"name\":\"Strona g\u0142\u00f3wna\",\"item\":\"https:\/\/ironsky.pl\/sklep\/\"},{\"@type\":\"ListItem\",\"position\":2,\"name\":\"Wszystkie produkty\",\"item\":\"https:\/\/ironsky.pl\/sklep\/produkty\/\"},{\"@type\":\"ListItem\",\"position\":3,\"name\":\"Tracker solarny ECOFLOW 2-osiowy\"}]},{\"@type\":\"WebSite\",\"@id\":\"https:\/\/ironsky.pl\/sklep\/#website\",\"url\":\"https:\/\/ironsky.pl\/sklep\/\",\"name\":\"IRONSKY.PL Sklep z Dronami\",\"description\":\"IRONSKY.PL Sklep z Dronami\",\"potentialAction\":[{\"@type\":\"SearchAction\",\"target\":{\"@type\":\"EntryPoint\",\"urlTemplate\":\"https:\/\/ironsky.pl\/sklep\/?s={search_term_string}\"},\"query-input\":{\"@type\":\"PropertyValueSpecification\",\"valueRequired\":true,\"valueName\":\"search_term_string\"}}],\"inLanguage\":\"pl-PL\"}]}<\/script>\n<!-- \/ Yoast SEO plugin. -->","yoast_head_json":{"title":"Tracker solarny ECOFLOW 2-osiowy - IRONSKY.PL Sklep z Dronami","description":"Tracker solarny ECOFLOW 2-osiowy - \u2705 sklep z dronami i fachowym doradztwem. \u2705 Tutaj kupisz produkty DJI, Yuneec, Parrot, Syma i wiele innych, a tak\u017ce kursy i licencje na operatora drona.","robots":{"index":"index","follow":"follow","max-snippet":"max-snippet:-1","max-image-preview":"max-image-preview:large","max-video-preview":"max-video-preview:-1"},"canonical":"https:\/\/ironsky.pl\/sklep\/produkt\/tracker-solarny-ecoflow-2-osiowy\/","og_locale":"pl_PL","og_type":"article","og_title":"Tracker solarny ECOFLOW 2-osiowy - IRONSKY.PL Sklep z Dronami","og_description":"Tracker solarny ECOFLOW 2-osiowy - \u2705 sklep z dronami i fachowym doradztwem. \u2705 Tutaj kupisz produkty DJI, Yuneec, Parrot, Syma i wiele innych, a tak\u017ce kursy i licencje na operatora drona.","og_url":"https:\/\/ironsky.pl\/sklep\/produkt\/tracker-solarny-ecoflow-2-osiowy\/","og_site_name":"IRONSKY.PL Sklep z Dronami","article_modified_time":"2026-04-15T08:12:22+00:00","og_image":[{"width":800,"height":800,"url":"https:\/\/ironsky.pl\/sklep\/wp-content\/uploads\/2025\/10\/24481_12.jpg","type":"image\/jpeg"}],"twitter_card":"summary_large_image","twitter_misc":{"Szacowany czas czytania":"2 minuty"},"schema":{"@context":"https:\/\/schema.org","@graph":[{"@type":"WebPage","@id":"https:\/\/ironsky.pl\/sklep\/produkt\/tracker-solarny-ecoflow-2-osiowy\/","url":"https:\/\/ironsky.pl\/sklep\/produkt\/tracker-solarny-ecoflow-2-osiowy\/","name":"Tracker solarny ECOFLOW 2-osiowy - IRONSKY.PL Sklep z Dronami","isPartOf":{"@id":"https:\/\/ironsky.pl\/sklep\/#website"},"primaryImageOfPage":{"@id":"https:\/\/ironsky.pl\/sklep\/produkt\/tracker-solarny-ecoflow-2-osiowy\/#primaryimage"},"image":{"@id":"https:\/\/ironsky.pl\/sklep\/produkt\/tracker-solarny-ecoflow-2-osiowy\/#primaryimage"},"thumbnailUrl":"https:\/\/ironsky.pl\/sklep\/wp-content\/uploads\/2025\/10\/24481_12.jpg","datePublished":"2026-04-15T08:12:09+00:00","dateModified":"2026-04-15T08:12:22+00:00","description":"Tracker solarny ECOFLOW 2-osiowy - \u2705 sklep z dronami i fachowym doradztwem. \u2705 Tutaj kupisz produkty DJI, Yuneec, Parrot, Syma i wiele innych, a tak\u017ce kursy i licencje na operatora drona.","breadcrumb":{"@id":"https:\/\/ironsky.pl\/sklep\/produkt\/tracker-solarny-ecoflow-2-osiowy\/#breadcrumb"},"inLanguage":"pl-PL","potentialAction":[{"@type":"ReadAction","target":["https:\/\/ironsky.pl\/sklep\/produkt\/tracker-solarny-ecoflow-2-osiowy\/"]}]},{"@type":"ImageObject","inLanguage":"pl-PL","@id":"https:\/\/ironsky.pl\/sklep\/produkt\/tracker-solarny-ecoflow-2-osiowy\/#primaryimage","url":"https:\/\/ironsky.pl\/sklep\/wp-content\/uploads\/2025\/10\/24481_12.jpg","contentUrl":"https:\/\/ironsky.pl\/sklep\/wp-content\/uploads\/2025\/10\/24481_12.jpg","width":800,"height":800},{"@type":"BreadcrumbList","@id":"https:\/\/ironsky.pl\/sklep\/produkt\/tracker-solarny-ecoflow-2-osiowy\/#breadcrumb","itemListElement":[{"@type":"ListItem","position":1,"name":"Strona g\u0142\u00f3wna","item":"https:\/\/ironsky.pl\/sklep\/"},{"@type":"ListItem","position":2,"name":"Wszystkie produkty","item":"https:\/\/ironsky.pl\/sklep\/produkty\/"},{"@type":"ListItem","position":3,"name":"Tracker solarny ECOFLOW 2-osiowy"}]},{"@type":"WebSite","@id":"https:\/\/ironsky.pl\/sklep\/#website","url":"https:\/\/ironsky.pl\/sklep\/","name":"IRONSKY.PL Sklep z Dronami","description":"IRONSKY.PL Sklep z Dronami","potentialAction":[{"@type":"SearchAction","target":{"@type":"EntryPoint","urlTemplate":"https:\/\/ironsky.pl\/sklep\/?s={search_term_string}"},"query-input":{"@type":"PropertyValueSpecification","valueRequired":true,"valueName":"search_term_string"}}],"inLanguage":"pl-PL"}]}},"_links":{"self":[{"href":"https:\/\/ironsky.pl\/sklep\/wp-json\/wp\/v2\/product\/56186","targetHints":{"allow":["GET"]}}],"collection":[{"href":"https:\/\/ironsky.pl\/sklep\/wp-json\/wp\/v2\/product"}],"about":[{"href":"https:\/\/ironsky.pl\/sklep\/wp-json\/wp\/v2\/types\/product"}],"replies":[{"embeddable":true,"href":"https:\/\/ironsky.pl\/sklep\/wp-json\/wp\/v2\/comments?post=56186"}],"wp:featuredmedia":[{"embeddable":true,"href":"https:\/\/ironsky.pl\/sklep\/wp-json\/wp\/v2\/media\/48671"}],"wp:attachment":[{"href":"https:\/\/ironsky.pl\/sklep\/wp-json\/wp\/v2\/media?parent=56186"}],"wp:term":[{"taxonomy":"product_brand","embeddable":true,"href":"https:\/\/ironsky.pl\/sklep\/wp-json\/wp\/v2\/product_brand?post=56186"},{"taxonomy":"product_cat","embeddable":true,"href":"https:\/\/ironsky.pl\/sklep\/wp-json\/wp\/v2\/product_cat?post=56186"},{"taxonomy":"product_tag","embeddable":true,"href":"https:\/\/ironsky.pl\/sklep\/wp-json\/wp\/v2\/product_tag?post=56186"}],"curies":[{"name":"wp","href":"https:\/\/api.w.org\/{rel}","templated":true}]}}