{"id":56183,"date":"2026-04-15T10:12:09","date_gmt":"2026-04-15T08:12:09","guid":{"rendered":"https:\/\/ironsky.pl\/sklep\/produkt\/adapter-baseus-lite-series-usb-c-rj45-100mbps-czarny\/"},"modified":"2026-04-15T10:12:20","modified_gmt":"2026-04-15T08:12:20","slug":"adapter-baseus-lite-series-usb-c-rj45-100mbps-czarny","status":"publish","type":"product","link":"https:\/\/ironsky.pl\/sklep\/produkt\/adapter-baseus-lite-series-usb-c-rj45-100mbps-czarny\/","title":{"rendered":"Adapter BASEUS Lite Series USB-C-RJ45 100Mbps (czarny)"},"content":{"rendered":"<h3>Adapter sieciowy Baseus Lite Series USB-C do RJ45 (czarny)<\/h3>\n<p>Zapewnij sobie stabilny dost\u0119p do sieci i zaopatrz si\u0119 w adapter sieciowy Baseus Lite Series USB-C do RJ45. Adapter przesy\u0142a dane z pr\u0119dko\u015bci\u0105 do 100 MB\/s, a dzi\u0119ki szerokiej kompatybilno\u015bci pod\u0142\u0105czysz go do urz\u0105dze\u0144 z najpopularniejszymi systemami operacyjnymi. Wydajny chip zapewnia stabilno\u015b\u0107, niskie op\u00f3\u017anienie i szybk\u0105 reakcj\u0105. Adapter jest niezwykle trwa\u0142y i por\u0119czny, dodatkowo posiada ochron\u0119 przed przegrzaniem. <\/p>\n<p><img decoding=\"async\" src=\"https:\/\/b2b.innpro.pl\/data\/include\/cms\/-Baseus\/WKQX000201\/9.jpg\"><\/p>\n<h3>Stabilne po\u0142\u0105czenie sieciowe<\/h3>\n<p>Pod\u0142\u0105cz adapter sieciowy Baseus Lite Series USB-C do RJ45 i zapewnij sobie stabilny dost\u0119p do sieci. Wysokiej klasy chip przek\u0142ada si\u0119 na niezawodne po\u0142\u0105czenie i niskie op\u00f3\u017anienie, dodatkowo funkcja plug&#038;play pozwala na b\u0142yskawiczne pod\u0142\u0105czenie i oszcz\u0119dzanie czasu. Adapter posiada tak\u017ce wska\u017anik \u015bwietlny, kt\u00f3ry informuje o pracy urz\u0105dzenia.<\/p>\n<p><img decoding=\"async\" src=\"https:\/\/b2b.innpro.pl\/data\/include\/cms\/-Baseus\/WKQX000201\/2.jpg\"><\/p>\n<h3>Szybka transmisja danych<\/h3>\n<p>Adapter charakteryzuje si\u0119 pr\u0119dko\u015bci\u0105 100 MB\/s, co sprawia, \u017ce u\u017cytkownik mo\u017ce cieszy\u0107 si\u0119 szybk\u0105 transmisj\u0105 danych i wysokim komfortem korzystania z Internetu. Mo\u017cesz wi\u0119c gra\u0107 w ulubion\u0105 gr\u0119, pobiera\u0107 du\u017ce pliki i ogl\u0105da\u0107 filmy \u2014 wszystko szybko, p\u0142ynnie i bez op\u00f3\u017anie\u0144. <\/p>\n<p><img decoding=\"async\" src=\"https:\/\/b2b.innpro.pl\/data\/include\/cms\/-Baseus\/WKQX000201\/4.jpg\"><\/p>\n<h3>Dopasowany do Twojego sprz\u0119tu<\/h3>\n<p>Z\u0142\u0105cze USB-C zapewnia szerok\u0105 kompatybilno\u015b\u0107 produktu, dzi\u0119ki czemu mo\u017cesz pod\u0142\u0105czy\u0107 adapter do laptopa czy tabletu. Co wi\u0119cej, nie musisz martwi\u0107 si\u0119 o zgodno\u015b\u0107 z systemem operacyjnym, na kt\u00f3rym aktualnie pracujesz. Adapter wsp\u00f3\u0142pracuje z systemami Windows, Mac OS, Linux czy Vista. <\/p>\n<p><img decoding=\"async\" src=\"https:\/\/b2b.innpro.pl\/data\/include\/cms\/-Baseus\/WKQX000201\/1.jpg\"><\/p>\n<h3>Por\u0119czny i wygodny w obs\u0142udze<\/h3>\n<p>Adapter jest lekki i por\u0119czny, wi\u0119c mo\u017cesz schowa\u0107 go do torebki czy plecaka i bez trudu przenie\u015b\u0107 w dowolne miejsce. Zosta\u0142 wykonany ze stopu aluminium, doskonale rozprasza ciep\u0142o i nie nagrzewa si\u0119, a dzi\u0119ki wska\u017anikowi \u015bwietlnemu mo\u017cesz sprawdzi\u0107, czy wszystko dzia\u0142a tak, jak powinno. <\/p>\n<p><img decoding=\"async\" src=\"https:\/\/b2b.innpro.pl\/data\/include\/cms\/-Baseus\/WKQX000201\/6.jpg\"><\/p>\n<div class=\"table-wrapper\">\n<table>\n<tbody>\n<tr>\n<th>Producent<\/th>\n<td>Baseus<\/td>\n<\/tr>\n<tr>\n<th>Model<\/th>\n<td>WKQX000201<\/td>\n<\/tr>\n<tr>\n<th>Wej\u015bcie<\/th>\n<td>USB-C<\/td>\n<\/tr>\n<tr>\n<th>Wyj\u015bcie<\/th>\n<td>RJ45<\/td>\n<\/tr>\n<tr>\n<th>Materia\u0142<\/th>\n<td>ABS + PC<\/td>\n<\/tr>\n<tr>\n<th>Waga<\/th>\n<td>23 g<\/td>\n<\/tr>\n<tr>\n<th>Napi\u0119cie robocze<\/th>\n<td>5 V<\/td>\n<\/tr>\n<tr>\n<th>Pr\u0105d roboczy<\/th>\n<td>&lt; 150 mA<\/td>\n<\/tr>\n<tr>\n<th>Temperatura pracy<\/th>\n<td>0 ~ 55 \u00b0C<\/td>\n<\/tr>\n<tr>\n<th>Pr\u0119dko\u015b\u0107 transmisji<\/th>\n<td>100 MB\/s<\/td>\n<\/tr>\n<tr>\n<th>Kolor<\/th>\n<td>Czarny<\/td>\n<\/tr>\n<\/tbody>\n<\/table>\n<\/div>\n","protected":false},"excerpt":{"rendered":"<p>Adapter sieciowy Baseus Lite Series USB-C do RJ45 (czarny) Zapewnij sobie stabilny dost\u0119p do sieci i zaopatrz si\u0119 w adapter<\/p>\n","protected":false},"featured_media":41879,"comment_status":"closed","ping_status":"open","template":"","meta":{"_acf_changed":false},"product_brand":[],"product_cat":[5930,5929],"product_tag":[],"class_list":{"0":"post-56183","1":"product","2":"type-product","3":"status-publish","4":"has-post-thumbnail","6":"product_cat-adaptery-przejsciowki-konwertery","7":"product_cat-akcesoria-it","8":"pa_okres-gwarancji-5754","9":"pa_producent-baseus","11":"first","12":"outofstock","13":"taxable","14":"shipping-taxable","15":"purchasable","16":"product-type-simple"},"acf":[],"yoast_head":"<!-- This site is optimized with the Yoast SEO plugin v27.2 - https:\/\/yoast.com\/product\/yoast-seo-wordpress\/ -->\n<title>Adapter BASEUS Lite Series USB-C-RJ45 100Mbps (czarny) - IRONSKY.PL Sklep z Dronami<\/title>\n<meta name=\"description\" content=\"Adapter BASEUS Lite Series USB-C-RJ45 100Mbps (czarny) - \u2705 sklep z dronami i fachowym doradztwem. \u2705 Tutaj kupisz produkty DJI, Yuneec, Parrot, Syma i wiele innych, a tak\u017ce kursy i licencje na operatora drona.\" \/>\n<meta name=\"robots\" content=\"index, follow, max-snippet:-1, max-image-preview:large, max-video-preview:-1\" \/>\n<link rel=\"canonical\" href=\"https:\/\/ironsky.pl\/sklep\/produkt\/adapter-baseus-lite-series-usb-c-rj45-100mbps-czarny\/\" \/>\n<meta property=\"og:locale\" content=\"pl_PL\" \/>\n<meta property=\"og:type\" content=\"article\" \/>\n<meta property=\"og:title\" content=\"Adapter BASEUS Lite Series USB-C-RJ45 100Mbps (czarny) - IRONSKY.PL Sklep z Dronami\" \/>\n<meta property=\"og:description\" content=\"Adapter BASEUS Lite Series USB-C-RJ45 100Mbps (czarny) - \u2705 sklep z dronami i fachowym doradztwem. \u2705 Tutaj kupisz produkty DJI, Yuneec, Parrot, Syma i wiele innych, a tak\u017ce kursy i licencje na operatora drona.\" \/>\n<meta property=\"og:url\" content=\"https:\/\/ironsky.pl\/sklep\/produkt\/adapter-baseus-lite-series-usb-c-rj45-100mbps-czarny\/\" \/>\n<meta property=\"og:site_name\" content=\"IRONSKY.PL Sklep z Dronami\" \/>\n<meta property=\"article:modified_time\" content=\"2026-04-15T08:12:20+00:00\" \/>\n<meta property=\"og:image\" content=\"https:\/\/ironsky.pl\/sklep\/wp-content\/uploads\/2025\/06\/24340_9.jpg\" \/>\n\t<meta property=\"og:image:width\" content=\"800\" \/>\n\t<meta property=\"og:image:height\" content=\"800\" \/>\n\t<meta property=\"og:image:type\" content=\"image\/jpeg\" \/>\n<meta name=\"twitter:card\" content=\"summary_large_image\" \/>\n<meta name=\"twitter:label1\" content=\"Szacowany czas czytania\" \/>\n\t<meta name=\"twitter:data1\" content=\"2 minuty\" \/>\n<script type=\"application\/ld+json\" class=\"yoast-schema-graph\">{\"@context\":\"https:\/\/schema.org\",\"@graph\":[{\"@type\":\"WebPage\",\"@id\":\"https:\/\/ironsky.pl\/sklep\/produkt\/adapter-baseus-lite-series-usb-c-rj45-100mbps-czarny\/\",\"url\":\"https:\/\/ironsky.pl\/sklep\/produkt\/adapter-baseus-lite-series-usb-c-rj45-100mbps-czarny\/\",\"name\":\"Adapter BASEUS Lite Series USB-C-RJ45 100Mbps (czarny) - IRONSKY.PL Sklep z Dronami\",\"isPartOf\":{\"@id\":\"https:\/\/ironsky.pl\/sklep\/#website\"},\"primaryImageOfPage\":{\"@id\":\"https:\/\/ironsky.pl\/sklep\/produkt\/adapter-baseus-lite-series-usb-c-rj45-100mbps-czarny\/#primaryimage\"},\"image\":{\"@id\":\"https:\/\/ironsky.pl\/sklep\/produkt\/adapter-baseus-lite-series-usb-c-rj45-100mbps-czarny\/#primaryimage\"},\"thumbnailUrl\":\"https:\/\/ironsky.pl\/sklep\/wp-content\/uploads\/2025\/06\/24340_9.jpg\",\"datePublished\":\"2026-04-15T08:12:09+00:00\",\"dateModified\":\"2026-04-15T08:12:20+00:00\",\"description\":\"Adapter BASEUS Lite Series USB-C-RJ45 100Mbps (czarny) - \u2705 sklep z dronami i fachowym doradztwem. \u2705 Tutaj kupisz produkty DJI, Yuneec, Parrot, Syma i wiele innych, a tak\u017ce kursy i licencje na operatora drona.\",\"breadcrumb\":{\"@id\":\"https:\/\/ironsky.pl\/sklep\/produkt\/adapter-baseus-lite-series-usb-c-rj45-100mbps-czarny\/#breadcrumb\"},\"inLanguage\":\"pl-PL\",\"potentialAction\":[{\"@type\":\"ReadAction\",\"target\":[\"https:\/\/ironsky.pl\/sklep\/produkt\/adapter-baseus-lite-series-usb-c-rj45-100mbps-czarny\/\"]}]},{\"@type\":\"ImageObject\",\"inLanguage\":\"pl-PL\",\"@id\":\"https:\/\/ironsky.pl\/sklep\/produkt\/adapter-baseus-lite-series-usb-c-rj45-100mbps-czarny\/#primaryimage\",\"url\":\"https:\/\/ironsky.pl\/sklep\/wp-content\/uploads\/2025\/06\/24340_9.jpg\",\"contentUrl\":\"https:\/\/ironsky.pl\/sklep\/wp-content\/uploads\/2025\/06\/24340_9.jpg\",\"width\":800,\"height\":800},{\"@type\":\"BreadcrumbList\",\"@id\":\"https:\/\/ironsky.pl\/sklep\/produkt\/adapter-baseus-lite-series-usb-c-rj45-100mbps-czarny\/#breadcrumb\",\"itemListElement\":[{\"@type\":\"ListItem\",\"position\":1,\"name\":\"Strona g\u0142\u00f3wna\",\"item\":\"https:\/\/ironsky.pl\/sklep\/\"},{\"@type\":\"ListItem\",\"position\":2,\"name\":\"Wszystkie produkty\",\"item\":\"https:\/\/ironsky.pl\/sklep\/produkty\/\"},{\"@type\":\"ListItem\",\"position\":3,\"name\":\"Adapter BASEUS Lite Series USB-C-RJ45 100Mbps (czarny)\"}]},{\"@type\":\"WebSite\",\"@id\":\"https:\/\/ironsky.pl\/sklep\/#website\",\"url\":\"https:\/\/ironsky.pl\/sklep\/\",\"name\":\"IRONSKY.PL Sklep z Dronami\",\"description\":\"IRONSKY.PL Sklep z Dronami\",\"potentialAction\":[{\"@type\":\"SearchAction\",\"target\":{\"@type\":\"EntryPoint\",\"urlTemplate\":\"https:\/\/ironsky.pl\/sklep\/?s={search_term_string}\"},\"query-input\":{\"@type\":\"PropertyValueSpecification\",\"valueRequired\":true,\"valueName\":\"search_term_string\"}}],\"inLanguage\":\"pl-PL\"}]}<\/script>\n<!-- \/ Yoast SEO plugin. -->","yoast_head_json":{"title":"Adapter BASEUS Lite Series USB-C-RJ45 100Mbps (czarny) - IRONSKY.PL Sklep z Dronami","description":"Adapter BASEUS Lite Series USB-C-RJ45 100Mbps (czarny) - \u2705 sklep z dronami i fachowym doradztwem. \u2705 Tutaj kupisz produkty DJI, Yuneec, Parrot, Syma i wiele innych, a tak\u017ce kursy i licencje na operatora drona.","robots":{"index":"index","follow":"follow","max-snippet":"max-snippet:-1","max-image-preview":"max-image-preview:large","max-video-preview":"max-video-preview:-1"},"canonical":"https:\/\/ironsky.pl\/sklep\/produkt\/adapter-baseus-lite-series-usb-c-rj45-100mbps-czarny\/","og_locale":"pl_PL","og_type":"article","og_title":"Adapter BASEUS Lite Series USB-C-RJ45 100Mbps (czarny) - IRONSKY.PL Sklep z Dronami","og_description":"Adapter BASEUS Lite Series USB-C-RJ45 100Mbps (czarny) - \u2705 sklep z dronami i fachowym doradztwem. \u2705 Tutaj kupisz produkty DJI, Yuneec, Parrot, Syma i wiele innych, a tak\u017ce kursy i licencje na operatora drona.","og_url":"https:\/\/ironsky.pl\/sklep\/produkt\/adapter-baseus-lite-series-usb-c-rj45-100mbps-czarny\/","og_site_name":"IRONSKY.PL Sklep z Dronami","article_modified_time":"2026-04-15T08:12:20+00:00","og_image":[{"width":800,"height":800,"url":"https:\/\/ironsky.pl\/sklep\/wp-content\/uploads\/2025\/06\/24340_9.jpg","type":"image\/jpeg"}],"twitter_card":"summary_large_image","twitter_misc":{"Szacowany czas czytania":"2 minuty"},"schema":{"@context":"https:\/\/schema.org","@graph":[{"@type":"WebPage","@id":"https:\/\/ironsky.pl\/sklep\/produkt\/adapter-baseus-lite-series-usb-c-rj45-100mbps-czarny\/","url":"https:\/\/ironsky.pl\/sklep\/produkt\/adapter-baseus-lite-series-usb-c-rj45-100mbps-czarny\/","name":"Adapter BASEUS Lite Series USB-C-RJ45 100Mbps (czarny) - IRONSKY.PL Sklep z Dronami","isPartOf":{"@id":"https:\/\/ironsky.pl\/sklep\/#website"},"primaryImageOfPage":{"@id":"https:\/\/ironsky.pl\/sklep\/produkt\/adapter-baseus-lite-series-usb-c-rj45-100mbps-czarny\/#primaryimage"},"image":{"@id":"https:\/\/ironsky.pl\/sklep\/produkt\/adapter-baseus-lite-series-usb-c-rj45-100mbps-czarny\/#primaryimage"},"thumbnailUrl":"https:\/\/ironsky.pl\/sklep\/wp-content\/uploads\/2025\/06\/24340_9.jpg","datePublished":"2026-04-15T08:12:09+00:00","dateModified":"2026-04-15T08:12:20+00:00","description":"Adapter BASEUS Lite Series USB-C-RJ45 100Mbps (czarny) - \u2705 sklep z dronami i fachowym doradztwem. \u2705 Tutaj kupisz produkty DJI, Yuneec, Parrot, Syma i wiele innych, a tak\u017ce kursy i licencje na operatora drona.","breadcrumb":{"@id":"https:\/\/ironsky.pl\/sklep\/produkt\/adapter-baseus-lite-series-usb-c-rj45-100mbps-czarny\/#breadcrumb"},"inLanguage":"pl-PL","potentialAction":[{"@type":"ReadAction","target":["https:\/\/ironsky.pl\/sklep\/produkt\/adapter-baseus-lite-series-usb-c-rj45-100mbps-czarny\/"]}]},{"@type":"ImageObject","inLanguage":"pl-PL","@id":"https:\/\/ironsky.pl\/sklep\/produkt\/adapter-baseus-lite-series-usb-c-rj45-100mbps-czarny\/#primaryimage","url":"https:\/\/ironsky.pl\/sklep\/wp-content\/uploads\/2025\/06\/24340_9.jpg","contentUrl":"https:\/\/ironsky.pl\/sklep\/wp-content\/uploads\/2025\/06\/24340_9.jpg","width":800,"height":800},{"@type":"BreadcrumbList","@id":"https:\/\/ironsky.pl\/sklep\/produkt\/adapter-baseus-lite-series-usb-c-rj45-100mbps-czarny\/#breadcrumb","itemListElement":[{"@type":"ListItem","position":1,"name":"Strona g\u0142\u00f3wna","item":"https:\/\/ironsky.pl\/sklep\/"},{"@type":"ListItem","position":2,"name":"Wszystkie produkty","item":"https:\/\/ironsky.pl\/sklep\/produkty\/"},{"@type":"ListItem","position":3,"name":"Adapter BASEUS Lite Series USB-C-RJ45 100Mbps (czarny)"}]},{"@type":"WebSite","@id":"https:\/\/ironsky.pl\/sklep\/#website","url":"https:\/\/ironsky.pl\/sklep\/","name":"IRONSKY.PL Sklep z Dronami","description":"IRONSKY.PL Sklep z Dronami","potentialAction":[{"@type":"SearchAction","target":{"@type":"EntryPoint","urlTemplate":"https:\/\/ironsky.pl\/sklep\/?s={search_term_string}"},"query-input":{"@type":"PropertyValueSpecification","valueRequired":true,"valueName":"search_term_string"}}],"inLanguage":"pl-PL"}]}},"_links":{"self":[{"href":"https:\/\/ironsky.pl\/sklep\/wp-json\/wp\/v2\/product\/56183","targetHints":{"allow":["GET"]}}],"collection":[{"href":"https:\/\/ironsky.pl\/sklep\/wp-json\/wp\/v2\/product"}],"about":[{"href":"https:\/\/ironsky.pl\/sklep\/wp-json\/wp\/v2\/types\/product"}],"replies":[{"embeddable":true,"href":"https:\/\/ironsky.pl\/sklep\/wp-json\/wp\/v2\/comments?post=56183"}],"wp:featuredmedia":[{"embeddable":true,"href":"https:\/\/ironsky.pl\/sklep\/wp-json\/wp\/v2\/media\/41879"}],"wp:attachment":[{"href":"https:\/\/ironsky.pl\/sklep\/wp-json\/wp\/v2\/media?parent=56183"}],"wp:term":[{"taxonomy":"product_brand","embeddable":true,"href":"https:\/\/ironsky.pl\/sklep\/wp-json\/wp\/v2\/product_brand?post=56183"},{"taxonomy":"product_cat","embeddable":true,"href":"https:\/\/ironsky.pl\/sklep\/wp-json\/wp\/v2\/product_cat?post=56183"},{"taxonomy":"product_tag","embeddable":true,"href":"https:\/\/ironsky.pl\/sklep\/wp-json\/wp\/v2\/product_tag?post=56183"}],"curies":[{"name":"wp","href":"https:\/\/api.w.org\/{rel}","templated":true}]}}