{"id":56179,"date":"2026-04-15T10:12:09","date_gmt":"2026-04-15T08:12:09","guid":{"rendered":"https:\/\/ironsky.pl\/sklep\/produkt\/dji-care-enterprise-basic-matrice-30t-kod-elektroniczny-2\/"},"modified":"2026-04-15T10:48:18","modified_gmt":"2026-04-15T08:48:18","slug":"dji-care-enterprise-basic-matrice-30t-kod-elektroniczny-2","status":"publish","type":"product","link":"https:\/\/ironsky.pl\/sklep\/produkt\/dji-care-enterprise-basic-matrice-30t-kod-elektroniczny-2\/","title":{"rendered":"DJI Care Enterprise Basic Matrice 30T &#8211; kod elektroniczny"},"content":{"rendered":"<p><img decoding=\"async\" src=\"\/data\/include\/cms\/enterprise\/dji-ent-basic-origin.jpg\" border=\"0\" width=\"100%\" height=\"NaN\" \/><\/p>\n<h3>Dodatkowa roczna ochrona<\/h3>\n<p>DJI Care Enterprise Basic to przed\u0142u\u017cenie standardowej ochrony DJI Care Enterprise Basic o dodatkowy rok. Aby skorzysta\u0107 z przed\u0142u\u017cenia, nale\u017cy posiada\u0107 aktywn\u0105 podstawow\u0105 wersj\u0119 us\u0142ugi DJI Care Enterprise Basic. Us\u0142ug\u0119 mo\u017cna aktywowa\u0107 jedn\u0105 po drugiej uzyskuj\u0105c \u0142\u0105cznie 3 lata ochrony DJI Care Enterprise, wyd\u0142u\u017caj\u0105c tym samym czas trwania gwarancji producenta do 36 miesi\u0119cy.<\/p>\n<p><img decoding=\"async\" src=\"https:\/\/b2b.innpro.pl\/data\/include\/cms\/12DJI\/CP.QT.00003206.01\/1.jpg\" border=\"0\" alt=\"12DJI\/CP.QT.00003206.01\/1\" width=\"100%\" \/><\/p>\n<h3>Kompleksowa ochrona<\/h3>\n<p>DJI Care Enterprise to kompleksowa 12 miesi\u0119czna us\u0142uga oferowana przez DJI na produkty Enterprise, dzi\u0119ki kt\u00f3remu nie musisz si\u0119 martwi\u0107 o bezpiecze\u0144stwo swojego drona podczas lotu. W przypadku kolizji, zalania zgubienia sygna\u0142u lub upadku czeka na ciebie nowe urz\u0105dzenie lub w stanie nie nosz\u0105cym \u015blad\u00f3w u\u017cytkowania.<\/p>\n<p><img decoding=\"async\" src=\"https:\/\/b2b.innpro.pl\/data\/include\/cms\/12DJI\/CP.QT.00003206.01\/2.jpg\" border=\"0\" alt=\"12DJI\/CP.QT.00003206.01\/2\" width=\"100%\" \/><\/p>\n<h3>Czuj si\u0119 jak VIP<\/h3>\n<p>U\u017cytkownicy z ochron\u0105 DJI Care Enterprise s\u0105 traktowani priorytetowo, dzi\u0119ki czemu czas oczekiwania na wymian\u0119 drona zostaje zredukowany do minimum. Co wi\u0119cej, u\u017cytkownicy posiadaj\u0105 przywileje VIP tak\u017ce podczas kontaktu z pomoc\u0105 techniczn\u0105 DJI, wi\u0119c wystarczy jeden telefon, aby szybko uzyska\u0107 odpowied\u017a na dowolne pytanie.<\/p>\n<p><img decoding=\"async\" src=\"https:\/\/b2b.innpro.pl\/data\/include\/cms\/12DJI\/CP.QT.00003206.01\/3.png\" border=\"0\" alt=\"12DJI\/CP.QT.00003206.01\/3\" width=\"100%\" \/><\/p>\n<h3>Jak to dzia\u0142a<\/h3>\n<p>Po zakupie pakietu DJI Care Enterprise, u\u017cytkownik przechodzi na stron\u0119 DJI i aktywuje us\u0142ug\u0119, podaj\u0105c numer seryjny urz\u0105dzenia, do kt\u00f3rego ochrona ma zosta\u0107 przypisana.\u00a0<\/p>\n<p><img decoding=\"async\" src=\"https:\/\/b2b.innpro.pl\/data\/include\/cms\/12DJI\/CP.QT.00003206.01\/4.jpg\" border=\"0\" alt=\"12DJI\/CP.QT.00003206.01\/4\" width=\"100%\" \/><\/p>\n<h3>Gdy zdarzy si\u0119 wypadek<\/h3>\n<p>1. U\u017cytkownik zg\u0142asza usterk\u0119 i wysy\u0142a model do niemieckiego serwisu DJI z adnotacj\u0105, \u017ce posiada DJI Care Enterprise.<br \/>2. U\u017cytkownik dostaje wycen\u0119 naprawy i na tej podstawie decyduje czy chce dokona\u0107 naprawy\/wymiany odp\u0142atnie b\u0105d\u017a przez DJI Care Enterprise.<br \/>3. Po wybraniu opcji DJI Care Enterprise, u\u017cytkownik uiszcza op\u0142at\u0119 i dostaje nowy produkt b\u0105d\u017a nowe cz\u0119\u015bci zamienne.<br \/>4. Wymieniony produkt zostaje priorytetowo dostarczony do u\u017cytkownika z darmow\u0105 wysy\u0142k\u0105.<\/p>\n<p>\u00a0<img decoding=\"async\" src=\"https:\/\/b2b.innpro.pl\/data\/include\/cms\/12DJI\/CP.QT.00003206.01\/5.jpg\" border=\"0\" alt=\"12DJI\/CP.QT.00003206.01\/5\" width=\"100%\" \/><\/p>\n<h3>Zastrze\u017cenia<\/h3>\n<p>DJI Care Enterprise nie obejmuje:<br \/>1) Zgubionego b\u0105d\u017a cz\u0119\u015bciowo zgubionej kamery, gimbala lub akcesori\u00f3w.<br \/>2) Kradzie\u017cy lub porzucenia produktu.<br \/>3) Uszkodze\u0144 spowodowanych lotem w niew\u0142a\u015bciwych warunkachatmosferycznych.<br \/>4) Nadajnika, akcesori\u00f3w dodatkowych.<br \/>5) Rozmy\u015blnej utraty drona.<br \/>6) Uszkodze\u0144 obudowy, kt\u00f3re nie wp\u0142ywaj\u0105 na dzia\u0142anie produktu.<br \/>7) Bezpo\u015brednich lub niebezpo\u015brednich uszkodze\u0144 spowodowanych dzia\u0142aniem si\u0142 wy\u017cszych.<br \/>8) Usterek powsta\u0142ych poza okresem wa\u017cno\u015bci DJI Care Enterprise.<br \/>9) Dodatkowych op\u0142at zwi\u0105zanych z ulepszaniem modelu, poprawianiem jego osi\u0105g\u00f3w.<br \/>10) Usterek wynikaj\u0105cych z przeprowadzania modyfikacji, kt\u00f3re nie s\u0105 zgodne z zaleceniami znajduj\u0105cymi si\u0119 w podr\u0119czniku u\u017cytkownika b\u0105d\u017a z u\u017cywania niekompatybilnych akumulator\u00f3w i \u0142adowarki.<br \/>11) Usterek wynikaj\u0105cych z korzystania z nieautoryzowanych akcesori\u00f3w, akumulator\u00f3w b\u0105d\u017a oprogramowania.<\/p>\n","protected":false},"excerpt":{"rendered":"<p>Dodatkowa roczna ochrona DJI Care Enterprise Basic to przed\u0142u\u017cenie standardowej ochrony DJI Care Enterprise Basic o dodatkowy rok. Aby skorzysta\u0107<\/p>\n","protected":false},"featured_media":56180,"comment_status":"closed","ping_status":"open","template":"","meta":{"_acf_changed":false},"product_brand":[],"product_cat":[6175,1088,1105],"product_tag":[],"class_list":{"0":"post-56179","1":"product","2":"type-product","3":"status-publish","4":"has-post-thumbnail","6":"product_cat-dji-care-enterprise","7":"product_cat-drony","8":"product_cat-przemyslowe","9":"pa_producent-dji-enterprise","11":"first","12":"instock","13":"taxable","14":"shipping-taxable","15":"purchasable","16":"product-type-simple"},"acf":[],"yoast_head":"<!-- This site is optimized with the Yoast SEO plugin v27.2 - https:\/\/yoast.com\/product\/yoast-seo-wordpress\/ -->\n<title>DJI Care Enterprise Basic Matrice 30T - kod elektroniczny - IRONSKY.PL Sklep z Dronami<\/title>\n<meta name=\"description\" content=\"DJI Care Enterprise Basic Matrice 30T - kod elektroniczny - \u2705 sklep z dronami i fachowym doradztwem. \u2705 Tutaj kupisz produkty DJI, Yuneec, Parrot, Syma i wiele innych, a tak\u017ce kursy i licencje na operatora drona.\" \/>\n<meta name=\"robots\" content=\"index, follow, max-snippet:-1, max-image-preview:large, max-video-preview:-1\" \/>\n<link rel=\"canonical\" href=\"https:\/\/ironsky.pl\/sklep\/produkt\/dji-care-enterprise-basic-matrice-30t-kod-elektroniczny-2\/\" \/>\n<meta property=\"og:locale\" content=\"pl_PL\" \/>\n<meta property=\"og:type\" content=\"article\" \/>\n<meta property=\"og:title\" content=\"DJI Care Enterprise Basic Matrice 30T - kod elektroniczny - IRONSKY.PL Sklep z Dronami\" \/>\n<meta property=\"og:description\" content=\"DJI Care Enterprise Basic Matrice 30T - kod elektroniczny - \u2705 sklep z dronami i fachowym doradztwem. \u2705 Tutaj kupisz produkty DJI, Yuneec, Parrot, Syma i wiele innych, a tak\u017ce kursy i licencje na operatora drona.\" \/>\n<meta property=\"og:url\" content=\"https:\/\/ironsky.pl\/sklep\/produkt\/dji-care-enterprise-basic-matrice-30t-kod-elektroniczny-2\/\" \/>\n<meta property=\"og:site_name\" content=\"IRONSKY.PL Sklep z Dronami\" \/>\n<meta property=\"article:modified_time\" content=\"2026-04-15T08:48:18+00:00\" \/>\n<meta property=\"og:image\" content=\"https:\/\/ironsky.pl\/sklep\/wp-content\/uploads\/2026\/04\/24187_2.jpg\" \/>\n\t<meta property=\"og:image:width\" content=\"800\" \/>\n\t<meta property=\"og:image:height\" content=\"800\" \/>\n\t<meta property=\"og:image:type\" content=\"image\/jpeg\" \/>\n<meta name=\"twitter:card\" content=\"summary_large_image\" \/>\n<meta name=\"twitter:label1\" content=\"Szacowany czas czytania\" \/>\n\t<meta name=\"twitter:data1\" content=\"2 minuty\" \/>\n<script type=\"application\/ld+json\" class=\"yoast-schema-graph\">{\"@context\":\"https:\/\/schema.org\",\"@graph\":[{\"@type\":\"WebPage\",\"@id\":\"https:\/\/ironsky.pl\/sklep\/produkt\/dji-care-enterprise-basic-matrice-30t-kod-elektroniczny-2\/\",\"url\":\"https:\/\/ironsky.pl\/sklep\/produkt\/dji-care-enterprise-basic-matrice-30t-kod-elektroniczny-2\/\",\"name\":\"DJI Care Enterprise Basic Matrice 30T - kod elektroniczny - IRONSKY.PL Sklep z Dronami\",\"isPartOf\":{\"@id\":\"https:\/\/ironsky.pl\/sklep\/#website\"},\"primaryImageOfPage\":{\"@id\":\"https:\/\/ironsky.pl\/sklep\/produkt\/dji-care-enterprise-basic-matrice-30t-kod-elektroniczny-2\/#primaryimage\"},\"image\":{\"@id\":\"https:\/\/ironsky.pl\/sklep\/produkt\/dji-care-enterprise-basic-matrice-30t-kod-elektroniczny-2\/#primaryimage\"},\"thumbnailUrl\":\"https:\/\/ironsky.pl\/sklep\/wp-content\/uploads\/2026\/04\/24187_2.jpg\",\"datePublished\":\"2026-04-15T08:12:09+00:00\",\"dateModified\":\"2026-04-15T08:48:18+00:00\",\"description\":\"DJI Care Enterprise Basic Matrice 30T - kod elektroniczny - \u2705 sklep z dronami i fachowym doradztwem. \u2705 Tutaj kupisz produkty DJI, Yuneec, Parrot, Syma i wiele innych, a tak\u017ce kursy i licencje na operatora drona.\",\"breadcrumb\":{\"@id\":\"https:\/\/ironsky.pl\/sklep\/produkt\/dji-care-enterprise-basic-matrice-30t-kod-elektroniczny-2\/#breadcrumb\"},\"inLanguage\":\"pl-PL\",\"potentialAction\":[{\"@type\":\"ReadAction\",\"target\":[\"https:\/\/ironsky.pl\/sklep\/produkt\/dji-care-enterprise-basic-matrice-30t-kod-elektroniczny-2\/\"]}]},{\"@type\":\"ImageObject\",\"inLanguage\":\"pl-PL\",\"@id\":\"https:\/\/ironsky.pl\/sklep\/produkt\/dji-care-enterprise-basic-matrice-30t-kod-elektroniczny-2\/#primaryimage\",\"url\":\"https:\/\/ironsky.pl\/sklep\/wp-content\/uploads\/2026\/04\/24187_2.jpg\",\"contentUrl\":\"https:\/\/ironsky.pl\/sklep\/wp-content\/uploads\/2026\/04\/24187_2.jpg\",\"width\":800,\"height\":800},{\"@type\":\"BreadcrumbList\",\"@id\":\"https:\/\/ironsky.pl\/sklep\/produkt\/dji-care-enterprise-basic-matrice-30t-kod-elektroniczny-2\/#breadcrumb\",\"itemListElement\":[{\"@type\":\"ListItem\",\"position\":1,\"name\":\"Strona g\u0142\u00f3wna\",\"item\":\"https:\/\/ironsky.pl\/sklep\/\"},{\"@type\":\"ListItem\",\"position\":2,\"name\":\"Wszystkie produkty\",\"item\":\"https:\/\/ironsky.pl\/sklep\/produkty\/\"},{\"@type\":\"ListItem\",\"position\":3,\"name\":\"DJI Care Enterprise Basic Matrice 30T &#8211; kod elektroniczny\"}]},{\"@type\":\"WebSite\",\"@id\":\"https:\/\/ironsky.pl\/sklep\/#website\",\"url\":\"https:\/\/ironsky.pl\/sklep\/\",\"name\":\"IRONSKY.PL Sklep z Dronami\",\"description\":\"IRONSKY.PL Sklep z Dronami\",\"potentialAction\":[{\"@type\":\"SearchAction\",\"target\":{\"@type\":\"EntryPoint\",\"urlTemplate\":\"https:\/\/ironsky.pl\/sklep\/?s={search_term_string}\"},\"query-input\":{\"@type\":\"PropertyValueSpecification\",\"valueRequired\":true,\"valueName\":\"search_term_string\"}}],\"inLanguage\":\"pl-PL\"}]}<\/script>\n<!-- \/ Yoast SEO plugin. -->","yoast_head_json":{"title":"DJI Care Enterprise Basic Matrice 30T - kod elektroniczny - IRONSKY.PL Sklep z Dronami","description":"DJI Care Enterprise Basic Matrice 30T - kod elektroniczny - \u2705 sklep z dronami i fachowym doradztwem. \u2705 Tutaj kupisz produkty DJI, Yuneec, Parrot, Syma i wiele innych, a tak\u017ce kursy i licencje na operatora drona.","robots":{"index":"index","follow":"follow","max-snippet":"max-snippet:-1","max-image-preview":"max-image-preview:large","max-video-preview":"max-video-preview:-1"},"canonical":"https:\/\/ironsky.pl\/sklep\/produkt\/dji-care-enterprise-basic-matrice-30t-kod-elektroniczny-2\/","og_locale":"pl_PL","og_type":"article","og_title":"DJI Care Enterprise Basic Matrice 30T - kod elektroniczny - IRONSKY.PL Sklep z Dronami","og_description":"DJI Care Enterprise Basic Matrice 30T - kod elektroniczny - \u2705 sklep z dronami i fachowym doradztwem. \u2705 Tutaj kupisz produkty DJI, Yuneec, Parrot, Syma i wiele innych, a tak\u017ce kursy i licencje na operatora drona.","og_url":"https:\/\/ironsky.pl\/sklep\/produkt\/dji-care-enterprise-basic-matrice-30t-kod-elektroniczny-2\/","og_site_name":"IRONSKY.PL Sklep z Dronami","article_modified_time":"2026-04-15T08:48:18+00:00","og_image":[{"width":800,"height":800,"url":"https:\/\/ironsky.pl\/sklep\/wp-content\/uploads\/2026\/04\/24187_2.jpg","type":"image\/jpeg"}],"twitter_card":"summary_large_image","twitter_misc":{"Szacowany czas czytania":"2 minuty"},"schema":{"@context":"https:\/\/schema.org","@graph":[{"@type":"WebPage","@id":"https:\/\/ironsky.pl\/sklep\/produkt\/dji-care-enterprise-basic-matrice-30t-kod-elektroniczny-2\/","url":"https:\/\/ironsky.pl\/sklep\/produkt\/dji-care-enterprise-basic-matrice-30t-kod-elektroniczny-2\/","name":"DJI Care Enterprise Basic Matrice 30T - kod elektroniczny - IRONSKY.PL Sklep z Dronami","isPartOf":{"@id":"https:\/\/ironsky.pl\/sklep\/#website"},"primaryImageOfPage":{"@id":"https:\/\/ironsky.pl\/sklep\/produkt\/dji-care-enterprise-basic-matrice-30t-kod-elektroniczny-2\/#primaryimage"},"image":{"@id":"https:\/\/ironsky.pl\/sklep\/produkt\/dji-care-enterprise-basic-matrice-30t-kod-elektroniczny-2\/#primaryimage"},"thumbnailUrl":"https:\/\/ironsky.pl\/sklep\/wp-content\/uploads\/2026\/04\/24187_2.jpg","datePublished":"2026-04-15T08:12:09+00:00","dateModified":"2026-04-15T08:48:18+00:00","description":"DJI Care Enterprise Basic Matrice 30T - kod elektroniczny - \u2705 sklep z dronami i fachowym doradztwem. \u2705 Tutaj kupisz produkty DJI, Yuneec, Parrot, Syma i wiele innych, a tak\u017ce kursy i licencje na operatora drona.","breadcrumb":{"@id":"https:\/\/ironsky.pl\/sklep\/produkt\/dji-care-enterprise-basic-matrice-30t-kod-elektroniczny-2\/#breadcrumb"},"inLanguage":"pl-PL","potentialAction":[{"@type":"ReadAction","target":["https:\/\/ironsky.pl\/sklep\/produkt\/dji-care-enterprise-basic-matrice-30t-kod-elektroniczny-2\/"]}]},{"@type":"ImageObject","inLanguage":"pl-PL","@id":"https:\/\/ironsky.pl\/sklep\/produkt\/dji-care-enterprise-basic-matrice-30t-kod-elektroniczny-2\/#primaryimage","url":"https:\/\/ironsky.pl\/sklep\/wp-content\/uploads\/2026\/04\/24187_2.jpg","contentUrl":"https:\/\/ironsky.pl\/sklep\/wp-content\/uploads\/2026\/04\/24187_2.jpg","width":800,"height":800},{"@type":"BreadcrumbList","@id":"https:\/\/ironsky.pl\/sklep\/produkt\/dji-care-enterprise-basic-matrice-30t-kod-elektroniczny-2\/#breadcrumb","itemListElement":[{"@type":"ListItem","position":1,"name":"Strona g\u0142\u00f3wna","item":"https:\/\/ironsky.pl\/sklep\/"},{"@type":"ListItem","position":2,"name":"Wszystkie produkty","item":"https:\/\/ironsky.pl\/sklep\/produkty\/"},{"@type":"ListItem","position":3,"name":"DJI Care Enterprise Basic Matrice 30T &#8211; kod elektroniczny"}]},{"@type":"WebSite","@id":"https:\/\/ironsky.pl\/sklep\/#website","url":"https:\/\/ironsky.pl\/sklep\/","name":"IRONSKY.PL Sklep z Dronami","description":"IRONSKY.PL Sklep z Dronami","potentialAction":[{"@type":"SearchAction","target":{"@type":"EntryPoint","urlTemplate":"https:\/\/ironsky.pl\/sklep\/?s={search_term_string}"},"query-input":{"@type":"PropertyValueSpecification","valueRequired":true,"valueName":"search_term_string"}}],"inLanguage":"pl-PL"}]}},"_links":{"self":[{"href":"https:\/\/ironsky.pl\/sklep\/wp-json\/wp\/v2\/product\/56179","targetHints":{"allow":["GET"]}}],"collection":[{"href":"https:\/\/ironsky.pl\/sklep\/wp-json\/wp\/v2\/product"}],"about":[{"href":"https:\/\/ironsky.pl\/sklep\/wp-json\/wp\/v2\/types\/product"}],"replies":[{"embeddable":true,"href":"https:\/\/ironsky.pl\/sklep\/wp-json\/wp\/v2\/comments?post=56179"}],"wp:featuredmedia":[{"embeddable":true,"href":"https:\/\/ironsky.pl\/sklep\/wp-json\/wp\/v2\/media\/56180"}],"wp:attachment":[{"href":"https:\/\/ironsky.pl\/sklep\/wp-json\/wp\/v2\/media?parent=56179"}],"wp:term":[{"taxonomy":"product_brand","embeddable":true,"href":"https:\/\/ironsky.pl\/sklep\/wp-json\/wp\/v2\/product_brand?post=56179"},{"taxonomy":"product_cat","embeddable":true,"href":"https:\/\/ironsky.pl\/sklep\/wp-json\/wp\/v2\/product_cat?post=56179"},{"taxonomy":"product_tag","embeddable":true,"href":"https:\/\/ironsky.pl\/sklep\/wp-json\/wp\/v2\/product_tag?post=56179"}],"curies":[{"name":"wp","href":"https:\/\/api.w.org\/{rel}","templated":true}]}}