{"id":56171,"date":"2026-04-15T10:12:09","date_gmt":"2026-04-15T08:12:09","guid":{"rendered":"https:\/\/ironsky.pl\/sklep\/produkt\/akumulator-tattu-10000mah-22-2v-30c-6s1p-xt90-anti-spark\/"},"modified":"2026-04-15T10:48:17","modified_gmt":"2026-04-15T08:48:17","slug":"akumulator-tattu-10000mah-22-2v-30c-6s1p-xt90-anti-spark","status":"publish","type":"product","link":"https:\/\/ironsky.pl\/sklep\/produkt\/akumulator-tattu-10000mah-22-2v-30c-6s1p-xt90-anti-spark\/","title":{"rendered":"Akumulator TATTU 10000mAh 22.2V 30C 6S1P XT90 anti-spark"},"content":{"rendered":"<div style=\"text-align: left;\" class=\"iai_top\"><span style=\"font-size: 14pt;\"><strong><span style=\"color: #999999;\">Opis produktu<\/span><\/strong><\/span><\/p>\n<hr \/>\n<\/div>\n<div class=\"iai_mid\">\n<div class=\"iai_left\">\n<span style=\"font-size: 12pt; color: #333333;\"><strong>Napi\u0119cie &#8211;<\/strong>\u00a022,2 V <\/span><br \/>\n<span style=\"font-size: 12pt; color: #333333;\"><strong>Pojemno\u015b\u0107 &#8211;<\/strong>\u00a010000 mAh <\/span><br \/>\n<span style=\"font-size: 12pt; color: #333333;\"><strong>Ilo\u015b\u0107 cell &#8211;<\/strong>\u00a06<\/span><br \/>\n<span style=\"font-size: 12pt; color: #333333;\"><strong>Pr\u0105d roz\u0142adowania &#8211;<\/strong>\u00a030C<\/span><br \/>\n<span style=\"font-size: 12pt; color: #333333;\"><strong>D\u0142ugo\u015b\u0107 &#8211;<\/strong>\u00a0175 mm <\/span><br \/>\n<span style=\"font-size: 12pt; color: #333333;\"><strong>Szeroko\u015b\u0107 &#8211;<\/strong>\u00a065 mm <\/span><br \/>\n<span style=\"font-size: 12pt; color: #333333;\"><strong>Wysoko\u015b\u0107 &#8211;<\/strong>\u00a058 mm <\/span><br \/>\n<span style=\"font-size: 12pt; color: #333333;\"><strong>Waga &#8211;<\/strong>\u00a01357 g<\/span><br \/>\n<span style=\"font-size: 12pt; color: #333333;\"><strong>Kod producenta &#8211;<\/strong><span>\u00a0TAA100006S30X<br \/>\u00a0<br \/><\/span><\/span><\/span><\/div>\n<p><\/p>\n<div style=\"text-align: left;\" class=\"iai_top\">\n<div class=\"iai_top\"><span style=\"color: #ff0000;\"><strong>Poprzedni model:<\/strong><\/span><strong>\u00a0TA-30C-10000-6S1P-XT90-S<\/strong><\/div>\n<div class=\"iai_top\"><\/div>\n<div class=\"iai_top\"><\/div>\n<\/div>\n<div style=\"text-align: center;\" class=\"iai_top\">\n<div style=\"text-align: left;\" class=\"iai_top\"><span><span style=\"color: #999999; font-size: 14pt;\"><strong>Instrukcja bezpiecze\u0144stwa<\/strong><\/span><br \/><\/span><\/p>\n<hr \/>\n<\/div>\n<div class=\"iai_mid\"><\/div>\n<\/div>\n<div style=\"text-align: left;\" class=\"iai_top\"><span style=\"color: #333333; font-size: 12pt;\"><span style=\"color: #333333; font-size: 12pt;\">Nie roz\u0142adowywa\u0107 poni\u017cej 3,0V na cel\u0119. \u0141adowa\u0107 tylko przy u\u017cyciu \u0142adowarki mikroprocesorowej w trybie \u0142adowania pakiet\u00f3w litowo-polimerowych.<\/p>\n<p>Nie zwiera\u0107 biegun\u00f3w, nie przebija\u0107, nie wystawia\u0107 na bezpo\u015brednie dzia\u0142anie promieni s\u0142onecznych, przechowywa\u0107 z dala od przedmiot\u00f3w \u0142atwopalnych, utylizowa\u0107 w specjalnie przygotowanych pojemnikach<\/span><\/span><\/div>\n<\/div>\n","protected":false},"excerpt":{"rendered":"<p>Opis produktu Napi\u0119cie &#8211;\u00a022,2 V Pojemno\u015b\u0107 &#8211;\u00a010000 mAh Ilo\u015b\u0107 cell &#8211;\u00a06 Pr\u0105d roz\u0142adowania &#8211;\u00a030C D\u0142ugo\u015b\u0107 &#8211;\u00a0175 mm Szeroko\u015b\u0107 &#8211;\u00a065 mm<\/p>\n","protected":false},"featured_media":56172,"comment_status":"closed","ping_status":"open","template":"","meta":{"_acf_changed":false},"product_brand":[],"product_cat":[1183,1182,1169],"product_tag":[],"class_list":{"0":"post-56171","1":"product","2":"type-product","3":"status-publish","4":"has-post-thumbnail","6":"product_cat-litowe-i-nimh","7":"product_cat-akumulatory","8":"product_cat-modele-rc","9":"pa_okres-gwarancji-5754","10":"pa_producent-tattu","12":"first","13":"outofstock","14":"taxable","15":"shipping-taxable","16":"purchasable","17":"product-type-simple"},"acf":[],"yoast_head":"<!-- This site is optimized with the Yoast SEO plugin v27.2 - https:\/\/yoast.com\/product\/yoast-seo-wordpress\/ -->\n<title>Akumulator TATTU 10000mAh 22.2V 30C 6S1P XT90 anti-spark - IRONSKY.PL Sklep z Dronami<\/title>\n<meta name=\"description\" content=\"Akumulator TATTU 10000mAh 22.2V 30C 6S1P XT90 anti-spark - \u2705 sklep z dronami i fachowym doradztwem. \u2705 Tutaj kupisz produkty DJI, Yuneec, Parrot, Syma i wiele innych, a tak\u017ce kursy i licencje na operatora drona.\" \/>\n<meta name=\"robots\" content=\"index, follow, max-snippet:-1, max-image-preview:large, max-video-preview:-1\" \/>\n<link rel=\"canonical\" href=\"https:\/\/ironsky.pl\/sklep\/produkt\/akumulator-tattu-10000mah-22-2v-30c-6s1p-xt90-anti-spark\/\" \/>\n<meta property=\"og:locale\" content=\"pl_PL\" \/>\n<meta property=\"og:type\" content=\"article\" \/>\n<meta property=\"og:title\" content=\"Akumulator TATTU 10000mAh 22.2V 30C 6S1P XT90 anti-spark - IRONSKY.PL Sklep z Dronami\" \/>\n<meta property=\"og:description\" content=\"Akumulator TATTU 10000mAh 22.2V 30C 6S1P XT90 anti-spark - \u2705 sklep z dronami i fachowym doradztwem. \u2705 Tutaj kupisz produkty DJI, Yuneec, Parrot, Syma i wiele innych, a tak\u017ce kursy i licencje na operatora drona.\" \/>\n<meta property=\"og:url\" content=\"https:\/\/ironsky.pl\/sklep\/produkt\/akumulator-tattu-10000mah-22-2v-30c-6s1p-xt90-anti-spark\/\" \/>\n<meta property=\"og:site_name\" content=\"IRONSKY.PL Sklep z Dronami\" \/>\n<meta property=\"article:modified_time\" content=\"2026-04-15T08:48:17+00:00\" \/>\n<meta property=\"og:image\" content=\"https:\/\/ironsky.pl\/sklep\/wp-content\/uploads\/2026\/04\/24177_4.jpg\" \/>\n\t<meta property=\"og:image:width\" content=\"800\" \/>\n\t<meta property=\"og:image:height\" content=\"800\" \/>\n\t<meta property=\"og:image:type\" content=\"image\/jpeg\" \/>\n<meta name=\"twitter:card\" content=\"summary_large_image\" \/>\n<script type=\"application\/ld+json\" class=\"yoast-schema-graph\">{\"@context\":\"https:\/\/schema.org\",\"@graph\":[{\"@type\":\"WebPage\",\"@id\":\"https:\/\/ironsky.pl\/sklep\/produkt\/akumulator-tattu-10000mah-22-2v-30c-6s1p-xt90-anti-spark\/\",\"url\":\"https:\/\/ironsky.pl\/sklep\/produkt\/akumulator-tattu-10000mah-22-2v-30c-6s1p-xt90-anti-spark\/\",\"name\":\"Akumulator TATTU 10000mAh 22.2V 30C 6S1P XT90 anti-spark - IRONSKY.PL Sklep z Dronami\",\"isPartOf\":{\"@id\":\"https:\/\/ironsky.pl\/sklep\/#website\"},\"primaryImageOfPage\":{\"@id\":\"https:\/\/ironsky.pl\/sklep\/produkt\/akumulator-tattu-10000mah-22-2v-30c-6s1p-xt90-anti-spark\/#primaryimage\"},\"image\":{\"@id\":\"https:\/\/ironsky.pl\/sklep\/produkt\/akumulator-tattu-10000mah-22-2v-30c-6s1p-xt90-anti-spark\/#primaryimage\"},\"thumbnailUrl\":\"https:\/\/ironsky.pl\/sklep\/wp-content\/uploads\/2026\/04\/24177_4.jpg\",\"datePublished\":\"2026-04-15T08:12:09+00:00\",\"dateModified\":\"2026-04-15T08:48:17+00:00\",\"description\":\"Akumulator TATTU 10000mAh 22.2V 30C 6S1P XT90 anti-spark - \u2705 sklep z dronami i fachowym doradztwem. \u2705 Tutaj kupisz produkty DJI, Yuneec, Parrot, Syma i wiele innych, a tak\u017ce kursy i licencje na operatora drona.\",\"breadcrumb\":{\"@id\":\"https:\/\/ironsky.pl\/sklep\/produkt\/akumulator-tattu-10000mah-22-2v-30c-6s1p-xt90-anti-spark\/#breadcrumb\"},\"inLanguage\":\"pl-PL\",\"potentialAction\":[{\"@type\":\"ReadAction\",\"target\":[\"https:\/\/ironsky.pl\/sklep\/produkt\/akumulator-tattu-10000mah-22-2v-30c-6s1p-xt90-anti-spark\/\"]}]},{\"@type\":\"ImageObject\",\"inLanguage\":\"pl-PL\",\"@id\":\"https:\/\/ironsky.pl\/sklep\/produkt\/akumulator-tattu-10000mah-22-2v-30c-6s1p-xt90-anti-spark\/#primaryimage\",\"url\":\"https:\/\/ironsky.pl\/sklep\/wp-content\/uploads\/2026\/04\/24177_4.jpg\",\"contentUrl\":\"https:\/\/ironsky.pl\/sklep\/wp-content\/uploads\/2026\/04\/24177_4.jpg\",\"width\":800,\"height\":800},{\"@type\":\"BreadcrumbList\",\"@id\":\"https:\/\/ironsky.pl\/sklep\/produkt\/akumulator-tattu-10000mah-22-2v-30c-6s1p-xt90-anti-spark\/#breadcrumb\",\"itemListElement\":[{\"@type\":\"ListItem\",\"position\":1,\"name\":\"Strona g\u0142\u00f3wna\",\"item\":\"https:\/\/ironsky.pl\/sklep\/\"},{\"@type\":\"ListItem\",\"position\":2,\"name\":\"Wszystkie produkty\",\"item\":\"https:\/\/ironsky.pl\/sklep\/produkty\/\"},{\"@type\":\"ListItem\",\"position\":3,\"name\":\"Akumulator TATTU 10000mAh 22.2V 30C 6S1P XT90 anti-spark\"}]},{\"@type\":\"WebSite\",\"@id\":\"https:\/\/ironsky.pl\/sklep\/#website\",\"url\":\"https:\/\/ironsky.pl\/sklep\/\",\"name\":\"IRONSKY.PL Sklep z Dronami\",\"description\":\"IRONSKY.PL Sklep z Dronami\",\"potentialAction\":[{\"@type\":\"SearchAction\",\"target\":{\"@type\":\"EntryPoint\",\"urlTemplate\":\"https:\/\/ironsky.pl\/sklep\/?s={search_term_string}\"},\"query-input\":{\"@type\":\"PropertyValueSpecification\",\"valueRequired\":true,\"valueName\":\"search_term_string\"}}],\"inLanguage\":\"pl-PL\"}]}<\/script>\n<!-- \/ Yoast SEO plugin. -->","yoast_head_json":{"title":"Akumulator TATTU 10000mAh 22.2V 30C 6S1P XT90 anti-spark - IRONSKY.PL Sklep z Dronami","description":"Akumulator TATTU 10000mAh 22.2V 30C 6S1P XT90 anti-spark - \u2705 sklep z dronami i fachowym doradztwem. \u2705 Tutaj kupisz produkty DJI, Yuneec, Parrot, Syma i wiele innych, a tak\u017ce kursy i licencje na operatora drona.","robots":{"index":"index","follow":"follow","max-snippet":"max-snippet:-1","max-image-preview":"max-image-preview:large","max-video-preview":"max-video-preview:-1"},"canonical":"https:\/\/ironsky.pl\/sklep\/produkt\/akumulator-tattu-10000mah-22-2v-30c-6s1p-xt90-anti-spark\/","og_locale":"pl_PL","og_type":"article","og_title":"Akumulator TATTU 10000mAh 22.2V 30C 6S1P XT90 anti-spark - IRONSKY.PL Sklep z Dronami","og_description":"Akumulator TATTU 10000mAh 22.2V 30C 6S1P XT90 anti-spark - \u2705 sklep z dronami i fachowym doradztwem. \u2705 Tutaj kupisz produkty DJI, Yuneec, Parrot, Syma i wiele innych, a tak\u017ce kursy i licencje na operatora drona.","og_url":"https:\/\/ironsky.pl\/sklep\/produkt\/akumulator-tattu-10000mah-22-2v-30c-6s1p-xt90-anti-spark\/","og_site_name":"IRONSKY.PL Sklep z Dronami","article_modified_time":"2026-04-15T08:48:17+00:00","og_image":[{"width":800,"height":800,"url":"https:\/\/ironsky.pl\/sklep\/wp-content\/uploads\/2026\/04\/24177_4.jpg","type":"image\/jpeg"}],"twitter_card":"summary_large_image","schema":{"@context":"https:\/\/schema.org","@graph":[{"@type":"WebPage","@id":"https:\/\/ironsky.pl\/sklep\/produkt\/akumulator-tattu-10000mah-22-2v-30c-6s1p-xt90-anti-spark\/","url":"https:\/\/ironsky.pl\/sklep\/produkt\/akumulator-tattu-10000mah-22-2v-30c-6s1p-xt90-anti-spark\/","name":"Akumulator TATTU 10000mAh 22.2V 30C 6S1P XT90 anti-spark - IRONSKY.PL Sklep z Dronami","isPartOf":{"@id":"https:\/\/ironsky.pl\/sklep\/#website"},"primaryImageOfPage":{"@id":"https:\/\/ironsky.pl\/sklep\/produkt\/akumulator-tattu-10000mah-22-2v-30c-6s1p-xt90-anti-spark\/#primaryimage"},"image":{"@id":"https:\/\/ironsky.pl\/sklep\/produkt\/akumulator-tattu-10000mah-22-2v-30c-6s1p-xt90-anti-spark\/#primaryimage"},"thumbnailUrl":"https:\/\/ironsky.pl\/sklep\/wp-content\/uploads\/2026\/04\/24177_4.jpg","datePublished":"2026-04-15T08:12:09+00:00","dateModified":"2026-04-15T08:48:17+00:00","description":"Akumulator TATTU 10000mAh 22.2V 30C 6S1P XT90 anti-spark - \u2705 sklep z dronami i fachowym doradztwem. \u2705 Tutaj kupisz produkty DJI, Yuneec, Parrot, Syma i wiele innych, a tak\u017ce kursy i licencje na operatora drona.","breadcrumb":{"@id":"https:\/\/ironsky.pl\/sklep\/produkt\/akumulator-tattu-10000mah-22-2v-30c-6s1p-xt90-anti-spark\/#breadcrumb"},"inLanguage":"pl-PL","potentialAction":[{"@type":"ReadAction","target":["https:\/\/ironsky.pl\/sklep\/produkt\/akumulator-tattu-10000mah-22-2v-30c-6s1p-xt90-anti-spark\/"]}]},{"@type":"ImageObject","inLanguage":"pl-PL","@id":"https:\/\/ironsky.pl\/sklep\/produkt\/akumulator-tattu-10000mah-22-2v-30c-6s1p-xt90-anti-spark\/#primaryimage","url":"https:\/\/ironsky.pl\/sklep\/wp-content\/uploads\/2026\/04\/24177_4.jpg","contentUrl":"https:\/\/ironsky.pl\/sklep\/wp-content\/uploads\/2026\/04\/24177_4.jpg","width":800,"height":800},{"@type":"BreadcrumbList","@id":"https:\/\/ironsky.pl\/sklep\/produkt\/akumulator-tattu-10000mah-22-2v-30c-6s1p-xt90-anti-spark\/#breadcrumb","itemListElement":[{"@type":"ListItem","position":1,"name":"Strona g\u0142\u00f3wna","item":"https:\/\/ironsky.pl\/sklep\/"},{"@type":"ListItem","position":2,"name":"Wszystkie produkty","item":"https:\/\/ironsky.pl\/sklep\/produkty\/"},{"@type":"ListItem","position":3,"name":"Akumulator TATTU 10000mAh 22.2V 30C 6S1P XT90 anti-spark"}]},{"@type":"WebSite","@id":"https:\/\/ironsky.pl\/sklep\/#website","url":"https:\/\/ironsky.pl\/sklep\/","name":"IRONSKY.PL Sklep z Dronami","description":"IRONSKY.PL Sklep z Dronami","potentialAction":[{"@type":"SearchAction","target":{"@type":"EntryPoint","urlTemplate":"https:\/\/ironsky.pl\/sklep\/?s={search_term_string}"},"query-input":{"@type":"PropertyValueSpecification","valueRequired":true,"valueName":"search_term_string"}}],"inLanguage":"pl-PL"}]}},"_links":{"self":[{"href":"https:\/\/ironsky.pl\/sklep\/wp-json\/wp\/v2\/product\/56171","targetHints":{"allow":["GET"]}}],"collection":[{"href":"https:\/\/ironsky.pl\/sklep\/wp-json\/wp\/v2\/product"}],"about":[{"href":"https:\/\/ironsky.pl\/sklep\/wp-json\/wp\/v2\/types\/product"}],"replies":[{"embeddable":true,"href":"https:\/\/ironsky.pl\/sklep\/wp-json\/wp\/v2\/comments?post=56171"}],"wp:featuredmedia":[{"embeddable":true,"href":"https:\/\/ironsky.pl\/sklep\/wp-json\/wp\/v2\/media\/56172"}],"wp:attachment":[{"href":"https:\/\/ironsky.pl\/sklep\/wp-json\/wp\/v2\/media?parent=56171"}],"wp:term":[{"taxonomy":"product_brand","embeddable":true,"href":"https:\/\/ironsky.pl\/sklep\/wp-json\/wp\/v2\/product_brand?post=56171"},{"taxonomy":"product_cat","embeddable":true,"href":"https:\/\/ironsky.pl\/sklep\/wp-json\/wp\/v2\/product_cat?post=56171"},{"taxonomy":"product_tag","embeddable":true,"href":"https:\/\/ironsky.pl\/sklep\/wp-json\/wp\/v2\/product_tag?post=56171"}],"curies":[{"name":"wp","href":"https:\/\/api.w.org\/{rel}","templated":true}]}}