{"id":56167,"date":"2026-04-15T10:12:09","date_gmt":"2026-04-15T08:12:09","guid":{"rendered":"https:\/\/ironsky.pl\/sklep\/produkt\/lampa-na-monitor-yeelight-light-bar-ylodj-0027-czarna\/"},"modified":"2026-04-15T10:12:11","modified_gmt":"2026-04-15T08:12:11","slug":"lampa-na-monitor-yeelight-light-bar-ylodj-0027-czarna","status":"publish","type":"product","link":"https:\/\/ironsky.pl\/sklep\/produkt\/lampa-na-monitor-yeelight-light-bar-ylodj-0027-czarna\/","title":{"rendered":"Lampa na monitor Yeelight Light Bar YLODJ-0027 (Czarna)"},"content":{"rendered":"<p><img decoding=\"async\" style=\"display: block; margin-left: auto; margin-right: auto;\" src=\"\/data\/include\/cms\/1_DOMINIK\/xiaomi_logo1.png\" border=\"0\" alt=\"\" \/><\/p>\n<p style=\"text-align: center;\"><span style=\"font-size: 12pt;\">Marka\u00a0<strong>Yeelight<\/strong>\u00a0jest cz\u0119\u015bci\u0105 ekosystemu Xiaomi.<\/span><\/p>\n<p style=\"text-align: center;\">\u00a0\u00a0<\/p>\n<h3 style=\"text-align: center;\">Lampa na monitor Yeelight Light Bar<\/h3>\n<p>Zapewnij sobie optymalne o\u015bwietlenie podczas pracy przy komputerze, grania w gry lub zwyk\u0142ego przegl\u0105dania Internetu. Lampa na monitor Yeelight Light Bar generuje bezpieczne dla wzroku \u015bwiat\u0142o, kt\u00f3re nie razi ani nie miga. Mo\u017cesz te\u017c swobodnie ustawia\u0107 jego jasno\u015b\u0107 i wybiera\u0107 spo\u015br\u00f3d 3 tryb\u00f3w temperatury barwowej. Wytrzyma\u0142y akumulator zapewnia czas pracy do 150 minut, a wbudowany panel dotykowy u\u0142atwia obs\u0142ug\u0119 urz\u0105dzenia.<\/p>\n<p><img decoding=\"async\" src=\"https:\/\/b2b.innpro.pl\/data\/include\/cms\/12Yeelight\/YLODJ-0027\/1.jpg\" border=\"0\" alt=\"\" width=\"1100\" height=\"700\" \/><\/p>\n<p>\u00a0<\/p>\n<h3 style=\"text-align: center;\">Optymalne o\u015bwietlenie<\/h3>\n<p>Cz\u0119sto sp\u0119dzasz czas przy komputerze? Zapewnij sobie odpowiednie o\u015bwietlenie! \u015awiat\u0142o generowane przez lamp\u0119 Yeelight Light Bar pada w d\u00f3\u0142, a nie bezpo\u015brednio do oczu, dzi\u0119ki czemu nie razi, jest bezpieczne dla wzroku i pozwala unikn\u0105\u0107 b\u00f3lu g\u0142owy. Nie powoduje te\u017c odblask\u00f3w ani nie miga. Wyr\u00f3\u017cnia je tak\u017ce wysoki wsp\u00f3\u0142czynnik CRI (Ra&gt;95), co oznacza, \u017ce doskonale odwzorowuje barwy. Dzi\u0119ki temu widoczne na monitorze obrazy b\u0119d\u0105 zachwyca\u0107 bogat\u0105, a zarazem naturaln\u0105 kolorystyk\u0105.<\/p>\n<p><img decoding=\"async\" src=\"https:\/\/b2b.innpro.pl\/data\/include\/cms\/12Yeelight\/YLODJ-0027\/2.jpg\" border=\"0\" alt=\"\" width=\"1100\" height=\"700\" \/><\/p>\n<p>\u00a0<\/p>\n<h3 style=\"text-align: center;\">D\u0142ugi czas pracy<\/h3>\n<p>Uwolnij si\u0119 od kabli i u\u0142atw sobie zachowanie porz\u0105dku na biurku. Lampka zosta\u0142a wyposa\u017cona w akumulator o pojemno\u015bci 1800 mAh, dzi\u0119ki czemu mo\u017ce dzia\u0142a\u0107 bezprzewodowo. W pe\u0142ni na\u0142adowana pracuje nawet przez 150 minut. Jej wygodne \u0142adowanie umo\u017cliwia wbudowany port USB-C. Co wi\u0119cej, je\u015bli pod\u0142\u0105czysz lamp\u0119 do komputera, \u015bwiat\u0142o zostanie zapalone automatycznie, gdy go uruchomisz.<\/p>\n<p><img decoding=\"async\" src=\"https:\/\/b2b.innpro.pl\/data\/include\/cms\/12Yeelight\/YLODJ-0027\/3.jpg\" border=\"0\" alt=\"\" width=\"1100\" height=\"700\" \/><\/p>\n<p>\u00a0<\/p>\n<h3 style=\"text-align: center;\">Dostosuj \u015bwiat\u0142o do swoich potrzeb<\/h3>\n<p>Lampa Yeelight Light Bar \u015bwietnie sprawdzi si\u0119 w r\u00f3\u017cnych zastosowaniach. Umo\u017cliwia swobodn\u0105 regulacj\u0119 jasno\u015bci i oferuje 3 tryby temperatury barwowej do wyboru &#8211; Mixed Light (ok. 3000-4000K), White Light (ok. 5000K) i Yellow Light (ok. 3000K). Musisz troch\u0119 popracowa\u0107? Zamierzasz pogra\u0107 w ulubion\u0105 gr\u0119? A mo\u017ce wolisz obejrze\u0107 film? Dostosuj o\u015bwietlenie do sytuacji! Ponadto lampa zapami\u0119tuje ostatnio u\u017cywane ustawienia &#8211; gdy uruchomisz j\u0105 ponownie, automatycznie je przywr\u00f3ci.<\/p>\n<p><img decoding=\"async\" src=\"https:\/\/b2b.innpro.pl\/data\/include\/cms\/12Yeelight\/YLODJ-0027\/7.jpg\" border=\"0\" alt=\"\" width=\"1100\" height=\"700\" \/><\/p>\n<p>\u00a0<\/p>\n<h3 style=\"text-align: center;\">Wygodna obs\u0142uga<\/h3>\n<p>Ciesz si\u0119 prost\u0105 i wygodn\u0105 obs\u0142ug\u0105 lampy. Urz\u0105dzenie ma wbudowany niewielki panel dotykowy, kt\u00f3ry zapewnia szybki dost\u0119p do jego najwa\u017cniejszych funkcji. Wyr\u00f3\u017cnia go b\u0142yskawiczna reakcja na dotyk i niezawodne, p\u0142ynne dzia\u0142anie. Za jego pomoc\u0105 mo\u017cesz na przyk\u0142ad w\u0142\u0105czy\u0107 lub wy\u0142\u0105czy\u0107 lamp\u0119, ustawi\u0107 jasno\u015b\u0107 lub wybra\u0107 tryb. Panel zosta\u0142 te\u017c wyposa\u017cony w pod\u015bwietlenie, kt\u00f3re znacznie u\u0142atwia korzystanie z niego po zmroku.<\/p>\n<p><img decoding=\"async\" src=\"https:\/\/b2b.innpro.pl\/data\/include\/cms\/12Yeelight\/YLODJ-0027\/9.jpg\" border=\"0\" alt=\"\" width=\"1100\" height=\"700\" \/><\/p>\n<p>\u00a0<\/p>\n<h3 style=\"text-align: center;\">Starannie przemy\u015blana konstrukcja<\/h3>\n<p>Dzi\u0119ki starannie przemy\u015blanej konstrukcji lampa nie tylko zapewni Ci komfort u\u017cytkowania, ale te\u017c b\u0119dzie \u015bwietnie Ci s\u0142u\u017cy\u0107 przez d\u0142ugi czas. Obci\u0105\u017cona podstawka gwarantuje jej wi\u0119ksz\u0105 stabilno\u015b\u0107. Mo\u017cesz te\u017c swobodnie dostosowywa\u0107 jej k\u0105t nachylenia w zakresie 70\u00b0. Przednia ramka lampki zosta\u0142a dodatkowo pokryta silikonem, dzi\u0119ki czemu jest bardziej odporna na zarysowania. Urz\u0105dzenie prezentuje si\u0119 przy tym wyj\u0105tkowo stylowo &#8211; minimalistyczny, nowoczesny design z pewno\u015bci\u0105 przypadnie do gustu wielu u\u017cytkownikom.<\/p>\n<p><img decoding=\"async\" src=\"https:\/\/b2b.innpro.pl\/data\/include\/cms\/12Yeelight\/YLODJ-0027\/6.jpg\" border=\"0\" alt=\"\" width=\"1100\" height=\"700\" \/><\/p>\n<div class=\"table-wrapper\">\n<table>\n<tbody>\n<tr>\n<th>Producent<\/th>\n<td>Yeelight<\/td>\n<\/tr>\n<tr>\n<th>Nazwa<\/th>\n<td>Yeelight Rechargeable Monitor Light Bar<\/td>\n<\/tr>\n<tr>\n<th>Model<\/th>\n<td>YLODJ-0027<\/td>\n<\/tr>\n<tr>\n<th>Kolor<\/th>\n<td>Szary<\/td>\n<\/tr>\n<tr>\n<th>Wymiary<\/th>\n<td>450 x 75 x 110 mm<\/td>\n<\/tr>\n<tr>\n<th>Waga<\/th>\n<td>780 g<\/td>\n<\/tr>\n<tr>\n<th>Jasno\u015b\u0107<\/th>\n<td>300 lm<\/td>\n<\/tr>\n<tr>\n<th>Temperatura barwowa<\/th>\n<td>3000K \u00b14000K, regulowana<\/td>\n<\/tr>\n<tr>\n<th>Pojemno\u015b\u0107 akumulatora<\/th>\n<td>1800 mAh<\/td>\n<\/tr>\n<tr>\n<th>Czas pracy<\/th>\n<td>Ok. 150 min<\/td>\n<\/tr>\n<tr>\n<th>Port \u0142adowania<\/th>\n<td>USB-C<\/td>\n<\/tr>\n<tr>\n<th>Napi\u0119cie<\/th>\n<td>100-240 V ~50 Hz 0,3 A<\/td>\n<\/tr>\n<tr>\n<th>Moc znamionowa<\/th>\n<td>5 W<\/td>\n<\/tr>\n<tr>\n<th>Temperatura pracy<\/th>\n<td>-10\u00b0C &#8211; 40\u00b0C<\/td>\n<\/tr>\n<tr>\n<th>Wilgotno\u015b\u0107 otoczenia pracy<\/th>\n<td>0-85% RH<\/td>\n<\/tr>\n<tr>\n<th>Temperatura powierzchni zewn\u0119trznej<\/th>\n<td>\u226455\u00b0C<\/td>\n<\/tr>\n<tr>\n<th>CRI<\/th>\n<td>Ra 95<\/td>\n<\/tr>\n<tr>\n<th>Stopie\u0144 ochrony<\/th>\n<td>IP20<\/td>\n<\/tr>\n<tr>\n<th>Wsp\u00f3\u0142czynnik mocy<\/th>\n<td>0.5<\/td>\n<\/tr>\n<tr>\n<th>Etykieta energetyczna (EEL)<\/th>\n<td>F<\/td>\n<\/tr>\n<tr>\n<th>\u017bywotno\u015b\u0107<\/th>\n<td>Ok. 25 000 h<\/td>\n<\/tr>\n<tr>\n<th>Wymienne \u017ar\u00f3d\u0142o \u015bwiat\u0142a<\/th>\n<td>Nie<\/td>\n<\/tr>\n<tr>\n<th>Ochrona przeciwzwarciowa<\/th>\n<td>Tak<\/td>\n<\/tr>\n<tr>\n<th>Moc w trybie czuwania<\/th>\n<td>\u22640,6 W<\/td>\n<\/tr>\n<tr>\n<th>Materia\u0142<\/th>\n<td>ABS<\/td>\n<\/tr>\n<\/tbody>\n<\/table>\n<p>\u00a0<\/p>\n<p>\u00a0<\/p>\n<\/div>\n<style type=\"text\/css\"><!--\n.table-wrapper{width:100%;overflow-x:auto}.table-wrapper>table{border-spacing:0}.table-wrapper>table>tbody>tr>td,.table-wrapper>table>tbody>tr>th{padding:10px 35px;text-align:left}.table-wrapper>table>tbody>tr>th{vertical-align:top}.table-wrapper>table>tbody>tr:nth-child(even){background-color:#f7f7f7}\n--><\/style>\n","protected":false},"excerpt":{"rendered":"<p>Marka\u00a0Yeelight\u00a0jest cz\u0119\u015bci\u0105 ekosystemu Xiaomi. \u00a0\u00a0 Lampa na monitor Yeelight Light Bar Zapewnij sobie optymalne o\u015bwietlenie podczas pracy przy komputerze, grania<\/p>\n","protected":false},"featured_media":56168,"comment_status":"closed","ping_status":"open","template":"","meta":{"_acf_changed":false},"product_brand":[],"product_cat":[5929,6191],"product_tag":[],"class_list":{"0":"post-56167","1":"product","2":"type-product","3":"status-publish","4":"has-post-thumbnail","6":"product_cat-akcesoria-it","7":"product_cat-oswietlenie-akcesoria-it","8":"pa_okres-gwarancji-5754","9":"pa_producent-yeelight","11":"first","12":"outofstock","13":"taxable","14":"shipping-taxable","15":"purchasable","16":"product-type-simple"},"acf":[],"yoast_head":"<!-- This site is optimized with the Yoast SEO plugin v27.2 - https:\/\/yoast.com\/product\/yoast-seo-wordpress\/ -->\n<title>Lampa na monitor Yeelight Light Bar YLODJ-0027 (Czarna) - IRONSKY.PL Sklep z Dronami<\/title>\n<meta name=\"description\" content=\"Lampa na monitor Yeelight Light Bar YLODJ-0027 (Czarna) - \u2705 sklep z dronami i fachowym doradztwem. \u2705 Tutaj kupisz produkty DJI, Yuneec, Parrot, Syma i wiele innych, a tak\u017ce kursy i licencje na operatora drona.\" \/>\n<meta name=\"robots\" content=\"index, follow, max-snippet:-1, max-image-preview:large, max-video-preview:-1\" \/>\n<link rel=\"canonical\" href=\"https:\/\/ironsky.pl\/sklep\/produkt\/lampa-na-monitor-yeelight-light-bar-ylodj-0027-czarna\/\" \/>\n<meta property=\"og:locale\" content=\"pl_PL\" \/>\n<meta property=\"og:type\" content=\"article\" \/>\n<meta property=\"og:title\" content=\"Lampa na monitor Yeelight Light Bar YLODJ-0027 (Czarna) - IRONSKY.PL Sklep z Dronami\" \/>\n<meta property=\"og:description\" content=\"Lampa na monitor Yeelight Light Bar YLODJ-0027 (Czarna) - \u2705 sklep z dronami i fachowym doradztwem. \u2705 Tutaj kupisz produkty DJI, Yuneec, Parrot, Syma i wiele innych, a tak\u017ce kursy i licencje na operatora drona.\" \/>\n<meta property=\"og:url\" content=\"https:\/\/ironsky.pl\/sklep\/produkt\/lampa-na-monitor-yeelight-light-bar-ylodj-0027-czarna\/\" \/>\n<meta property=\"og:site_name\" content=\"IRONSKY.PL Sklep z Dronami\" \/>\n<meta property=\"article:modified_time\" content=\"2026-04-15T08:12:11+00:00\" \/>\n<meta property=\"og:image\" content=\"https:\/\/ironsky.pl\/sklep\/wp-content\/uploads\/2026\/04\/24155_1.jpg\" \/>\n\t<meta property=\"og:image:width\" content=\"800\" \/>\n\t<meta property=\"og:image:height\" content=\"800\" \/>\n\t<meta property=\"og:image:type\" content=\"image\/jpeg\" \/>\n<meta name=\"twitter:card\" content=\"summary_large_image\" \/>\n<meta name=\"twitter:label1\" content=\"Szacowany czas czytania\" \/>\n\t<meta name=\"twitter:data1\" content=\"3 minuty\" \/>\n<script type=\"application\/ld+json\" class=\"yoast-schema-graph\">{\"@context\":\"https:\/\/schema.org\",\"@graph\":[{\"@type\":\"WebPage\",\"@id\":\"https:\/\/ironsky.pl\/sklep\/produkt\/lampa-na-monitor-yeelight-light-bar-ylodj-0027-czarna\/\",\"url\":\"https:\/\/ironsky.pl\/sklep\/produkt\/lampa-na-monitor-yeelight-light-bar-ylodj-0027-czarna\/\",\"name\":\"Lampa na monitor Yeelight Light Bar YLODJ-0027 (Czarna) - IRONSKY.PL Sklep z Dronami\",\"isPartOf\":{\"@id\":\"https:\/\/ironsky.pl\/sklep\/#website\"},\"primaryImageOfPage\":{\"@id\":\"https:\/\/ironsky.pl\/sklep\/produkt\/lampa-na-monitor-yeelight-light-bar-ylodj-0027-czarna\/#primaryimage\"},\"image\":{\"@id\":\"https:\/\/ironsky.pl\/sklep\/produkt\/lampa-na-monitor-yeelight-light-bar-ylodj-0027-czarna\/#primaryimage\"},\"thumbnailUrl\":\"https:\/\/ironsky.pl\/sklep\/wp-content\/uploads\/2026\/04\/24155_1.jpg\",\"datePublished\":\"2026-04-15T08:12:09+00:00\",\"dateModified\":\"2026-04-15T08:12:11+00:00\",\"description\":\"Lampa na monitor Yeelight Light Bar YLODJ-0027 (Czarna) - \u2705 sklep z dronami i fachowym doradztwem. \u2705 Tutaj kupisz produkty DJI, Yuneec, Parrot, Syma i wiele innych, a tak\u017ce kursy i licencje na operatora drona.\",\"breadcrumb\":{\"@id\":\"https:\/\/ironsky.pl\/sklep\/produkt\/lampa-na-monitor-yeelight-light-bar-ylodj-0027-czarna\/#breadcrumb\"},\"inLanguage\":\"pl-PL\",\"potentialAction\":[{\"@type\":\"ReadAction\",\"target\":[\"https:\/\/ironsky.pl\/sklep\/produkt\/lampa-na-monitor-yeelight-light-bar-ylodj-0027-czarna\/\"]}]},{\"@type\":\"ImageObject\",\"inLanguage\":\"pl-PL\",\"@id\":\"https:\/\/ironsky.pl\/sklep\/produkt\/lampa-na-monitor-yeelight-light-bar-ylodj-0027-czarna\/#primaryimage\",\"url\":\"https:\/\/ironsky.pl\/sklep\/wp-content\/uploads\/2026\/04\/24155_1.jpg\",\"contentUrl\":\"https:\/\/ironsky.pl\/sklep\/wp-content\/uploads\/2026\/04\/24155_1.jpg\",\"width\":800,\"height\":800},{\"@type\":\"BreadcrumbList\",\"@id\":\"https:\/\/ironsky.pl\/sklep\/produkt\/lampa-na-monitor-yeelight-light-bar-ylodj-0027-czarna\/#breadcrumb\",\"itemListElement\":[{\"@type\":\"ListItem\",\"position\":1,\"name\":\"Strona g\u0142\u00f3wna\",\"item\":\"https:\/\/ironsky.pl\/sklep\/\"},{\"@type\":\"ListItem\",\"position\":2,\"name\":\"Wszystkie produkty\",\"item\":\"https:\/\/ironsky.pl\/sklep\/produkty\/\"},{\"@type\":\"ListItem\",\"position\":3,\"name\":\"Lampa na monitor Yeelight Light Bar YLODJ-0027 (Czarna)\"}]},{\"@type\":\"WebSite\",\"@id\":\"https:\/\/ironsky.pl\/sklep\/#website\",\"url\":\"https:\/\/ironsky.pl\/sklep\/\",\"name\":\"IRONSKY.PL Sklep z Dronami\",\"description\":\"IRONSKY.PL Sklep z Dronami\",\"potentialAction\":[{\"@type\":\"SearchAction\",\"target\":{\"@type\":\"EntryPoint\",\"urlTemplate\":\"https:\/\/ironsky.pl\/sklep\/?s={search_term_string}\"},\"query-input\":{\"@type\":\"PropertyValueSpecification\",\"valueRequired\":true,\"valueName\":\"search_term_string\"}}],\"inLanguage\":\"pl-PL\"}]}<\/script>\n<!-- \/ Yoast SEO plugin. -->","yoast_head_json":{"title":"Lampa na monitor Yeelight Light Bar YLODJ-0027 (Czarna) - IRONSKY.PL Sklep z Dronami","description":"Lampa na monitor Yeelight Light Bar YLODJ-0027 (Czarna) - \u2705 sklep z dronami i fachowym doradztwem. \u2705 Tutaj kupisz produkty DJI, Yuneec, Parrot, Syma i wiele innych, a tak\u017ce kursy i licencje na operatora drona.","robots":{"index":"index","follow":"follow","max-snippet":"max-snippet:-1","max-image-preview":"max-image-preview:large","max-video-preview":"max-video-preview:-1"},"canonical":"https:\/\/ironsky.pl\/sklep\/produkt\/lampa-na-monitor-yeelight-light-bar-ylodj-0027-czarna\/","og_locale":"pl_PL","og_type":"article","og_title":"Lampa na monitor Yeelight Light Bar YLODJ-0027 (Czarna) - IRONSKY.PL Sklep z Dronami","og_description":"Lampa na monitor Yeelight Light Bar YLODJ-0027 (Czarna) - \u2705 sklep z dronami i fachowym doradztwem. \u2705 Tutaj kupisz produkty DJI, Yuneec, Parrot, Syma i wiele innych, a tak\u017ce kursy i licencje na operatora drona.","og_url":"https:\/\/ironsky.pl\/sklep\/produkt\/lampa-na-monitor-yeelight-light-bar-ylodj-0027-czarna\/","og_site_name":"IRONSKY.PL Sklep z Dronami","article_modified_time":"2026-04-15T08:12:11+00:00","og_image":[{"width":800,"height":800,"url":"https:\/\/ironsky.pl\/sklep\/wp-content\/uploads\/2026\/04\/24155_1.jpg","type":"image\/jpeg"}],"twitter_card":"summary_large_image","twitter_misc":{"Szacowany czas czytania":"3 minuty"},"schema":{"@context":"https:\/\/schema.org","@graph":[{"@type":"WebPage","@id":"https:\/\/ironsky.pl\/sklep\/produkt\/lampa-na-monitor-yeelight-light-bar-ylodj-0027-czarna\/","url":"https:\/\/ironsky.pl\/sklep\/produkt\/lampa-na-monitor-yeelight-light-bar-ylodj-0027-czarna\/","name":"Lampa na monitor Yeelight Light Bar YLODJ-0027 (Czarna) - IRONSKY.PL Sklep z Dronami","isPartOf":{"@id":"https:\/\/ironsky.pl\/sklep\/#website"},"primaryImageOfPage":{"@id":"https:\/\/ironsky.pl\/sklep\/produkt\/lampa-na-monitor-yeelight-light-bar-ylodj-0027-czarna\/#primaryimage"},"image":{"@id":"https:\/\/ironsky.pl\/sklep\/produkt\/lampa-na-monitor-yeelight-light-bar-ylodj-0027-czarna\/#primaryimage"},"thumbnailUrl":"https:\/\/ironsky.pl\/sklep\/wp-content\/uploads\/2026\/04\/24155_1.jpg","datePublished":"2026-04-15T08:12:09+00:00","dateModified":"2026-04-15T08:12:11+00:00","description":"Lampa na monitor Yeelight Light Bar YLODJ-0027 (Czarna) - \u2705 sklep z dronami i fachowym doradztwem. \u2705 Tutaj kupisz produkty DJI, Yuneec, Parrot, Syma i wiele innych, a tak\u017ce kursy i licencje na operatora drona.","breadcrumb":{"@id":"https:\/\/ironsky.pl\/sklep\/produkt\/lampa-na-monitor-yeelight-light-bar-ylodj-0027-czarna\/#breadcrumb"},"inLanguage":"pl-PL","potentialAction":[{"@type":"ReadAction","target":["https:\/\/ironsky.pl\/sklep\/produkt\/lampa-na-monitor-yeelight-light-bar-ylodj-0027-czarna\/"]}]},{"@type":"ImageObject","inLanguage":"pl-PL","@id":"https:\/\/ironsky.pl\/sklep\/produkt\/lampa-na-monitor-yeelight-light-bar-ylodj-0027-czarna\/#primaryimage","url":"https:\/\/ironsky.pl\/sklep\/wp-content\/uploads\/2026\/04\/24155_1.jpg","contentUrl":"https:\/\/ironsky.pl\/sklep\/wp-content\/uploads\/2026\/04\/24155_1.jpg","width":800,"height":800},{"@type":"BreadcrumbList","@id":"https:\/\/ironsky.pl\/sklep\/produkt\/lampa-na-monitor-yeelight-light-bar-ylodj-0027-czarna\/#breadcrumb","itemListElement":[{"@type":"ListItem","position":1,"name":"Strona g\u0142\u00f3wna","item":"https:\/\/ironsky.pl\/sklep\/"},{"@type":"ListItem","position":2,"name":"Wszystkie produkty","item":"https:\/\/ironsky.pl\/sklep\/produkty\/"},{"@type":"ListItem","position":3,"name":"Lampa na monitor Yeelight Light Bar YLODJ-0027 (Czarna)"}]},{"@type":"WebSite","@id":"https:\/\/ironsky.pl\/sklep\/#website","url":"https:\/\/ironsky.pl\/sklep\/","name":"IRONSKY.PL Sklep z Dronami","description":"IRONSKY.PL Sklep z Dronami","potentialAction":[{"@type":"SearchAction","target":{"@type":"EntryPoint","urlTemplate":"https:\/\/ironsky.pl\/sklep\/?s={search_term_string}"},"query-input":{"@type":"PropertyValueSpecification","valueRequired":true,"valueName":"search_term_string"}}],"inLanguage":"pl-PL"}]}},"_links":{"self":[{"href":"https:\/\/ironsky.pl\/sklep\/wp-json\/wp\/v2\/product\/56167","targetHints":{"allow":["GET"]}}],"collection":[{"href":"https:\/\/ironsky.pl\/sklep\/wp-json\/wp\/v2\/product"}],"about":[{"href":"https:\/\/ironsky.pl\/sklep\/wp-json\/wp\/v2\/types\/product"}],"replies":[{"embeddable":true,"href":"https:\/\/ironsky.pl\/sklep\/wp-json\/wp\/v2\/comments?post=56167"}],"wp:featuredmedia":[{"embeddable":true,"href":"https:\/\/ironsky.pl\/sklep\/wp-json\/wp\/v2\/media\/56168"}],"wp:attachment":[{"href":"https:\/\/ironsky.pl\/sklep\/wp-json\/wp\/v2\/media?parent=56167"}],"wp:term":[{"taxonomy":"product_brand","embeddable":true,"href":"https:\/\/ironsky.pl\/sklep\/wp-json\/wp\/v2\/product_brand?post=56167"},{"taxonomy":"product_cat","embeddable":true,"href":"https:\/\/ironsky.pl\/sklep\/wp-json\/wp\/v2\/product_cat?post=56167"},{"taxonomy":"product_tag","embeddable":true,"href":"https:\/\/ironsky.pl\/sklep\/wp-json\/wp\/v2\/product_tag?post=56167"}],"curies":[{"name":"wp","href":"https:\/\/api.w.org\/{rel}","templated":true}]}}