{"id":56161,"date":"2026-04-15T10:11:25","date_gmt":"2026-04-15T08:11:25","guid":{"rendered":"https:\/\/ironsky.pl\/sklep\/produkt\/aparatura-sterujaca-dji-rc-plus-matrice-30-300-350-rtk-2\/"},"modified":"2026-04-15T10:48:14","modified_gmt":"2026-04-15T08:48:14","slug":"aparatura-sterujaca-dji-rc-plus-matrice-30-300-350-rtk-2","status":"publish","type":"product","link":"https:\/\/ironsky.pl\/sklep\/produkt\/aparatura-sterujaca-dji-rc-plus-matrice-30-300-350-rtk-2\/","title":{"rendered":"Aparatura steruj\u0105ca DJI RC Plus Matrice 30\/300\/350 RTK"},"content":{"rendered":"<h3>Aparatura stworzona dla profesjonalist\u00f3w\u00a0<\/h3>\n<p>7-calowy panoramiczny ekran DJI RC Plus z funkcj\u0105 dual control jest dostosowany do potrzeb nawet najbardziej wymagaj\u0105cych u\u017cytkownik\u00f3w.<\/p>\n<p><img decoding=\"async\" src=\"\/data\/include\/cms\/enterprise\/dji-rc-plus\/matrice-30-nowa-aparatura-v2.jpg\" border=\"0\" width=\"100%\" height=\"NaN\" \/><\/p>\n<h3>Przystosowana do pracy w wymagaj\u0105cym \u015brodowisku\u00a0<\/h3>\n<p>Aparatura DJI RC Plus zosta\u0142a zaprojektowana tak aby sprosta\u0107 nawet najtrudniejszym warunkom atmosferycznym. Stopie\u0144 ochrony IP54 i mo\u017cliwo\u015b\u0107 pracy w temperaturach\u00a0-20\u00b0C to 50\u00b0C sprawia, \u017ce\u00a0DJI RC Plus to najlepsze rozwi\u0105zania dla profesjonalist\u00f3w.<\/p>\n<p><img decoding=\"async\" src=\"\/data\/include\/cms\/enterprise\/dji-rc-plus\/matrice-30-aparatura-ip54.jpg\" border=\"0\" width=\"100%\" height=\"NaN\" \/><\/p>\n<h3>Cztery anteny OcuSync 3 Enterprise\u00a0<\/h3>\n<p>Obejmij zasi\u0119giem wi\u0119kszy obszar dzi\u0119ki stabilnej transmisji wideo i od\u0142\u0105czanym podw\u00f3jnym antenom.<\/p>\n<p><img decoding=\"async\" src=\"\/data\/include\/cms\/enterprise\/dji-rc-plus\/matrice-30-aparatura-ocusync3-enterprise.jpg\" border=\"0\" width=\"100%\" height=\"NaN\" \/><\/p>\n<h3>Modu\u0142 \u0142\u0105czno\u015bci kom\u00f3rkowej 4G<\/h3>\n<p>Do\u0142\u0105cz modu\u0142 kom\u00f3rkowy DJI Cellular Module aby uzyska\u0107 lepsz\u0105 \u0142\u0105czno\u015b\u0107 w zasi\u0119gu sieci 4G\u00a0i rozszerzy\u0107 mo\u017cliwo\u015bci OcuSync 3 Enterprise.<\/p>\n<p><img decoding=\"async\" src=\"\/data\/include\/cms\/enterprise\/dji-rc-plus\/matrice-30-aparatura-modul-4g.jpg\" border=\"0\" width=\"100%\" height=\"NaN\" \/><\/p>\n<h3>Wyd\u0142u\u017cony czas pracy urz\u0105dzenia\u00a0<\/h3>\n<p>Wbudowany i zewn\u0119trzny akumulator zapewnia do 6 godzin czasu pracy. Dzi\u0119ki funkcji hot-swap mo\u017cna wymienia\u0107 akumulator bez konieczno\u015bci wy\u0142\u0105czania aparatury.<\/p>\n<p><img decoding=\"async\" src=\"\/data\/include\/cms\/enterprise\/dji-rc-plus\/matrice-30-aparatura-wydluzony-czas-pracy-baterii.jpg\" border=\"0\" width=\"100%\" height=\"NaN\" \/><\/p>\n<h3>Zawarto\u015b\u0107 zestawu:<\/h3>\n<ul>\n<li>Aparatura steruj\u0105ca DJI RC Plus<\/li>\n<\/ul>\n<div class=\"table-wrapper\">\n<table>\n<tbody>\n<tr>\n<td>Ekran<\/td>\n<td>Ekran dotykowy LCD o przek\u0105tnej 7,02 cala, rozdzielczo\u015bci 1920\u00d71200 pikseli i wysokiej jasno\u015bci 1200 cd\/m2<\/td>\n<\/tr>\n<tr>\n<td>Wbudowany akumulator<\/td>\n<td>Typ: Li-ion (6500 mAh @ 7,2 V)<br \/>Spos\u00f3b \u0142adowania: za pomoc\u0105 Battery Station BS30 lub \u0142adowarki USB-C o maksymalnej mocy znamionowej 65 W (maks. napi\u0119cie 20 V)<br \/>Czas \u0142adowania: 2 godziny<br \/>Sk\u0142ad chemiczny: LiNiCoAIO2<\/td>\n<\/tr>\n<tr>\n<td>Zewn\u0119trzny akumulator WB37<\/td>\n<td>Pojemno\u015b\u0107: 4920 mAh<br \/>Napi\u0119cie: 7,6 V<br \/>Typ akumulatora: Li-ion<br \/>Energia: 37,39 Wh<br \/>Sk\u0142ad chemiczny: LiCoO2<\/td>\n<\/tr>\n<tr>\n<td>Czas pracy[1]<\/td>\n<td>Wbudowany akumulator: Oko\u0142o 3 godz. 18 min<br \/>Wbudowany akumulator + zewn\u0119trzny akumulator: Oko\u0142o 6 godzin<\/td>\n<\/tr>\n<tr>\n<td>Stopie\u0144 ochrony[2]<\/td>\n<td>IP54<\/td>\n<\/tr>\n<tr>\n<td>GNSS<\/td>\n<td>GPS+Galileo+BeiDou<\/td>\n<\/tr>\n<tr>\n<td>Temperatura pracy<\/td>\n<td>-20\u00b0 do 50\u00b0 C<\/td>\n<\/tr>\n<tr>\n<td>Kompatybilno\u015b\u0107<\/td>\n<td>Matrice 30\/30T, Matrice 300\/350 RTK<\/td>\n<\/tr>\n<\/tbody>\n<\/table>\n<\/div>\n","protected":false},"excerpt":{"rendered":"<p>Aparatura stworzona dla profesjonalist\u00f3w\u00a0 7-calowy panoramiczny ekran DJI RC Plus z funkcj\u0105 dual control jest dostosowany do potrzeb nawet najbardziej<\/p>\n","protected":false},"featured_media":56162,"comment_status":"closed","ping_status":"open","template":"","meta":{"_acf_changed":false},"product_brand":[],"product_cat":[6169,1088,1105],"product_tag":[],"class_list":{"0":"post-56161","1":"product","2":"type-product","3":"status-publish","4":"has-post-thumbnail","6":"product_cat-akcesoria-i-czesci","7":"product_cat-drony","8":"product_cat-przemyslowe","9":"pa_okres-gwarancji-5757","10":"pa_producent-dji-enterprise","12":"first","13":"instock","14":"taxable","15":"shipping-taxable","16":"purchasable","17":"product-type-simple"},"acf":[],"yoast_head":"<!-- This site is optimized with the Yoast SEO plugin v27.2 - https:\/\/yoast.com\/product\/yoast-seo-wordpress\/ -->\n<title>Aparatura steruj\u0105ca DJI RC Plus Matrice 30\/300\/350 RTK - IRONSKY.PL Sklep z Dronami<\/title>\n<meta name=\"description\" content=\"Aparatura steruj\u0105ca DJI RC Plus Matrice 30\/300\/350 RTK - \u2705 sklep z dronami i fachowym doradztwem. \u2705 Tutaj kupisz produkty DJI, Yuneec, Parrot, Syma i wiele innych, a tak\u017ce kursy i licencje na operatora drona.\" \/>\n<meta name=\"robots\" content=\"index, follow, max-snippet:-1, max-image-preview:large, max-video-preview:-1\" \/>\n<link rel=\"canonical\" href=\"https:\/\/ironsky.pl\/sklep\/produkt\/aparatura-sterujaca-dji-rc-plus-matrice-30-300-350-rtk-2\/\" \/>\n<meta property=\"og:locale\" content=\"pl_PL\" \/>\n<meta property=\"og:type\" content=\"article\" \/>\n<meta property=\"og:title\" content=\"Aparatura steruj\u0105ca DJI RC Plus Matrice 30\/300\/350 RTK - IRONSKY.PL Sklep z Dronami\" \/>\n<meta property=\"og:description\" content=\"Aparatura steruj\u0105ca DJI RC Plus Matrice 30\/300\/350 RTK - \u2705 sklep z dronami i fachowym doradztwem. \u2705 Tutaj kupisz produkty DJI, Yuneec, Parrot, Syma i wiele innych, a tak\u017ce kursy i licencje na operatora drona.\" \/>\n<meta property=\"og:url\" content=\"https:\/\/ironsky.pl\/sklep\/produkt\/aparatura-sterujaca-dji-rc-plus-matrice-30-300-350-rtk-2\/\" \/>\n<meta property=\"og:site_name\" content=\"IRONSKY.PL Sklep z Dronami\" \/>\n<meta property=\"article:modified_time\" content=\"2026-04-15T08:48:14+00:00\" \/>\n<meta property=\"og:image\" content=\"https:\/\/ironsky.pl\/sklep\/wp-content\/uploads\/2026\/04\/23933_1.jpg\" \/>\n\t<meta property=\"og:image:width\" content=\"800\" \/>\n\t<meta property=\"og:image:height\" content=\"800\" \/>\n\t<meta property=\"og:image:type\" content=\"image\/jpeg\" \/>\n<meta name=\"twitter:card\" content=\"summary_large_image\" \/>\n<meta name=\"twitter:label1\" content=\"Szacowany czas czytania\" \/>\n\t<meta name=\"twitter:data1\" content=\"1 minuta\" \/>\n<script type=\"application\/ld+json\" class=\"yoast-schema-graph\">{\"@context\":\"https:\/\/schema.org\",\"@graph\":[{\"@type\":\"WebPage\",\"@id\":\"https:\/\/ironsky.pl\/sklep\/produkt\/aparatura-sterujaca-dji-rc-plus-matrice-30-300-350-rtk-2\/\",\"url\":\"https:\/\/ironsky.pl\/sklep\/produkt\/aparatura-sterujaca-dji-rc-plus-matrice-30-300-350-rtk-2\/\",\"name\":\"Aparatura steruj\u0105ca DJI RC Plus Matrice 30\/300\/350 RTK - IRONSKY.PL Sklep z Dronami\",\"isPartOf\":{\"@id\":\"https:\/\/ironsky.pl\/sklep\/#website\"},\"primaryImageOfPage\":{\"@id\":\"https:\/\/ironsky.pl\/sklep\/produkt\/aparatura-sterujaca-dji-rc-plus-matrice-30-300-350-rtk-2\/#primaryimage\"},\"image\":{\"@id\":\"https:\/\/ironsky.pl\/sklep\/produkt\/aparatura-sterujaca-dji-rc-plus-matrice-30-300-350-rtk-2\/#primaryimage\"},\"thumbnailUrl\":\"https:\/\/ironsky.pl\/sklep\/wp-content\/uploads\/2026\/04\/23933_1.jpg\",\"datePublished\":\"2026-04-15T08:11:25+00:00\",\"dateModified\":\"2026-04-15T08:48:14+00:00\",\"description\":\"Aparatura steruj\u0105ca DJI RC Plus Matrice 30\/300\/350 RTK - \u2705 sklep z dronami i fachowym doradztwem. \u2705 Tutaj kupisz produkty DJI, Yuneec, Parrot, Syma i wiele innych, a tak\u017ce kursy i licencje na operatora drona.\",\"breadcrumb\":{\"@id\":\"https:\/\/ironsky.pl\/sklep\/produkt\/aparatura-sterujaca-dji-rc-plus-matrice-30-300-350-rtk-2\/#breadcrumb\"},\"inLanguage\":\"pl-PL\",\"potentialAction\":[{\"@type\":\"ReadAction\",\"target\":[\"https:\/\/ironsky.pl\/sklep\/produkt\/aparatura-sterujaca-dji-rc-plus-matrice-30-300-350-rtk-2\/\"]}]},{\"@type\":\"ImageObject\",\"inLanguage\":\"pl-PL\",\"@id\":\"https:\/\/ironsky.pl\/sklep\/produkt\/aparatura-sterujaca-dji-rc-plus-matrice-30-300-350-rtk-2\/#primaryimage\",\"url\":\"https:\/\/ironsky.pl\/sklep\/wp-content\/uploads\/2026\/04\/23933_1.jpg\",\"contentUrl\":\"https:\/\/ironsky.pl\/sklep\/wp-content\/uploads\/2026\/04\/23933_1.jpg\",\"width\":800,\"height\":800},{\"@type\":\"BreadcrumbList\",\"@id\":\"https:\/\/ironsky.pl\/sklep\/produkt\/aparatura-sterujaca-dji-rc-plus-matrice-30-300-350-rtk-2\/#breadcrumb\",\"itemListElement\":[{\"@type\":\"ListItem\",\"position\":1,\"name\":\"Strona g\u0142\u00f3wna\",\"item\":\"https:\/\/ironsky.pl\/sklep\/\"},{\"@type\":\"ListItem\",\"position\":2,\"name\":\"Wszystkie produkty\",\"item\":\"https:\/\/ironsky.pl\/sklep\/produkty\/\"},{\"@type\":\"ListItem\",\"position\":3,\"name\":\"Aparatura steruj\u0105ca DJI RC Plus Matrice 30\/300\/350 RTK\"}]},{\"@type\":\"WebSite\",\"@id\":\"https:\/\/ironsky.pl\/sklep\/#website\",\"url\":\"https:\/\/ironsky.pl\/sklep\/\",\"name\":\"IRONSKY.PL Sklep z Dronami\",\"description\":\"IRONSKY.PL Sklep z Dronami\",\"potentialAction\":[{\"@type\":\"SearchAction\",\"target\":{\"@type\":\"EntryPoint\",\"urlTemplate\":\"https:\/\/ironsky.pl\/sklep\/?s={search_term_string}\"},\"query-input\":{\"@type\":\"PropertyValueSpecification\",\"valueRequired\":true,\"valueName\":\"search_term_string\"}}],\"inLanguage\":\"pl-PL\"}]}<\/script>\n<!-- \/ Yoast SEO plugin. -->","yoast_head_json":{"title":"Aparatura steruj\u0105ca DJI RC Plus Matrice 30\/300\/350 RTK - IRONSKY.PL Sklep z Dronami","description":"Aparatura steruj\u0105ca DJI RC Plus Matrice 30\/300\/350 RTK - \u2705 sklep z dronami i fachowym doradztwem. \u2705 Tutaj kupisz produkty DJI, Yuneec, Parrot, Syma i wiele innych, a tak\u017ce kursy i licencje na operatora drona.","robots":{"index":"index","follow":"follow","max-snippet":"max-snippet:-1","max-image-preview":"max-image-preview:large","max-video-preview":"max-video-preview:-1"},"canonical":"https:\/\/ironsky.pl\/sklep\/produkt\/aparatura-sterujaca-dji-rc-plus-matrice-30-300-350-rtk-2\/","og_locale":"pl_PL","og_type":"article","og_title":"Aparatura steruj\u0105ca DJI RC Plus Matrice 30\/300\/350 RTK - IRONSKY.PL Sklep z Dronami","og_description":"Aparatura steruj\u0105ca DJI RC Plus Matrice 30\/300\/350 RTK - \u2705 sklep z dronami i fachowym doradztwem. \u2705 Tutaj kupisz produkty DJI, Yuneec, Parrot, Syma i wiele innych, a tak\u017ce kursy i licencje na operatora drona.","og_url":"https:\/\/ironsky.pl\/sklep\/produkt\/aparatura-sterujaca-dji-rc-plus-matrice-30-300-350-rtk-2\/","og_site_name":"IRONSKY.PL Sklep z Dronami","article_modified_time":"2026-04-15T08:48:14+00:00","og_image":[{"width":800,"height":800,"url":"https:\/\/ironsky.pl\/sklep\/wp-content\/uploads\/2026\/04\/23933_1.jpg","type":"image\/jpeg"}],"twitter_card":"summary_large_image","twitter_misc":{"Szacowany czas czytania":"1 minuta"},"schema":{"@context":"https:\/\/schema.org","@graph":[{"@type":"WebPage","@id":"https:\/\/ironsky.pl\/sklep\/produkt\/aparatura-sterujaca-dji-rc-plus-matrice-30-300-350-rtk-2\/","url":"https:\/\/ironsky.pl\/sklep\/produkt\/aparatura-sterujaca-dji-rc-plus-matrice-30-300-350-rtk-2\/","name":"Aparatura steruj\u0105ca DJI RC Plus Matrice 30\/300\/350 RTK - IRONSKY.PL Sklep z Dronami","isPartOf":{"@id":"https:\/\/ironsky.pl\/sklep\/#website"},"primaryImageOfPage":{"@id":"https:\/\/ironsky.pl\/sklep\/produkt\/aparatura-sterujaca-dji-rc-plus-matrice-30-300-350-rtk-2\/#primaryimage"},"image":{"@id":"https:\/\/ironsky.pl\/sklep\/produkt\/aparatura-sterujaca-dji-rc-plus-matrice-30-300-350-rtk-2\/#primaryimage"},"thumbnailUrl":"https:\/\/ironsky.pl\/sklep\/wp-content\/uploads\/2026\/04\/23933_1.jpg","datePublished":"2026-04-15T08:11:25+00:00","dateModified":"2026-04-15T08:48:14+00:00","description":"Aparatura steruj\u0105ca DJI RC Plus Matrice 30\/300\/350 RTK - \u2705 sklep z dronami i fachowym doradztwem. \u2705 Tutaj kupisz produkty DJI, Yuneec, Parrot, Syma i wiele innych, a tak\u017ce kursy i licencje na operatora drona.","breadcrumb":{"@id":"https:\/\/ironsky.pl\/sklep\/produkt\/aparatura-sterujaca-dji-rc-plus-matrice-30-300-350-rtk-2\/#breadcrumb"},"inLanguage":"pl-PL","potentialAction":[{"@type":"ReadAction","target":["https:\/\/ironsky.pl\/sklep\/produkt\/aparatura-sterujaca-dji-rc-plus-matrice-30-300-350-rtk-2\/"]}]},{"@type":"ImageObject","inLanguage":"pl-PL","@id":"https:\/\/ironsky.pl\/sklep\/produkt\/aparatura-sterujaca-dji-rc-plus-matrice-30-300-350-rtk-2\/#primaryimage","url":"https:\/\/ironsky.pl\/sklep\/wp-content\/uploads\/2026\/04\/23933_1.jpg","contentUrl":"https:\/\/ironsky.pl\/sklep\/wp-content\/uploads\/2026\/04\/23933_1.jpg","width":800,"height":800},{"@type":"BreadcrumbList","@id":"https:\/\/ironsky.pl\/sklep\/produkt\/aparatura-sterujaca-dji-rc-plus-matrice-30-300-350-rtk-2\/#breadcrumb","itemListElement":[{"@type":"ListItem","position":1,"name":"Strona g\u0142\u00f3wna","item":"https:\/\/ironsky.pl\/sklep\/"},{"@type":"ListItem","position":2,"name":"Wszystkie produkty","item":"https:\/\/ironsky.pl\/sklep\/produkty\/"},{"@type":"ListItem","position":3,"name":"Aparatura steruj\u0105ca DJI RC Plus Matrice 30\/300\/350 RTK"}]},{"@type":"WebSite","@id":"https:\/\/ironsky.pl\/sklep\/#website","url":"https:\/\/ironsky.pl\/sklep\/","name":"IRONSKY.PL Sklep z Dronami","description":"IRONSKY.PL Sklep z Dronami","potentialAction":[{"@type":"SearchAction","target":{"@type":"EntryPoint","urlTemplate":"https:\/\/ironsky.pl\/sklep\/?s={search_term_string}"},"query-input":{"@type":"PropertyValueSpecification","valueRequired":true,"valueName":"search_term_string"}}],"inLanguage":"pl-PL"}]}},"_links":{"self":[{"href":"https:\/\/ironsky.pl\/sklep\/wp-json\/wp\/v2\/product\/56161","targetHints":{"allow":["GET"]}}],"collection":[{"href":"https:\/\/ironsky.pl\/sklep\/wp-json\/wp\/v2\/product"}],"about":[{"href":"https:\/\/ironsky.pl\/sklep\/wp-json\/wp\/v2\/types\/product"}],"replies":[{"embeddable":true,"href":"https:\/\/ironsky.pl\/sklep\/wp-json\/wp\/v2\/comments?post=56161"}],"wp:featuredmedia":[{"embeddable":true,"href":"https:\/\/ironsky.pl\/sklep\/wp-json\/wp\/v2\/media\/56162"}],"wp:attachment":[{"href":"https:\/\/ironsky.pl\/sklep\/wp-json\/wp\/v2\/media?parent=56161"}],"wp:term":[{"taxonomy":"product_brand","embeddable":true,"href":"https:\/\/ironsky.pl\/sklep\/wp-json\/wp\/v2\/product_brand?post=56161"},{"taxonomy":"product_cat","embeddable":true,"href":"https:\/\/ironsky.pl\/sklep\/wp-json\/wp\/v2\/product_cat?post=56161"},{"taxonomy":"product_tag","embeddable":true,"href":"https:\/\/ironsky.pl\/sklep\/wp-json\/wp\/v2\/product_tag?post=56161"}],"curies":[{"name":"wp","href":"https:\/\/api.w.org\/{rel}","templated":true}]}}