{"id":56149,"date":"2026-04-15T10:11:25","date_gmt":"2026-04-15T08:11:25","guid":{"rendered":"https:\/\/ironsky.pl\/sklep\/produkt\/megafon-z-oswietleniem-chengzhi-lp12-do-dji-matrice-30\/"},"modified":"2026-04-15T10:48:11","modified_gmt":"2026-04-15T08:48:11","slug":"megafon-z-oswietleniem-chengzhi-lp12-do-dji-matrice-30","status":"publish","type":"product","link":"https:\/\/ironsky.pl\/sklep\/produkt\/megafon-z-oswietleniem-chengzhi-lp12-do-dji-matrice-30\/","title":{"rendered":"Megafon z o\u015bwietleniem CHENGZHI LP12 do DJI Matrice 30"},"content":{"rendered":"<h3>Megafon z o\u015bwietleniem LP12<\/h3>\n<p>LP12 to urz\u0105dzenie ze zintegrowanym reflektorem i megafonem, zaprojektowane specjalnie dla najnowszej serii dron\u00f3w DJI Matrice 30 i 30T. Dzi\u0119ki swojej aerodynamicznej konstrukcji, skutecznie zmniejsza wsp\u00f3\u0142czynnik oporu wiatru i wyd\u0142u\u017ca czas lotu drona. LP12 to jak dot\u0105d, jedyne obci\u0105\u017cenie u\u017cytkowe, kt\u00f3re \u0142\u0105czy w sobie funkcj\u0119 o\u015bwietlenia z jednoczesn\u0105 mo\u017cliwo\u015bci\u0105 nadawania komunikat\u00f3w g\u0142osowych na du\u017ce odleg\u0142o\u015bci.<\/p>\n<p><img decoding=\"async\" src=\"\/data\/include\/cms\/enterprise\/LP12\/lp12-oswietlenie-z-megafonem-dla-drona-dji-matrice-30-30t.png\" border=\"0\" width=\"100%\" height=\"NaN\" \/><\/p>\n<h3>Najwa\u017cniejsze cechy:<\/h3>\n<ul>\n<li><strong>Kompaktowy i wydajny<\/strong><\/li>\n<p>Konstrukcja typu \u201e2 w 1\u201d do transmisji d\u017awi\u0119ku na du\u017ce odleg\u0142o\u015bci i o\u015bwietlenia<\/p>\n<li><strong>Aerodynamiczna konstrukcja<\/strong><\/li>\n<p>Zmniejszony wsp\u00f3\u0142czynnik oporu wiatru przy jednoczesnym zachowaniu wzornictwa nawi\u0105zuj\u0105cego do bry\u0142y serii DJI Matrice 30<\/p>\n<li><strong>Szybki monta\u017c i demonta\u017c\u00a0zwi\u0119kszaj\u0105cy mobilno\u015b\u0107<\/strong><\/li>\n<p>Unikalny system monta\u017cu i demonta\u017cu, OSDK Idealnie dopasowany do dron\u00f3w serii Matrice 30.<\/p>\n<li><strong>Wsparcie z aplikacj\u0105 DJI Pilot 2<\/strong><\/li>\n<p>LP12 jest w pe\u0142ni kompatybilny z najnowsz\u0105 aparatur\u0105 DJI RC Plus pracuj\u0105c\u0105 na aplikacji DJI Pilot 2, umo\u017cliwiaj\u0105c dost\u0119p do wszystkich funkcji i skr\u00f3t\u00f3w.<\/p>\n<\/ul>\n<h3>Zastosowania:<\/h3>\n<p>Megafon z o\u015bwietleniem LP12 mo\u017ce by\u0107 z powodzeniem wykorzystywany w wszelkiego rodzaju patrolach, dzia\u0142aniach koordynacyjnych, misjach poszukiwawczo ratowniczych, imprezach masowych wsz\u0119dzie tam gdzie zachodzi potrzeba zastosowania o\u015bwietlenia i przekazywania sygna\u0142\u00f3w d\u017awi\u0119kowych na znaczne odleg\u0142o\u015bci.<\/p>\n<ul>\n<li>obserwacja obiekt\u00f3w noc\u0105<\/li>\n<li>misje poszukiwawczo ratownicze (SAR)<\/li>\n<li>inspekcje infrastruktury<\/li>\n<li>zapobieganie kradzie\u017cy surowc\u00f3w z wagon\u00f3w kolejowych<\/li>\n<\/ul>\n<p><video autoplay muted loop style=\"width: 100%; height: auto;\" width=\"300\" height=\"150\"><source src=\"https:\/\/enterprise.dji-ars.pl\/wp-content\/uploads\/2022\/03\/LP12.mp4\" type=\"video\/mp4\" \/><\/video><\/p>\n<h3>Zawarto\u015b\u0107 zestawu<\/h3>\n<ul>\n<li>Megafon\u00a0z o\u015bwietleniem LP12<\/li>\n<li>Walizka transportowa<\/li>\n<\/ul>\n<div class=\"table-wrapper\">\n<table>\n<tbody>\n<tr>\n<th>Model<\/th>\n<td>LP12<\/td>\n<\/tr>\n<tr>\n<th>Interfejs<\/th>\n<td>DJI\u00a0OSDK<\/td>\n<\/tr>\n<tr>\n<th>Masa<\/th>\n<td>270 g (bez uchywtu monta\u017cowego)<br \/>283 g (z uchwytem monta\u017cowym)<\/td>\n<\/tr>\n<tr>\n<th>Wymiary<\/th>\n<td>162 x 115 x 75 mm<\/td>\n<\/tr>\n<tr>\n<th>Moc<\/th>\n<td>Tryb standardowy: 30W<br \/>Tryb Ultra bright i Flash: 40 W<\/td>\n<\/tr>\n<tr>\n<th>Napi\u0119cie zasilania<\/th>\n<td>24 V<\/td>\n<\/tr>\n<tr>\n<th>Strumie\u0144 \u015bwietlny<\/th>\n<td>2700lm\u00a0\u00b1 3%<\/td>\n<\/tr>\n<tr>\n<th>Pole \u015bwiecenia<\/th>\n<td>13\u00b0<\/td>\n<\/tr>\n<tr>\n<th>\u015arednica punktu \u015bwietlnego<\/th>\n<td>>34 m (odleg\u0142o\u015b\u0107: 150 m)<br \/>29,6 m (odleg\u0142o\u015b\u0107: 130 m)<br \/>22,8 m (odleg\u0142o\u015b\u0107: 100 m)<br \/>11,4 m (odleg\u0142o\u015b\u0107: 50 m)<\/td>\n<\/tr>\n<tr>\n<th><span>O\u015bwietlony obszar<\/th>\n<td>102 \u33a1 \uff08odleg\u0142o\u015b\u0107: 50m)<br \/>407 \u33a1\uff08odleg\u0142o\u015b\u0107: 100m)<br \/>688 \u33a1\uff08odleg\u0142o\u015b\u0107: 130m)<br \/>917 \u33a1\uff08odleg\u0142o\u015b\u0107: 150m)<\/td>\n<\/tr>\n<tr>\n<th>Centralne nat\u0119\u017cenie o\u015bwietlenia<\/th>\n<td>20Lux (odleg\u0142o\u015b\u0107\uff1a50m)<br \/>4.5Lux (odleg\u0142o\u015b\u0107\uff1a100m)<br \/>2.5Lux (odleg\u0142o\u015b\u0107\uff1a130m)<br \/>1.7Lux (odleg\u0142o\u015b\u0107\uff1a150m)<\/td>\n<\/tr>\n<tr>\n<th>Zakres ruchu gimbala<\/th>\n<td>O\u015b Pitch -120\u00b0~+45\u00b0<\/td>\n<\/tr>\n<tr>\n<th>Maksymalne nat\u0119\u017cenie d\u017awi\u0119ku<\/th>\n<td>122 dB<\/td>\n<\/tr>\n<tr>\n<th>Skuteczno\u015b\u0107 nadawania<\/th>\n<td>200m@74db<br \/>350m@69db<\/td>\n<\/tr>\n<tr>\n<th>Metoda nadawania<\/span><\/span><\/th>\n<td>Przesy\u0142anie pliku nagra\u0144<br \/>Odtwarzanie pliku audio<br \/>Zamiana tekst na mow\u0119 (obs\u0142uga wielu j\u0119zyk\u00f3w)<br \/>Odtwarzanie d\u017awi\u0119ku otoczenia<\/td>\n<\/tr>\n<tr>\n<th>Formaty d\u017awi\u0119ku<\/th>\n<td>mp3\/wav\/m4a\/flac\/aac<\/td>\n<\/tr>\n<tr>\n<th>Kompatybilne aplikacje<\/th>\n<td>CZZN Pop-up Window<br \/>DJI Pilot 2<\/td>\n<\/tr>\n<tr>\n<th>Temperatura pracy<\/th>\n<td>-20\u00b0C~+50\u00b0C<\/td>\n<\/tr>\n<\/tbody>\n<\/table>\n<\/div>\n","protected":false},"excerpt":{"rendered":"<p>Megafon z o\u015bwietleniem LP12 LP12 to urz\u0105dzenie ze zintegrowanym reflektorem i megafonem, zaprojektowane specjalnie dla najnowszej serii dron\u00f3w DJI Matrice<\/p>\n","protected":false},"featured_media":56150,"comment_status":"closed","ping_status":"open","template":"","meta":{"_acf_changed":false},"product_brand":[],"product_cat":[6169,1088,1105],"product_tag":[],"class_list":{"0":"post-56149","1":"product","2":"type-product","3":"status-publish","4":"has-post-thumbnail","6":"product_cat-akcesoria-i-czesci","7":"product_cat-drony","8":"product_cat-przemyslowe","9":"pa_producent-chengzhi","11":"first","12":"outofstock","13":"taxable","14":"shipping-taxable","15":"purchasable","16":"product-type-simple"},"acf":[],"yoast_head":"<!-- This site is optimized with the Yoast SEO plugin v27.2 - https:\/\/yoast.com\/product\/yoast-seo-wordpress\/ -->\n<title>Megafon z o\u015bwietleniem CHENGZHI LP12 do DJI Matrice 30 - IRONSKY.PL Sklep z Dronami<\/title>\n<meta name=\"description\" content=\"Megafon z o\u015bwietleniem CHENGZHI LP12 do DJI Matrice 30 - \u2705 sklep z dronami i fachowym doradztwem. \u2705 Tutaj kupisz produkty DJI, Yuneec, Parrot, Syma i wiele innych, a tak\u017ce kursy i licencje na operatora drona.\" \/>\n<meta name=\"robots\" content=\"index, follow, max-snippet:-1, max-image-preview:large, max-video-preview:-1\" \/>\n<link rel=\"canonical\" href=\"https:\/\/ironsky.pl\/sklep\/produkt\/megafon-z-oswietleniem-chengzhi-lp12-do-dji-matrice-30\/\" \/>\n<meta property=\"og:locale\" content=\"pl_PL\" \/>\n<meta property=\"og:type\" content=\"article\" \/>\n<meta property=\"og:title\" content=\"Megafon z o\u015bwietleniem CHENGZHI LP12 do DJI Matrice 30 - IRONSKY.PL Sklep z Dronami\" \/>\n<meta property=\"og:description\" content=\"Megafon z o\u015bwietleniem CHENGZHI LP12 do DJI Matrice 30 - \u2705 sklep z dronami i fachowym doradztwem. \u2705 Tutaj kupisz produkty DJI, Yuneec, Parrot, Syma i wiele innych, a tak\u017ce kursy i licencje na operatora drona.\" \/>\n<meta property=\"og:url\" content=\"https:\/\/ironsky.pl\/sklep\/produkt\/megafon-z-oswietleniem-chengzhi-lp12-do-dji-matrice-30\/\" \/>\n<meta property=\"og:site_name\" content=\"IRONSKY.PL Sklep z Dronami\" \/>\n<meta property=\"article:modified_time\" content=\"2026-04-15T08:48:11+00:00\" \/>\n<meta property=\"og:image\" content=\"https:\/\/ironsky.pl\/sklep\/wp-content\/uploads\/2026\/04\/23895_1.webp\" \/>\n\t<meta property=\"og:image:width\" content=\"800\" \/>\n\t<meta property=\"og:image:height\" content=\"800\" \/>\n\t<meta property=\"og:image:type\" content=\"image\/webp\" \/>\n<meta name=\"twitter:card\" content=\"summary_large_image\" \/>\n<meta name=\"twitter:label1\" content=\"Szacowany czas czytania\" \/>\n\t<meta name=\"twitter:data1\" content=\"2 minuty\" \/>\n<script type=\"application\/ld+json\" class=\"yoast-schema-graph\">{\"@context\":\"https:\/\/schema.org\",\"@graph\":[{\"@type\":\"WebPage\",\"@id\":\"https:\/\/ironsky.pl\/sklep\/produkt\/megafon-z-oswietleniem-chengzhi-lp12-do-dji-matrice-30\/\",\"url\":\"https:\/\/ironsky.pl\/sklep\/produkt\/megafon-z-oswietleniem-chengzhi-lp12-do-dji-matrice-30\/\",\"name\":\"Megafon z o\u015bwietleniem CHENGZHI LP12 do DJI Matrice 30 - IRONSKY.PL Sklep z Dronami\",\"isPartOf\":{\"@id\":\"https:\/\/ironsky.pl\/sklep\/#website\"},\"primaryImageOfPage\":{\"@id\":\"https:\/\/ironsky.pl\/sklep\/produkt\/megafon-z-oswietleniem-chengzhi-lp12-do-dji-matrice-30\/#primaryimage\"},\"image\":{\"@id\":\"https:\/\/ironsky.pl\/sklep\/produkt\/megafon-z-oswietleniem-chengzhi-lp12-do-dji-matrice-30\/#primaryimage\"},\"thumbnailUrl\":\"https:\/\/ironsky.pl\/sklep\/wp-content\/uploads\/2026\/04\/23895_1.webp\",\"datePublished\":\"2026-04-15T08:11:25+00:00\",\"dateModified\":\"2026-04-15T08:48:11+00:00\",\"description\":\"Megafon z o\u015bwietleniem CHENGZHI LP12 do DJI Matrice 30 - \u2705 sklep z dronami i fachowym doradztwem. \u2705 Tutaj kupisz produkty DJI, Yuneec, Parrot, Syma i wiele innych, a tak\u017ce kursy i licencje na operatora drona.\",\"breadcrumb\":{\"@id\":\"https:\/\/ironsky.pl\/sklep\/produkt\/megafon-z-oswietleniem-chengzhi-lp12-do-dji-matrice-30\/#breadcrumb\"},\"inLanguage\":\"pl-PL\",\"potentialAction\":[{\"@type\":\"ReadAction\",\"target\":[\"https:\/\/ironsky.pl\/sklep\/produkt\/megafon-z-oswietleniem-chengzhi-lp12-do-dji-matrice-30\/\"]}]},{\"@type\":\"ImageObject\",\"inLanguage\":\"pl-PL\",\"@id\":\"https:\/\/ironsky.pl\/sklep\/produkt\/megafon-z-oswietleniem-chengzhi-lp12-do-dji-matrice-30\/#primaryimage\",\"url\":\"https:\/\/ironsky.pl\/sklep\/wp-content\/uploads\/2026\/04\/23895_1.webp\",\"contentUrl\":\"https:\/\/ironsky.pl\/sklep\/wp-content\/uploads\/2026\/04\/23895_1.webp\",\"width\":800,\"height\":800},{\"@type\":\"BreadcrumbList\",\"@id\":\"https:\/\/ironsky.pl\/sklep\/produkt\/megafon-z-oswietleniem-chengzhi-lp12-do-dji-matrice-30\/#breadcrumb\",\"itemListElement\":[{\"@type\":\"ListItem\",\"position\":1,\"name\":\"Strona g\u0142\u00f3wna\",\"item\":\"https:\/\/ironsky.pl\/sklep\/\"},{\"@type\":\"ListItem\",\"position\":2,\"name\":\"Wszystkie produkty\",\"item\":\"https:\/\/ironsky.pl\/sklep\/produkty\/\"},{\"@type\":\"ListItem\",\"position\":3,\"name\":\"Megafon z o\u015bwietleniem CHENGZHI LP12 do DJI Matrice 30\"}]},{\"@type\":\"WebSite\",\"@id\":\"https:\/\/ironsky.pl\/sklep\/#website\",\"url\":\"https:\/\/ironsky.pl\/sklep\/\",\"name\":\"IRONSKY.PL Sklep z Dronami\",\"description\":\"IRONSKY.PL Sklep z Dronami\",\"potentialAction\":[{\"@type\":\"SearchAction\",\"target\":{\"@type\":\"EntryPoint\",\"urlTemplate\":\"https:\/\/ironsky.pl\/sklep\/?s={search_term_string}\"},\"query-input\":{\"@type\":\"PropertyValueSpecification\",\"valueRequired\":true,\"valueName\":\"search_term_string\"}}],\"inLanguage\":\"pl-PL\"}]}<\/script>\n<!-- \/ Yoast SEO plugin. -->","yoast_head_json":{"title":"Megafon z o\u015bwietleniem CHENGZHI LP12 do DJI Matrice 30 - IRONSKY.PL Sklep z Dronami","description":"Megafon z o\u015bwietleniem CHENGZHI LP12 do DJI Matrice 30 - \u2705 sklep z dronami i fachowym doradztwem. \u2705 Tutaj kupisz produkty DJI, Yuneec, Parrot, Syma i wiele innych, a tak\u017ce kursy i licencje na operatora drona.","robots":{"index":"index","follow":"follow","max-snippet":"max-snippet:-1","max-image-preview":"max-image-preview:large","max-video-preview":"max-video-preview:-1"},"canonical":"https:\/\/ironsky.pl\/sklep\/produkt\/megafon-z-oswietleniem-chengzhi-lp12-do-dji-matrice-30\/","og_locale":"pl_PL","og_type":"article","og_title":"Megafon z o\u015bwietleniem CHENGZHI LP12 do DJI Matrice 30 - IRONSKY.PL Sklep z Dronami","og_description":"Megafon z o\u015bwietleniem CHENGZHI LP12 do DJI Matrice 30 - \u2705 sklep z dronami i fachowym doradztwem. \u2705 Tutaj kupisz produkty DJI, Yuneec, Parrot, Syma i wiele innych, a tak\u017ce kursy i licencje na operatora drona.","og_url":"https:\/\/ironsky.pl\/sklep\/produkt\/megafon-z-oswietleniem-chengzhi-lp12-do-dji-matrice-30\/","og_site_name":"IRONSKY.PL Sklep z Dronami","article_modified_time":"2026-04-15T08:48:11+00:00","og_image":[{"width":800,"height":800,"url":"https:\/\/ironsky.pl\/sklep\/wp-content\/uploads\/2026\/04\/23895_1.webp","type":"image\/webp"}],"twitter_card":"summary_large_image","twitter_misc":{"Szacowany czas czytania":"2 minuty"},"schema":{"@context":"https:\/\/schema.org","@graph":[{"@type":"WebPage","@id":"https:\/\/ironsky.pl\/sklep\/produkt\/megafon-z-oswietleniem-chengzhi-lp12-do-dji-matrice-30\/","url":"https:\/\/ironsky.pl\/sklep\/produkt\/megafon-z-oswietleniem-chengzhi-lp12-do-dji-matrice-30\/","name":"Megafon z o\u015bwietleniem CHENGZHI LP12 do DJI Matrice 30 - IRONSKY.PL Sklep z Dronami","isPartOf":{"@id":"https:\/\/ironsky.pl\/sklep\/#website"},"primaryImageOfPage":{"@id":"https:\/\/ironsky.pl\/sklep\/produkt\/megafon-z-oswietleniem-chengzhi-lp12-do-dji-matrice-30\/#primaryimage"},"image":{"@id":"https:\/\/ironsky.pl\/sklep\/produkt\/megafon-z-oswietleniem-chengzhi-lp12-do-dji-matrice-30\/#primaryimage"},"thumbnailUrl":"https:\/\/ironsky.pl\/sklep\/wp-content\/uploads\/2026\/04\/23895_1.webp","datePublished":"2026-04-15T08:11:25+00:00","dateModified":"2026-04-15T08:48:11+00:00","description":"Megafon z o\u015bwietleniem CHENGZHI LP12 do DJI Matrice 30 - \u2705 sklep z dronami i fachowym doradztwem. \u2705 Tutaj kupisz produkty DJI, Yuneec, Parrot, Syma i wiele innych, a tak\u017ce kursy i licencje na operatora drona.","breadcrumb":{"@id":"https:\/\/ironsky.pl\/sklep\/produkt\/megafon-z-oswietleniem-chengzhi-lp12-do-dji-matrice-30\/#breadcrumb"},"inLanguage":"pl-PL","potentialAction":[{"@type":"ReadAction","target":["https:\/\/ironsky.pl\/sklep\/produkt\/megafon-z-oswietleniem-chengzhi-lp12-do-dji-matrice-30\/"]}]},{"@type":"ImageObject","inLanguage":"pl-PL","@id":"https:\/\/ironsky.pl\/sklep\/produkt\/megafon-z-oswietleniem-chengzhi-lp12-do-dji-matrice-30\/#primaryimage","url":"https:\/\/ironsky.pl\/sklep\/wp-content\/uploads\/2026\/04\/23895_1.webp","contentUrl":"https:\/\/ironsky.pl\/sklep\/wp-content\/uploads\/2026\/04\/23895_1.webp","width":800,"height":800},{"@type":"BreadcrumbList","@id":"https:\/\/ironsky.pl\/sklep\/produkt\/megafon-z-oswietleniem-chengzhi-lp12-do-dji-matrice-30\/#breadcrumb","itemListElement":[{"@type":"ListItem","position":1,"name":"Strona g\u0142\u00f3wna","item":"https:\/\/ironsky.pl\/sklep\/"},{"@type":"ListItem","position":2,"name":"Wszystkie produkty","item":"https:\/\/ironsky.pl\/sklep\/produkty\/"},{"@type":"ListItem","position":3,"name":"Megafon z o\u015bwietleniem CHENGZHI LP12 do DJI Matrice 30"}]},{"@type":"WebSite","@id":"https:\/\/ironsky.pl\/sklep\/#website","url":"https:\/\/ironsky.pl\/sklep\/","name":"IRONSKY.PL Sklep z Dronami","description":"IRONSKY.PL Sklep z Dronami","potentialAction":[{"@type":"SearchAction","target":{"@type":"EntryPoint","urlTemplate":"https:\/\/ironsky.pl\/sklep\/?s={search_term_string}"},"query-input":{"@type":"PropertyValueSpecification","valueRequired":true,"valueName":"search_term_string"}}],"inLanguage":"pl-PL"}]}},"_links":{"self":[{"href":"https:\/\/ironsky.pl\/sklep\/wp-json\/wp\/v2\/product\/56149","targetHints":{"allow":["GET"]}}],"collection":[{"href":"https:\/\/ironsky.pl\/sklep\/wp-json\/wp\/v2\/product"}],"about":[{"href":"https:\/\/ironsky.pl\/sklep\/wp-json\/wp\/v2\/types\/product"}],"replies":[{"embeddable":true,"href":"https:\/\/ironsky.pl\/sklep\/wp-json\/wp\/v2\/comments?post=56149"}],"wp:featuredmedia":[{"embeddable":true,"href":"https:\/\/ironsky.pl\/sklep\/wp-json\/wp\/v2\/media\/56150"}],"wp:attachment":[{"href":"https:\/\/ironsky.pl\/sklep\/wp-json\/wp\/v2\/media?parent=56149"}],"wp:term":[{"taxonomy":"product_brand","embeddable":true,"href":"https:\/\/ironsky.pl\/sklep\/wp-json\/wp\/v2\/product_brand?post=56149"},{"taxonomy":"product_cat","embeddable":true,"href":"https:\/\/ironsky.pl\/sklep\/wp-json\/wp\/v2\/product_cat?post=56149"},{"taxonomy":"product_tag","embeddable":true,"href":"https:\/\/ironsky.pl\/sklep\/wp-json\/wp\/v2\/product_tag?post=56149"}],"curies":[{"name":"wp","href":"https:\/\/api.w.org\/{rel}","templated":true}]}}