{"id":56143,"date":"2026-04-15T10:11:25","date_gmt":"2026-04-15T08:11:25","guid":{"rendered":"https:\/\/ironsky.pl\/sklep\/produkt\/obudowa-ochronna-dji-action-2-magnetyczna\/"},"modified":"2026-04-15T10:48:10","modified_gmt":"2026-04-15T08:48:10","slug":"obudowa-ochronna-dji-action-2-magnetyczna","status":"publish","type":"product","link":"https:\/\/ironsky.pl\/sklep\/produkt\/obudowa-ochronna-dji-action-2-magnetyczna\/","title":{"rendered":"Obudowa ochronna DJI Action 2 magnetyczna"},"content":{"rendered":"<h3>Magnetyczna obudowa ochronna do DJI Action 2<\/h3>\n<p>Zadbaj o bezpiecze\u0144stwo swojej kamery DJI Action 2 i zwi\u0119ksz jej wydajno\u015b\u0107. Magnetyczna obudowa DJI ochroni urz\u0105dzenie przed zadrapaniami, uderzeniami i otarciami. Ju\u017c nie musisz obawia\u0107 si\u0119 jego uszkodzenia! Akcesorium powsta\u0142o z odpornego na ciep\u0142o polimeru, dzi\u0119ki czemu mo\u017ce te\u017c optymalizowa\u0107 prac\u0119 kamery. DJI Action 2 automatycznie wykryje, czy case jest zamontowany, po czym aktywuje zaawansowan\u0105 kontrol\u0119 ciep\u0142a, kt\u00f3ra wyd\u0142u\u017ca czas nagrywania w normalnych warunkach. Co wi\u0119cej, wchodz\u0105ca w sk\u0142ad zestawu dodatkowa obudowa zapewni ochron\u0119 r\u00f3wnie\u017c modu\u0142owi z ekranem dotykowym lub modu\u0142owi z akumulatorem.<\/p>\n<p><img decoding=\"async\" src=\"https:\/\/b2b.innpro.pl\/data\/include\/cms\/12DJI\/obudowa-Action-2\/1.jpg?v=1648540593792\" border=\"0\" alt=\"\" width=\"1100\" height=\"700\" \/><\/p>\n<h3>Uwagi<\/h3>\n<ul>\n<li>Zanim umie\u015bcisz kamer\u0119 w obudowie, wytrzyj wszystkie punkty mocowania z wody i ewentualnych plam, aby zapobiec korozji i problemom z elektryk\u0105.<\/li>\n<li>Monta\u017c magnetycznej obudowy nie wp\u0142ynie na jako\u015b\u0107 zasilania i transmisji danych DJI Action 2, modu\u0142u z ekranem dotykowym i modu\u0142u z akumulatorem.<\/li>\n<li>Zanim rozpoczniesz nagrywanie, upewnij si\u0119, \u017ce akcesorium zosta\u0142o poprawnie zamontowane. Nie zdejmuj magnetycznej obudowy, gdy kamera jest w\u0142\u0105czona.<\/li>\n<li>Aby zdj\u0105\u0107 magnetyczn\u0105 obudow\u0119, odsu\u0144 od niej kamer\u0119 lub odpowiedni modu\u0142.<\/li>\n<li>Ze wzgl\u0119du na lokalne przepisy prawne w niekt\u00f3rych regionach mo\u017cna wybra\u0107 tylko standardowe ustawienie 48\u00b0C Auto-Stop Rec Temp.<\/li>\n<\/ul>\n<h3>W zestawie<\/h3>\n<ul>\n<li>1x magnetyczna obudowa ochronna (obudowa sk\u0142ada si\u0119 z 2 cz\u0119\u015bci &#8211; jedna jest przeznaczona dla kamery DJI Action 2, a druga dla modu\u0142u z ekranem dotykowym lub modu\u0142u z akumulatorem)<\/li>\n<\/ul>\n<div class=\"table-wrapper\">\n<table>\n<tbody>\n<tr>\n<th>Producent<\/th>\n<td>DJI<\/td>\n<\/tr>\n<tr>\n<th>Nazwa<\/th>\n<td>DJI Action 2 Magnetic Protection Case<\/td>\n<\/tr>\n<tr>\n<th>Kompatybilno\u015b\u0107<\/th>\n<td>Kamera DJI Action 2, modu\u0142 z ekranem dotykowym, modu\u0142 z akumulatorem<\/td>\n<\/tr>\n<\/tbody>\n<\/table>\n<p>\u00a0<\/p>\n<p>\u00a0<\/p>\n<\/div>\n","protected":false},"excerpt":{"rendered":"<p>Magnetyczna obudowa ochronna do DJI Action 2 Zadbaj o bezpiecze\u0144stwo swojej kamery DJI Action 2 i zwi\u0119ksz jej wydajno\u015b\u0107. Magnetyczna<\/p>\n","protected":false},"featured_media":56144,"comment_status":"closed","ping_status":"open","template":"","meta":{"_acf_changed":false},"product_brand":[],"product_cat":[1130,1137,1128],"product_tag":[],"class_list":{"0":"post-56143","1":"product","2":"type-product","3":"status-publish","4":"has-post-thumbnail","6":"product_cat-akcesoria-foto","7":"product_cat-do-kamer-sportowych","8":"product_cat-foto-wideo","9":"pa_okres-gwarancji-5754","10":"pa_producent-dji","12":"first","13":"outofstock","14":"taxable","15":"shipping-taxable","16":"purchasable","17":"product-type-simple"},"acf":[],"yoast_head":"<!-- This site is optimized with the Yoast SEO plugin v27.2 - https:\/\/yoast.com\/product\/yoast-seo-wordpress\/ -->\n<title>Obudowa ochronna DJI Action 2 magnetyczna - IRONSKY.PL Sklep z Dronami<\/title>\n<meta name=\"description\" content=\"Obudowa ochronna DJI Action 2 magnetyczna - \u2705 sklep z dronami i fachowym doradztwem. \u2705 Tutaj kupisz produkty DJI, Yuneec, Parrot, Syma i wiele innych, a tak\u017ce kursy i licencje na operatora drona.\" \/>\n<meta name=\"robots\" content=\"index, follow, max-snippet:-1, max-image-preview:large, max-video-preview:-1\" \/>\n<link rel=\"canonical\" href=\"https:\/\/ironsky.pl\/sklep\/produkt\/obudowa-ochronna-dji-action-2-magnetyczna\/\" \/>\n<meta property=\"og:locale\" content=\"pl_PL\" \/>\n<meta property=\"og:type\" content=\"article\" \/>\n<meta property=\"og:title\" content=\"Obudowa ochronna DJI Action 2 magnetyczna - IRONSKY.PL Sklep z Dronami\" \/>\n<meta property=\"og:description\" content=\"Obudowa ochronna DJI Action 2 magnetyczna - \u2705 sklep z dronami i fachowym doradztwem. \u2705 Tutaj kupisz produkty DJI, Yuneec, Parrot, Syma i wiele innych, a tak\u017ce kursy i licencje na operatora drona.\" \/>\n<meta property=\"og:url\" content=\"https:\/\/ironsky.pl\/sklep\/produkt\/obudowa-ochronna-dji-action-2-magnetyczna\/\" \/>\n<meta property=\"og:site_name\" content=\"IRONSKY.PL Sklep z Dronami\" \/>\n<meta property=\"article:modified_time\" content=\"2026-04-15T08:48:10+00:00\" \/>\n<meta property=\"og:image\" content=\"https:\/\/ironsky.pl\/sklep\/wp-content\/uploads\/2026\/04\/23892_3.jpg\" \/>\n\t<meta property=\"og:image:width\" content=\"800\" \/>\n\t<meta property=\"og:image:height\" content=\"800\" \/>\n\t<meta property=\"og:image:type\" content=\"image\/jpeg\" \/>\n<meta name=\"twitter:card\" content=\"summary_large_image\" \/>\n<meta name=\"twitter:label1\" content=\"Szacowany czas czytania\" \/>\n\t<meta name=\"twitter:data1\" content=\"1 minuta\" \/>\n<script type=\"application\/ld+json\" class=\"yoast-schema-graph\">{\"@context\":\"https:\/\/schema.org\",\"@graph\":[{\"@type\":\"WebPage\",\"@id\":\"https:\/\/ironsky.pl\/sklep\/produkt\/obudowa-ochronna-dji-action-2-magnetyczna\/\",\"url\":\"https:\/\/ironsky.pl\/sklep\/produkt\/obudowa-ochronna-dji-action-2-magnetyczna\/\",\"name\":\"Obudowa ochronna DJI Action 2 magnetyczna - IRONSKY.PL Sklep z Dronami\",\"isPartOf\":{\"@id\":\"https:\/\/ironsky.pl\/sklep\/#website\"},\"primaryImageOfPage\":{\"@id\":\"https:\/\/ironsky.pl\/sklep\/produkt\/obudowa-ochronna-dji-action-2-magnetyczna\/#primaryimage\"},\"image\":{\"@id\":\"https:\/\/ironsky.pl\/sklep\/produkt\/obudowa-ochronna-dji-action-2-magnetyczna\/#primaryimage\"},\"thumbnailUrl\":\"https:\/\/ironsky.pl\/sklep\/wp-content\/uploads\/2026\/04\/23892_3.jpg\",\"datePublished\":\"2026-04-15T08:11:25+00:00\",\"dateModified\":\"2026-04-15T08:48:10+00:00\",\"description\":\"Obudowa ochronna DJI Action 2 magnetyczna - \u2705 sklep z dronami i fachowym doradztwem. \u2705 Tutaj kupisz produkty DJI, Yuneec, Parrot, Syma i wiele innych, a tak\u017ce kursy i licencje na operatora drona.\",\"breadcrumb\":{\"@id\":\"https:\/\/ironsky.pl\/sklep\/produkt\/obudowa-ochronna-dji-action-2-magnetyczna\/#breadcrumb\"},\"inLanguage\":\"pl-PL\",\"potentialAction\":[{\"@type\":\"ReadAction\",\"target\":[\"https:\/\/ironsky.pl\/sklep\/produkt\/obudowa-ochronna-dji-action-2-magnetyczna\/\"]}]},{\"@type\":\"ImageObject\",\"inLanguage\":\"pl-PL\",\"@id\":\"https:\/\/ironsky.pl\/sklep\/produkt\/obudowa-ochronna-dji-action-2-magnetyczna\/#primaryimage\",\"url\":\"https:\/\/ironsky.pl\/sklep\/wp-content\/uploads\/2026\/04\/23892_3.jpg\",\"contentUrl\":\"https:\/\/ironsky.pl\/sklep\/wp-content\/uploads\/2026\/04\/23892_3.jpg\",\"width\":800,\"height\":800},{\"@type\":\"BreadcrumbList\",\"@id\":\"https:\/\/ironsky.pl\/sklep\/produkt\/obudowa-ochronna-dji-action-2-magnetyczna\/#breadcrumb\",\"itemListElement\":[{\"@type\":\"ListItem\",\"position\":1,\"name\":\"Strona g\u0142\u00f3wna\",\"item\":\"https:\/\/ironsky.pl\/sklep\/\"},{\"@type\":\"ListItem\",\"position\":2,\"name\":\"Wszystkie produkty\",\"item\":\"https:\/\/ironsky.pl\/sklep\/produkty\/\"},{\"@type\":\"ListItem\",\"position\":3,\"name\":\"Obudowa ochronna DJI Action 2 magnetyczna\"}]},{\"@type\":\"WebSite\",\"@id\":\"https:\/\/ironsky.pl\/sklep\/#website\",\"url\":\"https:\/\/ironsky.pl\/sklep\/\",\"name\":\"IRONSKY.PL Sklep z Dronami\",\"description\":\"IRONSKY.PL Sklep z Dronami\",\"potentialAction\":[{\"@type\":\"SearchAction\",\"target\":{\"@type\":\"EntryPoint\",\"urlTemplate\":\"https:\/\/ironsky.pl\/sklep\/?s={search_term_string}\"},\"query-input\":{\"@type\":\"PropertyValueSpecification\",\"valueRequired\":true,\"valueName\":\"search_term_string\"}}],\"inLanguage\":\"pl-PL\"}]}<\/script>\n<!-- \/ Yoast SEO plugin. -->","yoast_head_json":{"title":"Obudowa ochronna DJI Action 2 magnetyczna - IRONSKY.PL Sklep z Dronami","description":"Obudowa ochronna DJI Action 2 magnetyczna - \u2705 sklep z dronami i fachowym doradztwem. \u2705 Tutaj kupisz produkty DJI, Yuneec, Parrot, Syma i wiele innych, a tak\u017ce kursy i licencje na operatora drona.","robots":{"index":"index","follow":"follow","max-snippet":"max-snippet:-1","max-image-preview":"max-image-preview:large","max-video-preview":"max-video-preview:-1"},"canonical":"https:\/\/ironsky.pl\/sklep\/produkt\/obudowa-ochronna-dji-action-2-magnetyczna\/","og_locale":"pl_PL","og_type":"article","og_title":"Obudowa ochronna DJI Action 2 magnetyczna - IRONSKY.PL Sklep z Dronami","og_description":"Obudowa ochronna DJI Action 2 magnetyczna - \u2705 sklep z dronami i fachowym doradztwem. \u2705 Tutaj kupisz produkty DJI, Yuneec, Parrot, Syma i wiele innych, a tak\u017ce kursy i licencje na operatora drona.","og_url":"https:\/\/ironsky.pl\/sklep\/produkt\/obudowa-ochronna-dji-action-2-magnetyczna\/","og_site_name":"IRONSKY.PL Sklep z Dronami","article_modified_time":"2026-04-15T08:48:10+00:00","og_image":[{"width":800,"height":800,"url":"https:\/\/ironsky.pl\/sklep\/wp-content\/uploads\/2026\/04\/23892_3.jpg","type":"image\/jpeg"}],"twitter_card":"summary_large_image","twitter_misc":{"Szacowany czas czytania":"1 minuta"},"schema":{"@context":"https:\/\/schema.org","@graph":[{"@type":"WebPage","@id":"https:\/\/ironsky.pl\/sklep\/produkt\/obudowa-ochronna-dji-action-2-magnetyczna\/","url":"https:\/\/ironsky.pl\/sklep\/produkt\/obudowa-ochronna-dji-action-2-magnetyczna\/","name":"Obudowa ochronna DJI Action 2 magnetyczna - IRONSKY.PL Sklep z Dronami","isPartOf":{"@id":"https:\/\/ironsky.pl\/sklep\/#website"},"primaryImageOfPage":{"@id":"https:\/\/ironsky.pl\/sklep\/produkt\/obudowa-ochronna-dji-action-2-magnetyczna\/#primaryimage"},"image":{"@id":"https:\/\/ironsky.pl\/sklep\/produkt\/obudowa-ochronna-dji-action-2-magnetyczna\/#primaryimage"},"thumbnailUrl":"https:\/\/ironsky.pl\/sklep\/wp-content\/uploads\/2026\/04\/23892_3.jpg","datePublished":"2026-04-15T08:11:25+00:00","dateModified":"2026-04-15T08:48:10+00:00","description":"Obudowa ochronna DJI Action 2 magnetyczna - \u2705 sklep z dronami i fachowym doradztwem. \u2705 Tutaj kupisz produkty DJI, Yuneec, Parrot, Syma i wiele innych, a tak\u017ce kursy i licencje na operatora drona.","breadcrumb":{"@id":"https:\/\/ironsky.pl\/sklep\/produkt\/obudowa-ochronna-dji-action-2-magnetyczna\/#breadcrumb"},"inLanguage":"pl-PL","potentialAction":[{"@type":"ReadAction","target":["https:\/\/ironsky.pl\/sklep\/produkt\/obudowa-ochronna-dji-action-2-magnetyczna\/"]}]},{"@type":"ImageObject","inLanguage":"pl-PL","@id":"https:\/\/ironsky.pl\/sklep\/produkt\/obudowa-ochronna-dji-action-2-magnetyczna\/#primaryimage","url":"https:\/\/ironsky.pl\/sklep\/wp-content\/uploads\/2026\/04\/23892_3.jpg","contentUrl":"https:\/\/ironsky.pl\/sklep\/wp-content\/uploads\/2026\/04\/23892_3.jpg","width":800,"height":800},{"@type":"BreadcrumbList","@id":"https:\/\/ironsky.pl\/sklep\/produkt\/obudowa-ochronna-dji-action-2-magnetyczna\/#breadcrumb","itemListElement":[{"@type":"ListItem","position":1,"name":"Strona g\u0142\u00f3wna","item":"https:\/\/ironsky.pl\/sklep\/"},{"@type":"ListItem","position":2,"name":"Wszystkie produkty","item":"https:\/\/ironsky.pl\/sklep\/produkty\/"},{"@type":"ListItem","position":3,"name":"Obudowa ochronna DJI Action 2 magnetyczna"}]},{"@type":"WebSite","@id":"https:\/\/ironsky.pl\/sklep\/#website","url":"https:\/\/ironsky.pl\/sklep\/","name":"IRONSKY.PL Sklep z Dronami","description":"IRONSKY.PL Sklep z Dronami","potentialAction":[{"@type":"SearchAction","target":{"@type":"EntryPoint","urlTemplate":"https:\/\/ironsky.pl\/sklep\/?s={search_term_string}"},"query-input":{"@type":"PropertyValueSpecification","valueRequired":true,"valueName":"search_term_string"}}],"inLanguage":"pl-PL"}]}},"_links":{"self":[{"href":"https:\/\/ironsky.pl\/sklep\/wp-json\/wp\/v2\/product\/56143","targetHints":{"allow":["GET"]}}],"collection":[{"href":"https:\/\/ironsky.pl\/sklep\/wp-json\/wp\/v2\/product"}],"about":[{"href":"https:\/\/ironsky.pl\/sklep\/wp-json\/wp\/v2\/types\/product"}],"replies":[{"embeddable":true,"href":"https:\/\/ironsky.pl\/sklep\/wp-json\/wp\/v2\/comments?post=56143"}],"wp:featuredmedia":[{"embeddable":true,"href":"https:\/\/ironsky.pl\/sklep\/wp-json\/wp\/v2\/media\/56144"}],"wp:attachment":[{"href":"https:\/\/ironsky.pl\/sklep\/wp-json\/wp\/v2\/media?parent=56143"}],"wp:term":[{"taxonomy":"product_brand","embeddable":true,"href":"https:\/\/ironsky.pl\/sklep\/wp-json\/wp\/v2\/product_brand?post=56143"},{"taxonomy":"product_cat","embeddable":true,"href":"https:\/\/ironsky.pl\/sklep\/wp-json\/wp\/v2\/product_cat?post=56143"},{"taxonomy":"product_tag","embeddable":true,"href":"https:\/\/ironsky.pl\/sklep\/wp-json\/wp\/v2\/product_tag?post=56143"}],"curies":[{"name":"wp","href":"https:\/\/api.w.org\/{rel}","templated":true}]}}