{"id":56133,"date":"2026-04-15T10:11:25","date_gmt":"2026-04-15T08:11:25","guid":{"rendered":"https:\/\/ironsky.pl\/sklep\/produkt\/pilot-telesin-gp-rmt-t10-do-gopro-hero-8-13-max\/"},"modified":"2026-04-15T10:11:51","modified_gmt":"2026-04-15T08:11:51","slug":"pilot-telesin-gp-rmt-t10-do-gopro-hero-8-13-max","status":"publish","type":"product","link":"https:\/\/ironsky.pl\/sklep\/produkt\/pilot-telesin-gp-rmt-t10-do-gopro-hero-8-13-max\/","title":{"rendered":"Pilot TELESIN GP-RMT-T10 do GoPro Hero 8-13\/MAX"},"content":{"rendered":"<h3>Pilot Telesin do GoPro Hero 13 \/ 12 \/ 11 \/ 10 \/ 9 \/ 8 \/ MAX (GP-RMT-T10)<\/h3>\n<p>Pilot umo\u017cliwia zdaln\u0105 obs\u0142ug\u0119 kamer GoPro Hero 13 \/ 12 \/ 11 \/ 10 \/ 9 \/ 8 \/ MAX. Zapewnia wygodny dost\u0119p do wszystkich funkcji kamery, u\u0142atwiaj\u0105c nagrywanie efektownych film\u00f3w i tworzenie oryginalnych uj\u0119\u0107. Jego zasi\u0119g wynosi a\u017c 80 m, dzi\u0119ki czemu nie m\u00f3wisz obawia\u0107 si\u0119 zak\u0142\u00f3ce\u0144 sygna\u0142u. Obs\u0142uga urz\u0105dzenia jest niezwykle prosta, a po\u0142\u0105czenie trwa zaledwie kilka sekund. Co wi\u0119cej, pilot umo\u017cliwia obs\u0142ug\u0119 nawet pi\u0119ciu kamer jednocze\u015bnie. Do\u0142\u0105czona do zestawu opaska pozwala nosi\u0107 go jak zegarek.\u00a0<\/p>\n<p>\n<img decoding=\"async\" src=\"https:\/\/assets.innpro.pl\/7313\/8514\/1.jpg\" border=\"0\" alt=\"\" \/>\n<\/p>\n<h3>Wygodna obs\u0142uga<\/h3>\n<p>Pilot sprawdzi si\u0119 podczas g\u00f3rskich wypraw czy jazdy na rowerze. Z jego pomoc\u0105 bez trudu zrobisz zdj\u0119cie grupowe, nagrasz film, w\u0142\u0105czysz\u00a0 Timelapse czy zmienisz ustawienia kamery. Umieszczony na nadgarstku zapewnia maksymaln\u0105 wygod\u0119 i bezpiecze\u0144stwo podczas aktywnego wypoczynku.<\/p>\n<p>\n<img decoding=\"async\" src=\"https:\/\/assets.innpro.pl\/7313\/8514\/3.jpg\" border=\"0\" alt=\"\" \/>\n<\/p>\n<h3>D\u0142ugi czas pracy<\/h3>\n<p>Pilot T10 mo\u017ce dzia\u0142a\u0107 do nawet 10 godzin na jednym \u0142adowaniu. Na d\u0142ugi czas pracy wp\u0142ywa zastosowana technologia Bluetooth o niskim poborze mocy. Wygodne \u0142adowanie magnetyczne umo\u017cliwia do\u0142\u0105czony do zestawu kabel, a praktyczny ekran wy\u015bwietla informacje o poziomie na\u0142adowania zar\u00f3wno pilota, jak i kamery.\u00a0<\/p>\n<p>\n<img decoding=\"async\" src=\"https:\/\/assets.innpro.pl\/7313\/8514\/5.jpg\" border=\"0\" alt=\"\" \/>\n<\/p>\n<h3>No\u015b go jak zegarek<\/h3>\n<p>Do zestawu do\u0142\u0105czono praktyczn\u0105 opask\u0119, kt\u00f3ra zosta\u0142a wykonana z przyjaznych dla sk\u00f3ry materia\u0142\u00f3w i umo\u017cliwia zamontowanie pilota na r\u0119ce. Dzi\u0119ki temu mo\u017cesz nosi\u0107 go jak zegarek i korzysta\u0107 z niego nawet w ekstremalnych sytuacjach. Regulowana d\u0142ugo\u015b\u0107 daje gwarancj\u0119, \u017ce opaska b\u0119dzie pasowa\u0107 ka\u017cdemu u\u017cytkownikowi.<\/p>\n<p>\n<img decoding=\"async\" src=\"https:\/\/assets.innpro.pl\/7313\/8514\/4.jpg\" border=\"0\" alt=\"\" \/>\n<\/p>\n<h3>Praktyczne rozwi\u0105zania<\/h3>\n<p>Pilot zosta\u0142 wyposa\u017cony w ma\u0142y ekran, kt\u00f3ry dostarcza informacji o poziomie na\u0142adowania pilota i kamery czy czasie nagrywania. T10 jest kompatybilny z kamerami GoPro Hero 13 \/ 12 \/ 11 \/ 10 \/ 9 \/ 8 \/ MAX, co wi\u0119cej mo\u017cesz obs\u0142ugiwa\u0107 je w jednym czasie, bowiem T10 zapewnia kontrol\u0119 nad nawet 5 kamerami na raz. Du\u017ce przyciski sprawiaj\u0105, \u017ce u\u017cytkowanie pilota jest proste i przyjemne.<\/p>\n<p>\n<img decoding=\"async\" src=\"https:\/\/assets.innpro.pl\/7313\/8514\/2.jpg\" border=\"0\" alt=\"\" \/>\n<\/p>\n<h3>W zestawie:<\/h3>\n<ul class=\"list-disc pl-5\">\n<li>Pilot Telesin T10 do GoPro<\/li>\n<li>Opaska na r\u0119k\u0119<\/li>\n<li>Kabel do \u0142adowania<\/li>\n<li>Instrukcja obs\u0142ugi<\/li>\n<\/ul>\n<div class=\"table-wrapper\">\n<p>\u00a0<\/p>\n<h3><\/h3>\n<table>\n<tbody>\n<tr>\n<th>Producent <\/th>\n<td>Telesin<\/td>\n<\/tr>\n<tr>\n<th>Nazwa <\/th>\n<td>T10 Remote Control<\/td>\n<\/tr>\n<tr>\n<th>Model <\/th>\n<td>T10<\/td>\n<\/tr>\n<tr>\n<th>Kompatybilno\u015b\u0107 <\/th>\n<td>GoPro Hero 13 \/ 12 \/ 11 \/ 10 \/ 9 \/ 8 \/ MAX<\/td>\n<\/tr>\n<tr>\n<th>Rozmiar <\/th>\n<td>66 x 39.4 x 17.5 mm<\/td>\n<\/tr>\n<tr>\n<th>Waga <\/th>\n<td>36 g<\/td>\n<\/tr>\n<tr>\n<th>Materia\u0142 <\/th>\n<td>ABS + TPU (pilot), lycra + flanela (opaska)<\/td>\n<\/tr>\n<tr>\n<th>Zasi\u0119g <\/th>\n<td>80 m<\/td>\n<\/tr>\n<tr>\n<th>\u0141\u0105czno\u015b\u0107 <\/th>\n<td>Bluetooth<\/td>\n<\/tr>\n<tr>\n<th>Czas pracy <\/th>\n<td>10 h<\/td>\n<\/tr>\n<\/tbody>\n<\/table>\n<\/div>\n","protected":false},"excerpt":{"rendered":"<p>Pilot Telesin do GoPro Hero 13 \/ 12 \/ 11 \/ 10 \/ 9 \/ 8 \/ MAX (GP-RMT-T10) Pilot<\/p>\n","protected":false},"featured_media":56134,"comment_status":"closed","ping_status":"open","template":"","meta":{"_acf_changed":false},"product_brand":[],"product_cat":[1130,1137,1128],"product_tag":[],"class_list":{"0":"post-56133","1":"product","2":"type-product","3":"status-publish","4":"has-post-thumbnail","6":"product_cat-akcesoria-foto","7":"product_cat-do-kamer-sportowych","8":"product_cat-foto-wideo","9":"pa_okres-gwarancji-5754","10":"pa_producent-telesin","12":"first","13":"outofstock","14":"taxable","15":"shipping-taxable","16":"purchasable","17":"product-type-simple"},"acf":[],"yoast_head":"<!-- This site is optimized with the Yoast SEO plugin v27.2 - https:\/\/yoast.com\/product\/yoast-seo-wordpress\/ -->\n<title>Pilot TELESIN GP-RMT-T10 do GoPro Hero 8-13\/MAX - IRONSKY.PL Sklep z Dronami<\/title>\n<meta name=\"description\" content=\"Pilot TELESIN GP-RMT-T10 do GoPro Hero 8-13\/MAX - \u2705 sklep z dronami i fachowym doradztwem. \u2705 Tutaj kupisz produkty DJI, Yuneec, Parrot, Syma i wiele innych, a tak\u017ce kursy i licencje na operatora drona.\" \/>\n<meta name=\"robots\" content=\"index, follow, max-snippet:-1, max-image-preview:large, max-video-preview:-1\" \/>\n<link rel=\"canonical\" href=\"https:\/\/ironsky.pl\/sklep\/produkt\/pilot-telesin-gp-rmt-t10-do-gopro-hero-8-13-max\/\" \/>\n<meta property=\"og:locale\" content=\"pl_PL\" \/>\n<meta property=\"og:type\" content=\"article\" \/>\n<meta property=\"og:title\" content=\"Pilot TELESIN GP-RMT-T10 do GoPro Hero 8-13\/MAX - IRONSKY.PL Sklep z Dronami\" \/>\n<meta property=\"og:description\" content=\"Pilot TELESIN GP-RMT-T10 do GoPro Hero 8-13\/MAX - \u2705 sklep z dronami i fachowym doradztwem. \u2705 Tutaj kupisz produkty DJI, Yuneec, Parrot, Syma i wiele innych, a tak\u017ce kursy i licencje na operatora drona.\" \/>\n<meta property=\"og:url\" content=\"https:\/\/ironsky.pl\/sklep\/produkt\/pilot-telesin-gp-rmt-t10-do-gopro-hero-8-13-max\/\" \/>\n<meta property=\"og:site_name\" content=\"IRONSKY.PL Sklep z Dronami\" \/>\n<meta property=\"article:modified_time\" content=\"2026-04-15T08:11:51+00:00\" \/>\n<meta property=\"og:image\" content=\"https:\/\/ironsky.pl\/sklep\/wp-content\/uploads\/2026\/04\/23851_1.jpg\" \/>\n\t<meta property=\"og:image:width\" content=\"800\" \/>\n\t<meta property=\"og:image:height\" content=\"800\" \/>\n\t<meta property=\"og:image:type\" content=\"image\/jpeg\" \/>\n<meta name=\"twitter:card\" content=\"summary_large_image\" \/>\n<meta name=\"twitter:label1\" content=\"Szacowany czas czytania\" \/>\n\t<meta name=\"twitter:data1\" content=\"2 minuty\" \/>\n<script type=\"application\/ld+json\" class=\"yoast-schema-graph\">{\"@context\":\"https:\/\/schema.org\",\"@graph\":[{\"@type\":\"WebPage\",\"@id\":\"https:\/\/ironsky.pl\/sklep\/produkt\/pilot-telesin-gp-rmt-t10-do-gopro-hero-8-13-max\/\",\"url\":\"https:\/\/ironsky.pl\/sklep\/produkt\/pilot-telesin-gp-rmt-t10-do-gopro-hero-8-13-max\/\",\"name\":\"Pilot TELESIN GP-RMT-T10 do GoPro Hero 8-13\/MAX - IRONSKY.PL Sklep z Dronami\",\"isPartOf\":{\"@id\":\"https:\/\/ironsky.pl\/sklep\/#website\"},\"primaryImageOfPage\":{\"@id\":\"https:\/\/ironsky.pl\/sklep\/produkt\/pilot-telesin-gp-rmt-t10-do-gopro-hero-8-13-max\/#primaryimage\"},\"image\":{\"@id\":\"https:\/\/ironsky.pl\/sklep\/produkt\/pilot-telesin-gp-rmt-t10-do-gopro-hero-8-13-max\/#primaryimage\"},\"thumbnailUrl\":\"https:\/\/ironsky.pl\/sklep\/wp-content\/uploads\/2026\/04\/23851_1.jpg\",\"datePublished\":\"2026-04-15T08:11:25+00:00\",\"dateModified\":\"2026-04-15T08:11:51+00:00\",\"description\":\"Pilot TELESIN GP-RMT-T10 do GoPro Hero 8-13\/MAX - \u2705 sklep z dronami i fachowym doradztwem. \u2705 Tutaj kupisz produkty DJI, Yuneec, Parrot, Syma i wiele innych, a tak\u017ce kursy i licencje na operatora drona.\",\"breadcrumb\":{\"@id\":\"https:\/\/ironsky.pl\/sklep\/produkt\/pilot-telesin-gp-rmt-t10-do-gopro-hero-8-13-max\/#breadcrumb\"},\"inLanguage\":\"pl-PL\",\"potentialAction\":[{\"@type\":\"ReadAction\",\"target\":[\"https:\/\/ironsky.pl\/sklep\/produkt\/pilot-telesin-gp-rmt-t10-do-gopro-hero-8-13-max\/\"]}]},{\"@type\":\"ImageObject\",\"inLanguage\":\"pl-PL\",\"@id\":\"https:\/\/ironsky.pl\/sklep\/produkt\/pilot-telesin-gp-rmt-t10-do-gopro-hero-8-13-max\/#primaryimage\",\"url\":\"https:\/\/ironsky.pl\/sklep\/wp-content\/uploads\/2026\/04\/23851_1.jpg\",\"contentUrl\":\"https:\/\/ironsky.pl\/sklep\/wp-content\/uploads\/2026\/04\/23851_1.jpg\",\"width\":800,\"height\":800},{\"@type\":\"BreadcrumbList\",\"@id\":\"https:\/\/ironsky.pl\/sklep\/produkt\/pilot-telesin-gp-rmt-t10-do-gopro-hero-8-13-max\/#breadcrumb\",\"itemListElement\":[{\"@type\":\"ListItem\",\"position\":1,\"name\":\"Strona g\u0142\u00f3wna\",\"item\":\"https:\/\/ironsky.pl\/sklep\/\"},{\"@type\":\"ListItem\",\"position\":2,\"name\":\"Wszystkie produkty\",\"item\":\"https:\/\/ironsky.pl\/sklep\/produkty\/\"},{\"@type\":\"ListItem\",\"position\":3,\"name\":\"Pilot TELESIN GP-RMT-T10 do GoPro Hero 8-13\/MAX\"}]},{\"@type\":\"WebSite\",\"@id\":\"https:\/\/ironsky.pl\/sklep\/#website\",\"url\":\"https:\/\/ironsky.pl\/sklep\/\",\"name\":\"IRONSKY.PL Sklep z Dronami\",\"description\":\"IRONSKY.PL Sklep z Dronami\",\"potentialAction\":[{\"@type\":\"SearchAction\",\"target\":{\"@type\":\"EntryPoint\",\"urlTemplate\":\"https:\/\/ironsky.pl\/sklep\/?s={search_term_string}\"},\"query-input\":{\"@type\":\"PropertyValueSpecification\",\"valueRequired\":true,\"valueName\":\"search_term_string\"}}],\"inLanguage\":\"pl-PL\"}]}<\/script>\n<!-- \/ Yoast SEO plugin. -->","yoast_head_json":{"title":"Pilot TELESIN GP-RMT-T10 do GoPro Hero 8-13\/MAX - IRONSKY.PL Sklep z Dronami","description":"Pilot TELESIN GP-RMT-T10 do GoPro Hero 8-13\/MAX - \u2705 sklep z dronami i fachowym doradztwem. \u2705 Tutaj kupisz produkty DJI, Yuneec, Parrot, Syma i wiele innych, a tak\u017ce kursy i licencje na operatora drona.","robots":{"index":"index","follow":"follow","max-snippet":"max-snippet:-1","max-image-preview":"max-image-preview:large","max-video-preview":"max-video-preview:-1"},"canonical":"https:\/\/ironsky.pl\/sklep\/produkt\/pilot-telesin-gp-rmt-t10-do-gopro-hero-8-13-max\/","og_locale":"pl_PL","og_type":"article","og_title":"Pilot TELESIN GP-RMT-T10 do GoPro Hero 8-13\/MAX - IRONSKY.PL Sklep z Dronami","og_description":"Pilot TELESIN GP-RMT-T10 do GoPro Hero 8-13\/MAX - \u2705 sklep z dronami i fachowym doradztwem. \u2705 Tutaj kupisz produkty DJI, Yuneec, Parrot, Syma i wiele innych, a tak\u017ce kursy i licencje na operatora drona.","og_url":"https:\/\/ironsky.pl\/sklep\/produkt\/pilot-telesin-gp-rmt-t10-do-gopro-hero-8-13-max\/","og_site_name":"IRONSKY.PL Sklep z Dronami","article_modified_time":"2026-04-15T08:11:51+00:00","og_image":[{"width":800,"height":800,"url":"https:\/\/ironsky.pl\/sklep\/wp-content\/uploads\/2026\/04\/23851_1.jpg","type":"image\/jpeg"}],"twitter_card":"summary_large_image","twitter_misc":{"Szacowany czas czytania":"2 minuty"},"schema":{"@context":"https:\/\/schema.org","@graph":[{"@type":"WebPage","@id":"https:\/\/ironsky.pl\/sklep\/produkt\/pilot-telesin-gp-rmt-t10-do-gopro-hero-8-13-max\/","url":"https:\/\/ironsky.pl\/sklep\/produkt\/pilot-telesin-gp-rmt-t10-do-gopro-hero-8-13-max\/","name":"Pilot TELESIN GP-RMT-T10 do GoPro Hero 8-13\/MAX - IRONSKY.PL Sklep z Dronami","isPartOf":{"@id":"https:\/\/ironsky.pl\/sklep\/#website"},"primaryImageOfPage":{"@id":"https:\/\/ironsky.pl\/sklep\/produkt\/pilot-telesin-gp-rmt-t10-do-gopro-hero-8-13-max\/#primaryimage"},"image":{"@id":"https:\/\/ironsky.pl\/sklep\/produkt\/pilot-telesin-gp-rmt-t10-do-gopro-hero-8-13-max\/#primaryimage"},"thumbnailUrl":"https:\/\/ironsky.pl\/sklep\/wp-content\/uploads\/2026\/04\/23851_1.jpg","datePublished":"2026-04-15T08:11:25+00:00","dateModified":"2026-04-15T08:11:51+00:00","description":"Pilot TELESIN GP-RMT-T10 do GoPro Hero 8-13\/MAX - \u2705 sklep z dronami i fachowym doradztwem. \u2705 Tutaj kupisz produkty DJI, Yuneec, Parrot, Syma i wiele innych, a tak\u017ce kursy i licencje na operatora drona.","breadcrumb":{"@id":"https:\/\/ironsky.pl\/sklep\/produkt\/pilot-telesin-gp-rmt-t10-do-gopro-hero-8-13-max\/#breadcrumb"},"inLanguage":"pl-PL","potentialAction":[{"@type":"ReadAction","target":["https:\/\/ironsky.pl\/sklep\/produkt\/pilot-telesin-gp-rmt-t10-do-gopro-hero-8-13-max\/"]}]},{"@type":"ImageObject","inLanguage":"pl-PL","@id":"https:\/\/ironsky.pl\/sklep\/produkt\/pilot-telesin-gp-rmt-t10-do-gopro-hero-8-13-max\/#primaryimage","url":"https:\/\/ironsky.pl\/sklep\/wp-content\/uploads\/2026\/04\/23851_1.jpg","contentUrl":"https:\/\/ironsky.pl\/sklep\/wp-content\/uploads\/2026\/04\/23851_1.jpg","width":800,"height":800},{"@type":"BreadcrumbList","@id":"https:\/\/ironsky.pl\/sklep\/produkt\/pilot-telesin-gp-rmt-t10-do-gopro-hero-8-13-max\/#breadcrumb","itemListElement":[{"@type":"ListItem","position":1,"name":"Strona g\u0142\u00f3wna","item":"https:\/\/ironsky.pl\/sklep\/"},{"@type":"ListItem","position":2,"name":"Wszystkie produkty","item":"https:\/\/ironsky.pl\/sklep\/produkty\/"},{"@type":"ListItem","position":3,"name":"Pilot TELESIN GP-RMT-T10 do GoPro Hero 8-13\/MAX"}]},{"@type":"WebSite","@id":"https:\/\/ironsky.pl\/sklep\/#website","url":"https:\/\/ironsky.pl\/sklep\/","name":"IRONSKY.PL Sklep z Dronami","description":"IRONSKY.PL Sklep z Dronami","potentialAction":[{"@type":"SearchAction","target":{"@type":"EntryPoint","urlTemplate":"https:\/\/ironsky.pl\/sklep\/?s={search_term_string}"},"query-input":{"@type":"PropertyValueSpecification","valueRequired":true,"valueName":"search_term_string"}}],"inLanguage":"pl-PL"}]}},"_links":{"self":[{"href":"https:\/\/ironsky.pl\/sklep\/wp-json\/wp\/v2\/product\/56133","targetHints":{"allow":["GET"]}}],"collection":[{"href":"https:\/\/ironsky.pl\/sklep\/wp-json\/wp\/v2\/product"}],"about":[{"href":"https:\/\/ironsky.pl\/sklep\/wp-json\/wp\/v2\/types\/product"}],"replies":[{"embeddable":true,"href":"https:\/\/ironsky.pl\/sklep\/wp-json\/wp\/v2\/comments?post=56133"}],"wp:featuredmedia":[{"embeddable":true,"href":"https:\/\/ironsky.pl\/sklep\/wp-json\/wp\/v2\/media\/56134"}],"wp:attachment":[{"href":"https:\/\/ironsky.pl\/sklep\/wp-json\/wp\/v2\/media?parent=56133"}],"wp:term":[{"taxonomy":"product_brand","embeddable":true,"href":"https:\/\/ironsky.pl\/sklep\/wp-json\/wp\/v2\/product_brand?post=56133"},{"taxonomy":"product_cat","embeddable":true,"href":"https:\/\/ironsky.pl\/sklep\/wp-json\/wp\/v2\/product_cat?post=56133"},{"taxonomy":"product_tag","embeddable":true,"href":"https:\/\/ironsky.pl\/sklep\/wp-json\/wp\/v2\/product_tag?post=56133"}],"curies":[{"name":"wp","href":"https:\/\/api.w.org\/{rel}","templated":true}]}}