{"id":56117,"date":"2026-04-15T10:11:25","date_gmt":"2026-04-15T08:11:25","guid":{"rendered":"https:\/\/ironsky.pl\/sklep\/produkt\/opaska-na-glowe-telesin-z-2-mocowaniami\/"},"modified":"2026-04-15T10:48:08","modified_gmt":"2026-04-15T08:48:08","slug":"opaska-na-glowe-telesin-z-2-mocowaniami","status":"publish","type":"product","link":"https:\/\/ironsky.pl\/sklep\/produkt\/opaska-na-glowe-telesin-z-2-mocowaniami\/","title":{"rendered":"Opaska na g\u0142ow\u0119 TELESIN z 2 mocowaniami"},"content":{"rendered":"<h3>Opaska na g\u0142ow\u0119 Telesin z dwoma mocowaniami na kamery sportowe<\/h3>\n<p>Nagrywaj z r\u00f3\u017cnych perspektyw. Opaska Telesin zosta\u0142a wyposa\u017cona w 2 mocowania: z przodu i z ty\u0142u, dzi\u0119ki czemu mo\u017cesz uchwyci\u0107 ciekawe uj\u0119cia. Wykonanie z przyjemnych dla sk\u00f3ry materia\u0142\u00f3w odpowiada za niezr\u00f3wnany komfort, a szeroka kompatybilno\u015b\u0107 pozwoli Ci przymocowa\u0107 do opaski takie kamery jak Osmo Action, GoPro czy XiaoYi.<\/p>\n<p><img decoding=\"async\" src=\"https:\/\/b2b.innpro.pl\/data\/include\/cms\/Telesin\/GP-HMS-T06\/1.jpg\"><\/p>\n<h3>R\u00f3\u017cne scenariusze u\u017cytkowania<\/h3>\n<p>Opaska posiada mocowanie z przodu i z ty\u0142u, pozwalaj\u0105c Ci uchwyci\u0107 to, co dzieje si\u0119 przed Tob\u0105 i to, co znajduje si\u0119 z ty\u0142u. Nagrywaj vlogi podczas jazdy na rowerze, deskorolce, biegania, itp.<\/p>\n<p><img decoding=\"async\" src=\"https:\/\/b2b.innpro.pl\/data\/include\/cms\/Telesin\/GP-HMS-T06\/7.jpg\"><\/p>\n<h3>Szeroka kompatybilno\u015b\u0107<\/h3>\n<p>Obawiasz si\u0119, \u017ce opaska nie b\u0119dzie pasowa\u0107 do Twojej kamery? Niepotrzebnie! Mocowanie GP-HMS-T06 b\u0119dzie odpowiednie do takich kamer jak XiaoYi, Osmo Action czy GoPro. W przypadku tych dw\u00f3ch ostatnich urz\u0105dze\u0144 b\u0119dziesz potrzebowa\u0107 etui.<\/p>\n<p><img decoding=\"async\" src=\"https:\/\/b2b.innpro.pl\/data\/include\/cms\/Telesin\/GP-HMS-T06\/5.jpg\"><\/p>\n<h3>Komfort u\u017cytkowania<\/h3>\n<p>W trosce o Twoj\u0105 wygod\u0119 opaska zosta\u0142a wykonana z materia\u0142u lycra, kt\u00f3ry jest przyjazny dla sk\u00f3ry. Mo\u017cesz te\u017c regulowa\u0107 jej d\u0142ugo\u015b\u0107, dla jeszcze wi\u0119kszej wygody. Ponadto wewn\u0119trzna cz\u0119\u015b\u0107 opaski zosta\u0142a wyko\u0144czona silikonem, co zapewnia stabilno\u015b\u0107. Nie musisz si\u0119 wi\u0119c obawia\u0107, \u017ce zsunie si\u0119 z g\u0142owy, a kamera zostanie uszkodzona.<\/p>\n<p><img decoding=\"async\" src=\"https:\/\/b2b.innpro.pl\/data\/include\/cms\/Telesin\/GP-HMS-T06\/4.jpg\"><\/p>\n<h3>Wi\u0119cej mo\u017cliwo\u015bci<\/h3>\n<p>To nie koniec zalet GP-HMS-T06. Mocowanie opaski mo\u017cesz w ka\u017cdej chwili odpi\u0105\u0107 i przyczepi\u0107 je, na przyk\u0142ad, do daszka czapki. Mo\u017cesz te\u017c regulowa\u0107 k\u0105t po\u0142o\u017cenia kamery w zakresie 180\u00b0 i dostosowa\u0107 go do w\u0142asnych potrzeb.<\/p>\n<p><img decoding=\"async\" src=\"https:\/\/b2b.innpro.pl\/data\/include\/cms\/Telesin\/GP-HMS-T06\/3.jpg\"><\/p>\n<h3>W zestawie<\/h3>\n<ul>\n<li>opaska<\/li>\n<li>mocowanie<\/li>\n<li>\u015bruba<\/li>\n<\/ul>\n<div class=\"table-wrapper\">\n<table>\n<tbody>\n<tr>\n<th>Producent<\/th>\n<td>Telesin<\/td>\n<\/tr>\n<tr>\n<th>Model<\/th>\n<td>GP-HMS-T06<\/td>\n<\/tr>\n<tr>\n<th>Materia\u0142<\/th>\n<td>PC<\/td>\n<\/tr>\n<tr>\n<th>Kompatybilno\u015b\u0107<\/th>\n<td>wi\u0119kszo\u015b\u0107 modeli kamer sportowych, np. Osmo Action, GoPro,\u00a0XiaoYi<\/td>\n<\/tr>\n<\/tbody>\n<\/table>\n<\/div>\n","protected":false},"excerpt":{"rendered":"<p>Opaska na g\u0142ow\u0119 Telesin z dwoma mocowaniami na kamery sportowe Nagrywaj z r\u00f3\u017cnych perspektyw. Opaska Telesin zosta\u0142a wyposa\u017cona w 2<\/p>\n","protected":false},"featured_media":56118,"comment_status":"closed","ping_status":"open","template":"","meta":{"_acf_changed":false},"product_brand":[],"product_cat":[1128,6178,6176,6177,1138,6179],"product_tag":[],"class_list":{"0":"post-56117","1":"product","2":"type-product","3":"status-publish","4":"has-post-thumbnail","6":"product_cat-foto-wideo","7":"product_cat-mocowania","8":"product_cat-selfie-stiki","9":"product_cat-statywy-selfie-stiki","10":"product_cat-wysiegniki","11":"product_cat-wysiegniki-i-uchwyty-selfie","12":"pa_okres-gwarancji-5754","13":"pa_producent-telesin","15":"first","16":"outofstock","17":"taxable","18":"shipping-taxable","19":"purchasable","20":"product-type-simple"},"acf":[],"yoast_head":"<!-- This site is optimized with the Yoast SEO plugin v27.2 - https:\/\/yoast.com\/product\/yoast-seo-wordpress\/ -->\n<title>Opaska na g\u0142ow\u0119 TELESIN z 2 mocowaniami - IRONSKY.PL Sklep z Dronami<\/title>\n<meta name=\"description\" content=\"Opaska na g\u0142ow\u0119 TELESIN z 2 mocowaniami - \u2705 sklep z dronami i fachowym doradztwem. \u2705 Tutaj kupisz produkty DJI, Yuneec, Parrot, Syma i wiele innych, a tak\u017ce kursy i licencje na operatora drona.\" \/>\n<meta name=\"robots\" content=\"index, follow, max-snippet:-1, max-image-preview:large, max-video-preview:-1\" \/>\n<link rel=\"canonical\" href=\"https:\/\/ironsky.pl\/sklep\/produkt\/opaska-na-glowe-telesin-z-2-mocowaniami\/\" \/>\n<meta property=\"og:locale\" content=\"pl_PL\" \/>\n<meta property=\"og:type\" content=\"article\" \/>\n<meta property=\"og:title\" content=\"Opaska na g\u0142ow\u0119 TELESIN z 2 mocowaniami - IRONSKY.PL Sklep z Dronami\" \/>\n<meta property=\"og:description\" content=\"Opaska na g\u0142ow\u0119 TELESIN z 2 mocowaniami - \u2705 sklep z dronami i fachowym doradztwem. \u2705 Tutaj kupisz produkty DJI, Yuneec, Parrot, Syma i wiele innych, a tak\u017ce kursy i licencje na operatora drona.\" \/>\n<meta property=\"og:url\" content=\"https:\/\/ironsky.pl\/sklep\/produkt\/opaska-na-glowe-telesin-z-2-mocowaniami\/\" \/>\n<meta property=\"og:site_name\" content=\"IRONSKY.PL Sklep z Dronami\" \/>\n<meta property=\"article:modified_time\" content=\"2026-04-15T08:48:08+00:00\" \/>\n<meta property=\"og:image\" content=\"https:\/\/ironsky.pl\/sklep\/wp-content\/uploads\/2026\/04\/23845_1.jpg\" \/>\n\t<meta property=\"og:image:width\" content=\"800\" \/>\n\t<meta property=\"og:image:height\" content=\"800\" \/>\n\t<meta property=\"og:image:type\" content=\"image\/jpeg\" \/>\n<meta name=\"twitter:card\" content=\"summary_large_image\" \/>\n<meta name=\"twitter:label1\" content=\"Szacowany czas czytania\" \/>\n\t<meta name=\"twitter:data1\" content=\"1 minuta\" \/>\n<script type=\"application\/ld+json\" class=\"yoast-schema-graph\">{\"@context\":\"https:\/\/schema.org\",\"@graph\":[{\"@type\":\"WebPage\",\"@id\":\"https:\/\/ironsky.pl\/sklep\/produkt\/opaska-na-glowe-telesin-z-2-mocowaniami\/\",\"url\":\"https:\/\/ironsky.pl\/sklep\/produkt\/opaska-na-glowe-telesin-z-2-mocowaniami\/\",\"name\":\"Opaska na g\u0142ow\u0119 TELESIN z 2 mocowaniami - IRONSKY.PL Sklep z Dronami\",\"isPartOf\":{\"@id\":\"https:\/\/ironsky.pl\/sklep\/#website\"},\"primaryImageOfPage\":{\"@id\":\"https:\/\/ironsky.pl\/sklep\/produkt\/opaska-na-glowe-telesin-z-2-mocowaniami\/#primaryimage\"},\"image\":{\"@id\":\"https:\/\/ironsky.pl\/sklep\/produkt\/opaska-na-glowe-telesin-z-2-mocowaniami\/#primaryimage\"},\"thumbnailUrl\":\"https:\/\/ironsky.pl\/sklep\/wp-content\/uploads\/2026\/04\/23845_1.jpg\",\"datePublished\":\"2026-04-15T08:11:25+00:00\",\"dateModified\":\"2026-04-15T08:48:08+00:00\",\"description\":\"Opaska na g\u0142ow\u0119 TELESIN z 2 mocowaniami - \u2705 sklep z dronami i fachowym doradztwem. \u2705 Tutaj kupisz produkty DJI, Yuneec, Parrot, Syma i wiele innych, a tak\u017ce kursy i licencje na operatora drona.\",\"breadcrumb\":{\"@id\":\"https:\/\/ironsky.pl\/sklep\/produkt\/opaska-na-glowe-telesin-z-2-mocowaniami\/#breadcrumb\"},\"inLanguage\":\"pl-PL\",\"potentialAction\":[{\"@type\":\"ReadAction\",\"target\":[\"https:\/\/ironsky.pl\/sklep\/produkt\/opaska-na-glowe-telesin-z-2-mocowaniami\/\"]}]},{\"@type\":\"ImageObject\",\"inLanguage\":\"pl-PL\",\"@id\":\"https:\/\/ironsky.pl\/sklep\/produkt\/opaska-na-glowe-telesin-z-2-mocowaniami\/#primaryimage\",\"url\":\"https:\/\/ironsky.pl\/sklep\/wp-content\/uploads\/2026\/04\/23845_1.jpg\",\"contentUrl\":\"https:\/\/ironsky.pl\/sklep\/wp-content\/uploads\/2026\/04\/23845_1.jpg\",\"width\":800,\"height\":800},{\"@type\":\"BreadcrumbList\",\"@id\":\"https:\/\/ironsky.pl\/sklep\/produkt\/opaska-na-glowe-telesin-z-2-mocowaniami\/#breadcrumb\",\"itemListElement\":[{\"@type\":\"ListItem\",\"position\":1,\"name\":\"Strona g\u0142\u00f3wna\",\"item\":\"https:\/\/ironsky.pl\/sklep\/\"},{\"@type\":\"ListItem\",\"position\":2,\"name\":\"Wszystkie produkty\",\"item\":\"https:\/\/ironsky.pl\/sklep\/produkty\/\"},{\"@type\":\"ListItem\",\"position\":3,\"name\":\"Opaska na g\u0142ow\u0119 TELESIN z 2 mocowaniami\"}]},{\"@type\":\"WebSite\",\"@id\":\"https:\/\/ironsky.pl\/sklep\/#website\",\"url\":\"https:\/\/ironsky.pl\/sklep\/\",\"name\":\"IRONSKY.PL Sklep z Dronami\",\"description\":\"IRONSKY.PL Sklep z Dronami\",\"potentialAction\":[{\"@type\":\"SearchAction\",\"target\":{\"@type\":\"EntryPoint\",\"urlTemplate\":\"https:\/\/ironsky.pl\/sklep\/?s={search_term_string}\"},\"query-input\":{\"@type\":\"PropertyValueSpecification\",\"valueRequired\":true,\"valueName\":\"search_term_string\"}}],\"inLanguage\":\"pl-PL\"}]}<\/script>\n<!-- \/ Yoast SEO plugin. -->","yoast_head_json":{"title":"Opaska na g\u0142ow\u0119 TELESIN z 2 mocowaniami - IRONSKY.PL Sklep z Dronami","description":"Opaska na g\u0142ow\u0119 TELESIN z 2 mocowaniami - \u2705 sklep z dronami i fachowym doradztwem. \u2705 Tutaj kupisz produkty DJI, Yuneec, Parrot, Syma i wiele innych, a tak\u017ce kursy i licencje na operatora drona.","robots":{"index":"index","follow":"follow","max-snippet":"max-snippet:-1","max-image-preview":"max-image-preview:large","max-video-preview":"max-video-preview:-1"},"canonical":"https:\/\/ironsky.pl\/sklep\/produkt\/opaska-na-glowe-telesin-z-2-mocowaniami\/","og_locale":"pl_PL","og_type":"article","og_title":"Opaska na g\u0142ow\u0119 TELESIN z 2 mocowaniami - IRONSKY.PL Sklep z Dronami","og_description":"Opaska na g\u0142ow\u0119 TELESIN z 2 mocowaniami - \u2705 sklep z dronami i fachowym doradztwem. \u2705 Tutaj kupisz produkty DJI, Yuneec, Parrot, Syma i wiele innych, a tak\u017ce kursy i licencje na operatora drona.","og_url":"https:\/\/ironsky.pl\/sklep\/produkt\/opaska-na-glowe-telesin-z-2-mocowaniami\/","og_site_name":"IRONSKY.PL Sklep z Dronami","article_modified_time":"2026-04-15T08:48:08+00:00","og_image":[{"width":800,"height":800,"url":"https:\/\/ironsky.pl\/sklep\/wp-content\/uploads\/2026\/04\/23845_1.jpg","type":"image\/jpeg"}],"twitter_card":"summary_large_image","twitter_misc":{"Szacowany czas czytania":"1 minuta"},"schema":{"@context":"https:\/\/schema.org","@graph":[{"@type":"WebPage","@id":"https:\/\/ironsky.pl\/sklep\/produkt\/opaska-na-glowe-telesin-z-2-mocowaniami\/","url":"https:\/\/ironsky.pl\/sklep\/produkt\/opaska-na-glowe-telesin-z-2-mocowaniami\/","name":"Opaska na g\u0142ow\u0119 TELESIN z 2 mocowaniami - IRONSKY.PL Sklep z Dronami","isPartOf":{"@id":"https:\/\/ironsky.pl\/sklep\/#website"},"primaryImageOfPage":{"@id":"https:\/\/ironsky.pl\/sklep\/produkt\/opaska-na-glowe-telesin-z-2-mocowaniami\/#primaryimage"},"image":{"@id":"https:\/\/ironsky.pl\/sklep\/produkt\/opaska-na-glowe-telesin-z-2-mocowaniami\/#primaryimage"},"thumbnailUrl":"https:\/\/ironsky.pl\/sklep\/wp-content\/uploads\/2026\/04\/23845_1.jpg","datePublished":"2026-04-15T08:11:25+00:00","dateModified":"2026-04-15T08:48:08+00:00","description":"Opaska na g\u0142ow\u0119 TELESIN z 2 mocowaniami - \u2705 sklep z dronami i fachowym doradztwem. \u2705 Tutaj kupisz produkty DJI, Yuneec, Parrot, Syma i wiele innych, a tak\u017ce kursy i licencje na operatora drona.","breadcrumb":{"@id":"https:\/\/ironsky.pl\/sklep\/produkt\/opaska-na-glowe-telesin-z-2-mocowaniami\/#breadcrumb"},"inLanguage":"pl-PL","potentialAction":[{"@type":"ReadAction","target":["https:\/\/ironsky.pl\/sklep\/produkt\/opaska-na-glowe-telesin-z-2-mocowaniami\/"]}]},{"@type":"ImageObject","inLanguage":"pl-PL","@id":"https:\/\/ironsky.pl\/sklep\/produkt\/opaska-na-glowe-telesin-z-2-mocowaniami\/#primaryimage","url":"https:\/\/ironsky.pl\/sklep\/wp-content\/uploads\/2026\/04\/23845_1.jpg","contentUrl":"https:\/\/ironsky.pl\/sklep\/wp-content\/uploads\/2026\/04\/23845_1.jpg","width":800,"height":800},{"@type":"BreadcrumbList","@id":"https:\/\/ironsky.pl\/sklep\/produkt\/opaska-na-glowe-telesin-z-2-mocowaniami\/#breadcrumb","itemListElement":[{"@type":"ListItem","position":1,"name":"Strona g\u0142\u00f3wna","item":"https:\/\/ironsky.pl\/sklep\/"},{"@type":"ListItem","position":2,"name":"Wszystkie produkty","item":"https:\/\/ironsky.pl\/sklep\/produkty\/"},{"@type":"ListItem","position":3,"name":"Opaska na g\u0142ow\u0119 TELESIN z 2 mocowaniami"}]},{"@type":"WebSite","@id":"https:\/\/ironsky.pl\/sklep\/#website","url":"https:\/\/ironsky.pl\/sklep\/","name":"IRONSKY.PL Sklep z Dronami","description":"IRONSKY.PL Sklep z Dronami","potentialAction":[{"@type":"SearchAction","target":{"@type":"EntryPoint","urlTemplate":"https:\/\/ironsky.pl\/sklep\/?s={search_term_string}"},"query-input":{"@type":"PropertyValueSpecification","valueRequired":true,"valueName":"search_term_string"}}],"inLanguage":"pl-PL"}]}},"_links":{"self":[{"href":"https:\/\/ironsky.pl\/sklep\/wp-json\/wp\/v2\/product\/56117","targetHints":{"allow":["GET"]}}],"collection":[{"href":"https:\/\/ironsky.pl\/sklep\/wp-json\/wp\/v2\/product"}],"about":[{"href":"https:\/\/ironsky.pl\/sklep\/wp-json\/wp\/v2\/types\/product"}],"replies":[{"embeddable":true,"href":"https:\/\/ironsky.pl\/sklep\/wp-json\/wp\/v2\/comments?post=56117"}],"wp:featuredmedia":[{"embeddable":true,"href":"https:\/\/ironsky.pl\/sklep\/wp-json\/wp\/v2\/media\/56118"}],"wp:attachment":[{"href":"https:\/\/ironsky.pl\/sklep\/wp-json\/wp\/v2\/media?parent=56117"}],"wp:term":[{"taxonomy":"product_brand","embeddable":true,"href":"https:\/\/ironsky.pl\/sklep\/wp-json\/wp\/v2\/product_brand?post=56117"},{"taxonomy":"product_cat","embeddable":true,"href":"https:\/\/ironsky.pl\/sklep\/wp-json\/wp\/v2\/product_cat?post=56117"},{"taxonomy":"product_tag","embeddable":true,"href":"https:\/\/ironsky.pl\/sklep\/wp-json\/wp\/v2\/product_tag?post=56117"}],"curies":[{"name":"wp","href":"https:\/\/api.w.org\/{rel}","templated":true}]}}