{"id":56110,"date":"2026-04-15T10:11:25","date_gmt":"2026-04-15T08:11:25","guid":{"rendered":"https:\/\/ironsky.pl\/sklep\/produkt\/bateria-ecoflow-delta-pro\/"},"modified":"2026-04-15T10:11:39","modified_gmt":"2026-04-15T08:11:39","slug":"bateria-ecoflow-delta-pro","status":"publish","type":"product","link":"https:\/\/ironsky.pl\/sklep\/produkt\/bateria-ecoflow-delta-pro\/","title":{"rendered":"Bateria ECOFLOW DELTA Pro"},"content":{"rendered":"<h3>Bateria do EcoFlow DELTA Pro<\/h3>\n<p>Wykorzystaj pe\u0142en potencja\u0142 przeno\u015bnej stacji zasilania. Dzi\u0119ki tej baterii mo\u017cesz podwoi\u0107 lub potroi\u0107 pojemno\u015b\u0107 swojej Delty Pro do 7.2 kWh lub 10.8 kWh. Wy\u015bwietlacz LCD dostarczy Ci najwa\u017cniejszych informacji odno\u015bnie pracy urz\u0105dzenia. Dodatkowo mo\u017cesz korzysta\u0107 z aplikacji EcoFlow, aby z dowolnego miejsca kontrolowa\u0107 prac\u0119 urz\u0105dzenia. Ponadto kilka mo\u017cliwo\u015bci \u0142adowania zwi\u0119ksza swobod\u0119 u\u017cytkowania.<\/p>\n<p><img decoding=\"async\" src=\"https:\/\/b2b.innpro.pl\/data\/include\/cms\/ECOFLOW\/Delta-PRO\/24.jpg\"><\/p>\n<h3>B\u0105d\u017a przygotowany na sytuacje awaryjne<\/h3>\n<p>Sytuacji awaryjnych zazwyczaj nie mo\u017cna przewidzie\u0107. Bateria do Delty Pro pozwoli Ci jednak si\u0119 na nie przygotowa\u0107. Urz\u0105dzenie EcoFlow sprawdzi si\u0119 przede wszystkim podczas d\u0142u\u017cszych przerw w dostawie pr\u0105du. Nie musisz wi\u0119c przerywa\u0107 pracy lub rezygnowa\u0107 z czasu sp\u0119dzanego wsp\u00f3lnie z rodzin\u0105.<\/p>\n<p><img decoding=\"async\" src=\"https:\/\/b2b.innpro.pl\/data\/include\/cms\/ECOFLOW\/Delta-PRO\/10.jpg\"><\/p>\n<h3>Wy\u015bwietlacz LCD<\/h3>\n<p>Bateria zosta\u0142a wyposa\u017cona w ekran LCD, kt\u00f3ry dostarczy Ci najwa\u017cniejszych informacji na temat pracy urz\u0105dzenia. Za jego pomoc\u0105 dowiesz si\u0119 o pozosta\u0142ym czasie pracy lub \u0142adowania czy aktualnym poziomie akumulatora. Co wi\u0119cej, dla jeszcze wygodniejszej obs\u0142ugi, poziom akumulatora sprawdzisz za po\u015brednictwem aplikacji EcoFlow.<\/p>\n<p><img decoding=\"async\" src=\"https:\/\/b2b.innpro.pl\/data\/include\/cms\/ECOFLOW\/Delta-PRO\/2.jpg\"><\/p>\n<h3>Wygodne \u0142adowanie<\/h3>\n<p>\u0141adowanie baterii jest niezwykle proste. Wystarczy, \u017ce pod\u0142\u0105czysz j\u0105 do stacji zasilania DELTA Pro. Energi\u0119 urz\u0105dze\u0144 odnowisz za pomoc\u0105 gniazdka AC, \u0142adowarki samochodowej, paneli s\u0142onecznych (brak w zestawie), inteligentnego generatora EcoFlow, czy na stacji \u0142adowania pojazd\u00f3w elektrycznych. Dodatkowo wkr\u00f3tce b\u0119dzie mo\u017cliwe r\u00f3wnie\u017c \u0142adowanie z wykorzystaniem energii wiatrowej.<\/p>\n<p><img decoding=\"async\" src=\"https:\/\/b2b.innpro.pl\/data\/include\/cms\/ECOFLOW\/Delta-PRO\/16.jpg\"><\/p>\n<h3>Wi\u0119cej mo\u017cliwo\u015bci<\/h3>\n<p>Je\u015bli inne opcje \u0142adowania s\u0105 akurat niedost\u0119pne, mo\u017cesz skorzysta\u0107 z inteligentnego generatora EcoFlow, kt\u00f3ry jest dost\u0119pny w sprzeda\u017cy oddzielnie. Dzi\u0119ki mocy DC 1800 W b\u0142yskawicznie na\u0142adujesz Delt\u0119 Pro lub bateri\u0119. Wystarczy, \u017ce pod\u0142\u0105czysz generator do wybranego urz\u0105dzenia. Uwaga: na czas \u0142adowania bateria i stacja zasilania DELTA Pro nie musz\u0105 by\u0107 ze sob\u0105 po\u0142\u0105czone.<\/p>\n<p><img decoding=\"async\" src=\"https:\/\/b2b.innpro.pl\/data\/include\/cms\/ECOFLOW\/Delta-PRO\/9.jpg\"><\/p>\n<h3>W zestawie<\/h3>\n<ul>\n<li>bateria do DELTA Pro<\/li>\n<li>kabel \u0142adowania<\/li>\n<li>os\u0142ona na uchwyty x2<\/li>\n<li>instrukcja obs\u0142ugi<\/li>\n<\/ul>\n<div class=\"table-wrapper\">\n<table>\n<tbody>\n<tr>\n<th>Producent<\/th>\n<td>EcoFlow<\/td>\n<\/tr>\n<tr>\n<th>Nazwa<\/th>\n<td>EcoFlow DELTA Pro Smart Extra Battery<\/td>\n<\/tr>\n<tr>\n<th>Kolor<\/th>\n<td>czarny<\/td>\n<\/tr>\n<tr>\n<th>Materia\u0142<\/th>\n<td>stop aluminium, plastik<\/td>\n<\/tr>\n<tr>\n<th>Pojemno\u015b\u0107<\/th>\n<td>3600 Wh (48V, 75Ah)<\/td>\n<\/tr>\n<tr>\n<th>Temperatura robocza<\/th>\n<td>\n<p>\u0142adowania: 0 &#8211; 45\u00baC<\/p>\n<p>roz\u0142adowania: &#8211; 20<span>\u00baC &#8211; 60\u00baC<\/span><\/p>\n<\/td>\n<\/tr>\n<tr>\n<th>\u017bywotno\u015b\u0107 akumulatora<\/th>\n<td>6 500 cykli do 50% pojemno\u015bci, 3 500 cykli do 80% pojemno\u015bci<\/td>\n<\/tr>\n<tr>\n<th>Wymiary<\/th>\n<td>63.5 x 28.5 x 41.6 cm<\/td>\n<\/tr>\n<tr>\n<th>Waga<\/th>\n<td>39 kg<\/td>\n<\/tr>\n<tr>\n<th>Certyfikaty<\/th>\n<td>UL, CE, FCC, RoHS, Telec<\/td>\n<\/tr>\n<\/tbody>\n<\/table>\n<\/div>\n","protected":false},"excerpt":{"rendered":"<p>Bateria do EcoFlow DELTA Pro Wykorzystaj pe\u0142en potencja\u0142 przeno\u015bnej stacji zasilania. Dzi\u0119ki tej baterii mo\u017cesz podwoi\u0107 lub potroi\u0107 pojemno\u015b\u0107 swojej<\/p>\n","protected":false},"featured_media":56111,"comment_status":"closed","ping_status":"open","template":"","meta":{"_acf_changed":false},"product_brand":[],"product_cat":[6196,1108,1111],"product_tag":[],"class_list":{"0":"post-56110","1":"product","2":"type-product","3":"status-publish","4":"has-post-thumbnail","6":"product_cat-akcesoria-stacje-zasilania","7":"product_cat-energia","8":"product_cat-stacje-zasilania","9":"pa_60-m-5771","10":"pa_producent-ecoflow","12":"first","13":"outofstock","14":"taxable","15":"shipping-taxable","16":"purchasable","17":"product-type-simple"},"acf":[],"yoast_head":"<!-- This site is optimized with the Yoast SEO plugin v27.2 - https:\/\/yoast.com\/product\/yoast-seo-wordpress\/ -->\n<title>Bateria ECOFLOW DELTA Pro - IRONSKY.PL Sklep z Dronami<\/title>\n<meta name=\"description\" content=\"Bateria ECOFLOW DELTA Pro - \u2705 sklep z dronami i fachowym doradztwem. \u2705 Tutaj kupisz produkty DJI, Yuneec, Parrot, Syma i wiele innych, a tak\u017ce kursy i licencje na operatora drona.\" \/>\n<meta name=\"robots\" content=\"index, follow, max-snippet:-1, max-image-preview:large, max-video-preview:-1\" \/>\n<link rel=\"canonical\" href=\"https:\/\/ironsky.pl\/sklep\/produkt\/bateria-ecoflow-delta-pro\/\" \/>\n<meta property=\"og:locale\" content=\"pl_PL\" \/>\n<meta property=\"og:type\" content=\"article\" \/>\n<meta property=\"og:title\" content=\"Bateria ECOFLOW DELTA Pro - IRONSKY.PL Sklep z Dronami\" \/>\n<meta property=\"og:description\" content=\"Bateria ECOFLOW DELTA Pro - \u2705 sklep z dronami i fachowym doradztwem. \u2705 Tutaj kupisz produkty DJI, Yuneec, Parrot, Syma i wiele innych, a tak\u017ce kursy i licencje na operatora drona.\" \/>\n<meta property=\"og:url\" content=\"https:\/\/ironsky.pl\/sklep\/produkt\/bateria-ecoflow-delta-pro\/\" \/>\n<meta property=\"og:site_name\" content=\"IRONSKY.PL Sklep z Dronami\" \/>\n<meta property=\"article:modified_time\" content=\"2026-04-15T08:11:39+00:00\" \/>\n<meta property=\"og:image\" content=\"https:\/\/ironsky.pl\/sklep\/wp-content\/uploads\/2026\/04\/23792_1.jpg\" \/>\n\t<meta property=\"og:image:width\" content=\"800\" \/>\n\t<meta property=\"og:image:height\" content=\"800\" \/>\n\t<meta property=\"og:image:type\" content=\"image\/jpeg\" \/>\n<meta name=\"twitter:card\" content=\"summary_large_image\" \/>\n<meta name=\"twitter:label1\" content=\"Szacowany czas czytania\" \/>\n\t<meta name=\"twitter:data1\" content=\"2 minuty\" \/>\n<script type=\"application\/ld+json\" class=\"yoast-schema-graph\">{\"@context\":\"https:\/\/schema.org\",\"@graph\":[{\"@type\":\"WebPage\",\"@id\":\"https:\/\/ironsky.pl\/sklep\/produkt\/bateria-ecoflow-delta-pro\/\",\"url\":\"https:\/\/ironsky.pl\/sklep\/produkt\/bateria-ecoflow-delta-pro\/\",\"name\":\"Bateria ECOFLOW DELTA Pro - IRONSKY.PL Sklep z Dronami\",\"isPartOf\":{\"@id\":\"https:\/\/ironsky.pl\/sklep\/#website\"},\"primaryImageOfPage\":{\"@id\":\"https:\/\/ironsky.pl\/sklep\/produkt\/bateria-ecoflow-delta-pro\/#primaryimage\"},\"image\":{\"@id\":\"https:\/\/ironsky.pl\/sklep\/produkt\/bateria-ecoflow-delta-pro\/#primaryimage\"},\"thumbnailUrl\":\"https:\/\/ironsky.pl\/sklep\/wp-content\/uploads\/2026\/04\/23792_1.jpg\",\"datePublished\":\"2026-04-15T08:11:25+00:00\",\"dateModified\":\"2026-04-15T08:11:39+00:00\",\"description\":\"Bateria ECOFLOW DELTA Pro - \u2705 sklep z dronami i fachowym doradztwem. \u2705 Tutaj kupisz produkty DJI, Yuneec, Parrot, Syma i wiele innych, a tak\u017ce kursy i licencje na operatora drona.\",\"breadcrumb\":{\"@id\":\"https:\/\/ironsky.pl\/sklep\/produkt\/bateria-ecoflow-delta-pro\/#breadcrumb\"},\"inLanguage\":\"pl-PL\",\"potentialAction\":[{\"@type\":\"ReadAction\",\"target\":[\"https:\/\/ironsky.pl\/sklep\/produkt\/bateria-ecoflow-delta-pro\/\"]}]},{\"@type\":\"ImageObject\",\"inLanguage\":\"pl-PL\",\"@id\":\"https:\/\/ironsky.pl\/sklep\/produkt\/bateria-ecoflow-delta-pro\/#primaryimage\",\"url\":\"https:\/\/ironsky.pl\/sklep\/wp-content\/uploads\/2026\/04\/23792_1.jpg\",\"contentUrl\":\"https:\/\/ironsky.pl\/sklep\/wp-content\/uploads\/2026\/04\/23792_1.jpg\",\"width\":800,\"height\":800},{\"@type\":\"BreadcrumbList\",\"@id\":\"https:\/\/ironsky.pl\/sklep\/produkt\/bateria-ecoflow-delta-pro\/#breadcrumb\",\"itemListElement\":[{\"@type\":\"ListItem\",\"position\":1,\"name\":\"Strona g\u0142\u00f3wna\",\"item\":\"https:\/\/ironsky.pl\/sklep\/\"},{\"@type\":\"ListItem\",\"position\":2,\"name\":\"Wszystkie produkty\",\"item\":\"https:\/\/ironsky.pl\/sklep\/produkty\/\"},{\"@type\":\"ListItem\",\"position\":3,\"name\":\"Bateria ECOFLOW DELTA Pro\"}]},{\"@type\":\"WebSite\",\"@id\":\"https:\/\/ironsky.pl\/sklep\/#website\",\"url\":\"https:\/\/ironsky.pl\/sklep\/\",\"name\":\"IRONSKY.PL Sklep z Dronami\",\"description\":\"IRONSKY.PL Sklep z Dronami\",\"potentialAction\":[{\"@type\":\"SearchAction\",\"target\":{\"@type\":\"EntryPoint\",\"urlTemplate\":\"https:\/\/ironsky.pl\/sklep\/?s={search_term_string}\"},\"query-input\":{\"@type\":\"PropertyValueSpecification\",\"valueRequired\":true,\"valueName\":\"search_term_string\"}}],\"inLanguage\":\"pl-PL\"}]}<\/script>\n<!-- \/ Yoast SEO plugin. -->","yoast_head_json":{"title":"Bateria ECOFLOW DELTA Pro - IRONSKY.PL Sklep z Dronami","description":"Bateria ECOFLOW DELTA Pro - \u2705 sklep z dronami i fachowym doradztwem. \u2705 Tutaj kupisz produkty DJI, Yuneec, Parrot, Syma i wiele innych, a tak\u017ce kursy i licencje na operatora drona.","robots":{"index":"index","follow":"follow","max-snippet":"max-snippet:-1","max-image-preview":"max-image-preview:large","max-video-preview":"max-video-preview:-1"},"canonical":"https:\/\/ironsky.pl\/sklep\/produkt\/bateria-ecoflow-delta-pro\/","og_locale":"pl_PL","og_type":"article","og_title":"Bateria ECOFLOW DELTA Pro - IRONSKY.PL Sklep z Dronami","og_description":"Bateria ECOFLOW DELTA Pro - \u2705 sklep z dronami i fachowym doradztwem. \u2705 Tutaj kupisz produkty DJI, Yuneec, Parrot, Syma i wiele innych, a tak\u017ce kursy i licencje na operatora drona.","og_url":"https:\/\/ironsky.pl\/sklep\/produkt\/bateria-ecoflow-delta-pro\/","og_site_name":"IRONSKY.PL Sklep z Dronami","article_modified_time":"2026-04-15T08:11:39+00:00","og_image":[{"width":800,"height":800,"url":"https:\/\/ironsky.pl\/sklep\/wp-content\/uploads\/2026\/04\/23792_1.jpg","type":"image\/jpeg"}],"twitter_card":"summary_large_image","twitter_misc":{"Szacowany czas czytania":"2 minuty"},"schema":{"@context":"https:\/\/schema.org","@graph":[{"@type":"WebPage","@id":"https:\/\/ironsky.pl\/sklep\/produkt\/bateria-ecoflow-delta-pro\/","url":"https:\/\/ironsky.pl\/sklep\/produkt\/bateria-ecoflow-delta-pro\/","name":"Bateria ECOFLOW DELTA Pro - IRONSKY.PL Sklep z Dronami","isPartOf":{"@id":"https:\/\/ironsky.pl\/sklep\/#website"},"primaryImageOfPage":{"@id":"https:\/\/ironsky.pl\/sklep\/produkt\/bateria-ecoflow-delta-pro\/#primaryimage"},"image":{"@id":"https:\/\/ironsky.pl\/sklep\/produkt\/bateria-ecoflow-delta-pro\/#primaryimage"},"thumbnailUrl":"https:\/\/ironsky.pl\/sklep\/wp-content\/uploads\/2026\/04\/23792_1.jpg","datePublished":"2026-04-15T08:11:25+00:00","dateModified":"2026-04-15T08:11:39+00:00","description":"Bateria ECOFLOW DELTA Pro - \u2705 sklep z dronami i fachowym doradztwem. \u2705 Tutaj kupisz produkty DJI, Yuneec, Parrot, Syma i wiele innych, a tak\u017ce kursy i licencje na operatora drona.","breadcrumb":{"@id":"https:\/\/ironsky.pl\/sklep\/produkt\/bateria-ecoflow-delta-pro\/#breadcrumb"},"inLanguage":"pl-PL","potentialAction":[{"@type":"ReadAction","target":["https:\/\/ironsky.pl\/sklep\/produkt\/bateria-ecoflow-delta-pro\/"]}]},{"@type":"ImageObject","inLanguage":"pl-PL","@id":"https:\/\/ironsky.pl\/sklep\/produkt\/bateria-ecoflow-delta-pro\/#primaryimage","url":"https:\/\/ironsky.pl\/sklep\/wp-content\/uploads\/2026\/04\/23792_1.jpg","contentUrl":"https:\/\/ironsky.pl\/sklep\/wp-content\/uploads\/2026\/04\/23792_1.jpg","width":800,"height":800},{"@type":"BreadcrumbList","@id":"https:\/\/ironsky.pl\/sklep\/produkt\/bateria-ecoflow-delta-pro\/#breadcrumb","itemListElement":[{"@type":"ListItem","position":1,"name":"Strona g\u0142\u00f3wna","item":"https:\/\/ironsky.pl\/sklep\/"},{"@type":"ListItem","position":2,"name":"Wszystkie produkty","item":"https:\/\/ironsky.pl\/sklep\/produkty\/"},{"@type":"ListItem","position":3,"name":"Bateria ECOFLOW DELTA Pro"}]},{"@type":"WebSite","@id":"https:\/\/ironsky.pl\/sklep\/#website","url":"https:\/\/ironsky.pl\/sklep\/","name":"IRONSKY.PL Sklep z Dronami","description":"IRONSKY.PL Sklep z Dronami","potentialAction":[{"@type":"SearchAction","target":{"@type":"EntryPoint","urlTemplate":"https:\/\/ironsky.pl\/sklep\/?s={search_term_string}"},"query-input":{"@type":"PropertyValueSpecification","valueRequired":true,"valueName":"search_term_string"}}],"inLanguage":"pl-PL"}]}},"_links":{"self":[{"href":"https:\/\/ironsky.pl\/sklep\/wp-json\/wp\/v2\/product\/56110","targetHints":{"allow":["GET"]}}],"collection":[{"href":"https:\/\/ironsky.pl\/sklep\/wp-json\/wp\/v2\/product"}],"about":[{"href":"https:\/\/ironsky.pl\/sklep\/wp-json\/wp\/v2\/types\/product"}],"replies":[{"embeddable":true,"href":"https:\/\/ironsky.pl\/sklep\/wp-json\/wp\/v2\/comments?post=56110"}],"wp:featuredmedia":[{"embeddable":true,"href":"https:\/\/ironsky.pl\/sklep\/wp-json\/wp\/v2\/media\/56111"}],"wp:attachment":[{"href":"https:\/\/ironsky.pl\/sklep\/wp-json\/wp\/v2\/media?parent=56110"}],"wp:term":[{"taxonomy":"product_brand","embeddable":true,"href":"https:\/\/ironsky.pl\/sklep\/wp-json\/wp\/v2\/product_brand?post=56110"},{"taxonomy":"product_cat","embeddable":true,"href":"https:\/\/ironsky.pl\/sklep\/wp-json\/wp\/v2\/product_cat?post=56110"},{"taxonomy":"product_tag","embeddable":true,"href":"https:\/\/ironsky.pl\/sklep\/wp-json\/wp\/v2\/product_tag?post=56110"}],"curies":[{"name":"wp","href":"https:\/\/api.w.org\/{rel}","templated":true}]}}