{"id":56108,"date":"2026-04-15T10:11:25","date_gmt":"2026-04-15T08:11:25","guid":{"rendered":"https:\/\/ironsky.pl\/sklep\/produkt\/adapter-ugreen-cm302-pcie-3-0-x4-m-2-nvme\/"},"modified":"2026-04-15T10:48:06","modified_gmt":"2026-04-15T08:48:06","slug":"adapter-ugreen-cm302-pcie-3-0-x4-m-2-nvme","status":"publish","type":"product","link":"https:\/\/ironsky.pl\/sklep\/produkt\/adapter-ugreen-cm302-pcie-3-0-x4-m-2-nvme\/","title":{"rendered":"Adapter UGREEN CM302 PCIe 3.0 x4-M.2 NVMe"},"content":{"rendered":"<h3>Adapter UGREEN PCIe 3.0 x4 do M.2 NVME<\/h3>\n<p>Zwi\u0119ksz mo\u017cliwo\u015bci swojego komputera. Adapter UGREEN CM302 pozwala u\u017cywa\u0107 dysk\u00f3w SSD M.2 na urz\u0105dzeniach z gniazdami PCIe 3.0. Ciesz si\u0119 szybkim transferem do 32 Gbps, bez przeszk\u00f3d graj w dynamiczne gry i zapomnij o awariach systemu. Produkt wyr\u00f3\u017cnia si\u0119 szerok\u0105 kompatybilno\u015bci\u0105 i ma wska\u017anik LED. W zestawie znajdziesz te\u017c narz\u0119dzia niezb\u0119dne do instalacji adaptera.<\/p>\n<p><img decoding=\"async\" src=\"https:\/\/b2b.innpro.pl\/data\/include\/cms\/012UGREEN\/CM302\/11.jpg\"><\/p>\n<h3>Przyspiesz sw\u00f3j komputer<\/h3>\n<p>Masz wra\u017cenie, \u017ce Tw\u00f3j komputer dzia\u0142a za ma\u0142o wydajnie? Teraz mo\u017cesz to zmieni\u0107! Za pomoc\u0105 adaptera UGREEN bez problemu zamontujesz w nim szybki dysk SSD M.2. Dzi\u0119ki temu zapewnisz sobie mi\u0119dzy innymi pr\u0119dko\u015b\u0107 transferu do 32 Gbps &#8211; to oznacza, \u017ce 1 GB plik\u00f3w mo\u017cna przes\u0142a\u0107 ju\u017c w oko\u0142o 7 sekund! Sprawisz te\u017c, \u017ce gry b\u0119d\u0105 szybciej si\u0119 uruchamia\u0107. Mo\u017cliwe b\u0119dzie r\u00f3wnie\u017c komfortowe korzystanie z oprogramowania takiego jak na przyk\u0142ad Photoshop &#8211; po\u017cegnaj niespodziewane awarie systemu!<\/p>\n<p><img decoding=\"async\" src=\"https:\/\/b2b.innpro.pl\/data\/include\/cms\/012UGREEN\/CM302\/8.jpg\"><\/p>\n<h3>Szeroka kompatybilno\u015b\u0107<\/h3>\n<p>Nie obawiaj si\u0119 problem\u00f3w z kompatybilno\u015bci\u0105. Mo\u017cesz bez problemu pod\u0142\u0105czy\u0107 adapter do gniazd PCIe 3.0 \/ 2.0 \/ 1.0 x4, x8 oraz x16. Produkt jest te\u017c kompatybilny z dyskami SSD w r\u00f3\u017cnych rozmiarach &#8211; 2230, 2242, 2260 i 2280. Cechuje si\u0119 zgodno\u015bci\u0105 z kluczami M oraz B&#038;M, a tak\u017ce z protoko\u0142em NVMe PCIe. Doskonale wsp\u00f3\u0142pracuje z systemami Windows, Linux i Mac OS (Windows oraz Linux nie wymagaj\u0105 instalacji sterownik\u00f3w).<\/p>\n<p><img decoding=\"async\" src=\"https:\/\/b2b.innpro.pl\/data\/include\/cms\/012UGREEN\/CM302\/12.jpg\"><\/p>\n<h3>Bezpieczne i wydajne dzia\u0142anie<\/h3>\n<p>Ciesz si\u0119 bezpiecze\u0144stwem u\u017cytkowania i niezr\u00f3wnan\u0105 wydajno\u015bci\u0105. Adapter zosta\u0142 zaprojektowany w taki spos\u00f3b, aby mo\u017cliwe by\u0142o szybkie i efektywne odprowadzanie ciep\u0142a. Nie b\u0119dzie wi\u0119c si\u0119 przegrzewa\u0142. Ma tak\u017ce wysokiej klasy kondensator, poz\u0142acany interfejs oraz wielostopniowy system ochrony. Wszystko to sprawia, \u017ce zapewnia stabiln\u0105 transmisj\u0119 i wyr\u00f3\u017cnia si\u0119 imponuj\u0105co d\u0142ug\u0105 \u017cywotno\u015bci\u0105.<\/p>\n<p><img decoding=\"async\" src=\"https:\/\/b2b.innpro.pl\/data\/include\/cms\/012UGREEN\/CM302\/4.jpg\"><\/p>\n<h3>Przyjazny u\u017cytkownikom<\/h3>\n<p>Monta\u017c adaptera nie jest zbyt skomplikowany. Bez problemu zainstalujesz te\u017c sw\u00f3j dysk SSD M.2. W sk\u0142ad zestawu wchodz\u0105 wszystkie niezb\u0119dne narz\u0119dzia &#8211; nie musisz si\u0119 obawia\u0107, \u017ce czego\u015b Ci zabraknie. W opakowaniu znajdziesz mi\u0119dzy innymi \u015brubokr\u0119t krzy\u017cakowy, \u015bruby oraz wspornik. Za ich pomoc\u0105 bez trudu zamontujesz urz\u0105dzenie. Adapter ma tak\u017ce wska\u017anik LED, kt\u00f3ry dostarczy Ci informacji o jego statusie.<\/p>\n<p><img decoding=\"async\" src=\"https:\/\/b2b.innpro.pl\/data\/include\/cms\/012UGREEN\/CM302\/3.jpg\"><\/p>\n<div class=\"table-wrapper\">\n<table>\n<tbody>\n<tr>\n<th>Producent<\/th>\n<td>UGREEN<\/td>\n<\/tr>\n<tr>\n<th>Nazwa<\/th>\n<td>PCIe to M.2 Adapter<\/td>\n<\/tr>\n<tr>\n<th>Pr\u0119dko\u015b\u0107<\/th>\n<td>Do 32 Gbps (NVME)<\/td>\n<\/tr>\n<tr>\n<th>Obs\u0142ugiwane systemy<\/th>\n<td>Windows, Mac OS, Linux<\/td>\n<\/tr>\n<tr>\n<th>Wymiary<\/th>\n<td>120 x 116,7 x 35,7 mm<\/td>\n<\/tr>\n<\/tbody>\n<\/table>\n<\/div>\n","protected":false},"excerpt":{"rendered":"<p>Adapter UGREEN PCIe 3.0 x4 do M.2 NVME Zwi\u0119ksz mo\u017cliwo\u015bci swojego komputera. Adapter UGREEN CM302 pozwala u\u017cywa\u0107 dysk\u00f3w SSD M.2<\/p>\n","protected":false},"featured_media":41729,"comment_status":"closed","ping_status":"open","template":"","meta":{"_acf_changed":false},"product_brand":[],"product_cat":[5930,5929],"product_tag":[],"class_list":{"0":"post-56108","1":"product","2":"type-product","3":"status-publish","4":"has-post-thumbnail","6":"product_cat-adaptery-przejsciowki-konwertery","7":"product_cat-akcesoria-it","8":"pa_okres-gwarancji-5757","9":"pa_producent-ugreen","11":"first","12":"outofstock","13":"taxable","14":"shipping-taxable","15":"purchasable","16":"product-type-simple"},"acf":[],"yoast_head":"<!-- This site is optimized with the Yoast SEO plugin v27.2 - https:\/\/yoast.com\/product\/yoast-seo-wordpress\/ -->\n<title>Adapter UGREEN CM302 PCIe 3.0 x4-M.2 NVMe - IRONSKY.PL Sklep z Dronami<\/title>\n<meta name=\"description\" content=\"Adapter UGREEN CM302 PCIe 3.0 x4-M.2 NVMe - \u2705 sklep z dronami i fachowym doradztwem. \u2705 Tutaj kupisz produkty DJI, Yuneec, Parrot, Syma i wiele innych, a tak\u017ce kursy i licencje na operatora drona.\" \/>\n<meta name=\"robots\" content=\"index, follow, max-snippet:-1, max-image-preview:large, max-video-preview:-1\" \/>\n<link rel=\"canonical\" href=\"https:\/\/ironsky.pl\/sklep\/produkt\/adapter-ugreen-cm302-pcie-3-0-x4-m-2-nvme\/\" \/>\n<meta property=\"og:locale\" content=\"pl_PL\" \/>\n<meta property=\"og:type\" content=\"article\" \/>\n<meta property=\"og:title\" content=\"Adapter UGREEN CM302 PCIe 3.0 x4-M.2 NVMe - IRONSKY.PL Sklep z Dronami\" \/>\n<meta property=\"og:description\" content=\"Adapter UGREEN CM302 PCIe 3.0 x4-M.2 NVMe - \u2705 sklep z dronami i fachowym doradztwem. \u2705 Tutaj kupisz produkty DJI, Yuneec, Parrot, Syma i wiele innych, a tak\u017ce kursy i licencje na operatora drona.\" \/>\n<meta property=\"og:url\" content=\"https:\/\/ironsky.pl\/sklep\/produkt\/adapter-ugreen-cm302-pcie-3-0-x4-m-2-nvme\/\" \/>\n<meta property=\"og:site_name\" content=\"IRONSKY.PL Sklep z Dronami\" \/>\n<meta property=\"article:modified_time\" content=\"2026-04-15T08:48:06+00:00\" \/>\n<meta property=\"og:image\" content=\"https:\/\/ironsky.pl\/sklep\/wp-content\/uploads\/2025\/06\/23737_1.jpg\" \/>\n\t<meta property=\"og:image:width\" content=\"800\" \/>\n\t<meta property=\"og:image:height\" content=\"800\" \/>\n\t<meta property=\"og:image:type\" content=\"image\/jpeg\" \/>\n<meta name=\"twitter:card\" content=\"summary_large_image\" \/>\n<meta name=\"twitter:label1\" content=\"Szacowany czas czytania\" \/>\n\t<meta name=\"twitter:data1\" content=\"2 minuty\" \/>\n<script type=\"application\/ld+json\" class=\"yoast-schema-graph\">{\"@context\":\"https:\/\/schema.org\",\"@graph\":[{\"@type\":\"WebPage\",\"@id\":\"https:\/\/ironsky.pl\/sklep\/produkt\/adapter-ugreen-cm302-pcie-3-0-x4-m-2-nvme\/\",\"url\":\"https:\/\/ironsky.pl\/sklep\/produkt\/adapter-ugreen-cm302-pcie-3-0-x4-m-2-nvme\/\",\"name\":\"Adapter UGREEN CM302 PCIe 3.0 x4-M.2 NVMe - IRONSKY.PL Sklep z Dronami\",\"isPartOf\":{\"@id\":\"https:\/\/ironsky.pl\/sklep\/#website\"},\"primaryImageOfPage\":{\"@id\":\"https:\/\/ironsky.pl\/sklep\/produkt\/adapter-ugreen-cm302-pcie-3-0-x4-m-2-nvme\/#primaryimage\"},\"image\":{\"@id\":\"https:\/\/ironsky.pl\/sklep\/produkt\/adapter-ugreen-cm302-pcie-3-0-x4-m-2-nvme\/#primaryimage\"},\"thumbnailUrl\":\"https:\/\/ironsky.pl\/sklep\/wp-content\/uploads\/2025\/06\/23737_1.jpg\",\"datePublished\":\"2026-04-15T08:11:25+00:00\",\"dateModified\":\"2026-04-15T08:48:06+00:00\",\"description\":\"Adapter UGREEN CM302 PCIe 3.0 x4-M.2 NVMe - \u2705 sklep z dronami i fachowym doradztwem. \u2705 Tutaj kupisz produkty DJI, Yuneec, Parrot, Syma i wiele innych, a tak\u017ce kursy i licencje na operatora drona.\",\"breadcrumb\":{\"@id\":\"https:\/\/ironsky.pl\/sklep\/produkt\/adapter-ugreen-cm302-pcie-3-0-x4-m-2-nvme\/#breadcrumb\"},\"inLanguage\":\"pl-PL\",\"potentialAction\":[{\"@type\":\"ReadAction\",\"target\":[\"https:\/\/ironsky.pl\/sklep\/produkt\/adapter-ugreen-cm302-pcie-3-0-x4-m-2-nvme\/\"]}]},{\"@type\":\"ImageObject\",\"inLanguage\":\"pl-PL\",\"@id\":\"https:\/\/ironsky.pl\/sklep\/produkt\/adapter-ugreen-cm302-pcie-3-0-x4-m-2-nvme\/#primaryimage\",\"url\":\"https:\/\/ironsky.pl\/sklep\/wp-content\/uploads\/2025\/06\/23737_1.jpg\",\"contentUrl\":\"https:\/\/ironsky.pl\/sklep\/wp-content\/uploads\/2025\/06\/23737_1.jpg\",\"width\":800,\"height\":800},{\"@type\":\"BreadcrumbList\",\"@id\":\"https:\/\/ironsky.pl\/sklep\/produkt\/adapter-ugreen-cm302-pcie-3-0-x4-m-2-nvme\/#breadcrumb\",\"itemListElement\":[{\"@type\":\"ListItem\",\"position\":1,\"name\":\"Strona g\u0142\u00f3wna\",\"item\":\"https:\/\/ironsky.pl\/sklep\/\"},{\"@type\":\"ListItem\",\"position\":2,\"name\":\"Wszystkie produkty\",\"item\":\"https:\/\/ironsky.pl\/sklep\/produkty\/\"},{\"@type\":\"ListItem\",\"position\":3,\"name\":\"Adapter UGREEN CM302 PCIe 3.0 x4-M.2 NVMe\"}]},{\"@type\":\"WebSite\",\"@id\":\"https:\/\/ironsky.pl\/sklep\/#website\",\"url\":\"https:\/\/ironsky.pl\/sklep\/\",\"name\":\"IRONSKY.PL Sklep z Dronami\",\"description\":\"IRONSKY.PL Sklep z Dronami\",\"potentialAction\":[{\"@type\":\"SearchAction\",\"target\":{\"@type\":\"EntryPoint\",\"urlTemplate\":\"https:\/\/ironsky.pl\/sklep\/?s={search_term_string}\"},\"query-input\":{\"@type\":\"PropertyValueSpecification\",\"valueRequired\":true,\"valueName\":\"search_term_string\"}}],\"inLanguage\":\"pl-PL\"}]}<\/script>\n<!-- \/ Yoast SEO plugin. -->","yoast_head_json":{"title":"Adapter UGREEN CM302 PCIe 3.0 x4-M.2 NVMe - IRONSKY.PL Sklep z Dronami","description":"Adapter UGREEN CM302 PCIe 3.0 x4-M.2 NVMe - \u2705 sklep z dronami i fachowym doradztwem. \u2705 Tutaj kupisz produkty DJI, Yuneec, Parrot, Syma i wiele innych, a tak\u017ce kursy i licencje na operatora drona.","robots":{"index":"index","follow":"follow","max-snippet":"max-snippet:-1","max-image-preview":"max-image-preview:large","max-video-preview":"max-video-preview:-1"},"canonical":"https:\/\/ironsky.pl\/sklep\/produkt\/adapter-ugreen-cm302-pcie-3-0-x4-m-2-nvme\/","og_locale":"pl_PL","og_type":"article","og_title":"Adapter UGREEN CM302 PCIe 3.0 x4-M.2 NVMe - IRONSKY.PL Sklep z Dronami","og_description":"Adapter UGREEN CM302 PCIe 3.0 x4-M.2 NVMe - \u2705 sklep z dronami i fachowym doradztwem. \u2705 Tutaj kupisz produkty DJI, Yuneec, Parrot, Syma i wiele innych, a tak\u017ce kursy i licencje na operatora drona.","og_url":"https:\/\/ironsky.pl\/sklep\/produkt\/adapter-ugreen-cm302-pcie-3-0-x4-m-2-nvme\/","og_site_name":"IRONSKY.PL Sklep z Dronami","article_modified_time":"2026-04-15T08:48:06+00:00","og_image":[{"width":800,"height":800,"url":"https:\/\/ironsky.pl\/sklep\/wp-content\/uploads\/2025\/06\/23737_1.jpg","type":"image\/jpeg"}],"twitter_card":"summary_large_image","twitter_misc":{"Szacowany czas czytania":"2 minuty"},"schema":{"@context":"https:\/\/schema.org","@graph":[{"@type":"WebPage","@id":"https:\/\/ironsky.pl\/sklep\/produkt\/adapter-ugreen-cm302-pcie-3-0-x4-m-2-nvme\/","url":"https:\/\/ironsky.pl\/sklep\/produkt\/adapter-ugreen-cm302-pcie-3-0-x4-m-2-nvme\/","name":"Adapter UGREEN CM302 PCIe 3.0 x4-M.2 NVMe - IRONSKY.PL Sklep z Dronami","isPartOf":{"@id":"https:\/\/ironsky.pl\/sklep\/#website"},"primaryImageOfPage":{"@id":"https:\/\/ironsky.pl\/sklep\/produkt\/adapter-ugreen-cm302-pcie-3-0-x4-m-2-nvme\/#primaryimage"},"image":{"@id":"https:\/\/ironsky.pl\/sklep\/produkt\/adapter-ugreen-cm302-pcie-3-0-x4-m-2-nvme\/#primaryimage"},"thumbnailUrl":"https:\/\/ironsky.pl\/sklep\/wp-content\/uploads\/2025\/06\/23737_1.jpg","datePublished":"2026-04-15T08:11:25+00:00","dateModified":"2026-04-15T08:48:06+00:00","description":"Adapter UGREEN CM302 PCIe 3.0 x4-M.2 NVMe - \u2705 sklep z dronami i fachowym doradztwem. \u2705 Tutaj kupisz produkty DJI, Yuneec, Parrot, Syma i wiele innych, a tak\u017ce kursy i licencje na operatora drona.","breadcrumb":{"@id":"https:\/\/ironsky.pl\/sklep\/produkt\/adapter-ugreen-cm302-pcie-3-0-x4-m-2-nvme\/#breadcrumb"},"inLanguage":"pl-PL","potentialAction":[{"@type":"ReadAction","target":["https:\/\/ironsky.pl\/sklep\/produkt\/adapter-ugreen-cm302-pcie-3-0-x4-m-2-nvme\/"]}]},{"@type":"ImageObject","inLanguage":"pl-PL","@id":"https:\/\/ironsky.pl\/sklep\/produkt\/adapter-ugreen-cm302-pcie-3-0-x4-m-2-nvme\/#primaryimage","url":"https:\/\/ironsky.pl\/sklep\/wp-content\/uploads\/2025\/06\/23737_1.jpg","contentUrl":"https:\/\/ironsky.pl\/sklep\/wp-content\/uploads\/2025\/06\/23737_1.jpg","width":800,"height":800},{"@type":"BreadcrumbList","@id":"https:\/\/ironsky.pl\/sklep\/produkt\/adapter-ugreen-cm302-pcie-3-0-x4-m-2-nvme\/#breadcrumb","itemListElement":[{"@type":"ListItem","position":1,"name":"Strona g\u0142\u00f3wna","item":"https:\/\/ironsky.pl\/sklep\/"},{"@type":"ListItem","position":2,"name":"Wszystkie produkty","item":"https:\/\/ironsky.pl\/sklep\/produkty\/"},{"@type":"ListItem","position":3,"name":"Adapter UGREEN CM302 PCIe 3.0 x4-M.2 NVMe"}]},{"@type":"WebSite","@id":"https:\/\/ironsky.pl\/sklep\/#website","url":"https:\/\/ironsky.pl\/sklep\/","name":"IRONSKY.PL Sklep z Dronami","description":"IRONSKY.PL Sklep z Dronami","potentialAction":[{"@type":"SearchAction","target":{"@type":"EntryPoint","urlTemplate":"https:\/\/ironsky.pl\/sklep\/?s={search_term_string}"},"query-input":{"@type":"PropertyValueSpecification","valueRequired":true,"valueName":"search_term_string"}}],"inLanguage":"pl-PL"}]}},"_links":{"self":[{"href":"https:\/\/ironsky.pl\/sklep\/wp-json\/wp\/v2\/product\/56108","targetHints":{"allow":["GET"]}}],"collection":[{"href":"https:\/\/ironsky.pl\/sklep\/wp-json\/wp\/v2\/product"}],"about":[{"href":"https:\/\/ironsky.pl\/sklep\/wp-json\/wp\/v2\/types\/product"}],"replies":[{"embeddable":true,"href":"https:\/\/ironsky.pl\/sklep\/wp-json\/wp\/v2\/comments?post=56108"}],"wp:featuredmedia":[{"embeddable":true,"href":"https:\/\/ironsky.pl\/sklep\/wp-json\/wp\/v2\/media\/41729"}],"wp:attachment":[{"href":"https:\/\/ironsky.pl\/sklep\/wp-json\/wp\/v2\/media?parent=56108"}],"wp:term":[{"taxonomy":"product_brand","embeddable":true,"href":"https:\/\/ironsky.pl\/sklep\/wp-json\/wp\/v2\/product_brand?post=56108"},{"taxonomy":"product_cat","embeddable":true,"href":"https:\/\/ironsky.pl\/sklep\/wp-json\/wp\/v2\/product_cat?post=56108"},{"taxonomy":"product_tag","embeddable":true,"href":"https:\/\/ironsky.pl\/sklep\/wp-json\/wp\/v2\/product_tag?post=56108"}],"curies":[{"name":"wp","href":"https:\/\/api.w.org\/{rel}","templated":true}]}}