{"id":56106,"date":"2026-04-15T10:11:25","date_gmt":"2026-04-15T08:11:25","guid":{"rendered":"https:\/\/ironsky.pl\/sklep\/produkt\/adapter-ugreen-cm465-pcie-x16-do-m-2-nvme\/"},"modified":"2026-04-15T10:48:05","modified_gmt":"2026-04-15T08:48:05","slug":"adapter-ugreen-cm465-pcie-x16-do-m-2-nvme","status":"publish","type":"product","link":"https:\/\/ironsky.pl\/sklep\/produkt\/adapter-ugreen-cm465-pcie-x16-do-m-2-nvme\/","title":{"rendered":"Adapter UGREEN CM465 PCIe x16 do M.2 NVMe"},"content":{"rendered":"<h3>Adapter PCIe 4.0 x16 do M.2 NVMe UGREEN CM465<\/h3>\n<p>Przyspiesz sw\u00f3j komputer i zwi\u0119ksz jego mo\u017cliwo\u015bci. Adapter UGREEN CM465 umo\u017cliwia instalacj\u0119 dysku SSD M.2 NVMe. Produkt zapewnia transfer danych z pr\u0119dko\u015bci\u0105 do 64 Gbps i jest bardzo prosty w monta\u017cu. Wyr\u00f3\u017cnia go tak\u017ce wytrzyma\u0142a konstrukcja i efektywne odprowadzanie ciep\u0142a.<\/p>\n<p><img decoding=\"async\" src=\"https:\/\/b2b.innpro.pl\/data\/include\/cms\/012UGREEN\/CM465\/1.jpg\"><\/p>\n<h3>Szybki transfer plik\u00f3w<\/h3>\n<p>Adapter spe\u0142nia standardy PCIE 4.0 i jest kompatybilny z dyskami M.2 NVMe. Dzi\u0119ki temu mo\u017ce zapewni\u0107 pr\u0119dko\u015b\u0107 transferu na poziomie nawet 64 Gbps, co przek\u0142ada si\u0119 na bardzo szybki odczyt i zapis danych. W praktyce oznacza to, \u017ce 1 GB plik\u00f3w mo\u017cesz przes\u0142a\u0107 ju\u017c w oko\u0142o 0,7 sekundy. Ciesz si\u0119 p\u0142ynn\u0105 prac\u0105 i nie tra\u0107 czasu na czekanie!<\/p>\n<p><img decoding=\"async\" src=\"https:\/\/b2b.innpro.pl\/data\/include\/cms\/012UGREEN\/CM465\/3.jpg\"><\/p>\n<h3>Bezpiecze\u0144stwo u\u017cytkowania<\/h3>\n<p>Urz\u0105dzenie zapewnia wydajne, niezawodne dzia\u0142anie i bezpiecze\u0144stwo u\u017cytkowania. Za efektywne odprowadzanie ciep\u0142a odpowiadaj\u0105 2 elementy &#8211; metalowa p\u0142ytka oraz dodatkowa warstwa z silikonu. Dzi\u0119ki temu produkt nie b\u0119dzie si\u0119 przegrzewa\u0107.<\/p>\n<p><img decoding=\"async\" src=\"https:\/\/b2b.innpro.pl\/data\/include\/cms\/012UGREEN\/CM465\/4.jpg\"><\/p>\n<h3>Szeroka kompatybilno\u015b\u0107<\/h3>\n<p>Nie obawiaj si\u0119 problem\u00f3w z kompatybilno\u015bci\u0105. Adapter wsp\u00f3\u0142pracuje z systemami operacyjnymi Windows 7 \/ 8 \/ 10 oraz linux czy MacOS 9 \/ 10. Jest kompatybilny z interfejsem PCIE x16 \/ x8 \/ x4. Charakteryzuje go r\u00f3wnie\u017c zgodno\u015b\u0107 z kluczami M oraz B&#038;M, a tak\u017ce z protoko\u0142ami NVMe.<\/p>\n<p><img decoding=\"async\" src=\"https:\/\/b2b.innpro.pl\/data\/include\/cms\/012UGREEN\/CM465\/2.jpg\"><\/p>\n<h3>Przemy\u015blana konstrukcja<\/h3>\n<p>Ten praktyczny adapter b\u0119dzie \u015bwietnie Ci s\u0142u\u017cy\u0142 przez d\u0142ugi czas. Jest odporny na zu\u017cycie oraz korozj\u0119, a jego poz\u0142acane elementy zapewniaj\u0105 stabilniejsz\u0105 transmisj\u0119. Monta\u017c adaptera jest bardzo prosty i nie wymaga instalacji dodatkowych sterownik\u00f3w (w przypadku Windows 7 wymagany sterownik NVMe).<\/p>\n<p><img decoding=\"async\" src=\"https:\/\/b2b.innpro.pl\/data\/include\/cms\/012UGREEN\/CM465\/8.jpg\"><\/p>\n<h3>Zestaw zawiera:<\/h3>\n<ul>\n<li>Adapter<\/li>\n<li>Metalow\u0105 p\u0142ytk\u0119 termoprzewodz\u0105c\u0105<\/li>\n<li>\u015arubokr\u0119t<\/li>\n<li>2 x silikonow\u0105 podk\u0142adk\u0119 termoprzewodz\u0105c\u0105<\/li>\n<li>4 x \u015brubki monta\u017cowe<\/li>\n<li>Instrukcj\u0119 obs\u0142ugi<\/li>\n<\/ul>\n<div class=\"table-wrapper\">\n<table>\n<tbody>\n<tr>\n<th>Producent<\/th>\n<td>UGREEN<\/td>\n<\/tr>\n<tr>\n<th>Model<\/th>\n<td>CM465<\/td>\n<\/tr>\n<tr>\n<th>Kompatybilne dyski twarde<\/th>\n<td>M.2 M-Key NVMe<\/td>\n<\/tr>\n<tr>\n<th>Interfejs dysku twardego<\/th>\n<td>M.2 M-Key x4 \/ x8 \/ x16<\/td>\n<\/tr>\n<tr>\n<th>Pr\u0119dko\u015b\u0107 transmisji<\/th>\n<td>Do 64 Gbps (pojedynczy interfejs M.2)<\/td>\n<\/tr>\n<tr>\n<th>Kompatybilno\u015b\u0107<\/th>\n<td>Windows 7\/8\/10; linux; MacOS 9\/10<\/td>\n<\/tr>\n<\/tbody>\n<\/table>\n<\/div>\n","protected":false},"excerpt":{"rendered":"<p>Adapter PCIe 4.0 x16 do M.2 NVMe UGREEN CM465 Przyspiesz sw\u00f3j komputer i zwi\u0119ksz jego mo\u017cliwo\u015bci. Adapter UGREEN CM465 umo\u017cliwia<\/p>\n","protected":false},"featured_media":41725,"comment_status":"closed","ping_status":"open","template":"","meta":{"_acf_changed":false},"product_brand":[],"product_cat":[5930,5929],"product_tag":[],"class_list":{"0":"post-56106","1":"product","2":"type-product","3":"status-publish","4":"has-post-thumbnail","6":"product_cat-adaptery-przejsciowki-konwertery","7":"product_cat-akcesoria-it","8":"pa_okres-gwarancji-5757","9":"pa_producent-ugreen","11":"first","12":"outofstock","13":"taxable","14":"shipping-taxable","15":"purchasable","16":"product-type-simple"},"acf":[],"yoast_head":"<!-- This site is optimized with the Yoast SEO plugin v27.2 - https:\/\/yoast.com\/product\/yoast-seo-wordpress\/ -->\n<title>Adapter UGREEN CM465 PCIe x16 do M.2 NVMe - IRONSKY.PL Sklep z Dronami<\/title>\n<meta name=\"description\" content=\"Adapter UGREEN CM465 PCIe x16 do M.2 NVMe - \u2705 sklep z dronami i fachowym doradztwem. \u2705 Tutaj kupisz produkty DJI, Yuneec, Parrot, Syma i wiele innych, a tak\u017ce kursy i licencje na operatora drona.\" \/>\n<meta name=\"robots\" content=\"index, follow, max-snippet:-1, max-image-preview:large, max-video-preview:-1\" \/>\n<link rel=\"canonical\" href=\"https:\/\/ironsky.pl\/sklep\/produkt\/adapter-ugreen-cm465-pcie-x16-do-m-2-nvme\/\" \/>\n<meta property=\"og:locale\" content=\"pl_PL\" \/>\n<meta property=\"og:type\" content=\"article\" \/>\n<meta property=\"og:title\" content=\"Adapter UGREEN CM465 PCIe x16 do M.2 NVMe - IRONSKY.PL Sklep z Dronami\" \/>\n<meta property=\"og:description\" content=\"Adapter UGREEN CM465 PCIe x16 do M.2 NVMe - \u2705 sklep z dronami i fachowym doradztwem. \u2705 Tutaj kupisz produkty DJI, Yuneec, Parrot, Syma i wiele innych, a tak\u017ce kursy i licencje na operatora drona.\" \/>\n<meta property=\"og:url\" content=\"https:\/\/ironsky.pl\/sklep\/produkt\/adapter-ugreen-cm465-pcie-x16-do-m-2-nvme\/\" \/>\n<meta property=\"og:site_name\" content=\"IRONSKY.PL Sklep z Dronami\" \/>\n<meta property=\"article:modified_time\" content=\"2026-04-15T08:48:05+00:00\" \/>\n<meta property=\"og:image\" content=\"https:\/\/ironsky.pl\/sklep\/wp-content\/uploads\/2025\/06\/23729_1.jpg\" \/>\n\t<meta property=\"og:image:width\" content=\"800\" \/>\n\t<meta property=\"og:image:height\" content=\"800\" \/>\n\t<meta property=\"og:image:type\" content=\"image\/jpeg\" \/>\n<meta name=\"twitter:card\" content=\"summary_large_image\" \/>\n<meta name=\"twitter:label1\" content=\"Szacowany czas czytania\" \/>\n\t<meta name=\"twitter:data1\" content=\"2 minuty\" \/>\n<script type=\"application\/ld+json\" class=\"yoast-schema-graph\">{\"@context\":\"https:\/\/schema.org\",\"@graph\":[{\"@type\":\"WebPage\",\"@id\":\"https:\/\/ironsky.pl\/sklep\/produkt\/adapter-ugreen-cm465-pcie-x16-do-m-2-nvme\/\",\"url\":\"https:\/\/ironsky.pl\/sklep\/produkt\/adapter-ugreen-cm465-pcie-x16-do-m-2-nvme\/\",\"name\":\"Adapter UGREEN CM465 PCIe x16 do M.2 NVMe - IRONSKY.PL Sklep z Dronami\",\"isPartOf\":{\"@id\":\"https:\/\/ironsky.pl\/sklep\/#website\"},\"primaryImageOfPage\":{\"@id\":\"https:\/\/ironsky.pl\/sklep\/produkt\/adapter-ugreen-cm465-pcie-x16-do-m-2-nvme\/#primaryimage\"},\"image\":{\"@id\":\"https:\/\/ironsky.pl\/sklep\/produkt\/adapter-ugreen-cm465-pcie-x16-do-m-2-nvme\/#primaryimage\"},\"thumbnailUrl\":\"https:\/\/ironsky.pl\/sklep\/wp-content\/uploads\/2025\/06\/23729_1.jpg\",\"datePublished\":\"2026-04-15T08:11:25+00:00\",\"dateModified\":\"2026-04-15T08:48:05+00:00\",\"description\":\"Adapter UGREEN CM465 PCIe x16 do M.2 NVMe - \u2705 sklep z dronami i fachowym doradztwem. \u2705 Tutaj kupisz produkty DJI, Yuneec, Parrot, Syma i wiele innych, a tak\u017ce kursy i licencje na operatora drona.\",\"breadcrumb\":{\"@id\":\"https:\/\/ironsky.pl\/sklep\/produkt\/adapter-ugreen-cm465-pcie-x16-do-m-2-nvme\/#breadcrumb\"},\"inLanguage\":\"pl-PL\",\"potentialAction\":[{\"@type\":\"ReadAction\",\"target\":[\"https:\/\/ironsky.pl\/sklep\/produkt\/adapter-ugreen-cm465-pcie-x16-do-m-2-nvme\/\"]}]},{\"@type\":\"ImageObject\",\"inLanguage\":\"pl-PL\",\"@id\":\"https:\/\/ironsky.pl\/sklep\/produkt\/adapter-ugreen-cm465-pcie-x16-do-m-2-nvme\/#primaryimage\",\"url\":\"https:\/\/ironsky.pl\/sklep\/wp-content\/uploads\/2025\/06\/23729_1.jpg\",\"contentUrl\":\"https:\/\/ironsky.pl\/sklep\/wp-content\/uploads\/2025\/06\/23729_1.jpg\",\"width\":800,\"height\":800},{\"@type\":\"BreadcrumbList\",\"@id\":\"https:\/\/ironsky.pl\/sklep\/produkt\/adapter-ugreen-cm465-pcie-x16-do-m-2-nvme\/#breadcrumb\",\"itemListElement\":[{\"@type\":\"ListItem\",\"position\":1,\"name\":\"Strona g\u0142\u00f3wna\",\"item\":\"https:\/\/ironsky.pl\/sklep\/\"},{\"@type\":\"ListItem\",\"position\":2,\"name\":\"Wszystkie produkty\",\"item\":\"https:\/\/ironsky.pl\/sklep\/produkty\/\"},{\"@type\":\"ListItem\",\"position\":3,\"name\":\"Adapter UGREEN CM465 PCIe x16 do M.2 NVMe\"}]},{\"@type\":\"WebSite\",\"@id\":\"https:\/\/ironsky.pl\/sklep\/#website\",\"url\":\"https:\/\/ironsky.pl\/sklep\/\",\"name\":\"IRONSKY.PL Sklep z Dronami\",\"description\":\"IRONSKY.PL Sklep z Dronami\",\"potentialAction\":[{\"@type\":\"SearchAction\",\"target\":{\"@type\":\"EntryPoint\",\"urlTemplate\":\"https:\/\/ironsky.pl\/sklep\/?s={search_term_string}\"},\"query-input\":{\"@type\":\"PropertyValueSpecification\",\"valueRequired\":true,\"valueName\":\"search_term_string\"}}],\"inLanguage\":\"pl-PL\"}]}<\/script>\n<!-- \/ Yoast SEO plugin. -->","yoast_head_json":{"title":"Adapter UGREEN CM465 PCIe x16 do M.2 NVMe - IRONSKY.PL Sklep z Dronami","description":"Adapter UGREEN CM465 PCIe x16 do M.2 NVMe - \u2705 sklep z dronami i fachowym doradztwem. \u2705 Tutaj kupisz produkty DJI, Yuneec, Parrot, Syma i wiele innych, a tak\u017ce kursy i licencje na operatora drona.","robots":{"index":"index","follow":"follow","max-snippet":"max-snippet:-1","max-image-preview":"max-image-preview:large","max-video-preview":"max-video-preview:-1"},"canonical":"https:\/\/ironsky.pl\/sklep\/produkt\/adapter-ugreen-cm465-pcie-x16-do-m-2-nvme\/","og_locale":"pl_PL","og_type":"article","og_title":"Adapter UGREEN CM465 PCIe x16 do M.2 NVMe - IRONSKY.PL Sklep z Dronami","og_description":"Adapter UGREEN CM465 PCIe x16 do M.2 NVMe - \u2705 sklep z dronami i fachowym doradztwem. \u2705 Tutaj kupisz produkty DJI, Yuneec, Parrot, Syma i wiele innych, a tak\u017ce kursy i licencje na operatora drona.","og_url":"https:\/\/ironsky.pl\/sklep\/produkt\/adapter-ugreen-cm465-pcie-x16-do-m-2-nvme\/","og_site_name":"IRONSKY.PL Sklep z Dronami","article_modified_time":"2026-04-15T08:48:05+00:00","og_image":[{"width":800,"height":800,"url":"https:\/\/ironsky.pl\/sklep\/wp-content\/uploads\/2025\/06\/23729_1.jpg","type":"image\/jpeg"}],"twitter_card":"summary_large_image","twitter_misc":{"Szacowany czas czytania":"2 minuty"},"schema":{"@context":"https:\/\/schema.org","@graph":[{"@type":"WebPage","@id":"https:\/\/ironsky.pl\/sklep\/produkt\/adapter-ugreen-cm465-pcie-x16-do-m-2-nvme\/","url":"https:\/\/ironsky.pl\/sklep\/produkt\/adapter-ugreen-cm465-pcie-x16-do-m-2-nvme\/","name":"Adapter UGREEN CM465 PCIe x16 do M.2 NVMe - IRONSKY.PL Sklep z Dronami","isPartOf":{"@id":"https:\/\/ironsky.pl\/sklep\/#website"},"primaryImageOfPage":{"@id":"https:\/\/ironsky.pl\/sklep\/produkt\/adapter-ugreen-cm465-pcie-x16-do-m-2-nvme\/#primaryimage"},"image":{"@id":"https:\/\/ironsky.pl\/sklep\/produkt\/adapter-ugreen-cm465-pcie-x16-do-m-2-nvme\/#primaryimage"},"thumbnailUrl":"https:\/\/ironsky.pl\/sklep\/wp-content\/uploads\/2025\/06\/23729_1.jpg","datePublished":"2026-04-15T08:11:25+00:00","dateModified":"2026-04-15T08:48:05+00:00","description":"Adapter UGREEN CM465 PCIe x16 do M.2 NVMe - \u2705 sklep z dronami i fachowym doradztwem. \u2705 Tutaj kupisz produkty DJI, Yuneec, Parrot, Syma i wiele innych, a tak\u017ce kursy i licencje na operatora drona.","breadcrumb":{"@id":"https:\/\/ironsky.pl\/sklep\/produkt\/adapter-ugreen-cm465-pcie-x16-do-m-2-nvme\/#breadcrumb"},"inLanguage":"pl-PL","potentialAction":[{"@type":"ReadAction","target":["https:\/\/ironsky.pl\/sklep\/produkt\/adapter-ugreen-cm465-pcie-x16-do-m-2-nvme\/"]}]},{"@type":"ImageObject","inLanguage":"pl-PL","@id":"https:\/\/ironsky.pl\/sklep\/produkt\/adapter-ugreen-cm465-pcie-x16-do-m-2-nvme\/#primaryimage","url":"https:\/\/ironsky.pl\/sklep\/wp-content\/uploads\/2025\/06\/23729_1.jpg","contentUrl":"https:\/\/ironsky.pl\/sklep\/wp-content\/uploads\/2025\/06\/23729_1.jpg","width":800,"height":800},{"@type":"BreadcrumbList","@id":"https:\/\/ironsky.pl\/sklep\/produkt\/adapter-ugreen-cm465-pcie-x16-do-m-2-nvme\/#breadcrumb","itemListElement":[{"@type":"ListItem","position":1,"name":"Strona g\u0142\u00f3wna","item":"https:\/\/ironsky.pl\/sklep\/"},{"@type":"ListItem","position":2,"name":"Wszystkie produkty","item":"https:\/\/ironsky.pl\/sklep\/produkty\/"},{"@type":"ListItem","position":3,"name":"Adapter UGREEN CM465 PCIe x16 do M.2 NVMe"}]},{"@type":"WebSite","@id":"https:\/\/ironsky.pl\/sklep\/#website","url":"https:\/\/ironsky.pl\/sklep\/","name":"IRONSKY.PL Sklep z Dronami","description":"IRONSKY.PL Sklep z Dronami","potentialAction":[{"@type":"SearchAction","target":{"@type":"EntryPoint","urlTemplate":"https:\/\/ironsky.pl\/sklep\/?s={search_term_string}"},"query-input":{"@type":"PropertyValueSpecification","valueRequired":true,"valueName":"search_term_string"}}],"inLanguage":"pl-PL"}]}},"_links":{"self":[{"href":"https:\/\/ironsky.pl\/sklep\/wp-json\/wp\/v2\/product\/56106","targetHints":{"allow":["GET"]}}],"collection":[{"href":"https:\/\/ironsky.pl\/sklep\/wp-json\/wp\/v2\/product"}],"about":[{"href":"https:\/\/ironsky.pl\/sklep\/wp-json\/wp\/v2\/types\/product"}],"replies":[{"embeddable":true,"href":"https:\/\/ironsky.pl\/sklep\/wp-json\/wp\/v2\/comments?post=56106"}],"wp:featuredmedia":[{"embeddable":true,"href":"https:\/\/ironsky.pl\/sklep\/wp-json\/wp\/v2\/media\/41725"}],"wp:attachment":[{"href":"https:\/\/ironsky.pl\/sklep\/wp-json\/wp\/v2\/media?parent=56106"}],"wp:term":[{"taxonomy":"product_brand","embeddable":true,"href":"https:\/\/ironsky.pl\/sklep\/wp-json\/wp\/v2\/product_brand?post=56106"},{"taxonomy":"product_cat","embeddable":true,"href":"https:\/\/ironsky.pl\/sklep\/wp-json\/wp\/v2\/product_cat?post=56106"},{"taxonomy":"product_tag","embeddable":true,"href":"https:\/\/ironsky.pl\/sklep\/wp-json\/wp\/v2\/product_tag?post=56106"}],"curies":[{"name":"wp","href":"https:\/\/api.w.org\/{rel}","templated":true}]}}