{"id":56105,"date":"2026-04-15T10:11:25","date_gmt":"2026-04-15T08:11:25","guid":{"rendered":"https:\/\/ironsky.pl\/sklep\/produkt\/hub-ugreen-cm475-5-portowy-szary\/"},"modified":"2026-04-15T10:48:05","modified_gmt":"2026-04-15T08:48:05","slug":"hub-ugreen-cm475-5-portowy-szary","status":"publish","type":"product","link":"https:\/\/ironsky.pl\/sklep\/produkt\/hub-ugreen-cm475-5-portowy-szary\/","title":{"rendered":"Hub UGREEN CM475 5-portowy (szary)"},"content":{"rendered":"<h3>Adapter 5w1 UGREEN CM475<\/h3>\n<p>Tw\u00f3j komputer ma za ma\u0142o port\u00f3w? Chcesz zwi\u0119kszy\u0107 jego mo\u017cliwo\u015bci? Adapter 5w1 marki UGREEN Ci w tym pomo\u017ce! Urz\u0105dzenie zosta\u0142o wyposa\u017cone w 3 porty USB 3.0, port Ethernet oraz port USB-C umo\u017cliwiaj\u0105cy pod\u0142\u0105czenie adaptera zasilania. Ciesz si\u0119 szybkim transferem plik\u00f3w do 5 Gbps i wygodnie korzystaj z Internetu. Produkt jest wyj\u0105tkowo lekki i kompaktowy, wyr\u00f3\u017cnia si\u0119 tak\u017ce szerok\u0105 kompatybilno\u015bci\u0105.<\/p>\n<p><img decoding=\"async\" src=\"https:\/\/b2b.innpro.pl\/data\/include\/cms\/012UGREEN\/6957303865543\/4.jpg\"><\/p>\n<h3>Szybki Internet dla Ciebie<\/h3>\n<p>Cz\u0119sto korzystasz z Internetu w pracy? A mo\u017ce lubisz ogl\u0105da\u0107 filmy w sieci lub gra\u0107 w gry online? Adapter marki UGREEN z pewno\u015bci\u0105 Ci si\u0119 przyda! Wbudowany port Ethernet umo\u017cliwia transfer danych z pr\u0119dko\u015bci\u0105 si\u0119gaj\u0105c\u0105 1000 Mbps. Teraz bez problemu obejrzysz kolejny odcinek serialu!<\/p>\n<p><img decoding=\"async\" src=\"https:\/\/b2b.innpro.pl\/data\/include\/cms\/012UGREEN\/6957303865543\/2.jpg\"><\/p>\n<h3>Przesy\u0142aj pliki w mgnieniu oka<\/h3>\n<p>Po\u017cegnaj konieczno\u015b\u0107 przeci\u0105gaj\u0105cego si\u0119 oczekiwania, a\u017c wszystkie potrzebne Ci pliki zostan\u0105 przes\u0142ane mi\u0119dzy urz\u0105dzeniami. Adapter oferuje 3 porty USB 3.0, kt\u00f3re umo\u017cliwiaj\u0105 transfer danych z pr\u0119dko\u015bci\u0105 do 5 Gbps. To a\u017c 10x szybciej ni\u017c w wypadku USB 2.0! Po prostu pod\u0142\u0105cz czytnik kart pami\u0119ci lub dysk USB, aby w kilka chwil skopiowa\u0107 wybrane zdj\u0119cia, filmy lub dokumenty.<\/p>\n<p><img decoding=\"async\" src=\"https:\/\/b2b.innpro.pl\/data\/include\/cms\/012UGREEN\/6957303865543\/1.jpg\"><\/p>\n<h3>Szeroka kompatybilno\u015b\u0107<\/h3>\n<p>Problemy z kompatybilno\u015bci\u0105 zostan\u0105 tylko przykrym wspomnieniem. Adapter UGREEN CM475 bez problemu wsp\u00f3\u0142pracuje z wi\u0119kszo\u015bci\u0105 popularnych system\u00f3w operacyjnych takich jak Windows 11 \/ 10 \/ 8.1 \/ 8, Mac OS, iOS i Linux. Mo\u017cesz te\u017c pod\u0142\u0105czy\u0107 do niego urz\u0105dzenia takie jak na przyk\u0142ad dysk USB, klawiatura, mysz, drukarka, a nawet ma\u0142y wentylator biurkowy.<\/p>\n<p><img decoding=\"async\" src=\"https:\/\/b2b.innpro.pl\/data\/include\/cms\/012UGREEN\/6957303865543\/6.jpg\"><\/p>\n<h3>Dostosowany do Twoich potrzeb<\/h3>\n<p>Za szerok\u0105 kompatybilno\u015b\u0107 i stabilne dzia\u0142anie adaptera odpowiadaj\u0105 2 wbudowane chipy o wysokiej wydajno\u015bci. Produkt jest te\u017c niezwykle lekki i przeno\u015bny &#8211; mo\u017cesz mie\u0107 go zawsze przy sobie. Jego kompaktowy rozmiar sprawia, \u017ce bez problemu znajdziesz dla niego miejsce w torebce lub w plecaku i zabierzesz ze sob\u0105 do pracy, na uczelni\u0119 albo na wakacje.<\/p>\n<p><img decoding=\"async\" src=\"https:\/\/b2b.innpro.pl\/data\/include\/cms\/012UGREEN\/6957303865543\/5.jpg\"><\/p>\n<div class=\"table-wrapper\">\n<table>\n<tbody>\n<tr>\n<th>Producent<\/th>\n<td>UGREEN<\/td>\n<\/tr>\n<tr>\n<th>Model<\/th>\n<td>CM475<\/td>\n<\/tr>\n<tr>\n<th>Wej\u015bcie<\/th>\n<td>USB 3.0<\/td>\n<\/tr>\n<tr>\n<th>Wyj\u015bcie<\/th>\n<td>3x USB 3.0, 1x RJ45<\/td>\n<\/tr>\n<tr>\n<th>Standard USB<\/th>\n<td>3.0<\/td>\n<\/tr>\n<tr>\n<th>Pr\u0119dko\u015b\u0107 transmisji plik\u00f3w<\/th>\n<td>Do 5 Gbps<\/td>\n<\/tr>\n<tr>\n<th>Transfer danych (port Ethernet)<\/th>\n<td>Do 10 \/ 100 \/ 1000 Mbps<\/td>\n<\/tr>\n<tr>\n<th>Port zasilania<\/th>\n<td>USB-C \u017ce\u0144ski, DC 5 V 2 A<\/td>\n<\/tr>\n<tr>\n<th>Kompatybilno\u015b\u0107<\/th>\n<td>Windows 11 \/ 10 \/ 8.1 \/ 8, Mac OS, iOS, Linux<\/td>\n<\/tr>\n<tr>\n<th>Wymiary<\/th>\n<td>12 x 2,8 cm<\/td>\n<\/tr>\n<\/tbody>\n<\/table>\n<\/div>\n","protected":false},"excerpt":{"rendered":"<p>Adapter 5w1 UGREEN CM475 Tw\u00f3j komputer ma za ma\u0142o port\u00f3w? Chcesz zwi\u0119kszy\u0107 jego mo\u017cliwo\u015bci? Adapter 5w1 marki UGREEN Ci w<\/p>\n","protected":false},"featured_media":41723,"comment_status":"closed","ping_status":"open","template":"","meta":{"_acf_changed":false},"product_brand":[],"product_cat":[5929,5934],"product_tag":[],"class_list":{"0":"post-56105","1":"product","2":"type-product","3":"status-publish","4":"has-post-thumbnail","6":"product_cat-akcesoria-it","7":"product_cat-huby","8":"pa_okres-gwarancji-5757","9":"pa_producent-ugreen","11":"first","12":"outofstock","13":"taxable","14":"shipping-taxable","15":"purchasable","16":"product-type-simple"},"acf":[],"yoast_head":"<!-- This site is optimized with the Yoast SEO plugin v27.2 - https:\/\/yoast.com\/product\/yoast-seo-wordpress\/ -->\n<title>Hub UGREEN CM475 5-portowy (szary) - IRONSKY.PL Sklep z Dronami<\/title>\n<meta name=\"description\" content=\"Hub UGREEN CM475 5-portowy (szary) - \u2705 sklep z dronami i fachowym doradztwem. \u2705 Tutaj kupisz produkty DJI, Yuneec, Parrot, Syma i wiele innych, a tak\u017ce kursy i licencje na operatora drona.\" \/>\n<meta name=\"robots\" content=\"index, follow, max-snippet:-1, max-image-preview:large, max-video-preview:-1\" \/>\n<link rel=\"canonical\" href=\"https:\/\/ironsky.pl\/sklep\/produkt\/hub-ugreen-cm475-5-portowy-szary\/\" \/>\n<meta property=\"og:locale\" content=\"pl_PL\" \/>\n<meta property=\"og:type\" content=\"article\" \/>\n<meta property=\"og:title\" content=\"Hub UGREEN CM475 5-portowy (szary) - IRONSKY.PL Sklep z Dronami\" \/>\n<meta property=\"og:description\" content=\"Hub UGREEN CM475 5-portowy (szary) - \u2705 sklep z dronami i fachowym doradztwem. \u2705 Tutaj kupisz produkty DJI, Yuneec, Parrot, Syma i wiele innych, a tak\u017ce kursy i licencje na operatora drona.\" \/>\n<meta property=\"og:url\" content=\"https:\/\/ironsky.pl\/sklep\/produkt\/hub-ugreen-cm475-5-portowy-szary\/\" \/>\n<meta property=\"og:site_name\" content=\"IRONSKY.PL Sklep z Dronami\" \/>\n<meta property=\"article:modified_time\" content=\"2026-04-15T08:48:05+00:00\" \/>\n<meta property=\"og:image\" content=\"https:\/\/ironsky.pl\/sklep\/wp-content\/uploads\/2025\/06\/23728_1.jpg\" \/>\n\t<meta property=\"og:image:width\" content=\"800\" \/>\n\t<meta property=\"og:image:height\" content=\"800\" \/>\n\t<meta property=\"og:image:type\" content=\"image\/jpeg\" \/>\n<meta name=\"twitter:card\" content=\"summary_large_image\" \/>\n<meta name=\"twitter:label1\" content=\"Szacowany czas czytania\" \/>\n\t<meta name=\"twitter:data1\" content=\"2 minuty\" \/>\n<script type=\"application\/ld+json\" class=\"yoast-schema-graph\">{\"@context\":\"https:\/\/schema.org\",\"@graph\":[{\"@type\":\"WebPage\",\"@id\":\"https:\/\/ironsky.pl\/sklep\/produkt\/hub-ugreen-cm475-5-portowy-szary\/\",\"url\":\"https:\/\/ironsky.pl\/sklep\/produkt\/hub-ugreen-cm475-5-portowy-szary\/\",\"name\":\"Hub UGREEN CM475 5-portowy (szary) - IRONSKY.PL Sklep z Dronami\",\"isPartOf\":{\"@id\":\"https:\/\/ironsky.pl\/sklep\/#website\"},\"primaryImageOfPage\":{\"@id\":\"https:\/\/ironsky.pl\/sklep\/produkt\/hub-ugreen-cm475-5-portowy-szary\/#primaryimage\"},\"image\":{\"@id\":\"https:\/\/ironsky.pl\/sklep\/produkt\/hub-ugreen-cm475-5-portowy-szary\/#primaryimage\"},\"thumbnailUrl\":\"https:\/\/ironsky.pl\/sklep\/wp-content\/uploads\/2025\/06\/23728_1.jpg\",\"datePublished\":\"2026-04-15T08:11:25+00:00\",\"dateModified\":\"2026-04-15T08:48:05+00:00\",\"description\":\"Hub UGREEN CM475 5-portowy (szary) - \u2705 sklep z dronami i fachowym doradztwem. \u2705 Tutaj kupisz produkty DJI, Yuneec, Parrot, Syma i wiele innych, a tak\u017ce kursy i licencje na operatora drona.\",\"breadcrumb\":{\"@id\":\"https:\/\/ironsky.pl\/sklep\/produkt\/hub-ugreen-cm475-5-portowy-szary\/#breadcrumb\"},\"inLanguage\":\"pl-PL\",\"potentialAction\":[{\"@type\":\"ReadAction\",\"target\":[\"https:\/\/ironsky.pl\/sklep\/produkt\/hub-ugreen-cm475-5-portowy-szary\/\"]}]},{\"@type\":\"ImageObject\",\"inLanguage\":\"pl-PL\",\"@id\":\"https:\/\/ironsky.pl\/sklep\/produkt\/hub-ugreen-cm475-5-portowy-szary\/#primaryimage\",\"url\":\"https:\/\/ironsky.pl\/sklep\/wp-content\/uploads\/2025\/06\/23728_1.jpg\",\"contentUrl\":\"https:\/\/ironsky.pl\/sklep\/wp-content\/uploads\/2025\/06\/23728_1.jpg\",\"width\":800,\"height\":800},{\"@type\":\"BreadcrumbList\",\"@id\":\"https:\/\/ironsky.pl\/sklep\/produkt\/hub-ugreen-cm475-5-portowy-szary\/#breadcrumb\",\"itemListElement\":[{\"@type\":\"ListItem\",\"position\":1,\"name\":\"Strona g\u0142\u00f3wna\",\"item\":\"https:\/\/ironsky.pl\/sklep\/\"},{\"@type\":\"ListItem\",\"position\":2,\"name\":\"Wszystkie produkty\",\"item\":\"https:\/\/ironsky.pl\/sklep\/produkty\/\"},{\"@type\":\"ListItem\",\"position\":3,\"name\":\"Hub UGREEN CM475 5-portowy (szary)\"}]},{\"@type\":\"WebSite\",\"@id\":\"https:\/\/ironsky.pl\/sklep\/#website\",\"url\":\"https:\/\/ironsky.pl\/sklep\/\",\"name\":\"IRONSKY.PL Sklep z Dronami\",\"description\":\"IRONSKY.PL Sklep z Dronami\",\"potentialAction\":[{\"@type\":\"SearchAction\",\"target\":{\"@type\":\"EntryPoint\",\"urlTemplate\":\"https:\/\/ironsky.pl\/sklep\/?s={search_term_string}\"},\"query-input\":{\"@type\":\"PropertyValueSpecification\",\"valueRequired\":true,\"valueName\":\"search_term_string\"}}],\"inLanguage\":\"pl-PL\"}]}<\/script>\n<!-- \/ Yoast SEO plugin. -->","yoast_head_json":{"title":"Hub UGREEN CM475 5-portowy (szary) - IRONSKY.PL Sklep z Dronami","description":"Hub UGREEN CM475 5-portowy (szary) - \u2705 sklep z dronami i fachowym doradztwem. \u2705 Tutaj kupisz produkty DJI, Yuneec, Parrot, Syma i wiele innych, a tak\u017ce kursy i licencje na operatora drona.","robots":{"index":"index","follow":"follow","max-snippet":"max-snippet:-1","max-image-preview":"max-image-preview:large","max-video-preview":"max-video-preview:-1"},"canonical":"https:\/\/ironsky.pl\/sklep\/produkt\/hub-ugreen-cm475-5-portowy-szary\/","og_locale":"pl_PL","og_type":"article","og_title":"Hub UGREEN CM475 5-portowy (szary) - IRONSKY.PL Sklep z Dronami","og_description":"Hub UGREEN CM475 5-portowy (szary) - \u2705 sklep z dronami i fachowym doradztwem. \u2705 Tutaj kupisz produkty DJI, Yuneec, Parrot, Syma i wiele innych, a tak\u017ce kursy i licencje na operatora drona.","og_url":"https:\/\/ironsky.pl\/sklep\/produkt\/hub-ugreen-cm475-5-portowy-szary\/","og_site_name":"IRONSKY.PL Sklep z Dronami","article_modified_time":"2026-04-15T08:48:05+00:00","og_image":[{"width":800,"height":800,"url":"https:\/\/ironsky.pl\/sklep\/wp-content\/uploads\/2025\/06\/23728_1.jpg","type":"image\/jpeg"}],"twitter_card":"summary_large_image","twitter_misc":{"Szacowany czas czytania":"2 minuty"},"schema":{"@context":"https:\/\/schema.org","@graph":[{"@type":"WebPage","@id":"https:\/\/ironsky.pl\/sklep\/produkt\/hub-ugreen-cm475-5-portowy-szary\/","url":"https:\/\/ironsky.pl\/sklep\/produkt\/hub-ugreen-cm475-5-portowy-szary\/","name":"Hub UGREEN CM475 5-portowy (szary) - IRONSKY.PL Sklep z Dronami","isPartOf":{"@id":"https:\/\/ironsky.pl\/sklep\/#website"},"primaryImageOfPage":{"@id":"https:\/\/ironsky.pl\/sklep\/produkt\/hub-ugreen-cm475-5-portowy-szary\/#primaryimage"},"image":{"@id":"https:\/\/ironsky.pl\/sklep\/produkt\/hub-ugreen-cm475-5-portowy-szary\/#primaryimage"},"thumbnailUrl":"https:\/\/ironsky.pl\/sklep\/wp-content\/uploads\/2025\/06\/23728_1.jpg","datePublished":"2026-04-15T08:11:25+00:00","dateModified":"2026-04-15T08:48:05+00:00","description":"Hub UGREEN CM475 5-portowy (szary) - \u2705 sklep z dronami i fachowym doradztwem. \u2705 Tutaj kupisz produkty DJI, Yuneec, Parrot, Syma i wiele innych, a tak\u017ce kursy i licencje na operatora drona.","breadcrumb":{"@id":"https:\/\/ironsky.pl\/sklep\/produkt\/hub-ugreen-cm475-5-portowy-szary\/#breadcrumb"},"inLanguage":"pl-PL","potentialAction":[{"@type":"ReadAction","target":["https:\/\/ironsky.pl\/sklep\/produkt\/hub-ugreen-cm475-5-portowy-szary\/"]}]},{"@type":"ImageObject","inLanguage":"pl-PL","@id":"https:\/\/ironsky.pl\/sklep\/produkt\/hub-ugreen-cm475-5-portowy-szary\/#primaryimage","url":"https:\/\/ironsky.pl\/sklep\/wp-content\/uploads\/2025\/06\/23728_1.jpg","contentUrl":"https:\/\/ironsky.pl\/sklep\/wp-content\/uploads\/2025\/06\/23728_1.jpg","width":800,"height":800},{"@type":"BreadcrumbList","@id":"https:\/\/ironsky.pl\/sklep\/produkt\/hub-ugreen-cm475-5-portowy-szary\/#breadcrumb","itemListElement":[{"@type":"ListItem","position":1,"name":"Strona g\u0142\u00f3wna","item":"https:\/\/ironsky.pl\/sklep\/"},{"@type":"ListItem","position":2,"name":"Wszystkie produkty","item":"https:\/\/ironsky.pl\/sklep\/produkty\/"},{"@type":"ListItem","position":3,"name":"Hub UGREEN CM475 5-portowy (szary)"}]},{"@type":"WebSite","@id":"https:\/\/ironsky.pl\/sklep\/#website","url":"https:\/\/ironsky.pl\/sklep\/","name":"IRONSKY.PL Sklep z Dronami","description":"IRONSKY.PL Sklep z Dronami","potentialAction":[{"@type":"SearchAction","target":{"@type":"EntryPoint","urlTemplate":"https:\/\/ironsky.pl\/sklep\/?s={search_term_string}"},"query-input":{"@type":"PropertyValueSpecification","valueRequired":true,"valueName":"search_term_string"}}],"inLanguage":"pl-PL"}]}},"_links":{"self":[{"href":"https:\/\/ironsky.pl\/sklep\/wp-json\/wp\/v2\/product\/56105","targetHints":{"allow":["GET"]}}],"collection":[{"href":"https:\/\/ironsky.pl\/sklep\/wp-json\/wp\/v2\/product"}],"about":[{"href":"https:\/\/ironsky.pl\/sklep\/wp-json\/wp\/v2\/types\/product"}],"replies":[{"embeddable":true,"href":"https:\/\/ironsky.pl\/sklep\/wp-json\/wp\/v2\/comments?post=56105"}],"wp:featuredmedia":[{"embeddable":true,"href":"https:\/\/ironsky.pl\/sklep\/wp-json\/wp\/v2\/media\/41723"}],"wp:attachment":[{"href":"https:\/\/ironsky.pl\/sklep\/wp-json\/wp\/v2\/media?parent=56105"}],"wp:term":[{"taxonomy":"product_brand","embeddable":true,"href":"https:\/\/ironsky.pl\/sklep\/wp-json\/wp\/v2\/product_brand?post=56105"},{"taxonomy":"product_cat","embeddable":true,"href":"https:\/\/ironsky.pl\/sklep\/wp-json\/wp\/v2\/product_cat?post=56105"},{"taxonomy":"product_tag","embeddable":true,"href":"https:\/\/ironsky.pl\/sklep\/wp-json\/wp\/v2\/product_tag?post=56105"}],"curies":[{"name":"wp","href":"https:\/\/api.w.org\/{rel}","templated":true}]}}