{"id":56103,"date":"2026-04-15T10:11:25","date_gmt":"2026-04-15T08:11:25","guid":{"rendered":"https:\/\/ironsky.pl\/sklep\/produkt\/namiot-bezcieniowy-puluz-pu5041b-40cm\/"},"modified":"2026-04-15T10:47:05","modified_gmt":"2026-04-15T08:47:05","slug":"namiot-bezcieniowy-puluz-pu5041b-40cm","status":"publish","type":"product","link":"https:\/\/ironsky.pl\/sklep\/produkt\/namiot-bezcieniowy-puluz-pu5041b-40cm\/","title":{"rendered":"Namiot bezcieniowy PULUZ PU5041B 40cm"},"content":{"rendered":"<h3>Namiot bezcieniowy Puluz PU5041B 40 cm<\/h3>\n<p>Namiot bezcieniowy Puluz PU5041B doskonale nadaje si\u0119 do fotografii produktowej i nie tylko. Za jego pomoc\u0105 odpowiednio wyeksponujesz wybrane przedmioty takie jak na przyk\u0142ad bi\u017cuteria, zabawki, gad\u017cety czy akcesoria. Produkt zapewnia te\u017c doskona\u0142ej jako\u015bci o\u015bwietlenie LED. Oferuje 3 tryby \u015bwiecenia i 10 poziom\u00f3w jasno\u015bci do wyboru. Zosta\u0142 wyposa\u017cony w kabel USB, kt\u00f3ry umo\u017cliwia jego zasilanie. W zestawie znajdziesz te\u017c wymienne, dwustronne t\u0142a (6 sztuk) w 12 kolorach.<\/p>\n<p><img decoding=\"async\" src=\"https:\/\/b2b.innpro.pl\/data\/include\/cms\/02Puluz\/PU5041B\/4.jpg?v=1646139239534\"><\/p>\n<h3>Optymalne o\u015bwietlenie<\/h3>\n<p>Je\u015bli zajmujesz si\u0119 fotografi\u0105, z pewno\u015bci\u0105 wiesz, jak du\u017ce znaczenie ma odpowiednie \u015bwiat\u0142o. Dlatego namiot marki Puluz zosta\u0142 wyposa\u017cony w wysokiej klasy lamp\u0119 LED, kt\u00f3ra wyr\u00f3\u017cnia si\u0119 wysokim wsp\u00f3\u0142czynnikiem oddawania barw si\u0119gaj\u0105cym nawet 90. Mo\u017cesz te\u017c dostosowa\u0107 o\u015bwietlenie do swoich oczekiwa\u0144. Dost\u0119pne s\u0105 3 tryby &#8211; bia\u0142e \u015bwiat\u0142o, mi\u0119kkie \u015bwiat\u0142o i ciep\u0142e \u015bwiat\u0142o. Urz\u0105dzenie pozwala te\u017c na 10-stopniow\u0105 regulacj\u0119 jasno\u015bci w zakresie od 0% do 100%. Ustawienia zmienisz za pomoc\u0105 zintegrowanego z kablem pilota.<\/p>\n<p><img decoding=\"async\" src=\"https:\/\/b2b.innpro.pl\/data\/include\/cms\/02Puluz\/PU5041B\/6.jpg?v=1646139239534\"><\/p>\n<h3>Wiele mo\u017cliwo\u015bci<\/h3>\n<p>Cz\u0119sto robisz zdj\u0119cia za pomoc\u0105 smartfona? A mo\u017ce u\u017cywasz aparatu? Namiot bezcieniowy Puluz sprawdzi si\u0119 niemal w ka\u017cdej sytuacji! Mo\u017cesz r\u00f3wnie\u017c fotografowa\u0107 z r\u00f3\u017cnych perspektyw &#8211; z przodu lub z g\u00f3ry, przez dodatkowy otw\u00f3r. W sk\u0142ad zestawu wchodzi te\u017c specjalna, mi\u0119kka szmatka, kt\u00f3ra u\u0142atwi wykonywanie zdj\u0119\u0107 obiekt\u00f3w silnie odbijaj\u0105cych \u015bwiat\u0142o. Wewn\u0105trz namiotu znajduje si\u0119 odblaskowa tkanina zapewniaj\u0105ca r\u00f3wnomierne rozpraszanie o\u015bwietlenia.<\/p>\n<p><img decoding=\"async\" src=\"https:\/\/b2b.innpro.pl\/data\/include\/cms\/02Puluz\/PU5041B\/2.jpg?v=1646139239534\"><\/p>\n<h3>Dwustronne, kolorowe t\u0142a<\/h3>\n<p>Zadbaj o optymaln\u0105 ekspozycj\u0119 fotografowanych przedmiot\u00f3w. Aby u\u0142atwi\u0107 Ci podkre\u015blenie tego, co najpi\u0119kniejsze w wybranych obiektach, do zestawu do\u0142\u0105czono wymienne t\u0142a w 12 kolorach. Dost\u0119pne opcje to czarny i bia\u0142y, szary i z\u0142oty, \u017c\u00f3\u0142ty i pomara\u0144czowy, czerwony i r\u00f3\u017cowy, niebieski i fioletowy, a tak\u017ce zielony i br\u0105zowy. Wybierz odpowiedni\u0105 barw\u0119 i spraw, \u017ce fotografowane przedmioty zaprezentuj\u0105 si\u0119 jeszcze lepiej!<\/p>\n<p><img decoding=\"async\" src=\"https:\/\/b2b.innpro.pl\/data\/include\/cms\/02Puluz\/PU5041B\/1.jpg?v=1646139239534\"><\/p>\n<h3>Bezproblemowe zasilanie<\/h3>\n<p>Produkt zosta\u0142 wyposa\u017cony w kabel USB, kt\u00f3ry umo\u017cliwia jego zasilanie z napi\u0119ciem 5 V. Mo\u017cesz bez problemu pod\u0142\u0105czy\u0107 namiot nie tylko do zwyk\u0142ej \u0142adowarki sieciowej, ale te\u017c do powerbanku, a nawet komputera czy laptopa. To daje Ci wi\u0119ksz\u0105 swobod\u0119 podczas fotografowania &#8211; ju\u017c nie musisz ogranicza\u0107 si\u0119 do dost\u0119pnych gniazdek. Urz\u0105dzenie zapewnia te\u017c bezpiecze\u0144stwo u\u017cytkowania.<\/p>\n<p><img decoding=\"async\" src=\"https:\/\/b2b.innpro.pl\/data\/include\/cms\/02Puluz\/PU5041B\/3.jpg?v=1646139239534\"><\/p>\n<h3>Przeno\u015bny<\/h3>\n<p>Po\u017cegnaj stare, ci\u0119\u017ckie i niepor\u0119czne wyposa\u017cenie fotograficzne. Namiot bezcieniowy Puluz PU41B jest niezwykle lekki i przeno\u015bny. Wyr\u00f3\u017cnia go sk\u0142adana konstrukcja. Z \u0142atwo\u015bci\u0105 go z\u0142o\u017cysz lub roz\u0142o\u017cysz &#8211; nie potrzebujesz do tego \u017cadnych dodatkowych narz\u0119dzi. Jego transport u\u0142atwia wchodz\u0105ca w sk\u0142ad zestawu torba. Wszystko to sprawia, \u017ce ten praktyczny namiot mo\u017ce Ci towarzyszy\u0107 niemal wsz\u0119dzie.<\/p>\n<p><img decoding=\"async\" src=\"https:\/\/b2b.innpro.pl\/data\/include\/cms\/02Puluz\/PU5041B\/5.jpg?v=1646139239534\"><\/p>\n<h3>W zestawie<\/h3>\n<ul>\n<li>Namiot bezcieniowy<\/li>\n<li>Torba transportowa<\/li>\n<li>Czarne \/ bia\u0142e t\u0142o<\/li>\n<li>Szare \/ z\u0142ote t\u0142o<\/li>\n<li>\u017b\u00f3\u0142te \/ pomara\u0144czowe t\u0142o<\/li>\n<li>Czerwone \/ r\u00f3\u017cowe t\u0142o<\/li>\n<li>Niebieskie \/ fioletowe t\u0142o<\/li>\n<li>Zielone \/ br\u0105zowe t\u0142o<\/li>\n<li>Mi\u0119kka szmatka<\/li>\n<\/ul>\n<div class=\"table-wrapper\">\n<table>\n<tbody>\n<tr>\n<th>Producent<\/th>\n<td>Puluz<\/td>\n<\/tr>\n<tr>\n<th>Model<\/th>\n<td>PU41B<\/td>\n<\/tr>\n<tr>\n<th>Materia\u0142<\/th>\n<td>Tkanina Oxford, folia aluminiowa, PVC, ABS, PE<\/td>\n<\/tr>\n<tr>\n<th>Liczba koralik\u00f3w \u015bwietlnych lampy<\/th>\n<td>160<\/td>\n<\/tr>\n<tr>\n<th>Model koralik\u00f3w \u015bwietlnych lampy<\/th>\n<td>2835<\/td>\n<\/tr>\n<tr>\n<th>Jasno\u015b\u0107<\/th>\n<td>25 lm<\/td>\n<\/tr>\n<tr>\n<th>Temperatura barwowa<\/th>\n<td>3200-6500 K<\/td>\n<\/tr>\n<tr>\n<th>Regulacja jasno\u015bci<\/th>\n<td>10-stopniowa<\/td>\n<\/tr>\n<tr>\n<th>CRI<\/th>\n<td>Ok. 90<\/td>\n<\/tr>\n<tr>\n<th>Napi\u0119cie<\/th>\n<td>5 V<\/td>\n<\/tr>\n<tr>\n<th>Pob\u00f3r mocy<\/th>\n<td>0,4-11 W<\/td>\n<\/tr>\n<tr>\n<th>Wymiary<\/th>\n<td>40 x 40 x 40 cm<\/td>\n<\/tr>\n<\/tbody>\n<\/table>\n<\/div>\n","protected":false},"excerpt":{"rendered":"<p>Namiot bezcieniowy Puluz PU5041B 40 cm Namiot bezcieniowy Puluz PU5041B doskonale nadaje si\u0119 do fotografii produktowej i nie tylko. Za<\/p>\n","protected":false},"featured_media":56104,"comment_status":"closed","ping_status":"open","template":"","meta":{"_acf_changed":false},"product_brand":[],"product_cat":[1128,6183,6182],"product_tag":[],"class_list":{"0":"post-56103","1":"product","2":"type-product","3":"status-publish","4":"has-post-thumbnail","6":"product_cat-foto-wideo","7":"product_cat-namioty-bezcieniowe-studio-fotograficzne","8":"product_cat-studio-fotograficzne","9":"pa_okres-gwarancji-5754","10":"pa_producent-puluz","12":"first","13":"outofstock","14":"taxable","15":"shipping-taxable","16":"purchasable","17":"product-type-simple"},"acf":[],"yoast_head":"<!-- This site is optimized with the Yoast SEO plugin v27.2 - https:\/\/yoast.com\/product\/yoast-seo-wordpress\/ -->\n<title>Namiot bezcieniowy PULUZ PU5041B 40cm - IRONSKY.PL Sklep z Dronami<\/title>\n<meta name=\"description\" content=\"Namiot bezcieniowy PULUZ PU5041B 40cm - \u2705 sklep z dronami i fachowym doradztwem. \u2705 Tutaj kupisz produkty DJI, Yuneec, Parrot, Syma i wiele innych, a tak\u017ce kursy i licencje na operatora drona.\" \/>\n<meta name=\"robots\" content=\"index, follow, max-snippet:-1, max-image-preview:large, max-video-preview:-1\" \/>\n<link rel=\"canonical\" href=\"https:\/\/ironsky.pl\/sklep\/produkt\/namiot-bezcieniowy-puluz-pu5041b-40cm\/\" \/>\n<meta property=\"og:locale\" content=\"pl_PL\" \/>\n<meta property=\"og:type\" content=\"article\" \/>\n<meta property=\"og:title\" content=\"Namiot bezcieniowy PULUZ PU5041B 40cm - IRONSKY.PL Sklep z Dronami\" \/>\n<meta property=\"og:description\" content=\"Namiot bezcieniowy PULUZ PU5041B 40cm - \u2705 sklep z dronami i fachowym doradztwem. \u2705 Tutaj kupisz produkty DJI, Yuneec, Parrot, Syma i wiele innych, a tak\u017ce kursy i licencje na operatora drona.\" \/>\n<meta property=\"og:url\" content=\"https:\/\/ironsky.pl\/sklep\/produkt\/namiot-bezcieniowy-puluz-pu5041b-40cm\/\" \/>\n<meta property=\"og:site_name\" content=\"IRONSKY.PL Sklep z Dronami\" \/>\n<meta property=\"article:modified_time\" content=\"2026-04-15T08:47:05+00:00\" \/>\n<meta property=\"og:image\" content=\"https:\/\/ironsky.pl\/sklep\/wp-content\/uploads\/2026\/04\/23464_1.jpg\" \/>\n\t<meta property=\"og:image:width\" content=\"800\" \/>\n\t<meta property=\"og:image:height\" content=\"800\" \/>\n\t<meta property=\"og:image:type\" content=\"image\/jpeg\" \/>\n<meta name=\"twitter:card\" content=\"summary_large_image\" \/>\n<meta name=\"twitter:label1\" content=\"Szacowany czas czytania\" \/>\n\t<meta name=\"twitter:data1\" content=\"3 minuty\" \/>\n<script type=\"application\/ld+json\" class=\"yoast-schema-graph\">{\"@context\":\"https:\/\/schema.org\",\"@graph\":[{\"@type\":\"WebPage\",\"@id\":\"https:\/\/ironsky.pl\/sklep\/produkt\/namiot-bezcieniowy-puluz-pu5041b-40cm\/\",\"url\":\"https:\/\/ironsky.pl\/sklep\/produkt\/namiot-bezcieniowy-puluz-pu5041b-40cm\/\",\"name\":\"Namiot bezcieniowy PULUZ PU5041B 40cm - IRONSKY.PL Sklep z Dronami\",\"isPartOf\":{\"@id\":\"https:\/\/ironsky.pl\/sklep\/#website\"},\"primaryImageOfPage\":{\"@id\":\"https:\/\/ironsky.pl\/sklep\/produkt\/namiot-bezcieniowy-puluz-pu5041b-40cm\/#primaryimage\"},\"image\":{\"@id\":\"https:\/\/ironsky.pl\/sklep\/produkt\/namiot-bezcieniowy-puluz-pu5041b-40cm\/#primaryimage\"},\"thumbnailUrl\":\"https:\/\/ironsky.pl\/sklep\/wp-content\/uploads\/2026\/04\/23464_1.jpg\",\"datePublished\":\"2026-04-15T08:11:25+00:00\",\"dateModified\":\"2026-04-15T08:47:05+00:00\",\"description\":\"Namiot bezcieniowy PULUZ PU5041B 40cm - \u2705 sklep z dronami i fachowym doradztwem. \u2705 Tutaj kupisz produkty DJI, Yuneec, Parrot, Syma i wiele innych, a tak\u017ce kursy i licencje na operatora drona.\",\"breadcrumb\":{\"@id\":\"https:\/\/ironsky.pl\/sklep\/produkt\/namiot-bezcieniowy-puluz-pu5041b-40cm\/#breadcrumb\"},\"inLanguage\":\"pl-PL\",\"potentialAction\":[{\"@type\":\"ReadAction\",\"target\":[\"https:\/\/ironsky.pl\/sklep\/produkt\/namiot-bezcieniowy-puluz-pu5041b-40cm\/\"]}]},{\"@type\":\"ImageObject\",\"inLanguage\":\"pl-PL\",\"@id\":\"https:\/\/ironsky.pl\/sklep\/produkt\/namiot-bezcieniowy-puluz-pu5041b-40cm\/#primaryimage\",\"url\":\"https:\/\/ironsky.pl\/sklep\/wp-content\/uploads\/2026\/04\/23464_1.jpg\",\"contentUrl\":\"https:\/\/ironsky.pl\/sklep\/wp-content\/uploads\/2026\/04\/23464_1.jpg\",\"width\":800,\"height\":800},{\"@type\":\"BreadcrumbList\",\"@id\":\"https:\/\/ironsky.pl\/sklep\/produkt\/namiot-bezcieniowy-puluz-pu5041b-40cm\/#breadcrumb\",\"itemListElement\":[{\"@type\":\"ListItem\",\"position\":1,\"name\":\"Strona g\u0142\u00f3wna\",\"item\":\"https:\/\/ironsky.pl\/sklep\/\"},{\"@type\":\"ListItem\",\"position\":2,\"name\":\"Wszystkie produkty\",\"item\":\"https:\/\/ironsky.pl\/sklep\/produkty\/\"},{\"@type\":\"ListItem\",\"position\":3,\"name\":\"Namiot bezcieniowy PULUZ PU5041B 40cm\"}]},{\"@type\":\"WebSite\",\"@id\":\"https:\/\/ironsky.pl\/sklep\/#website\",\"url\":\"https:\/\/ironsky.pl\/sklep\/\",\"name\":\"IRONSKY.PL Sklep z Dronami\",\"description\":\"IRONSKY.PL Sklep z Dronami\",\"potentialAction\":[{\"@type\":\"SearchAction\",\"target\":{\"@type\":\"EntryPoint\",\"urlTemplate\":\"https:\/\/ironsky.pl\/sklep\/?s={search_term_string}\"},\"query-input\":{\"@type\":\"PropertyValueSpecification\",\"valueRequired\":true,\"valueName\":\"search_term_string\"}}],\"inLanguage\":\"pl-PL\"}]}<\/script>\n<!-- \/ Yoast SEO plugin. -->","yoast_head_json":{"title":"Namiot bezcieniowy PULUZ PU5041B 40cm - IRONSKY.PL Sklep z Dronami","description":"Namiot bezcieniowy PULUZ PU5041B 40cm - \u2705 sklep z dronami i fachowym doradztwem. \u2705 Tutaj kupisz produkty DJI, Yuneec, Parrot, Syma i wiele innych, a tak\u017ce kursy i licencje na operatora drona.","robots":{"index":"index","follow":"follow","max-snippet":"max-snippet:-1","max-image-preview":"max-image-preview:large","max-video-preview":"max-video-preview:-1"},"canonical":"https:\/\/ironsky.pl\/sklep\/produkt\/namiot-bezcieniowy-puluz-pu5041b-40cm\/","og_locale":"pl_PL","og_type":"article","og_title":"Namiot bezcieniowy PULUZ PU5041B 40cm - IRONSKY.PL Sklep z Dronami","og_description":"Namiot bezcieniowy PULUZ PU5041B 40cm - \u2705 sklep z dronami i fachowym doradztwem. \u2705 Tutaj kupisz produkty DJI, Yuneec, Parrot, Syma i wiele innych, a tak\u017ce kursy i licencje na operatora drona.","og_url":"https:\/\/ironsky.pl\/sklep\/produkt\/namiot-bezcieniowy-puluz-pu5041b-40cm\/","og_site_name":"IRONSKY.PL Sklep z Dronami","article_modified_time":"2026-04-15T08:47:05+00:00","og_image":[{"width":800,"height":800,"url":"https:\/\/ironsky.pl\/sklep\/wp-content\/uploads\/2026\/04\/23464_1.jpg","type":"image\/jpeg"}],"twitter_card":"summary_large_image","twitter_misc":{"Szacowany czas czytania":"3 minuty"},"schema":{"@context":"https:\/\/schema.org","@graph":[{"@type":"WebPage","@id":"https:\/\/ironsky.pl\/sklep\/produkt\/namiot-bezcieniowy-puluz-pu5041b-40cm\/","url":"https:\/\/ironsky.pl\/sklep\/produkt\/namiot-bezcieniowy-puluz-pu5041b-40cm\/","name":"Namiot bezcieniowy PULUZ PU5041B 40cm - IRONSKY.PL Sklep z Dronami","isPartOf":{"@id":"https:\/\/ironsky.pl\/sklep\/#website"},"primaryImageOfPage":{"@id":"https:\/\/ironsky.pl\/sklep\/produkt\/namiot-bezcieniowy-puluz-pu5041b-40cm\/#primaryimage"},"image":{"@id":"https:\/\/ironsky.pl\/sklep\/produkt\/namiot-bezcieniowy-puluz-pu5041b-40cm\/#primaryimage"},"thumbnailUrl":"https:\/\/ironsky.pl\/sklep\/wp-content\/uploads\/2026\/04\/23464_1.jpg","datePublished":"2026-04-15T08:11:25+00:00","dateModified":"2026-04-15T08:47:05+00:00","description":"Namiot bezcieniowy PULUZ PU5041B 40cm - \u2705 sklep z dronami i fachowym doradztwem. \u2705 Tutaj kupisz produkty DJI, Yuneec, Parrot, Syma i wiele innych, a tak\u017ce kursy i licencje na operatora drona.","breadcrumb":{"@id":"https:\/\/ironsky.pl\/sklep\/produkt\/namiot-bezcieniowy-puluz-pu5041b-40cm\/#breadcrumb"},"inLanguage":"pl-PL","potentialAction":[{"@type":"ReadAction","target":["https:\/\/ironsky.pl\/sklep\/produkt\/namiot-bezcieniowy-puluz-pu5041b-40cm\/"]}]},{"@type":"ImageObject","inLanguage":"pl-PL","@id":"https:\/\/ironsky.pl\/sklep\/produkt\/namiot-bezcieniowy-puluz-pu5041b-40cm\/#primaryimage","url":"https:\/\/ironsky.pl\/sklep\/wp-content\/uploads\/2026\/04\/23464_1.jpg","contentUrl":"https:\/\/ironsky.pl\/sklep\/wp-content\/uploads\/2026\/04\/23464_1.jpg","width":800,"height":800},{"@type":"BreadcrumbList","@id":"https:\/\/ironsky.pl\/sklep\/produkt\/namiot-bezcieniowy-puluz-pu5041b-40cm\/#breadcrumb","itemListElement":[{"@type":"ListItem","position":1,"name":"Strona g\u0142\u00f3wna","item":"https:\/\/ironsky.pl\/sklep\/"},{"@type":"ListItem","position":2,"name":"Wszystkie produkty","item":"https:\/\/ironsky.pl\/sklep\/produkty\/"},{"@type":"ListItem","position":3,"name":"Namiot bezcieniowy PULUZ PU5041B 40cm"}]},{"@type":"WebSite","@id":"https:\/\/ironsky.pl\/sklep\/#website","url":"https:\/\/ironsky.pl\/sklep\/","name":"IRONSKY.PL Sklep z Dronami","description":"IRONSKY.PL Sklep z Dronami","potentialAction":[{"@type":"SearchAction","target":{"@type":"EntryPoint","urlTemplate":"https:\/\/ironsky.pl\/sklep\/?s={search_term_string}"},"query-input":{"@type":"PropertyValueSpecification","valueRequired":true,"valueName":"search_term_string"}}],"inLanguage":"pl-PL"}]}},"_links":{"self":[{"href":"https:\/\/ironsky.pl\/sklep\/wp-json\/wp\/v2\/product\/56103","targetHints":{"allow":["GET"]}}],"collection":[{"href":"https:\/\/ironsky.pl\/sklep\/wp-json\/wp\/v2\/product"}],"about":[{"href":"https:\/\/ironsky.pl\/sklep\/wp-json\/wp\/v2\/types\/product"}],"replies":[{"embeddable":true,"href":"https:\/\/ironsky.pl\/sklep\/wp-json\/wp\/v2\/comments?post=56103"}],"wp:featuredmedia":[{"embeddable":true,"href":"https:\/\/ironsky.pl\/sklep\/wp-json\/wp\/v2\/media\/56104"}],"wp:attachment":[{"href":"https:\/\/ironsky.pl\/sklep\/wp-json\/wp\/v2\/media?parent=56103"}],"wp:term":[{"taxonomy":"product_brand","embeddable":true,"href":"https:\/\/ironsky.pl\/sklep\/wp-json\/wp\/v2\/product_brand?post=56103"},{"taxonomy":"product_cat","embeddable":true,"href":"https:\/\/ironsky.pl\/sklep\/wp-json\/wp\/v2\/product_cat?post=56103"},{"taxonomy":"product_tag","embeddable":true,"href":"https:\/\/ironsky.pl\/sklep\/wp-json\/wp\/v2\/product_tag?post=56103"}],"curies":[{"name":"wp","href":"https:\/\/api.w.org\/{rel}","templated":true}]}}