{"id":56100,"date":"2026-04-15T10:11:25","date_gmt":"2026-04-15T08:11:25","guid":{"rendered":"https:\/\/ironsky.pl\/sklep\/produkt\/plecak-fotograficzny-puluz-pu5015b-do-ronin-s-ronin-sc\/"},"modified":"2026-04-15T10:47:04","modified_gmt":"2026-04-15T08:47:04","slug":"plecak-fotograficzny-puluz-pu5015b-do-ronin-s-ronin-sc","status":"publish","type":"product","link":"https:\/\/ironsky.pl\/sklep\/produkt\/plecak-fotograficzny-puluz-pu5015b-do-ronin-s-ronin-sc\/","title":{"rendered":"Plecak fotograficzny PULUZ PU5015B do Ronin-S\/Ronin-SC"},"content":{"rendered":"<h3>Plecak fotograficzny Puluz wodoodporny do DJI Ronin-SC \/ Ronin-S PU5015B<\/h3>\n<p>Zadbaj o bezpieczny transport swojej kamery, aparatu, drona, DJI Ronin-SC \/ Ronin-S lub innych przedmiot\u00f3w. Plecak fotograficzny Puluz PU5015B wyr\u00f3\u017cnia si\u0119 du\u017c\u0105 pojemno\u015bci\u0105, a dzi\u0119ki odpinanym przegr\u00f3dkom umo\u017cliwia optymaln\u0105 organizacj\u0119 przestrzeni. Jest te\u017c niezwykle wytrzyma\u0142y i wodoodporny. Zosta\u0142 zaprojektowany w taki spos\u00f3b, aby zapewni\u0107 Ci komfort u\u017cytkowania podczas ka\u017cdej wyprawy czy sesji zdj\u0119ciowej w plenerze.<\/p>\n<p><img decoding=\"async\" src=\"https:\/\/assets.innpro.pl\/14595\/18301\/7.jpg\" border=\"0\" alt=\"\" \/><\/p>\n<h3>Du\u017ca pojemno\u015b\u0107<\/h3>\n<p>Ten praktyczny plecak jest niezwykle pojemny. Bez problemu zmie\u015bcisz w nim sw\u00f3j sprz\u0119t fotograficzny wraz z akcesoriami &#8211; na przyk\u0142ad aparat i obiektywy, dyski flash, drona czy konsol\u0119 do gier. Wybierasz si\u0119 na wypraw\u0119 w terenie? Mo\u017cesz spakowa\u0107 do plecaka na przyk\u0142ad ubranie na zmian\u0119, prowiant, laptopa, smartfona, powerbank, r\u0119cznik, okulary przeciws\u0142oneczne, past\u0119 i szczoteczk\u0119 do z\u0119b\u00f3w, grzebie\u0144 lub lekarstwa.<\/p>\n<p><img decoding=\"async\" src=\"https:\/\/assets.innpro.pl\/14595\/18301\/5.jpg\" border=\"0\" alt=\"\" \/><\/p>\n<h3>Zadbaj o porz\u0105dek<\/h3>\n<p>Plecak zosta\u0142 zaprojektowany w taki spos\u00f3b, aby umo\u017cliwi\u0107 Ci optymaln\u0105 organizacj\u0119 przestrzeni. Wyposa\u017cono go w mn\u00f3stwo kieszeni &#8211; r\u00f3wnie\u017c zapinanych na zamek. Znajdziesz w nim tak\u017ce odpinane wk\u0142ady z pianki o grubo\u015bci 1 cm, za pomoc\u0105 kt\u00f3rych mo\u017cesz stworzy\u0107 przegr\u00f3dki o wybranych wymiarach. W ten spos\u00f3b dostosujesz wn\u0119trze plecaka do swoich oczekiwa\u0144 i u\u0142atwisz sobie zachowanie porz\u0105dku!<\/p>\n<p><img decoding=\"async\" src=\"https:\/\/assets.innpro.pl\/14595\/18301\/4.jpg\" border=\"0\" alt=\"\" \/><\/p>\n<h3>Komfort u\u017cytkowania<\/h3>\n<p>Teraz mo\u017cesz bez obaw wybra\u0107 si\u0119 nawet na wyj\u0105tkowo wymagaj\u0105c\u0105 wypraw\u0119. Tylna cz\u0119\u015b\u0107 PU5015B oraz szelki zosta\u0142y wykonane z mi\u0119kkich, oddychaj\u0105cych materia\u0142\u00f3w, dzi\u0119ki czemu nie musisz si\u0119 przejmowa\u0107 potem. Co wi\u0119cej, zapinany pas piersiowy sprawia, \u017ce plecak lepiej przylega do cia\u0142a, a ci\u0119\u017car jest bardziej r\u00f3wnomiernie roz\u0142o\u017cony. Ten wyj\u0105tkowy produkt zapewni Ci komfort u\u017cytkowania, na jaki zas\u0142ugujesz.<\/p>\n<p><img decoding=\"async\" src=\"https:\/\/assets.innpro.pl\/14595\/18301\/1.jpg\" border=\"0\" alt=\"\" \/><\/p>\n<h3>Niestraszne mu ekstremalne warunki<\/h3>\n<p>Nie obawiaj si\u0119 o bezpiecze\u0144stwo swoich urz\u0105dze\u0144. Zewn\u0119trzna warstwa plecaka zosta\u0142a wykonana z wodoodpornej i wytrzyma\u0142ej tkaniny Oxford, co zapewnia mu wyj\u0105tkowo nisk\u0105 podatno\u015b\u0107 na uszkodzenia i zu\u017cycie. Produkt ma tak\u017ce trwa\u0142y, metalowy zamek b\u0142yskawiczny. Z\u0142apa\u0142a Ci\u0119 intensywna ulewa? Na\u0142\u00f3\u017c na plecak dodatkow\u0105 os\u0142on\u0119 przeciwdeszczow\u0105 i niczym si\u0119 nie przejmuj!<\/p>\n<p><img decoding=\"async\" src=\"https:\/\/assets.innpro.pl\/14595\/18301\/3.jpg\" border=\"0\" alt=\"\" \/><\/p>\n<div class=\"table-wrapper\">\n<p>\u00a0<\/p>\n<h3>\u00a0<\/h3>\n<table>\n<tbody>\n<tr>\n<th>Producent<\/th>\n<td>Puluz<\/td>\n<\/tr>\n<tr>\n<th>Model<\/th>\n<td>PU5015B<\/td>\n<\/tr>\n<tr>\n<th>Wymiary<\/th>\n<td>31 x 15 x 45 cm<\/td>\n<\/tr>\n<tr>\n<th>Materia\u0142<\/th>\n<td>tkanina Oxford<\/td>\n<\/tr>\n<tr>\n<th>Kompatybilno\u015b\u0107<\/th>\n<td>aparat, DJI Ronin-SC \/ Ronin-S<\/td>\n<\/tr>\n<\/tbody>\n<\/table>\n<\/div>\n","protected":false},"excerpt":{"rendered":"<p>Plecak fotograficzny Puluz wodoodporny do DJI Ronin-SC \/ Ronin-S PU5015B Zadbaj o bezpieczny transport swojej kamery, aparatu, drona, DJI Ronin-SC<\/p>\n","protected":false},"featured_media":56101,"comment_status":"closed","ping_status":"open","template":"","meta":{"_acf_changed":false},"product_brand":[],"product_cat":[1128,6185,6172],"product_tag":[],"class_list":{"0":"post-56100","1":"product","2":"type-product","3":"status-publish","4":"has-post-thumbnail","6":"product_cat-foto-wideo","7":"product_cat-plecaki","8":"product_cat-przechowywanie-i-transport","9":"pa_okres-gwarancji-5754","10":"pa_producent-puluz","12":"first","13":"outofstock","14":"taxable","15":"shipping-taxable","16":"purchasable","17":"product-type-simple"},"acf":[],"yoast_head":"<!-- This site is optimized with the Yoast SEO plugin v27.2 - https:\/\/yoast.com\/product\/yoast-seo-wordpress\/ -->\n<title>Plecak fotograficzny PULUZ PU5015B do Ronin-S\/Ronin-SC - IRONSKY.PL Sklep z Dronami<\/title>\n<meta name=\"description\" content=\"Plecak fotograficzny PULUZ PU5015B do Ronin-S\/Ronin-SC - \u2705 sklep z dronami i fachowym doradztwem. \u2705 Tutaj kupisz produkty DJI, Yuneec, Parrot, Syma i wiele innych, a tak\u017ce kursy i licencje na operatora drona.\" \/>\n<meta name=\"robots\" content=\"index, follow, max-snippet:-1, max-image-preview:large, max-video-preview:-1\" \/>\n<link rel=\"canonical\" href=\"https:\/\/ironsky.pl\/sklep\/produkt\/plecak-fotograficzny-puluz-pu5015b-do-ronin-s-ronin-sc\/\" \/>\n<meta property=\"og:locale\" content=\"pl_PL\" \/>\n<meta property=\"og:type\" content=\"article\" \/>\n<meta property=\"og:title\" content=\"Plecak fotograficzny PULUZ PU5015B do Ronin-S\/Ronin-SC - IRONSKY.PL Sklep z Dronami\" \/>\n<meta property=\"og:description\" content=\"Plecak fotograficzny PULUZ PU5015B do Ronin-S\/Ronin-SC - \u2705 sklep z dronami i fachowym doradztwem. \u2705 Tutaj kupisz produkty DJI, Yuneec, Parrot, Syma i wiele innych, a tak\u017ce kursy i licencje na operatora drona.\" \/>\n<meta property=\"og:url\" content=\"https:\/\/ironsky.pl\/sklep\/produkt\/plecak-fotograficzny-puluz-pu5015b-do-ronin-s-ronin-sc\/\" \/>\n<meta property=\"og:site_name\" content=\"IRONSKY.PL Sklep z Dronami\" \/>\n<meta property=\"article:modified_time\" content=\"2026-04-15T08:47:04+00:00\" \/>\n<meta property=\"og:image\" content=\"https:\/\/ironsky.pl\/sklep\/wp-content\/uploads\/2026\/04\/23462_1.jpg\" \/>\n\t<meta property=\"og:image:width\" content=\"800\" \/>\n\t<meta property=\"og:image:height\" content=\"800\" \/>\n\t<meta property=\"og:image:type\" content=\"image\/jpeg\" \/>\n<meta name=\"twitter:card\" content=\"summary_large_image\" \/>\n<meta name=\"twitter:label1\" content=\"Szacowany czas czytania\" \/>\n\t<meta name=\"twitter:data1\" content=\"2 minuty\" \/>\n<script type=\"application\/ld+json\" class=\"yoast-schema-graph\">{\"@context\":\"https:\/\/schema.org\",\"@graph\":[{\"@type\":\"WebPage\",\"@id\":\"https:\/\/ironsky.pl\/sklep\/produkt\/plecak-fotograficzny-puluz-pu5015b-do-ronin-s-ronin-sc\/\",\"url\":\"https:\/\/ironsky.pl\/sklep\/produkt\/plecak-fotograficzny-puluz-pu5015b-do-ronin-s-ronin-sc\/\",\"name\":\"Plecak fotograficzny PULUZ PU5015B do Ronin-S\/Ronin-SC - IRONSKY.PL Sklep z Dronami\",\"isPartOf\":{\"@id\":\"https:\/\/ironsky.pl\/sklep\/#website\"},\"primaryImageOfPage\":{\"@id\":\"https:\/\/ironsky.pl\/sklep\/produkt\/plecak-fotograficzny-puluz-pu5015b-do-ronin-s-ronin-sc\/#primaryimage\"},\"image\":{\"@id\":\"https:\/\/ironsky.pl\/sklep\/produkt\/plecak-fotograficzny-puluz-pu5015b-do-ronin-s-ronin-sc\/#primaryimage\"},\"thumbnailUrl\":\"https:\/\/ironsky.pl\/sklep\/wp-content\/uploads\/2026\/04\/23462_1.jpg\",\"datePublished\":\"2026-04-15T08:11:25+00:00\",\"dateModified\":\"2026-04-15T08:47:04+00:00\",\"description\":\"Plecak fotograficzny PULUZ PU5015B do Ronin-S\/Ronin-SC - \u2705 sklep z dronami i fachowym doradztwem. \u2705 Tutaj kupisz produkty DJI, Yuneec, Parrot, Syma i wiele innych, a tak\u017ce kursy i licencje na operatora drona.\",\"breadcrumb\":{\"@id\":\"https:\/\/ironsky.pl\/sklep\/produkt\/plecak-fotograficzny-puluz-pu5015b-do-ronin-s-ronin-sc\/#breadcrumb\"},\"inLanguage\":\"pl-PL\",\"potentialAction\":[{\"@type\":\"ReadAction\",\"target\":[\"https:\/\/ironsky.pl\/sklep\/produkt\/plecak-fotograficzny-puluz-pu5015b-do-ronin-s-ronin-sc\/\"]}]},{\"@type\":\"ImageObject\",\"inLanguage\":\"pl-PL\",\"@id\":\"https:\/\/ironsky.pl\/sklep\/produkt\/plecak-fotograficzny-puluz-pu5015b-do-ronin-s-ronin-sc\/#primaryimage\",\"url\":\"https:\/\/ironsky.pl\/sklep\/wp-content\/uploads\/2026\/04\/23462_1.jpg\",\"contentUrl\":\"https:\/\/ironsky.pl\/sklep\/wp-content\/uploads\/2026\/04\/23462_1.jpg\",\"width\":800,\"height\":800},{\"@type\":\"BreadcrumbList\",\"@id\":\"https:\/\/ironsky.pl\/sklep\/produkt\/plecak-fotograficzny-puluz-pu5015b-do-ronin-s-ronin-sc\/#breadcrumb\",\"itemListElement\":[{\"@type\":\"ListItem\",\"position\":1,\"name\":\"Strona g\u0142\u00f3wna\",\"item\":\"https:\/\/ironsky.pl\/sklep\/\"},{\"@type\":\"ListItem\",\"position\":2,\"name\":\"Wszystkie produkty\",\"item\":\"https:\/\/ironsky.pl\/sklep\/produkty\/\"},{\"@type\":\"ListItem\",\"position\":3,\"name\":\"Plecak fotograficzny PULUZ PU5015B do Ronin-S\/Ronin-SC\"}]},{\"@type\":\"WebSite\",\"@id\":\"https:\/\/ironsky.pl\/sklep\/#website\",\"url\":\"https:\/\/ironsky.pl\/sklep\/\",\"name\":\"IRONSKY.PL Sklep z Dronami\",\"description\":\"IRONSKY.PL Sklep z Dronami\",\"potentialAction\":[{\"@type\":\"SearchAction\",\"target\":{\"@type\":\"EntryPoint\",\"urlTemplate\":\"https:\/\/ironsky.pl\/sklep\/?s={search_term_string}\"},\"query-input\":{\"@type\":\"PropertyValueSpecification\",\"valueRequired\":true,\"valueName\":\"search_term_string\"}}],\"inLanguage\":\"pl-PL\"}]}<\/script>\n<!-- \/ Yoast SEO plugin. -->","yoast_head_json":{"title":"Plecak fotograficzny PULUZ PU5015B do Ronin-S\/Ronin-SC - IRONSKY.PL Sklep z Dronami","description":"Plecak fotograficzny PULUZ PU5015B do Ronin-S\/Ronin-SC - \u2705 sklep z dronami i fachowym doradztwem. \u2705 Tutaj kupisz produkty DJI, Yuneec, Parrot, Syma i wiele innych, a tak\u017ce kursy i licencje na operatora drona.","robots":{"index":"index","follow":"follow","max-snippet":"max-snippet:-1","max-image-preview":"max-image-preview:large","max-video-preview":"max-video-preview:-1"},"canonical":"https:\/\/ironsky.pl\/sklep\/produkt\/plecak-fotograficzny-puluz-pu5015b-do-ronin-s-ronin-sc\/","og_locale":"pl_PL","og_type":"article","og_title":"Plecak fotograficzny PULUZ PU5015B do Ronin-S\/Ronin-SC - IRONSKY.PL Sklep z Dronami","og_description":"Plecak fotograficzny PULUZ PU5015B do Ronin-S\/Ronin-SC - \u2705 sklep z dronami i fachowym doradztwem. \u2705 Tutaj kupisz produkty DJI, Yuneec, Parrot, Syma i wiele innych, a tak\u017ce kursy i licencje na operatora drona.","og_url":"https:\/\/ironsky.pl\/sklep\/produkt\/plecak-fotograficzny-puluz-pu5015b-do-ronin-s-ronin-sc\/","og_site_name":"IRONSKY.PL Sklep z Dronami","article_modified_time":"2026-04-15T08:47:04+00:00","og_image":[{"width":800,"height":800,"url":"https:\/\/ironsky.pl\/sklep\/wp-content\/uploads\/2026\/04\/23462_1.jpg","type":"image\/jpeg"}],"twitter_card":"summary_large_image","twitter_misc":{"Szacowany czas czytania":"2 minuty"},"schema":{"@context":"https:\/\/schema.org","@graph":[{"@type":"WebPage","@id":"https:\/\/ironsky.pl\/sklep\/produkt\/plecak-fotograficzny-puluz-pu5015b-do-ronin-s-ronin-sc\/","url":"https:\/\/ironsky.pl\/sklep\/produkt\/plecak-fotograficzny-puluz-pu5015b-do-ronin-s-ronin-sc\/","name":"Plecak fotograficzny PULUZ PU5015B do Ronin-S\/Ronin-SC - IRONSKY.PL Sklep z Dronami","isPartOf":{"@id":"https:\/\/ironsky.pl\/sklep\/#website"},"primaryImageOfPage":{"@id":"https:\/\/ironsky.pl\/sklep\/produkt\/plecak-fotograficzny-puluz-pu5015b-do-ronin-s-ronin-sc\/#primaryimage"},"image":{"@id":"https:\/\/ironsky.pl\/sklep\/produkt\/plecak-fotograficzny-puluz-pu5015b-do-ronin-s-ronin-sc\/#primaryimage"},"thumbnailUrl":"https:\/\/ironsky.pl\/sklep\/wp-content\/uploads\/2026\/04\/23462_1.jpg","datePublished":"2026-04-15T08:11:25+00:00","dateModified":"2026-04-15T08:47:04+00:00","description":"Plecak fotograficzny PULUZ PU5015B do Ronin-S\/Ronin-SC - \u2705 sklep z dronami i fachowym doradztwem. \u2705 Tutaj kupisz produkty DJI, Yuneec, Parrot, Syma i wiele innych, a tak\u017ce kursy i licencje na operatora drona.","breadcrumb":{"@id":"https:\/\/ironsky.pl\/sklep\/produkt\/plecak-fotograficzny-puluz-pu5015b-do-ronin-s-ronin-sc\/#breadcrumb"},"inLanguage":"pl-PL","potentialAction":[{"@type":"ReadAction","target":["https:\/\/ironsky.pl\/sklep\/produkt\/plecak-fotograficzny-puluz-pu5015b-do-ronin-s-ronin-sc\/"]}]},{"@type":"ImageObject","inLanguage":"pl-PL","@id":"https:\/\/ironsky.pl\/sklep\/produkt\/plecak-fotograficzny-puluz-pu5015b-do-ronin-s-ronin-sc\/#primaryimage","url":"https:\/\/ironsky.pl\/sklep\/wp-content\/uploads\/2026\/04\/23462_1.jpg","contentUrl":"https:\/\/ironsky.pl\/sklep\/wp-content\/uploads\/2026\/04\/23462_1.jpg","width":800,"height":800},{"@type":"BreadcrumbList","@id":"https:\/\/ironsky.pl\/sklep\/produkt\/plecak-fotograficzny-puluz-pu5015b-do-ronin-s-ronin-sc\/#breadcrumb","itemListElement":[{"@type":"ListItem","position":1,"name":"Strona g\u0142\u00f3wna","item":"https:\/\/ironsky.pl\/sklep\/"},{"@type":"ListItem","position":2,"name":"Wszystkie produkty","item":"https:\/\/ironsky.pl\/sklep\/produkty\/"},{"@type":"ListItem","position":3,"name":"Plecak fotograficzny PULUZ PU5015B do Ronin-S\/Ronin-SC"}]},{"@type":"WebSite","@id":"https:\/\/ironsky.pl\/sklep\/#website","url":"https:\/\/ironsky.pl\/sklep\/","name":"IRONSKY.PL Sklep z Dronami","description":"IRONSKY.PL Sklep z Dronami","potentialAction":[{"@type":"SearchAction","target":{"@type":"EntryPoint","urlTemplate":"https:\/\/ironsky.pl\/sklep\/?s={search_term_string}"},"query-input":{"@type":"PropertyValueSpecification","valueRequired":true,"valueName":"search_term_string"}}],"inLanguage":"pl-PL"}]}},"_links":{"self":[{"href":"https:\/\/ironsky.pl\/sklep\/wp-json\/wp\/v2\/product\/56100","targetHints":{"allow":["GET"]}}],"collection":[{"href":"https:\/\/ironsky.pl\/sklep\/wp-json\/wp\/v2\/product"}],"about":[{"href":"https:\/\/ironsky.pl\/sklep\/wp-json\/wp\/v2\/types\/product"}],"replies":[{"embeddable":true,"href":"https:\/\/ironsky.pl\/sklep\/wp-json\/wp\/v2\/comments?post=56100"}],"wp:featuredmedia":[{"embeddable":true,"href":"https:\/\/ironsky.pl\/sklep\/wp-json\/wp\/v2\/media\/56101"}],"wp:attachment":[{"href":"https:\/\/ironsky.pl\/sklep\/wp-json\/wp\/v2\/media?parent=56100"}],"wp:term":[{"taxonomy":"product_brand","embeddable":true,"href":"https:\/\/ironsky.pl\/sklep\/wp-json\/wp\/v2\/product_brand?post=56100"},{"taxonomy":"product_cat","embeddable":true,"href":"https:\/\/ironsky.pl\/sklep\/wp-json\/wp\/v2\/product_cat?post=56100"},{"taxonomy":"product_tag","embeddable":true,"href":"https:\/\/ironsky.pl\/sklep\/wp-json\/wp\/v2\/product_tag?post=56100"}],"curies":[{"name":"wp","href":"https:\/\/api.w.org\/{rel}","templated":true}]}}