{"id":56056,"date":"2026-04-15T10:10:40","date_gmt":"2026-04-15T08:10:40","guid":{"rendered":"https:\/\/ironsky.pl\/sklep\/produkt\/plytka-rozszerzen-dji-remote-monitor-sdi-hdmi-dc-in\/"},"modified":"2026-04-15T10:46:57","modified_gmt":"2026-04-15T08:46:57","slug":"plytka-rozszerzen-dji-remote-monitor-sdi-hdmi-dc-in","status":"publish","type":"product","link":"https:\/\/ironsky.pl\/sklep\/produkt\/plytka-rozszerzen-dji-remote-monitor-sdi-hdmi-dc-in\/","title":{"rendered":"P\u0142ytka rozszerze\u0144 DJI Remote Monitor SDI\/HDMI\/DC-IN"},"content":{"rendered":"<h3>P\u0142ytka rozszerzenia zdalnego monitora DJI (SDI\/HDMI\/DC-IN)<\/h3>\n<p>Mo\u017ce wyprowadza\u0107 sygna\u0142y zar\u00f3wno HDMI jak i SDI, za pomoc\u0105 zamontowanego z ty\u0142u monitora High-Bright. Obs\u0142uguje on r\u00f3wnie\u017c wej\u015bcie DC-IN oraz po\u0142\u0105czenie z DJI Master Wheels i DJI Force Mobile. Co wi\u0119cej, jest kompatybilny z monitorem zdalnym DJI o wysokiej jasno\u015bci.<\/p>\n<p>*Kabel kontrolera zdalnego monitora sprzedawany oddzielnie.<\/p>\n<p><img decoding=\"async\" src=\"https:\/\/b2b.innpro.pl\/data\/include\/cms\/12DJI\/DJI-Remote-Monitor-Expansion-Plate\/3.jpg\"><\/p>\n<h3>W zestawie:<\/h3>\n<ul>\n<li>P\u0142ytka rozszerzaj\u0105ca monitora zdalnego<\/li>\n<li>Klucz sze\u015bciok\u0105tny 2 mm z ko\u0144c\u00f3wk\u0105 kulkow\u0105<\/li>\n<li>\u015aruba M2,5-9mm \u00d7 4<\/li>\n<\/ul>\n<div class=\"table-wrapper\">\n<table>\n<tbody>\n<tr>\n<th>Marka<\/th>\n<td>DJI<\/td>\n<\/tr>\n<tr>\n<th>Wyj\u015bcie sygna\u0142\u00f3w<\/th>\n<td>HDMI,SDI<\/td>\n<\/tr>\n<tr>\n<th>Typ z\u0142\u0105cza<\/th>\n<td>DC-IN<\/td>\n<\/tr>\n<tr>\n<th>Kompatybilno\u015b\u0107<\/th>\n<td>DJI High-Bright Remote Monitor<\/td>\n<\/tr>\n<\/tbody>\n<\/table>\n<\/div>\n","protected":false},"excerpt":{"rendered":"<p>P\u0142ytka rozszerzenia zdalnego monitora DJI (SDI\/HDMI\/DC-IN) Mo\u017ce wyprowadza\u0107 sygna\u0142y zar\u00f3wno HDMI jak i SDI, za pomoc\u0105 zamontowanego z ty\u0142u monitora<\/p>\n","protected":false},"featured_media":56057,"comment_status":"closed","ping_status":"open","template":"","meta":{"_acf_changed":false},"product_brand":[],"product_cat":[1130,6174,1128],"product_tag":[],"class_list":{"0":"post-56056","1":"product","2":"type-product","3":"status-publish","4":"has-post-thumbnail","6":"product_cat-akcesoria-foto","7":"product_cat-do-aparatow-i-kamer","8":"product_cat-foto-wideo","9":"pa_okres-gwarancji-5757","10":"pa_producent-dji","12":"first","13":"outofstock","14":"taxable","15":"shipping-taxable","16":"purchasable","17":"product-type-simple"},"acf":[],"yoast_head":"<!-- This site is optimized with the Yoast SEO plugin v27.2 - https:\/\/yoast.com\/product\/yoast-seo-wordpress\/ -->\n<title>P\u0142ytka rozszerze\u0144 DJI Remote Monitor SDI\/HDMI\/DC-IN - IRONSKY.PL Sklep z Dronami<\/title>\n<meta name=\"description\" content=\"P\u0142ytka rozszerze\u0144 DJI Remote Monitor SDI\/HDMI\/DC-IN - \u2705 sklep z dronami i fachowym doradztwem. \u2705 Tutaj kupisz produkty DJI, Yuneec, Parrot, Syma i wiele innych, a tak\u017ce kursy i licencje na operatora drona.\" \/>\n<meta name=\"robots\" content=\"index, follow, max-snippet:-1, max-image-preview:large, max-video-preview:-1\" \/>\n<link rel=\"canonical\" href=\"https:\/\/ironsky.pl\/sklep\/produkt\/plytka-rozszerzen-dji-remote-monitor-sdi-hdmi-dc-in\/\" \/>\n<meta property=\"og:locale\" content=\"pl_PL\" \/>\n<meta property=\"og:type\" content=\"article\" \/>\n<meta property=\"og:title\" content=\"P\u0142ytka rozszerze\u0144 DJI Remote Monitor SDI\/HDMI\/DC-IN - IRONSKY.PL Sklep z Dronami\" \/>\n<meta property=\"og:description\" content=\"P\u0142ytka rozszerze\u0144 DJI Remote Monitor SDI\/HDMI\/DC-IN - \u2705 sklep z dronami i fachowym doradztwem. \u2705 Tutaj kupisz produkty DJI, Yuneec, Parrot, Syma i wiele innych, a tak\u017ce kursy i licencje na operatora drona.\" \/>\n<meta property=\"og:url\" content=\"https:\/\/ironsky.pl\/sklep\/produkt\/plytka-rozszerzen-dji-remote-monitor-sdi-hdmi-dc-in\/\" \/>\n<meta property=\"og:site_name\" content=\"IRONSKY.PL Sklep z Dronami\" \/>\n<meta property=\"article:modified_time\" content=\"2026-04-15T08:46:57+00:00\" \/>\n<meta property=\"og:image\" content=\"https:\/\/ironsky.pl\/sklep\/wp-content\/uploads\/2026\/04\/23311_1.jpg\" \/>\n\t<meta property=\"og:image:width\" content=\"800\" \/>\n\t<meta property=\"og:image:height\" content=\"800\" \/>\n\t<meta property=\"og:image:type\" content=\"image\/jpeg\" \/>\n<meta name=\"twitter:card\" content=\"summary_large_image\" \/>\n<meta name=\"twitter:label1\" content=\"Szacowany czas czytania\" \/>\n\t<meta name=\"twitter:data1\" content=\"1 minuta\" \/>\n<script type=\"application\/ld+json\" class=\"yoast-schema-graph\">{\"@context\":\"https:\/\/schema.org\",\"@graph\":[{\"@type\":\"WebPage\",\"@id\":\"https:\/\/ironsky.pl\/sklep\/produkt\/plytka-rozszerzen-dji-remote-monitor-sdi-hdmi-dc-in\/\",\"url\":\"https:\/\/ironsky.pl\/sklep\/produkt\/plytka-rozszerzen-dji-remote-monitor-sdi-hdmi-dc-in\/\",\"name\":\"P\u0142ytka rozszerze\u0144 DJI Remote Monitor SDI\/HDMI\/DC-IN - IRONSKY.PL Sklep z Dronami\",\"isPartOf\":{\"@id\":\"https:\/\/ironsky.pl\/sklep\/#website\"},\"primaryImageOfPage\":{\"@id\":\"https:\/\/ironsky.pl\/sklep\/produkt\/plytka-rozszerzen-dji-remote-monitor-sdi-hdmi-dc-in\/#primaryimage\"},\"image\":{\"@id\":\"https:\/\/ironsky.pl\/sklep\/produkt\/plytka-rozszerzen-dji-remote-monitor-sdi-hdmi-dc-in\/#primaryimage\"},\"thumbnailUrl\":\"https:\/\/ironsky.pl\/sklep\/wp-content\/uploads\/2026\/04\/23311_1.jpg\",\"datePublished\":\"2026-04-15T08:10:40+00:00\",\"dateModified\":\"2026-04-15T08:46:57+00:00\",\"description\":\"P\u0142ytka rozszerze\u0144 DJI Remote Monitor SDI\/HDMI\/DC-IN - \u2705 sklep z dronami i fachowym doradztwem. \u2705 Tutaj kupisz produkty DJI, Yuneec, Parrot, Syma i wiele innych, a tak\u017ce kursy i licencje na operatora drona.\",\"breadcrumb\":{\"@id\":\"https:\/\/ironsky.pl\/sklep\/produkt\/plytka-rozszerzen-dji-remote-monitor-sdi-hdmi-dc-in\/#breadcrumb\"},\"inLanguage\":\"pl-PL\",\"potentialAction\":[{\"@type\":\"ReadAction\",\"target\":[\"https:\/\/ironsky.pl\/sklep\/produkt\/plytka-rozszerzen-dji-remote-monitor-sdi-hdmi-dc-in\/\"]}]},{\"@type\":\"ImageObject\",\"inLanguage\":\"pl-PL\",\"@id\":\"https:\/\/ironsky.pl\/sklep\/produkt\/plytka-rozszerzen-dji-remote-monitor-sdi-hdmi-dc-in\/#primaryimage\",\"url\":\"https:\/\/ironsky.pl\/sklep\/wp-content\/uploads\/2026\/04\/23311_1.jpg\",\"contentUrl\":\"https:\/\/ironsky.pl\/sklep\/wp-content\/uploads\/2026\/04\/23311_1.jpg\",\"width\":800,\"height\":800},{\"@type\":\"BreadcrumbList\",\"@id\":\"https:\/\/ironsky.pl\/sklep\/produkt\/plytka-rozszerzen-dji-remote-monitor-sdi-hdmi-dc-in\/#breadcrumb\",\"itemListElement\":[{\"@type\":\"ListItem\",\"position\":1,\"name\":\"Strona g\u0142\u00f3wna\",\"item\":\"https:\/\/ironsky.pl\/sklep\/\"},{\"@type\":\"ListItem\",\"position\":2,\"name\":\"Wszystkie produkty\",\"item\":\"https:\/\/ironsky.pl\/sklep\/produkty\/\"},{\"@type\":\"ListItem\",\"position\":3,\"name\":\"P\u0142ytka rozszerze\u0144 DJI Remote Monitor SDI\/HDMI\/DC-IN\"}]},{\"@type\":\"WebSite\",\"@id\":\"https:\/\/ironsky.pl\/sklep\/#website\",\"url\":\"https:\/\/ironsky.pl\/sklep\/\",\"name\":\"IRONSKY.PL Sklep z Dronami\",\"description\":\"IRONSKY.PL Sklep z Dronami\",\"potentialAction\":[{\"@type\":\"SearchAction\",\"target\":{\"@type\":\"EntryPoint\",\"urlTemplate\":\"https:\/\/ironsky.pl\/sklep\/?s={search_term_string}\"},\"query-input\":{\"@type\":\"PropertyValueSpecification\",\"valueRequired\":true,\"valueName\":\"search_term_string\"}}],\"inLanguage\":\"pl-PL\"}]}<\/script>\n<!-- \/ Yoast SEO plugin. -->","yoast_head_json":{"title":"P\u0142ytka rozszerze\u0144 DJI Remote Monitor SDI\/HDMI\/DC-IN - IRONSKY.PL Sklep z Dronami","description":"P\u0142ytka rozszerze\u0144 DJI Remote Monitor SDI\/HDMI\/DC-IN - \u2705 sklep z dronami i fachowym doradztwem. \u2705 Tutaj kupisz produkty DJI, Yuneec, Parrot, Syma i wiele innych, a tak\u017ce kursy i licencje na operatora drona.","robots":{"index":"index","follow":"follow","max-snippet":"max-snippet:-1","max-image-preview":"max-image-preview:large","max-video-preview":"max-video-preview:-1"},"canonical":"https:\/\/ironsky.pl\/sklep\/produkt\/plytka-rozszerzen-dji-remote-monitor-sdi-hdmi-dc-in\/","og_locale":"pl_PL","og_type":"article","og_title":"P\u0142ytka rozszerze\u0144 DJI Remote Monitor SDI\/HDMI\/DC-IN - IRONSKY.PL Sklep z Dronami","og_description":"P\u0142ytka rozszerze\u0144 DJI Remote Monitor SDI\/HDMI\/DC-IN - \u2705 sklep z dronami i fachowym doradztwem. \u2705 Tutaj kupisz produkty DJI, Yuneec, Parrot, Syma i wiele innych, a tak\u017ce kursy i licencje na operatora drona.","og_url":"https:\/\/ironsky.pl\/sklep\/produkt\/plytka-rozszerzen-dji-remote-monitor-sdi-hdmi-dc-in\/","og_site_name":"IRONSKY.PL Sklep z Dronami","article_modified_time":"2026-04-15T08:46:57+00:00","og_image":[{"width":800,"height":800,"url":"https:\/\/ironsky.pl\/sklep\/wp-content\/uploads\/2026\/04\/23311_1.jpg","type":"image\/jpeg"}],"twitter_card":"summary_large_image","twitter_misc":{"Szacowany czas czytania":"1 minuta"},"schema":{"@context":"https:\/\/schema.org","@graph":[{"@type":"WebPage","@id":"https:\/\/ironsky.pl\/sklep\/produkt\/plytka-rozszerzen-dji-remote-monitor-sdi-hdmi-dc-in\/","url":"https:\/\/ironsky.pl\/sklep\/produkt\/plytka-rozszerzen-dji-remote-monitor-sdi-hdmi-dc-in\/","name":"P\u0142ytka rozszerze\u0144 DJI Remote Monitor SDI\/HDMI\/DC-IN - IRONSKY.PL Sklep z Dronami","isPartOf":{"@id":"https:\/\/ironsky.pl\/sklep\/#website"},"primaryImageOfPage":{"@id":"https:\/\/ironsky.pl\/sklep\/produkt\/plytka-rozszerzen-dji-remote-monitor-sdi-hdmi-dc-in\/#primaryimage"},"image":{"@id":"https:\/\/ironsky.pl\/sklep\/produkt\/plytka-rozszerzen-dji-remote-monitor-sdi-hdmi-dc-in\/#primaryimage"},"thumbnailUrl":"https:\/\/ironsky.pl\/sklep\/wp-content\/uploads\/2026\/04\/23311_1.jpg","datePublished":"2026-04-15T08:10:40+00:00","dateModified":"2026-04-15T08:46:57+00:00","description":"P\u0142ytka rozszerze\u0144 DJI Remote Monitor SDI\/HDMI\/DC-IN - \u2705 sklep z dronami i fachowym doradztwem. \u2705 Tutaj kupisz produkty DJI, Yuneec, Parrot, Syma i wiele innych, a tak\u017ce kursy i licencje na operatora drona.","breadcrumb":{"@id":"https:\/\/ironsky.pl\/sklep\/produkt\/plytka-rozszerzen-dji-remote-monitor-sdi-hdmi-dc-in\/#breadcrumb"},"inLanguage":"pl-PL","potentialAction":[{"@type":"ReadAction","target":["https:\/\/ironsky.pl\/sklep\/produkt\/plytka-rozszerzen-dji-remote-monitor-sdi-hdmi-dc-in\/"]}]},{"@type":"ImageObject","inLanguage":"pl-PL","@id":"https:\/\/ironsky.pl\/sklep\/produkt\/plytka-rozszerzen-dji-remote-monitor-sdi-hdmi-dc-in\/#primaryimage","url":"https:\/\/ironsky.pl\/sklep\/wp-content\/uploads\/2026\/04\/23311_1.jpg","contentUrl":"https:\/\/ironsky.pl\/sklep\/wp-content\/uploads\/2026\/04\/23311_1.jpg","width":800,"height":800},{"@type":"BreadcrumbList","@id":"https:\/\/ironsky.pl\/sklep\/produkt\/plytka-rozszerzen-dji-remote-monitor-sdi-hdmi-dc-in\/#breadcrumb","itemListElement":[{"@type":"ListItem","position":1,"name":"Strona g\u0142\u00f3wna","item":"https:\/\/ironsky.pl\/sklep\/"},{"@type":"ListItem","position":2,"name":"Wszystkie produkty","item":"https:\/\/ironsky.pl\/sklep\/produkty\/"},{"@type":"ListItem","position":3,"name":"P\u0142ytka rozszerze\u0144 DJI Remote Monitor SDI\/HDMI\/DC-IN"}]},{"@type":"WebSite","@id":"https:\/\/ironsky.pl\/sklep\/#website","url":"https:\/\/ironsky.pl\/sklep\/","name":"IRONSKY.PL Sklep z Dronami","description":"IRONSKY.PL Sklep z Dronami","potentialAction":[{"@type":"SearchAction","target":{"@type":"EntryPoint","urlTemplate":"https:\/\/ironsky.pl\/sklep\/?s={search_term_string}"},"query-input":{"@type":"PropertyValueSpecification","valueRequired":true,"valueName":"search_term_string"}}],"inLanguage":"pl-PL"}]}},"_links":{"self":[{"href":"https:\/\/ironsky.pl\/sklep\/wp-json\/wp\/v2\/product\/56056","targetHints":{"allow":["GET"]}}],"collection":[{"href":"https:\/\/ironsky.pl\/sklep\/wp-json\/wp\/v2\/product"}],"about":[{"href":"https:\/\/ironsky.pl\/sklep\/wp-json\/wp\/v2\/types\/product"}],"replies":[{"embeddable":true,"href":"https:\/\/ironsky.pl\/sklep\/wp-json\/wp\/v2\/comments?post=56056"}],"wp:featuredmedia":[{"embeddable":true,"href":"https:\/\/ironsky.pl\/sklep\/wp-json\/wp\/v2\/media\/56057"}],"wp:attachment":[{"href":"https:\/\/ironsky.pl\/sklep\/wp-json\/wp\/v2\/media?parent=56056"}],"wp:term":[{"taxonomy":"product_brand","embeddable":true,"href":"https:\/\/ironsky.pl\/sklep\/wp-json\/wp\/v2\/product_brand?post=56056"},{"taxonomy":"product_cat","embeddable":true,"href":"https:\/\/ironsky.pl\/sklep\/wp-json\/wp\/v2\/product_cat?post=56056"},{"taxonomy":"product_tag","embeddable":true,"href":"https:\/\/ironsky.pl\/sklep\/wp-json\/wp\/v2\/product_tag?post=56056"}],"curies":[{"name":"wp","href":"https:\/\/api.w.org\/{rel}","templated":true}]}}