{"id":56031,"date":"2026-04-15T10:10:40","date_gmt":"2026-04-15T08:10:40","guid":{"rendered":"https:\/\/ironsky.pl\/sklep\/produkt\/latarka-superfire-gt60-strumien-swietlny-2600lm-usb-c\/"},"modified":"2026-04-15T10:10:48","modified_gmt":"2026-04-15T08:10:48","slug":"latarka-superfire-gt60-strumien-swietlny-2600lm-usb-c","status":"publish","type":"product","link":"https:\/\/ironsky.pl\/sklep\/produkt\/latarka-superfire-gt60-strumien-swietlny-2600lm-usb-c\/","title":{"rendered":"Latarka SUPERFIRE GT60 strumie\u0144 \u015bwietlny 2600lm USB-C"},"content":{"rendered":"<h3>Latarka Superfire GT60 \u2013 2600 lm, 2 tryby, USB-C<\/h3>\n<p>Spacer, camping, piesze w\u0119dr\u00f3wki &#8211; w tych i podobnych sytuacjach przyda Ci si\u0119 latarka Superfire. Wyposa\u017cona w wytrzyma\u0142y akumulator \u2013 zapewnia do 7 godzin pracy. Ma te\u017c tyln\u0105 lampk\u0119, dzi\u0119ki kt\u00f3rej b\u0119dziesz widoczny z r\u00f3\u017cnych perspektyw. Mo\u017cesz z niej korzysta\u0107 podczas deszczu lub nawet zim\u0105 \u2013 chroni j\u0105 odporno\u015b\u0107 na wod\u0119 na poziomie IP34 (Ingress Protection 34, stopie\u0144 ochrony przed cia\u0142ami sta\u0142ymi i wod\u0105). Zosta\u0142a wykonana ze stopu aluminium, dzi\u0119ki czemu jest trwa\u0142a i lekka, a jej ergonomiczna konstrukcja gwarantuje pewny chwyt i nie wy\u015blizguje si\u0119 z d\u0142oni.<\/p>\n<p>\n<img decoding=\"async\" src=\"https:\/\/assets.innpro.pl\/14035\/17524\/1.jpg\" border=\"0\" alt=\"dwie czarne latarki na czarnym tle\" \/>\n<\/p>\n<h3>Dzia\u0142a tak jak chcesz<\/h3>\n<p>GT60 wyposa\u017cono w chip P90 odpowiadaj\u0105cy za wykrywanie wzrostu nat\u0119\u017cenia i automatyczne zwi\u0119kszenie jasno\u015bci. Latarka oferuje tak\u017ce 2 tryby pracy: \u015bwiat\u0142o skupione i rozproszone, z kt\u00f3rych mo\u017cesz korzysta\u0107 w zale\u017cno\u015bci od potrzeb. Jej maksymalna jasno\u015b\u0107 wynosi 2600 lm, a zasi\u0119g to oko\u0142o 33 m w przypadku przedniej lamki lub 4-6 m dla tylnej. Ponadto g\u0142owica lampy typu push-pull umo\u017cliwia teleskopowe ustawienie ostro\u015bci. Dost\u0119pne jest r\u00f3wnie\u017c wielopoziomowe \u015bciemnianie (Weak, Medium, Strong, Strobe i Taillight).<\/p>\n<p>\n<img decoding=\"async\" src=\"https:\/\/assets.innpro.pl\/14035\/17524\/2.jpg\" border=\"0\" alt=\"czarna latarka generuj\u0105ca strumie\u0144 \u015bwiat\u0142a na szarym tle\" \/>\n<\/p>\n<h3>Niezawodna w niemal ka\u017cdej sytuacji<\/h3>\n<p>Latarka sprawdzi si\u0119 niemal wsz\u0119dzie. Z powodzeniem zabierzesz j\u0105 z na camping, w g\u00f3ry, itp. Akumulator o pojemno\u015bci 6000 mAh zapewnia oko\u0142o 7 godzin pracy, a na\u0142adujesz go za pomoc\u0105 kabla z portem USB-C. Niebieski wska\u017anik poinformuje Ci\u0119 o niskim poziomie na\u0142adowania. Ponadto po drugiej stronie GT60 umieszczono dodatkow\u0105 lampk\u0119, kt\u00f3ra zapewni lepsz\u0105 widoczno\u015b\u0107 po zmroku. Natomiast ergonomiczny, kompaktowy design i chropowate wyko\u0144czenie latarki zapewniaj\u0105 stabilno\u015b\u0107 i zapobiegaj\u0105 jej wy\u015blizgiwaniu si\u0119 z d\u0142oni.<\/p>\n<p>\n<img decoding=\"async\" src=\"https:\/\/assets.innpro.pl\/14035\/17524\/3.jpg\" border=\"0\" alt=\"czarna latarka przedstawiona pod k\u0105tem na szarym tle\" \/>\n<\/p>\n<h3>Odporna na wod\u0119 <\/h3>\n<p>Latarka jest odporna na dzia\u0142anie takich czynnik\u00f3w jak deszcz, \u015bnieg czy niskie temperatury. Oznacza to, \u017ce mo\u017cesz korzysta\u0107 z niej podczas niekorzystnych warunk\u00f3w atmosferycznych bez obaw o jej uszkodzenie. Co wi\u0119cej, konstrukcja ze stopu aluminium zapewnia urz\u0105dzeniu odporno\u015b\u0107 na upadki, a zastosowane systemy bezpiecze\u0144stwa wyd\u0142u\u017caj\u0105 jego \u017cywotno\u015b\u0107.<\/p>\n<p>\n<img decoding=\"async\" src=\"https:\/\/assets.innpro.pl\/14035\/17524\/4.jpg\" border=\"0\" alt=\"zbli\u017cenie na czarn\u0105 latark\u0119 na szarym tle\" \/>\n<\/p>\n<h3>Efektywno\u015b\u0107<\/h3>\n<p>Superfire przeprowadzi\u0142 liczne badania, z kt\u00f3rych wynika, \u017ce wbudowany akumulator sprawdza si\u0119 lepiej ni\u017c baterie, tworz\u0105c stabiln\u0105 ca\u0142o\u015b\u0107 z obwodem i pozytywnie wp\u0142ywaj\u0105c na wysok\u0105 wydajno\u015b\u0107 pracy latarki. Dodatkowo dzi\u0119ki portowi USB-C \u017cywotno\u015b\u0107 urz\u0105dzenia jest d\u0142u\u017csza, \u0142adowanie szybsze, a wytrzyma\u0142o\u015b\u0107 portu wi\u0119ksza.<\/p>\n<p>\n<img decoding=\"async\" src=\"https:\/\/assets.innpro.pl\/14035\/17524\/5.jpg\" border=\"0\" alt=\"jedna ostra i jedna rozmyta czarna latarka na szarym tle\" \/>\n<\/p>\n<div class=\"table-wrapper\">\n<p>\u00a0<\/p>\n<h3><\/h3>\n<table>\n<tbody>\n<tr>\n<th>Producent <\/th>\n<td>Superfire<\/td>\n<\/tr>\n<tr>\n<th>Model <\/th>\n<td>GT60<\/td>\n<\/tr>\n<tr>\n<th>Wymiary <\/th>\n<td>140 x 52 x 52 mm<\/td>\n<\/tr>\n<tr>\n<th>Waga <\/th>\n<td>400 g<\/td>\n<\/tr>\n<tr>\n<th>Materia\u0142 <\/th>\n<td>stop aluminium<\/td>\n<\/tr>\n<tr>\n<th>Czas pracy <\/th>\n<td>ok. 420 min (jasno\u015b\u0107 \u015bwiat\u0142a 100%)<\/td>\n<\/tr>\n<tr>\n<th>Wodoodporno\u015b\u0107 <\/th>\n<td>IP34<\/td>\n<\/tr>\n<tr>\n<th>Spos\u00f3b \u0142adownia <\/th>\n<td>USB-C<\/td>\n<\/tr>\n<tr>\n<th>Jasno\u015b\u0107<\/th>\n<td>do 2600 lm<\/td>\n<\/tr>\n<tr>\n<th>Zasi\u0119g \u015bwiecenia <\/th>\n<td>33 m (przednia lampka), 4-6 m (tylna lampka)<\/td>\n<\/tr>\n<tr>\n<th>Pojemno\u015b\u0107 akumulatora <\/th>\n<td>6000 mAh<\/td>\n<\/tr>\n<tr>\n<th>Kolor <\/th>\n<td>czarny<\/td>\n<\/tr>\n<\/tbody>\n<\/table>\n<\/div>\n","protected":false},"excerpt":{"rendered":"<p>Latarka Superfire GT60 \u2013 2600 lm, 2 tryby, USB-C Spacer, camping, piesze w\u0119dr\u00f3wki &#8211; w tych i podobnych sytuacjach przyda<\/p>\n","protected":false},"featured_media":41669,"comment_status":"closed","ping_status":"open","template":"","meta":{"_acf_changed":false},"product_brand":[],"product_cat":[5938,5937,5939],"product_tag":[],"class_list":{"0":"post-56031","1":"product","2":"type-product","3":"status-publish","4":"has-post-thumbnail","6":"product_cat-latarki","7":"product_cat-outdoor","8":"product_cat-pozostale-latarki","9":"pa_okres-gwarancji-5754","10":"pa_producent-superfire","12":"first","13":"outofstock","14":"taxable","15":"shipping-taxable","16":"purchasable","17":"product-type-simple"},"acf":[],"yoast_head":"<!-- This site is optimized with the Yoast SEO plugin v27.2 - https:\/\/yoast.com\/product\/yoast-seo-wordpress\/ -->\n<title>Latarka SUPERFIRE GT60 strumie\u0144 \u015bwietlny 2600lm USB-C - IRONSKY.PL Sklep z Dronami<\/title>\n<meta name=\"description\" content=\"Latarka SUPERFIRE GT60 strumie\u0144 \u015bwietlny 2600lm USB-C - \u2705 sklep z dronami i fachowym doradztwem. \u2705 Tutaj kupisz produkty DJI, Yuneec, Parrot, Syma i wiele innych, a tak\u017ce kursy i licencje na operatora drona.\" \/>\n<meta name=\"robots\" content=\"index, follow, max-snippet:-1, max-image-preview:large, max-video-preview:-1\" \/>\n<link rel=\"canonical\" href=\"https:\/\/ironsky.pl\/sklep\/produkt\/latarka-superfire-gt60-strumien-swietlny-2600lm-usb-c\/\" \/>\n<meta property=\"og:locale\" content=\"pl_PL\" \/>\n<meta property=\"og:type\" content=\"article\" \/>\n<meta property=\"og:title\" content=\"Latarka SUPERFIRE GT60 strumie\u0144 \u015bwietlny 2600lm USB-C - IRONSKY.PL Sklep z Dronami\" \/>\n<meta property=\"og:description\" content=\"Latarka SUPERFIRE GT60 strumie\u0144 \u015bwietlny 2600lm USB-C - \u2705 sklep z dronami i fachowym doradztwem. \u2705 Tutaj kupisz produkty DJI, Yuneec, Parrot, Syma i wiele innych, a tak\u017ce kursy i licencje na operatora drona.\" \/>\n<meta property=\"og:url\" content=\"https:\/\/ironsky.pl\/sklep\/produkt\/latarka-superfire-gt60-strumien-swietlny-2600lm-usb-c\/\" \/>\n<meta property=\"og:site_name\" content=\"IRONSKY.PL Sklep z Dronami\" \/>\n<meta property=\"article:modified_time\" content=\"2026-04-15T08:10:48+00:00\" \/>\n<meta property=\"og:image\" content=\"https:\/\/ironsky.pl\/sklep\/wp-content\/uploads\/2025\/06\/23168_3.jpg\" \/>\n\t<meta property=\"og:image:width\" content=\"800\" \/>\n\t<meta property=\"og:image:height\" content=\"800\" \/>\n\t<meta property=\"og:image:type\" content=\"image\/jpeg\" \/>\n<meta name=\"twitter:card\" content=\"summary_large_image\" \/>\n<meta name=\"twitter:label1\" content=\"Szacowany czas czytania\" \/>\n\t<meta name=\"twitter:data1\" content=\"2 minuty\" \/>\n<script type=\"application\/ld+json\" class=\"yoast-schema-graph\">{\"@context\":\"https:\/\/schema.org\",\"@graph\":[{\"@type\":\"WebPage\",\"@id\":\"https:\/\/ironsky.pl\/sklep\/produkt\/latarka-superfire-gt60-strumien-swietlny-2600lm-usb-c\/\",\"url\":\"https:\/\/ironsky.pl\/sklep\/produkt\/latarka-superfire-gt60-strumien-swietlny-2600lm-usb-c\/\",\"name\":\"Latarka SUPERFIRE GT60 strumie\u0144 \u015bwietlny 2600lm USB-C - IRONSKY.PL Sklep z Dronami\",\"isPartOf\":{\"@id\":\"https:\/\/ironsky.pl\/sklep\/#website\"},\"primaryImageOfPage\":{\"@id\":\"https:\/\/ironsky.pl\/sklep\/produkt\/latarka-superfire-gt60-strumien-swietlny-2600lm-usb-c\/#primaryimage\"},\"image\":{\"@id\":\"https:\/\/ironsky.pl\/sklep\/produkt\/latarka-superfire-gt60-strumien-swietlny-2600lm-usb-c\/#primaryimage\"},\"thumbnailUrl\":\"https:\/\/ironsky.pl\/sklep\/wp-content\/uploads\/2025\/06\/23168_3.jpg\",\"datePublished\":\"2026-04-15T08:10:40+00:00\",\"dateModified\":\"2026-04-15T08:10:48+00:00\",\"description\":\"Latarka SUPERFIRE GT60 strumie\u0144 \u015bwietlny 2600lm USB-C - \u2705 sklep z dronami i fachowym doradztwem. \u2705 Tutaj kupisz produkty DJI, Yuneec, Parrot, Syma i wiele innych, a tak\u017ce kursy i licencje na operatora drona.\",\"breadcrumb\":{\"@id\":\"https:\/\/ironsky.pl\/sklep\/produkt\/latarka-superfire-gt60-strumien-swietlny-2600lm-usb-c\/#breadcrumb\"},\"inLanguage\":\"pl-PL\",\"potentialAction\":[{\"@type\":\"ReadAction\",\"target\":[\"https:\/\/ironsky.pl\/sklep\/produkt\/latarka-superfire-gt60-strumien-swietlny-2600lm-usb-c\/\"]}]},{\"@type\":\"ImageObject\",\"inLanguage\":\"pl-PL\",\"@id\":\"https:\/\/ironsky.pl\/sklep\/produkt\/latarka-superfire-gt60-strumien-swietlny-2600lm-usb-c\/#primaryimage\",\"url\":\"https:\/\/ironsky.pl\/sklep\/wp-content\/uploads\/2025\/06\/23168_3.jpg\",\"contentUrl\":\"https:\/\/ironsky.pl\/sklep\/wp-content\/uploads\/2025\/06\/23168_3.jpg\",\"width\":800,\"height\":800},{\"@type\":\"BreadcrumbList\",\"@id\":\"https:\/\/ironsky.pl\/sklep\/produkt\/latarka-superfire-gt60-strumien-swietlny-2600lm-usb-c\/#breadcrumb\",\"itemListElement\":[{\"@type\":\"ListItem\",\"position\":1,\"name\":\"Strona g\u0142\u00f3wna\",\"item\":\"https:\/\/ironsky.pl\/sklep\/\"},{\"@type\":\"ListItem\",\"position\":2,\"name\":\"Wszystkie produkty\",\"item\":\"https:\/\/ironsky.pl\/sklep\/produkty\/\"},{\"@type\":\"ListItem\",\"position\":3,\"name\":\"Latarka SUPERFIRE GT60 strumie\u0144 \u015bwietlny 2600lm USB-C\"}]},{\"@type\":\"WebSite\",\"@id\":\"https:\/\/ironsky.pl\/sklep\/#website\",\"url\":\"https:\/\/ironsky.pl\/sklep\/\",\"name\":\"IRONSKY.PL Sklep z Dronami\",\"description\":\"IRONSKY.PL Sklep z Dronami\",\"potentialAction\":[{\"@type\":\"SearchAction\",\"target\":{\"@type\":\"EntryPoint\",\"urlTemplate\":\"https:\/\/ironsky.pl\/sklep\/?s={search_term_string}\"},\"query-input\":{\"@type\":\"PropertyValueSpecification\",\"valueRequired\":true,\"valueName\":\"search_term_string\"}}],\"inLanguage\":\"pl-PL\"}]}<\/script>\n<!-- \/ Yoast SEO plugin. -->","yoast_head_json":{"title":"Latarka SUPERFIRE GT60 strumie\u0144 \u015bwietlny 2600lm USB-C - IRONSKY.PL Sklep z Dronami","description":"Latarka SUPERFIRE GT60 strumie\u0144 \u015bwietlny 2600lm USB-C - \u2705 sklep z dronami i fachowym doradztwem. \u2705 Tutaj kupisz produkty DJI, Yuneec, Parrot, Syma i wiele innych, a tak\u017ce kursy i licencje na operatora drona.","robots":{"index":"index","follow":"follow","max-snippet":"max-snippet:-1","max-image-preview":"max-image-preview:large","max-video-preview":"max-video-preview:-1"},"canonical":"https:\/\/ironsky.pl\/sklep\/produkt\/latarka-superfire-gt60-strumien-swietlny-2600lm-usb-c\/","og_locale":"pl_PL","og_type":"article","og_title":"Latarka SUPERFIRE GT60 strumie\u0144 \u015bwietlny 2600lm USB-C - IRONSKY.PL Sklep z Dronami","og_description":"Latarka SUPERFIRE GT60 strumie\u0144 \u015bwietlny 2600lm USB-C - \u2705 sklep z dronami i fachowym doradztwem. \u2705 Tutaj kupisz produkty DJI, Yuneec, Parrot, Syma i wiele innych, a tak\u017ce kursy i licencje na operatora drona.","og_url":"https:\/\/ironsky.pl\/sklep\/produkt\/latarka-superfire-gt60-strumien-swietlny-2600lm-usb-c\/","og_site_name":"IRONSKY.PL Sklep z Dronami","article_modified_time":"2026-04-15T08:10:48+00:00","og_image":[{"width":800,"height":800,"url":"https:\/\/ironsky.pl\/sklep\/wp-content\/uploads\/2025\/06\/23168_3.jpg","type":"image\/jpeg"}],"twitter_card":"summary_large_image","twitter_misc":{"Szacowany czas czytania":"2 minuty"},"schema":{"@context":"https:\/\/schema.org","@graph":[{"@type":"WebPage","@id":"https:\/\/ironsky.pl\/sklep\/produkt\/latarka-superfire-gt60-strumien-swietlny-2600lm-usb-c\/","url":"https:\/\/ironsky.pl\/sklep\/produkt\/latarka-superfire-gt60-strumien-swietlny-2600lm-usb-c\/","name":"Latarka SUPERFIRE GT60 strumie\u0144 \u015bwietlny 2600lm USB-C - IRONSKY.PL Sklep z Dronami","isPartOf":{"@id":"https:\/\/ironsky.pl\/sklep\/#website"},"primaryImageOfPage":{"@id":"https:\/\/ironsky.pl\/sklep\/produkt\/latarka-superfire-gt60-strumien-swietlny-2600lm-usb-c\/#primaryimage"},"image":{"@id":"https:\/\/ironsky.pl\/sklep\/produkt\/latarka-superfire-gt60-strumien-swietlny-2600lm-usb-c\/#primaryimage"},"thumbnailUrl":"https:\/\/ironsky.pl\/sklep\/wp-content\/uploads\/2025\/06\/23168_3.jpg","datePublished":"2026-04-15T08:10:40+00:00","dateModified":"2026-04-15T08:10:48+00:00","description":"Latarka SUPERFIRE GT60 strumie\u0144 \u015bwietlny 2600lm USB-C - \u2705 sklep z dronami i fachowym doradztwem. \u2705 Tutaj kupisz produkty DJI, Yuneec, Parrot, Syma i wiele innych, a tak\u017ce kursy i licencje na operatora drona.","breadcrumb":{"@id":"https:\/\/ironsky.pl\/sklep\/produkt\/latarka-superfire-gt60-strumien-swietlny-2600lm-usb-c\/#breadcrumb"},"inLanguage":"pl-PL","potentialAction":[{"@type":"ReadAction","target":["https:\/\/ironsky.pl\/sklep\/produkt\/latarka-superfire-gt60-strumien-swietlny-2600lm-usb-c\/"]}]},{"@type":"ImageObject","inLanguage":"pl-PL","@id":"https:\/\/ironsky.pl\/sklep\/produkt\/latarka-superfire-gt60-strumien-swietlny-2600lm-usb-c\/#primaryimage","url":"https:\/\/ironsky.pl\/sklep\/wp-content\/uploads\/2025\/06\/23168_3.jpg","contentUrl":"https:\/\/ironsky.pl\/sklep\/wp-content\/uploads\/2025\/06\/23168_3.jpg","width":800,"height":800},{"@type":"BreadcrumbList","@id":"https:\/\/ironsky.pl\/sklep\/produkt\/latarka-superfire-gt60-strumien-swietlny-2600lm-usb-c\/#breadcrumb","itemListElement":[{"@type":"ListItem","position":1,"name":"Strona g\u0142\u00f3wna","item":"https:\/\/ironsky.pl\/sklep\/"},{"@type":"ListItem","position":2,"name":"Wszystkie produkty","item":"https:\/\/ironsky.pl\/sklep\/produkty\/"},{"@type":"ListItem","position":3,"name":"Latarka SUPERFIRE GT60 strumie\u0144 \u015bwietlny 2600lm USB-C"}]},{"@type":"WebSite","@id":"https:\/\/ironsky.pl\/sklep\/#website","url":"https:\/\/ironsky.pl\/sklep\/","name":"IRONSKY.PL Sklep z Dronami","description":"IRONSKY.PL Sklep z Dronami","potentialAction":[{"@type":"SearchAction","target":{"@type":"EntryPoint","urlTemplate":"https:\/\/ironsky.pl\/sklep\/?s={search_term_string}"},"query-input":{"@type":"PropertyValueSpecification","valueRequired":true,"valueName":"search_term_string"}}],"inLanguage":"pl-PL"}]}},"_links":{"self":[{"href":"https:\/\/ironsky.pl\/sklep\/wp-json\/wp\/v2\/product\/56031","targetHints":{"allow":["GET"]}}],"collection":[{"href":"https:\/\/ironsky.pl\/sklep\/wp-json\/wp\/v2\/product"}],"about":[{"href":"https:\/\/ironsky.pl\/sklep\/wp-json\/wp\/v2\/types\/product"}],"replies":[{"embeddable":true,"href":"https:\/\/ironsky.pl\/sklep\/wp-json\/wp\/v2\/comments?post=56031"}],"wp:featuredmedia":[{"embeddable":true,"href":"https:\/\/ironsky.pl\/sklep\/wp-json\/wp\/v2\/media\/41669"}],"wp:attachment":[{"href":"https:\/\/ironsky.pl\/sklep\/wp-json\/wp\/v2\/media?parent=56031"}],"wp:term":[{"taxonomy":"product_brand","embeddable":true,"href":"https:\/\/ironsky.pl\/sklep\/wp-json\/wp\/v2\/product_brand?post=56031"},{"taxonomy":"product_cat","embeddable":true,"href":"https:\/\/ironsky.pl\/sklep\/wp-json\/wp\/v2\/product_cat?post=56031"},{"taxonomy":"product_tag","embeddable":true,"href":"https:\/\/ironsky.pl\/sklep\/wp-json\/wp\/v2\/product_tag?post=56031"}],"curies":[{"name":"wp","href":"https:\/\/api.w.org\/{rel}","templated":true}]}}