{"id":56029,"date":"2026-04-15T10:10:40","date_gmt":"2026-04-15T08:10:40","guid":{"rendered":"https:\/\/ironsky.pl\/sklep\/produkt\/akumulator-supfire-18650-2300mah-37v\/"},"modified":"2026-04-15T10:46:54","modified_gmt":"2026-04-15T08:46:54","slug":"akumulator-supfire-18650-2300mah-37v","status":"publish","type":"product","link":"https:\/\/ironsky.pl\/sklep\/produkt\/akumulator-supfire-18650-2300mah-37v\/","title":{"rendered":"Akumulator SUPFIRE 18650 2300mAh 3,7V"},"content":{"rendered":"<h3>Bateria akumulatorowa Superfire 2300 mAh, do 500 cykli \u0142adowania<\/h3>\n<p>T\u0105 jedn\u0105 bateri\u0105 litow\u0105 z mo\u017cliwo\u015bci\u0105 \u0142adowania, mo\u017cesz zast\u0105pi\u0107 a\u017c 500 zwyk\u0142ych baterii. Jej pojemno\u015b\u0107 to 2300 mAh, a na\u0142adujesz j\u0105 a\u017c do 500 razy, dzi\u0119ki czemu zaoszcz\u0119dzisz nie tylko pieni\u0105dze na zakup zwyk\u0142ych baterii, ale tak\u017ce ochronisz \u015brodowisko przed zb\u0119dnymi odpadami. Bateria wykorzystuje zintegrowany chip SRAG, kt\u00f3ry dba o jej wydajno\u015b\u0107 i imponuj\u0105c\u0105 pojemno\u015b\u0107. Urz\u0105dzenie posiada ca\u0142kowicie stalow\u0105 obudow\u0119 oraz wbudowan\u0105 ochronn\u0105 foli\u0119 izolacyjn\u0105, co oznacza jeszcze wi\u0119cej bezpiecze\u0144stwa dla Ciebie i Twoich urz\u0105dze\u0144 elektronicznych. <\/p>\n<p>\n<img decoding=\"async\" src=\"https:\/\/assets.innpro.pl\/14145\/17644\/3.jpg\" border=\"0\" alt=\"Bateria akumulatorowa Superfire w zielono-pomara\u0144czowym kolorze le\u017c\u0105ca na szarym pod\u0142o\u017cu.\" \/>\n<\/p>\n<h3><\/h3>\n<p>\u00a0<\/p>\n<div class=\"table-wrapper\">\n<p>\u00a0<\/p>\n<h3><\/h3>\n<table>\n<tbody>\n<tr>\n<th>Producent <\/th>\n<td>Superfire<\/td>\n<\/tr>\n<tr>\n<th>Model <\/th>\n<td>18650<\/td>\n<\/tr>\n<tr>\n<th>Pojemno\u015b\u0107 <\/th>\n<td>2300 mAh<\/td>\n<\/tr>\n<tr>\n<th>Napi\u0119cie \u0142adowania <\/th>\n<td>4.2V<\/td>\n<\/tr>\n<tr>\n<th>Napi\u0119cie <\/th>\n<td>3.7V<\/td>\n<\/tr>\n<tr>\n<th>Wymiary <\/th>\n<td>65 x 18 mm<\/td>\n<\/tr>\n<tr>\n<th>Waga <\/th>\n<td>46 g<\/td>\n<\/tr>\n<\/tbody>\n<\/table>\n<\/div>\n","protected":false},"excerpt":{"rendered":"<p>Bateria akumulatorowa Superfire 2300 mAh, do 500 cykli \u0142adowania T\u0105 jedn\u0105 bateri\u0105 litow\u0105 z mo\u017cliwo\u015bci\u0105 \u0142adowania, mo\u017cesz zast\u0105pi\u0107 a\u017c 500<\/p>\n","protected":false},"featured_media":56030,"comment_status":"closed","ping_status":"open","template":"","meta":{"_acf_changed":false},"product_brand":[],"product_cat":[6201,6202,1182,1169],"product_tag":[],"class_list":{"0":"post-56029","1":"product","2":"type-product","3":"status-publish","4":"has-post-thumbnail","6":"product_cat-aa","7":"product_cat-aaa","8":"product_cat-akumulatory","9":"product_cat-modele-rc","10":"pa_okres-gwarancji-5754","11":"pa_producent-superfire","13":"first","14":"outofstock","15":"taxable","16":"shipping-taxable","17":"purchasable","18":"product-type-simple"},"acf":[],"yoast_head":"<!-- This site is optimized with the Yoast SEO plugin v27.2 - https:\/\/yoast.com\/product\/yoast-seo-wordpress\/ -->\n<title>Akumulator SUPFIRE 18650 2300mAh 3,7V - IRONSKY.PL Sklep z Dronami<\/title>\n<meta name=\"description\" content=\"Akumulator SUPFIRE 18650 2300mAh 3,7V - \u2705 sklep z dronami i fachowym doradztwem. \u2705 Tutaj kupisz produkty DJI, Yuneec, Parrot, Syma i wiele innych, a tak\u017ce kursy i licencje na operatora drona.\" \/>\n<meta name=\"robots\" content=\"index, follow, max-snippet:-1, max-image-preview:large, max-video-preview:-1\" \/>\n<link rel=\"canonical\" href=\"https:\/\/ironsky.pl\/sklep\/produkt\/akumulator-supfire-18650-2300mah-37v\/\" \/>\n<meta property=\"og:locale\" content=\"pl_PL\" \/>\n<meta property=\"og:type\" content=\"article\" \/>\n<meta property=\"og:title\" content=\"Akumulator SUPFIRE 18650 2300mAh 3,7V - IRONSKY.PL Sklep z Dronami\" \/>\n<meta property=\"og:description\" content=\"Akumulator SUPFIRE 18650 2300mAh 3,7V - \u2705 sklep z dronami i fachowym doradztwem. \u2705 Tutaj kupisz produkty DJI, Yuneec, Parrot, Syma i wiele innych, a tak\u017ce kursy i licencje na operatora drona.\" \/>\n<meta property=\"og:url\" content=\"https:\/\/ironsky.pl\/sklep\/produkt\/akumulator-supfire-18650-2300mah-37v\/\" \/>\n<meta property=\"og:site_name\" content=\"IRONSKY.PL Sklep z Dronami\" \/>\n<meta property=\"article:modified_time\" content=\"2026-04-15T08:46:54+00:00\" \/>\n<meta property=\"og:image\" content=\"https:\/\/ironsky.pl\/sklep\/wp-content\/uploads\/2026\/04\/23167_1.jpg\" \/>\n\t<meta property=\"og:image:width\" content=\"800\" \/>\n\t<meta property=\"og:image:height\" content=\"800\" \/>\n\t<meta property=\"og:image:type\" content=\"image\/jpeg\" \/>\n<meta name=\"twitter:card\" content=\"summary_large_image\" \/>\n<meta name=\"twitter:label1\" content=\"Szacowany czas czytania\" \/>\n\t<meta name=\"twitter:data1\" content=\"1 minuta\" \/>\n<script type=\"application\/ld+json\" class=\"yoast-schema-graph\">{\"@context\":\"https:\/\/schema.org\",\"@graph\":[{\"@type\":\"WebPage\",\"@id\":\"https:\/\/ironsky.pl\/sklep\/produkt\/akumulator-supfire-18650-2300mah-37v\/\",\"url\":\"https:\/\/ironsky.pl\/sklep\/produkt\/akumulator-supfire-18650-2300mah-37v\/\",\"name\":\"Akumulator SUPFIRE 18650 2300mAh 3,7V - IRONSKY.PL Sklep z Dronami\",\"isPartOf\":{\"@id\":\"https:\/\/ironsky.pl\/sklep\/#website\"},\"primaryImageOfPage\":{\"@id\":\"https:\/\/ironsky.pl\/sklep\/produkt\/akumulator-supfire-18650-2300mah-37v\/#primaryimage\"},\"image\":{\"@id\":\"https:\/\/ironsky.pl\/sklep\/produkt\/akumulator-supfire-18650-2300mah-37v\/#primaryimage\"},\"thumbnailUrl\":\"https:\/\/ironsky.pl\/sklep\/wp-content\/uploads\/2026\/04\/23167_1.jpg\",\"datePublished\":\"2026-04-15T08:10:40+00:00\",\"dateModified\":\"2026-04-15T08:46:54+00:00\",\"description\":\"Akumulator SUPFIRE 18650 2300mAh 3,7V - \u2705 sklep z dronami i fachowym doradztwem. \u2705 Tutaj kupisz produkty DJI, Yuneec, Parrot, Syma i wiele innych, a tak\u017ce kursy i licencje na operatora drona.\",\"breadcrumb\":{\"@id\":\"https:\/\/ironsky.pl\/sklep\/produkt\/akumulator-supfire-18650-2300mah-37v\/#breadcrumb\"},\"inLanguage\":\"pl-PL\",\"potentialAction\":[{\"@type\":\"ReadAction\",\"target\":[\"https:\/\/ironsky.pl\/sklep\/produkt\/akumulator-supfire-18650-2300mah-37v\/\"]}]},{\"@type\":\"ImageObject\",\"inLanguage\":\"pl-PL\",\"@id\":\"https:\/\/ironsky.pl\/sklep\/produkt\/akumulator-supfire-18650-2300mah-37v\/#primaryimage\",\"url\":\"https:\/\/ironsky.pl\/sklep\/wp-content\/uploads\/2026\/04\/23167_1.jpg\",\"contentUrl\":\"https:\/\/ironsky.pl\/sklep\/wp-content\/uploads\/2026\/04\/23167_1.jpg\",\"width\":800,\"height\":800},{\"@type\":\"BreadcrumbList\",\"@id\":\"https:\/\/ironsky.pl\/sklep\/produkt\/akumulator-supfire-18650-2300mah-37v\/#breadcrumb\",\"itemListElement\":[{\"@type\":\"ListItem\",\"position\":1,\"name\":\"Strona g\u0142\u00f3wna\",\"item\":\"https:\/\/ironsky.pl\/sklep\/\"},{\"@type\":\"ListItem\",\"position\":2,\"name\":\"Wszystkie produkty\",\"item\":\"https:\/\/ironsky.pl\/sklep\/produkty\/\"},{\"@type\":\"ListItem\",\"position\":3,\"name\":\"Akumulator SUPFIRE 18650 2300mAh 3,7V\"}]},{\"@type\":\"WebSite\",\"@id\":\"https:\/\/ironsky.pl\/sklep\/#website\",\"url\":\"https:\/\/ironsky.pl\/sklep\/\",\"name\":\"IRONSKY.PL Sklep z Dronami\",\"description\":\"IRONSKY.PL Sklep z Dronami\",\"potentialAction\":[{\"@type\":\"SearchAction\",\"target\":{\"@type\":\"EntryPoint\",\"urlTemplate\":\"https:\/\/ironsky.pl\/sklep\/?s={search_term_string}\"},\"query-input\":{\"@type\":\"PropertyValueSpecification\",\"valueRequired\":true,\"valueName\":\"search_term_string\"}}],\"inLanguage\":\"pl-PL\"}]}<\/script>\n<!-- \/ Yoast SEO plugin. -->","yoast_head_json":{"title":"Akumulator SUPFIRE 18650 2300mAh 3,7V - IRONSKY.PL Sklep z Dronami","description":"Akumulator SUPFIRE 18650 2300mAh 3,7V - \u2705 sklep z dronami i fachowym doradztwem. \u2705 Tutaj kupisz produkty DJI, Yuneec, Parrot, Syma i wiele innych, a tak\u017ce kursy i licencje na operatora drona.","robots":{"index":"index","follow":"follow","max-snippet":"max-snippet:-1","max-image-preview":"max-image-preview:large","max-video-preview":"max-video-preview:-1"},"canonical":"https:\/\/ironsky.pl\/sklep\/produkt\/akumulator-supfire-18650-2300mah-37v\/","og_locale":"pl_PL","og_type":"article","og_title":"Akumulator SUPFIRE 18650 2300mAh 3,7V - IRONSKY.PL Sklep z Dronami","og_description":"Akumulator SUPFIRE 18650 2300mAh 3,7V - \u2705 sklep z dronami i fachowym doradztwem. \u2705 Tutaj kupisz produkty DJI, Yuneec, Parrot, Syma i wiele innych, a tak\u017ce kursy i licencje na operatora drona.","og_url":"https:\/\/ironsky.pl\/sklep\/produkt\/akumulator-supfire-18650-2300mah-37v\/","og_site_name":"IRONSKY.PL Sklep z Dronami","article_modified_time":"2026-04-15T08:46:54+00:00","og_image":[{"width":800,"height":800,"url":"https:\/\/ironsky.pl\/sklep\/wp-content\/uploads\/2026\/04\/23167_1.jpg","type":"image\/jpeg"}],"twitter_card":"summary_large_image","twitter_misc":{"Szacowany czas czytania":"1 minuta"},"schema":{"@context":"https:\/\/schema.org","@graph":[{"@type":"WebPage","@id":"https:\/\/ironsky.pl\/sklep\/produkt\/akumulator-supfire-18650-2300mah-37v\/","url":"https:\/\/ironsky.pl\/sklep\/produkt\/akumulator-supfire-18650-2300mah-37v\/","name":"Akumulator SUPFIRE 18650 2300mAh 3,7V - IRONSKY.PL Sklep z Dronami","isPartOf":{"@id":"https:\/\/ironsky.pl\/sklep\/#website"},"primaryImageOfPage":{"@id":"https:\/\/ironsky.pl\/sklep\/produkt\/akumulator-supfire-18650-2300mah-37v\/#primaryimage"},"image":{"@id":"https:\/\/ironsky.pl\/sklep\/produkt\/akumulator-supfire-18650-2300mah-37v\/#primaryimage"},"thumbnailUrl":"https:\/\/ironsky.pl\/sklep\/wp-content\/uploads\/2026\/04\/23167_1.jpg","datePublished":"2026-04-15T08:10:40+00:00","dateModified":"2026-04-15T08:46:54+00:00","description":"Akumulator SUPFIRE 18650 2300mAh 3,7V - \u2705 sklep z dronami i fachowym doradztwem. \u2705 Tutaj kupisz produkty DJI, Yuneec, Parrot, Syma i wiele innych, a tak\u017ce kursy i licencje na operatora drona.","breadcrumb":{"@id":"https:\/\/ironsky.pl\/sklep\/produkt\/akumulator-supfire-18650-2300mah-37v\/#breadcrumb"},"inLanguage":"pl-PL","potentialAction":[{"@type":"ReadAction","target":["https:\/\/ironsky.pl\/sklep\/produkt\/akumulator-supfire-18650-2300mah-37v\/"]}]},{"@type":"ImageObject","inLanguage":"pl-PL","@id":"https:\/\/ironsky.pl\/sklep\/produkt\/akumulator-supfire-18650-2300mah-37v\/#primaryimage","url":"https:\/\/ironsky.pl\/sklep\/wp-content\/uploads\/2026\/04\/23167_1.jpg","contentUrl":"https:\/\/ironsky.pl\/sklep\/wp-content\/uploads\/2026\/04\/23167_1.jpg","width":800,"height":800},{"@type":"BreadcrumbList","@id":"https:\/\/ironsky.pl\/sklep\/produkt\/akumulator-supfire-18650-2300mah-37v\/#breadcrumb","itemListElement":[{"@type":"ListItem","position":1,"name":"Strona g\u0142\u00f3wna","item":"https:\/\/ironsky.pl\/sklep\/"},{"@type":"ListItem","position":2,"name":"Wszystkie produkty","item":"https:\/\/ironsky.pl\/sklep\/produkty\/"},{"@type":"ListItem","position":3,"name":"Akumulator SUPFIRE 18650 2300mAh 3,7V"}]},{"@type":"WebSite","@id":"https:\/\/ironsky.pl\/sklep\/#website","url":"https:\/\/ironsky.pl\/sklep\/","name":"IRONSKY.PL Sklep z Dronami","description":"IRONSKY.PL Sklep z Dronami","potentialAction":[{"@type":"SearchAction","target":{"@type":"EntryPoint","urlTemplate":"https:\/\/ironsky.pl\/sklep\/?s={search_term_string}"},"query-input":{"@type":"PropertyValueSpecification","valueRequired":true,"valueName":"search_term_string"}}],"inLanguage":"pl-PL"}]}},"_links":{"self":[{"href":"https:\/\/ironsky.pl\/sklep\/wp-json\/wp\/v2\/product\/56029","targetHints":{"allow":["GET"]}}],"collection":[{"href":"https:\/\/ironsky.pl\/sklep\/wp-json\/wp\/v2\/product"}],"about":[{"href":"https:\/\/ironsky.pl\/sklep\/wp-json\/wp\/v2\/types\/product"}],"replies":[{"embeddable":true,"href":"https:\/\/ironsky.pl\/sklep\/wp-json\/wp\/v2\/comments?post=56029"}],"wp:featuredmedia":[{"embeddable":true,"href":"https:\/\/ironsky.pl\/sklep\/wp-json\/wp\/v2\/media\/56030"}],"wp:attachment":[{"href":"https:\/\/ironsky.pl\/sklep\/wp-json\/wp\/v2\/media?parent=56029"}],"wp:term":[{"taxonomy":"product_brand","embeddable":true,"href":"https:\/\/ironsky.pl\/sklep\/wp-json\/wp\/v2\/product_brand?post=56029"},{"taxonomy":"product_cat","embeddable":true,"href":"https:\/\/ironsky.pl\/sklep\/wp-json\/wp\/v2\/product_cat?post=56029"},{"taxonomy":"product_tag","embeddable":true,"href":"https:\/\/ironsky.pl\/sklep\/wp-json\/wp\/v2\/product_tag?post=56029"}],"curies":[{"name":"wp","href":"https:\/\/api.w.org\/{rel}","templated":true}]}}