{"id":56016,"date":"2026-04-15T10:10:12","date_gmt":"2026-04-15T08:10:12","guid":{"rendered":"https:\/\/ironsky.pl\/sklep\/produkt\/ladowarka-skyrc-nc2200-aa-aaa-4-slotowa\/"},"modified":"2026-04-15T10:46:51","modified_gmt":"2026-04-15T08:46:51","slug":"ladowarka-skyrc-nc2200-aa-aaa-4-slotowa","status":"publish","type":"product","link":"https:\/\/ironsky.pl\/sklep\/produkt\/ladowarka-skyrc-nc2200-aa-aaa-4-slotowa\/","title":{"rendered":"\u0141adowarka SKYRC NC2200 AA\/AAA 4-slotowa"},"content":{"rendered":"<h3>\u0141adowarka SkyRC NC2200 AA \/ AAA<\/h3>\n<p>SkyRC NC2200 to \u0142adowarka akumulator\u00f3w AA \/ AAA, kt\u00f3ra pe\u0142ni r\u00f3wnie\u017c szereg r\u00f3\u017cnych innych funkcji. Z jej pomoc\u0105 na\u0142adujesz, roz\u0142adujesz oraz zregenerujesz sw\u00f3j akumulator. Co wi\u0119cej, urz\u0105dzenie potrafi r\u00f3wnie\u017c \u0142\u0105czy\u0107 ogniwa oraz wykonywa\u0107 pomiary rezystancji. \u0141adowarka posiada 4 niezale\u017cne sloty, dzi\u0119ki czemu mo\u017cesz wykonywa\u0107 r\u00f3\u017cne operacje w tym samym czasie.<\/p>\n<p><img decoding=\"async\" src=\"https:\/\/b2b.innpro.pl\/data\/include\/cms\/SkyRC\/NC2200\/2.jpg\"><\/p>\n<h3>Wiele przydatnych funkcji<\/h3>\n<p>\u0141adowarka zosta\u0142a zaprojektowana, by spe\u0142nia\u0107 szereg przydatnych funkcji. Dzi\u0119ki niej na\u0142adujesz akumulator &#8211; r\u00f3wnie\u017c w technologii Turbo Charge. Co wi\u0119cej, mo\u017cesz r\u00f3wnie\u017c go roz\u0142adowa\u0107 czy zregenerowa\u0107, a tryb \u0142\u0105czenia ogniw oraz pomiaru rezystancji da Ci wi\u0119ksze pole manewru przy optymalizacji dzia\u0142ania Twoich \u017ar\u00f3de\u0142 zasilania. Ze SkyRC NC2200 masz wszystko, czego potrzebujesz!<\/p>\n<p><img decoding=\"async\" src=\"https:\/\/b2b.innpro.pl\/data\/include\/cms\/SkyRC\/NC2200\/7.jpg\"><\/p>\n<h3>Wydajny procesor<\/h3>\n<p>Urz\u0105dzenie zosta\u0142o wyposa\u017cone w wydajny procesor Cortex-M3, co zapewnia efektywn\u0105 prac\u0119 przy zmniejszonym zu\u017cyciu energii. Chip oblicza czas do zako\u0144czenia procesu \u0142adowania, optymalizuj\u0105c parametry w czasie rzeczywistym. Co wi\u0119cej, NC2200 korzysta z ochrony obwodu, zabezpieczaj\u0105c akumulatory przed uszkodzeniem.<\/p>\n<p><img decoding=\"async\" src=\"https:\/\/b2b.innpro.pl\/data\/include\/cms\/SkyRC\/NC2200\/9.jpg\"><\/p>\n<h3>4 niezale\u017cne sloty<\/h3>\n<p>Urz\u0105dzenie posiada 4 niezale\u017cnie sloty na akumulator AA \/ AAA. Oznacza to, \u017ce mo\u017cesz wykonywa\u0107 na nich r\u00f3\u017cne operacje w tym samym czasie. Co wi\u0119cej, interfejs wyposa\u017cono w diody, kt\u00f3ry poinformuj\u0105 Ci\u0119 o statusie procesu \u0142adowanie. Kolor czerwony oznacza, \u017ce uzupe\u0142nianie energii jest w toku, a zielony informuje o zako\u0144czeniu cyklu.<\/p>\n<p><img decoding=\"async\" src=\"https:\/\/b2b.innpro.pl\/data\/include\/cms\/SkyRC\/NC2200\/8.jpg\"><\/p>\n<h3>Wysokiej klasy wy\u015bwietlacz<\/h3>\n<p>Wszystkie kluczowe informacje o pracy urz\u0105dzenia zobaczysz na przejrzystym ekranie z matryc\u0105 VA. Bia\u0142a barwa wy\u015bwietlanych komunikat\u00f3w stoi w idealnym kontra\u015bcie do g\u0142\u0119bokiej czerni t\u0142a, co sprawia, \u017ce interfejs jest przejrzysty i czytelny. Postaw na jako\u015b\u0107, nie rezygnuj\u0105c z wygody u\u017cytkowania!<\/p>\n<p><img decoding=\"async\" src=\"https:\/\/b2b.innpro.pl\/data\/include\/cms\/SkyRC\/NC2200\/10.jpg\"><\/p>\n<h3>Dedykowana aplikacja<\/h3>\n<p>Chcesz uzyska\u0107 wi\u0119cej informacji na temat stanu akumulatora oraz pracy samej \u0142adowarki? Pobierz aplikacj\u0119 SkyCharger na swojego smartfona i po\u0142\u0105cz urz\u0105dzenia za pomoc\u0105 modu\u0142u Bluetooth. Przeanalizuj kondycj\u0119 akumulatora, by dowiedzie\u0107 si\u0119 nieco wi\u0119cej na temat wydajno\u015bci jego pracy. Ze SkyRC zyskasz wiedz\u0119, kt\u00f3ra pozwoli Ci pozwoli Ci uczyni\u0107 Twoje \u017cycie \u0142atwiejszym!<\/p>\n<p><img decoding=\"async\" src=\"https:\/\/b2b.innpro.pl\/data\/include\/cms\/SkyRC\/NC2200\/1.jpg\"><\/p>\n<h3>Zestaw zawiera<\/h3>\n<ul>\n<li>\u0141adowark\u0119<\/li>\n<li>Zasilacz<\/li>\n<li>Instrukcj\u0119 obs\u0142ugi<\/li>\n<\/ul>\n<div class=\"table-wrapper\">\n<table>\n<tbody>\n<tr>\n<th>Producent<\/th>\n<td>SkyRC<\/td>\n<\/tr>\n<tr>\n<th>Model<\/th>\n<td>NC2200<\/td>\n<\/tr>\n<tr>\n<th>Obs\u0142ugiwany typ akumulatora<\/th>\n<td>NiMH \/ NiCD<\/td>\n<\/tr>\n<tr>\n<th>Obs\u0142ugiwany rozmiar akumulatora<\/th>\n<td>AA \/ AAA<\/td>\n<\/tr>\n<tr>\n<th>Pr\u0105d \u0142adowania<\/th>\n<td>0.2 &#8211; 2.2 A<\/td>\n<\/tr>\n<tr>\n<th>Pr\u0105d roz\u0142adowania<\/th>\n<td>0.1 &#8211; 1.0 A<\/td>\n<\/tr>\n<tr>\n<th>Waga<\/th>\n<td>370 g<\/td>\n<\/tr>\n<tr>\n<th>Wymiary<\/th>\n<td>112.1 x 108 x 62 mm<\/td>\n<\/tr>\n<tr>\n<th>Obs\u0142ugiwane pojemno\u015bci<\/th>\n<td>500 &#8211; 3200 mAh<\/td>\n<\/tr>\n<tr>\n<th>Zasilanie<\/th>\n<td>DC 12 V \/ 2.0 A<\/td>\n<\/tr>\n<\/tbody>\n<\/table>\n<\/div>\n","protected":false},"excerpt":{"rendered":"<p>\u0141adowarka SkyRC NC2200 AA \/ AAA SkyRC NC2200 to \u0142adowarka akumulator\u00f3w AA \/ AAA, kt\u00f3ra pe\u0142ni r\u00f3wnie\u017c szereg r\u00f3\u017cnych innych<\/p>\n","protected":false},"featured_media":56017,"comment_status":"closed","ping_status":"open","template":"","meta":{"_acf_changed":false},"product_brand":[],"product_cat":[1173,1174,1169],"product_tag":[],"class_list":{"0":"post-56016","1":"product","2":"type-product","3":"status-publish","4":"has-post-thumbnail","6":"product_cat-ladowanie","7":"product_cat-ladowarki","8":"product_cat-modele-rc","9":"pa_okres-gwarancji-5754","10":"pa_producent-skyrc","12":"first","13":"outofstock","14":"taxable","15":"shipping-taxable","16":"purchasable","17":"product-type-simple"},"acf":[],"yoast_head":"<!-- This site is optimized with the Yoast SEO plugin v27.2 - https:\/\/yoast.com\/product\/yoast-seo-wordpress\/ -->\n<title>\u0141adowarka SKYRC NC2200 AA\/AAA 4-slotowa - IRONSKY.PL Sklep z Dronami<\/title>\n<meta name=\"description\" content=\"\u0141adowarka SKYRC NC2200 AA\/AAA 4-slotowa - \u2705 sklep z dronami i fachowym doradztwem. \u2705 Tutaj kupisz produkty DJI, Yuneec, Parrot, Syma i wiele innych, a tak\u017ce kursy i licencje na operatora drona.\" \/>\n<meta name=\"robots\" content=\"index, follow, max-snippet:-1, max-image-preview:large, max-video-preview:-1\" \/>\n<link rel=\"canonical\" href=\"https:\/\/ironsky.pl\/sklep\/produkt\/ladowarka-skyrc-nc2200-aa-aaa-4-slotowa\/\" \/>\n<meta property=\"og:locale\" content=\"pl_PL\" \/>\n<meta property=\"og:type\" content=\"article\" \/>\n<meta property=\"og:title\" content=\"\u0141adowarka SKYRC NC2200 AA\/AAA 4-slotowa - IRONSKY.PL Sklep z Dronami\" \/>\n<meta property=\"og:description\" content=\"\u0141adowarka SKYRC NC2200 AA\/AAA 4-slotowa - \u2705 sklep z dronami i fachowym doradztwem. \u2705 Tutaj kupisz produkty DJI, Yuneec, Parrot, Syma i wiele innych, a tak\u017ce kursy i licencje na operatora drona.\" \/>\n<meta property=\"og:url\" content=\"https:\/\/ironsky.pl\/sklep\/produkt\/ladowarka-skyrc-nc2200-aa-aaa-4-slotowa\/\" \/>\n<meta property=\"og:site_name\" content=\"IRONSKY.PL Sklep z Dronami\" \/>\n<meta property=\"article:modified_time\" content=\"2026-04-15T08:46:51+00:00\" \/>\n<meta property=\"og:image\" content=\"https:\/\/ironsky.pl\/sklep\/wp-content\/uploads\/2026\/04\/22858_3.jpg\" \/>\n\t<meta property=\"og:image:width\" content=\"800\" \/>\n\t<meta property=\"og:image:height\" content=\"800\" \/>\n\t<meta property=\"og:image:type\" content=\"image\/jpeg\" \/>\n<meta name=\"twitter:card\" content=\"summary_large_image\" \/>\n<meta name=\"twitter:label1\" content=\"Szacowany czas czytania\" \/>\n\t<meta name=\"twitter:data1\" content=\"2 minuty\" \/>\n<script type=\"application\/ld+json\" class=\"yoast-schema-graph\">{\"@context\":\"https:\/\/schema.org\",\"@graph\":[{\"@type\":\"WebPage\",\"@id\":\"https:\/\/ironsky.pl\/sklep\/produkt\/ladowarka-skyrc-nc2200-aa-aaa-4-slotowa\/\",\"url\":\"https:\/\/ironsky.pl\/sklep\/produkt\/ladowarka-skyrc-nc2200-aa-aaa-4-slotowa\/\",\"name\":\"\u0141adowarka SKYRC NC2200 AA\/AAA 4-slotowa - IRONSKY.PL Sklep z Dronami\",\"isPartOf\":{\"@id\":\"https:\/\/ironsky.pl\/sklep\/#website\"},\"primaryImageOfPage\":{\"@id\":\"https:\/\/ironsky.pl\/sklep\/produkt\/ladowarka-skyrc-nc2200-aa-aaa-4-slotowa\/#primaryimage\"},\"image\":{\"@id\":\"https:\/\/ironsky.pl\/sklep\/produkt\/ladowarka-skyrc-nc2200-aa-aaa-4-slotowa\/#primaryimage\"},\"thumbnailUrl\":\"https:\/\/ironsky.pl\/sklep\/wp-content\/uploads\/2026\/04\/22858_3.jpg\",\"datePublished\":\"2026-04-15T08:10:12+00:00\",\"dateModified\":\"2026-04-15T08:46:51+00:00\",\"description\":\"\u0141adowarka SKYRC NC2200 AA\/AAA 4-slotowa - \u2705 sklep z dronami i fachowym doradztwem. \u2705 Tutaj kupisz produkty DJI, Yuneec, Parrot, Syma i wiele innych, a tak\u017ce kursy i licencje na operatora drona.\",\"breadcrumb\":{\"@id\":\"https:\/\/ironsky.pl\/sklep\/produkt\/ladowarka-skyrc-nc2200-aa-aaa-4-slotowa\/#breadcrumb\"},\"inLanguage\":\"pl-PL\",\"potentialAction\":[{\"@type\":\"ReadAction\",\"target\":[\"https:\/\/ironsky.pl\/sklep\/produkt\/ladowarka-skyrc-nc2200-aa-aaa-4-slotowa\/\"]}]},{\"@type\":\"ImageObject\",\"inLanguage\":\"pl-PL\",\"@id\":\"https:\/\/ironsky.pl\/sklep\/produkt\/ladowarka-skyrc-nc2200-aa-aaa-4-slotowa\/#primaryimage\",\"url\":\"https:\/\/ironsky.pl\/sklep\/wp-content\/uploads\/2026\/04\/22858_3.jpg\",\"contentUrl\":\"https:\/\/ironsky.pl\/sklep\/wp-content\/uploads\/2026\/04\/22858_3.jpg\",\"width\":800,\"height\":800},{\"@type\":\"BreadcrumbList\",\"@id\":\"https:\/\/ironsky.pl\/sklep\/produkt\/ladowarka-skyrc-nc2200-aa-aaa-4-slotowa\/#breadcrumb\",\"itemListElement\":[{\"@type\":\"ListItem\",\"position\":1,\"name\":\"Strona g\u0142\u00f3wna\",\"item\":\"https:\/\/ironsky.pl\/sklep\/\"},{\"@type\":\"ListItem\",\"position\":2,\"name\":\"Wszystkie produkty\",\"item\":\"https:\/\/ironsky.pl\/sklep\/produkty\/\"},{\"@type\":\"ListItem\",\"position\":3,\"name\":\"\u0141adowarka SKYRC NC2200 AA\/AAA 4-slotowa\"}]},{\"@type\":\"WebSite\",\"@id\":\"https:\/\/ironsky.pl\/sklep\/#website\",\"url\":\"https:\/\/ironsky.pl\/sklep\/\",\"name\":\"IRONSKY.PL Sklep z Dronami\",\"description\":\"IRONSKY.PL Sklep z Dronami\",\"potentialAction\":[{\"@type\":\"SearchAction\",\"target\":{\"@type\":\"EntryPoint\",\"urlTemplate\":\"https:\/\/ironsky.pl\/sklep\/?s={search_term_string}\"},\"query-input\":{\"@type\":\"PropertyValueSpecification\",\"valueRequired\":true,\"valueName\":\"search_term_string\"}}],\"inLanguage\":\"pl-PL\"}]}<\/script>\n<!-- \/ Yoast SEO plugin. -->","yoast_head_json":{"title":"\u0141adowarka SKYRC NC2200 AA\/AAA 4-slotowa - IRONSKY.PL Sklep z Dronami","description":"\u0141adowarka SKYRC NC2200 AA\/AAA 4-slotowa - \u2705 sklep z dronami i fachowym doradztwem. \u2705 Tutaj kupisz produkty DJI, Yuneec, Parrot, Syma i wiele innych, a tak\u017ce kursy i licencje na operatora drona.","robots":{"index":"index","follow":"follow","max-snippet":"max-snippet:-1","max-image-preview":"max-image-preview:large","max-video-preview":"max-video-preview:-1"},"canonical":"https:\/\/ironsky.pl\/sklep\/produkt\/ladowarka-skyrc-nc2200-aa-aaa-4-slotowa\/","og_locale":"pl_PL","og_type":"article","og_title":"\u0141adowarka SKYRC NC2200 AA\/AAA 4-slotowa - IRONSKY.PL Sklep z Dronami","og_description":"\u0141adowarka SKYRC NC2200 AA\/AAA 4-slotowa - \u2705 sklep z dronami i fachowym doradztwem. \u2705 Tutaj kupisz produkty DJI, Yuneec, Parrot, Syma i wiele innych, a tak\u017ce kursy i licencje na operatora drona.","og_url":"https:\/\/ironsky.pl\/sklep\/produkt\/ladowarka-skyrc-nc2200-aa-aaa-4-slotowa\/","og_site_name":"IRONSKY.PL Sklep z Dronami","article_modified_time":"2026-04-15T08:46:51+00:00","og_image":[{"width":800,"height":800,"url":"https:\/\/ironsky.pl\/sklep\/wp-content\/uploads\/2026\/04\/22858_3.jpg","type":"image\/jpeg"}],"twitter_card":"summary_large_image","twitter_misc":{"Szacowany czas czytania":"2 minuty"},"schema":{"@context":"https:\/\/schema.org","@graph":[{"@type":"WebPage","@id":"https:\/\/ironsky.pl\/sklep\/produkt\/ladowarka-skyrc-nc2200-aa-aaa-4-slotowa\/","url":"https:\/\/ironsky.pl\/sklep\/produkt\/ladowarka-skyrc-nc2200-aa-aaa-4-slotowa\/","name":"\u0141adowarka SKYRC NC2200 AA\/AAA 4-slotowa - IRONSKY.PL Sklep z Dronami","isPartOf":{"@id":"https:\/\/ironsky.pl\/sklep\/#website"},"primaryImageOfPage":{"@id":"https:\/\/ironsky.pl\/sklep\/produkt\/ladowarka-skyrc-nc2200-aa-aaa-4-slotowa\/#primaryimage"},"image":{"@id":"https:\/\/ironsky.pl\/sklep\/produkt\/ladowarka-skyrc-nc2200-aa-aaa-4-slotowa\/#primaryimage"},"thumbnailUrl":"https:\/\/ironsky.pl\/sklep\/wp-content\/uploads\/2026\/04\/22858_3.jpg","datePublished":"2026-04-15T08:10:12+00:00","dateModified":"2026-04-15T08:46:51+00:00","description":"\u0141adowarka SKYRC NC2200 AA\/AAA 4-slotowa - \u2705 sklep z dronami i fachowym doradztwem. \u2705 Tutaj kupisz produkty DJI, Yuneec, Parrot, Syma i wiele innych, a tak\u017ce kursy i licencje na operatora drona.","breadcrumb":{"@id":"https:\/\/ironsky.pl\/sklep\/produkt\/ladowarka-skyrc-nc2200-aa-aaa-4-slotowa\/#breadcrumb"},"inLanguage":"pl-PL","potentialAction":[{"@type":"ReadAction","target":["https:\/\/ironsky.pl\/sklep\/produkt\/ladowarka-skyrc-nc2200-aa-aaa-4-slotowa\/"]}]},{"@type":"ImageObject","inLanguage":"pl-PL","@id":"https:\/\/ironsky.pl\/sklep\/produkt\/ladowarka-skyrc-nc2200-aa-aaa-4-slotowa\/#primaryimage","url":"https:\/\/ironsky.pl\/sklep\/wp-content\/uploads\/2026\/04\/22858_3.jpg","contentUrl":"https:\/\/ironsky.pl\/sklep\/wp-content\/uploads\/2026\/04\/22858_3.jpg","width":800,"height":800},{"@type":"BreadcrumbList","@id":"https:\/\/ironsky.pl\/sklep\/produkt\/ladowarka-skyrc-nc2200-aa-aaa-4-slotowa\/#breadcrumb","itemListElement":[{"@type":"ListItem","position":1,"name":"Strona g\u0142\u00f3wna","item":"https:\/\/ironsky.pl\/sklep\/"},{"@type":"ListItem","position":2,"name":"Wszystkie produkty","item":"https:\/\/ironsky.pl\/sklep\/produkty\/"},{"@type":"ListItem","position":3,"name":"\u0141adowarka SKYRC NC2200 AA\/AAA 4-slotowa"}]},{"@type":"WebSite","@id":"https:\/\/ironsky.pl\/sklep\/#website","url":"https:\/\/ironsky.pl\/sklep\/","name":"IRONSKY.PL Sklep z Dronami","description":"IRONSKY.PL Sklep z Dronami","potentialAction":[{"@type":"SearchAction","target":{"@type":"EntryPoint","urlTemplate":"https:\/\/ironsky.pl\/sklep\/?s={search_term_string}"},"query-input":{"@type":"PropertyValueSpecification","valueRequired":true,"valueName":"search_term_string"}}],"inLanguage":"pl-PL"}]}},"_links":{"self":[{"href":"https:\/\/ironsky.pl\/sklep\/wp-json\/wp\/v2\/product\/56016","targetHints":{"allow":["GET"]}}],"collection":[{"href":"https:\/\/ironsky.pl\/sklep\/wp-json\/wp\/v2\/product"}],"about":[{"href":"https:\/\/ironsky.pl\/sklep\/wp-json\/wp\/v2\/types\/product"}],"replies":[{"embeddable":true,"href":"https:\/\/ironsky.pl\/sklep\/wp-json\/wp\/v2\/comments?post=56016"}],"wp:featuredmedia":[{"embeddable":true,"href":"https:\/\/ironsky.pl\/sklep\/wp-json\/wp\/v2\/media\/56017"}],"wp:attachment":[{"href":"https:\/\/ironsky.pl\/sklep\/wp-json\/wp\/v2\/media?parent=56016"}],"wp:term":[{"taxonomy":"product_brand","embeddable":true,"href":"https:\/\/ironsky.pl\/sklep\/wp-json\/wp\/v2\/product_brand?post=56016"},{"taxonomy":"product_cat","embeddable":true,"href":"https:\/\/ironsky.pl\/sklep\/wp-json\/wp\/v2\/product_cat?post=56016"},{"taxonomy":"product_tag","embeddable":true,"href":"https:\/\/ironsky.pl\/sklep\/wp-json\/wp\/v2\/product_tag?post=56016"}],"curies":[{"name":"wp","href":"https:\/\/api.w.org\/{rel}","templated":true}]}}