{"id":55997,"date":"2026-04-15T10:10:12","date_gmt":"2026-04-15T08:10:12","guid":{"rendered":"https:\/\/ironsky.pl\/sklep\/produkt\/zestaw-filtrow-pgytech-nd-pl-8-16-32-64-do-mavic-3-cine\/"},"modified":"2026-04-15T10:46:47","modified_gmt":"2026-04-15T08:46:47","slug":"zestaw-filtrow-pgytech-nd-pl-8-16-32-64-do-mavic-3-cine","status":"publish","type":"product","link":"https:\/\/ironsky.pl\/sklep\/produkt\/zestaw-filtrow-pgytech-nd-pl-8-16-32-64-do-mavic-3-cine\/","title":{"rendered":"Zestaw filtr\u00f3w PGYTECH ND-PL 8\/16\/32\/64 do Mavic 3\/Cine"},"content":{"rendered":"<h3>Zestaw 4 filtr\u00f3w PGYTECH ND-PL 8\/16\/32\/64 do DJI Mavic 3 \/ Mavic 3 CINE (P-26A-034)<\/h3>\n<p>Filtry te s\u0105 niezb\u0119dn\u0105 rzecz\u0105, kt\u00f3ra usprawni korzystanie z Twojego drona i nada obrazom niebanalny wygl\u0105d. Je\u015bli nie jeste\u015b jeszcze przekonany, powiniene\u015b wiedzie\u0107, \u017ce filtr zwi\u0119ksza nasycenie kolor\u00f3w i przejrzysto\u015b\u0107 obrazu, zapobiega przedostawaniu si\u0119 \u015bwiat\u0142a UV, jest dost\u0119pny w wersjach 2-5 lub 6-9 stopni. Dodatkowo filtr jest wytrzyma\u0142y, ale te\u017c lekki jednocze\u015bnie jako materia\u0142 bazowy filtr wykorzystuje profesjonalne szk\u0142o, a swoj\u0105 odporno\u015b\u0107 zawdzi\u0119cza wielowarstwowej pow\u0142oce, kt\u00f3ra redukuje odbicia.<\/p>\n<p><img decoding=\"async\" src=\"https:\/\/b2b.innpro.pl\/data\/include\/cms\/06PGY\/P-26A-033-034-035\/2.jpg\"><\/p>\n<h3>Lekki i wytrzyma\u0142y<\/h3>\n<p>Filtr jest wytrzyma\u0142y, ale te\u017c lekki jednocze\u015bnie. Swoj\u0105 lekko\u015b\u0107 zawdzi\u0119cza ramie wykonanej z aluminium CNC. Co istotne, jest odporny na korozje i starannie zaprojektowany. To przek\u0142ada si\u0119 na to, \u017ce nie wp\u0142ywa na r\u00f3wnowag\u0119 Twojego drona.<\/p>\n<p><img decoding=\"async\" src=\"https:\/\/b2b.innpro.pl\/data\/include\/cms\/06PGY\/P-26A-033-034-035\/8.jpg\"><\/p>\n<h3>Szk\u0142o optyczne zadba o wysok\u0105 rozdzielczo\u015b\u0107 obraz\u00f3w<\/h3>\n<p>Jako materia\u0142 bazowy filtr wykorzystuje profesjonalne szk\u0142o. Zosta\u0142o ono wielokrotnie szlifowane i polerowane, aby uzyska\u0107 niski wsp\u00f3\u0142czynnik za\u0142amania a \u015bwiat\u0142a. Efektem tego jest wierne odwzorowanie kolor\u00f3w.<\/p>\n<p><img decoding=\"async\" src=\"https:\/\/b2b.innpro.pl\/data\/include\/cms\/06PGY\/P-26A-033-034-035\/6.jpg\"><\/p>\n<h3>Odporno\u015b\u0107<\/h3>\n<p>Filtr swoj\u0105 odporno\u015b\u0107 zawdzi\u0119cza wielowarstwowej pow\u0142oce, kt\u00f3ra odpycha wod\u0119 i olej. To sprawia, \u017ce zachowanie go w czysto\u015bci jest niezwykle \u0142atwe. Pow\u0142oka filtra jest r\u00f3wnie\u017c twarda, a to gwarantuje odporno\u015b\u0107 na zarysowania.<\/p>\n<p><img decoding=\"async\" src=\"https:\/\/b2b.innpro.pl\/data\/include\/cms\/06PGY\/P-26A-033-034-035\/1.jpg\"><\/p>\n<h3>Redukcja odbi\u0107<\/h3>\n<p>Pow\u0142oka redukuj\u0105ca odbicia, kt\u00f3r\u0105 zawiera filtr, nie wp\u0142ywa na zmian\u0119 dok\u0142adno\u015bci i r\u00f3wnowagi kolor\u00f3w. Dzi\u0119ki temu mo\u017cesz by\u0107 pewien, \u017ce to, co widzisz, b\u0119dzie precyzyjnie oddane w obrazie.<\/p>\n<p><img decoding=\"async\" src=\"https:\/\/b2b.innpro.pl\/data\/include\/cms\/06PGY\/P-26A-033-034-035\/6.jpg\"><\/p>\n<div class=\"table-wrapper\">\n<table>\n<tbody>\n<tr>\n<th>Marka<\/th>\n<td>PGYTECH<\/td>\n<\/tr>\n<tr>\n<th>Model<\/th>\n<td>P-26A-034<\/td>\n<\/tr>\n<tr>\n<th>Materia\u0142<\/th>\n<td>aluminim, szk\u0142o optyczne<\/td>\n<\/tr>\n<tr>\n<th>Waga<\/th>\n<td>\u00a05.7g*4<\/td>\n<\/tr>\n<tr>\n<th>Rozmiar<\/th>\n<td>\u03c637.24mm*4.9mm<\/td>\n<\/tr>\n<tr>\n<th>\n<p>Kompatybilno\u015b\u0107<\/p>\n<\/th>\n<td>\n<p>DJI Mavic 3<\/p>\n<p>DJI Mavic 3 CINE<\/p>\n<\/td>\n<\/tr>\n<\/tbody>\n<\/table>\n<\/div>\n","protected":false},"excerpt":{"rendered":"<p>Zestaw 4 filtr\u00f3w PGYTECH ND-PL 8\/16\/32\/64 do DJI Mavic 3 \/ Mavic 3 CINE (P-26A-034) Filtry te s\u0105 niezb\u0119dn\u0105 rzecz\u0105,<\/p>\n","protected":false},"featured_media":55998,"comment_status":"closed","ping_status":"open","template":"","meta":{"_acf_changed":false},"product_brand":[],"product_cat":[6167,1088,6200],"product_tag":[],"class_list":{"0":"post-55997","1":"product","2":"type-product","3":"status-publish","4":"has-post-thumbnail","6":"product_cat-akcesoria-do-dronow","7":"product_cat-drony","8":"product_cat-filtry-do-dronow-akcesoria-do-dronow","9":"pa_okres-gwarancji-5754","10":"pa_producent-pgytech","12":"first","13":"instock","14":"taxable","15":"shipping-taxable","16":"purchasable","17":"product-type-simple"},"acf":[],"yoast_head":"<!-- This site is optimized with the Yoast SEO plugin v27.2 - https:\/\/yoast.com\/product\/yoast-seo-wordpress\/ -->\n<title>Zestaw filtr\u00f3w PGYTECH ND-PL 8\/16\/32\/64 do Mavic 3\/Cine - IRONSKY.PL Sklep z Dronami<\/title>\n<meta name=\"description\" content=\"Zestaw filtr\u00f3w PGYTECH ND-PL 8\/16\/32\/64 do Mavic 3\/Cine - \u2705 sklep z dronami i fachowym doradztwem. \u2705 Tutaj kupisz produkty DJI, Yuneec, Parrot, Syma i wiele innych, a tak\u017ce kursy i licencje na operatora drona.\" \/>\n<meta name=\"robots\" content=\"index, follow, max-snippet:-1, max-image-preview:large, max-video-preview:-1\" \/>\n<link rel=\"canonical\" href=\"https:\/\/ironsky.pl\/sklep\/produkt\/zestaw-filtrow-pgytech-nd-pl-8-16-32-64-do-mavic-3-cine\/\" \/>\n<meta property=\"og:locale\" content=\"pl_PL\" \/>\n<meta property=\"og:type\" content=\"article\" \/>\n<meta property=\"og:title\" content=\"Zestaw filtr\u00f3w PGYTECH ND-PL 8\/16\/32\/64 do Mavic 3\/Cine - IRONSKY.PL Sklep z Dronami\" \/>\n<meta property=\"og:description\" content=\"Zestaw filtr\u00f3w PGYTECH ND-PL 8\/16\/32\/64 do Mavic 3\/Cine - \u2705 sklep z dronami i fachowym doradztwem. \u2705 Tutaj kupisz produkty DJI, Yuneec, Parrot, Syma i wiele innych, a tak\u017ce kursy i licencje na operatora drona.\" \/>\n<meta property=\"og:url\" content=\"https:\/\/ironsky.pl\/sklep\/produkt\/zestaw-filtrow-pgytech-nd-pl-8-16-32-64-do-mavic-3-cine\/\" \/>\n<meta property=\"og:site_name\" content=\"IRONSKY.PL Sklep z Dronami\" \/>\n<meta property=\"article:modified_time\" content=\"2026-04-15T08:46:47+00:00\" \/>\n<meta property=\"og:image\" content=\"https:\/\/ironsky.pl\/sklep\/wp-content\/uploads\/2026\/04\/22765_1.jpg\" \/>\n\t<meta property=\"og:image:width\" content=\"800\" \/>\n\t<meta property=\"og:image:height\" content=\"800\" \/>\n\t<meta property=\"og:image:type\" content=\"image\/jpeg\" \/>\n<meta name=\"twitter:card\" content=\"summary_large_image\" \/>\n<meta name=\"twitter:label1\" content=\"Szacowany czas czytania\" \/>\n\t<meta name=\"twitter:data1\" content=\"1 minuta\" \/>\n<script type=\"application\/ld+json\" class=\"yoast-schema-graph\">{\"@context\":\"https:\/\/schema.org\",\"@graph\":[{\"@type\":\"WebPage\",\"@id\":\"https:\/\/ironsky.pl\/sklep\/produkt\/zestaw-filtrow-pgytech-nd-pl-8-16-32-64-do-mavic-3-cine\/\",\"url\":\"https:\/\/ironsky.pl\/sklep\/produkt\/zestaw-filtrow-pgytech-nd-pl-8-16-32-64-do-mavic-3-cine\/\",\"name\":\"Zestaw filtr\u00f3w PGYTECH ND-PL 8\/16\/32\/64 do Mavic 3\/Cine - IRONSKY.PL Sklep z Dronami\",\"isPartOf\":{\"@id\":\"https:\/\/ironsky.pl\/sklep\/#website\"},\"primaryImageOfPage\":{\"@id\":\"https:\/\/ironsky.pl\/sklep\/produkt\/zestaw-filtrow-pgytech-nd-pl-8-16-32-64-do-mavic-3-cine\/#primaryimage\"},\"image\":{\"@id\":\"https:\/\/ironsky.pl\/sklep\/produkt\/zestaw-filtrow-pgytech-nd-pl-8-16-32-64-do-mavic-3-cine\/#primaryimage\"},\"thumbnailUrl\":\"https:\/\/ironsky.pl\/sklep\/wp-content\/uploads\/2026\/04\/22765_1.jpg\",\"datePublished\":\"2026-04-15T08:10:12+00:00\",\"dateModified\":\"2026-04-15T08:46:47+00:00\",\"description\":\"Zestaw filtr\u00f3w PGYTECH ND-PL 8\/16\/32\/64 do Mavic 3\/Cine - \u2705 sklep z dronami i fachowym doradztwem. \u2705 Tutaj kupisz produkty DJI, Yuneec, Parrot, Syma i wiele innych, a tak\u017ce kursy i licencje na operatora drona.\",\"breadcrumb\":{\"@id\":\"https:\/\/ironsky.pl\/sklep\/produkt\/zestaw-filtrow-pgytech-nd-pl-8-16-32-64-do-mavic-3-cine\/#breadcrumb\"},\"inLanguage\":\"pl-PL\",\"potentialAction\":[{\"@type\":\"ReadAction\",\"target\":[\"https:\/\/ironsky.pl\/sklep\/produkt\/zestaw-filtrow-pgytech-nd-pl-8-16-32-64-do-mavic-3-cine\/\"]}]},{\"@type\":\"ImageObject\",\"inLanguage\":\"pl-PL\",\"@id\":\"https:\/\/ironsky.pl\/sklep\/produkt\/zestaw-filtrow-pgytech-nd-pl-8-16-32-64-do-mavic-3-cine\/#primaryimage\",\"url\":\"https:\/\/ironsky.pl\/sklep\/wp-content\/uploads\/2026\/04\/22765_1.jpg\",\"contentUrl\":\"https:\/\/ironsky.pl\/sklep\/wp-content\/uploads\/2026\/04\/22765_1.jpg\",\"width\":800,\"height\":800},{\"@type\":\"BreadcrumbList\",\"@id\":\"https:\/\/ironsky.pl\/sklep\/produkt\/zestaw-filtrow-pgytech-nd-pl-8-16-32-64-do-mavic-3-cine\/#breadcrumb\",\"itemListElement\":[{\"@type\":\"ListItem\",\"position\":1,\"name\":\"Strona g\u0142\u00f3wna\",\"item\":\"https:\/\/ironsky.pl\/sklep\/\"},{\"@type\":\"ListItem\",\"position\":2,\"name\":\"Wszystkie produkty\",\"item\":\"https:\/\/ironsky.pl\/sklep\/produkty\/\"},{\"@type\":\"ListItem\",\"position\":3,\"name\":\"Zestaw filtr\u00f3w PGYTECH ND-PL 8\/16\/32\/64 do Mavic 3\/Cine\"}]},{\"@type\":\"WebSite\",\"@id\":\"https:\/\/ironsky.pl\/sklep\/#website\",\"url\":\"https:\/\/ironsky.pl\/sklep\/\",\"name\":\"IRONSKY.PL Sklep z Dronami\",\"description\":\"IRONSKY.PL Sklep z Dronami\",\"potentialAction\":[{\"@type\":\"SearchAction\",\"target\":{\"@type\":\"EntryPoint\",\"urlTemplate\":\"https:\/\/ironsky.pl\/sklep\/?s={search_term_string}\"},\"query-input\":{\"@type\":\"PropertyValueSpecification\",\"valueRequired\":true,\"valueName\":\"search_term_string\"}}],\"inLanguage\":\"pl-PL\"}]}<\/script>\n<!-- \/ Yoast SEO plugin. -->","yoast_head_json":{"title":"Zestaw filtr\u00f3w PGYTECH ND-PL 8\/16\/32\/64 do Mavic 3\/Cine - IRONSKY.PL Sklep z Dronami","description":"Zestaw filtr\u00f3w PGYTECH ND-PL 8\/16\/32\/64 do Mavic 3\/Cine - \u2705 sklep z dronami i fachowym doradztwem. \u2705 Tutaj kupisz produkty DJI, Yuneec, Parrot, Syma i wiele innych, a tak\u017ce kursy i licencje na operatora drona.","robots":{"index":"index","follow":"follow","max-snippet":"max-snippet:-1","max-image-preview":"max-image-preview:large","max-video-preview":"max-video-preview:-1"},"canonical":"https:\/\/ironsky.pl\/sklep\/produkt\/zestaw-filtrow-pgytech-nd-pl-8-16-32-64-do-mavic-3-cine\/","og_locale":"pl_PL","og_type":"article","og_title":"Zestaw filtr\u00f3w PGYTECH ND-PL 8\/16\/32\/64 do Mavic 3\/Cine - IRONSKY.PL Sklep z Dronami","og_description":"Zestaw filtr\u00f3w PGYTECH ND-PL 8\/16\/32\/64 do Mavic 3\/Cine - \u2705 sklep z dronami i fachowym doradztwem. \u2705 Tutaj kupisz produkty DJI, Yuneec, Parrot, Syma i wiele innych, a tak\u017ce kursy i licencje na operatora drona.","og_url":"https:\/\/ironsky.pl\/sklep\/produkt\/zestaw-filtrow-pgytech-nd-pl-8-16-32-64-do-mavic-3-cine\/","og_site_name":"IRONSKY.PL Sklep z Dronami","article_modified_time":"2026-04-15T08:46:47+00:00","og_image":[{"width":800,"height":800,"url":"https:\/\/ironsky.pl\/sklep\/wp-content\/uploads\/2026\/04\/22765_1.jpg","type":"image\/jpeg"}],"twitter_card":"summary_large_image","twitter_misc":{"Szacowany czas czytania":"1 minuta"},"schema":{"@context":"https:\/\/schema.org","@graph":[{"@type":"WebPage","@id":"https:\/\/ironsky.pl\/sklep\/produkt\/zestaw-filtrow-pgytech-nd-pl-8-16-32-64-do-mavic-3-cine\/","url":"https:\/\/ironsky.pl\/sklep\/produkt\/zestaw-filtrow-pgytech-nd-pl-8-16-32-64-do-mavic-3-cine\/","name":"Zestaw filtr\u00f3w PGYTECH ND-PL 8\/16\/32\/64 do Mavic 3\/Cine - IRONSKY.PL Sklep z Dronami","isPartOf":{"@id":"https:\/\/ironsky.pl\/sklep\/#website"},"primaryImageOfPage":{"@id":"https:\/\/ironsky.pl\/sklep\/produkt\/zestaw-filtrow-pgytech-nd-pl-8-16-32-64-do-mavic-3-cine\/#primaryimage"},"image":{"@id":"https:\/\/ironsky.pl\/sklep\/produkt\/zestaw-filtrow-pgytech-nd-pl-8-16-32-64-do-mavic-3-cine\/#primaryimage"},"thumbnailUrl":"https:\/\/ironsky.pl\/sklep\/wp-content\/uploads\/2026\/04\/22765_1.jpg","datePublished":"2026-04-15T08:10:12+00:00","dateModified":"2026-04-15T08:46:47+00:00","description":"Zestaw filtr\u00f3w PGYTECH ND-PL 8\/16\/32\/64 do Mavic 3\/Cine - \u2705 sklep z dronami i fachowym doradztwem. \u2705 Tutaj kupisz produkty DJI, Yuneec, Parrot, Syma i wiele innych, a tak\u017ce kursy i licencje na operatora drona.","breadcrumb":{"@id":"https:\/\/ironsky.pl\/sklep\/produkt\/zestaw-filtrow-pgytech-nd-pl-8-16-32-64-do-mavic-3-cine\/#breadcrumb"},"inLanguage":"pl-PL","potentialAction":[{"@type":"ReadAction","target":["https:\/\/ironsky.pl\/sklep\/produkt\/zestaw-filtrow-pgytech-nd-pl-8-16-32-64-do-mavic-3-cine\/"]}]},{"@type":"ImageObject","inLanguage":"pl-PL","@id":"https:\/\/ironsky.pl\/sklep\/produkt\/zestaw-filtrow-pgytech-nd-pl-8-16-32-64-do-mavic-3-cine\/#primaryimage","url":"https:\/\/ironsky.pl\/sklep\/wp-content\/uploads\/2026\/04\/22765_1.jpg","contentUrl":"https:\/\/ironsky.pl\/sklep\/wp-content\/uploads\/2026\/04\/22765_1.jpg","width":800,"height":800},{"@type":"BreadcrumbList","@id":"https:\/\/ironsky.pl\/sklep\/produkt\/zestaw-filtrow-pgytech-nd-pl-8-16-32-64-do-mavic-3-cine\/#breadcrumb","itemListElement":[{"@type":"ListItem","position":1,"name":"Strona g\u0142\u00f3wna","item":"https:\/\/ironsky.pl\/sklep\/"},{"@type":"ListItem","position":2,"name":"Wszystkie produkty","item":"https:\/\/ironsky.pl\/sklep\/produkty\/"},{"@type":"ListItem","position":3,"name":"Zestaw filtr\u00f3w PGYTECH ND-PL 8\/16\/32\/64 do Mavic 3\/Cine"}]},{"@type":"WebSite","@id":"https:\/\/ironsky.pl\/sklep\/#website","url":"https:\/\/ironsky.pl\/sklep\/","name":"IRONSKY.PL Sklep z Dronami","description":"IRONSKY.PL Sklep z Dronami","potentialAction":[{"@type":"SearchAction","target":{"@type":"EntryPoint","urlTemplate":"https:\/\/ironsky.pl\/sklep\/?s={search_term_string}"},"query-input":{"@type":"PropertyValueSpecification","valueRequired":true,"valueName":"search_term_string"}}],"inLanguage":"pl-PL"}]}},"_links":{"self":[{"href":"https:\/\/ironsky.pl\/sklep\/wp-json\/wp\/v2\/product\/55997","targetHints":{"allow":["GET"]}}],"collection":[{"href":"https:\/\/ironsky.pl\/sklep\/wp-json\/wp\/v2\/product"}],"about":[{"href":"https:\/\/ironsky.pl\/sklep\/wp-json\/wp\/v2\/types\/product"}],"replies":[{"embeddable":true,"href":"https:\/\/ironsky.pl\/sklep\/wp-json\/wp\/v2\/comments?post=55997"}],"wp:featuredmedia":[{"embeddable":true,"href":"https:\/\/ironsky.pl\/sklep\/wp-json\/wp\/v2\/media\/55998"}],"wp:attachment":[{"href":"https:\/\/ironsky.pl\/sklep\/wp-json\/wp\/v2\/media?parent=55997"}],"wp:term":[{"taxonomy":"product_brand","embeddable":true,"href":"https:\/\/ironsky.pl\/sklep\/wp-json\/wp\/v2\/product_brand?post=55997"},{"taxonomy":"product_cat","embeddable":true,"href":"https:\/\/ironsky.pl\/sklep\/wp-json\/wp\/v2\/product_cat?post=55997"},{"taxonomy":"product_tag","embeddable":true,"href":"https:\/\/ironsky.pl\/sklep\/wp-json\/wp\/v2\/product_tag?post=55997"}],"curies":[{"name":"wp","href":"https:\/\/api.w.org\/{rel}","templated":true}]}}