{"id":55996,"date":"2026-04-15T10:10:12","date_gmt":"2026-04-15T08:10:12","guid":{"rendered":"https:\/\/ironsky.pl\/sklep\/produkt\/wtyczka-rj45-ugreen-nw110-8p-8c-cat-5-5e-utp-100szt\/"},"modified":"2026-04-15T10:46:45","modified_gmt":"2026-04-15T08:46:45","slug":"wtyczka-rj45-ugreen-nw110-8p-8c-cat-5-5e-utp-100szt","status":"publish","type":"product","link":"https:\/\/ironsky.pl\/sklep\/produkt\/wtyczka-rj45-ugreen-nw110-8p-8c-cat-5-5e-utp-100szt\/","title":{"rendered":"Wtyczka RJ45 UGREEN NW110 8P\/8C Cat.5\/5e UTP 100szt"},"content":{"rendered":"<h3>Wtyczka RJ45 UGREEN NW110 Ethernet, 8P\/8C, Cat.5\/5e, UTP (100szt)<\/h3>\n<p>Wtyczka RJ45 NW110 jest standardowym z\u0142\u0105czem, kt\u00f3re jest najcz\u0119\u015bciej u\u017cywane do zako\u0144czenia przewod\u00f3w typu \u201cskr\u0119tka\u201d.\u00a0To najpopularniejsze i najbardziej uniwersalne rozwi\u0105zanie dla budowania przewodowej infrastruktury sieciowej.\u00a0Do wykonania produktu u\u017cyto wysokiej jako\u015bci plastiku,\u00a0zapewniaj\u0105c mu wytrzyma\u0142o\u015b\u0107.<\/p>\n<p><img decoding=\"async\" src=\"https:\/\/b2b.innpro.pl\/data\/include\/cms\/012UGREEN\/NW110\/3.jpg\"><\/p>\n<h3>Kompatybilno\u015b\u0107<\/h3>\n<p>Produkt jest kompatybilny z takimi urz\u0105dzeniami jak laptopy, telewizory, modemy, routery, HUBy, Switche, ADSL, TV Boxy i wiele innych. Z jego pomoc\u0105, pod\u0142\u0105czysz swoje urz\u0105dzenie do sieci bez najmniejszych problem\u00f3w.\u00a0<\/p>\n<p><img decoding=\"async\" src=\"https:\/\/b2b.innpro.pl\/data\/include\/cms\/012UGREEN\/NW110\/2.jpg\"><\/p>\n<div class=\"table-wrapper\">\n<table>\n<tbody>\n<tr>\n<th>Marka<\/th>\n<td>Ugreen<\/td>\n<\/tr>\n<tr>\n<th>Model<\/th>\n<td>NW110<\/td>\n<\/tr>\n<tr>\n<th>Materia\u0142<\/th>\n<td>PC<\/td>\n<\/tr>\n<tr>\n<th>Standard<\/th>\n<td>8P\/8C<\/td>\n<\/tr>\n<tr>\n<th>Kategoria<\/th>\n<td>5\/5e<\/td>\n<\/tr>\n<tr>\n<th>Kompatybilno\u015b\u0107<\/th>\n<td>Kable 23-28 AWG<\/td>\n<\/tr>\n<\/tbody>\n<\/table>\n<\/div>\n","protected":false},"excerpt":{"rendered":"<p>Wtyczka RJ45 UGREEN NW110 Ethernet, 8P\/8C, Cat.5\/5e, UTP (100szt) Wtyczka RJ45 NW110 jest standardowym z\u0142\u0105czem, kt\u00f3re jest najcz\u0119\u015bciej u\u017cywane do<\/p>\n","protected":false},"featured_media":41622,"comment_status":"closed","ping_status":"open","template":"","meta":{"_acf_changed":false},"product_brand":[],"product_cat":[5929,5931,5942],"product_tag":[],"class_list":{"0":"post-55996","1":"product","2":"type-product","3":"status-publish","4":"has-post-thumbnail","6":"product_cat-akcesoria-it","7":"product_cat-kable","8":"product_cat-sieciowe","9":"pa_okres-gwarancji-5757","10":"pa_producent-ugreen","12":"first","13":"outofstock","14":"taxable","15":"shipping-taxable","16":"purchasable","17":"product-type-simple"},"acf":[],"yoast_head":"<!-- This site is optimized with the Yoast SEO plugin v27.2 - https:\/\/yoast.com\/product\/yoast-seo-wordpress\/ -->\n<title>Wtyczka RJ45 UGREEN NW110 8P\/8C Cat.5\/5e UTP 100szt - IRONSKY.PL Sklep z Dronami<\/title>\n<meta name=\"description\" content=\"Wtyczka RJ45 UGREEN NW110 8P\/8C Cat.5\/5e UTP 100szt - \u2705 sklep z dronami i fachowym doradztwem. \u2705 Tutaj kupisz produkty DJI, Yuneec, Parrot, Syma i wiele innych, a tak\u017ce kursy i licencje na operatora drona.\" \/>\n<meta name=\"robots\" content=\"index, follow, max-snippet:-1, max-image-preview:large, max-video-preview:-1\" \/>\n<link rel=\"canonical\" href=\"https:\/\/ironsky.pl\/sklep\/produkt\/wtyczka-rj45-ugreen-nw110-8p-8c-cat-5-5e-utp-100szt\/\" \/>\n<meta property=\"og:locale\" content=\"pl_PL\" \/>\n<meta property=\"og:type\" content=\"article\" \/>\n<meta property=\"og:title\" content=\"Wtyczka RJ45 UGREEN NW110 8P\/8C Cat.5\/5e UTP 100szt - IRONSKY.PL Sklep z Dronami\" \/>\n<meta property=\"og:description\" content=\"Wtyczka RJ45 UGREEN NW110 8P\/8C Cat.5\/5e UTP 100szt - \u2705 sklep z dronami i fachowym doradztwem. \u2705 Tutaj kupisz produkty DJI, Yuneec, Parrot, Syma i wiele innych, a tak\u017ce kursy i licencje na operatora drona.\" \/>\n<meta property=\"og:url\" content=\"https:\/\/ironsky.pl\/sklep\/produkt\/wtyczka-rj45-ugreen-nw110-8p-8c-cat-5-5e-utp-100szt\/\" \/>\n<meta property=\"og:site_name\" content=\"IRONSKY.PL Sklep z Dronami\" \/>\n<meta property=\"article:modified_time\" content=\"2026-04-15T08:46:45+00:00\" \/>\n<meta property=\"og:image\" content=\"https:\/\/ironsky.pl\/sklep\/wp-content\/uploads\/2025\/06\/22667_4.jpg\" \/>\n\t<meta property=\"og:image:width\" content=\"800\" \/>\n\t<meta property=\"og:image:height\" content=\"800\" \/>\n\t<meta property=\"og:image:type\" content=\"image\/jpeg\" \/>\n<meta name=\"twitter:card\" content=\"summary_large_image\" \/>\n<meta name=\"twitter:label1\" content=\"Szacowany czas czytania\" \/>\n\t<meta name=\"twitter:data1\" content=\"1 minuta\" \/>\n<script type=\"application\/ld+json\" class=\"yoast-schema-graph\">{\"@context\":\"https:\/\/schema.org\",\"@graph\":[{\"@type\":\"WebPage\",\"@id\":\"https:\/\/ironsky.pl\/sklep\/produkt\/wtyczka-rj45-ugreen-nw110-8p-8c-cat-5-5e-utp-100szt\/\",\"url\":\"https:\/\/ironsky.pl\/sklep\/produkt\/wtyczka-rj45-ugreen-nw110-8p-8c-cat-5-5e-utp-100szt\/\",\"name\":\"Wtyczka RJ45 UGREEN NW110 8P\/8C Cat.5\/5e UTP 100szt - IRONSKY.PL Sklep z Dronami\",\"isPartOf\":{\"@id\":\"https:\/\/ironsky.pl\/sklep\/#website\"},\"primaryImageOfPage\":{\"@id\":\"https:\/\/ironsky.pl\/sklep\/produkt\/wtyczka-rj45-ugreen-nw110-8p-8c-cat-5-5e-utp-100szt\/#primaryimage\"},\"image\":{\"@id\":\"https:\/\/ironsky.pl\/sklep\/produkt\/wtyczka-rj45-ugreen-nw110-8p-8c-cat-5-5e-utp-100szt\/#primaryimage\"},\"thumbnailUrl\":\"https:\/\/ironsky.pl\/sklep\/wp-content\/uploads\/2025\/06\/22667_4.jpg\",\"datePublished\":\"2026-04-15T08:10:12+00:00\",\"dateModified\":\"2026-04-15T08:46:45+00:00\",\"description\":\"Wtyczka RJ45 UGREEN NW110 8P\/8C Cat.5\/5e UTP 100szt - \u2705 sklep z dronami i fachowym doradztwem. \u2705 Tutaj kupisz produkty DJI, Yuneec, Parrot, Syma i wiele innych, a tak\u017ce kursy i licencje na operatora drona.\",\"breadcrumb\":{\"@id\":\"https:\/\/ironsky.pl\/sklep\/produkt\/wtyczka-rj45-ugreen-nw110-8p-8c-cat-5-5e-utp-100szt\/#breadcrumb\"},\"inLanguage\":\"pl-PL\",\"potentialAction\":[{\"@type\":\"ReadAction\",\"target\":[\"https:\/\/ironsky.pl\/sklep\/produkt\/wtyczka-rj45-ugreen-nw110-8p-8c-cat-5-5e-utp-100szt\/\"]}]},{\"@type\":\"ImageObject\",\"inLanguage\":\"pl-PL\",\"@id\":\"https:\/\/ironsky.pl\/sklep\/produkt\/wtyczka-rj45-ugreen-nw110-8p-8c-cat-5-5e-utp-100szt\/#primaryimage\",\"url\":\"https:\/\/ironsky.pl\/sklep\/wp-content\/uploads\/2025\/06\/22667_4.jpg\",\"contentUrl\":\"https:\/\/ironsky.pl\/sklep\/wp-content\/uploads\/2025\/06\/22667_4.jpg\",\"width\":800,\"height\":800},{\"@type\":\"BreadcrumbList\",\"@id\":\"https:\/\/ironsky.pl\/sklep\/produkt\/wtyczka-rj45-ugreen-nw110-8p-8c-cat-5-5e-utp-100szt\/#breadcrumb\",\"itemListElement\":[{\"@type\":\"ListItem\",\"position\":1,\"name\":\"Strona g\u0142\u00f3wna\",\"item\":\"https:\/\/ironsky.pl\/sklep\/\"},{\"@type\":\"ListItem\",\"position\":2,\"name\":\"Wszystkie produkty\",\"item\":\"https:\/\/ironsky.pl\/sklep\/produkty\/\"},{\"@type\":\"ListItem\",\"position\":3,\"name\":\"Wtyczka RJ45 UGREEN NW110 8P\/8C Cat.5\/5e UTP 100szt\"}]},{\"@type\":\"WebSite\",\"@id\":\"https:\/\/ironsky.pl\/sklep\/#website\",\"url\":\"https:\/\/ironsky.pl\/sklep\/\",\"name\":\"IRONSKY.PL Sklep z Dronami\",\"description\":\"IRONSKY.PL Sklep z Dronami\",\"potentialAction\":[{\"@type\":\"SearchAction\",\"target\":{\"@type\":\"EntryPoint\",\"urlTemplate\":\"https:\/\/ironsky.pl\/sklep\/?s={search_term_string}\"},\"query-input\":{\"@type\":\"PropertyValueSpecification\",\"valueRequired\":true,\"valueName\":\"search_term_string\"}}],\"inLanguage\":\"pl-PL\"}]}<\/script>\n<!-- \/ Yoast SEO plugin. -->","yoast_head_json":{"title":"Wtyczka RJ45 UGREEN NW110 8P\/8C Cat.5\/5e UTP 100szt - IRONSKY.PL Sklep z Dronami","description":"Wtyczka RJ45 UGREEN NW110 8P\/8C Cat.5\/5e UTP 100szt - \u2705 sklep z dronami i fachowym doradztwem. \u2705 Tutaj kupisz produkty DJI, Yuneec, Parrot, Syma i wiele innych, a tak\u017ce kursy i licencje na operatora drona.","robots":{"index":"index","follow":"follow","max-snippet":"max-snippet:-1","max-image-preview":"max-image-preview:large","max-video-preview":"max-video-preview:-1"},"canonical":"https:\/\/ironsky.pl\/sklep\/produkt\/wtyczka-rj45-ugreen-nw110-8p-8c-cat-5-5e-utp-100szt\/","og_locale":"pl_PL","og_type":"article","og_title":"Wtyczka RJ45 UGREEN NW110 8P\/8C Cat.5\/5e UTP 100szt - IRONSKY.PL Sklep z Dronami","og_description":"Wtyczka RJ45 UGREEN NW110 8P\/8C Cat.5\/5e UTP 100szt - \u2705 sklep z dronami i fachowym doradztwem. \u2705 Tutaj kupisz produkty DJI, Yuneec, Parrot, Syma i wiele innych, a tak\u017ce kursy i licencje na operatora drona.","og_url":"https:\/\/ironsky.pl\/sklep\/produkt\/wtyczka-rj45-ugreen-nw110-8p-8c-cat-5-5e-utp-100szt\/","og_site_name":"IRONSKY.PL Sklep z Dronami","article_modified_time":"2026-04-15T08:46:45+00:00","og_image":[{"width":800,"height":800,"url":"https:\/\/ironsky.pl\/sklep\/wp-content\/uploads\/2025\/06\/22667_4.jpg","type":"image\/jpeg"}],"twitter_card":"summary_large_image","twitter_misc":{"Szacowany czas czytania":"1 minuta"},"schema":{"@context":"https:\/\/schema.org","@graph":[{"@type":"WebPage","@id":"https:\/\/ironsky.pl\/sklep\/produkt\/wtyczka-rj45-ugreen-nw110-8p-8c-cat-5-5e-utp-100szt\/","url":"https:\/\/ironsky.pl\/sklep\/produkt\/wtyczka-rj45-ugreen-nw110-8p-8c-cat-5-5e-utp-100szt\/","name":"Wtyczka RJ45 UGREEN NW110 8P\/8C Cat.5\/5e UTP 100szt - IRONSKY.PL Sklep z Dronami","isPartOf":{"@id":"https:\/\/ironsky.pl\/sklep\/#website"},"primaryImageOfPage":{"@id":"https:\/\/ironsky.pl\/sklep\/produkt\/wtyczka-rj45-ugreen-nw110-8p-8c-cat-5-5e-utp-100szt\/#primaryimage"},"image":{"@id":"https:\/\/ironsky.pl\/sklep\/produkt\/wtyczka-rj45-ugreen-nw110-8p-8c-cat-5-5e-utp-100szt\/#primaryimage"},"thumbnailUrl":"https:\/\/ironsky.pl\/sklep\/wp-content\/uploads\/2025\/06\/22667_4.jpg","datePublished":"2026-04-15T08:10:12+00:00","dateModified":"2026-04-15T08:46:45+00:00","description":"Wtyczka RJ45 UGREEN NW110 8P\/8C Cat.5\/5e UTP 100szt - \u2705 sklep z dronami i fachowym doradztwem. \u2705 Tutaj kupisz produkty DJI, Yuneec, Parrot, Syma i wiele innych, a tak\u017ce kursy i licencje na operatora drona.","breadcrumb":{"@id":"https:\/\/ironsky.pl\/sklep\/produkt\/wtyczka-rj45-ugreen-nw110-8p-8c-cat-5-5e-utp-100szt\/#breadcrumb"},"inLanguage":"pl-PL","potentialAction":[{"@type":"ReadAction","target":["https:\/\/ironsky.pl\/sklep\/produkt\/wtyczka-rj45-ugreen-nw110-8p-8c-cat-5-5e-utp-100szt\/"]}]},{"@type":"ImageObject","inLanguage":"pl-PL","@id":"https:\/\/ironsky.pl\/sklep\/produkt\/wtyczka-rj45-ugreen-nw110-8p-8c-cat-5-5e-utp-100szt\/#primaryimage","url":"https:\/\/ironsky.pl\/sklep\/wp-content\/uploads\/2025\/06\/22667_4.jpg","contentUrl":"https:\/\/ironsky.pl\/sklep\/wp-content\/uploads\/2025\/06\/22667_4.jpg","width":800,"height":800},{"@type":"BreadcrumbList","@id":"https:\/\/ironsky.pl\/sklep\/produkt\/wtyczka-rj45-ugreen-nw110-8p-8c-cat-5-5e-utp-100szt\/#breadcrumb","itemListElement":[{"@type":"ListItem","position":1,"name":"Strona g\u0142\u00f3wna","item":"https:\/\/ironsky.pl\/sklep\/"},{"@type":"ListItem","position":2,"name":"Wszystkie produkty","item":"https:\/\/ironsky.pl\/sklep\/produkty\/"},{"@type":"ListItem","position":3,"name":"Wtyczka RJ45 UGREEN NW110 8P\/8C Cat.5\/5e UTP 100szt"}]},{"@type":"WebSite","@id":"https:\/\/ironsky.pl\/sklep\/#website","url":"https:\/\/ironsky.pl\/sklep\/","name":"IRONSKY.PL Sklep z Dronami","description":"IRONSKY.PL Sklep z Dronami","potentialAction":[{"@type":"SearchAction","target":{"@type":"EntryPoint","urlTemplate":"https:\/\/ironsky.pl\/sklep\/?s={search_term_string}"},"query-input":{"@type":"PropertyValueSpecification","valueRequired":true,"valueName":"search_term_string"}}],"inLanguage":"pl-PL"}]}},"_links":{"self":[{"href":"https:\/\/ironsky.pl\/sklep\/wp-json\/wp\/v2\/product\/55996","targetHints":{"allow":["GET"]}}],"collection":[{"href":"https:\/\/ironsky.pl\/sklep\/wp-json\/wp\/v2\/product"}],"about":[{"href":"https:\/\/ironsky.pl\/sklep\/wp-json\/wp\/v2\/types\/product"}],"replies":[{"embeddable":true,"href":"https:\/\/ironsky.pl\/sklep\/wp-json\/wp\/v2\/comments?post=55996"}],"wp:featuredmedia":[{"embeddable":true,"href":"https:\/\/ironsky.pl\/sklep\/wp-json\/wp\/v2\/media\/41622"}],"wp:attachment":[{"href":"https:\/\/ironsky.pl\/sklep\/wp-json\/wp\/v2\/media?parent=55996"}],"wp:term":[{"taxonomy":"product_brand","embeddable":true,"href":"https:\/\/ironsky.pl\/sklep\/wp-json\/wp\/v2\/product_brand?post=55996"},{"taxonomy":"product_cat","embeddable":true,"href":"https:\/\/ironsky.pl\/sklep\/wp-json\/wp\/v2\/product_cat?post=55996"},{"taxonomy":"product_tag","embeddable":true,"href":"https:\/\/ironsky.pl\/sklep\/wp-json\/wp\/v2\/product_tag?post=55996"}],"curies":[{"name":"wp","href":"https:\/\/api.w.org\/{rel}","templated":true}]}}