{"id":55995,"date":"2026-04-15T10:10:12","date_gmt":"2026-04-15T08:10:12","guid":{"rendered":"https:\/\/ironsky.pl\/sklep\/produkt\/obudowa-dysku-ugreen-cm400-m-2-b-key-ngff-sata-szara\/"},"modified":"2026-04-15T10:46:44","modified_gmt":"2026-04-15T08:46:44","slug":"obudowa-dysku-ugreen-cm400-m-2-b-key-ngff-sata-szara","status":"publish","type":"product","link":"https:\/\/ironsky.pl\/sklep\/produkt\/obudowa-dysku-ugreen-cm400-m-2-b-key-ngff-sata-szara\/","title":{"rendered":"Obudowa dysku UGREEN CM400 M.2 B-key NGFF SATA (szara)"},"content":{"rendered":"<h3>Obudowa dysku M.2 UGREEN CM400, B-key, NGFF, SATA (szara)<\/h3>\n<p>Obudowa dysku M.2 Ugreen CM400 stawia na po\u0142\u0105czenie funkcjonalno\u015bci i stylu.\u00a0Ponadto zapewnia szybko\u015b\u0107 do 5 Gbps dla\u00a0M.2 B-key. Jest znacznie\u00a0szybszy ni\u017c USB 2.0. Mo\u017cna go wykorzysta\u0107 do przechowywania plik\u00f3w, a dzi\u0119ki niewielkim rozmiarom mo\u017cna go \u0142atwo przenosi\u0107.<\/p>\n<p><img decoding=\"async\" src=\"https:\/\/b2b.innpro.pl\/data\/include\/cms\/012UGREEN\/CM400\/6.jpg\" border=\"0\" \/><\/p>\n<h3>Szybko\u015b\u0107<\/h3>\n<p>Produkt pozwala na transfer pliku o rozmiarze 1GB w 1 sekund\u0119 &#8211; przy u\u017cyciu USB 3.1 Gen2 o standardowym porcie. Jest znacznie razy szybszy ni\u017c USB 2.0. Maksymalna pr\u0119dko\u015b\u0107, z jak\u0105 urz\u0105dzenie przesy\u0142a dane to 5 Gbps dla M.2 B-key (Sata 3.0).<\/p>\n<p><img decoding=\"async\" src=\"https:\/\/b2b.innpro.pl\/data\/include\/cms\/012UGREEN\/CM400\/10.jpg\" border=\"0\" \/><\/p>\n<h3>Funkcjonalno\u015b\u0107 i styl<\/h3>\n<p>B\u0142yszcz\u0105ca, aluminiowa obudowa podkre\u015bla walory wizualne. Chroni tak\u017ce Tw\u00f3j dysk, poniewa\u017c nie nagrzewa si\u0119 podczas pracy. Dzi\u0119ki niewielkim rozmiarom bardzo \u0142atwo j\u0105 przenie\u015b\u0107, a wbudowany chipset zapewnia bezpiecze\u0144stwo dzia\u0142ania. Wsp\u00f3\u0142gra z dyskami do 2TB pojemno\u015bci.<\/p>\n<p><img decoding=\"async\" src=\"https:\/\/b2b.innpro.pl\/data\/include\/cms\/012UGREEN\/CM400\/1.jpg\" border=\"0\" \/><\/p>\n<h3>Kompatybilno\u015b\u0107<\/h3>\n<p>Wspiera dyski SSD w czterech rozmiarach: 2280, 2260, 2242, 2230. Jest zaprojektowany dla M.2 NGFF SSD, wpiera NGFF B KEY NGFF\/SATA I M&amp;B KEY NGFF\/SATA. Nie wspiera NVME M KEY NVME\/PCIE i M&amp;BKEY NVME\/PCIE.\u00a0Nie wymaga dodatkowych sterownik\u00f3w w \u015brodowisku\u00a0Windows, Chrome OS, Linux oraz MacOS.<\/p>\n<p><img decoding=\"async\" src=\"https:\/\/b2b.innpro.pl\/data\/include\/cms\/012UGREEN\/CM400\/4.jpg\" border=\"0\" \/><\/p>\n<h3>Wiele zastosowa\u0144<\/h3>\n<p>Pr\u00f3cz wygodnego dost\u0119pu do pod\u0142\u0105czenia dysku z komputerem, urz\u0105dzenia zapewnia jeszcze szereg innych funkcji. Gwarantuje szybki backup zdj\u0119\u0107 czy film\u00f3w po pod\u0142\u0105czeniu do telefonu. Korzystaj\u0105c z PS4 przy u\u017cyciu CM400 mo\u017cna cieszy\u0107 si\u0119 gr\u0105 w wymagaj\u0105ce wiele przestrzeni dyskowej gry.<\/p>\n<p><img decoding=\"async\" src=\"https:\/\/b2b.innpro.pl\/data\/include\/cms\/012UGREEN\/CM400\/7.jpg\" border=\"0\" \/><\/p>\n<div class=\"table-wrapper\">\n<table>\n<tbody>\n<tr>\n<th>Marka<\/th>\n<td>Ugreen<\/td>\n<\/tr>\n<tr>\n<th>Model<\/th>\n<td>CM400<\/td>\n<\/tr>\n<tr>\n<th>USB Interfejs<\/th>\n<td>USB C 3.1 Gen 2<\/td>\n<\/tr>\n<tr>\n<th>Zawarte kable<\/th>\n<td>USB-A do USB-C<\/td>\n<\/tr>\n<tr>\n<th>Szybko\u015b\u0107 transferu<\/th>\n<td>5 Gbps<\/td>\n<\/tr>\n<tr>\n<th>Maksymalna pojemo\u015b\u0107 dysku<\/th>\n<td>2TB<\/td>\n<\/tr>\n<tr>\n<th>Kompatybilno\u015b\u0107<\/th>\n<td><span>M.2 B-key<\/span><span> (Sata 3.0)<\/span><\/td>\n<\/tr>\n<\/tbody>\n<\/table>\n<\/div>\n","protected":false},"excerpt":{"rendered":"<p>Obudowa dysku M.2 UGREEN CM400, B-key, NGFF, SATA (szara) Obudowa dysku M.2 Ugreen CM400 stawia na po\u0142\u0105czenie funkcjonalno\u015bci i stylu.\u00a0Ponadto<\/p>\n","protected":false},"featured_media":41616,"comment_status":"closed","ping_status":"open","template":"","meta":{"_acf_changed":false},"product_brand":[],"product_cat":[5929,5936],"product_tag":[],"class_list":{"0":"post-55995","1":"product","2":"type-product","3":"status-publish","4":"has-post-thumbnail","6":"product_cat-akcesoria-it","7":"product_cat-obudowy-dyskow","8":"pa_okres-gwarancji-5757","9":"pa_producent-ugreen","11":"first","12":"outofstock","13":"taxable","14":"shipping-taxable","15":"purchasable","16":"product-type-simple"},"acf":[],"yoast_head":"<!-- This site is optimized with the Yoast SEO plugin v27.2 - https:\/\/yoast.com\/product\/yoast-seo-wordpress\/ -->\n<title>Obudowa dysku UGREEN CM400 M.2 B-key NGFF SATA (szara) - IRONSKY.PL Sklep z Dronami<\/title>\n<meta name=\"description\" content=\"Obudowa dysku UGREEN CM400 M.2 B-key NGFF SATA (szara) - \u2705 sklep z dronami i fachowym doradztwem. \u2705 Tutaj kupisz produkty DJI, Yuneec, Parrot, Syma i wiele innych, a tak\u017ce kursy i licencje na operatora drona.\" \/>\n<meta name=\"robots\" content=\"index, follow, max-snippet:-1, max-image-preview:large, max-video-preview:-1\" \/>\n<link rel=\"canonical\" href=\"https:\/\/ironsky.pl\/sklep\/produkt\/obudowa-dysku-ugreen-cm400-m-2-b-key-ngff-sata-szara\/\" \/>\n<meta property=\"og:locale\" content=\"pl_PL\" \/>\n<meta property=\"og:type\" content=\"article\" \/>\n<meta property=\"og:title\" content=\"Obudowa dysku UGREEN CM400 M.2 B-key NGFF SATA (szara) - IRONSKY.PL Sklep z Dronami\" \/>\n<meta property=\"og:description\" content=\"Obudowa dysku UGREEN CM400 M.2 B-key NGFF SATA (szara) - \u2705 sklep z dronami i fachowym doradztwem. \u2705 Tutaj kupisz produkty DJI, Yuneec, Parrot, Syma i wiele innych, a tak\u017ce kursy i licencje na operatora drona.\" \/>\n<meta property=\"og:url\" content=\"https:\/\/ironsky.pl\/sklep\/produkt\/obudowa-dysku-ugreen-cm400-m-2-b-key-ngff-sata-szara\/\" \/>\n<meta property=\"og:site_name\" content=\"IRONSKY.PL Sklep z Dronami\" \/>\n<meta property=\"article:modified_time\" content=\"2026-04-15T08:46:44+00:00\" \/>\n<meta property=\"og:image\" content=\"https:\/\/ironsky.pl\/sklep\/wp-content\/uploads\/2025\/06\/22663_3.jpg\" \/>\n\t<meta property=\"og:image:width\" content=\"800\" \/>\n\t<meta property=\"og:image:height\" content=\"800\" \/>\n\t<meta property=\"og:image:type\" content=\"image\/jpeg\" \/>\n<meta name=\"twitter:card\" content=\"summary_large_image\" \/>\n<meta name=\"twitter:label1\" content=\"Szacowany czas czytania\" \/>\n\t<meta name=\"twitter:data1\" content=\"1 minuta\" \/>\n<script type=\"application\/ld+json\" class=\"yoast-schema-graph\">{\"@context\":\"https:\/\/schema.org\",\"@graph\":[{\"@type\":\"WebPage\",\"@id\":\"https:\/\/ironsky.pl\/sklep\/produkt\/obudowa-dysku-ugreen-cm400-m-2-b-key-ngff-sata-szara\/\",\"url\":\"https:\/\/ironsky.pl\/sklep\/produkt\/obudowa-dysku-ugreen-cm400-m-2-b-key-ngff-sata-szara\/\",\"name\":\"Obudowa dysku UGREEN CM400 M.2 B-key NGFF SATA (szara) - IRONSKY.PL Sklep z Dronami\",\"isPartOf\":{\"@id\":\"https:\/\/ironsky.pl\/sklep\/#website\"},\"primaryImageOfPage\":{\"@id\":\"https:\/\/ironsky.pl\/sklep\/produkt\/obudowa-dysku-ugreen-cm400-m-2-b-key-ngff-sata-szara\/#primaryimage\"},\"image\":{\"@id\":\"https:\/\/ironsky.pl\/sklep\/produkt\/obudowa-dysku-ugreen-cm400-m-2-b-key-ngff-sata-szara\/#primaryimage\"},\"thumbnailUrl\":\"https:\/\/ironsky.pl\/sklep\/wp-content\/uploads\/2025\/06\/22663_3.jpg\",\"datePublished\":\"2026-04-15T08:10:12+00:00\",\"dateModified\":\"2026-04-15T08:46:44+00:00\",\"description\":\"Obudowa dysku UGREEN CM400 M.2 B-key NGFF SATA (szara) - \u2705 sklep z dronami i fachowym doradztwem. \u2705 Tutaj kupisz produkty DJI, Yuneec, Parrot, Syma i wiele innych, a tak\u017ce kursy i licencje na operatora drona.\",\"breadcrumb\":{\"@id\":\"https:\/\/ironsky.pl\/sklep\/produkt\/obudowa-dysku-ugreen-cm400-m-2-b-key-ngff-sata-szara\/#breadcrumb\"},\"inLanguage\":\"pl-PL\",\"potentialAction\":[{\"@type\":\"ReadAction\",\"target\":[\"https:\/\/ironsky.pl\/sklep\/produkt\/obudowa-dysku-ugreen-cm400-m-2-b-key-ngff-sata-szara\/\"]}]},{\"@type\":\"ImageObject\",\"inLanguage\":\"pl-PL\",\"@id\":\"https:\/\/ironsky.pl\/sklep\/produkt\/obudowa-dysku-ugreen-cm400-m-2-b-key-ngff-sata-szara\/#primaryimage\",\"url\":\"https:\/\/ironsky.pl\/sklep\/wp-content\/uploads\/2025\/06\/22663_3.jpg\",\"contentUrl\":\"https:\/\/ironsky.pl\/sklep\/wp-content\/uploads\/2025\/06\/22663_3.jpg\",\"width\":800,\"height\":800},{\"@type\":\"BreadcrumbList\",\"@id\":\"https:\/\/ironsky.pl\/sklep\/produkt\/obudowa-dysku-ugreen-cm400-m-2-b-key-ngff-sata-szara\/#breadcrumb\",\"itemListElement\":[{\"@type\":\"ListItem\",\"position\":1,\"name\":\"Strona g\u0142\u00f3wna\",\"item\":\"https:\/\/ironsky.pl\/sklep\/\"},{\"@type\":\"ListItem\",\"position\":2,\"name\":\"Wszystkie produkty\",\"item\":\"https:\/\/ironsky.pl\/sklep\/produkty\/\"},{\"@type\":\"ListItem\",\"position\":3,\"name\":\"Obudowa dysku UGREEN CM400 M.2 B-key NGFF SATA (szara)\"}]},{\"@type\":\"WebSite\",\"@id\":\"https:\/\/ironsky.pl\/sklep\/#website\",\"url\":\"https:\/\/ironsky.pl\/sklep\/\",\"name\":\"IRONSKY.PL Sklep z Dronami\",\"description\":\"IRONSKY.PL Sklep z Dronami\",\"potentialAction\":[{\"@type\":\"SearchAction\",\"target\":{\"@type\":\"EntryPoint\",\"urlTemplate\":\"https:\/\/ironsky.pl\/sklep\/?s={search_term_string}\"},\"query-input\":{\"@type\":\"PropertyValueSpecification\",\"valueRequired\":true,\"valueName\":\"search_term_string\"}}],\"inLanguage\":\"pl-PL\"}]}<\/script>\n<!-- \/ Yoast SEO plugin. -->","yoast_head_json":{"title":"Obudowa dysku UGREEN CM400 M.2 B-key NGFF SATA (szara) - IRONSKY.PL Sklep z Dronami","description":"Obudowa dysku UGREEN CM400 M.2 B-key NGFF SATA (szara) - \u2705 sklep z dronami i fachowym doradztwem. \u2705 Tutaj kupisz produkty DJI, Yuneec, Parrot, Syma i wiele innych, a tak\u017ce kursy i licencje na operatora drona.","robots":{"index":"index","follow":"follow","max-snippet":"max-snippet:-1","max-image-preview":"max-image-preview:large","max-video-preview":"max-video-preview:-1"},"canonical":"https:\/\/ironsky.pl\/sklep\/produkt\/obudowa-dysku-ugreen-cm400-m-2-b-key-ngff-sata-szara\/","og_locale":"pl_PL","og_type":"article","og_title":"Obudowa dysku UGREEN CM400 M.2 B-key NGFF SATA (szara) - IRONSKY.PL Sklep z Dronami","og_description":"Obudowa dysku UGREEN CM400 M.2 B-key NGFF SATA (szara) - \u2705 sklep z dronami i fachowym doradztwem. \u2705 Tutaj kupisz produkty DJI, Yuneec, Parrot, Syma i wiele innych, a tak\u017ce kursy i licencje na operatora drona.","og_url":"https:\/\/ironsky.pl\/sklep\/produkt\/obudowa-dysku-ugreen-cm400-m-2-b-key-ngff-sata-szara\/","og_site_name":"IRONSKY.PL Sklep z Dronami","article_modified_time":"2026-04-15T08:46:44+00:00","og_image":[{"width":800,"height":800,"url":"https:\/\/ironsky.pl\/sklep\/wp-content\/uploads\/2025\/06\/22663_3.jpg","type":"image\/jpeg"}],"twitter_card":"summary_large_image","twitter_misc":{"Szacowany czas czytania":"1 minuta"},"schema":{"@context":"https:\/\/schema.org","@graph":[{"@type":"WebPage","@id":"https:\/\/ironsky.pl\/sklep\/produkt\/obudowa-dysku-ugreen-cm400-m-2-b-key-ngff-sata-szara\/","url":"https:\/\/ironsky.pl\/sklep\/produkt\/obudowa-dysku-ugreen-cm400-m-2-b-key-ngff-sata-szara\/","name":"Obudowa dysku UGREEN CM400 M.2 B-key NGFF SATA (szara) - IRONSKY.PL Sklep z Dronami","isPartOf":{"@id":"https:\/\/ironsky.pl\/sklep\/#website"},"primaryImageOfPage":{"@id":"https:\/\/ironsky.pl\/sklep\/produkt\/obudowa-dysku-ugreen-cm400-m-2-b-key-ngff-sata-szara\/#primaryimage"},"image":{"@id":"https:\/\/ironsky.pl\/sklep\/produkt\/obudowa-dysku-ugreen-cm400-m-2-b-key-ngff-sata-szara\/#primaryimage"},"thumbnailUrl":"https:\/\/ironsky.pl\/sklep\/wp-content\/uploads\/2025\/06\/22663_3.jpg","datePublished":"2026-04-15T08:10:12+00:00","dateModified":"2026-04-15T08:46:44+00:00","description":"Obudowa dysku UGREEN CM400 M.2 B-key NGFF SATA (szara) - \u2705 sklep z dronami i fachowym doradztwem. \u2705 Tutaj kupisz produkty DJI, Yuneec, Parrot, Syma i wiele innych, a tak\u017ce kursy i licencje na operatora drona.","breadcrumb":{"@id":"https:\/\/ironsky.pl\/sklep\/produkt\/obudowa-dysku-ugreen-cm400-m-2-b-key-ngff-sata-szara\/#breadcrumb"},"inLanguage":"pl-PL","potentialAction":[{"@type":"ReadAction","target":["https:\/\/ironsky.pl\/sklep\/produkt\/obudowa-dysku-ugreen-cm400-m-2-b-key-ngff-sata-szara\/"]}]},{"@type":"ImageObject","inLanguage":"pl-PL","@id":"https:\/\/ironsky.pl\/sklep\/produkt\/obudowa-dysku-ugreen-cm400-m-2-b-key-ngff-sata-szara\/#primaryimage","url":"https:\/\/ironsky.pl\/sklep\/wp-content\/uploads\/2025\/06\/22663_3.jpg","contentUrl":"https:\/\/ironsky.pl\/sklep\/wp-content\/uploads\/2025\/06\/22663_3.jpg","width":800,"height":800},{"@type":"BreadcrumbList","@id":"https:\/\/ironsky.pl\/sklep\/produkt\/obudowa-dysku-ugreen-cm400-m-2-b-key-ngff-sata-szara\/#breadcrumb","itemListElement":[{"@type":"ListItem","position":1,"name":"Strona g\u0142\u00f3wna","item":"https:\/\/ironsky.pl\/sklep\/"},{"@type":"ListItem","position":2,"name":"Wszystkie produkty","item":"https:\/\/ironsky.pl\/sklep\/produkty\/"},{"@type":"ListItem","position":3,"name":"Obudowa dysku UGREEN CM400 M.2 B-key NGFF SATA (szara)"}]},{"@type":"WebSite","@id":"https:\/\/ironsky.pl\/sklep\/#website","url":"https:\/\/ironsky.pl\/sklep\/","name":"IRONSKY.PL Sklep z Dronami","description":"IRONSKY.PL Sklep z Dronami","potentialAction":[{"@type":"SearchAction","target":{"@type":"EntryPoint","urlTemplate":"https:\/\/ironsky.pl\/sklep\/?s={search_term_string}"},"query-input":{"@type":"PropertyValueSpecification","valueRequired":true,"valueName":"search_term_string"}}],"inLanguage":"pl-PL"}]}},"_links":{"self":[{"href":"https:\/\/ironsky.pl\/sklep\/wp-json\/wp\/v2\/product\/55995","targetHints":{"allow":["GET"]}}],"collection":[{"href":"https:\/\/ironsky.pl\/sklep\/wp-json\/wp\/v2\/product"}],"about":[{"href":"https:\/\/ironsky.pl\/sklep\/wp-json\/wp\/v2\/types\/product"}],"replies":[{"embeddable":true,"href":"https:\/\/ironsky.pl\/sklep\/wp-json\/wp\/v2\/comments?post=55995"}],"wp:featuredmedia":[{"embeddable":true,"href":"https:\/\/ironsky.pl\/sklep\/wp-json\/wp\/v2\/media\/41616"}],"wp:attachment":[{"href":"https:\/\/ironsky.pl\/sklep\/wp-json\/wp\/v2\/media?parent=55995"}],"wp:term":[{"taxonomy":"product_brand","embeddable":true,"href":"https:\/\/ironsky.pl\/sklep\/wp-json\/wp\/v2\/product_brand?post=55995"},{"taxonomy":"product_cat","embeddable":true,"href":"https:\/\/ironsky.pl\/sklep\/wp-json\/wp\/v2\/product_cat?post=55995"},{"taxonomy":"product_tag","embeddable":true,"href":"https:\/\/ironsky.pl\/sklep\/wp-json\/wp\/v2\/product_tag?post=55995"}],"curies":[{"name":"wp","href":"https:\/\/api.w.org\/{rel}","templated":true}]}}