{"id":55992,"date":"2026-04-15T10:10:12","date_gmt":"2026-04-15T08:10:12","guid":{"rendered":"https:\/\/ironsky.pl\/sklep\/produkt\/opaska-na-klatke-piersiowa-telesin-z-mocowaniem-do-kamer\/"},"modified":"2026-04-15T10:10:23","modified_gmt":"2026-04-15T08:10:23","slug":"opaska-na-klatke-piersiowa-telesin-z-mocowaniem-do-kamer","status":"publish","type":"product","link":"https:\/\/ironsky.pl\/sklep\/produkt\/opaska-na-klatke-piersiowa-telesin-z-mocowaniem-do-kamer\/","title":{"rendered":"Opaska na klatk\u0119 piersiow\u0105 TELESIN z mocowaniem do kamer"},"content":{"rendered":"<h3>Opaska na klatk\u0119 piersiow\u0105 z mocowaniem do kamer sportowych Telesin GP-CGP-T07<\/h3>\n<p>Zyskaj unikaln\u0105 perspektyw\u0119 i stw\u00f3rz zapieraj\u0105ce dech w piersiach uj\u0119cie. Opaska na klatk\u0119 piersiow\u0105 marki Telesin przyda si\u0119 tw\u00f3rcom dynamicznych film\u00f3w i sportowcom, kt\u00f3rzy chc\u0105 uwiecznia\u0107 swoje wyczyny na oryginalnych nagraniach. Przygotuj fantastyczny film, jad\u0105c na rowerze, p\u0119dz\u0105c na nartach wzd\u0142u\u017c stoku lub p\u0142yn\u0105c kajakiem. Akcesorium jest wygodne i wytrzyma\u0142e, a jego rozmiar mo\u017cna regulowa\u0107.<\/p>\n<p><img decoding=\"async\" src=\"https:\/\/b2b.innpro.pl\/data\/include\/cms\/Telesin\/GP-CGP-T07\/12.jpg?v=1637834052790\"><\/p>\n<h3>Dostosuj j\u0105 do swoich potrzeb<\/h3>\n<p>Opaska zosta\u0142a stworzona z my\u015bl\u0105 o zr\u00f3\u017cnicowanych potrzebach u\u017cytkownik\u00f3w. Jej rozmiar mo\u017cna swobodnie regulowa\u0107 &#8211; z \u0142atwo\u015bci\u0105 dostosujesz j\u0105 do siebie. Akcesorium wyr\u00f3\u017cnia si\u0119 tak\u017ce szerok\u0105 kompatybilno\u015bci\u0105 &#8211; doskonale pasuje do kamer sportowych takich jak GoPro czy Xiaoyi. Niewa\u017cne, jakiego sprz\u0119tu u\u017cywasz &#8211; Telesin pomo\u017ce Ci osi\u0105gn\u0105\u0107 wymarzony efekt! Uwaga: kamera powinna znajdowa\u0107 si\u0119 w obudowie (brak w zestawie).<\/p>\n<p><img decoding=\"async\" src=\"https:\/\/b2b.innpro.pl\/data\/include\/cms\/Telesin\/GP-CGP-T07\/11.jpg?v=1637834052790\"><\/p>\n<h3>Najwy\u017csza jako\u015b\u0107 wykonania<\/h3>\n<p>To praktyczne akcesorium b\u0119dzie \u015bwietnie Ci s\u0142u\u017cy\u0107 przez d\u0142ugi czas. Zosta\u0142o wykonane z elastycznych, wytrzyma\u0142ych materia\u0142\u00f3w, dzi\u0119ki czemu jest niezwykle trwa\u0142e i odporne na uszkodzenia. Mo\u017cna te\u017c u\u017cywa\u0107 go pod wod\u0105. Opaska zapewnia przy tym niezr\u00f3wnany komfort u\u017cytkowania &#8211; nagrywaj tak d\u0142ugo, jak chcesz i nie obawiaj si\u0119 zm\u0119czenia!<\/p>\n<p><img decoding=\"async\" src=\"https:\/\/b2b.innpro.pl\/data\/include\/cms\/Telesin\/GP-CGP-T07\/7.jpg?v=1637834052790\"><\/p>\n<div class=\"table-wrapper\">\n<table>\n<tbody>\n<tr>\n<th>Producent<\/th>\n<td>Telesin<\/td>\n<\/tr>\n<tr>\n<th>Model<\/th>\n<td>GP-CGP-T07<\/td>\n<\/tr>\n<tr>\n<th>Kompatybilno\u015b\u0107<\/th>\n<td>GoPro 4 \/ 5 \/ 6, Xiaoyi<\/td>\n<\/tr>\n<\/tbody>\n<\/table>\n<\/div>\n","protected":false},"excerpt":{"rendered":"<p>Opaska na klatk\u0119 piersiow\u0105 z mocowaniem do kamer sportowych Telesin GP-CGP-T07 Zyskaj unikaln\u0105 perspektyw\u0119 i stw\u00f3rz zapieraj\u0105ce dech w piersiach<\/p>\n","protected":false},"featured_media":55993,"comment_status":"closed","ping_status":"open","template":"","meta":{"_acf_changed":false},"product_brand":[],"product_cat":[1128,6178,6176,6177,1138,6179],"product_tag":[],"class_list":{"0":"post-55992","1":"product","2":"type-product","3":"status-publish","4":"has-post-thumbnail","6":"product_cat-foto-wideo","7":"product_cat-mocowania","8":"product_cat-selfie-stiki","9":"product_cat-statywy-selfie-stiki","10":"product_cat-wysiegniki","11":"product_cat-wysiegniki-i-uchwyty-selfie","12":"pa_okres-gwarancji-5754","13":"pa_producent-telesin","15":"first","16":"outofstock","17":"taxable","18":"shipping-taxable","19":"purchasable","20":"product-type-simple"},"acf":[],"yoast_head":"<!-- This site is optimized with the Yoast SEO plugin v27.2 - https:\/\/yoast.com\/product\/yoast-seo-wordpress\/ -->\n<title>Opaska na klatk\u0119 piersiow\u0105 TELESIN z mocowaniem do kamer - IRONSKY.PL Sklep z Dronami<\/title>\n<meta name=\"description\" content=\"Opaska na klatk\u0119 piersiow\u0105 TELESIN z mocowaniem do kamer - \u2705 sklep z dronami i fachowym doradztwem. \u2705 Tutaj kupisz produkty DJI, Yuneec, Parrot, Syma i wiele innych, a tak\u017ce kursy i licencje na operatora drona.\" \/>\n<meta name=\"robots\" content=\"index, follow, max-snippet:-1, max-image-preview:large, max-video-preview:-1\" \/>\n<link rel=\"canonical\" href=\"https:\/\/ironsky.pl\/sklep\/produkt\/opaska-na-klatke-piersiowa-telesin-z-mocowaniem-do-kamer\/\" \/>\n<meta property=\"og:locale\" content=\"pl_PL\" \/>\n<meta property=\"og:type\" content=\"article\" \/>\n<meta property=\"og:title\" content=\"Opaska na klatk\u0119 piersiow\u0105 TELESIN z mocowaniem do kamer - IRONSKY.PL Sklep z Dronami\" \/>\n<meta property=\"og:description\" content=\"Opaska na klatk\u0119 piersiow\u0105 TELESIN z mocowaniem do kamer - \u2705 sklep z dronami i fachowym doradztwem. \u2705 Tutaj kupisz produkty DJI, Yuneec, Parrot, Syma i wiele innych, a tak\u017ce kursy i licencje na operatora drona.\" \/>\n<meta property=\"og:url\" content=\"https:\/\/ironsky.pl\/sklep\/produkt\/opaska-na-klatke-piersiowa-telesin-z-mocowaniem-do-kamer\/\" \/>\n<meta property=\"og:site_name\" content=\"IRONSKY.PL Sklep z Dronami\" \/>\n<meta property=\"article:modified_time\" content=\"2026-04-15T08:10:23+00:00\" \/>\n<meta property=\"og:image\" content=\"https:\/\/ironsky.pl\/sklep\/wp-content\/uploads\/2026\/04\/22643_1.png\" \/>\n\t<meta property=\"og:image:width\" content=\"776\" \/>\n\t<meta property=\"og:image:height\" content=\"573\" \/>\n\t<meta property=\"og:image:type\" content=\"image\/png\" \/>\n<meta name=\"twitter:card\" content=\"summary_large_image\" \/>\n<meta name=\"twitter:label1\" content=\"Szacowany czas czytania\" \/>\n\t<meta name=\"twitter:data1\" content=\"1 minuta\" \/>\n<script type=\"application\/ld+json\" class=\"yoast-schema-graph\">{\"@context\":\"https:\/\/schema.org\",\"@graph\":[{\"@type\":\"WebPage\",\"@id\":\"https:\/\/ironsky.pl\/sklep\/produkt\/opaska-na-klatke-piersiowa-telesin-z-mocowaniem-do-kamer\/\",\"url\":\"https:\/\/ironsky.pl\/sklep\/produkt\/opaska-na-klatke-piersiowa-telesin-z-mocowaniem-do-kamer\/\",\"name\":\"Opaska na klatk\u0119 piersiow\u0105 TELESIN z mocowaniem do kamer - IRONSKY.PL Sklep z Dronami\",\"isPartOf\":{\"@id\":\"https:\/\/ironsky.pl\/sklep\/#website\"},\"primaryImageOfPage\":{\"@id\":\"https:\/\/ironsky.pl\/sklep\/produkt\/opaska-na-klatke-piersiowa-telesin-z-mocowaniem-do-kamer\/#primaryimage\"},\"image\":{\"@id\":\"https:\/\/ironsky.pl\/sklep\/produkt\/opaska-na-klatke-piersiowa-telesin-z-mocowaniem-do-kamer\/#primaryimage\"},\"thumbnailUrl\":\"https:\/\/ironsky.pl\/sklep\/wp-content\/uploads\/2026\/04\/22643_1.png\",\"datePublished\":\"2026-04-15T08:10:12+00:00\",\"dateModified\":\"2026-04-15T08:10:23+00:00\",\"description\":\"Opaska na klatk\u0119 piersiow\u0105 TELESIN z mocowaniem do kamer - \u2705 sklep z dronami i fachowym doradztwem. \u2705 Tutaj kupisz produkty DJI, Yuneec, Parrot, Syma i wiele innych, a tak\u017ce kursy i licencje na operatora drona.\",\"breadcrumb\":{\"@id\":\"https:\/\/ironsky.pl\/sklep\/produkt\/opaska-na-klatke-piersiowa-telesin-z-mocowaniem-do-kamer\/#breadcrumb\"},\"inLanguage\":\"pl-PL\",\"potentialAction\":[{\"@type\":\"ReadAction\",\"target\":[\"https:\/\/ironsky.pl\/sklep\/produkt\/opaska-na-klatke-piersiowa-telesin-z-mocowaniem-do-kamer\/\"]}]},{\"@type\":\"ImageObject\",\"inLanguage\":\"pl-PL\",\"@id\":\"https:\/\/ironsky.pl\/sklep\/produkt\/opaska-na-klatke-piersiowa-telesin-z-mocowaniem-do-kamer\/#primaryimage\",\"url\":\"https:\/\/ironsky.pl\/sklep\/wp-content\/uploads\/2026\/04\/22643_1.png\",\"contentUrl\":\"https:\/\/ironsky.pl\/sklep\/wp-content\/uploads\/2026\/04\/22643_1.png\",\"width\":776,\"height\":573},{\"@type\":\"BreadcrumbList\",\"@id\":\"https:\/\/ironsky.pl\/sklep\/produkt\/opaska-na-klatke-piersiowa-telesin-z-mocowaniem-do-kamer\/#breadcrumb\",\"itemListElement\":[{\"@type\":\"ListItem\",\"position\":1,\"name\":\"Strona g\u0142\u00f3wna\",\"item\":\"https:\/\/ironsky.pl\/sklep\/\"},{\"@type\":\"ListItem\",\"position\":2,\"name\":\"Wszystkie produkty\",\"item\":\"https:\/\/ironsky.pl\/sklep\/produkty\/\"},{\"@type\":\"ListItem\",\"position\":3,\"name\":\"Opaska na klatk\u0119 piersiow\u0105 TELESIN z mocowaniem do kamer\"}]},{\"@type\":\"WebSite\",\"@id\":\"https:\/\/ironsky.pl\/sklep\/#website\",\"url\":\"https:\/\/ironsky.pl\/sklep\/\",\"name\":\"IRONSKY.PL Sklep z Dronami\",\"description\":\"IRONSKY.PL Sklep z Dronami\",\"potentialAction\":[{\"@type\":\"SearchAction\",\"target\":{\"@type\":\"EntryPoint\",\"urlTemplate\":\"https:\/\/ironsky.pl\/sklep\/?s={search_term_string}\"},\"query-input\":{\"@type\":\"PropertyValueSpecification\",\"valueRequired\":true,\"valueName\":\"search_term_string\"}}],\"inLanguage\":\"pl-PL\"}]}<\/script>\n<!-- \/ Yoast SEO plugin. -->","yoast_head_json":{"title":"Opaska na klatk\u0119 piersiow\u0105 TELESIN z mocowaniem do kamer - IRONSKY.PL Sklep z Dronami","description":"Opaska na klatk\u0119 piersiow\u0105 TELESIN z mocowaniem do kamer - \u2705 sklep z dronami i fachowym doradztwem. \u2705 Tutaj kupisz produkty DJI, Yuneec, Parrot, Syma i wiele innych, a tak\u017ce kursy i licencje na operatora drona.","robots":{"index":"index","follow":"follow","max-snippet":"max-snippet:-1","max-image-preview":"max-image-preview:large","max-video-preview":"max-video-preview:-1"},"canonical":"https:\/\/ironsky.pl\/sklep\/produkt\/opaska-na-klatke-piersiowa-telesin-z-mocowaniem-do-kamer\/","og_locale":"pl_PL","og_type":"article","og_title":"Opaska na klatk\u0119 piersiow\u0105 TELESIN z mocowaniem do kamer - IRONSKY.PL Sklep z Dronami","og_description":"Opaska na klatk\u0119 piersiow\u0105 TELESIN z mocowaniem do kamer - \u2705 sklep z dronami i fachowym doradztwem. \u2705 Tutaj kupisz produkty DJI, Yuneec, Parrot, Syma i wiele innych, a tak\u017ce kursy i licencje na operatora drona.","og_url":"https:\/\/ironsky.pl\/sklep\/produkt\/opaska-na-klatke-piersiowa-telesin-z-mocowaniem-do-kamer\/","og_site_name":"IRONSKY.PL Sklep z Dronami","article_modified_time":"2026-04-15T08:10:23+00:00","og_image":[{"width":776,"height":573,"url":"https:\/\/ironsky.pl\/sklep\/wp-content\/uploads\/2026\/04\/22643_1.png","type":"image\/png"}],"twitter_card":"summary_large_image","twitter_misc":{"Szacowany czas czytania":"1 minuta"},"schema":{"@context":"https:\/\/schema.org","@graph":[{"@type":"WebPage","@id":"https:\/\/ironsky.pl\/sklep\/produkt\/opaska-na-klatke-piersiowa-telesin-z-mocowaniem-do-kamer\/","url":"https:\/\/ironsky.pl\/sklep\/produkt\/opaska-na-klatke-piersiowa-telesin-z-mocowaniem-do-kamer\/","name":"Opaska na klatk\u0119 piersiow\u0105 TELESIN z mocowaniem do kamer - IRONSKY.PL Sklep z Dronami","isPartOf":{"@id":"https:\/\/ironsky.pl\/sklep\/#website"},"primaryImageOfPage":{"@id":"https:\/\/ironsky.pl\/sklep\/produkt\/opaska-na-klatke-piersiowa-telesin-z-mocowaniem-do-kamer\/#primaryimage"},"image":{"@id":"https:\/\/ironsky.pl\/sklep\/produkt\/opaska-na-klatke-piersiowa-telesin-z-mocowaniem-do-kamer\/#primaryimage"},"thumbnailUrl":"https:\/\/ironsky.pl\/sklep\/wp-content\/uploads\/2026\/04\/22643_1.png","datePublished":"2026-04-15T08:10:12+00:00","dateModified":"2026-04-15T08:10:23+00:00","description":"Opaska na klatk\u0119 piersiow\u0105 TELESIN z mocowaniem do kamer - \u2705 sklep z dronami i fachowym doradztwem. \u2705 Tutaj kupisz produkty DJI, Yuneec, Parrot, Syma i wiele innych, a tak\u017ce kursy i licencje na operatora drona.","breadcrumb":{"@id":"https:\/\/ironsky.pl\/sklep\/produkt\/opaska-na-klatke-piersiowa-telesin-z-mocowaniem-do-kamer\/#breadcrumb"},"inLanguage":"pl-PL","potentialAction":[{"@type":"ReadAction","target":["https:\/\/ironsky.pl\/sklep\/produkt\/opaska-na-klatke-piersiowa-telesin-z-mocowaniem-do-kamer\/"]}]},{"@type":"ImageObject","inLanguage":"pl-PL","@id":"https:\/\/ironsky.pl\/sklep\/produkt\/opaska-na-klatke-piersiowa-telesin-z-mocowaniem-do-kamer\/#primaryimage","url":"https:\/\/ironsky.pl\/sklep\/wp-content\/uploads\/2026\/04\/22643_1.png","contentUrl":"https:\/\/ironsky.pl\/sklep\/wp-content\/uploads\/2026\/04\/22643_1.png","width":776,"height":573},{"@type":"BreadcrumbList","@id":"https:\/\/ironsky.pl\/sklep\/produkt\/opaska-na-klatke-piersiowa-telesin-z-mocowaniem-do-kamer\/#breadcrumb","itemListElement":[{"@type":"ListItem","position":1,"name":"Strona g\u0142\u00f3wna","item":"https:\/\/ironsky.pl\/sklep\/"},{"@type":"ListItem","position":2,"name":"Wszystkie produkty","item":"https:\/\/ironsky.pl\/sklep\/produkty\/"},{"@type":"ListItem","position":3,"name":"Opaska na klatk\u0119 piersiow\u0105 TELESIN z mocowaniem do kamer"}]},{"@type":"WebSite","@id":"https:\/\/ironsky.pl\/sklep\/#website","url":"https:\/\/ironsky.pl\/sklep\/","name":"IRONSKY.PL Sklep z Dronami","description":"IRONSKY.PL Sklep z Dronami","potentialAction":[{"@type":"SearchAction","target":{"@type":"EntryPoint","urlTemplate":"https:\/\/ironsky.pl\/sklep\/?s={search_term_string}"},"query-input":{"@type":"PropertyValueSpecification","valueRequired":true,"valueName":"search_term_string"}}],"inLanguage":"pl-PL"}]}},"_links":{"self":[{"href":"https:\/\/ironsky.pl\/sklep\/wp-json\/wp\/v2\/product\/55992","targetHints":{"allow":["GET"]}}],"collection":[{"href":"https:\/\/ironsky.pl\/sklep\/wp-json\/wp\/v2\/product"}],"about":[{"href":"https:\/\/ironsky.pl\/sklep\/wp-json\/wp\/v2\/types\/product"}],"replies":[{"embeddable":true,"href":"https:\/\/ironsky.pl\/sklep\/wp-json\/wp\/v2\/comments?post=55992"}],"wp:featuredmedia":[{"embeddable":true,"href":"https:\/\/ironsky.pl\/sklep\/wp-json\/wp\/v2\/media\/55993"}],"wp:attachment":[{"href":"https:\/\/ironsky.pl\/sklep\/wp-json\/wp\/v2\/media?parent=55992"}],"wp:term":[{"taxonomy":"product_brand","embeddable":true,"href":"https:\/\/ironsky.pl\/sklep\/wp-json\/wp\/v2\/product_brand?post=55992"},{"taxonomy":"product_cat","embeddable":true,"href":"https:\/\/ironsky.pl\/sklep\/wp-json\/wp\/v2\/product_cat?post=55992"},{"taxonomy":"product_tag","embeddable":true,"href":"https:\/\/ironsky.pl\/sklep\/wp-json\/wp\/v2\/product_tag?post=55992"}],"curies":[{"name":"wp","href":"https:\/\/api.w.org\/{rel}","templated":true}]}}