{"id":55991,"date":"2026-04-15T10:10:12","date_gmt":"2026-04-15T08:10:12","guid":{"rendered":"https:\/\/ironsky.pl\/sklep\/produkt\/lampa-na-monitor-yeelight-screen-light-bar-pro-rgb-srebrna-2\/"},"modified":"2026-04-15T10:46:42","modified_gmt":"2026-04-15T08:46:42","slug":"lampa-na-monitor-yeelight-screen-light-bar-pro-rgb-srebrna-2","status":"publish","type":"product","link":"https:\/\/ironsky.pl\/sklep\/produkt\/lampa-na-monitor-yeelight-screen-light-bar-pro-rgb-srebrna-2\/","title":{"rendered":"Lampa na monitor YEELIGHT Screen Light Bar Pro RGB (srebrna)"},"content":{"rendered":"<p><img decoding=\"async\" style=\"display: block; margin-left: auto; margin-right: auto;\" src=\"\/data\/include\/cms\/1_DOMINIK\/xiaomi_logo1.png\" border=\"0\" alt=\"\" \/><\/p>\n<p style=\"text-align: center;\"><strong><span style=\"font-size: 10pt;\">Marka Yeelight jest cz\u0119\u015bci\u0105 ekosystemu Xiaomi.<\/span><\/strong><\/p>\n<p style=\"text-align: justify;\">\u00a0<\/p>\n<h3>Lampa na monitor Yeelight Screen Light Bar Pro<\/h3>\n<p>Zapewnij sobie optymalne o\u015bwietlenie, kiedy grasz w gry lub pracujesz przy komputerze. Lampa na monitor Yeelight Screen Light Bar Pro generuje przyjazne dla wzroku \u015bwiat\u0142o, kt\u00f3rego kolor mo\u017cesz dostosowa\u0107 do swoich upodoba\u0144. Ciesz si\u0119 immersyjnym do\u015bwiadczeniem gamingowym, jakie zapewnia kompatybilno\u015b\u0107 z Razer Chroma i wygodnie steruj o\u015bwietleniem za pomoc\u0105 aplikacji Yeelight lub asystenta g\u0142osowego Google Assistant. Produkt jest te\u017c kompatybilny z Amazon Alexa i Samsung SmartThings. Obs\u0142ug\u0119 urz\u0105dzenia u\u0142atwia do\u0142\u0105czony do zestawu zdalny kontroler.<\/p>\n<p><img decoding=\"async\" src=\"https:\/\/b2b.innpro.pl\/data\/include\/cms\/12Yeelight\/Screen-Bar\/1.jpg\" alt=\"12Yeelight\/Screen-Bar\/1\"><\/p>\n<h3>Zanurz si\u0119 w rozgrywce<\/h3>\n<p>Teraz mo\u017cesz jeszcze bardziej zanurzy\u0107 si\u0119 w \u015bwiecie ulubionej gry i uto\u017csami\u0107 z jej bohaterem. Produkt jest kompatybilny z takimi platformami gamingowymi jak Razer Chroma i Overwolf, dzi\u0119ki czemu oferuje fantastyczne efekty \u015bwietlne dostosowane do wydarze\u0144 rozgrywaj\u0105cych si\u0119 na ekranie. Mo\u017cesz te\u017c sparowa\u0107 lamp\u0119 z innymi urz\u0105dzeniami z ekosystemu Razer Chroma &#8211; na przyk\u0142ad z klawiatur\u0105, aby zapewni\u0107 sobie jeszcze bardziej immersyjne do\u015bwiadczenie.<\/p>\n<p><img decoding=\"async\" src=\"https:\/\/b2b.innpro.pl\/data\/include\/cms\/12Yeelight\/Screen-Bar\/2.jpg\" alt=\"12Yeelight\/Screen-Bar\/2\"><\/p>\n<h3>Zdalne sterowanie z aplikacj\u0105<\/h3>\n<p>Zainstaluj aplikacj\u0119 Yeelight i zyskaj dost\u0119p do mn\u00f3stwa ciekawych funkcji. Za pomoc\u0105 smartfona mo\u017cesz zdalnie w\u0142\u0105cza\u0107 lub wy\u0142\u0105cza\u0107 o\u015bwietlenie, a tak\u017ce zmienia\u0107 jego parametry takie jak jasno\u015b\u0107 czy kolor &#8211; w\u015br\u00f3d 16 milion\u00f3w barw z pewno\u015bci\u0105 znajdziesz co\u015b dla siebie. Aplikacja oferuje r\u00f3wnie\u017c wiele ciekawych tryb\u00f3w, kt\u00f3re pozwol\u0105 Ci wykreowa\u0107 niepowtarzaln\u0105 atmosfer\u0119 na ka\u017cd\u0105 okazj\u0119. Zadbaj o odpowiedni klimat, kiedy grasz w ulubiony horror lub zapewnij sobie optymalne \u015bwiat\u0142o na e-sportowy turniej!<\/p>\n<p><img decoding=\"async\" src=\"https:\/\/b2b.innpro.pl\/data\/include\/cms\/12Yeelight\/Screen-Bar\/3.jpg\" alt=\"12Yeelight\/Screen-Bar\/3\"><\/p>\n<h3>W\u0142\u0105cz j\u0105 do swojego systemu Smart Home<\/h3>\n<p>Produkt jest kompatybilny z takimi platformami do zarz\u0105dzania inteligentnym domem jak Google Home, Amazon Alexa i Samsung SmartThings. Dodaj go do systemu, z kt\u00f3rego korzystasz i wygodnie kontroluj wszystkie swoje urz\u0105dzenia z poziomu jednej aplikacji! Po sparowaniu lampy z wybranym asystentem mo\u017cesz te\u017c sterowa\u0107 ni\u0105 za pomoc\u0105 prostych komend g\u0142osowych. Wystarczy kilka s\u0142\u00f3w, aby w\u0142\u0105czy\u0107 \u015bwiat\u0142o lub zmieni\u0107 jego kolor, nie ruszaj\u0105c si\u0119 z miejsca!<\/p>\n<p><img decoding=\"async\" src=\"https:\/\/b2b.innpro.pl\/data\/include\/cms\/12Yeelight\/Screen-Bar\/4.jpg\" alt=\"12Yeelight\/Screen-Bar\/4\"><\/p>\n<h3>Sprawdzi si\u0119 r\u00f3wnie\u017c w pracy<\/h3>\n<p>Pracujesz w domu? A mo\u017ce uczysz si\u0119 zdalnie? Lampa Screen Light Bar Pro Ci si\u0119 przyda! Urz\u0105dzenie generuje przyjazne dla wzroku \u015bwiat\u0142o i zosta\u0142o zaprojektowane w taki spos\u00f3b, aby zapobiega\u0107 odblaskom. Idealnie o\u015bwietli klawiatur\u0119, ksi\u0105\u017ck\u0119 czy notes. Lampa zosta\u0142a te\u017c wyposa\u017cona w magnetyczne mocowanie, dzi\u0119ki kt\u00f3remu mo\u017cesz ustawia\u0107 j\u0105 pod k\u0105tem do 25\u00b0, aby generowane przez ni\u0105 \u015bwiat\u0142o mog\u0142o optymalnie o\u015bwietli\u0107 blat biurka.<\/p>\n<p><img decoding=\"async\" src=\"https:\/\/b2b.innpro.pl\/data\/include\/cms\/12Yeelight\/Screen-Bar\/6.jpg\" alt=\"12Yeelight\/Screen-Bar\/6\"><\/p>\n<h3>Prosta w obs\u0142udze<\/h3>\n<p>Co jeszcze sprawia, \u017ce lampa na monitor Yeelight Screen Light Bar Pro jest tak prosta w obs\u0142udze? W zestawie znajdziesz specjalny kontroler, kt\u00f3ry umo\u017cliwia zdalne sterowanie urz\u0105dzeniem. Za jego pomoc\u0105 mo\u017cesz na przyk\u0142ad w\u0142\u0105czy\u0107 lub wy\u0142\u0105czy\u0107 \u015bwiat\u0142o, dostosowa\u0107 jego jasno\u015b\u0107 i temperatur\u0119 barwow\u0105, a tak\u017ce wybra\u0107 tryb pracy. Wystarczy go przekr\u0119ci\u0107 lub nacisn\u0105\u0107!<\/p>\n<p><img decoding=\"async\" src=\"https:\/\/b2b.innpro.pl\/data\/include\/cms\/12Yeelight\/Screen-Bar\/9.jpg\" alt=\"12Yeelight\/Screen-Bar\/9\"><\/p>\n<div class=\"table-wrapper\">\n<table>\n<tbody>\n<tr>\n<th>Producent<\/th>\n<td>Yeelight<\/td>\n<\/tr>\n<tr>\n<th>Nazwa<\/th>\n<td>Yeelight LED Screen Light Bar Pro<\/td>\n<\/tr>\n<tr>\n<th>Model<\/th>\n<td>YLTD003<\/td>\n<\/tr>\n<tr>\n<th>Wymiary<\/th>\n<td>\u03a623 x 485,5 mm<\/td>\n<\/tr>\n<tr>\n<th>Waga<\/th>\n<td>1000 g<\/td>\n<\/tr>\n<tr>\n<th>Strumie\u0144 \u015bwietlny (jasno\u015b\u0107)<\/th>\n<td>280 lm, mo\u017cliwo\u015b\u0107 regulacji<\/td>\n<\/tr>\n<tr>\n<th>Temperatura barwowa<\/th>\n<td>2700 &#8211; 6500 K, mo\u017cliwo\u015b\u0107 regulacji<\/td>\n<\/tr>\n<tr>\n<th>Napi\u0119cie<\/th>\n<td>100-240 V ~50\/60 Hz 0,3 A<\/td>\n<\/tr>\n<tr>\n<th>Moc znamionowa<\/th>\n<td>10 W<\/td>\n<\/tr>\n<tr>\n<th>Temperatura pracy<\/th>\n<td>-10\u00b0C &#8211; 40\u00b0C<\/td>\n<\/tr>\n<tr>\n<th>Wilgotno\u015b\u0107 otoczenia pracy<\/th>\n<td>0-85% RH<\/td>\n<\/tr>\n<tr>\n<th>Temperatura zewn\u0119trznej powierzchni<\/th>\n<td>\u226445\u00b0C (plastik) \/ 55\u00b0C (metal)<\/td>\n<\/tr>\n<tr>\n<th>CRI<\/th>\n<td>Ra 95<\/td>\n<\/tr>\n<tr>\n<th>Stopie\u0144 ochrony<\/th>\n<td>IP50<\/td>\n<\/tr>\n<tr>\n<th>Wsp\u00f3\u0142czynnik mocy<\/th>\n<td>0,9<\/td>\n<\/tr>\n<tr>\n<th>Po\u0142\u0105czenie bezprzewodowe<\/th>\n<td>WLAN IEEE 802.11 b\/g\/n, 2,4 GHz, Bluetooth 4.2<\/td>\n<\/tr>\n<tr>\n<th>Etykieta energetyczna (EEL)<\/th>\n<td>F<\/td>\n<\/tr>\n<tr>\n<th>\u017bywotno\u015b\u0107<\/th>\n<td>Do 25 000 h<\/td>\n<\/tr>\n<tr>\n<th>Wymienne \u017ar\u00f3d\u0142o \u015bwiat\u0142a<\/th>\n<td>Nie<\/td>\n<\/tr>\n<tr>\n<th>Ochrona przed zwarciem<\/th>\n<td>Tak<\/td>\n<\/tr>\n<tr>\n<th>Moc w trybie czuwania<\/th>\n<td>\u22640,8 W<\/td>\n<\/tr>\n<\/tbody>\n<\/table>\n<\/div>\n","protected":false},"excerpt":{"rendered":"<p>Marka Yeelight jest cz\u0119\u015bci\u0105 ekosystemu Xiaomi. \u00a0 Lampa na monitor Yeelight Screen Light Bar Pro Zapewnij sobie optymalne o\u015bwietlenie, kiedy<\/p>\n","protected":false},"featured_media":41607,"comment_status":"closed","ping_status":"open","template":"","meta":{"_acf_changed":false},"product_brand":[],"product_cat":[5929,6191],"product_tag":[],"class_list":{"0":"post-55991","1":"product","2":"type-product","3":"status-publish","4":"has-post-thumbnail","6":"product_cat-akcesoria-it","7":"product_cat-oswietlenie-akcesoria-it","8":"pa_okres-gwarancji-5754","9":"pa_producent-yeelight","11":"first","12":"outofstock","13":"taxable","14":"shipping-taxable","15":"purchasable","16":"product-type-simple"},"acf":[],"yoast_head":"<!-- This site is optimized with the Yoast SEO plugin v27.2 - https:\/\/yoast.com\/product\/yoast-seo-wordpress\/ -->\n<title>Lampa na monitor YEELIGHT Screen Light Bar Pro RGB (srebrna) - IRONSKY.PL Sklep z Dronami<\/title>\n<meta name=\"description\" content=\"Lampa na monitor YEELIGHT Screen Light Bar Pro RGB (srebrna) - \u2705 sklep z dronami i fachowym doradztwem. \u2705 Tutaj kupisz produkty DJI, Yuneec, Parrot, Syma i wiele innych, a tak\u017ce kursy i licencje na operatora drona.\" \/>\n<meta name=\"robots\" content=\"index, follow, max-snippet:-1, max-image-preview:large, max-video-preview:-1\" \/>\n<link rel=\"canonical\" href=\"https:\/\/ironsky.pl\/sklep\/produkt\/lampa-na-monitor-yeelight-screen-light-bar-pro-rgb-srebrna-2\/\" \/>\n<meta property=\"og:locale\" content=\"pl_PL\" \/>\n<meta property=\"og:type\" content=\"article\" \/>\n<meta property=\"og:title\" content=\"Lampa na monitor YEELIGHT Screen Light Bar Pro RGB (srebrna) - IRONSKY.PL Sklep z Dronami\" \/>\n<meta property=\"og:description\" content=\"Lampa na monitor YEELIGHT Screen Light Bar Pro RGB (srebrna) - \u2705 sklep z dronami i fachowym doradztwem. \u2705 Tutaj kupisz produkty DJI, Yuneec, Parrot, Syma i wiele innych, a tak\u017ce kursy i licencje na operatora drona.\" \/>\n<meta property=\"og:url\" content=\"https:\/\/ironsky.pl\/sklep\/produkt\/lampa-na-monitor-yeelight-screen-light-bar-pro-rgb-srebrna-2\/\" \/>\n<meta property=\"og:site_name\" content=\"IRONSKY.PL Sklep z Dronami\" \/>\n<meta property=\"article:modified_time\" content=\"2026-04-15T08:46:42+00:00\" \/>\n<meta property=\"og:image\" content=\"https:\/\/ironsky.pl\/sklep\/wp-content\/uploads\/2025\/06\/22635_6.jpg\" \/>\n\t<meta property=\"og:image:width\" content=\"800\" \/>\n\t<meta property=\"og:image:height\" content=\"800\" \/>\n\t<meta property=\"og:image:type\" content=\"image\/jpeg\" \/>\n<meta name=\"twitter:card\" content=\"summary_large_image\" \/>\n<meta name=\"twitter:label1\" content=\"Szacowany czas czytania\" \/>\n\t<meta name=\"twitter:data1\" content=\"3 minuty\" \/>\n<script type=\"application\/ld+json\" class=\"yoast-schema-graph\">{\"@context\":\"https:\/\/schema.org\",\"@graph\":[{\"@type\":\"WebPage\",\"@id\":\"https:\/\/ironsky.pl\/sklep\/produkt\/lampa-na-monitor-yeelight-screen-light-bar-pro-rgb-srebrna-2\/\",\"url\":\"https:\/\/ironsky.pl\/sklep\/produkt\/lampa-na-monitor-yeelight-screen-light-bar-pro-rgb-srebrna-2\/\",\"name\":\"Lampa na monitor YEELIGHT Screen Light Bar Pro RGB (srebrna) - IRONSKY.PL Sklep z Dronami\",\"isPartOf\":{\"@id\":\"https:\/\/ironsky.pl\/sklep\/#website\"},\"primaryImageOfPage\":{\"@id\":\"https:\/\/ironsky.pl\/sklep\/produkt\/lampa-na-monitor-yeelight-screen-light-bar-pro-rgb-srebrna-2\/#primaryimage\"},\"image\":{\"@id\":\"https:\/\/ironsky.pl\/sklep\/produkt\/lampa-na-monitor-yeelight-screen-light-bar-pro-rgb-srebrna-2\/#primaryimage\"},\"thumbnailUrl\":\"https:\/\/ironsky.pl\/sklep\/wp-content\/uploads\/2025\/06\/22635_6.jpg\",\"datePublished\":\"2026-04-15T08:10:12+00:00\",\"dateModified\":\"2026-04-15T08:46:42+00:00\",\"description\":\"Lampa na monitor YEELIGHT Screen Light Bar Pro RGB (srebrna) - \u2705 sklep z dronami i fachowym doradztwem. \u2705 Tutaj kupisz produkty DJI, Yuneec, Parrot, Syma i wiele innych, a tak\u017ce kursy i licencje na operatora drona.\",\"breadcrumb\":{\"@id\":\"https:\/\/ironsky.pl\/sklep\/produkt\/lampa-na-monitor-yeelight-screen-light-bar-pro-rgb-srebrna-2\/#breadcrumb\"},\"inLanguage\":\"pl-PL\",\"potentialAction\":[{\"@type\":\"ReadAction\",\"target\":[\"https:\/\/ironsky.pl\/sklep\/produkt\/lampa-na-monitor-yeelight-screen-light-bar-pro-rgb-srebrna-2\/\"]}]},{\"@type\":\"ImageObject\",\"inLanguage\":\"pl-PL\",\"@id\":\"https:\/\/ironsky.pl\/sklep\/produkt\/lampa-na-monitor-yeelight-screen-light-bar-pro-rgb-srebrna-2\/#primaryimage\",\"url\":\"https:\/\/ironsky.pl\/sklep\/wp-content\/uploads\/2025\/06\/22635_6.jpg\",\"contentUrl\":\"https:\/\/ironsky.pl\/sklep\/wp-content\/uploads\/2025\/06\/22635_6.jpg\",\"width\":800,\"height\":800},{\"@type\":\"BreadcrumbList\",\"@id\":\"https:\/\/ironsky.pl\/sklep\/produkt\/lampa-na-monitor-yeelight-screen-light-bar-pro-rgb-srebrna-2\/#breadcrumb\",\"itemListElement\":[{\"@type\":\"ListItem\",\"position\":1,\"name\":\"Strona g\u0142\u00f3wna\",\"item\":\"https:\/\/ironsky.pl\/sklep\/\"},{\"@type\":\"ListItem\",\"position\":2,\"name\":\"Wszystkie produkty\",\"item\":\"https:\/\/ironsky.pl\/sklep\/produkty\/\"},{\"@type\":\"ListItem\",\"position\":3,\"name\":\"Lampa na monitor YEELIGHT Screen Light Bar Pro RGB (srebrna)\"}]},{\"@type\":\"WebSite\",\"@id\":\"https:\/\/ironsky.pl\/sklep\/#website\",\"url\":\"https:\/\/ironsky.pl\/sklep\/\",\"name\":\"IRONSKY.PL Sklep z Dronami\",\"description\":\"IRONSKY.PL Sklep z Dronami\",\"potentialAction\":[{\"@type\":\"SearchAction\",\"target\":{\"@type\":\"EntryPoint\",\"urlTemplate\":\"https:\/\/ironsky.pl\/sklep\/?s={search_term_string}\"},\"query-input\":{\"@type\":\"PropertyValueSpecification\",\"valueRequired\":true,\"valueName\":\"search_term_string\"}}],\"inLanguage\":\"pl-PL\"}]}<\/script>\n<!-- \/ Yoast SEO plugin. -->","yoast_head_json":{"title":"Lampa na monitor YEELIGHT Screen Light Bar Pro RGB (srebrna) - IRONSKY.PL Sklep z Dronami","description":"Lampa na monitor YEELIGHT Screen Light Bar Pro RGB (srebrna) - \u2705 sklep z dronami i fachowym doradztwem. \u2705 Tutaj kupisz produkty DJI, Yuneec, Parrot, Syma i wiele innych, a tak\u017ce kursy i licencje na operatora drona.","robots":{"index":"index","follow":"follow","max-snippet":"max-snippet:-1","max-image-preview":"max-image-preview:large","max-video-preview":"max-video-preview:-1"},"canonical":"https:\/\/ironsky.pl\/sklep\/produkt\/lampa-na-monitor-yeelight-screen-light-bar-pro-rgb-srebrna-2\/","og_locale":"pl_PL","og_type":"article","og_title":"Lampa na monitor YEELIGHT Screen Light Bar Pro RGB (srebrna) - IRONSKY.PL Sklep z Dronami","og_description":"Lampa na monitor YEELIGHT Screen Light Bar Pro RGB (srebrna) - \u2705 sklep z dronami i fachowym doradztwem. \u2705 Tutaj kupisz produkty DJI, Yuneec, Parrot, Syma i wiele innych, a tak\u017ce kursy i licencje na operatora drona.","og_url":"https:\/\/ironsky.pl\/sklep\/produkt\/lampa-na-monitor-yeelight-screen-light-bar-pro-rgb-srebrna-2\/","og_site_name":"IRONSKY.PL Sklep z Dronami","article_modified_time":"2026-04-15T08:46:42+00:00","og_image":[{"width":800,"height":800,"url":"https:\/\/ironsky.pl\/sklep\/wp-content\/uploads\/2025\/06\/22635_6.jpg","type":"image\/jpeg"}],"twitter_card":"summary_large_image","twitter_misc":{"Szacowany czas czytania":"3 minuty"},"schema":{"@context":"https:\/\/schema.org","@graph":[{"@type":"WebPage","@id":"https:\/\/ironsky.pl\/sklep\/produkt\/lampa-na-monitor-yeelight-screen-light-bar-pro-rgb-srebrna-2\/","url":"https:\/\/ironsky.pl\/sklep\/produkt\/lampa-na-monitor-yeelight-screen-light-bar-pro-rgb-srebrna-2\/","name":"Lampa na monitor YEELIGHT Screen Light Bar Pro RGB (srebrna) - IRONSKY.PL Sklep z Dronami","isPartOf":{"@id":"https:\/\/ironsky.pl\/sklep\/#website"},"primaryImageOfPage":{"@id":"https:\/\/ironsky.pl\/sklep\/produkt\/lampa-na-monitor-yeelight-screen-light-bar-pro-rgb-srebrna-2\/#primaryimage"},"image":{"@id":"https:\/\/ironsky.pl\/sklep\/produkt\/lampa-na-monitor-yeelight-screen-light-bar-pro-rgb-srebrna-2\/#primaryimage"},"thumbnailUrl":"https:\/\/ironsky.pl\/sklep\/wp-content\/uploads\/2025\/06\/22635_6.jpg","datePublished":"2026-04-15T08:10:12+00:00","dateModified":"2026-04-15T08:46:42+00:00","description":"Lampa na monitor YEELIGHT Screen Light Bar Pro RGB (srebrna) - \u2705 sklep z dronami i fachowym doradztwem. \u2705 Tutaj kupisz produkty DJI, Yuneec, Parrot, Syma i wiele innych, a tak\u017ce kursy i licencje na operatora drona.","breadcrumb":{"@id":"https:\/\/ironsky.pl\/sklep\/produkt\/lampa-na-monitor-yeelight-screen-light-bar-pro-rgb-srebrna-2\/#breadcrumb"},"inLanguage":"pl-PL","potentialAction":[{"@type":"ReadAction","target":["https:\/\/ironsky.pl\/sklep\/produkt\/lampa-na-monitor-yeelight-screen-light-bar-pro-rgb-srebrna-2\/"]}]},{"@type":"ImageObject","inLanguage":"pl-PL","@id":"https:\/\/ironsky.pl\/sklep\/produkt\/lampa-na-monitor-yeelight-screen-light-bar-pro-rgb-srebrna-2\/#primaryimage","url":"https:\/\/ironsky.pl\/sklep\/wp-content\/uploads\/2025\/06\/22635_6.jpg","contentUrl":"https:\/\/ironsky.pl\/sklep\/wp-content\/uploads\/2025\/06\/22635_6.jpg","width":800,"height":800},{"@type":"BreadcrumbList","@id":"https:\/\/ironsky.pl\/sklep\/produkt\/lampa-na-monitor-yeelight-screen-light-bar-pro-rgb-srebrna-2\/#breadcrumb","itemListElement":[{"@type":"ListItem","position":1,"name":"Strona g\u0142\u00f3wna","item":"https:\/\/ironsky.pl\/sklep\/"},{"@type":"ListItem","position":2,"name":"Wszystkie produkty","item":"https:\/\/ironsky.pl\/sklep\/produkty\/"},{"@type":"ListItem","position":3,"name":"Lampa na monitor YEELIGHT Screen Light Bar Pro RGB (srebrna)"}]},{"@type":"WebSite","@id":"https:\/\/ironsky.pl\/sklep\/#website","url":"https:\/\/ironsky.pl\/sklep\/","name":"IRONSKY.PL Sklep z Dronami","description":"IRONSKY.PL Sklep z Dronami","potentialAction":[{"@type":"SearchAction","target":{"@type":"EntryPoint","urlTemplate":"https:\/\/ironsky.pl\/sklep\/?s={search_term_string}"},"query-input":{"@type":"PropertyValueSpecification","valueRequired":true,"valueName":"search_term_string"}}],"inLanguage":"pl-PL"}]}},"_links":{"self":[{"href":"https:\/\/ironsky.pl\/sklep\/wp-json\/wp\/v2\/product\/55991","targetHints":{"allow":["GET"]}}],"collection":[{"href":"https:\/\/ironsky.pl\/sklep\/wp-json\/wp\/v2\/product"}],"about":[{"href":"https:\/\/ironsky.pl\/sklep\/wp-json\/wp\/v2\/types\/product"}],"replies":[{"embeddable":true,"href":"https:\/\/ironsky.pl\/sklep\/wp-json\/wp\/v2\/comments?post=55991"}],"wp:featuredmedia":[{"embeddable":true,"href":"https:\/\/ironsky.pl\/sklep\/wp-json\/wp\/v2\/media\/41607"}],"wp:attachment":[{"href":"https:\/\/ironsky.pl\/sklep\/wp-json\/wp\/v2\/media?parent=55991"}],"wp:term":[{"taxonomy":"product_brand","embeddable":true,"href":"https:\/\/ironsky.pl\/sklep\/wp-json\/wp\/v2\/product_brand?post=55991"},{"taxonomy":"product_cat","embeddable":true,"href":"https:\/\/ironsky.pl\/sklep\/wp-json\/wp\/v2\/product_cat?post=55991"},{"taxonomy":"product_tag","embeddable":true,"href":"https:\/\/ironsky.pl\/sklep\/wp-json\/wp\/v2\/product_tag?post=55991"}],"curies":[{"name":"wp","href":"https:\/\/api.w.org\/{rel}","templated":true}]}}