{"id":55988,"date":"2026-04-15T10:10:12","date_gmt":"2026-04-15T08:10:12","guid":{"rendered":"https:\/\/ironsky.pl\/sklep\/produkt\/kabel-ugreen-us241-1-5m-bialy\/"},"modified":"2026-04-15T10:46:39","modified_gmt":"2026-04-15T08:46:39","slug":"kabel-ugreen-us241-1-5m-bialy","status":"publish","type":"product","link":"https:\/\/ironsky.pl\/sklep\/produkt\/kabel-ugreen-us241-1-5m-bialy\/","title":{"rendered":"Kabel UGREEN US241 1.5m (bia\u0142y)"},"content":{"rendered":"<h3>Ugreen US241 &#8211; praktyczny kabel, jakiego potrzebujesz<\/h3>\n<p>Kabel Ugreen US241 to wysokiej klasy akcesorium, z kt\u00f3rego pomoc\u0105 szybko i wygodnie pod\u0142\u0105czysz do swojego komputera lub laptopa urz\u0105dzenia takie jak drukarka, skaner czy faks. Wykonany z wytrzyma\u0142ych materia\u0142\u00f3w, gi\u0119tki w zakresie nawet 90\u00b0 i 180\u00b0, a tak\u017ce d\u0142ugi na 1.5 m &#8211; zapewni Ci wygod\u0119 u\u017cytkowania oraz stabilne, bezpieczne po\u0142\u0105czenie, na jakim Ci zale\u017cy.<\/p>\n<p><img decoding=\"async\" src=\"https:\/\/b2b.innpro.pl\/data\/include\/cms\/6.1DominikJ\/UGREEN\/US241\/0_3.jpg\"><\/p>\n<h3>Pe\u0142na kompatybilno\u015b\u0107<\/h3>\n<p>Ju\u017c nie potrzebujesz dodatkowych adapter\u00f3w &#8211; Ugreen jest kompatybilny z wi\u0119kszo\u015bci\u0105 urz\u0105dze\u0144, jakich mo\u017cesz u\u017cywa\u0107. Uniwersalna ko\u0144c\u00f3wka USB-C idealnie pasuje mi\u0119dzy innymi do laptop\u00f3w, komputer\u00f3w czy Macbook\u00f3w. Jest te\u017c kompatybilna ze z\u0142\u0105czem Thunderbolt 3. Z kolei wtyczka USB-B doskonale dzia\u0142a ze skanerami, drukarkami i faksami. Pod\u0142\u0105czenie wybranych urz\u0105dze\u0144 do komputera mo\u017ce by\u0107 naprawd\u0119 proste i wygodne &#8211; wypr\u00f3buj US241 i przekonaj si\u0119, \u017ce to prawda!<\/p>\n<p><img decoding=\"async\" src=\"https:\/\/b2b.innpro.pl\/data\/include\/cms\/6.1DominikJ\/UGREEN\/US241\/0_2.jpg\"><\/p>\n<h3>B\u0142yskawiczna transmisja danych<\/h3>\n<p>Ugreen zaskoczy Ci\u0119 pr\u0119dko\u015bci\u0105 transmisji danych &#8211; wynosi ona nawet do 480 MB\/s. Dzi\u0119ki temu b\u0142yskawicznie prze\u015blesz swoje pliki mi\u0119dzy laptopem a wybranym urz\u0105dzeniem. Drukowanie, skanowanie, faksowanie &#8211; wszystko to mo\u017ce trwa\u0107 kr\u00f3cej ni\u017c kiedykolwiek przedtem. Zapomnij o niezno\u015bnie d\u0142ugim oczekiwaniu &#8211; dzi\u0119ki niezwyk\u0142ej pr\u0119dko\u015bci transmisji danych US241 pozwoli Ci zaoszcz\u0119dzi\u0107 czas.<\/p>\n<p><img decoding=\"async\" src=\"https:\/\/b2b.innpro.pl\/data\/include\/cms\/6.1DominikJ\/UGREEN\/US241\/0_4.jpg\"><\/p>\n<h3>Stworzony dla Twojej wygody<\/h3>\n<p>Kabel wykonany zosta\u0142 z wysokiej klasy materia\u0142\u00f3w, kt\u00f3re zapewniaj\u0105 mu wytrzyma\u0142o\u015b\u0107 i elastyczno\u015b\u0107. Mo\u017cesz dowolnie go wygina\u0107 &#8211; nie grozi mu uszkodzenie, co potwierdzaj\u0105 przeprowadzone na nim testy gi\u0119tko\u015bci. Do stworzenia os\u0142ony US241 wykorzystano tworzywo TPE, kt\u00f3re zapewnia du\u017c\u0105 trwa\u0142o\u015b\u0107 i zapobiega nadmiernemu skr\u0119caniu si\u0119 przewodu. D\u0142ugo\u015b\u0107 2 m wystarczy, aby zapewni\u0107 Ci komfortow\u0105 prac\u0119. Elastyczny, wytrzyma\u0142y i wygodny w u\u017cyciu &#8211; kabel Ugreen zosta\u0142 zaprojektowany tak, aby zachwyci\u0107 Ci\u0119 funkcjonalno\u015bci\u0105.<\/p>\n<p><img decoding=\"async\" src=\"https:\/\/b2b.innpro.pl\/data\/include\/cms\/6.1DominikJ\/UGREEN\/US241\/0_5.jpg\"><br \/>\n<img decoding=\"async\" src=\"https:\/\/b2b.innpro.pl\/data\/include\/cms\/6.1DominikJ\/UGREEN\/US241\/0_6.jpg\"><\/p>\n<div class=\"table-wrapper\">\n<table style=\"height: 398px; margin-left: auto; margin-right: auto;\" width=\"658\">\n<tbody>\n<tr>\n<td><strong><span>Producent<\/span><\/strong><\/td>\n<td><span>UGREEN<\/span><\/td>\n<\/tr>\n<tr>\n<td><strong><span>Model<\/span><\/strong><\/td>\n<td><span>US241<\/span><\/td>\n<\/tr>\n<tr>\n<td><strong><span>Kod produktu<\/span><\/strong><\/td>\n<td><span>50446<\/span><\/td>\n<\/tr>\n<tr>\n<td><strong><span>Interfejs<\/span><\/strong><\/td>\n<td><span>USB-C 2.0 &#8211; Kabel drukarki<\/span><\/td>\n<\/tr>\n<tr>\n<td><strong><span>Pr\u0119dko\u015b\u0107 przesy\u0142u danych<\/span><\/strong><\/td>\n<td><span>480Mbps<\/span><\/td>\n<\/tr>\n<tr>\n<td><strong><span>D\u0142ugo\u015b\u0107 przewodu<\/span><\/strong><\/td>\n<td><span>1.5 m<\/span><\/td>\n<\/tr>\n<tr>\n<td><strong><span>Kolor<\/span><\/strong><\/td>\n<td><span>Bia\u0142y<\/span><\/td>\n<\/tr>\n<tr>\n<td><strong><span>Materia\u0142<\/span><\/strong><\/td>\n<td><span>Niklowana wtyczka<\/span><\/td>\n<\/tr>\n<\/tbody>\n<\/table>\n<\/div>\n","protected":false},"excerpt":{"rendered":"<p>Ugreen US241 &#8211; praktyczny kabel, jakiego potrzebujesz Kabel Ugreen US241 to wysokiej klasy akcesorium, z kt\u00f3rego pomoc\u0105 szybko i wygodnie<\/p>\n","protected":false},"featured_media":41603,"comment_status":"closed","ping_status":"open","template":"","meta":{"_acf_changed":false},"product_brand":[],"product_cat":[5929,5931,5932],"product_tag":[],"class_list":{"0":"post-55988","1":"product","2":"type-product","3":"status-publish","4":"has-post-thumbnail","6":"product_cat-akcesoria-it","7":"product_cat-kable","8":"product_cat-usb","9":"pa_okres-gwarancji-5757","10":"pa_producent-ugreen","12":"first","13":"outofstock","14":"taxable","15":"shipping-taxable","16":"purchasable","17":"product-type-simple"},"acf":[],"yoast_head":"<!-- This site is optimized with the Yoast SEO plugin v27.2 - https:\/\/yoast.com\/product\/yoast-seo-wordpress\/ -->\n<title>Kabel UGREEN US241 1.5m (bia\u0142y) - IRONSKY.PL Sklep z Dronami<\/title>\n<meta name=\"description\" content=\"Kabel UGREEN US241 1.5m (bia\u0142y) - \u2705 sklep z dronami i fachowym doradztwem. \u2705 Tutaj kupisz produkty DJI, Yuneec, Parrot, Syma i wiele innych, a tak\u017ce kursy i licencje na operatora drona.\" \/>\n<meta name=\"robots\" content=\"index, follow, max-snippet:-1, max-image-preview:large, max-video-preview:-1\" \/>\n<link rel=\"canonical\" href=\"https:\/\/ironsky.pl\/sklep\/produkt\/kabel-ugreen-us241-1-5m-bialy\/\" \/>\n<meta property=\"og:locale\" content=\"pl_PL\" \/>\n<meta property=\"og:type\" content=\"article\" \/>\n<meta property=\"og:title\" content=\"Kabel UGREEN US241 1.5m (bia\u0142y) - IRONSKY.PL Sklep z Dronami\" \/>\n<meta property=\"og:description\" content=\"Kabel UGREEN US241 1.5m (bia\u0142y) - \u2705 sklep z dronami i fachowym doradztwem. \u2705 Tutaj kupisz produkty DJI, Yuneec, Parrot, Syma i wiele innych, a tak\u017ce kursy i licencje na operatora drona.\" \/>\n<meta property=\"og:url\" content=\"https:\/\/ironsky.pl\/sklep\/produkt\/kabel-ugreen-us241-1-5m-bialy\/\" \/>\n<meta property=\"og:site_name\" content=\"IRONSKY.PL Sklep z Dronami\" \/>\n<meta property=\"article:modified_time\" content=\"2026-04-15T08:46:39+00:00\" \/>\n<meta property=\"og:image\" content=\"https:\/\/ironsky.pl\/sklep\/wp-content\/uploads\/2025\/06\/22601_1.jpg\" \/>\n\t<meta property=\"og:image:width\" content=\"800\" \/>\n\t<meta property=\"og:image:height\" content=\"800\" \/>\n\t<meta property=\"og:image:type\" content=\"image\/jpeg\" \/>\n<meta name=\"twitter:card\" content=\"summary_large_image\" \/>\n<meta name=\"twitter:label1\" content=\"Szacowany czas czytania\" \/>\n\t<meta name=\"twitter:data1\" content=\"2 minuty\" \/>\n<script type=\"application\/ld+json\" class=\"yoast-schema-graph\">{\"@context\":\"https:\/\/schema.org\",\"@graph\":[{\"@type\":\"WebPage\",\"@id\":\"https:\/\/ironsky.pl\/sklep\/produkt\/kabel-ugreen-us241-1-5m-bialy\/\",\"url\":\"https:\/\/ironsky.pl\/sklep\/produkt\/kabel-ugreen-us241-1-5m-bialy\/\",\"name\":\"Kabel UGREEN US241 1.5m (bia\u0142y) - IRONSKY.PL Sklep z Dronami\",\"isPartOf\":{\"@id\":\"https:\/\/ironsky.pl\/sklep\/#website\"},\"primaryImageOfPage\":{\"@id\":\"https:\/\/ironsky.pl\/sklep\/produkt\/kabel-ugreen-us241-1-5m-bialy\/#primaryimage\"},\"image\":{\"@id\":\"https:\/\/ironsky.pl\/sklep\/produkt\/kabel-ugreen-us241-1-5m-bialy\/#primaryimage\"},\"thumbnailUrl\":\"https:\/\/ironsky.pl\/sklep\/wp-content\/uploads\/2025\/06\/22601_1.jpg\",\"datePublished\":\"2026-04-15T08:10:12+00:00\",\"dateModified\":\"2026-04-15T08:46:39+00:00\",\"description\":\"Kabel UGREEN US241 1.5m (bia\u0142y) - \u2705 sklep z dronami i fachowym doradztwem. \u2705 Tutaj kupisz produkty DJI, Yuneec, Parrot, Syma i wiele innych, a tak\u017ce kursy i licencje na operatora drona.\",\"breadcrumb\":{\"@id\":\"https:\/\/ironsky.pl\/sklep\/produkt\/kabel-ugreen-us241-1-5m-bialy\/#breadcrumb\"},\"inLanguage\":\"pl-PL\",\"potentialAction\":[{\"@type\":\"ReadAction\",\"target\":[\"https:\/\/ironsky.pl\/sklep\/produkt\/kabel-ugreen-us241-1-5m-bialy\/\"]}]},{\"@type\":\"ImageObject\",\"inLanguage\":\"pl-PL\",\"@id\":\"https:\/\/ironsky.pl\/sklep\/produkt\/kabel-ugreen-us241-1-5m-bialy\/#primaryimage\",\"url\":\"https:\/\/ironsky.pl\/sklep\/wp-content\/uploads\/2025\/06\/22601_1.jpg\",\"contentUrl\":\"https:\/\/ironsky.pl\/sklep\/wp-content\/uploads\/2025\/06\/22601_1.jpg\",\"width\":800,\"height\":800},{\"@type\":\"BreadcrumbList\",\"@id\":\"https:\/\/ironsky.pl\/sklep\/produkt\/kabel-ugreen-us241-1-5m-bialy\/#breadcrumb\",\"itemListElement\":[{\"@type\":\"ListItem\",\"position\":1,\"name\":\"Strona g\u0142\u00f3wna\",\"item\":\"https:\/\/ironsky.pl\/sklep\/\"},{\"@type\":\"ListItem\",\"position\":2,\"name\":\"Wszystkie produkty\",\"item\":\"https:\/\/ironsky.pl\/sklep\/produkty\/\"},{\"@type\":\"ListItem\",\"position\":3,\"name\":\"Kabel UGREEN US241 1.5m (bia\u0142y)\"}]},{\"@type\":\"WebSite\",\"@id\":\"https:\/\/ironsky.pl\/sklep\/#website\",\"url\":\"https:\/\/ironsky.pl\/sklep\/\",\"name\":\"IRONSKY.PL Sklep z Dronami\",\"description\":\"IRONSKY.PL Sklep z Dronami\",\"potentialAction\":[{\"@type\":\"SearchAction\",\"target\":{\"@type\":\"EntryPoint\",\"urlTemplate\":\"https:\/\/ironsky.pl\/sklep\/?s={search_term_string}\"},\"query-input\":{\"@type\":\"PropertyValueSpecification\",\"valueRequired\":true,\"valueName\":\"search_term_string\"}}],\"inLanguage\":\"pl-PL\"}]}<\/script>\n<!-- \/ Yoast SEO plugin. -->","yoast_head_json":{"title":"Kabel UGREEN US241 1.5m (bia\u0142y) - IRONSKY.PL Sklep z Dronami","description":"Kabel UGREEN US241 1.5m (bia\u0142y) - \u2705 sklep z dronami i fachowym doradztwem. \u2705 Tutaj kupisz produkty DJI, Yuneec, Parrot, Syma i wiele innych, a tak\u017ce kursy i licencje na operatora drona.","robots":{"index":"index","follow":"follow","max-snippet":"max-snippet:-1","max-image-preview":"max-image-preview:large","max-video-preview":"max-video-preview:-1"},"canonical":"https:\/\/ironsky.pl\/sklep\/produkt\/kabel-ugreen-us241-1-5m-bialy\/","og_locale":"pl_PL","og_type":"article","og_title":"Kabel UGREEN US241 1.5m (bia\u0142y) - IRONSKY.PL Sklep z Dronami","og_description":"Kabel UGREEN US241 1.5m (bia\u0142y) - \u2705 sklep z dronami i fachowym doradztwem. \u2705 Tutaj kupisz produkty DJI, Yuneec, Parrot, Syma i wiele innych, a tak\u017ce kursy i licencje na operatora drona.","og_url":"https:\/\/ironsky.pl\/sklep\/produkt\/kabel-ugreen-us241-1-5m-bialy\/","og_site_name":"IRONSKY.PL Sklep z Dronami","article_modified_time":"2026-04-15T08:46:39+00:00","og_image":[{"width":800,"height":800,"url":"https:\/\/ironsky.pl\/sklep\/wp-content\/uploads\/2025\/06\/22601_1.jpg","type":"image\/jpeg"}],"twitter_card":"summary_large_image","twitter_misc":{"Szacowany czas czytania":"2 minuty"},"schema":{"@context":"https:\/\/schema.org","@graph":[{"@type":"WebPage","@id":"https:\/\/ironsky.pl\/sklep\/produkt\/kabel-ugreen-us241-1-5m-bialy\/","url":"https:\/\/ironsky.pl\/sklep\/produkt\/kabel-ugreen-us241-1-5m-bialy\/","name":"Kabel UGREEN US241 1.5m (bia\u0142y) - IRONSKY.PL Sklep z Dronami","isPartOf":{"@id":"https:\/\/ironsky.pl\/sklep\/#website"},"primaryImageOfPage":{"@id":"https:\/\/ironsky.pl\/sklep\/produkt\/kabel-ugreen-us241-1-5m-bialy\/#primaryimage"},"image":{"@id":"https:\/\/ironsky.pl\/sklep\/produkt\/kabel-ugreen-us241-1-5m-bialy\/#primaryimage"},"thumbnailUrl":"https:\/\/ironsky.pl\/sklep\/wp-content\/uploads\/2025\/06\/22601_1.jpg","datePublished":"2026-04-15T08:10:12+00:00","dateModified":"2026-04-15T08:46:39+00:00","description":"Kabel UGREEN US241 1.5m (bia\u0142y) - \u2705 sklep z dronami i fachowym doradztwem. \u2705 Tutaj kupisz produkty DJI, Yuneec, Parrot, Syma i wiele innych, a tak\u017ce kursy i licencje na operatora drona.","breadcrumb":{"@id":"https:\/\/ironsky.pl\/sklep\/produkt\/kabel-ugreen-us241-1-5m-bialy\/#breadcrumb"},"inLanguage":"pl-PL","potentialAction":[{"@type":"ReadAction","target":["https:\/\/ironsky.pl\/sklep\/produkt\/kabel-ugreen-us241-1-5m-bialy\/"]}]},{"@type":"ImageObject","inLanguage":"pl-PL","@id":"https:\/\/ironsky.pl\/sklep\/produkt\/kabel-ugreen-us241-1-5m-bialy\/#primaryimage","url":"https:\/\/ironsky.pl\/sklep\/wp-content\/uploads\/2025\/06\/22601_1.jpg","contentUrl":"https:\/\/ironsky.pl\/sklep\/wp-content\/uploads\/2025\/06\/22601_1.jpg","width":800,"height":800},{"@type":"BreadcrumbList","@id":"https:\/\/ironsky.pl\/sklep\/produkt\/kabel-ugreen-us241-1-5m-bialy\/#breadcrumb","itemListElement":[{"@type":"ListItem","position":1,"name":"Strona g\u0142\u00f3wna","item":"https:\/\/ironsky.pl\/sklep\/"},{"@type":"ListItem","position":2,"name":"Wszystkie produkty","item":"https:\/\/ironsky.pl\/sklep\/produkty\/"},{"@type":"ListItem","position":3,"name":"Kabel UGREEN US241 1.5m (bia\u0142y)"}]},{"@type":"WebSite","@id":"https:\/\/ironsky.pl\/sklep\/#website","url":"https:\/\/ironsky.pl\/sklep\/","name":"IRONSKY.PL Sklep z Dronami","description":"IRONSKY.PL Sklep z Dronami","potentialAction":[{"@type":"SearchAction","target":{"@type":"EntryPoint","urlTemplate":"https:\/\/ironsky.pl\/sklep\/?s={search_term_string}"},"query-input":{"@type":"PropertyValueSpecification","valueRequired":true,"valueName":"search_term_string"}}],"inLanguage":"pl-PL"}]}},"_links":{"self":[{"href":"https:\/\/ironsky.pl\/sklep\/wp-json\/wp\/v2\/product\/55988","targetHints":{"allow":["GET"]}}],"collection":[{"href":"https:\/\/ironsky.pl\/sklep\/wp-json\/wp\/v2\/product"}],"about":[{"href":"https:\/\/ironsky.pl\/sklep\/wp-json\/wp\/v2\/types\/product"}],"replies":[{"embeddable":true,"href":"https:\/\/ironsky.pl\/sklep\/wp-json\/wp\/v2\/comments?post=55988"}],"wp:featuredmedia":[{"embeddable":true,"href":"https:\/\/ironsky.pl\/sklep\/wp-json\/wp\/v2\/media\/41603"}],"wp:attachment":[{"href":"https:\/\/ironsky.pl\/sklep\/wp-json\/wp\/v2\/media?parent=55988"}],"wp:term":[{"taxonomy":"product_brand","embeddable":true,"href":"https:\/\/ironsky.pl\/sklep\/wp-json\/wp\/v2\/product_brand?post=55988"},{"taxonomy":"product_cat","embeddable":true,"href":"https:\/\/ironsky.pl\/sklep\/wp-json\/wp\/v2\/product_cat?post=55988"},{"taxonomy":"product_tag","embeddable":true,"href":"https:\/\/ironsky.pl\/sklep\/wp-json\/wp\/v2\/product_tag?post=55988"}],"curies":[{"name":"wp","href":"https:\/\/api.w.org\/{rel}","templated":true}]}}