{"id":55966,"date":"2026-04-15T10:09:43","date_gmt":"2026-04-15T08:09:43","guid":{"rendered":"https:\/\/ironsky.pl\/sklep\/produkt\/kontroler-dji-rc-pro-3\/"},"modified":"2026-04-15T10:46:32","modified_gmt":"2026-04-15T08:46:32","slug":"kontroler-dji-rc-pro-3","status":"publish","type":"product","link":"https:\/\/ironsky.pl\/sklep\/produkt\/kontroler-dji-rc-pro-3\/","title":{"rendered":"Kontroler DJI RC Pro"},"content":{"rendered":"<h3>DJI RC Pro<\/h3>\n<p>Przenie\u015b swoje do\u015bwiadczenie lotu na kolejny poziom. Aparatura steruj\u0105ca DJI RC Pro zapewnia szybk\u0105 i stabiln\u0105 transmisj\u0119 dzi\u0119ki technologii O3+ i zosta\u0142a wyposa\u017cona w jasny ekran 5,5\u201d, kt\u00f3ry gwarantuje czytelny podgl\u0105d niemal w ka\u017cdych warunkach o\u015bwietleniowych. Najnowszej generacji procesor, rozszerzona pami\u0119\u0107 i udoskonalone dr\u0105\u017cki umo\u017cliwiaj\u0105ce precyzyjne sterowanie dronem &#8211; wszystko to sprawia, \u017ce DJI RC Pro spe\u0142ni oczekiwania nawet najbardziej wymagaj\u0105cych u\u017cytkownik\u00f3w.<\/p>\n<p>\n<img decoding=\"async\" src=\"https:\/\/assets.innpro.pl\/10512\/22733\/2.jpg\" border=\"0\" alt=\"\" \/>\n<\/p>\n<h3>Odkrywaj jeszcze wi\u0119cej<\/h3>\n<p>Pole\u0107 dalej ni\u017c kiedykolwiek wcze\u015bniej i odkryj mn\u00f3stwo ciekawych miejsc. DJI RC Pro obs\u0142uguje system transmisji obrazu O3+, kt\u00f3ry pozwala przesy\u0142a\u0107 wideo 1080p\/60FPS z odleg\u0142o\u015bci si\u0119gaj\u0105cej 15 km. Zapewnia te\u017c ultraniskie op\u00f3\u017anienie na poziomie oko\u0142o 120 ms. Za wi\u0119kszy zasi\u0119g sygna\u0142u oraz niezr\u00f3wnan\u0105 stabilno\u015b\u0107 po\u0142\u0105czenia odpowiadaj\u0105 zaawansowane anteny 2T4R.<\/p>\n<p>\n<img decoding=\"async\" src=\"https:\/\/assets.innpro.pl\/10512\/22733\/1.jpg\" border=\"0\" alt=\"\" \/>\n<\/p>\n<h3>Ekran o wysokiej jasno\u015bci<\/h3>\n<p>DJI RC Pro ma wbudowany ekran 1080p o przek\u0105tnej 5,5\u201d. Jego \u015brednia jasno\u015b\u0107 si\u0119ga 1000 nit\u00f3w. Oferuje te\u017c specjalny tryb Outdoor, kt\u00f3ry umo\u017cliwia automatyczn\u0105 korekt\u0119 cieni, co pozwala bez problemu zobaczy\u0107 ka\u017cdy obiekt &#8211; nawet je\u015bli latasz w wyj\u0105tkowo s\u0142oneczny dzie\u0144.<\/p>\n<p>\n<img decoding=\"async\" src=\"https:\/\/assets.innpro.pl\/10512\/22733\/3.jpg\" border=\"0\" alt=\"\" \/>\n<\/p>\n<h3>Imponuj\u0105co wydajny<\/h3>\n<p>Aparatura zosta\u0142a wyposa\u017cona w procesor najnowszej generacji, kt\u00f3ry zapewnia bardziej niezawodne dzia\u0142anie i pozwala zmniejszy\u0107 zu\u017cycie energii o oko\u0142o 20% wzgl\u0119dem poprzedniego modelu. W efekcie mo\u017cesz cieszy\u0107 si\u0119 nawet 7x lepsz\u0105 wydajno\u015bci\u0105 GPU i 4x lepsz\u0105 wydajno\u015bci\u0105 CPU.<\/p>\n<p>\n<img decoding=\"async\" src=\"https:\/\/assets.innpro.pl\/10512\/22733\/4.jpg\" border=\"0\" alt=\"\" \/>\n<\/p>\n<h3>QuickTransfer<\/h3>\n<p>Pobieraj zdj\u0119cia i filmy z drona z pr\u0119dko\u015bci\u0105 nawet 80 MB\/s. Pozwala na to obs\u0142ugiwany przez RC Pro protok\u00f3\u0142 Wi-Fi 6.<\/p>\n<p>\n<img decoding=\"async\" src=\"https:\/\/assets.innpro.pl\/10512\/22733\/5.jpg\" border=\"0\" alt=\"\" \/>\n<\/p>\n<h3>Niezr\u00f3wnana wydajno\u015b\u0107<\/h3>\n<p>Ciesz si\u0119 jeszcze wy\u017csz\u0105 wydajno\u015bci\u0105 dzi\u0119ki zaktualizowanemu procesorowi DJI RC Pro.<\/p>\n<p>\n<img decoding=\"async\" src=\"https:\/\/assets.innpro.pl\/10512\/22733\/6.jpg\" border=\"0\" alt=\"\" \/>\n<\/p>\n<h3>Zyskaj wymarzon\u0105 precyzj\u0119<\/h3>\n<p>Tw\u00f3rz jeszcze ciekawsze, bardziej dopracowane uj\u0119cia. Dr\u0105\u017cki DJI RC Pro maj\u0105 tak\u0105 sam\u0105 konstrukcj\u0119 jak dr\u0105\u017cki aparatury DJI FPV, co zapewnia niesamowit\u0105 precyzj\u0119 podczas sterowania dronem.<\/p>\n<p>\n<img decoding=\"async\" src=\"https:\/\/assets.innpro.pl\/10512\/22733\/7.jpg\" border=\"0\" alt=\"\" \/>\n<\/p>\n<h3>Natychmiast gotowy do dzia\u0142ania<\/h3>\n<p>Ju\u017c nigdy nie stracisz okazji do wykonania spektakularnego uj\u0119cia. Kiedy w\u0142\u0105czysz zasilanie, DJI RC Pro natychmiast po\u0142\u0105czy si\u0119 z dronem, dzi\u0119ki czemu mo\u017cesz wystartowa\u0107 w mgnieniu oka!<\/p>\n<p>\n<img decoding=\"async\" src=\"https:\/\/assets.innpro.pl\/10512\/22733\/8.jpg\" border=\"0\" alt=\"\" \/>\n<\/p>\n<h3>Fantastyczna jako\u015b\u0107 obrazu i d\u017awi\u0119ku<\/h3>\n<p>Aparatura wspiera filmy 4K\/120FPS. Obs\u0142uguje te\u017c kodeki H.264 i H.265. Zosta\u0142a r\u00f3wnie\u017c wyposa\u017cona w port USB-C, mini-HDMI i gniazdo na karty microSD.<\/p>\n<p>\n<img decoding=\"async\" src=\"https:\/\/assets.innpro.pl\/10512\/22733\/9.jpg\" border=\"0\" alt=\"\" \/>\n<\/p>\n<h3>Jeszcze wi\u0119cej mo\u017cliwo\u015bci<\/h3>\n<p>DJI RC Pro obs\u0142uguje aplikacje zewn\u0119trzne, umo\u017cliwia prowadzenie transmisji na \u017cywo i wyr\u00f3\u017cnia si\u0119 d\u0142ugim czasem pracy.<\/p>\n<p>\n<img decoding=\"async\" src=\"https:\/\/assets.innpro.pl\/10512\/22733\/10.jpg\" border=\"0\" alt=\"\" \/>\n<\/p>\n<h3>Funkcja transmisji na \u017cywo<\/h3>\n<p>Poprowad\u017a livestream lub natychmiast udost\u0119pnij sw\u00f3j kr\u00f3tki film w mediach spo\u0142eczno\u015bciowych. DJI RC Pro pozwala aplikacjom innych firm zyska\u0107 dost\u0119p do podgl\u0105du na \u017cywo z kamery drona, dzi\u0119ki czemu mo\u017cesz wygodnie transmitowa\u0107 wybrane wydarzenia i pokazywa\u0107 je z lotu ptaka.<\/p>\n<p>\n<img decoding=\"async\" src=\"https:\/\/assets.innpro.pl\/10512\/22733\/11.jpg\" border=\"0\" alt=\"\" \/>\n<\/p>\n<h3>Wsparcie aplikacji zewn\u0119trznych<\/h3>\n<p>Zyskaj wi\u0119cej mo\u017cliwo\u015bci edycji i udost\u0119pniania swoich materia\u0142\u00f3w. System DJI RC Pro obs\u0142uguje aplikacje innych firm takie jak na przyk\u0142ad Facebook czy Instagram.<\/p>\n<p>\n<img decoding=\"async\" src=\"https:\/\/assets.innpro.pl\/10512\/22733\/12.jpg\" border=\"0\" alt=\"\" \/>\n<\/p>\n<h3>\u0141aduj szybciej, lataj d\u0142u\u017cej<\/h3>\n<p>Lataj tak d\u0142ugo, jak chcesz. Czas pracy DJI RC Pro si\u0119ga nawet 3 godzin. Aby ca\u0142kowicie na\u0142adowa\u0107 aparatur\u0119, wystarczy oko\u0142o 1,5 godziny.<\/p>\n<p>\n<img decoding=\"async\" src=\"https:\/\/assets.innpro.pl\/10512\/22733\/13.jpg\" border=\"0\" alt=\"\" \/>\n<\/p>\n<div class=\"table-wrapper\">\n<p>\u00a0<\/p>\n<h3><\/h3>\n<table>\n<tbody>\n<tr>\n<th>Producent <\/th>\n<td>DJI<\/td>\n<\/tr>\n<tr>\n<th>Nazwa <\/th>\n<td>DJI RC PRO<\/td>\n<\/tr>\n<tr>\n<th>System transmisji wideo <\/th>\n<td>O3+<\/td>\n<\/tr>\n<tr>\n<th>Maksymalna odleg\u0142o\u015b\u0107 transmisji <\/th>\n<td>8 km (CE\/SRRC\/MIC); 15 km (FCC)<\/td>\n<\/tr>\n<tr>\n<th>Cz\u0119stotliwo\u015b\u0107 robocza <\/th>\n<td>2.400-2.4835 GHz; 5.725-5.850 GHz<\/td>\n<\/tr>\n<tr>\n<th>Anteny <\/th>\n<td>4 Anteny, 2T4R<\/td>\n<\/tr>\n<tr>\n<th>Moc nadajnika (EIRP) <\/th>\n<td>2.4 GHz: \u226433 dBm (FCC); \u226420 dBm (CE\/SRRC\/MIC); 5.8 GHz: \u226433 dBm (FCC); \u226414 dBm (CE); \u226423 dBm (SRRC)<\/td>\n<\/tr>\n<tr>\n<th>Protok\u00f3\u0142 Wi-Fi <\/th>\n<td>802.11a\/g\/n\/ac\/ax Support 2\u00d72 MIMO Wi-Fi<\/td>\n<\/tr>\n<tr>\n<th>Cz\u0119stotliwo\u015b\u0107 robocza Wi-Fi <\/th>\n<td>2.400GHz-2.4835 GHz; 5.725-5.850 GHz<\/td>\n<\/tr>\n<tr>\n<th>Moc nadajnika Wi-Fi (EIRP) <\/th>\n<td>2.4 GHz: \u226426 dBm (FCC); \u226420 dBm (CE\/SRRC\/MIC); 5.8 GHz: \u226426 dBm (FCC\/SRRC); \u226414 dBm (CE)<\/td>\n<\/tr>\n<tr>\n<th>Protok\u00f3\u0142 Bluetooth <\/th>\n<td>Bluetooth 5.1<\/td>\n<\/tr>\n<tr>\n<th>Cz\u0119stotliwo\u015b\u0107 robocza Bluetooth <\/th>\n<td>2.400-2.4835 GHz<\/td>\n<\/tr>\n<tr>\n<th>Moc nadajnika Bluetooth (EIRP) <\/th>\n<td>\u22648 dbm<\/td>\n<\/tr>\n<tr>\n<th>Rozdzielczo\u015b\u0107 <\/th>\n<td>1920\u00d71080<\/td>\n<\/tr>\n<tr>\n<th>Wymiary <\/th>\n<td>5.5&#8243;<\/td>\n<\/tr>\n<tr>\n<th>Liczba klatek na sekund\u0119 <\/th>\n<td>60 fps<\/td>\n<\/tr>\n<tr>\n<th>Obs\u0142uga dotykowa <\/th>\n<td>10-punktowy multi-touch<\/td>\n<\/tr>\n<tr>\n<th>Akumulator <\/th>\n<td>Li-ion (5000 mAh @ 7.2 V)<\/td>\n<\/tr>\n<tr>\n<th>Typ \u0142adowarki <\/th>\n<td>Zalecane \u0142adowanie za pomoc\u0105 \u0142adowarki USB o napi\u0119ciu 12 V lub 15 V.<\/td>\n<\/tr>\n<tr>\n<th>Pojemno\u015b\u0107 pami\u0119ci <\/th>\n<td>32GB pami\u0119ci wewn\u0119trznej + mo\u017cliwo\u015b\u0107 rozszerzenia za pomoc\u0105 karty microSD<\/td>\n<\/tr>\n<tr>\n<th>Moc znamionowa <\/th>\n<td>12 W<\/td>\n<\/tr>\n<tr>\n<th>Czas \u0142adowania <\/th>\n<td>Ok. 2 godziny (z \u0142adowark\u0105 USB przy 12 V); Ok. 1,5 godziny (z \u0142adowark\u0105 USB 15 V) <\/td>\n<\/tr>\n<tr>\n<th>Czas pracy <\/th>\n<td>Do 3 godzin<\/td>\n<\/tr>\n<tr>\n<th>Port wyj\u015bcia wideo <\/th>\n<td>Port mini-HDMI<\/td>\n<\/tr>\n<tr>\n<th>Temperatura pracy <\/th>\n<td>-10\u00b0 do 40\u00b0C (14\u00b0 do 104\u00b0 F)<\/td>\n<\/tr>\n<tr>\n<th>Zakres temperatury przechowywania <\/th>\n<td>Mniej ni\u017c jeden miesi\u0105c: -30\u00b0 do 60\u00b0 C (-22\u00b0 do 140\u00b0 F); Od jednego do trzech miesi\u0119cy: -30\u00b0 do 45\u00b0 C (-22\u00b0 do 113\u00b0 F); Od trzech do sze\u015bciu miesi\u0119cy: -30\u00b0 do 35\u00b0 C (-22\u00b0 do 95\u00b0 F); Wi\u0119cej ni\u017c sze\u015b\u0107 miesi\u0119cy: -30\u00b0 do 25\u00b0 C (-22\u00b0 do 77\u00b0 F)<\/td>\n<\/tr>\n<tr>\n<th>Temperatura \u0142adowania <\/th>\n<td>5\u00b0 do 40\u00b0C (41\u00b0 do 104\u00b0F)<\/td>\n<\/tr>\n<tr>\n<th>Wspierane modele dron\u00f3w <\/th>\n<td>DJI Mavic 3<\/td>\n<\/tr>\n<tr>\n<th>GNSS <\/th>\n<td>GPS + Galileo + GLONASS<\/td>\n<\/tr>\n<tr>\n<th>Wymiary <\/th>\n<td>183,27\u00d7137,41\u00d747,6 mm (anteny z\u0142o\u017cone, kontrolery niezamontowane); 183,27\u00d7203,35\u00d759,84 mm (anteny roz\u0142o\u017cone, kontrolery zamontowane)<\/td>\n<\/tr>\n<tr>\n<th>Waga <\/th>\n<td>Oko\u0142o 680 g<\/td>\n<\/tr>\n<tr>\n<th>Model <\/th>\n<td>RM510<\/td>\n<\/tr>\n<tr>\n<th>Obs\u0142ugiwane karty SD <\/th>\n<td>SanDisk Extreme PRO 64GB V30 A2 microSDXC SanDisk High Endurance 64GB V30 microSDXC SanDisk Extreme 128GB V30 A2 microSDXC SanDisk Extreme 256GB V30 A2 microSDXC SanDisk Extreme 512GB V30 A2 microSDXC Lexar 667x 64GB V30 A2 microSDXC Lexar High-Endurance 64GB V30 microSDXC Lexar High-Endurance 128GB V30 microSDXC Lexar 667x 256GB V30 A2 microSDXC Lexar 512GB V30 A2 microSDXC Samsung EVO 64GB V30 microSDXC Samsung EVO Plus 128GB V30 microSDXC Samsung EVO Plus 256GB V30 microSDXC Samsung EVO Plus 512GB V30 microSDXC Kingston 128GB V30 microSDXC<\/td>\n<\/tr>\n<\/tbody>\n<\/table>\n<\/div>\n","protected":false},"excerpt":{"rendered":"<p>DJI RC Pro Przenie\u015b swoje do\u015bwiadczenie lotu na kolejny poziom. Aparatura steruj\u0105ca DJI RC Pro zapewnia szybk\u0105 i stabiln\u0105 transmisj\u0119<\/p>\n","protected":false},"featured_media":55967,"comment_status":"closed","ping_status":"open","template":"","meta":{"_acf_changed":false},"product_brand":[],"product_cat":[6167,6170,1088],"product_tag":[],"class_list":{"0":"post-55966","1":"product","2":"type-product","3":"status-publish","4":"has-post-thumbnail","6":"product_cat-akcesoria-do-dronow","7":"product_cat-dji-akcesoria-do-dronow","8":"product_cat-drony","9":"pa_producent-dji","11":"first","12":"instock","13":"taxable","14":"shipping-taxable","15":"purchasable","16":"product-type-simple"},"acf":[],"yoast_head":"<!-- This site is optimized with the Yoast SEO plugin v27.2 - https:\/\/yoast.com\/product\/yoast-seo-wordpress\/ -->\n<title>Kontroler DJI RC Pro - IRONSKY.PL Sklep z Dronami<\/title>\n<meta name=\"description\" content=\"Kontroler DJI RC Pro - \u2705 sklep z dronami i fachowym doradztwem. \u2705 Tutaj kupisz produkty DJI, Yuneec, Parrot, Syma i wiele innych, a tak\u017ce kursy i licencje na operatora drona.\" \/>\n<meta name=\"robots\" content=\"index, follow, max-snippet:-1, max-image-preview:large, max-video-preview:-1\" \/>\n<link rel=\"canonical\" href=\"https:\/\/ironsky.pl\/sklep\/produkt\/kontroler-dji-rc-pro-3\/\" \/>\n<meta property=\"og:locale\" content=\"pl_PL\" \/>\n<meta property=\"og:type\" content=\"article\" \/>\n<meta property=\"og:title\" content=\"Kontroler DJI RC Pro - IRONSKY.PL Sklep z Dronami\" \/>\n<meta property=\"og:description\" content=\"Kontroler DJI RC Pro - \u2705 sklep z dronami i fachowym doradztwem. \u2705 Tutaj kupisz produkty DJI, Yuneec, Parrot, Syma i wiele innych, a tak\u017ce kursy i licencje na operatora drona.\" \/>\n<meta property=\"og:url\" content=\"https:\/\/ironsky.pl\/sklep\/produkt\/kontroler-dji-rc-pro-3\/\" \/>\n<meta property=\"og:site_name\" content=\"IRONSKY.PL Sklep z Dronami\" \/>\n<meta property=\"article:modified_time\" content=\"2026-04-15T08:46:32+00:00\" \/>\n<meta property=\"og:image\" content=\"https:\/\/ironsky.pl\/sklep\/wp-content\/uploads\/2026\/04\/22453_1.jpg\" \/>\n\t<meta property=\"og:image:width\" content=\"800\" \/>\n\t<meta property=\"og:image:height\" content=\"800\" \/>\n\t<meta property=\"og:image:type\" content=\"image\/jpeg\" \/>\n<meta name=\"twitter:card\" content=\"summary_large_image\" \/>\n<meta name=\"twitter:label1\" content=\"Szacowany czas czytania\" \/>\n\t<meta name=\"twitter:data1\" content=\"4 minuty\" \/>\n<script type=\"application\/ld+json\" class=\"yoast-schema-graph\">{\"@context\":\"https:\/\/schema.org\",\"@graph\":[{\"@type\":\"WebPage\",\"@id\":\"https:\/\/ironsky.pl\/sklep\/produkt\/kontroler-dji-rc-pro-3\/\",\"url\":\"https:\/\/ironsky.pl\/sklep\/produkt\/kontroler-dji-rc-pro-3\/\",\"name\":\"Kontroler DJI RC Pro - IRONSKY.PL Sklep z Dronami\",\"isPartOf\":{\"@id\":\"https:\/\/ironsky.pl\/sklep\/#website\"},\"primaryImageOfPage\":{\"@id\":\"https:\/\/ironsky.pl\/sklep\/produkt\/kontroler-dji-rc-pro-3\/#primaryimage\"},\"image\":{\"@id\":\"https:\/\/ironsky.pl\/sklep\/produkt\/kontroler-dji-rc-pro-3\/#primaryimage\"},\"thumbnailUrl\":\"https:\/\/ironsky.pl\/sklep\/wp-content\/uploads\/2026\/04\/22453_1.jpg\",\"datePublished\":\"2026-04-15T08:09:43+00:00\",\"dateModified\":\"2026-04-15T08:46:32+00:00\",\"description\":\"Kontroler DJI RC Pro - \u2705 sklep z dronami i fachowym doradztwem. \u2705 Tutaj kupisz produkty DJI, Yuneec, Parrot, Syma i wiele innych, a tak\u017ce kursy i licencje na operatora drona.\",\"breadcrumb\":{\"@id\":\"https:\/\/ironsky.pl\/sklep\/produkt\/kontroler-dji-rc-pro-3\/#breadcrumb\"},\"inLanguage\":\"pl-PL\",\"potentialAction\":[{\"@type\":\"ReadAction\",\"target\":[\"https:\/\/ironsky.pl\/sklep\/produkt\/kontroler-dji-rc-pro-3\/\"]}]},{\"@type\":\"ImageObject\",\"inLanguage\":\"pl-PL\",\"@id\":\"https:\/\/ironsky.pl\/sklep\/produkt\/kontroler-dji-rc-pro-3\/#primaryimage\",\"url\":\"https:\/\/ironsky.pl\/sklep\/wp-content\/uploads\/2026\/04\/22453_1.jpg\",\"contentUrl\":\"https:\/\/ironsky.pl\/sklep\/wp-content\/uploads\/2026\/04\/22453_1.jpg\",\"width\":800,\"height\":800},{\"@type\":\"BreadcrumbList\",\"@id\":\"https:\/\/ironsky.pl\/sklep\/produkt\/kontroler-dji-rc-pro-3\/#breadcrumb\",\"itemListElement\":[{\"@type\":\"ListItem\",\"position\":1,\"name\":\"Strona g\u0142\u00f3wna\",\"item\":\"https:\/\/ironsky.pl\/sklep\/\"},{\"@type\":\"ListItem\",\"position\":2,\"name\":\"Wszystkie produkty\",\"item\":\"https:\/\/ironsky.pl\/sklep\/produkty\/\"},{\"@type\":\"ListItem\",\"position\":3,\"name\":\"Kontroler DJI RC Pro\"}]},{\"@type\":\"WebSite\",\"@id\":\"https:\/\/ironsky.pl\/sklep\/#website\",\"url\":\"https:\/\/ironsky.pl\/sklep\/\",\"name\":\"IRONSKY.PL Sklep z Dronami\",\"description\":\"IRONSKY.PL Sklep z Dronami\",\"potentialAction\":[{\"@type\":\"SearchAction\",\"target\":{\"@type\":\"EntryPoint\",\"urlTemplate\":\"https:\/\/ironsky.pl\/sklep\/?s={search_term_string}\"},\"query-input\":{\"@type\":\"PropertyValueSpecification\",\"valueRequired\":true,\"valueName\":\"search_term_string\"}}],\"inLanguage\":\"pl-PL\"}]}<\/script>\n<!-- \/ Yoast SEO plugin. -->","yoast_head_json":{"title":"Kontroler DJI RC Pro - IRONSKY.PL Sklep z Dronami","description":"Kontroler DJI RC Pro - \u2705 sklep z dronami i fachowym doradztwem. \u2705 Tutaj kupisz produkty DJI, Yuneec, Parrot, Syma i wiele innych, a tak\u017ce kursy i licencje na operatora drona.","robots":{"index":"index","follow":"follow","max-snippet":"max-snippet:-1","max-image-preview":"max-image-preview:large","max-video-preview":"max-video-preview:-1"},"canonical":"https:\/\/ironsky.pl\/sklep\/produkt\/kontroler-dji-rc-pro-3\/","og_locale":"pl_PL","og_type":"article","og_title":"Kontroler DJI RC Pro - IRONSKY.PL Sklep z Dronami","og_description":"Kontroler DJI RC Pro - \u2705 sklep z dronami i fachowym doradztwem. \u2705 Tutaj kupisz produkty DJI, Yuneec, Parrot, Syma i wiele innych, a tak\u017ce kursy i licencje na operatora drona.","og_url":"https:\/\/ironsky.pl\/sklep\/produkt\/kontroler-dji-rc-pro-3\/","og_site_name":"IRONSKY.PL Sklep z Dronami","article_modified_time":"2026-04-15T08:46:32+00:00","og_image":[{"width":800,"height":800,"url":"https:\/\/ironsky.pl\/sklep\/wp-content\/uploads\/2026\/04\/22453_1.jpg","type":"image\/jpeg"}],"twitter_card":"summary_large_image","twitter_misc":{"Szacowany czas czytania":"4 minuty"},"schema":{"@context":"https:\/\/schema.org","@graph":[{"@type":"WebPage","@id":"https:\/\/ironsky.pl\/sklep\/produkt\/kontroler-dji-rc-pro-3\/","url":"https:\/\/ironsky.pl\/sklep\/produkt\/kontroler-dji-rc-pro-3\/","name":"Kontroler DJI RC Pro - IRONSKY.PL Sklep z Dronami","isPartOf":{"@id":"https:\/\/ironsky.pl\/sklep\/#website"},"primaryImageOfPage":{"@id":"https:\/\/ironsky.pl\/sklep\/produkt\/kontroler-dji-rc-pro-3\/#primaryimage"},"image":{"@id":"https:\/\/ironsky.pl\/sklep\/produkt\/kontroler-dji-rc-pro-3\/#primaryimage"},"thumbnailUrl":"https:\/\/ironsky.pl\/sklep\/wp-content\/uploads\/2026\/04\/22453_1.jpg","datePublished":"2026-04-15T08:09:43+00:00","dateModified":"2026-04-15T08:46:32+00:00","description":"Kontroler DJI RC Pro - \u2705 sklep z dronami i fachowym doradztwem. \u2705 Tutaj kupisz produkty DJI, Yuneec, Parrot, Syma i wiele innych, a tak\u017ce kursy i licencje na operatora drona.","breadcrumb":{"@id":"https:\/\/ironsky.pl\/sklep\/produkt\/kontroler-dji-rc-pro-3\/#breadcrumb"},"inLanguage":"pl-PL","potentialAction":[{"@type":"ReadAction","target":["https:\/\/ironsky.pl\/sklep\/produkt\/kontroler-dji-rc-pro-3\/"]}]},{"@type":"ImageObject","inLanguage":"pl-PL","@id":"https:\/\/ironsky.pl\/sklep\/produkt\/kontroler-dji-rc-pro-3\/#primaryimage","url":"https:\/\/ironsky.pl\/sklep\/wp-content\/uploads\/2026\/04\/22453_1.jpg","contentUrl":"https:\/\/ironsky.pl\/sklep\/wp-content\/uploads\/2026\/04\/22453_1.jpg","width":800,"height":800},{"@type":"BreadcrumbList","@id":"https:\/\/ironsky.pl\/sklep\/produkt\/kontroler-dji-rc-pro-3\/#breadcrumb","itemListElement":[{"@type":"ListItem","position":1,"name":"Strona g\u0142\u00f3wna","item":"https:\/\/ironsky.pl\/sklep\/"},{"@type":"ListItem","position":2,"name":"Wszystkie produkty","item":"https:\/\/ironsky.pl\/sklep\/produkty\/"},{"@type":"ListItem","position":3,"name":"Kontroler DJI RC Pro"}]},{"@type":"WebSite","@id":"https:\/\/ironsky.pl\/sklep\/#website","url":"https:\/\/ironsky.pl\/sklep\/","name":"IRONSKY.PL Sklep z Dronami","description":"IRONSKY.PL Sklep z Dronami","potentialAction":[{"@type":"SearchAction","target":{"@type":"EntryPoint","urlTemplate":"https:\/\/ironsky.pl\/sklep\/?s={search_term_string}"},"query-input":{"@type":"PropertyValueSpecification","valueRequired":true,"valueName":"search_term_string"}}],"inLanguage":"pl-PL"}]}},"_links":{"self":[{"href":"https:\/\/ironsky.pl\/sklep\/wp-json\/wp\/v2\/product\/55966","targetHints":{"allow":["GET"]}}],"collection":[{"href":"https:\/\/ironsky.pl\/sklep\/wp-json\/wp\/v2\/product"}],"about":[{"href":"https:\/\/ironsky.pl\/sklep\/wp-json\/wp\/v2\/types\/product"}],"replies":[{"embeddable":true,"href":"https:\/\/ironsky.pl\/sklep\/wp-json\/wp\/v2\/comments?post=55966"}],"wp:featuredmedia":[{"embeddable":true,"href":"https:\/\/ironsky.pl\/sklep\/wp-json\/wp\/v2\/media\/55967"}],"wp:attachment":[{"href":"https:\/\/ironsky.pl\/sklep\/wp-json\/wp\/v2\/media?parent=55966"}],"wp:term":[{"taxonomy":"product_brand","embeddable":true,"href":"https:\/\/ironsky.pl\/sklep\/wp-json\/wp\/v2\/product_brand?post=55966"},{"taxonomy":"product_cat","embeddable":true,"href":"https:\/\/ironsky.pl\/sklep\/wp-json\/wp\/v2\/product_cat?post=55966"},{"taxonomy":"product_tag","embeddable":true,"href":"https:\/\/ironsky.pl\/sklep\/wp-json\/wp\/v2\/product_tag?post=55966"}],"curies":[{"name":"wp","href":"https:\/\/api.w.org\/{rel}","templated":true}]}}