{"id":55965,"date":"2026-04-15T10:09:43","date_gmt":"2026-04-15T08:09:43","guid":{"rendered":"https:\/\/ironsky.pl\/sklep\/produkt\/plan-ochrony-dji-care-refresh-mavic-3-plan-roczny-kod-elektroniczny\/"},"modified":"2026-04-15T10:46:31","modified_gmt":"2026-04-15T08:46:31","slug":"plan-ochrony-dji-care-refresh-mavic-3-plan-roczny-kod-elektroniczny","status":"publish","type":"product","link":"https:\/\/ironsky.pl\/sklep\/produkt\/plan-ochrony-dji-care-refresh-mavic-3-plan-roczny-kod-elektroniczny\/","title":{"rendered":"Plan ochrony DJI Care Refresh Mavic 3 (plan roczny) &#8211; kod elektroniczny"},"content":{"rendered":"<h3>Realizacja wysy\u0142ki Produkt\u00f3w Cyfrowych odbywa si\u0119 od poniedzia\u0142ku do pi\u0105tku w godzinach od 8:00 do 18:00 na adres email podany podczas sk\u0142adania zam\u00f3wienia.<\/h3>\n<p><\/p>\n<div style=\"text-align: justify;\" class=\"iai_top\"><\/div>\n<h3 style=\"text-align: center;\">Ochrona serwisowa z DJI Care Refresh<\/h3>\n<p style=\"text-align: justify;\"><span style=\"font-weight: 400;\">DJI Care Refresh to ochrona serwisowa Twojego drona, kt\u00f3ra zapewni Ci, za niewielk\u0105 dodatkow\u0105 op\u0142at\u0105, dwie wymiany uszkodzonego sprz\u0119tu w ci\u0105gu roku. Obejmuje uszkodzenia powsta\u0142e mi\u0119dzy innymi w wyniku kolizji lub kontaktu produktu z wod\u0105. Uszkodzony sprz\u0119t zostanie w\u00f3wczas wymieniony na nowy lub r\u00f3wnowa\u017cny nowemu. Pakiet serwisowy mo\u017cna aktywowa\u0107 jednorazowo do 48 godzin od aktywacji (pierwszego uruchomienia) drona lub w p\u00f3\u017aniejszym terminie po przes\u0142aniu weryfikacyjnego materia\u0142u wideo do DJI. Istnieje r\u00f3wnie\u017c mo\u017cliwo\u015b\u0107 przed\u0142u\u017cenia ochrony \u2013 wystarczy wykupi\u0107 dodatkowy roczny plan (maksymalnie dwa razy \u2013 \u0142\u0105cznie zyskujesz nawet 3 lata). Co wi\u0119cej, w okresie wa\u017cno\u015bci us\u0142ugi obowi\u0105zuje oficjalna gwarancja producenta.<\/span><\/p>\n<p style=\"text-align: justify;\"><img decoding=\"async\" src=\"\/data\/include\/cms\/12DJI\/Care-Refresh\/Film.jpg\" border=\"0\" alt=\"\" width=\"1100\" height=\"700\" \/><\/p>\n<p style=\"text-align: justify;\">\u00a0<\/p>\n<h3 style=\"text-align: center;\">DJI Mavic 3<\/h3>\n<p style=\"text-align: justify;\">Dla DJI Mavic 3 koszt ka\u017cdej wymiany w ramach DJI Care Refresh wynosi 795 PLN. Koszt us\u0142ugi Flyaway to 3495 PLN.*<\/p>\n<p style=\"text-align: justify;\">*W przypadku zg\u0142oszenia bezpo\u015brednio u producenta, kwota wymiany mo\u017ce ulec zmianie w zale\u017cno\u015bci od aktualnego kursu walut.<\/p>\n<p>\u00a0<\/p>\n<h3><strong>Rozszerzona gwarancja<\/strong><\/h3>\n<p><span style=\"font-weight: 400;\"><span style=\"font-weight: 400;\">U\u017cytkownicy urz\u0105dze\u0144 takich jak DJI Mavic 3 Pro, DJI Mavic 3 Pro Cine, DJI Mini 2 SE, DJI RS 3 Mini, DJI Mini 3, DJI Mavic 3 Classic, Osmo Mobile 6, Osmo Mobile SE, Osmo Action 3, DJI Avata, DJI RS 3, DJI RS 3 Pro, DJI Mini 3 Pro, DJI Mavic 3, DJI Mavic 3 Cine oraz DJI Action 2 mog\u0105 te\u017c uzyska\u0107 dodatkowe benefity. Je\u015bli w okresie wa\u017cno\u015bci us\u0142ugi Care Refresh ani razu nie skorzystasz z mo\u017cliwo\u015bci wymiany, w ramach nagrody otrzymasz przed\u0142u\u017cenie gwarancji na dodatkowy rok.<\/span><\/span><\/p>\n<p style=\"text-align: justify;\"><img decoding=\"async\" src=\"https:\/\/b2b.innpro.pl\/data\/include\/cms\/12DJI\/opisy-care-refresh\/Mavix\/Mavic-3\/mavic3glowne.png\" border=\"0\" width=\"1100\" height=\"700\" \/><\/p>\n<p style=\"text-align: justify;\">\u00a0<\/p>\n<h3 style=\"text-align: center;\">Flyaway Coverage<\/h3>\n<p style=\"text-align: justify;\">DJI Care Flyaway to dodatkowa us\u0142uga w planie serwisowym DJI Care Refresh, kt\u00f3ra pozwala na otrzymanie zupe\u0142nie nowego drona w razie, gdyby poprzedni odlecia\u0142 z niewiadomych przyczyn i nie uda\u0142o si\u0119 go odzyska\u0107. W przypadku nieintencjonalnego zagubienia drona wystarczy ui\u015bci\u0107 odpowiedni\u0105 op\u0142at\u0119 serwisow\u0105, aby otrzyma\u0107 ca\u0142kowicie nowy produkt. Us\u0142uga jest dost\u0119pna dla wszystkich u\u017cytkownik\u00f3w posiadaj\u0105cych wykupion\u0105 ochron\u0119 DJI Care Refresh (Mavic 3, Mavic 3 Cine, Mini 2, Mavic Air 2, DJI Air 2S), r\u00f3wnie\u017c dla os\u00f3b, kt\u00f3re wykupi\u0142y je przed wprowadzeniem us\u0142ugi Flyaway.<\/p>\n<p>DJI Care Refresh (plan roczny) oferuje dwie wymiany i mo\u017cliwo\u015b\u0107 skorzystania z Flyaway Coverage.<br \/>DJI Care Refresh (pakiet 2-letni) oferuje trzy wymiany i szans\u0119 na skorzystanie z Flyaway Coverage.<\/p>\n<p style=\"text-align: justify;\">\u00a0<\/p>\n<h3 style=\"text-align: center;\">Aktywacja Flyaway Coverage<\/h3>\n<p style=\"text-align: justify;\">Aby skorzysta\u0107 z Flyaway Coverage, u\u017cytkownik musi powi\u0105za\u0107 swoje konto DJI oraz kontroler zdalnego sterowania z dronem za pomoc\u0105 aplikacji DJI Fly. Je\u015bli nie zrobi tego przed ewentualn\u0105 ucieczk\u0105 urz\u0105dzenia, nie b\u0119dzie m\u00f3g\u0142 skorzysta\u0107 z us\u0142ugi wymiany.<\/p>\n<p style=\"text-align: justify;\">\u00a0<\/p>\n<h3 style=\"text-align: center;\">Jak aktywowa\u0107 DJI Care Refresh<\/h3>\n<p style=\"text-align: justify;\">1. Kod nale\u017cy aktywowa\u0107 pod adresem:\u00a0<a href=\"https:\/\/support.dji.com\/care\/active\">https:\/\/support.dji.com\/care\/active<\/a>.<br \/>2. W trakcie procesu aktywacji nale\u017cy poda\u0107 tre\u015b\u0107 kodu Care Refresh, numer seryjny urz\u0105dzenia (znajduje si\u0119 on bezpo\u015brednio na produkcie) oraz dane osoby aktywuj\u0105cej Pakiet (imi\u0119 i nazwisko, adres e-mail).<br \/>3. Pakiet Serwisowy zostanie aktywowany i automatycznie przypisany do odpowiedniego regionu. Potwierdzenie aktywacji DJI Care Refresh otrzymasz drog\u0105 mailow\u0105. Tw\u00f3j dron jest ju\u017c bezpieczny!<\/p>\n<p>Istnieje r\u00f3wnie\u017c mo\u017cliwo\u015b\u0107 przypisania DJI Care Refresh do produktu po up\u0142yni\u0119ciu 48 godzin od jego aktywacji. W tym celu nale\u017cy przes\u0142a\u0107 film weryfikacyjny, prezentuj\u0105cy stan urz\u0105dzenia producentowi. Szczeg\u00f3\u0142owe informacje oraz przyk\u0142adowy materia\u0142 wideo dost\u0119pne s\u0105 pod adresem:\u00a0<a href=\"https:\/\/repair.dji.com\/en\/djicare\/customerupload\">https:\/\/repair.dji.com\/en\/djicare\/customerupload<\/a>.<\/p>\n<p style=\"text-align: justify;\"><img decoding=\"async\" src=\"\/data\/include\/cms\/12DJI\/Care-Refresh\/02.jpg\" border=\"0\" alt=\"\" width=\"1100\" height=\"700\" \/><\/p>\n<p style=\"text-align: justify;\">\u00a0<\/p>\n<h3 style=\"text-align: center;\">Gdy zdarzy si\u0119 wypadek<\/h3>\n<p style=\"text-align: justify;\">Procedura post\u0119powania w razie wypadku jest banalnie prosta. Wystarczy, \u017ce zg\u0142osisz awari\u0119 i wy\u015blesz uszkodzony sprz\u0119t do serwisu gwarancyjnego DJI &#8211; nie zapomnij o adnotacji, \u017ce korzystasz z DJI Care Refresh. Po otrzymaniu wyceny naprawy mo\u017cesz wybra\u0107, czy si\u0119 na ni\u0105 decydujesz, czy wolisz skorzysta\u0107 z wymiany w ramach Us\u0142ugi Serwisowej. Kiedy wybierzesz drug\u0105 opcj\u0119, musisz tylko ui\u015bci\u0107 odpowiedni\u0105 op\u0142at\u0119 &#8211; wymienione urz\u0105dzenie otrzymasz priorytetowo, a je\u015bli znajdujesz si\u0119 w tym samym regionie, w kt\u00f3rym zosta\u0142a zakupiona us\u0142uga DJI Care Refresh, wysy\u0142k\u0119 op\u0142aci producent!<\/p>\n<p>1. U\u017cytkownik zg\u0142asza usterk\u0119 i wysy\u0142a drona do niemieckiego serwisu DJI z adnotacj\u0105, \u017ce posiada DJI Care Refresh.<br \/>2. U\u017cytkownik dostaje wycen\u0119 naprawy i na tej podstawie decyduje czy chce dokona\u0107 naprawy\/wymiany odp\u0142atnie b\u0105d\u017a przez DJI Care Refresh.<br \/>3. Po wybraniu opcji DJI Care Refresh u\u017cytkownik uiszcza op\u0142at\u0119 za wymian\u0119 i dostaje inny egzemplarz b\u0105d\u017a nowe cz\u0119\u015bci zamienne tzn. gimbala, kamer\u0119, \u015bmig\u0142a.<br \/>4. Wymieniony produkt zostaje priorytetowo dostarczony do u\u017cytkownika z darmow\u0105 wysy\u0142k\u0105.<\/p>\n<p style=\"text-align: justify;\"><img decoding=\"async\" src=\"\/data\/include\/cms\/12DJI\/Care-Refresh\/03.jpg\" border=\"0\" alt=\"\" width=\"1100\" height=\"700\" \/><\/p>\n<p style=\"text-align: justify;\">\u00a0<\/p>\n<h3 style=\"text-align: center;\">Przypadki obj\u0119te DJI Care Refresh<\/h3>\n<p style=\"text-align: justify;\">Wykupuj\u0105c DJI Care Refresh ochraniasz swojego drona przed m.in. upadkiem, utopieniem, kolizj\u0105 czy wypadkiem spowodowanym zak\u0142\u00f3ceniem sygna\u0142u pracy drona. DJI Care Refresh obejmuje r\u00f3wnie\u017c wypadki wywo\u0142ane z winy operatora.<\/p>\n<ul>\n<li>B\u0142\u0105d u\u017cytkownika<\/li>\n<li>Zak\u0142\u00f3cenie sygna\u0142u<\/li>\n<li>Kolizja<\/li>\n<li>Utopienie (Warunkiem skorzystania z ochrony jest dostarczenie wraku drona do centrum serwisowego producenta)<\/li>\n<li>Upadek<\/li>\n<\/ul>\n<p><img decoding=\"async\" src=\"\/data\/include\/cms\/12DJI\/Care-Refresh\/04.jpg\" border=\"0\" alt=\"\" width=\"1100\" height=\"700\" \/><\/p>\n<p>\u00a0<\/p>\n<h3 style=\"text-align: center;\">DJI Care Refresh nie obejmuje<\/h3>\n<p style=\"text-align: justify;\">1) Zgubionego b\u0105d\u017a cz\u0119\u015bciowo zgubionego drona, gimbala lub akcesori\u00f3w.<br \/>2) Kradzie\u017cy lub porzucenia produktu.<br \/>3) Uszkodze\u0144 spowodowanych lotem w niew\u0142a\u015bciwych warunkach atmosferycznych.<br \/>4) Nadajnika, akcesori\u00f3w dodatkowych.<br \/>5) Rozmy\u015blnej utraty drona.<br \/>6) Uszkodze\u0144 obudowy, kt\u00f3re nie wp\u0142ywaj\u0105 na dzia\u0142anie produktu.<br \/>7) Bezpo\u015brednich lub niebezpo\u015brednich uszkodze\u0144 spowodowanych dzia\u0142aniem si\u0142 wy\u017cszych.<br \/>8) Usterek powsta\u0142ych poza okresem wa\u017cno\u015bci DJI Care Refresh.<br \/>9) Dodatkowych op\u0142at zwi\u0105zanych z ulepszaniem modelu, poprawianiem jego osi\u0105g\u00f3w.<br \/>10) Usterek wynikaj\u0105cych z przeprowadzania modyfikacji, kt\u00f3re nie s\u0105 zgodne z zaleceniami znajduj\u0105cymi si\u0119 w podr\u0119czniku u\u017cytkownika b\u0105d\u017a z u\u017cywania niekompatybilnych akumulator\u00f3w i \u0142adowarki.<br \/>11) Usterek wynikaj\u0105cych z korzystania z nieautoryzowanych akcesori\u00f3w, akumulator\u00f3w b\u0105d\u017a oprogramowania.<\/p>\n<p style=\"text-align: justify;\">\u00a0<\/p>\n<h3><strong>Mo\u017cliwo\u015b\u0107 przed\u0142u\u017cenia ochrony<\/strong><\/h3>\n<p><span style=\"font-weight: 400;\">U\u017cytkownicy maj\u0105 tak\u017ce mo\u017cliwo\u015b\u0107 przed\u0142u\u017cenia ochrony do maksymalnie 3 lat. Aby to zrobi\u0107, wystarczy wykupi\u0107 dodatkowy roczny plan.<\/span><\/p>\n<ul>\n<li>Je\u015bli masz plan roczny DJI Care Refresh, mo\u017cesz przed\u0142u\u017cy\u0107 ochron\u0119 2 razy, dokupuj\u0105c 2 kolejne plany roczne: plan roczny + plan roczny + plan roczny.<\/li>\n<li>Je\u015bli masz plan 2-letni, mo\u017cesz przed\u0142u\u017cy\u0107 ochron\u0119 tylko raz, dokupuj\u0105c jeden plan roczny: plan 2-letni + plan roczny.<\/li>\n<\/ul>\n<p>Uwaga: nie jest mo\u017cliwe przed\u0142u\u017cenie ochrony poprzez wykupienie dodatkowego planu 2-letniego.<\/p>\n<p>Aby przed\u0142u\u017cenie ochrony by\u0142o mo\u017cliwe, spe\u0142nione musz\u0105 by\u0107 okre\u015blone warunki:<\/p>\n<ul>\n<li>Zakup us\u0142ugi DJI Care Refresh w jednym z nast\u0119puj\u0105cych wariant\u00f3w: plan roczny DJI Care Refresh \/ plan 2-letni DJI Care Refresh \/ plan roczny DJI Care Refresh i DJI Care Refresh + \/ plan roczny DJI Care Refresh oraz dodatkowy plan roczny (odnowienie).<\/li>\n<li>Okres wa\u017cno\u015bci zakupionej us\u0142ugi DJI Care Refresh jeszcze nie up\u0142yn\u0105\u0142 lub up\u0142yn\u0105\u0142 w ci\u0105gu 15 dni.<\/li>\n<\/ul>\n<p>*Wi\u0119cej na temat DJI Care Refresh znajdziesz w <a href=\"https:\/\/s3.eu-central-1.amazonaws.com\/files.innpro.pl\/DJI\/DJI-CARE.pdf\" target=\"_blank\">tym<\/a> dokumencie.<\/p>\n<p style=\"text-align: justify;\">\u00a0<\/p>\n","protected":false},"excerpt":{"rendered":"<p>Realizacja wysy\u0142ki Produkt\u00f3w Cyfrowych odbywa si\u0119 od poniedzia\u0142ku do pi\u0105tku w godzinach od 8:00 do 18:00 na adres email podany<\/p>\n","protected":false},"featured_media":0,"comment_status":"closed","ping_status":"open","template":"","meta":{"_acf_changed":false},"product_brand":[],"product_cat":[6166,1088],"product_tag":[],"class_list":{"0":"post-55965","1":"product","2":"type-product","3":"status-publish","5":"product_cat-dji-care-refresh","6":"product_cat-drony","7":"pa_okres-gwarancji-5757","8":"pa_producent-dji","10":"first","11":"outofstock","12":"taxable","13":"shipping-taxable","14":"purchasable","15":"product-type-simple"},"acf":[],"yoast_head":"<!-- This site is optimized with the Yoast SEO plugin v27.2 - https:\/\/yoast.com\/product\/yoast-seo-wordpress\/ -->\n<title>Plan ochrony DJI Care Refresh Mavic 3 (plan roczny) - kod elektroniczny - IRONSKY.PL Sklep z Dronami<\/title>\n<meta name=\"description\" content=\"Plan ochrony DJI Care Refresh Mavic 3 (plan roczny) - kod elektroniczny - \u2705 sklep z dronami i fachowym doradztwem. \u2705 Tutaj kupisz produkty DJI, Yuneec, Parrot, Syma i wiele innych, a tak\u017ce kursy i licencje na operatora drona.\" \/>\n<meta name=\"robots\" content=\"index, follow, max-snippet:-1, max-image-preview:large, max-video-preview:-1\" \/>\n<link rel=\"canonical\" href=\"https:\/\/ironsky.pl\/sklep\/produkt\/plan-ochrony-dji-care-refresh-mavic-3-plan-roczny-kod-elektroniczny\/\" \/>\n<meta property=\"og:locale\" content=\"pl_PL\" \/>\n<meta property=\"og:type\" content=\"article\" \/>\n<meta property=\"og:title\" content=\"Plan ochrony DJI Care Refresh Mavic 3 (plan roczny) - kod elektroniczny - IRONSKY.PL Sklep z Dronami\" \/>\n<meta property=\"og:description\" content=\"Plan ochrony DJI Care Refresh Mavic 3 (plan roczny) - kod elektroniczny - \u2705 sklep z dronami i fachowym doradztwem. \u2705 Tutaj kupisz produkty DJI, Yuneec, Parrot, Syma i wiele innych, a tak\u017ce kursy i licencje na operatora drona.\" \/>\n<meta property=\"og:url\" content=\"https:\/\/ironsky.pl\/sklep\/produkt\/plan-ochrony-dji-care-refresh-mavic-3-plan-roczny-kod-elektroniczny\/\" \/>\n<meta property=\"og:site_name\" content=\"IRONSKY.PL Sklep z Dronami\" \/>\n<meta property=\"article:modified_time\" content=\"2026-04-15T08:46:31+00:00\" \/>\n<meta property=\"og:image\" content=\"https:\/\/b2b.innpro.pl\/data\/include\/cms\/12DJI\/opisy-care-refresh\/Mavix\/Mavic-3\/mavic3glowne.png\" \/>\n<meta name=\"twitter:card\" content=\"summary_large_image\" \/>\n<meta name=\"twitter:label1\" content=\"Szacowany czas czytania\" \/>\n\t<meta name=\"twitter:data1\" content=\"6 minut\" \/>\n<script type=\"application\/ld+json\" class=\"yoast-schema-graph\">{\"@context\":\"https:\/\/schema.org\",\"@graph\":[{\"@type\":\"WebPage\",\"@id\":\"https:\/\/ironsky.pl\/sklep\/produkt\/plan-ochrony-dji-care-refresh-mavic-3-plan-roczny-kod-elektroniczny\/\",\"url\":\"https:\/\/ironsky.pl\/sklep\/produkt\/plan-ochrony-dji-care-refresh-mavic-3-plan-roczny-kod-elektroniczny\/\",\"name\":\"Plan ochrony DJI Care Refresh Mavic 3 (plan roczny) - kod elektroniczny - IRONSKY.PL Sklep z Dronami\",\"isPartOf\":{\"@id\":\"https:\/\/ironsky.pl\/sklep\/#website\"},\"primaryImageOfPage\":{\"@id\":\"https:\/\/ironsky.pl\/sklep\/produkt\/plan-ochrony-dji-care-refresh-mavic-3-plan-roczny-kod-elektroniczny\/#primaryimage\"},\"image\":{\"@id\":\"https:\/\/ironsky.pl\/sklep\/produkt\/plan-ochrony-dji-care-refresh-mavic-3-plan-roczny-kod-elektroniczny\/#primaryimage\"},\"thumbnailUrl\":\"https:\/\/b2b.innpro.pl\/data\/include\/cms\/12DJI\/opisy-care-refresh\/Mavix\/Mavic-3\/mavic3glowne.png\",\"datePublished\":\"2026-04-15T08:09:43+00:00\",\"dateModified\":\"2026-04-15T08:46:31+00:00\",\"description\":\"Plan ochrony DJI Care Refresh Mavic 3 (plan roczny) - kod elektroniczny - \u2705 sklep z dronami i fachowym doradztwem. \u2705 Tutaj kupisz produkty DJI, Yuneec, Parrot, Syma i wiele innych, a tak\u017ce kursy i licencje na operatora drona.\",\"breadcrumb\":{\"@id\":\"https:\/\/ironsky.pl\/sklep\/produkt\/plan-ochrony-dji-care-refresh-mavic-3-plan-roczny-kod-elektroniczny\/#breadcrumb\"},\"inLanguage\":\"pl-PL\",\"potentialAction\":[{\"@type\":\"ReadAction\",\"target\":[\"https:\/\/ironsky.pl\/sklep\/produkt\/plan-ochrony-dji-care-refresh-mavic-3-plan-roczny-kod-elektroniczny\/\"]}]},{\"@type\":\"ImageObject\",\"inLanguage\":\"pl-PL\",\"@id\":\"https:\/\/ironsky.pl\/sklep\/produkt\/plan-ochrony-dji-care-refresh-mavic-3-plan-roczny-kod-elektroniczny\/#primaryimage\",\"url\":\"https:\/\/b2b.innpro.pl\/data\/include\/cms\/12DJI\/opisy-care-refresh\/Mavix\/Mavic-3\/mavic3glowne.png\",\"contentUrl\":\"https:\/\/b2b.innpro.pl\/data\/include\/cms\/12DJI\/opisy-care-refresh\/Mavix\/Mavic-3\/mavic3glowne.png\"},{\"@type\":\"BreadcrumbList\",\"@id\":\"https:\/\/ironsky.pl\/sklep\/produkt\/plan-ochrony-dji-care-refresh-mavic-3-plan-roczny-kod-elektroniczny\/#breadcrumb\",\"itemListElement\":[{\"@type\":\"ListItem\",\"position\":1,\"name\":\"Strona g\u0142\u00f3wna\",\"item\":\"https:\/\/ironsky.pl\/sklep\/\"},{\"@type\":\"ListItem\",\"position\":2,\"name\":\"Wszystkie produkty\",\"item\":\"https:\/\/ironsky.pl\/sklep\/produkty\/\"},{\"@type\":\"ListItem\",\"position\":3,\"name\":\"Plan ochrony DJI Care Refresh Mavic 3 (plan roczny) &#8211; kod elektroniczny\"}]},{\"@type\":\"WebSite\",\"@id\":\"https:\/\/ironsky.pl\/sklep\/#website\",\"url\":\"https:\/\/ironsky.pl\/sklep\/\",\"name\":\"IRONSKY.PL Sklep z Dronami\",\"description\":\"IRONSKY.PL Sklep z Dronami\",\"potentialAction\":[{\"@type\":\"SearchAction\",\"target\":{\"@type\":\"EntryPoint\",\"urlTemplate\":\"https:\/\/ironsky.pl\/sklep\/?s={search_term_string}\"},\"query-input\":{\"@type\":\"PropertyValueSpecification\",\"valueRequired\":true,\"valueName\":\"search_term_string\"}}],\"inLanguage\":\"pl-PL\"}]}<\/script>\n<!-- \/ Yoast SEO plugin. -->","yoast_head_json":{"title":"Plan ochrony DJI Care Refresh Mavic 3 (plan roczny) - kod elektroniczny - IRONSKY.PL Sklep z Dronami","description":"Plan ochrony DJI Care Refresh Mavic 3 (plan roczny) - kod elektroniczny - \u2705 sklep z dronami i fachowym doradztwem. \u2705 Tutaj kupisz produkty DJI, Yuneec, Parrot, Syma i wiele innych, a tak\u017ce kursy i licencje na operatora drona.","robots":{"index":"index","follow":"follow","max-snippet":"max-snippet:-1","max-image-preview":"max-image-preview:large","max-video-preview":"max-video-preview:-1"},"canonical":"https:\/\/ironsky.pl\/sklep\/produkt\/plan-ochrony-dji-care-refresh-mavic-3-plan-roczny-kod-elektroniczny\/","og_locale":"pl_PL","og_type":"article","og_title":"Plan ochrony DJI Care Refresh Mavic 3 (plan roczny) - kod elektroniczny - IRONSKY.PL Sklep z Dronami","og_description":"Plan ochrony DJI Care Refresh Mavic 3 (plan roczny) - kod elektroniczny - \u2705 sklep z dronami i fachowym doradztwem. \u2705 Tutaj kupisz produkty DJI, Yuneec, Parrot, Syma i wiele innych, a tak\u017ce kursy i licencje na operatora drona.","og_url":"https:\/\/ironsky.pl\/sklep\/produkt\/plan-ochrony-dji-care-refresh-mavic-3-plan-roczny-kod-elektroniczny\/","og_site_name":"IRONSKY.PL Sklep z Dronami","article_modified_time":"2026-04-15T08:46:31+00:00","og_image":[{"url":"https:\/\/b2b.innpro.pl\/data\/include\/cms\/12DJI\/opisy-care-refresh\/Mavix\/Mavic-3\/mavic3glowne.png","type":"","width":"","height":""}],"twitter_card":"summary_large_image","twitter_misc":{"Szacowany czas czytania":"6 minut"},"schema":{"@context":"https:\/\/schema.org","@graph":[{"@type":"WebPage","@id":"https:\/\/ironsky.pl\/sklep\/produkt\/plan-ochrony-dji-care-refresh-mavic-3-plan-roczny-kod-elektroniczny\/","url":"https:\/\/ironsky.pl\/sklep\/produkt\/plan-ochrony-dji-care-refresh-mavic-3-plan-roczny-kod-elektroniczny\/","name":"Plan ochrony DJI Care Refresh Mavic 3 (plan roczny) - kod elektroniczny - IRONSKY.PL Sklep z Dronami","isPartOf":{"@id":"https:\/\/ironsky.pl\/sklep\/#website"},"primaryImageOfPage":{"@id":"https:\/\/ironsky.pl\/sklep\/produkt\/plan-ochrony-dji-care-refresh-mavic-3-plan-roczny-kod-elektroniczny\/#primaryimage"},"image":{"@id":"https:\/\/ironsky.pl\/sklep\/produkt\/plan-ochrony-dji-care-refresh-mavic-3-plan-roczny-kod-elektroniczny\/#primaryimage"},"thumbnailUrl":"https:\/\/b2b.innpro.pl\/data\/include\/cms\/12DJI\/opisy-care-refresh\/Mavix\/Mavic-3\/mavic3glowne.png","datePublished":"2026-04-15T08:09:43+00:00","dateModified":"2026-04-15T08:46:31+00:00","description":"Plan ochrony DJI Care Refresh Mavic 3 (plan roczny) - kod elektroniczny - \u2705 sklep z dronami i fachowym doradztwem. \u2705 Tutaj kupisz produkty DJI, Yuneec, Parrot, Syma i wiele innych, a tak\u017ce kursy i licencje na operatora drona.","breadcrumb":{"@id":"https:\/\/ironsky.pl\/sklep\/produkt\/plan-ochrony-dji-care-refresh-mavic-3-plan-roczny-kod-elektroniczny\/#breadcrumb"},"inLanguage":"pl-PL","potentialAction":[{"@type":"ReadAction","target":["https:\/\/ironsky.pl\/sklep\/produkt\/plan-ochrony-dji-care-refresh-mavic-3-plan-roczny-kod-elektroniczny\/"]}]},{"@type":"ImageObject","inLanguage":"pl-PL","@id":"https:\/\/ironsky.pl\/sklep\/produkt\/plan-ochrony-dji-care-refresh-mavic-3-plan-roczny-kod-elektroniczny\/#primaryimage","url":"https:\/\/b2b.innpro.pl\/data\/include\/cms\/12DJI\/opisy-care-refresh\/Mavix\/Mavic-3\/mavic3glowne.png","contentUrl":"https:\/\/b2b.innpro.pl\/data\/include\/cms\/12DJI\/opisy-care-refresh\/Mavix\/Mavic-3\/mavic3glowne.png"},{"@type":"BreadcrumbList","@id":"https:\/\/ironsky.pl\/sklep\/produkt\/plan-ochrony-dji-care-refresh-mavic-3-plan-roczny-kod-elektroniczny\/#breadcrumb","itemListElement":[{"@type":"ListItem","position":1,"name":"Strona g\u0142\u00f3wna","item":"https:\/\/ironsky.pl\/sklep\/"},{"@type":"ListItem","position":2,"name":"Wszystkie produkty","item":"https:\/\/ironsky.pl\/sklep\/produkty\/"},{"@type":"ListItem","position":3,"name":"Plan ochrony DJI Care Refresh Mavic 3 (plan roczny) &#8211; kod elektroniczny"}]},{"@type":"WebSite","@id":"https:\/\/ironsky.pl\/sklep\/#website","url":"https:\/\/ironsky.pl\/sklep\/","name":"IRONSKY.PL Sklep z Dronami","description":"IRONSKY.PL Sklep z Dronami","potentialAction":[{"@type":"SearchAction","target":{"@type":"EntryPoint","urlTemplate":"https:\/\/ironsky.pl\/sklep\/?s={search_term_string}"},"query-input":{"@type":"PropertyValueSpecification","valueRequired":true,"valueName":"search_term_string"}}],"inLanguage":"pl-PL"}]}},"_links":{"self":[{"href":"https:\/\/ironsky.pl\/sklep\/wp-json\/wp\/v2\/product\/55965","targetHints":{"allow":["GET"]}}],"collection":[{"href":"https:\/\/ironsky.pl\/sklep\/wp-json\/wp\/v2\/product"}],"about":[{"href":"https:\/\/ironsky.pl\/sklep\/wp-json\/wp\/v2\/types\/product"}],"replies":[{"embeddable":true,"href":"https:\/\/ironsky.pl\/sklep\/wp-json\/wp\/v2\/comments?post=55965"}],"wp:attachment":[{"href":"https:\/\/ironsky.pl\/sklep\/wp-json\/wp\/v2\/media?parent=55965"}],"wp:term":[{"taxonomy":"product_brand","embeddable":true,"href":"https:\/\/ironsky.pl\/sklep\/wp-json\/wp\/v2\/product_brand?post=55965"},{"taxonomy":"product_cat","embeddable":true,"href":"https:\/\/ironsky.pl\/sklep\/wp-json\/wp\/v2\/product_cat?post=55965"},{"taxonomy":"product_tag","embeddable":true,"href":"https:\/\/ironsky.pl\/sklep\/wp-json\/wp\/v2\/product_tag?post=55965"}],"curies":[{"name":"wp","href":"https:\/\/api.w.org\/{rel}","templated":true}]}}