{"id":55961,"date":"2026-04-15T10:09:43","date_gmt":"2026-04-15T08:09:43","guid":{"rendered":"https:\/\/ironsky.pl\/sklep\/produkt\/ladowarka-samochodowa-dji-mavic-3-65w-usb-c-usb-a\/"},"modified":"2026-04-15T10:46:31","modified_gmt":"2026-04-15T08:46:31","slug":"ladowarka-samochodowa-dji-mavic-3-65w-usb-c-usb-a","status":"publish","type":"product","link":"https:\/\/ironsky.pl\/sklep\/produkt\/ladowarka-samochodowa-dji-mavic-3-65w-usb-c-usb-a\/","title":{"rendered":"\u0141adowarka samochodowa DJI Mavic 3 65W USB-C\/USB-A"},"content":{"rendered":"<div id=\"Opisproduktu\" class=\"long-description\">\n<div class=\"long-description__description-wrapper\">\n<div class=\"description-item\">\n<div class=\"description-item__wrapper\">\n<div class=\"description-item__body\">\n<div class=\"description-item__body-wrapper\">\n<div class=\"description-item__title\">\u0141adowarka samochodowa DJI 65W<\/div>\n<div class=\"description-item__content\">\n<p>\u0141adowarka samochodowa DJI ma stabiln\u0105 moc wyj\u015bciow\u0105 65 W. Posiada dwa porty wyj\u015bciowe (USB-C i USB-A) i mo\u017ce jednocze\u015bnie \u0142adowa\u0107 inteligentne akumulatory i RC. Obs\u0142uguje protoko\u0142y PPS i PD i mo\u017ce \u0142adowa\u0107 telefon, laptop i inne urz\u0105dzenia.<\/p>\n<\/div>\n<\/div>\n<\/div>\n<div class=\"description-item__img\"><img decoding=\"async\" src=\"https:\/\/assets.innpro.pl\/394\/427\/Ladowarka-samochodowa-65W-DJI-Mavic-3_13.png\" alt=\"\" \/><\/div>\n<\/div>\n<\/div>\n<\/div>\n<div class=\"long-description__description-wrapper\" data-anchor-menu-name=\"W zestawie\">\n<div id=\"Wzestawie\" class=\"long-description__title\">W zestawie<\/div>\n<div class=\"included-items\">\n<div class=\"included-items__item\">\n<div class=\"included-items__img\"><img decoding=\"async\" src=\"https:\/\/assets.innpro.pl\/394\/427\/Ladowarka-samochodowa-65W-DJI-Mavic-3-211.png\" alt=\"\"><\/div>\n<div class=\"included-items__name\">\u0141adowarka<\/div>\n<div class=\"included-items__count\">x1<\/div>\n<\/div>\n<div class=\"included-items__item\">\n<div class=\"included-items__img\"><img decoding=\"async\" src=\"https:\/\/assets.innpro.pl\/394\/427\/Ladowarka-samochodowa-65W-DJI-Mavic-3-21.png\" alt=\"\"><\/div>\n<div class=\"included-items__name\">Kabel<\/div>\n<div class=\"included-items__count\">x1<\/div>\n<\/div>\n<\/div>\n<\/div>\n<div class=\"long-description__specification-wrapper\">\n<div id=\"Specyfikacja\" class=\"big_label --ops\" data-anchor-menu-name=\"Specyfikacja\">Specyfikacja<\/div>\n<div class=\"long-description__specification-menu\"><\/div>\n<div class=\"specification-boxes\" data-spec-name=\"\u0141adowarka\">\n<div class=\"specification-box\">\n<div class=\"table_container\">\n<div class=\"table1\">\n<table>\n<tbody>\n<tr>\n<th>Producent<\/th>\n<td>DJI<\/td>\n<\/tr>\n<tr>\n<th>Model<\/th>\n<td>CCX260-65<\/td>\n<\/tr>\n<tr>\n<th>Temperatura \u0142adowania<\/th>\n<td>od 5\u00b0 do 40\u00b0C (od 41\u00b0 do 104\u00b0F)<\/td>\n<\/tr>\n<\/tbody>\n<\/table>\n<\/div>\n<div class=\"table2\">\n<table>\n<tbody>\n<tr>\n<th>Napi\u0119cie wej\u015bciowe<\/th>\n<td>12,7-16 V 6,5 A<\/td>\n<\/tr>\n<tr>\n<th>Wyj\u015bcie DC USB-C<\/th>\n<td>5 V 5 A \/ 9 V 5 A \/ 12 V 5 A \/ 15 V 4,3 A \/ 20 V 3,25 A \/5-20 V 3,25 A; USB-A: 5 V 2 A<\/td>\n<\/tr>\n<\/tbody>\n<\/table>\n<\/div>\n<\/div>\n<\/div>\n<\/div>\n<\/div>\n<\/div>\n","protected":false},"excerpt":{"rendered":"<p>\u0141adowarka samochodowa DJI 65W \u0141adowarka samochodowa DJI ma stabiln\u0105 moc wyj\u015bciow\u0105 65 W. Posiada dwa porty wyj\u015bciowe (USB-C i USB-A)<\/p>\n","protected":false},"featured_media":55962,"comment_status":"closed","ping_status":"open","template":"","meta":{"_acf_changed":false},"product_brand":[],"product_cat":[6167,6170,1088],"product_tag":[],"class_list":{"0":"post-55961","1":"product","2":"type-product","3":"status-publish","4":"has-post-thumbnail","6":"product_cat-akcesoria-do-dronow","7":"product_cat-dji-akcesoria-do-dronow","8":"product_cat-drony","9":"pa_okres-gwarancji-5757","10":"pa_producent-dji","12":"first","13":"instock","14":"taxable","15":"shipping-taxable","16":"purchasable","17":"product-type-simple"},"acf":[],"yoast_head":"<!-- This site is optimized with the Yoast SEO plugin v27.2 - https:\/\/yoast.com\/product\/yoast-seo-wordpress\/ -->\n<title>\u0141adowarka samochodowa DJI Mavic 3 65W USB-C\/USB-A - IRONSKY.PL Sklep z Dronami<\/title>\n<meta name=\"description\" content=\"\u0141adowarka samochodowa DJI Mavic 3 65W USB-C\/USB-A - \u2705 sklep z dronami i fachowym doradztwem. \u2705 Tutaj kupisz produkty DJI, Yuneec, Parrot, Syma i wiele innych, a tak\u017ce kursy i licencje na operatora drona.\" \/>\n<meta name=\"robots\" content=\"index, follow, max-snippet:-1, max-image-preview:large, max-video-preview:-1\" \/>\n<link rel=\"canonical\" href=\"https:\/\/ironsky.pl\/sklep\/produkt\/ladowarka-samochodowa-dji-mavic-3-65w-usb-c-usb-a\/\" \/>\n<meta property=\"og:locale\" content=\"pl_PL\" \/>\n<meta property=\"og:type\" content=\"article\" \/>\n<meta property=\"og:title\" content=\"\u0141adowarka samochodowa DJI Mavic 3 65W USB-C\/USB-A - IRONSKY.PL Sklep z Dronami\" \/>\n<meta property=\"og:description\" content=\"\u0141adowarka samochodowa DJI Mavic 3 65W USB-C\/USB-A - \u2705 sklep z dronami i fachowym doradztwem. \u2705 Tutaj kupisz produkty DJI, Yuneec, Parrot, Syma i wiele innych, a tak\u017ce kursy i licencje na operatora drona.\" \/>\n<meta property=\"og:url\" content=\"https:\/\/ironsky.pl\/sklep\/produkt\/ladowarka-samochodowa-dji-mavic-3-65w-usb-c-usb-a\/\" \/>\n<meta property=\"og:site_name\" content=\"IRONSKY.PL Sklep z Dronami\" \/>\n<meta property=\"article:modified_time\" content=\"2026-04-15T08:46:31+00:00\" \/>\n<meta property=\"og:image\" content=\"https:\/\/ironsky.pl\/sklep\/wp-content\/uploads\/2026\/04\/22424_2.jpg\" \/>\n\t<meta property=\"og:image:width\" content=\"800\" \/>\n\t<meta property=\"og:image:height\" content=\"800\" \/>\n\t<meta property=\"og:image:type\" content=\"image\/jpeg\" \/>\n<meta name=\"twitter:card\" content=\"summary_large_image\" \/>\n<script type=\"application\/ld+json\" class=\"yoast-schema-graph\">{\"@context\":\"https:\/\/schema.org\",\"@graph\":[{\"@type\":\"WebPage\",\"@id\":\"https:\/\/ironsky.pl\/sklep\/produkt\/ladowarka-samochodowa-dji-mavic-3-65w-usb-c-usb-a\/\",\"url\":\"https:\/\/ironsky.pl\/sklep\/produkt\/ladowarka-samochodowa-dji-mavic-3-65w-usb-c-usb-a\/\",\"name\":\"\u0141adowarka samochodowa DJI Mavic 3 65W USB-C\/USB-A - IRONSKY.PL Sklep z Dronami\",\"isPartOf\":{\"@id\":\"https:\/\/ironsky.pl\/sklep\/#website\"},\"primaryImageOfPage\":{\"@id\":\"https:\/\/ironsky.pl\/sklep\/produkt\/ladowarka-samochodowa-dji-mavic-3-65w-usb-c-usb-a\/#primaryimage\"},\"image\":{\"@id\":\"https:\/\/ironsky.pl\/sklep\/produkt\/ladowarka-samochodowa-dji-mavic-3-65w-usb-c-usb-a\/#primaryimage\"},\"thumbnailUrl\":\"https:\/\/ironsky.pl\/sklep\/wp-content\/uploads\/2026\/04\/22424_2.jpg\",\"datePublished\":\"2026-04-15T08:09:43+00:00\",\"dateModified\":\"2026-04-15T08:46:31+00:00\",\"description\":\"\u0141adowarka samochodowa DJI Mavic 3 65W USB-C\/USB-A - \u2705 sklep z dronami i fachowym doradztwem. \u2705 Tutaj kupisz produkty DJI, Yuneec, Parrot, Syma i wiele innych, a tak\u017ce kursy i licencje na operatora drona.\",\"breadcrumb\":{\"@id\":\"https:\/\/ironsky.pl\/sklep\/produkt\/ladowarka-samochodowa-dji-mavic-3-65w-usb-c-usb-a\/#breadcrumb\"},\"inLanguage\":\"pl-PL\",\"potentialAction\":[{\"@type\":\"ReadAction\",\"target\":[\"https:\/\/ironsky.pl\/sklep\/produkt\/ladowarka-samochodowa-dji-mavic-3-65w-usb-c-usb-a\/\"]}]},{\"@type\":\"ImageObject\",\"inLanguage\":\"pl-PL\",\"@id\":\"https:\/\/ironsky.pl\/sklep\/produkt\/ladowarka-samochodowa-dji-mavic-3-65w-usb-c-usb-a\/#primaryimage\",\"url\":\"https:\/\/ironsky.pl\/sklep\/wp-content\/uploads\/2026\/04\/22424_2.jpg\",\"contentUrl\":\"https:\/\/ironsky.pl\/sklep\/wp-content\/uploads\/2026\/04\/22424_2.jpg\",\"width\":800,\"height\":800},{\"@type\":\"BreadcrumbList\",\"@id\":\"https:\/\/ironsky.pl\/sklep\/produkt\/ladowarka-samochodowa-dji-mavic-3-65w-usb-c-usb-a\/#breadcrumb\",\"itemListElement\":[{\"@type\":\"ListItem\",\"position\":1,\"name\":\"Strona g\u0142\u00f3wna\",\"item\":\"https:\/\/ironsky.pl\/sklep\/\"},{\"@type\":\"ListItem\",\"position\":2,\"name\":\"Wszystkie produkty\",\"item\":\"https:\/\/ironsky.pl\/sklep\/produkty\/\"},{\"@type\":\"ListItem\",\"position\":3,\"name\":\"\u0141adowarka samochodowa DJI Mavic 3 65W USB-C\/USB-A\"}]},{\"@type\":\"WebSite\",\"@id\":\"https:\/\/ironsky.pl\/sklep\/#website\",\"url\":\"https:\/\/ironsky.pl\/sklep\/\",\"name\":\"IRONSKY.PL Sklep z Dronami\",\"description\":\"IRONSKY.PL Sklep z Dronami\",\"potentialAction\":[{\"@type\":\"SearchAction\",\"target\":{\"@type\":\"EntryPoint\",\"urlTemplate\":\"https:\/\/ironsky.pl\/sklep\/?s={search_term_string}\"},\"query-input\":{\"@type\":\"PropertyValueSpecification\",\"valueRequired\":true,\"valueName\":\"search_term_string\"}}],\"inLanguage\":\"pl-PL\"}]}<\/script>\n<!-- \/ Yoast SEO plugin. -->","yoast_head_json":{"title":"\u0141adowarka samochodowa DJI Mavic 3 65W USB-C\/USB-A - IRONSKY.PL Sklep z Dronami","description":"\u0141adowarka samochodowa DJI Mavic 3 65W USB-C\/USB-A - \u2705 sklep z dronami i fachowym doradztwem. \u2705 Tutaj kupisz produkty DJI, Yuneec, Parrot, Syma i wiele innych, a tak\u017ce kursy i licencje na operatora drona.","robots":{"index":"index","follow":"follow","max-snippet":"max-snippet:-1","max-image-preview":"max-image-preview:large","max-video-preview":"max-video-preview:-1"},"canonical":"https:\/\/ironsky.pl\/sklep\/produkt\/ladowarka-samochodowa-dji-mavic-3-65w-usb-c-usb-a\/","og_locale":"pl_PL","og_type":"article","og_title":"\u0141adowarka samochodowa DJI Mavic 3 65W USB-C\/USB-A - IRONSKY.PL Sklep z Dronami","og_description":"\u0141adowarka samochodowa DJI Mavic 3 65W USB-C\/USB-A - \u2705 sklep z dronami i fachowym doradztwem. \u2705 Tutaj kupisz produkty DJI, Yuneec, Parrot, Syma i wiele innych, a tak\u017ce kursy i licencje na operatora drona.","og_url":"https:\/\/ironsky.pl\/sklep\/produkt\/ladowarka-samochodowa-dji-mavic-3-65w-usb-c-usb-a\/","og_site_name":"IRONSKY.PL Sklep z Dronami","article_modified_time":"2026-04-15T08:46:31+00:00","og_image":[{"width":800,"height":800,"url":"https:\/\/ironsky.pl\/sklep\/wp-content\/uploads\/2026\/04\/22424_2.jpg","type":"image\/jpeg"}],"twitter_card":"summary_large_image","schema":{"@context":"https:\/\/schema.org","@graph":[{"@type":"WebPage","@id":"https:\/\/ironsky.pl\/sklep\/produkt\/ladowarka-samochodowa-dji-mavic-3-65w-usb-c-usb-a\/","url":"https:\/\/ironsky.pl\/sklep\/produkt\/ladowarka-samochodowa-dji-mavic-3-65w-usb-c-usb-a\/","name":"\u0141adowarka samochodowa DJI Mavic 3 65W USB-C\/USB-A - IRONSKY.PL Sklep z Dronami","isPartOf":{"@id":"https:\/\/ironsky.pl\/sklep\/#website"},"primaryImageOfPage":{"@id":"https:\/\/ironsky.pl\/sklep\/produkt\/ladowarka-samochodowa-dji-mavic-3-65w-usb-c-usb-a\/#primaryimage"},"image":{"@id":"https:\/\/ironsky.pl\/sklep\/produkt\/ladowarka-samochodowa-dji-mavic-3-65w-usb-c-usb-a\/#primaryimage"},"thumbnailUrl":"https:\/\/ironsky.pl\/sklep\/wp-content\/uploads\/2026\/04\/22424_2.jpg","datePublished":"2026-04-15T08:09:43+00:00","dateModified":"2026-04-15T08:46:31+00:00","description":"\u0141adowarka samochodowa DJI Mavic 3 65W USB-C\/USB-A - \u2705 sklep z dronami i fachowym doradztwem. \u2705 Tutaj kupisz produkty DJI, Yuneec, Parrot, Syma i wiele innych, a tak\u017ce kursy i licencje na operatora drona.","breadcrumb":{"@id":"https:\/\/ironsky.pl\/sklep\/produkt\/ladowarka-samochodowa-dji-mavic-3-65w-usb-c-usb-a\/#breadcrumb"},"inLanguage":"pl-PL","potentialAction":[{"@type":"ReadAction","target":["https:\/\/ironsky.pl\/sklep\/produkt\/ladowarka-samochodowa-dji-mavic-3-65w-usb-c-usb-a\/"]}]},{"@type":"ImageObject","inLanguage":"pl-PL","@id":"https:\/\/ironsky.pl\/sklep\/produkt\/ladowarka-samochodowa-dji-mavic-3-65w-usb-c-usb-a\/#primaryimage","url":"https:\/\/ironsky.pl\/sklep\/wp-content\/uploads\/2026\/04\/22424_2.jpg","contentUrl":"https:\/\/ironsky.pl\/sklep\/wp-content\/uploads\/2026\/04\/22424_2.jpg","width":800,"height":800},{"@type":"BreadcrumbList","@id":"https:\/\/ironsky.pl\/sklep\/produkt\/ladowarka-samochodowa-dji-mavic-3-65w-usb-c-usb-a\/#breadcrumb","itemListElement":[{"@type":"ListItem","position":1,"name":"Strona g\u0142\u00f3wna","item":"https:\/\/ironsky.pl\/sklep\/"},{"@type":"ListItem","position":2,"name":"Wszystkie produkty","item":"https:\/\/ironsky.pl\/sklep\/produkty\/"},{"@type":"ListItem","position":3,"name":"\u0141adowarka samochodowa DJI Mavic 3 65W USB-C\/USB-A"}]},{"@type":"WebSite","@id":"https:\/\/ironsky.pl\/sklep\/#website","url":"https:\/\/ironsky.pl\/sklep\/","name":"IRONSKY.PL Sklep z Dronami","description":"IRONSKY.PL Sklep z Dronami","potentialAction":[{"@type":"SearchAction","target":{"@type":"EntryPoint","urlTemplate":"https:\/\/ironsky.pl\/sklep\/?s={search_term_string}"},"query-input":{"@type":"PropertyValueSpecification","valueRequired":true,"valueName":"search_term_string"}}],"inLanguage":"pl-PL"}]}},"_links":{"self":[{"href":"https:\/\/ironsky.pl\/sklep\/wp-json\/wp\/v2\/product\/55961","targetHints":{"allow":["GET"]}}],"collection":[{"href":"https:\/\/ironsky.pl\/sklep\/wp-json\/wp\/v2\/product"}],"about":[{"href":"https:\/\/ironsky.pl\/sklep\/wp-json\/wp\/v2\/types\/product"}],"replies":[{"embeddable":true,"href":"https:\/\/ironsky.pl\/sklep\/wp-json\/wp\/v2\/comments?post=55961"}],"wp:featuredmedia":[{"embeddable":true,"href":"https:\/\/ironsky.pl\/sklep\/wp-json\/wp\/v2\/media\/55962"}],"wp:attachment":[{"href":"https:\/\/ironsky.pl\/sklep\/wp-json\/wp\/v2\/media?parent=55961"}],"wp:term":[{"taxonomy":"product_brand","embeddable":true,"href":"https:\/\/ironsky.pl\/sklep\/wp-json\/wp\/v2\/product_brand?post=55961"},{"taxonomy":"product_cat","embeddable":true,"href":"https:\/\/ironsky.pl\/sklep\/wp-json\/wp\/v2\/product_cat?post=55961"},{"taxonomy":"product_tag","embeddable":true,"href":"https:\/\/ironsky.pl\/sklep\/wp-json\/wp\/v2\/product_tag?post=55961"}],"curies":[{"name":"wp","href":"https:\/\/api.w.org\/{rel}","templated":true}]}}