{"id":55950,"date":"2026-04-15T10:09:43","date_gmt":"2026-04-15T08:09:43","guid":{"rendered":"https:\/\/ironsky.pl\/sklep\/produkt\/zestaw-do-nagrywania-puluz-pkt3131b-statywlampaklamra\/"},"modified":"2026-04-15T10:46:30","modified_gmt":"2026-04-15T08:46:30","slug":"zestaw-do-nagrywania-puluz-pkt3131b-statywlampaklamra","status":"publish","type":"product","link":"https:\/\/ironsky.pl\/sklep\/produkt\/zestaw-do-nagrywania-puluz-pkt3131b-statywlampaklamra\/","title":{"rendered":"Zestaw do nagrywania PULUZ PKT3131B statyw+lampa+klamra"},"content":{"rendered":"<h3>Statyw Puluz PKT3131B z lamp\u0105 LED<\/h3>\n<p>Statyw marki Puluz przyda si\u0119 ka\u017cdemu, kto pragnie uchwyci\u0107 wyj\u0105tkowy moment. Gumowe n\u00f3\u017cki urz\u0105dzenia zapewni\u0105 stabilno\u015b\u0107 kadru i sta\u0142y k\u0105t fotografowania, a lampa LED zadba o odpowiednie o\u015bwietlenie. Dzi\u0119ki mo\u017cliwo\u015bci dostosowania temperatury barwy \u015bwiat\u0142a, ka\u017cda scena zyska wyj\u0105tkow\u0105 wyrazisto\u015b\u0107. Prosta konstrukcja i \u0142atwy w obs\u0142udze zacisk pozwala na szybk\u0105 zmian\u0119 po\u0142o\u017cenia.<\/p>\n<p>\n<img decoding=\"async\" src=\"https:\/\/assets.innpro.pl\/14644\/18358\/1.jpg\" border=\"0\" alt=\"\" \/>\n<\/p>\n<h3>Wielofunkcyjno\u015b\u0107 i niezawodno\u015b\u0107<\/h3>\n<p>Statyw wyposa\u017cony jest w lamp\u0119 LED, stopk\u0119 z podw\u00f3jnym wej\u015bciem na telefon, statyw biurkowy i torb\u0119 do przechowywania, co w po\u0142\u0105czeniu z telefonem b\u0105d\u017a aparatem fotograficznym tworzy zestaw gotowy do u\u017cytkowania.<\/p>\n<p>\n<img decoding=\"async\" src=\"https:\/\/assets.innpro.pl\/14644\/18358\/4.jpg\" border=\"0\" alt=\"\" \/>\n<\/p>\n<div class=\"table-wrapper\">\n<p>\u00a0<\/p>\n<h3><\/h3>\n<table>\n<tbody>\n<tr>\n<th>Producent<\/th>\n<td>Puluz<\/td>\n<\/tr>\n<tr>\n<th>Model <\/th>\n<td>PKT3131B<\/td>\n<\/tr>\n<tr>\n<th>Zakres zacisku <\/th>\n<td>5.6cm-8.5cm<\/td>\n<\/tr>\n<tr>\n<th>Kompatybilno\u015b\u0107<\/th>\n<td>Canon, Nikon, Sony, Pentax, GoPro, iPhone, Galaxy, Huawei, Haweel i inne smartfony<\/td>\n<\/tr>\n<\/tbody>\n<\/table>\n<\/div>\n","protected":false},"excerpt":{"rendered":"<p>Statyw Puluz PKT3131B z lamp\u0105 LED Statyw marki Puluz przyda si\u0119 ka\u017cdemu, kto pragnie uchwyci\u0107 wyj\u0105tkowy moment. Gumowe n\u00f3\u017cki urz\u0105dzenia<\/p>\n","protected":false},"featured_media":55951,"comment_status":"closed","ping_status":"open","template":"","meta":{"_acf_changed":false},"product_brand":[],"product_cat":[1128,6180],"product_tag":[],"class_list":{"0":"post-55950","1":"product","2":"type-product","3":"status-publish","4":"has-post-thumbnail","6":"product_cat-foto-wideo","7":"product_cat-zestawy-foto-wideo-2","8":"pa_okres-gwarancji-5754","9":"pa_producent-puluz","11":"first","12":"outofstock","13":"taxable","14":"shipping-taxable","15":"purchasable","16":"product-type-simple"},"acf":[],"yoast_head":"<!-- This site is optimized with the Yoast SEO plugin v27.2 - https:\/\/yoast.com\/product\/yoast-seo-wordpress\/ -->\n<title>Zestaw do nagrywania PULUZ PKT3131B statyw+lampa+klamra - IRONSKY.PL Sklep z Dronami<\/title>\n<meta name=\"description\" content=\"Zestaw do nagrywania PULUZ PKT3131B statyw+lampa+klamra - \u2705 sklep z dronami i fachowym doradztwem. \u2705 Tutaj kupisz produkty DJI, Yuneec, Parrot, Syma i wiele innych, a tak\u017ce kursy i licencje na operatora drona.\" \/>\n<meta name=\"robots\" content=\"index, follow, max-snippet:-1, max-image-preview:large, max-video-preview:-1\" \/>\n<link rel=\"canonical\" href=\"https:\/\/ironsky.pl\/sklep\/produkt\/zestaw-do-nagrywania-puluz-pkt3131b-statywlampaklamra\/\" \/>\n<meta property=\"og:locale\" content=\"pl_PL\" \/>\n<meta property=\"og:type\" content=\"article\" \/>\n<meta property=\"og:title\" content=\"Zestaw do nagrywania PULUZ PKT3131B statyw+lampa+klamra - IRONSKY.PL Sklep z Dronami\" \/>\n<meta property=\"og:description\" content=\"Zestaw do nagrywania PULUZ PKT3131B statyw+lampa+klamra - \u2705 sklep z dronami i fachowym doradztwem. \u2705 Tutaj kupisz produkty DJI, Yuneec, Parrot, Syma i wiele innych, a tak\u017ce kursy i licencje na operatora drona.\" \/>\n<meta property=\"og:url\" content=\"https:\/\/ironsky.pl\/sklep\/produkt\/zestaw-do-nagrywania-puluz-pkt3131b-statywlampaklamra\/\" \/>\n<meta property=\"og:site_name\" content=\"IRONSKY.PL Sklep z Dronami\" \/>\n<meta property=\"article:modified_time\" content=\"2026-04-15T08:46:30+00:00\" \/>\n<meta property=\"og:image\" content=\"https:\/\/ironsky.pl\/sklep\/wp-content\/uploads\/2026\/04\/22369_2.jpg\" \/>\n\t<meta property=\"og:image:width\" content=\"1200\" \/>\n\t<meta property=\"og:image:height\" content=\"1200\" \/>\n\t<meta property=\"og:image:type\" content=\"image\/jpeg\" \/>\n<meta name=\"twitter:card\" content=\"summary_large_image\" \/>\n<meta name=\"twitter:label1\" content=\"Szacowany czas czytania\" \/>\n\t<meta name=\"twitter:data1\" content=\"1 minuta\" \/>\n<script type=\"application\/ld+json\" class=\"yoast-schema-graph\">{\"@context\":\"https:\/\/schema.org\",\"@graph\":[{\"@type\":\"WebPage\",\"@id\":\"https:\/\/ironsky.pl\/sklep\/produkt\/zestaw-do-nagrywania-puluz-pkt3131b-statywlampaklamra\/\",\"url\":\"https:\/\/ironsky.pl\/sklep\/produkt\/zestaw-do-nagrywania-puluz-pkt3131b-statywlampaklamra\/\",\"name\":\"Zestaw do nagrywania PULUZ PKT3131B statyw+lampa+klamra - IRONSKY.PL Sklep z Dronami\",\"isPartOf\":{\"@id\":\"https:\/\/ironsky.pl\/sklep\/#website\"},\"primaryImageOfPage\":{\"@id\":\"https:\/\/ironsky.pl\/sklep\/produkt\/zestaw-do-nagrywania-puluz-pkt3131b-statywlampaklamra\/#primaryimage\"},\"image\":{\"@id\":\"https:\/\/ironsky.pl\/sklep\/produkt\/zestaw-do-nagrywania-puluz-pkt3131b-statywlampaklamra\/#primaryimage\"},\"thumbnailUrl\":\"https:\/\/ironsky.pl\/sklep\/wp-content\/uploads\/2026\/04\/22369_2.jpg\",\"datePublished\":\"2026-04-15T08:09:43+00:00\",\"dateModified\":\"2026-04-15T08:46:30+00:00\",\"description\":\"Zestaw do nagrywania PULUZ PKT3131B statyw+lampa+klamra - \u2705 sklep z dronami i fachowym doradztwem. \u2705 Tutaj kupisz produkty DJI, Yuneec, Parrot, Syma i wiele innych, a tak\u017ce kursy i licencje na operatora drona.\",\"breadcrumb\":{\"@id\":\"https:\/\/ironsky.pl\/sklep\/produkt\/zestaw-do-nagrywania-puluz-pkt3131b-statywlampaklamra\/#breadcrumb\"},\"inLanguage\":\"pl-PL\",\"potentialAction\":[{\"@type\":\"ReadAction\",\"target\":[\"https:\/\/ironsky.pl\/sklep\/produkt\/zestaw-do-nagrywania-puluz-pkt3131b-statywlampaklamra\/\"]}]},{\"@type\":\"ImageObject\",\"inLanguage\":\"pl-PL\",\"@id\":\"https:\/\/ironsky.pl\/sklep\/produkt\/zestaw-do-nagrywania-puluz-pkt3131b-statywlampaklamra\/#primaryimage\",\"url\":\"https:\/\/ironsky.pl\/sklep\/wp-content\/uploads\/2026\/04\/22369_2.jpg\",\"contentUrl\":\"https:\/\/ironsky.pl\/sklep\/wp-content\/uploads\/2026\/04\/22369_2.jpg\",\"width\":1200,\"height\":1200},{\"@type\":\"BreadcrumbList\",\"@id\":\"https:\/\/ironsky.pl\/sklep\/produkt\/zestaw-do-nagrywania-puluz-pkt3131b-statywlampaklamra\/#breadcrumb\",\"itemListElement\":[{\"@type\":\"ListItem\",\"position\":1,\"name\":\"Strona g\u0142\u00f3wna\",\"item\":\"https:\/\/ironsky.pl\/sklep\/\"},{\"@type\":\"ListItem\",\"position\":2,\"name\":\"Wszystkie produkty\",\"item\":\"https:\/\/ironsky.pl\/sklep\/produkty\/\"},{\"@type\":\"ListItem\",\"position\":3,\"name\":\"Zestaw do nagrywania PULUZ PKT3131B statyw+lampa+klamra\"}]},{\"@type\":\"WebSite\",\"@id\":\"https:\/\/ironsky.pl\/sklep\/#website\",\"url\":\"https:\/\/ironsky.pl\/sklep\/\",\"name\":\"IRONSKY.PL Sklep z Dronami\",\"description\":\"IRONSKY.PL Sklep z Dronami\",\"potentialAction\":[{\"@type\":\"SearchAction\",\"target\":{\"@type\":\"EntryPoint\",\"urlTemplate\":\"https:\/\/ironsky.pl\/sklep\/?s={search_term_string}\"},\"query-input\":{\"@type\":\"PropertyValueSpecification\",\"valueRequired\":true,\"valueName\":\"search_term_string\"}}],\"inLanguage\":\"pl-PL\"}]}<\/script>\n<!-- \/ Yoast SEO plugin. -->","yoast_head_json":{"title":"Zestaw do nagrywania PULUZ PKT3131B statyw+lampa+klamra - IRONSKY.PL Sklep z Dronami","description":"Zestaw do nagrywania PULUZ PKT3131B statyw+lampa+klamra - \u2705 sklep z dronami i fachowym doradztwem. \u2705 Tutaj kupisz produkty DJI, Yuneec, Parrot, Syma i wiele innych, a tak\u017ce kursy i licencje na operatora drona.","robots":{"index":"index","follow":"follow","max-snippet":"max-snippet:-1","max-image-preview":"max-image-preview:large","max-video-preview":"max-video-preview:-1"},"canonical":"https:\/\/ironsky.pl\/sklep\/produkt\/zestaw-do-nagrywania-puluz-pkt3131b-statywlampaklamra\/","og_locale":"pl_PL","og_type":"article","og_title":"Zestaw do nagrywania PULUZ PKT3131B statyw+lampa+klamra - IRONSKY.PL Sklep z Dronami","og_description":"Zestaw do nagrywania PULUZ PKT3131B statyw+lampa+klamra - \u2705 sklep z dronami i fachowym doradztwem. \u2705 Tutaj kupisz produkty DJI, Yuneec, Parrot, Syma i wiele innych, a tak\u017ce kursy i licencje na operatora drona.","og_url":"https:\/\/ironsky.pl\/sklep\/produkt\/zestaw-do-nagrywania-puluz-pkt3131b-statywlampaklamra\/","og_site_name":"IRONSKY.PL Sklep z Dronami","article_modified_time":"2026-04-15T08:46:30+00:00","og_image":[{"width":1200,"height":1200,"url":"https:\/\/ironsky.pl\/sklep\/wp-content\/uploads\/2026\/04\/22369_2.jpg","type":"image\/jpeg"}],"twitter_card":"summary_large_image","twitter_misc":{"Szacowany czas czytania":"1 minuta"},"schema":{"@context":"https:\/\/schema.org","@graph":[{"@type":"WebPage","@id":"https:\/\/ironsky.pl\/sklep\/produkt\/zestaw-do-nagrywania-puluz-pkt3131b-statywlampaklamra\/","url":"https:\/\/ironsky.pl\/sklep\/produkt\/zestaw-do-nagrywania-puluz-pkt3131b-statywlampaklamra\/","name":"Zestaw do nagrywania PULUZ PKT3131B statyw+lampa+klamra - IRONSKY.PL Sklep z Dronami","isPartOf":{"@id":"https:\/\/ironsky.pl\/sklep\/#website"},"primaryImageOfPage":{"@id":"https:\/\/ironsky.pl\/sklep\/produkt\/zestaw-do-nagrywania-puluz-pkt3131b-statywlampaklamra\/#primaryimage"},"image":{"@id":"https:\/\/ironsky.pl\/sklep\/produkt\/zestaw-do-nagrywania-puluz-pkt3131b-statywlampaklamra\/#primaryimage"},"thumbnailUrl":"https:\/\/ironsky.pl\/sklep\/wp-content\/uploads\/2026\/04\/22369_2.jpg","datePublished":"2026-04-15T08:09:43+00:00","dateModified":"2026-04-15T08:46:30+00:00","description":"Zestaw do nagrywania PULUZ PKT3131B statyw+lampa+klamra - \u2705 sklep z dronami i fachowym doradztwem. \u2705 Tutaj kupisz produkty DJI, Yuneec, Parrot, Syma i wiele innych, a tak\u017ce kursy i licencje na operatora drona.","breadcrumb":{"@id":"https:\/\/ironsky.pl\/sklep\/produkt\/zestaw-do-nagrywania-puluz-pkt3131b-statywlampaklamra\/#breadcrumb"},"inLanguage":"pl-PL","potentialAction":[{"@type":"ReadAction","target":["https:\/\/ironsky.pl\/sklep\/produkt\/zestaw-do-nagrywania-puluz-pkt3131b-statywlampaklamra\/"]}]},{"@type":"ImageObject","inLanguage":"pl-PL","@id":"https:\/\/ironsky.pl\/sklep\/produkt\/zestaw-do-nagrywania-puluz-pkt3131b-statywlampaklamra\/#primaryimage","url":"https:\/\/ironsky.pl\/sklep\/wp-content\/uploads\/2026\/04\/22369_2.jpg","contentUrl":"https:\/\/ironsky.pl\/sklep\/wp-content\/uploads\/2026\/04\/22369_2.jpg","width":1200,"height":1200},{"@type":"BreadcrumbList","@id":"https:\/\/ironsky.pl\/sklep\/produkt\/zestaw-do-nagrywania-puluz-pkt3131b-statywlampaklamra\/#breadcrumb","itemListElement":[{"@type":"ListItem","position":1,"name":"Strona g\u0142\u00f3wna","item":"https:\/\/ironsky.pl\/sklep\/"},{"@type":"ListItem","position":2,"name":"Wszystkie produkty","item":"https:\/\/ironsky.pl\/sklep\/produkty\/"},{"@type":"ListItem","position":3,"name":"Zestaw do nagrywania PULUZ PKT3131B statyw+lampa+klamra"}]},{"@type":"WebSite","@id":"https:\/\/ironsky.pl\/sklep\/#website","url":"https:\/\/ironsky.pl\/sklep\/","name":"IRONSKY.PL Sklep z Dronami","description":"IRONSKY.PL Sklep z Dronami","potentialAction":[{"@type":"SearchAction","target":{"@type":"EntryPoint","urlTemplate":"https:\/\/ironsky.pl\/sklep\/?s={search_term_string}"},"query-input":{"@type":"PropertyValueSpecification","valueRequired":true,"valueName":"search_term_string"}}],"inLanguage":"pl-PL"}]}},"_links":{"self":[{"href":"https:\/\/ironsky.pl\/sklep\/wp-json\/wp\/v2\/product\/55950","targetHints":{"allow":["GET"]}}],"collection":[{"href":"https:\/\/ironsky.pl\/sklep\/wp-json\/wp\/v2\/product"}],"about":[{"href":"https:\/\/ironsky.pl\/sklep\/wp-json\/wp\/v2\/types\/product"}],"replies":[{"embeddable":true,"href":"https:\/\/ironsky.pl\/sklep\/wp-json\/wp\/v2\/comments?post=55950"}],"wp:featuredmedia":[{"embeddable":true,"href":"https:\/\/ironsky.pl\/sklep\/wp-json\/wp\/v2\/media\/55951"}],"wp:attachment":[{"href":"https:\/\/ironsky.pl\/sklep\/wp-json\/wp\/v2\/media?parent=55950"}],"wp:term":[{"taxonomy":"product_brand","embeddable":true,"href":"https:\/\/ironsky.pl\/sklep\/wp-json\/wp\/v2\/product_brand?post=55950"},{"taxonomy":"product_cat","embeddable":true,"href":"https:\/\/ironsky.pl\/sklep\/wp-json\/wp\/v2\/product_cat?post=55950"},{"taxonomy":"product_tag","embeddable":true,"href":"https:\/\/ironsky.pl\/sklep\/wp-json\/wp\/v2\/product_tag?post=55950"}],"curies":[{"name":"wp","href":"https:\/\/api.w.org\/{rel}","templated":true}]}}