{"id":55945,"date":"2026-04-15T10:09:43","date_gmt":"2026-04-15T08:09:43","guid":{"rendered":"https:\/\/ironsky.pl\/sklep\/produkt\/lampa-solarna-superfire-ff5-c-263w-1200lm-15000mah-2\/"},"modified":"2026-04-15T10:09:46","modified_gmt":"2026-04-15T08:09:46","slug":"lampa-solarna-superfire-ff5-c-263w-1200lm-15000mah-2","status":"publish","type":"product","link":"https:\/\/ironsky.pl\/sklep\/produkt\/lampa-solarna-superfire-ff5-c-263w-1200lm-15000mah-2\/","title":{"rendered":"Lampa solarna SUPERFIRE FF5-C 263W 1200lm 15000mAh"},"content":{"rendered":"<h3>Lampa solarna Superfire<\/h3>\n<p>Lampa Superfire wykorzystuje do zasilania promienie s\u0142oneczne, a mo\u017cesz ni\u0105 sterowa\u0107 za pomoc\u0105 do\u0142\u0105czonego do zestawu pilota. Z powodzeniem wykorzystasz j\u0105 jako o\u015bwietlenie uliczne, przemys\u0142owe lub komercyjne. Zosta\u0142a wykonana z odpornych na uszkodzenia materia\u0142\u00f3w i zaawansowanej technologii zasilania PWM, dzi\u0119ki czemu mo\u017ce pracowa\u0107 w \u015brodowisku o niskiej temperaturze. <\/p>\n<p>\n<img decoding=\"async\" src=\"https:\/\/assets.innpro.pl\/11708\/13865\/2.jpg\" border=\"0\" \/>\n<\/p>\n<h3>Inteligentne rozwi\u0105zania<\/h3>\n<p>Lampa w\u0142\u0105czy si\u0119 samoistnie po zmroku, dzi\u0119ki czemu zapewnia bezpiecze\u0144stwo przechodniom, a nast\u0119pnie zga\u015bnie po \u015bwicie. Wybierz rozwi\u0105zania, kt\u00f3re nie wymagaj\u0105 Twojej ingerencji. Daj sobie pom\u00f3c! <\/p>\n<p>\n<img decoding=\"async\" src=\"https:\/\/assets.innpro.pl\/11708\/13865\/3.jpg\" border=\"0\" \/>\n<\/p>\n<h3>Ekologicznie<\/h3>\n<p>Urz\u0105dzenie wykorzystuje polisilikonowe panele s\u0142oneczne, kt\u00f3re oszcz\u0119dzaj\u0105 zu\u017cycie energii i chroni\u0105 \u015brodowisko. FF5-E pozwoli Ci te\u017c zaoszcz\u0119dzi\u0107 na rachunkach za pr\u0105d.<\/p>\n<p>\n<img decoding=\"async\" src=\"https:\/\/assets.innpro.pl\/11708\/13865\/5.jpg\" border=\"0\" \/>\n<\/p>\n<h3>Pilot w zestawie<\/h3>\n<p>Do zestawu do\u0142\u0105czono pilot na podczerwie\u0144, kt\u00f3ry pozwala dostosowa\u0107 czas pracy urz\u0105dzenia na 3\/5\/8 godzin. Po ustalonym czasie FF5-E wy\u0142\u0105czy si\u0119 automatycznie, oszcz\u0119dzaj\u0105c energi\u0119.<\/p>\n<p>\n<img decoding=\"async\" src=\"https:\/\/assets.innpro.pl\/11708\/13865\/1.jpg\" border=\"0\" \/>\n<\/p>\n<h3>Wydajno\u015b\u0107<\/h3>\n<p>Urz\u0105dzenie wyposa\u017cono w 6V akumulator, kt\u00f3ry \u0142aduje lamp\u0119 w nocy. Wyr\u00f3\u017cnia go du\u017ca pojemno\u015b\u0107, stabilne dzia\u0142anie i d\u0142ugi czas pracy. Zosta\u0142a te\u017c wyposa\u017cona w chip LED, kt\u00f3ry zwi\u0119ksza wydajno\u015b\u0107 i wytrzyma\u0142o\u015b\u0107 lampy.<\/p>\n<p>\n<img decoding=\"async\" src=\"https:\/\/assets.innpro.pl\/11708\/13865\/4.jpg\" border=\"0\" \/>\n<\/p>\n<h3>Odporna na wod\u0119<\/h3>\n<p>Produkt jest odporny na wod\u0119 i kurz na poziomie IP65, wi\u0119c niestraszne jej z\u0142e warunki pogodowe. Wysokiej jako\u015bci szk\u0142o hartowane wyr\u00f3\u017cnia si\u0119 wysok\u0105 twardo\u015bci\u0105 i doskona\u0142\u0105 przepuszczalno\u015bci\u0105 \u015bwiat\u0142a. Dzi\u0119ki temu rzucane przez ni\u0105 \u015bwiat\u0142o jest jasne i naturalne.<\/p>\n<p>\n<img decoding=\"async\" src=\"https:\/\/assets.innpro.pl\/11708\/13865\/6.jpg\" border=\"0\" \/>\n<\/p>\n<h3>W zestawie<\/h3>\n<ul class=\"list-disc pl-5\">\n<li>lampa<\/li>\n<li>pilot zdalnego sterowania<\/li>\n<li>uchwyt lampy<\/li>\n<li>uchwyt panelu solarnego<\/li>\n<li>\u015bruby<\/li>\n<li>instrukcja obs\u0142ugi<\/li>\n<\/ul>\n<div class=\"table-wrapper\">\n<p>\u00a0<\/p>\n<h3><\/h3>\n<table>\n<tbody>\n<tr>\n<th>Producent<\/th>\n<td>Superfire<\/td>\n<\/tr>\n<tr>\n<th>Model<\/th>\n<td>FF5-C<\/td>\n<\/tr>\n<tr>\n<th>Moc<\/th>\n<td>263 W<\/td>\n<\/tr>\n<tr>\n<th>Ilo\u015b\u0107 lumen\u00f3w<\/th>\n<td>1200 lm<\/td>\n<\/tr>\n<tr>\n<th>Zasi\u0119g \u015bwiecenia<\/th>\n<td>120 m\u00b2<\/td>\n<\/tr>\n<tr>\n<th>Wodoodporno\u015b\u0107<\/th>\n<td>IP65<\/td>\n<\/tr>\n<tr>\n<th>Pojemno\u015b\u0107 akumulatora<\/th>\n<td>15000 mAh<\/td>\n<\/tr>\n<tr>\n<th>Wymiary lampy<\/th>\n<td>494 x 215 x 55 mm<\/td>\n<\/tr>\n<tr>\n<th>Wymiary panelu solarnego<\/th>\n<td>450 x 350 x 17 mm<\/td>\n<\/tr>\n<tr>\n<th>Materia\u0142<\/th>\n<td>ABS + Szk\u0142o hartowane<\/td>\n<\/tr>\n<tr>\n<th>Waga<\/th>\n<td>4.5 kg<\/td>\n<\/tr>\n<tr>\n<th>Temperatura barwowa<\/th>\n<td>8000K<\/td>\n<\/tr>\n<tr>\n<th>Czas pracy<\/th>\n<td>ok. 12 h<\/td>\n<\/tr>\n<tr>\n<th>Czas \u0142adowania<\/th>\n<td>ok. 4 h<\/td>\n<\/tr>\n<\/tbody>\n<\/table>\n<\/div>\n","protected":false},"excerpt":{"rendered":"<p>Lampa solarna Superfire Lampa Superfire wykorzystuje do zasilania promienie s\u0142oneczne, a mo\u017cesz ni\u0105 sterowa\u0107 za pomoc\u0105 do\u0142\u0105czonego do zestawu pilota.<\/p>\n","protected":false},"featured_media":41559,"comment_status":"closed","ping_status":"open","template":"","meta":{"_acf_changed":false},"product_brand":[],"product_cat":[5956,5946,5937],"product_tag":[],"class_list":{"0":"post-55945","1":"product","2":"type-product","3":"status-publish","4":"has-post-thumbnail","6":"product_cat-lampy-zewnetrzne","7":"product_cat-oswietlenie","8":"product_cat-outdoor","9":"pa_okres-gwarancji-5754","10":"pa_producent-superfire","12":"first","13":"outofstock","14":"taxable","15":"shipping-taxable","16":"purchasable","17":"product-type-simple"},"acf":[],"yoast_head":"<!-- This site is optimized with the Yoast SEO plugin v27.2 - https:\/\/yoast.com\/product\/yoast-seo-wordpress\/ -->\n<title>Lampa solarna SUPERFIRE FF5-C 263W 1200lm 15000mAh - IRONSKY.PL Sklep z Dronami<\/title>\n<meta name=\"description\" content=\"Lampa solarna SUPERFIRE FF5-C 263W 1200lm 15000mAh - \u2705 sklep z dronami i fachowym doradztwem. \u2705 Tutaj kupisz produkty DJI, Yuneec, Parrot, Syma i wiele innych, a tak\u017ce kursy i licencje na operatora drona.\" \/>\n<meta name=\"robots\" content=\"index, follow, max-snippet:-1, max-image-preview:large, max-video-preview:-1\" \/>\n<link rel=\"canonical\" href=\"https:\/\/ironsky.pl\/sklep\/produkt\/lampa-solarna-superfire-ff5-c-263w-1200lm-15000mah-2\/\" \/>\n<meta property=\"og:locale\" content=\"pl_PL\" \/>\n<meta property=\"og:type\" content=\"article\" \/>\n<meta property=\"og:title\" content=\"Lampa solarna SUPERFIRE FF5-C 263W 1200lm 15000mAh - IRONSKY.PL Sklep z Dronami\" \/>\n<meta property=\"og:description\" content=\"Lampa solarna SUPERFIRE FF5-C 263W 1200lm 15000mAh - \u2705 sklep z dronami i fachowym doradztwem. \u2705 Tutaj kupisz produkty DJI, Yuneec, Parrot, Syma i wiele innych, a tak\u017ce kursy i licencje na operatora drona.\" \/>\n<meta property=\"og:url\" content=\"https:\/\/ironsky.pl\/sklep\/produkt\/lampa-solarna-superfire-ff5-c-263w-1200lm-15000mah-2\/\" \/>\n<meta property=\"og:site_name\" content=\"IRONSKY.PL Sklep z Dronami\" \/>\n<meta property=\"article:modified_time\" content=\"2026-04-15T08:09:46+00:00\" \/>\n<meta property=\"og:image\" content=\"https:\/\/ironsky.pl\/sklep\/wp-content\/uploads\/2025\/06\/22344_2.jpg\" \/>\n\t<meta property=\"og:image:width\" content=\"800\" \/>\n\t<meta property=\"og:image:height\" content=\"800\" \/>\n\t<meta property=\"og:image:type\" content=\"image\/jpeg\" \/>\n<meta name=\"twitter:card\" content=\"summary_large_image\" \/>\n<meta name=\"twitter:label1\" content=\"Szacowany czas czytania\" \/>\n\t<meta name=\"twitter:data1\" content=\"2 minuty\" \/>\n<script type=\"application\/ld+json\" class=\"yoast-schema-graph\">{\"@context\":\"https:\/\/schema.org\",\"@graph\":[{\"@type\":\"WebPage\",\"@id\":\"https:\/\/ironsky.pl\/sklep\/produkt\/lampa-solarna-superfire-ff5-c-263w-1200lm-15000mah-2\/\",\"url\":\"https:\/\/ironsky.pl\/sklep\/produkt\/lampa-solarna-superfire-ff5-c-263w-1200lm-15000mah-2\/\",\"name\":\"Lampa solarna SUPERFIRE FF5-C 263W 1200lm 15000mAh - IRONSKY.PL Sklep z Dronami\",\"isPartOf\":{\"@id\":\"https:\/\/ironsky.pl\/sklep\/#website\"},\"primaryImageOfPage\":{\"@id\":\"https:\/\/ironsky.pl\/sklep\/produkt\/lampa-solarna-superfire-ff5-c-263w-1200lm-15000mah-2\/#primaryimage\"},\"image\":{\"@id\":\"https:\/\/ironsky.pl\/sklep\/produkt\/lampa-solarna-superfire-ff5-c-263w-1200lm-15000mah-2\/#primaryimage\"},\"thumbnailUrl\":\"https:\/\/ironsky.pl\/sklep\/wp-content\/uploads\/2025\/06\/22344_2.jpg\",\"datePublished\":\"2026-04-15T08:09:43+00:00\",\"dateModified\":\"2026-04-15T08:09:46+00:00\",\"description\":\"Lampa solarna SUPERFIRE FF5-C 263W 1200lm 15000mAh - \u2705 sklep z dronami i fachowym doradztwem. \u2705 Tutaj kupisz produkty DJI, Yuneec, Parrot, Syma i wiele innych, a tak\u017ce kursy i licencje na operatora drona.\",\"breadcrumb\":{\"@id\":\"https:\/\/ironsky.pl\/sklep\/produkt\/lampa-solarna-superfire-ff5-c-263w-1200lm-15000mah-2\/#breadcrumb\"},\"inLanguage\":\"pl-PL\",\"potentialAction\":[{\"@type\":\"ReadAction\",\"target\":[\"https:\/\/ironsky.pl\/sklep\/produkt\/lampa-solarna-superfire-ff5-c-263w-1200lm-15000mah-2\/\"]}]},{\"@type\":\"ImageObject\",\"inLanguage\":\"pl-PL\",\"@id\":\"https:\/\/ironsky.pl\/sklep\/produkt\/lampa-solarna-superfire-ff5-c-263w-1200lm-15000mah-2\/#primaryimage\",\"url\":\"https:\/\/ironsky.pl\/sklep\/wp-content\/uploads\/2025\/06\/22344_2.jpg\",\"contentUrl\":\"https:\/\/ironsky.pl\/sklep\/wp-content\/uploads\/2025\/06\/22344_2.jpg\",\"width\":800,\"height\":800},{\"@type\":\"BreadcrumbList\",\"@id\":\"https:\/\/ironsky.pl\/sklep\/produkt\/lampa-solarna-superfire-ff5-c-263w-1200lm-15000mah-2\/#breadcrumb\",\"itemListElement\":[{\"@type\":\"ListItem\",\"position\":1,\"name\":\"Strona g\u0142\u00f3wna\",\"item\":\"https:\/\/ironsky.pl\/sklep\/\"},{\"@type\":\"ListItem\",\"position\":2,\"name\":\"Wszystkie produkty\",\"item\":\"https:\/\/ironsky.pl\/sklep\/produkty\/\"},{\"@type\":\"ListItem\",\"position\":3,\"name\":\"Lampa solarna SUPERFIRE FF5-C 263W 1200lm 15000mAh\"}]},{\"@type\":\"WebSite\",\"@id\":\"https:\/\/ironsky.pl\/sklep\/#website\",\"url\":\"https:\/\/ironsky.pl\/sklep\/\",\"name\":\"IRONSKY.PL Sklep z Dronami\",\"description\":\"IRONSKY.PL Sklep z Dronami\",\"potentialAction\":[{\"@type\":\"SearchAction\",\"target\":{\"@type\":\"EntryPoint\",\"urlTemplate\":\"https:\/\/ironsky.pl\/sklep\/?s={search_term_string}\"},\"query-input\":{\"@type\":\"PropertyValueSpecification\",\"valueRequired\":true,\"valueName\":\"search_term_string\"}}],\"inLanguage\":\"pl-PL\"}]}<\/script>\n<!-- \/ Yoast SEO plugin. -->","yoast_head_json":{"title":"Lampa solarna SUPERFIRE FF5-C 263W 1200lm 15000mAh - IRONSKY.PL Sklep z Dronami","description":"Lampa solarna SUPERFIRE FF5-C 263W 1200lm 15000mAh - \u2705 sklep z dronami i fachowym doradztwem. \u2705 Tutaj kupisz produkty DJI, Yuneec, Parrot, Syma i wiele innych, a tak\u017ce kursy i licencje na operatora drona.","robots":{"index":"index","follow":"follow","max-snippet":"max-snippet:-1","max-image-preview":"max-image-preview:large","max-video-preview":"max-video-preview:-1"},"canonical":"https:\/\/ironsky.pl\/sklep\/produkt\/lampa-solarna-superfire-ff5-c-263w-1200lm-15000mah-2\/","og_locale":"pl_PL","og_type":"article","og_title":"Lampa solarna SUPERFIRE FF5-C 263W 1200lm 15000mAh - IRONSKY.PL Sklep z Dronami","og_description":"Lampa solarna SUPERFIRE FF5-C 263W 1200lm 15000mAh - \u2705 sklep z dronami i fachowym doradztwem. \u2705 Tutaj kupisz produkty DJI, Yuneec, Parrot, Syma i wiele innych, a tak\u017ce kursy i licencje na operatora drona.","og_url":"https:\/\/ironsky.pl\/sklep\/produkt\/lampa-solarna-superfire-ff5-c-263w-1200lm-15000mah-2\/","og_site_name":"IRONSKY.PL Sklep z Dronami","article_modified_time":"2026-04-15T08:09:46+00:00","og_image":[{"width":800,"height":800,"url":"https:\/\/ironsky.pl\/sklep\/wp-content\/uploads\/2025\/06\/22344_2.jpg","type":"image\/jpeg"}],"twitter_card":"summary_large_image","twitter_misc":{"Szacowany czas czytania":"2 minuty"},"schema":{"@context":"https:\/\/schema.org","@graph":[{"@type":"WebPage","@id":"https:\/\/ironsky.pl\/sklep\/produkt\/lampa-solarna-superfire-ff5-c-263w-1200lm-15000mah-2\/","url":"https:\/\/ironsky.pl\/sklep\/produkt\/lampa-solarna-superfire-ff5-c-263w-1200lm-15000mah-2\/","name":"Lampa solarna SUPERFIRE FF5-C 263W 1200lm 15000mAh - IRONSKY.PL Sklep z Dronami","isPartOf":{"@id":"https:\/\/ironsky.pl\/sklep\/#website"},"primaryImageOfPage":{"@id":"https:\/\/ironsky.pl\/sklep\/produkt\/lampa-solarna-superfire-ff5-c-263w-1200lm-15000mah-2\/#primaryimage"},"image":{"@id":"https:\/\/ironsky.pl\/sklep\/produkt\/lampa-solarna-superfire-ff5-c-263w-1200lm-15000mah-2\/#primaryimage"},"thumbnailUrl":"https:\/\/ironsky.pl\/sklep\/wp-content\/uploads\/2025\/06\/22344_2.jpg","datePublished":"2026-04-15T08:09:43+00:00","dateModified":"2026-04-15T08:09:46+00:00","description":"Lampa solarna SUPERFIRE FF5-C 263W 1200lm 15000mAh - \u2705 sklep z dronami i fachowym doradztwem. \u2705 Tutaj kupisz produkty DJI, Yuneec, Parrot, Syma i wiele innych, a tak\u017ce kursy i licencje na operatora drona.","breadcrumb":{"@id":"https:\/\/ironsky.pl\/sklep\/produkt\/lampa-solarna-superfire-ff5-c-263w-1200lm-15000mah-2\/#breadcrumb"},"inLanguage":"pl-PL","potentialAction":[{"@type":"ReadAction","target":["https:\/\/ironsky.pl\/sklep\/produkt\/lampa-solarna-superfire-ff5-c-263w-1200lm-15000mah-2\/"]}]},{"@type":"ImageObject","inLanguage":"pl-PL","@id":"https:\/\/ironsky.pl\/sklep\/produkt\/lampa-solarna-superfire-ff5-c-263w-1200lm-15000mah-2\/#primaryimage","url":"https:\/\/ironsky.pl\/sklep\/wp-content\/uploads\/2025\/06\/22344_2.jpg","contentUrl":"https:\/\/ironsky.pl\/sklep\/wp-content\/uploads\/2025\/06\/22344_2.jpg","width":800,"height":800},{"@type":"BreadcrumbList","@id":"https:\/\/ironsky.pl\/sklep\/produkt\/lampa-solarna-superfire-ff5-c-263w-1200lm-15000mah-2\/#breadcrumb","itemListElement":[{"@type":"ListItem","position":1,"name":"Strona g\u0142\u00f3wna","item":"https:\/\/ironsky.pl\/sklep\/"},{"@type":"ListItem","position":2,"name":"Wszystkie produkty","item":"https:\/\/ironsky.pl\/sklep\/produkty\/"},{"@type":"ListItem","position":3,"name":"Lampa solarna SUPERFIRE FF5-C 263W 1200lm 15000mAh"}]},{"@type":"WebSite","@id":"https:\/\/ironsky.pl\/sklep\/#website","url":"https:\/\/ironsky.pl\/sklep\/","name":"IRONSKY.PL Sklep z Dronami","description":"IRONSKY.PL Sklep z Dronami","potentialAction":[{"@type":"SearchAction","target":{"@type":"EntryPoint","urlTemplate":"https:\/\/ironsky.pl\/sklep\/?s={search_term_string}"},"query-input":{"@type":"PropertyValueSpecification","valueRequired":true,"valueName":"search_term_string"}}],"inLanguage":"pl-PL"}]}},"_links":{"self":[{"href":"https:\/\/ironsky.pl\/sklep\/wp-json\/wp\/v2\/product\/55945","targetHints":{"allow":["GET"]}}],"collection":[{"href":"https:\/\/ironsky.pl\/sklep\/wp-json\/wp\/v2\/product"}],"about":[{"href":"https:\/\/ironsky.pl\/sklep\/wp-json\/wp\/v2\/types\/product"}],"replies":[{"embeddable":true,"href":"https:\/\/ironsky.pl\/sklep\/wp-json\/wp\/v2\/comments?post=55945"}],"wp:featuredmedia":[{"embeddable":true,"href":"https:\/\/ironsky.pl\/sklep\/wp-json\/wp\/v2\/media\/41559"}],"wp:attachment":[{"href":"https:\/\/ironsky.pl\/sklep\/wp-json\/wp\/v2\/media?parent=55945"}],"wp:term":[{"taxonomy":"product_brand","embeddable":true,"href":"https:\/\/ironsky.pl\/sklep\/wp-json\/wp\/v2\/product_brand?post=55945"},{"taxonomy":"product_cat","embeddable":true,"href":"https:\/\/ironsky.pl\/sklep\/wp-json\/wp\/v2\/product_cat?post=55945"},{"taxonomy":"product_tag","embeddable":true,"href":"https:\/\/ironsky.pl\/sklep\/wp-json\/wp\/v2\/product_tag?post=55945"}],"curies":[{"name":"wp","href":"https:\/\/api.w.org\/{rel}","templated":true}]}}