{"id":55942,"date":"2026-04-15T10:08:58","date_gmt":"2026-04-15T08:08:58","guid":{"rendered":"https:\/\/ironsky.pl\/sklep\/produkt\/latarka-uv-superfire-a5-365nm-2\/"},"modified":"2026-04-15T10:09:42","modified_gmt":"2026-04-15T08:09:42","slug":"latarka-uv-superfire-a5-365nm-2","status":"publish","type":"product","link":"https:\/\/ironsky.pl\/sklep\/produkt\/latarka-uv-superfire-a5-365nm-2\/","title":{"rendered":"Latarka UV SUPERFIRE A5 365nm"},"content":{"rendered":"<h3>Latarka UV Superfire A5<\/h3>\n<p>A5 pozwoli Ci zobaczy\u0107 rzeczy, kt\u00f3rych nie wida\u0107 \u201cgo\u0142ym okiem\u201d.\u00a0Dzi\u0119ki praktycznej latarce UV wykryjesz w swoim domu \u015blady moczu zwierz\u0105t, niewidoczne plamy po jedzeniu na ubraniach, dywanach, czy innych tkaninach, a tak\u017ce brudne \u015blady w \u0142azience i r\u00f3\u017cnego rodzaju fluorescencyjne \u015brodki. Wyposa\u017cona w pojemny akumulator pos\u0142u\u017cy Ci przez oko\u0142o 90-120 min na jednym na\u0142adowaniu. Do zestawu do\u0142\u0105czono kabel micro USB, za pomoc\u0105 kt\u00f3rego odnowisz energi\u0119 akcesorium.\u00a0<\/p>\n<p><img decoding=\"async\" src=\"https:\/\/b2b.innpro.pl\/data\/include\/cms\/01Superfire\/A5-365NM\/9.jpg\"><\/p>\n<h3>Praktyczna<\/h3>\n<p>Latarka Superfire to akcesorium, kt\u00f3re przyda Ci si\u0119 na co dzie\u0144. Urz\u0105dzenie wykorzystuje fale 365NM, dzi\u0119ki kt\u00f3rym zobaczysz niewidoczne dla oka plamy, na przyk\u0142ad, \u015blady w \u0142azience, mocz zwierz\u0105t, \u015brodki fluorescencyjne, roztocza, itp. Za jej pomoc\u0105 sprawdzisz r\u00f3wnie\u017c oryginalno\u015b\u0107 banknotu lub dokument\u00f3w takich jak prawo jazdy czy dow\u00f3d to\u017csamo\u015bci. Co wi\u0119cej, \u015bwiat\u0142o UV latarki przyspiesza schni\u0119cie lakieru do paznokci i \u017cywicy.\u00a0<\/p>\n<p><img decoding=\"async\" src=\"https:\/\/b2b.innpro.pl\/data\/include\/cms\/01Superfire\/A5-365NM\/2.jpg\"><\/p>\n<h3>Wygodne \u0142adowanie<\/h3>\n<p>Latark\u0119 zasila bateria\/akumulator, kt\u00f3ry mo\u017cesz wielokrotnie \u0142adowa\u0107. Pozwala on korzysta\u0107 z A5 do 120 min na jednym na\u0142adowaniu. Energi\u0119 akcesorium odnowisz za pomoc\u0105 kabla z portem micro USB, do\u0142\u0105czonego do zestawu.\u00a0<\/p>\n<p><img decoding=\"async\" src=\"https:\/\/b2b.innpro.pl\/data\/include\/cms\/01Superfire\/A5-365NM\/7.jpg\"><\/p>\n<h3>Solidna i kompaktowa<\/h3>\n<p>A5 zosta\u0142a wykonana z wysokiej jako\u015bci materia\u0142\u00f3w, dzi\u0119ki czemu jest odporna na drobne uszkodzenia mechaniczne oraz niewielkie zachlapania. Antypo\u015blizgowe wyko\u0144czenie zapewnia stabilno\u015b\u0107, wi\u0119c masz pewno\u015b\u0107, \u017ce latarka nie wy\u015blizgnie si\u0119 z d\u0142oni. Wa\u017cy zaledwie 82g, a jej wielko\u015b\u0107 mo\u017cna por\u00f3wna\u0107 do smartfona &#8211; wymiary latarki to 128 x 28 x 26 mm. Z powodzeniem przechowasz j\u0105 w kieszeni, torebce czy plecaku.\u00a0<\/p>\n<p><img decoding=\"async\" src=\"https:\/\/b2b.innpro.pl\/data\/include\/cms\/01Superfire\/A5-365NM\/6.jpg\"><\/p>\n<h3>W zestawie<\/h3>\n<ul>\n<li>latarka<\/li>\n<li>kabel \u0142adowania micro USB<\/li>\n<li>bateria\/akumulator (18650)<\/li>\n<li>instrukcja obs\u0142ugi\u00a0<\/li>\n<\/ul>\n<div class=\"table-wrapper\">\n<table>\n<tbody>\n<tr>\n<th>Producent<\/th>\n<td>Superfire<\/td>\n<\/tr>\n<tr>\n<th>Model<\/th>\n<td>A5 365NM<\/td>\n<\/tr>\n<tr>\n<th>Fala<\/th>\n<td>365NM<\/td>\n<\/tr>\n<tr>\n<th>Bateria\/Akumulator<\/th>\n<td>18650<\/td>\n<\/tr>\n<tr>\n<th>Zasi\u0119g \u015bwiecenia<\/th>\n<td>1 m<\/td>\n<\/tr>\n<tr>\n<th>Czas pracy<\/th>\n<td>90-120 min<\/td>\n<\/tr>\n<tr>\n<th>Waga<\/th>\n<td>82g<\/td>\n<\/tr>\n<tr>\n<th>Wymiary<\/th>\n<td>128 x 28 x 26 mm<\/td>\n<\/tr>\n<tr>\n<th>Odporno\u015b\u0107 na wod\u0119<\/th>\n<td>tak, ma\u0142e zachlapania<\/td>\n<\/tr>\n<tr>\n<th>Kolor<\/th>\n<td>czarny<\/td>\n<\/tr>\n<\/tbody>\n<\/table>\n<\/div>\n","protected":false},"excerpt":{"rendered":"<p>Latarka UV Superfire A5 A5 pozwoli Ci zobaczy\u0107 rzeczy, kt\u00f3rych nie wida\u0107 \u201cgo\u0142ym okiem\u201d.\u00a0Dzi\u0119ki praktycznej latarce UV wykryjesz w swoim<\/p>\n","protected":false},"featured_media":41552,"comment_status":"closed","ping_status":"open","template":"","meta":{"_acf_changed":false},"product_brand":[],"product_cat":[5938,5948,5937],"product_tag":[],"class_list":{"0":"post-55942","1":"product","2":"type-product","3":"status-publish","4":"has-post-thumbnail","6":"product_cat-latarki","7":"product_cat-uv","8":"product_cat-outdoor","9":"pa_okres-gwarancji-5754","10":"pa_producent-superfire","12":"first","13":"outofstock","14":"taxable","15":"shipping-taxable","16":"purchasable","17":"product-type-simple"},"acf":[],"yoast_head":"<!-- This site is optimized with the Yoast SEO plugin v27.2 - https:\/\/yoast.com\/product\/yoast-seo-wordpress\/ -->\n<title>Latarka UV SUPERFIRE A5 365nm - IRONSKY.PL Sklep z Dronami<\/title>\n<meta name=\"description\" content=\"Latarka UV SUPERFIRE A5 365nm - \u2705 sklep z dronami i fachowym doradztwem. \u2705 Tutaj kupisz produkty DJI, Yuneec, Parrot, Syma i wiele innych, a tak\u017ce kursy i licencje na operatora drona.\" \/>\n<meta name=\"robots\" content=\"index, follow, max-snippet:-1, max-image-preview:large, max-video-preview:-1\" \/>\n<link rel=\"canonical\" href=\"https:\/\/ironsky.pl\/sklep\/produkt\/latarka-uv-superfire-a5-365nm-2\/\" \/>\n<meta property=\"og:locale\" content=\"pl_PL\" \/>\n<meta property=\"og:type\" content=\"article\" \/>\n<meta property=\"og:title\" content=\"Latarka UV SUPERFIRE A5 365nm - IRONSKY.PL Sklep z Dronami\" \/>\n<meta property=\"og:description\" content=\"Latarka UV SUPERFIRE A5 365nm - \u2705 sklep z dronami i fachowym doradztwem. \u2705 Tutaj kupisz produkty DJI, Yuneec, Parrot, Syma i wiele innych, a tak\u017ce kursy i licencje na operatora drona.\" \/>\n<meta property=\"og:url\" content=\"https:\/\/ironsky.pl\/sklep\/produkt\/latarka-uv-superfire-a5-365nm-2\/\" \/>\n<meta property=\"og:site_name\" content=\"IRONSKY.PL Sklep z Dronami\" \/>\n<meta property=\"article:modified_time\" content=\"2026-04-15T08:09:42+00:00\" \/>\n<meta property=\"og:image\" content=\"https:\/\/ironsky.pl\/sklep\/wp-content\/uploads\/2025\/06\/22338_1.jpg\" \/>\n\t<meta property=\"og:image:width\" content=\"800\" \/>\n\t<meta property=\"og:image:height\" content=\"800\" \/>\n\t<meta property=\"og:image:type\" content=\"image\/jpeg\" \/>\n<meta name=\"twitter:card\" content=\"summary_large_image\" \/>\n<meta name=\"twitter:label1\" content=\"Szacowany czas czytania\" \/>\n\t<meta name=\"twitter:data1\" content=\"2 minuty\" \/>\n<script type=\"application\/ld+json\" class=\"yoast-schema-graph\">{\"@context\":\"https:\/\/schema.org\",\"@graph\":[{\"@type\":\"WebPage\",\"@id\":\"https:\/\/ironsky.pl\/sklep\/produkt\/latarka-uv-superfire-a5-365nm-2\/\",\"url\":\"https:\/\/ironsky.pl\/sklep\/produkt\/latarka-uv-superfire-a5-365nm-2\/\",\"name\":\"Latarka UV SUPERFIRE A5 365nm - IRONSKY.PL Sklep z Dronami\",\"isPartOf\":{\"@id\":\"https:\/\/ironsky.pl\/sklep\/#website\"},\"primaryImageOfPage\":{\"@id\":\"https:\/\/ironsky.pl\/sklep\/produkt\/latarka-uv-superfire-a5-365nm-2\/#primaryimage\"},\"image\":{\"@id\":\"https:\/\/ironsky.pl\/sklep\/produkt\/latarka-uv-superfire-a5-365nm-2\/#primaryimage\"},\"thumbnailUrl\":\"https:\/\/ironsky.pl\/sklep\/wp-content\/uploads\/2025\/06\/22338_1.jpg\",\"datePublished\":\"2026-04-15T08:08:58+00:00\",\"dateModified\":\"2026-04-15T08:09:42+00:00\",\"description\":\"Latarka UV SUPERFIRE A5 365nm - \u2705 sklep z dronami i fachowym doradztwem. \u2705 Tutaj kupisz produkty DJI, Yuneec, Parrot, Syma i wiele innych, a tak\u017ce kursy i licencje na operatora drona.\",\"breadcrumb\":{\"@id\":\"https:\/\/ironsky.pl\/sklep\/produkt\/latarka-uv-superfire-a5-365nm-2\/#breadcrumb\"},\"inLanguage\":\"pl-PL\",\"potentialAction\":[{\"@type\":\"ReadAction\",\"target\":[\"https:\/\/ironsky.pl\/sklep\/produkt\/latarka-uv-superfire-a5-365nm-2\/\"]}]},{\"@type\":\"ImageObject\",\"inLanguage\":\"pl-PL\",\"@id\":\"https:\/\/ironsky.pl\/sklep\/produkt\/latarka-uv-superfire-a5-365nm-2\/#primaryimage\",\"url\":\"https:\/\/ironsky.pl\/sklep\/wp-content\/uploads\/2025\/06\/22338_1.jpg\",\"contentUrl\":\"https:\/\/ironsky.pl\/sklep\/wp-content\/uploads\/2025\/06\/22338_1.jpg\",\"width\":800,\"height\":800},{\"@type\":\"BreadcrumbList\",\"@id\":\"https:\/\/ironsky.pl\/sklep\/produkt\/latarka-uv-superfire-a5-365nm-2\/#breadcrumb\",\"itemListElement\":[{\"@type\":\"ListItem\",\"position\":1,\"name\":\"Strona g\u0142\u00f3wna\",\"item\":\"https:\/\/ironsky.pl\/sklep\/\"},{\"@type\":\"ListItem\",\"position\":2,\"name\":\"Wszystkie produkty\",\"item\":\"https:\/\/ironsky.pl\/sklep\/produkty\/\"},{\"@type\":\"ListItem\",\"position\":3,\"name\":\"Latarka UV SUPERFIRE A5 365nm\"}]},{\"@type\":\"WebSite\",\"@id\":\"https:\/\/ironsky.pl\/sklep\/#website\",\"url\":\"https:\/\/ironsky.pl\/sklep\/\",\"name\":\"IRONSKY.PL Sklep z Dronami\",\"description\":\"IRONSKY.PL Sklep z Dronami\",\"potentialAction\":[{\"@type\":\"SearchAction\",\"target\":{\"@type\":\"EntryPoint\",\"urlTemplate\":\"https:\/\/ironsky.pl\/sklep\/?s={search_term_string}\"},\"query-input\":{\"@type\":\"PropertyValueSpecification\",\"valueRequired\":true,\"valueName\":\"search_term_string\"}}],\"inLanguage\":\"pl-PL\"}]}<\/script>\n<!-- \/ Yoast SEO plugin. -->","yoast_head_json":{"title":"Latarka UV SUPERFIRE A5 365nm - IRONSKY.PL Sklep z Dronami","description":"Latarka UV SUPERFIRE A5 365nm - \u2705 sklep z dronami i fachowym doradztwem. \u2705 Tutaj kupisz produkty DJI, Yuneec, Parrot, Syma i wiele innych, a tak\u017ce kursy i licencje na operatora drona.","robots":{"index":"index","follow":"follow","max-snippet":"max-snippet:-1","max-image-preview":"max-image-preview:large","max-video-preview":"max-video-preview:-1"},"canonical":"https:\/\/ironsky.pl\/sklep\/produkt\/latarka-uv-superfire-a5-365nm-2\/","og_locale":"pl_PL","og_type":"article","og_title":"Latarka UV SUPERFIRE A5 365nm - IRONSKY.PL Sklep z Dronami","og_description":"Latarka UV SUPERFIRE A5 365nm - \u2705 sklep z dronami i fachowym doradztwem. \u2705 Tutaj kupisz produkty DJI, Yuneec, Parrot, Syma i wiele innych, a tak\u017ce kursy i licencje na operatora drona.","og_url":"https:\/\/ironsky.pl\/sklep\/produkt\/latarka-uv-superfire-a5-365nm-2\/","og_site_name":"IRONSKY.PL Sklep z Dronami","article_modified_time":"2026-04-15T08:09:42+00:00","og_image":[{"width":800,"height":800,"url":"https:\/\/ironsky.pl\/sklep\/wp-content\/uploads\/2025\/06\/22338_1.jpg","type":"image\/jpeg"}],"twitter_card":"summary_large_image","twitter_misc":{"Szacowany czas czytania":"2 minuty"},"schema":{"@context":"https:\/\/schema.org","@graph":[{"@type":"WebPage","@id":"https:\/\/ironsky.pl\/sklep\/produkt\/latarka-uv-superfire-a5-365nm-2\/","url":"https:\/\/ironsky.pl\/sklep\/produkt\/latarka-uv-superfire-a5-365nm-2\/","name":"Latarka UV SUPERFIRE A5 365nm - IRONSKY.PL Sklep z Dronami","isPartOf":{"@id":"https:\/\/ironsky.pl\/sklep\/#website"},"primaryImageOfPage":{"@id":"https:\/\/ironsky.pl\/sklep\/produkt\/latarka-uv-superfire-a5-365nm-2\/#primaryimage"},"image":{"@id":"https:\/\/ironsky.pl\/sklep\/produkt\/latarka-uv-superfire-a5-365nm-2\/#primaryimage"},"thumbnailUrl":"https:\/\/ironsky.pl\/sklep\/wp-content\/uploads\/2025\/06\/22338_1.jpg","datePublished":"2026-04-15T08:08:58+00:00","dateModified":"2026-04-15T08:09:42+00:00","description":"Latarka UV SUPERFIRE A5 365nm - \u2705 sklep z dronami i fachowym doradztwem. \u2705 Tutaj kupisz produkty DJI, Yuneec, Parrot, Syma i wiele innych, a tak\u017ce kursy i licencje na operatora drona.","breadcrumb":{"@id":"https:\/\/ironsky.pl\/sklep\/produkt\/latarka-uv-superfire-a5-365nm-2\/#breadcrumb"},"inLanguage":"pl-PL","potentialAction":[{"@type":"ReadAction","target":["https:\/\/ironsky.pl\/sklep\/produkt\/latarka-uv-superfire-a5-365nm-2\/"]}]},{"@type":"ImageObject","inLanguage":"pl-PL","@id":"https:\/\/ironsky.pl\/sklep\/produkt\/latarka-uv-superfire-a5-365nm-2\/#primaryimage","url":"https:\/\/ironsky.pl\/sklep\/wp-content\/uploads\/2025\/06\/22338_1.jpg","contentUrl":"https:\/\/ironsky.pl\/sklep\/wp-content\/uploads\/2025\/06\/22338_1.jpg","width":800,"height":800},{"@type":"BreadcrumbList","@id":"https:\/\/ironsky.pl\/sklep\/produkt\/latarka-uv-superfire-a5-365nm-2\/#breadcrumb","itemListElement":[{"@type":"ListItem","position":1,"name":"Strona g\u0142\u00f3wna","item":"https:\/\/ironsky.pl\/sklep\/"},{"@type":"ListItem","position":2,"name":"Wszystkie produkty","item":"https:\/\/ironsky.pl\/sklep\/produkty\/"},{"@type":"ListItem","position":3,"name":"Latarka UV SUPERFIRE A5 365nm"}]},{"@type":"WebSite","@id":"https:\/\/ironsky.pl\/sklep\/#website","url":"https:\/\/ironsky.pl\/sklep\/","name":"IRONSKY.PL Sklep z Dronami","description":"IRONSKY.PL Sklep z Dronami","potentialAction":[{"@type":"SearchAction","target":{"@type":"EntryPoint","urlTemplate":"https:\/\/ironsky.pl\/sklep\/?s={search_term_string}"},"query-input":{"@type":"PropertyValueSpecification","valueRequired":true,"valueName":"search_term_string"}}],"inLanguage":"pl-PL"}]}},"_links":{"self":[{"href":"https:\/\/ironsky.pl\/sklep\/wp-json\/wp\/v2\/product\/55942","targetHints":{"allow":["GET"]}}],"collection":[{"href":"https:\/\/ironsky.pl\/sklep\/wp-json\/wp\/v2\/product"}],"about":[{"href":"https:\/\/ironsky.pl\/sklep\/wp-json\/wp\/v2\/types\/product"}],"replies":[{"embeddable":true,"href":"https:\/\/ironsky.pl\/sklep\/wp-json\/wp\/v2\/comments?post=55942"}],"wp:featuredmedia":[{"embeddable":true,"href":"https:\/\/ironsky.pl\/sklep\/wp-json\/wp\/v2\/media\/41552"}],"wp:attachment":[{"href":"https:\/\/ironsky.pl\/sklep\/wp-json\/wp\/v2\/media?parent=55942"}],"wp:term":[{"taxonomy":"product_brand","embeddable":true,"href":"https:\/\/ironsky.pl\/sklep\/wp-json\/wp\/v2\/product_brand?post=55942"},{"taxonomy":"product_cat","embeddable":true,"href":"https:\/\/ironsky.pl\/sklep\/wp-json\/wp\/v2\/product_cat?post=55942"},{"taxonomy":"product_tag","embeddable":true,"href":"https:\/\/ironsky.pl\/sklep\/wp-json\/wp\/v2\/product_tag?post=55942"}],"curies":[{"name":"wp","href":"https:\/\/api.w.org\/{rel}","templated":true}]}}