{"id":55934,"date":"2026-04-15T10:08:58","date_gmt":"2026-04-15T08:08:58","guid":{"rendered":"https:\/\/ironsky.pl\/sklep\/produkt\/wysiegnik-teleskopowy-dji-action-2-z-pilotem\/"},"modified":"2026-04-15T10:46:27","modified_gmt":"2026-04-15T08:46:27","slug":"wysiegnik-teleskopowy-dji-action-2-z-pilotem","status":"publish","type":"product","link":"https:\/\/ironsky.pl\/sklep\/produkt\/wysiegnik-teleskopowy-dji-action-2-z-pilotem\/","title":{"rendered":"Wysi\u0119gnik teleskopowy DJI Action 2 z pilotem"},"content":{"rendered":"<h3 style=\"text-align: center;\">Wysi\u0119gnik teleskopowy z pilotem zdalnego sterowania DJI Action 2<\/h3>\n<p>Zyskaj jeszcze wi\u0119cej mo\u017cliwo\u015bci nagrywania. To wielofunkcyjne akcesorium \u0142\u0105czy w sobie wysi\u0119gnik teleskopowy, statyw oraz od\u0142\u0105czanego pilota zdalnego sterowania. Dzi\u0119ki temu doskonale sprawdzi si\u0119 w wielu zastosowaniach. Zr\u00f3b fantastyczne selfie grupowe lub uchwy\u0107 zachwycaj\u0105ce, stabilne uj\u0119cie &#8211; mo\u017cliwo\u015bci jest naprawd\u0119 du\u017co. Akcesorium jest na tyle lekkie i przeno\u015bne, \u017ce mo\u017ce Ci towarzyszy\u0107 niemal wsz\u0119dzie &#8211; bez problemu zabierzesz je na kolejn\u0105 pe\u0142n\u0105 przyg\u00f3d wypraw\u0119. Co wi\u0119cej, jego uchwyt z szybkoz\u0142\u0105czk\u0105 \u015bwietnie le\u017cy w d\u0142oni i zapewnia komfort u\u017cytkowania.<\/p>\n<p>\u00a0<\/p>\n<h3>Uwagi<\/h3>\n<ol>\n<li>Nie dopuszczaj do kontaktu urz\u0105dzenia z jak\u0105kolwiek ciecz\u0105 i nie zostawiaj go na deszczu ani w pobli\u017cu \u017ar\u00f3de\u0142 wilgoci.<\/li>\n<li>U\u017cywaj produktu tylko w temperaturze od -10\u00b0C do 45\u00b0C.<\/li>\n<li>Nie pozostawiaj produktu w pobli\u017cu \u017ar\u00f3de\u0142 ciep\u0142a takich jak piec lub grzejnik. Nie zostawiaj go r\u00f3wnie\u017c wewn\u0105trz pojazd\u00f3w w upalne dni. Nie przechowuj go w temperaturze powy\u017cej 45\u00b0C &#8211; idealna temperatura przechowywania to od 22\u00b0C do 28\u00b0C.<\/li>\n<li>Nie przechowuj akumulatora przez d\u0142u\u017cszy czas po jego ca\u0142kowitym roz\u0142adowaniu. W przeciwnym wypadku akumulator mo\u017ce nadmiernie si\u0119 roz\u0142adowa\u0107, co spowoduje nieodwracalne uszkodzenie.<\/li>\n<li>Aby zapewni\u0107 sobie wydajno\u015b\u0107 akumulatora, ca\u0142kowicie go na\u0142aduj i roz\u0142aduj przynajmniej raz na 3 miesi\u0105ce.<\/li>\n<\/ol>\n<p>\u00a0<\/p>\n<div class=\"table-wrapper\">\n<p>\u00a0<\/p>\n<table>\n<tbody>\n<tr>\n<th>Producent<\/th>\n<td>DJI<\/td>\n<\/tr>\n<tr>\n<th>Nazwa<\/th>\n<td>DJI Action 2 Remote Control Extension Rod<\/td>\n<\/tr>\n<tr>\n<th>Model pilota zdalnego sterowania<\/th>\n<td>BTC01<\/td>\n<\/tr>\n<tr>\n<th>Waga wysi\u0119gnika<\/th>\n<td>110 g<\/td>\n<\/tr>\n<tr>\n<th>Waga pilota zdalnego sterowania<\/th>\n<td>11 g<\/td>\n<\/tr>\n<tr>\n<th>Wymiary wysi\u0119gnika<\/th>\n<td>30 x 34 x 165 mm (po roz\u0142o\u017ceniu 378 mm)<\/td>\n<\/tr>\n<tr>\n<th>Wymiary pilota zdalnego sterowania<\/th>\n<td>36,5 x 27,5 x 19 mm<\/td>\n<\/tr>\n<tr>\n<th>Protok\u00f3\u0142 Bluetooth<\/th>\n<td>BLE5.0<\/td>\n<\/tr>\n<tr>\n<th>Cz\u0119stotliwo\u015b\u0107 robocza<\/th>\n<td>2,400-2,4835 GHz<\/td>\n<\/tr>\n<tr>\n<th>Moc transmisji (EIRP)<\/th>\n<td>\u22648 dBm<\/td>\n<\/tr>\n<tr>\n<th>Typ akumulatora<\/th>\n<td>Li-ion<\/td>\n<\/tr>\n<tr>\n<th>Pojemno\u015b\u0107 akumulatora<\/th>\n<td>65 mAh @ 3,7 V<\/td>\n<\/tr>\n<tr>\n<th>Port \u0142adowania<\/th>\n<td>USB-C<\/td>\n<\/tr>\n<tr>\n<th>Napi\u0119cie \u0142adowania<\/th>\n<td>5 V<\/td>\n<\/tr>\n<tr>\n<th>Czas \u0142adowania<\/th>\n<td>Ok. 55 minut<\/td>\n<\/tr>\n<tr>\n<th>Czas pracy<\/th>\n<td>Do 5 h<\/td>\n<\/tr>\n<tr>\n<th>Temperatura \u0142adowania<\/th>\n<td>5-45\u00b0C<\/td>\n<\/tr>\n<tr>\n<th>Temperatura pracy<\/th>\n<td>-10-45\u00b0C<\/td>\n<\/tr>\n<tr>\n<th>Kompatybilno\u015b\u0107<\/th>\n<td>DJI Action 2<\/td>\n<\/tr>\n<\/tbody>\n<\/table>\n<p>\u00a0<\/p>\n<p>\u00a0<\/p>\n<\/div>\n<style type=\"text\/css\"><!--\n.table-wrapper{width:100%;overflow-x:auto}.table-wrapper>table{border-spacing:0}.table-wrapper>table>tbody>tr>td,.table-wrapper>table>tbody>tr>th{padding:10px 35px;text-align:left}.table-wrapper>table>tbody>tr>th{vertical-align:top}.table-wrapper>table>tbody>tr:nth-child(even){background-color:#f7f7f7}\n--><\/style>\n","protected":false},"excerpt":{"rendered":"<p>Wysi\u0119gnik teleskopowy z pilotem zdalnego sterowania DJI Action 2 Zyskaj jeszcze wi\u0119cej mo\u017cliwo\u015bci nagrywania. To wielofunkcyjne akcesorium \u0142\u0105czy w sobie<\/p>\n","protected":false},"featured_media":55935,"comment_status":"closed","ping_status":"open","template":"","meta":{"_acf_changed":false},"product_brand":[],"product_cat":[1130,1137,1128],"product_tag":[],"class_list":{"0":"post-55934","1":"product","2":"type-product","3":"status-publish","4":"has-post-thumbnail","6":"product_cat-akcesoria-foto","7":"product_cat-do-kamer-sportowych","8":"product_cat-foto-wideo","9":"pa_okres-gwarancji-5754","10":"pa_producent-dji","12":"first","13":"outofstock","14":"taxable","15":"shipping-taxable","16":"purchasable","17":"product-type-simple"},"acf":[],"yoast_head":"<!-- This site is optimized with the Yoast SEO plugin v27.2 - https:\/\/yoast.com\/product\/yoast-seo-wordpress\/ -->\n<title>Wysi\u0119gnik teleskopowy DJI Action 2 z pilotem - IRONSKY.PL Sklep z Dronami<\/title>\n<meta name=\"description\" content=\"Wysi\u0119gnik teleskopowy DJI Action 2 z pilotem - \u2705 sklep z dronami i fachowym doradztwem. \u2705 Tutaj kupisz produkty DJI, Yuneec, Parrot, Syma i wiele innych, a tak\u017ce kursy i licencje na operatora drona.\" \/>\n<meta name=\"robots\" content=\"index, follow, max-snippet:-1, max-image-preview:large, max-video-preview:-1\" \/>\n<link rel=\"canonical\" href=\"https:\/\/ironsky.pl\/sklep\/produkt\/wysiegnik-teleskopowy-dji-action-2-z-pilotem\/\" \/>\n<meta property=\"og:locale\" content=\"pl_PL\" \/>\n<meta property=\"og:type\" content=\"article\" \/>\n<meta property=\"og:title\" content=\"Wysi\u0119gnik teleskopowy DJI Action 2 z pilotem - IRONSKY.PL Sklep z Dronami\" \/>\n<meta property=\"og:description\" content=\"Wysi\u0119gnik teleskopowy DJI Action 2 z pilotem - \u2705 sklep z dronami i fachowym doradztwem. \u2705 Tutaj kupisz produkty DJI, Yuneec, Parrot, Syma i wiele innych, a tak\u017ce kursy i licencje na operatora drona.\" \/>\n<meta property=\"og:url\" content=\"https:\/\/ironsky.pl\/sklep\/produkt\/wysiegnik-teleskopowy-dji-action-2-z-pilotem\/\" \/>\n<meta property=\"og:site_name\" content=\"IRONSKY.PL Sklep z Dronami\" \/>\n<meta property=\"article:modified_time\" content=\"2026-04-15T08:46:27+00:00\" \/>\n<meta property=\"og:image\" content=\"https:\/\/ironsky.pl\/sklep\/wp-content\/uploads\/2026\/04\/22326_3.jpg\" \/>\n\t<meta property=\"og:image:width\" content=\"800\" \/>\n\t<meta property=\"og:image:height\" content=\"800\" \/>\n\t<meta property=\"og:image:type\" content=\"image\/jpeg\" \/>\n<meta name=\"twitter:card\" content=\"summary_large_image\" \/>\n<meta name=\"twitter:label1\" content=\"Szacowany czas czytania\" \/>\n\t<meta name=\"twitter:data1\" content=\"2 minuty\" \/>\n<script type=\"application\/ld+json\" class=\"yoast-schema-graph\">{\"@context\":\"https:\/\/schema.org\",\"@graph\":[{\"@type\":\"WebPage\",\"@id\":\"https:\/\/ironsky.pl\/sklep\/produkt\/wysiegnik-teleskopowy-dji-action-2-z-pilotem\/\",\"url\":\"https:\/\/ironsky.pl\/sklep\/produkt\/wysiegnik-teleskopowy-dji-action-2-z-pilotem\/\",\"name\":\"Wysi\u0119gnik teleskopowy DJI Action 2 z pilotem - IRONSKY.PL Sklep z Dronami\",\"isPartOf\":{\"@id\":\"https:\/\/ironsky.pl\/sklep\/#website\"},\"primaryImageOfPage\":{\"@id\":\"https:\/\/ironsky.pl\/sklep\/produkt\/wysiegnik-teleskopowy-dji-action-2-z-pilotem\/#primaryimage\"},\"image\":{\"@id\":\"https:\/\/ironsky.pl\/sklep\/produkt\/wysiegnik-teleskopowy-dji-action-2-z-pilotem\/#primaryimage\"},\"thumbnailUrl\":\"https:\/\/ironsky.pl\/sklep\/wp-content\/uploads\/2026\/04\/22326_3.jpg\",\"datePublished\":\"2026-04-15T08:08:58+00:00\",\"dateModified\":\"2026-04-15T08:46:27+00:00\",\"description\":\"Wysi\u0119gnik teleskopowy DJI Action 2 z pilotem - \u2705 sklep z dronami i fachowym doradztwem. \u2705 Tutaj kupisz produkty DJI, Yuneec, Parrot, Syma i wiele innych, a tak\u017ce kursy i licencje na operatora drona.\",\"breadcrumb\":{\"@id\":\"https:\/\/ironsky.pl\/sklep\/produkt\/wysiegnik-teleskopowy-dji-action-2-z-pilotem\/#breadcrumb\"},\"inLanguage\":\"pl-PL\",\"potentialAction\":[{\"@type\":\"ReadAction\",\"target\":[\"https:\/\/ironsky.pl\/sklep\/produkt\/wysiegnik-teleskopowy-dji-action-2-z-pilotem\/\"]}]},{\"@type\":\"ImageObject\",\"inLanguage\":\"pl-PL\",\"@id\":\"https:\/\/ironsky.pl\/sklep\/produkt\/wysiegnik-teleskopowy-dji-action-2-z-pilotem\/#primaryimage\",\"url\":\"https:\/\/ironsky.pl\/sklep\/wp-content\/uploads\/2026\/04\/22326_3.jpg\",\"contentUrl\":\"https:\/\/ironsky.pl\/sklep\/wp-content\/uploads\/2026\/04\/22326_3.jpg\",\"width\":800,\"height\":800},{\"@type\":\"BreadcrumbList\",\"@id\":\"https:\/\/ironsky.pl\/sklep\/produkt\/wysiegnik-teleskopowy-dji-action-2-z-pilotem\/#breadcrumb\",\"itemListElement\":[{\"@type\":\"ListItem\",\"position\":1,\"name\":\"Strona g\u0142\u00f3wna\",\"item\":\"https:\/\/ironsky.pl\/sklep\/\"},{\"@type\":\"ListItem\",\"position\":2,\"name\":\"Wszystkie produkty\",\"item\":\"https:\/\/ironsky.pl\/sklep\/produkty\/\"},{\"@type\":\"ListItem\",\"position\":3,\"name\":\"Wysi\u0119gnik teleskopowy DJI Action 2 z pilotem\"}]},{\"@type\":\"WebSite\",\"@id\":\"https:\/\/ironsky.pl\/sklep\/#website\",\"url\":\"https:\/\/ironsky.pl\/sklep\/\",\"name\":\"IRONSKY.PL Sklep z Dronami\",\"description\":\"IRONSKY.PL Sklep z Dronami\",\"potentialAction\":[{\"@type\":\"SearchAction\",\"target\":{\"@type\":\"EntryPoint\",\"urlTemplate\":\"https:\/\/ironsky.pl\/sklep\/?s={search_term_string}\"},\"query-input\":{\"@type\":\"PropertyValueSpecification\",\"valueRequired\":true,\"valueName\":\"search_term_string\"}}],\"inLanguage\":\"pl-PL\"}]}<\/script>\n<!-- \/ Yoast SEO plugin. -->","yoast_head_json":{"title":"Wysi\u0119gnik teleskopowy DJI Action 2 z pilotem - IRONSKY.PL Sklep z Dronami","description":"Wysi\u0119gnik teleskopowy DJI Action 2 z pilotem - \u2705 sklep z dronami i fachowym doradztwem. \u2705 Tutaj kupisz produkty DJI, Yuneec, Parrot, Syma i wiele innych, a tak\u017ce kursy i licencje na operatora drona.","robots":{"index":"index","follow":"follow","max-snippet":"max-snippet:-1","max-image-preview":"max-image-preview:large","max-video-preview":"max-video-preview:-1"},"canonical":"https:\/\/ironsky.pl\/sklep\/produkt\/wysiegnik-teleskopowy-dji-action-2-z-pilotem\/","og_locale":"pl_PL","og_type":"article","og_title":"Wysi\u0119gnik teleskopowy DJI Action 2 z pilotem - IRONSKY.PL Sklep z Dronami","og_description":"Wysi\u0119gnik teleskopowy DJI Action 2 z pilotem - \u2705 sklep z dronami i fachowym doradztwem. \u2705 Tutaj kupisz produkty DJI, Yuneec, Parrot, Syma i wiele innych, a tak\u017ce kursy i licencje na operatora drona.","og_url":"https:\/\/ironsky.pl\/sklep\/produkt\/wysiegnik-teleskopowy-dji-action-2-z-pilotem\/","og_site_name":"IRONSKY.PL Sklep z Dronami","article_modified_time":"2026-04-15T08:46:27+00:00","og_image":[{"width":800,"height":800,"url":"https:\/\/ironsky.pl\/sklep\/wp-content\/uploads\/2026\/04\/22326_3.jpg","type":"image\/jpeg"}],"twitter_card":"summary_large_image","twitter_misc":{"Szacowany czas czytania":"2 minuty"},"schema":{"@context":"https:\/\/schema.org","@graph":[{"@type":"WebPage","@id":"https:\/\/ironsky.pl\/sklep\/produkt\/wysiegnik-teleskopowy-dji-action-2-z-pilotem\/","url":"https:\/\/ironsky.pl\/sklep\/produkt\/wysiegnik-teleskopowy-dji-action-2-z-pilotem\/","name":"Wysi\u0119gnik teleskopowy DJI Action 2 z pilotem - IRONSKY.PL Sklep z Dronami","isPartOf":{"@id":"https:\/\/ironsky.pl\/sklep\/#website"},"primaryImageOfPage":{"@id":"https:\/\/ironsky.pl\/sklep\/produkt\/wysiegnik-teleskopowy-dji-action-2-z-pilotem\/#primaryimage"},"image":{"@id":"https:\/\/ironsky.pl\/sklep\/produkt\/wysiegnik-teleskopowy-dji-action-2-z-pilotem\/#primaryimage"},"thumbnailUrl":"https:\/\/ironsky.pl\/sklep\/wp-content\/uploads\/2026\/04\/22326_3.jpg","datePublished":"2026-04-15T08:08:58+00:00","dateModified":"2026-04-15T08:46:27+00:00","description":"Wysi\u0119gnik teleskopowy DJI Action 2 z pilotem - \u2705 sklep z dronami i fachowym doradztwem. \u2705 Tutaj kupisz produkty DJI, Yuneec, Parrot, Syma i wiele innych, a tak\u017ce kursy i licencje na operatora drona.","breadcrumb":{"@id":"https:\/\/ironsky.pl\/sklep\/produkt\/wysiegnik-teleskopowy-dji-action-2-z-pilotem\/#breadcrumb"},"inLanguage":"pl-PL","potentialAction":[{"@type":"ReadAction","target":["https:\/\/ironsky.pl\/sklep\/produkt\/wysiegnik-teleskopowy-dji-action-2-z-pilotem\/"]}]},{"@type":"ImageObject","inLanguage":"pl-PL","@id":"https:\/\/ironsky.pl\/sklep\/produkt\/wysiegnik-teleskopowy-dji-action-2-z-pilotem\/#primaryimage","url":"https:\/\/ironsky.pl\/sklep\/wp-content\/uploads\/2026\/04\/22326_3.jpg","contentUrl":"https:\/\/ironsky.pl\/sklep\/wp-content\/uploads\/2026\/04\/22326_3.jpg","width":800,"height":800},{"@type":"BreadcrumbList","@id":"https:\/\/ironsky.pl\/sklep\/produkt\/wysiegnik-teleskopowy-dji-action-2-z-pilotem\/#breadcrumb","itemListElement":[{"@type":"ListItem","position":1,"name":"Strona g\u0142\u00f3wna","item":"https:\/\/ironsky.pl\/sklep\/"},{"@type":"ListItem","position":2,"name":"Wszystkie produkty","item":"https:\/\/ironsky.pl\/sklep\/produkty\/"},{"@type":"ListItem","position":3,"name":"Wysi\u0119gnik teleskopowy DJI Action 2 z pilotem"}]},{"@type":"WebSite","@id":"https:\/\/ironsky.pl\/sklep\/#website","url":"https:\/\/ironsky.pl\/sklep\/","name":"IRONSKY.PL Sklep z Dronami","description":"IRONSKY.PL Sklep z Dronami","potentialAction":[{"@type":"SearchAction","target":{"@type":"EntryPoint","urlTemplate":"https:\/\/ironsky.pl\/sklep\/?s={search_term_string}"},"query-input":{"@type":"PropertyValueSpecification","valueRequired":true,"valueName":"search_term_string"}}],"inLanguage":"pl-PL"}]}},"_links":{"self":[{"href":"https:\/\/ironsky.pl\/sklep\/wp-json\/wp\/v2\/product\/55934","targetHints":{"allow":["GET"]}}],"collection":[{"href":"https:\/\/ironsky.pl\/sklep\/wp-json\/wp\/v2\/product"}],"about":[{"href":"https:\/\/ironsky.pl\/sklep\/wp-json\/wp\/v2\/types\/product"}],"replies":[{"embeddable":true,"href":"https:\/\/ironsky.pl\/sklep\/wp-json\/wp\/v2\/comments?post=55934"}],"wp:featuredmedia":[{"embeddable":true,"href":"https:\/\/ironsky.pl\/sklep\/wp-json\/wp\/v2\/media\/55935"}],"wp:attachment":[{"href":"https:\/\/ironsky.pl\/sklep\/wp-json\/wp\/v2\/media?parent=55934"}],"wp:term":[{"taxonomy":"product_brand","embeddable":true,"href":"https:\/\/ironsky.pl\/sklep\/wp-json\/wp\/v2\/product_brand?post=55934"},{"taxonomy":"product_cat","embeddable":true,"href":"https:\/\/ironsky.pl\/sklep\/wp-json\/wp\/v2\/product_cat?post=55934"},{"taxonomy":"product_tag","embeddable":true,"href":"https:\/\/ironsky.pl\/sklep\/wp-json\/wp\/v2\/product_tag?post=55934"}],"curies":[{"name":"wp","href":"https:\/\/api.w.org\/{rel}","templated":true}]}}