{"id":55928,"date":"2026-04-15T10:08:58","date_gmt":"2026-04-15T08:08:58","guid":{"rendered":"https:\/\/ironsky.pl\/sklep\/produkt\/modul-z-ekranem-dotykowym-dji-action-2-2\/"},"modified":"2026-04-15T10:46:26","modified_gmt":"2026-04-15T08:46:26","slug":"modul-z-ekranem-dotykowym-dji-action-2-2","status":"publish","type":"product","link":"https:\/\/ironsky.pl\/sklep\/produkt\/modul-z-ekranem-dotykowym-dji-action-2-2\/","title":{"rendered":"Modu\u0142 z ekranem dotykowym DJI Action 2"},"content":{"rendered":"<h3 style=\"text-align: center;\">Modu\u0142 z ekranem dotykowym DJI Action 2<\/h3>\n<p>Zwi\u0119ksz mo\u017cliwo\u015bci swojej kamery. Gdy pod\u0142\u0105czysz to akcesorium do DJI Action 2, zyskasz mo\u017cliwo\u015b\u0107 korzystania z 2 ekran\u00f3w dotykowych OLED, swobodnego prze\u0142\u0105czania si\u0119 mi\u0119dzy nimi i wykonywania fantastycznych selfie bez wi\u0119kszego wysi\u0142ku. Ponadto czas pracy akumulatora zostanie wyd\u0142u\u017cony do nawet 160 minut. Modu\u0142 z ekranem dotykowym ma tak\u017ce 3 mikrofony i gniazdo na kart\u0119 micro SD. Obs\u0142uguje te\u017c 4-mikrofonowy system Matrix Stereo, Audio Zoom oraz Directional Audio. Z \u0142atwo\u015bci\u0105 zamontujesz go na kamerze za pomoc\u0105 magnetycznego mocowania. To idealny sprz\u0119t dla vloger\u00f3w! Uwaga: modu\u0142 z ekranem dotykowym nie jest wodoodporny ani py\u0142oszczelny &#8211; je\u015bli chcesz nagrywa\u0107 podwodne uj\u0119cia, u\u017cyj dodatkowo Obudowy Wodoodpornej.<\/p>\n<p>\u00a0<\/p>\n<div class=\"table-wrapper\">\n<p>\u00a0<\/p>\n<table>\n<tbody>\n<tr>\n<th>Producent<\/th>\n<td>DJI<\/td>\n<\/tr>\n<tr>\n<th>Nazwa<\/th>\n<td>DJI Action 2 Front Touchscreen Module<\/td>\n<\/tr>\n<tr>\n<th>Wymiary<\/th>\n<td>39 x 41,6 x 24,6 mm<\/td>\n<\/tr>\n<tr>\n<th>Waga<\/th>\n<td>64 g<\/td>\n<\/tr>\n<tr>\n<th>Ekran dotykowy<\/th>\n<td>1,76\u2033, 350 ppi, 500\u00b150 cd\/m2, 446&#215;424<\/td>\n<\/tr>\n<tr>\n<th>Typ akumulatora<\/th>\n<td>LiPo 2S<\/td>\n<\/tr>\n<tr>\n<th>Pojemno\u015b\u0107 akumulatora<\/th>\n<td>1300 mAh<\/td>\n<\/tr>\n<tr>\n<th>Energia<\/th>\n<td>5 Wh<\/td>\n<\/tr>\n<tr>\n<th>Napi\u0119cie<\/th>\n<td>7,7 V<\/td>\n<\/tr>\n<tr>\n<th>Temperatura pracy<\/th>\n<td>0-40\u00b0C<\/td>\n<\/tr>\n<tr>\n<th>Temperatura \u0142adowania<\/th>\n<td>5-60\u00b0C<\/td>\n<\/tr>\n<tr>\n<th>Czas pracy<\/th>\n<td>Kamera + modu\u0142 z ekranem dotykowym: do 160 minut<\/td>\n<\/tr>\n<tr>\n<th>Czas \u0142adowania<\/th>\n<td>Kamera + modu\u0142 z ekranem dotykowym: ok. 90 minut<\/td>\n<\/tr>\n<tr>\n<th>Kompatybilno\u015b\u0107<\/th>\n<td>DJI Action 2<\/td>\n<\/tr>\n<\/tbody>\n<\/table>\n<p>\u00a0<\/p>\n<p>\u00a0<\/p>\n<\/div>\n<style type=\"text\/css\"><!--\n.table-wrapper{width:100%;overflow-x:auto}.table-wrapper>table{border-spacing:0}.table-wrapper>table>tbody>tr>td,.table-wrapper>table>tbody>tr>th{padding:10px 35px;text-align:left}.table-wrapper>table>tbody>tr>th{vertical-align:top}.table-wrapper>table>tbody>tr:nth-child(even){background-color:#f7f7f7}\n--><\/style>\n","protected":false},"excerpt":{"rendered":"<p>Modu\u0142 z ekranem dotykowym DJI Action 2 Zwi\u0119ksz mo\u017cliwo\u015bci swojej kamery. Gdy pod\u0142\u0105czysz to akcesorium do DJI Action 2, zyskasz<\/p>\n","protected":false},"featured_media":55929,"comment_status":"closed","ping_status":"open","template":"","meta":{"_acf_changed":false},"product_brand":[],"product_cat":[1130,1137,1128],"product_tag":[],"class_list":{"0":"post-55928","1":"product","2":"type-product","3":"status-publish","4":"has-post-thumbnail","6":"product_cat-akcesoria-foto","7":"product_cat-do-kamer-sportowych","8":"product_cat-foto-wideo","9":"pa_okres-gwarancji-5754","10":"pa_producent-dji","12":"first","13":"outofstock","14":"taxable","15":"shipping-taxable","16":"purchasable","17":"product-type-simple"},"acf":[],"yoast_head":"<!-- This site is optimized with the Yoast SEO plugin v27.2 - https:\/\/yoast.com\/product\/yoast-seo-wordpress\/ -->\n<title>Modu\u0142 z ekranem dotykowym DJI Action 2 - IRONSKY.PL Sklep z Dronami<\/title>\n<meta name=\"description\" content=\"Modu\u0142 z ekranem dotykowym DJI Action 2 - \u2705 sklep z dronami i fachowym doradztwem. \u2705 Tutaj kupisz produkty DJI, Yuneec, Parrot, Syma i wiele innych, a tak\u017ce kursy i licencje na operatora drona.\" \/>\n<meta name=\"robots\" content=\"index, follow, max-snippet:-1, max-image-preview:large, max-video-preview:-1\" \/>\n<link rel=\"canonical\" href=\"https:\/\/ironsky.pl\/sklep\/produkt\/modul-z-ekranem-dotykowym-dji-action-2-2\/\" \/>\n<meta property=\"og:locale\" content=\"pl_PL\" \/>\n<meta property=\"og:type\" content=\"article\" \/>\n<meta property=\"og:title\" content=\"Modu\u0142 z ekranem dotykowym DJI Action 2 - IRONSKY.PL Sklep z Dronami\" \/>\n<meta property=\"og:description\" content=\"Modu\u0142 z ekranem dotykowym DJI Action 2 - \u2705 sklep z dronami i fachowym doradztwem. \u2705 Tutaj kupisz produkty DJI, Yuneec, Parrot, Syma i wiele innych, a tak\u017ce kursy i licencje na operatora drona.\" \/>\n<meta property=\"og:url\" content=\"https:\/\/ironsky.pl\/sklep\/produkt\/modul-z-ekranem-dotykowym-dji-action-2-2\/\" \/>\n<meta property=\"og:site_name\" content=\"IRONSKY.PL Sklep z Dronami\" \/>\n<meta property=\"article:modified_time\" content=\"2026-04-15T08:46:26+00:00\" \/>\n<meta property=\"og:image\" content=\"https:\/\/ironsky.pl\/sklep\/wp-content\/uploads\/2026\/04\/22322_1.jpg\" \/>\n\t<meta property=\"og:image:width\" content=\"800\" \/>\n\t<meta property=\"og:image:height\" content=\"800\" \/>\n\t<meta property=\"og:image:type\" content=\"image\/jpeg\" \/>\n<meta name=\"twitter:card\" content=\"summary_large_image\" \/>\n<meta name=\"twitter:label1\" content=\"Szacowany czas czytania\" \/>\n\t<meta name=\"twitter:data1\" content=\"1 minuta\" \/>\n<script type=\"application\/ld+json\" class=\"yoast-schema-graph\">{\"@context\":\"https:\/\/schema.org\",\"@graph\":[{\"@type\":\"WebPage\",\"@id\":\"https:\/\/ironsky.pl\/sklep\/produkt\/modul-z-ekranem-dotykowym-dji-action-2-2\/\",\"url\":\"https:\/\/ironsky.pl\/sklep\/produkt\/modul-z-ekranem-dotykowym-dji-action-2-2\/\",\"name\":\"Modu\u0142 z ekranem dotykowym DJI Action 2 - IRONSKY.PL Sklep z Dronami\",\"isPartOf\":{\"@id\":\"https:\/\/ironsky.pl\/sklep\/#website\"},\"primaryImageOfPage\":{\"@id\":\"https:\/\/ironsky.pl\/sklep\/produkt\/modul-z-ekranem-dotykowym-dji-action-2-2\/#primaryimage\"},\"image\":{\"@id\":\"https:\/\/ironsky.pl\/sklep\/produkt\/modul-z-ekranem-dotykowym-dji-action-2-2\/#primaryimage\"},\"thumbnailUrl\":\"https:\/\/ironsky.pl\/sklep\/wp-content\/uploads\/2026\/04\/22322_1.jpg\",\"datePublished\":\"2026-04-15T08:08:58+00:00\",\"dateModified\":\"2026-04-15T08:46:26+00:00\",\"description\":\"Modu\u0142 z ekranem dotykowym DJI Action 2 - \u2705 sklep z dronami i fachowym doradztwem. \u2705 Tutaj kupisz produkty DJI, Yuneec, Parrot, Syma i wiele innych, a tak\u017ce kursy i licencje na operatora drona.\",\"breadcrumb\":{\"@id\":\"https:\/\/ironsky.pl\/sklep\/produkt\/modul-z-ekranem-dotykowym-dji-action-2-2\/#breadcrumb\"},\"inLanguage\":\"pl-PL\",\"potentialAction\":[{\"@type\":\"ReadAction\",\"target\":[\"https:\/\/ironsky.pl\/sklep\/produkt\/modul-z-ekranem-dotykowym-dji-action-2-2\/\"]}]},{\"@type\":\"ImageObject\",\"inLanguage\":\"pl-PL\",\"@id\":\"https:\/\/ironsky.pl\/sklep\/produkt\/modul-z-ekranem-dotykowym-dji-action-2-2\/#primaryimage\",\"url\":\"https:\/\/ironsky.pl\/sklep\/wp-content\/uploads\/2026\/04\/22322_1.jpg\",\"contentUrl\":\"https:\/\/ironsky.pl\/sklep\/wp-content\/uploads\/2026\/04\/22322_1.jpg\",\"width\":800,\"height\":800},{\"@type\":\"BreadcrumbList\",\"@id\":\"https:\/\/ironsky.pl\/sklep\/produkt\/modul-z-ekranem-dotykowym-dji-action-2-2\/#breadcrumb\",\"itemListElement\":[{\"@type\":\"ListItem\",\"position\":1,\"name\":\"Strona g\u0142\u00f3wna\",\"item\":\"https:\/\/ironsky.pl\/sklep\/\"},{\"@type\":\"ListItem\",\"position\":2,\"name\":\"Wszystkie produkty\",\"item\":\"https:\/\/ironsky.pl\/sklep\/produkty\/\"},{\"@type\":\"ListItem\",\"position\":3,\"name\":\"Modu\u0142 z ekranem dotykowym DJI Action 2\"}]},{\"@type\":\"WebSite\",\"@id\":\"https:\/\/ironsky.pl\/sklep\/#website\",\"url\":\"https:\/\/ironsky.pl\/sklep\/\",\"name\":\"IRONSKY.PL Sklep z Dronami\",\"description\":\"IRONSKY.PL Sklep z Dronami\",\"potentialAction\":[{\"@type\":\"SearchAction\",\"target\":{\"@type\":\"EntryPoint\",\"urlTemplate\":\"https:\/\/ironsky.pl\/sklep\/?s={search_term_string}\"},\"query-input\":{\"@type\":\"PropertyValueSpecification\",\"valueRequired\":true,\"valueName\":\"search_term_string\"}}],\"inLanguage\":\"pl-PL\"}]}<\/script>\n<!-- \/ Yoast SEO plugin. -->","yoast_head_json":{"title":"Modu\u0142 z ekranem dotykowym DJI Action 2 - IRONSKY.PL Sklep z Dronami","description":"Modu\u0142 z ekranem dotykowym DJI Action 2 - \u2705 sklep z dronami i fachowym doradztwem. \u2705 Tutaj kupisz produkty DJI, Yuneec, Parrot, Syma i wiele innych, a tak\u017ce kursy i licencje na operatora drona.","robots":{"index":"index","follow":"follow","max-snippet":"max-snippet:-1","max-image-preview":"max-image-preview:large","max-video-preview":"max-video-preview:-1"},"canonical":"https:\/\/ironsky.pl\/sklep\/produkt\/modul-z-ekranem-dotykowym-dji-action-2-2\/","og_locale":"pl_PL","og_type":"article","og_title":"Modu\u0142 z ekranem dotykowym DJI Action 2 - IRONSKY.PL Sklep z Dronami","og_description":"Modu\u0142 z ekranem dotykowym DJI Action 2 - \u2705 sklep z dronami i fachowym doradztwem. \u2705 Tutaj kupisz produkty DJI, Yuneec, Parrot, Syma i wiele innych, a tak\u017ce kursy i licencje na operatora drona.","og_url":"https:\/\/ironsky.pl\/sklep\/produkt\/modul-z-ekranem-dotykowym-dji-action-2-2\/","og_site_name":"IRONSKY.PL Sklep z Dronami","article_modified_time":"2026-04-15T08:46:26+00:00","og_image":[{"width":800,"height":800,"url":"https:\/\/ironsky.pl\/sklep\/wp-content\/uploads\/2026\/04\/22322_1.jpg","type":"image\/jpeg"}],"twitter_card":"summary_large_image","twitter_misc":{"Szacowany czas czytania":"1 minuta"},"schema":{"@context":"https:\/\/schema.org","@graph":[{"@type":"WebPage","@id":"https:\/\/ironsky.pl\/sklep\/produkt\/modul-z-ekranem-dotykowym-dji-action-2-2\/","url":"https:\/\/ironsky.pl\/sklep\/produkt\/modul-z-ekranem-dotykowym-dji-action-2-2\/","name":"Modu\u0142 z ekranem dotykowym DJI Action 2 - IRONSKY.PL Sklep z Dronami","isPartOf":{"@id":"https:\/\/ironsky.pl\/sklep\/#website"},"primaryImageOfPage":{"@id":"https:\/\/ironsky.pl\/sklep\/produkt\/modul-z-ekranem-dotykowym-dji-action-2-2\/#primaryimage"},"image":{"@id":"https:\/\/ironsky.pl\/sklep\/produkt\/modul-z-ekranem-dotykowym-dji-action-2-2\/#primaryimage"},"thumbnailUrl":"https:\/\/ironsky.pl\/sklep\/wp-content\/uploads\/2026\/04\/22322_1.jpg","datePublished":"2026-04-15T08:08:58+00:00","dateModified":"2026-04-15T08:46:26+00:00","description":"Modu\u0142 z ekranem dotykowym DJI Action 2 - \u2705 sklep z dronami i fachowym doradztwem. \u2705 Tutaj kupisz produkty DJI, Yuneec, Parrot, Syma i wiele innych, a tak\u017ce kursy i licencje na operatora drona.","breadcrumb":{"@id":"https:\/\/ironsky.pl\/sklep\/produkt\/modul-z-ekranem-dotykowym-dji-action-2-2\/#breadcrumb"},"inLanguage":"pl-PL","potentialAction":[{"@type":"ReadAction","target":["https:\/\/ironsky.pl\/sklep\/produkt\/modul-z-ekranem-dotykowym-dji-action-2-2\/"]}]},{"@type":"ImageObject","inLanguage":"pl-PL","@id":"https:\/\/ironsky.pl\/sklep\/produkt\/modul-z-ekranem-dotykowym-dji-action-2-2\/#primaryimage","url":"https:\/\/ironsky.pl\/sklep\/wp-content\/uploads\/2026\/04\/22322_1.jpg","contentUrl":"https:\/\/ironsky.pl\/sklep\/wp-content\/uploads\/2026\/04\/22322_1.jpg","width":800,"height":800},{"@type":"BreadcrumbList","@id":"https:\/\/ironsky.pl\/sklep\/produkt\/modul-z-ekranem-dotykowym-dji-action-2-2\/#breadcrumb","itemListElement":[{"@type":"ListItem","position":1,"name":"Strona g\u0142\u00f3wna","item":"https:\/\/ironsky.pl\/sklep\/"},{"@type":"ListItem","position":2,"name":"Wszystkie produkty","item":"https:\/\/ironsky.pl\/sklep\/produkty\/"},{"@type":"ListItem","position":3,"name":"Modu\u0142 z ekranem dotykowym DJI Action 2"}]},{"@type":"WebSite","@id":"https:\/\/ironsky.pl\/sklep\/#website","url":"https:\/\/ironsky.pl\/sklep\/","name":"IRONSKY.PL Sklep z Dronami","description":"IRONSKY.PL Sklep z Dronami","potentialAction":[{"@type":"SearchAction","target":{"@type":"EntryPoint","urlTemplate":"https:\/\/ironsky.pl\/sklep\/?s={search_term_string}"},"query-input":{"@type":"PropertyValueSpecification","valueRequired":true,"valueName":"search_term_string"}}],"inLanguage":"pl-PL"}]}},"_links":{"self":[{"href":"https:\/\/ironsky.pl\/sklep\/wp-json\/wp\/v2\/product\/55928","targetHints":{"allow":["GET"]}}],"collection":[{"href":"https:\/\/ironsky.pl\/sklep\/wp-json\/wp\/v2\/product"}],"about":[{"href":"https:\/\/ironsky.pl\/sklep\/wp-json\/wp\/v2\/types\/product"}],"replies":[{"embeddable":true,"href":"https:\/\/ironsky.pl\/sklep\/wp-json\/wp\/v2\/comments?post=55928"}],"wp:featuredmedia":[{"embeddable":true,"href":"https:\/\/ironsky.pl\/sklep\/wp-json\/wp\/v2\/media\/55929"}],"wp:attachment":[{"href":"https:\/\/ironsky.pl\/sklep\/wp-json\/wp\/v2\/media?parent=55928"}],"wp:term":[{"taxonomy":"product_brand","embeddable":true,"href":"https:\/\/ironsky.pl\/sklep\/wp-json\/wp\/v2\/product_brand?post=55928"},{"taxonomy":"product_cat","embeddable":true,"href":"https:\/\/ironsky.pl\/sklep\/wp-json\/wp\/v2\/product_cat?post=55928"},{"taxonomy":"product_tag","embeddable":true,"href":"https:\/\/ironsky.pl\/sklep\/wp-json\/wp\/v2\/product_tag?post=55928"}],"curies":[{"name":"wp","href":"https:\/\/api.w.org\/{rel}","templated":true}]}}